{"id":12,"date":"2025-06-23T21:00:52","date_gmt":"2025-06-23T21:00:52","guid":{"rendered":"https:\/\/www.sportshine.eu\/?page_id=12"},"modified":"2025-08-02T15:39:31","modified_gmt":"2025-08-02T15:39:31","slug":"termekvisszakuldes-es-visszakuldesi-feltetelek","status":"publish","type":"page","link":"https:\/\/www.sportshine.eu\/hu\/termekvisszakuldes-es-visszakuldesi-feltetelek\/","title":{"rendered":"Term\u00e9kvisszak\u00fcld\u00e9s \u00e9s visszak\u00fcld\u00e9si felt\u00e9telek"},"content":{"rendered":"<p>Ha t\u00f6r\u00f6lni szeretn\u00e9 rendel\u00e9s\u00e9t, k\u00e9rj\u00fck, vegye fel vel\u00fcnk a kapcsolatot az info@sportshine.eu c\u00edmen. Azok a v\u00e1s\u00e1rl\u00f3k, akik nem el\u00e9gedettek a megrendelt term\u00e9kekkel, saj\u00e1t k\u00f6lts\u00e9g\u00fckre visszak\u00fcldhetik azokat a t\u00f6rv\u00e9nyben el\u0151\u00edrt hat\u00e1rid\u0151n bel\u00fcl. Az \u00e1ru visszak\u00fcld\u00e9s\u00e9nek hat\u00e1rideje 30 nap att\u00f3l a napt\u00f3l sz\u00e1m\u00edtva, amikor a vev\u0151 birtokba veszi az \u00e1rut.<\/p>\n\n\n\n<p>A Szolg\u00e1ltat\u00f3 visszatartja a befizetett \u00f6sszegek visszat\u00e9r\u00edt\u00e9s\u00e9t mindaddig, am\u00edg a visszak\u00fcld\u00f6tt \u00e1rut meg nem kapja, vagy am\u00edg a Vev\u0151 nem igazolja, hogy az \u00e1rut visszak\u00fcldte. A Szolg\u00e1ltat\u00f3 a teljes v\u00e9tel\u00e1rat visszat\u00e9r\u00edti a Vev\u0151nek.<\/p>\n\n\n\n<p>El\u00e1ll\u00e1s eset\u00e9n a vev\u0151 csak az \u00e1ru visszak\u00fcld\u00e9s\u00e9nek k\u00f6lts\u00e9geit fedezi. Az \u00e1ru visszak\u00fcld\u00e9s\u00e9re a Fogyaszt\u00f3v\u00e9delmi t\u00f6rv\u00e9ny 43. cikk\u00e9nek rendelkez\u00e9sei vonatkoznak. A visszak\u00fcld\u00e9st csak akkor vessz\u00fck figyelembe, ha a visszak\u00fcld\u00f6tt \u00e1ru eredeti, s\u00e9rtetlen csomagol\u00e1sban van a k\u00eds\u00e9r\u0151 dokument\u00e1ci\u00f3val egy\u00fctt. Kiv\u00e9ve, ha az \u00e1ru a vev\u0151 hib\u00e1j\u00e1n k\u00edv\u00fcl megsemmis\u00fclt, megs\u00e9r\u00fclt, elveszett, vagy mennyis\u00e9ge cs\u00f6kkent.<\/p>\n\n\n\n<p>A vev\u0151 felel\u0151s az \u00e1ru \u00e9rt\u00e9kcs\u00f6kken\u00e9s\u00e9\u00e9rt, ha az \u00e9rt\u00e9kcs\u00f6kken\u00e9s olyan magatart\u00e1s eredm\u00e9nye, amely nem felt\u00e9tlen\u00fcl sz\u00fcks\u00e9ges az \u00e1ru jelleg\u00e9nek, tulajdons\u00e1gainak \u00e9s m\u0171k\u00f6d\u00e9s\u00e9nek meg\u00e1llap\u00edt\u00e1s\u00e1hoz. A visszat\u00e9r\u00edt\u00e9st a lehet\u0151 leghamarabb, de legk\u00e9s\u0151bb a szerz\u0151d\u00e9st\u0151l val\u00f3 el\u00e1ll\u00e1sr\u00f3l sz\u00f3l\u00f3 \u00e9rtes\u00edt\u00e9s k\u00e9zhezv\u00e9tel\u00e9t\u0151l sz\u00e1m\u00edtott 30 napon bel\u00fcl teljes\u00edtj\u00fck. A visszat\u00e9r\u00edt\u00e9s a vev\u0151 banksz\u00e1ml\u00e1j\u00e1ra t\u00f6rt\u00e9nik. A visszakapott \u00e1runak a v\u00e1llalkoz\u00e1shoz az el\u00e1ll\u00e1si id\u0151szakon bel\u00fcli visszak\u00fcld\u00e9se a szerz\u0151d\u00e9st\u0151l val\u00f3 el\u00e1ll\u00e1snak min\u0151s\u00fcl. Szem\u00e9lyes adatait kiz\u00e1r\u00f3lag a megrendel\u00e9s teljes\u00edt\u00e9se \u00e9s egy\u00e9b sz\u00fcks\u00e9ges kommunik\u00e1ci\u00f3 c\u00e9lj\u00e1b\u00f3l haszn\u00e1ljuk fel. A term\u00e9keket postai \u00faton a k\u00f6vetkez\u0151 c\u00edmre k\u00fcldheti vissza:<\/p>\n\n\n\n<ul class=\"wp-block-list\">\n<li>SPORTSHINE, Ale\u0161 Vicozi sp<br>Kamnikar utca 27<br>1291 Lavrica Szlov\u00e9nia<\/li>\n<\/ul>\n\n\n\n<p>A visszak\u00fcld\u00f6tt term\u00e9kek v\u00e9tel\u00e1r\u00e1t legk\u00e9s\u0151bb 30 napon bel\u00fcl visszat\u00e9r\u00edtj\u00fck a tranzakci\u00f3s sz\u00e1ml\u00e1dra, vagy meg\u00e1llapod\u00e1s szerint a k\u00f6vetkez\u0151 v\u00e1s\u00e1rl\u00e1sodhoz j\u00f3v\u00e1\u00edrjuk.<\/p>\n\n\n\n<p><\/p>\n\n\n\n<p><\/p>","protected":false},"excerpt":{"rendered":"<p>\u010ce \u017eelite preklicati naro\u010dilo, nam pi\u0161ite na naslovu info@sportshine.eu. Kupci, ki z naro\u010denimi izdelki niso zadovoljni, lahko blago na svoje stro\u0161ke v zakonsko dolo\u010denem roku vrnejo. Rok za vra\u010dilo blaga je 30 dni od dne, ko kupec pridobi posest nad blagom. Ponudnik zadr\u017ei vra\u010dilo prejetih pla\u010dil do prevzema vrnjenega blaga ali dokler kupec ne predlo\u017ei [&hellip;]<\/p>\n","protected":false},"author":1,"featured_media":0,"parent":0,"menu_order":0,"comment_status":"closed","ping_status":"closed","template":"","meta":{"footnotes":""},"class_list":["post-12","page","type-page","status-publish","hentry"],"yoast_head":"<!-- This site is optimized with the Yoast SEO plugin v27.3 - https:\/\/yoast.com\/product\/yoast-seo-wordpress\/ -->\n<title>Vra\u010dilo izdelka in pogoji za vra\u010dilo<\/title>\n<meta name=\"robots\" content=\"noindex, nofollow\" \/>\n<meta property=\"og:locale\" content=\"hu_HU\" \/>\n<meta property=\"og:type\" content=\"article\" \/>\n<meta property=\"og:title\" content=\"Vra\u010dilo izdelka in pogoji za vra\u010dilo\" \/>\n<meta property=\"og:description\" content=\"\u010ce \u017eelite preklicati naro\u010dilo, nam pi\u0161ite na naslovu info@sportshine.eu. Kupci, ki z naro\u010denimi izdelki niso zadovoljni, lahko blago na svoje stro\u0161ke v zakonsko dolo\u010denem roku vrnejo. Rok za vra\u010dilo blaga je 30 dni od dne, ko kupec pridobi posest nad blagom. Ponudnik zadr\u017ei vra\u010dilo prejetih pla\u010dil do prevzema vrnjenega blaga ali dokler kupec ne predlo\u017ei [&hellip;]\" \/>\n<meta property=\"og:url\" content=\"https:\/\/www.sportshine.eu\/hu\/termekvisszakuldes-es-visszakuldesi-feltetelek\/\" \/>\n<meta property=\"og:site_name\" content=\"Sportshine\" \/>\n<meta property=\"article:publisher\" content=\"https:\/\/www.facebook.com\/sportshine.eu\/\" \/>\n<meta property=\"article:modified_time\" content=\"2025-08-02T15:39:31+00:00\" \/>\n<meta name=\"twitter:card\" content=\"summary_large_image\" \/>\n<meta name=\"twitter:label1\" content=\"Becs\u00fclt olvas\u00e1si id\u0151\" \/>\n\t<meta name=\"twitter:data1\" content=\"2 perc\" \/>\n<script type=\"application\/ld+json\" class=\"yoast-schema-graph\">{\"@context\":\"https:\\\/\\\/schema.org\",\"@graph\":[{\"@type\":\"WebPage\",\"@id\":\"https:\\\/\\\/www.sportshine.eu\\\/vracilo-izdelka-in-pogoji-za-vracilo\\\/\",\"url\":\"https:\\\/\\\/www.sportshine.eu\\\/vracilo-izdelka-in-pogoji-za-vracilo\\\/\",\"name\":\"Vra\u010dilo izdelka in pogoji za vra\u010dilo\",\"isPartOf\":{\"@id\":\"https:\\\/\\\/www.sportshine.eu\\\/#website\"},\"datePublished\":\"2025-06-23T21:00:52+00:00\",\"dateModified\":\"2025-08-02T15:39:31+00:00\",\"breadcrumb\":{\"@id\":\"https:\\\/\\\/www.sportshine.eu\\\/vracilo-izdelka-in-pogoji-za-vracilo\\\/#breadcrumb\"},\"inLanguage\":\"hu\",\"potentialAction\":[{\"@type\":\"ReadAction\",\"target\":[\"https:\\\/\\\/www.sportshine.eu\\\/vracilo-izdelka-in-pogoji-za-vracilo\\\/\"]}]},{\"@type\":\"BreadcrumbList\",\"@id\":\"https:\\\/\\\/www.sportshine.eu\\\/vracilo-izdelka-in-pogoji-za-vracilo\\\/#breadcrumb\",\"itemListElement\":[{\"@type\":\"ListItem\",\"position\":1,\"name\":\"Home\",\"item\":\"https:\\\/\\\/www.sportshine.eu\\\/\"},{\"@type\":\"ListItem\",\"position\":2,\"name\":\"Vra\u010dilo izdelka in pogoji za vra\u010dilo\"}]},{\"@type\":\"WebSite\",\"@id\":\"https:\\\/\\\/www.sportshine.eu\\\/#website\",\"url\":\"https:\\\/\\\/www.sportshine.eu\\\/\",\"name\":\"Sportshine\",\"description\":\"Top spletna trgovina kolesarskih in naglavnih svetilk ter opreme\",\"publisher\":{\"@id\":\"https:\\\/\\\/www.sportshine.eu\\\/#organization\"},\"potentialAction\":[{\"@type\":\"SearchAction\",\"target\":{\"@type\":\"EntryPoint\",\"urlTemplate\":\"https:\\\/\\\/www.sportshine.eu\\\/?s={search_term_string}\"},\"query-input\":{\"@type\":\"PropertyValueSpecification\",\"valueRequired\":true,\"valueName\":\"search_term_string\"}}],\"inLanguage\":\"hu\"},{\"@type\":\"Organization\",\"@id\":\"https:\\\/\\\/www.sportshine.eu\\\/#organization\",\"name\":\"Sportshine\",\"url\":\"https:\\\/\\\/www.sportshine.eu\\\/\",\"logo\":{\"@type\":\"ImageObject\",\"inLanguage\":\"hu\",\"@id\":\"https:\\\/\\\/www.sportshine.eu\\\/#\\\/schema\\\/logo\\\/image\\\/\",\"url\":\"https:\\\/\\\/www.sportshine.eu\\\/wp-content\\\/uploads\\\/2026\\\/01\\\/cropped-Sportshine.webp\",\"contentUrl\":\"https:\\\/\\\/www.sportshine.eu\\\/wp-content\\\/uploads\\\/2026\\\/01\\\/cropped-Sportshine.webp\",\"width\":295,\"height\":128,\"caption\":\"Sportshine\"},\"image\":{\"@id\":\"https:\\\/\\\/www.sportshine.eu\\\/#\\\/schema\\\/logo\\\/image\\\/\"},\"sameAs\":[\"https:\\\/\\\/www.facebook.com\\\/sportshine.eu\\\/\"]}]}<\/script>\n<!-- \/ Yoast SEO plugin. -->","yoast_head_json":{"title":"Term\u00e9kvisszak\u00fcld\u00e9s \u00e9s visszak\u00fcld\u00e9si felt\u00e9telek","robots":{"index":"noindex","follow":"nofollow"},"og_locale":"hu_HU","og_type":"article","og_title":"Vra\u010dilo izdelka in pogoji za vra\u010dilo","og_description":"\u010ce \u017eelite preklicati naro\u010dilo, nam pi\u0161ite na naslovu info@sportshine.eu. Kupci, ki z naro\u010denimi izdelki niso zadovoljni, lahko blago na svoje stro\u0161ke v zakonsko dolo\u010denem roku vrnejo. Rok za vra\u010dilo blaga je 30 dni od dne, ko kupec pridobi posest nad blagom. Ponudnik zadr\u017ei vra\u010dilo prejetih pla\u010dil do prevzema vrnjenega blaga ali dokler kupec ne predlo\u017ei [&hellip;]","og_url":"https:\/\/www.sportshine.eu\/hu\/termekvisszakuldes-es-visszakuldesi-feltetelek\/","og_site_name":"Sportshine","article_publisher":"https:\/\/www.facebook.com\/sportshine.eu\/","article_modified_time":"2025-08-02T15:39:31+00:00","twitter_card":"summary_large_image","twitter_misc":{"Becs\u00fclt olvas\u00e1si id\u0151":"2 perc"},"schema":{"@context":"https:\/\/schema.org","@graph":[{"@type":"WebPage","@id":"https:\/\/www.sportshine.eu\/vracilo-izdelka-in-pogoji-za-vracilo\/","url":"https:\/\/www.sportshine.eu\/vracilo-izdelka-in-pogoji-za-vracilo\/","name":"Term\u00e9kvisszak\u00fcld\u00e9s \u00e9s visszak\u00fcld\u00e9si felt\u00e9telek","isPartOf":{"@id":"https:\/\/www.sportshine.eu\/#website"},"datePublished":"2025-06-23T21:00:52+00:00","dateModified":"2025-08-02T15:39:31+00:00","breadcrumb":{"@id":"https:\/\/www.sportshine.eu\/vracilo-izdelka-in-pogoji-za-vracilo\/#breadcrumb"},"inLanguage":"hu","potentialAction":[{"@type":"ReadAction","target":["https:\/\/www.sportshine.eu\/vracilo-izdelka-in-pogoji-za-vracilo\/"]}]},{"@type":"BreadcrumbList","@id":"https:\/\/www.sportshine.eu\/vracilo-izdelka-in-pogoji-za-vracilo\/#breadcrumb","itemListElement":[{"@type":"ListItem","position":1,"name":"Home","item":"https:\/\/www.sportshine.eu\/"},{"@type":"ListItem","position":2,"name":"Vra\u010dilo izdelka in pogoji za vra\u010dilo"}]},{"@type":"WebSite","@id":"https:\/\/www.sportshine.eu\/#website","url":"https:\/\/www.sportshine.eu\/","name":"Sportshine","description":"Ker\u00e9kp\u00e1ros, fejl\u00e1mp\u00e1k \u00e9s felszerel\u00e9sek online \u00e1ruh\u00e1z\u00e1nak vezet\u0151 k\u00edn\u00e1lata","publisher":{"@id":"https:\/\/www.sportshine.eu\/#organization"},"potentialAction":[{"@type":"SearchAction","target":{"@type":"EntryPoint","urlTemplate":"https:\/\/www.sportshine.eu\/?s={search_term_string}"},"query-input":{"@type":"PropertyValueSpecification","valueRequired":true,"valueName":"search_term_string"}}],"inLanguage":"hu"},{"@type":"Organization","@id":"https:\/\/www.sportshine.eu\/#organization","name":"Sportshine","url":"https:\/\/www.sportshine.eu\/","logo":{"@type":"ImageObject","inLanguage":"hu","@id":"https:\/\/www.sportshine.eu\/#\/schema\/logo\/image\/","url":"https:\/\/www.sportshine.eu\/wp-content\/uploads\/2026\/01\/cropped-Sportshine.webp","contentUrl":"https:\/\/www.sportshine.eu\/wp-content\/uploads\/2026\/01\/cropped-Sportshine.webp","width":295,"height":128,"caption":"Sportshine"},"image":{"@id":"https:\/\/www.sportshine.eu\/#\/schema\/logo\/image\/"},"sameAs":["https:\/\/www.facebook.com\/sportshine.eu\/"]}]}},"_links":{"self":[{"href":"https:\/\/www.sportshine.eu\/hu\/wp-json\/wp\/v2\/pages\/12","targetHints":{"allow":["GET"]}}],"collection":[{"href":"https:\/\/www.sportshine.eu\/hu\/wp-json\/wp\/v2\/pages"}],"about":[{"href":"https:\/\/www.sportshine.eu\/hu\/wp-json\/wp\/v2\/types\/page"}],"author":[{"embeddable":true,"href":"https:\/\/www.sportshine.eu\/hu\/wp-json\/wp\/v2\/users\/1"}],"replies":[{"embeddable":true,"href":"https:\/\/www.sportshine.eu\/hu\/wp-json\/wp\/v2\/comments?post=12"}],"version-history":[{"count":0,"href":"https:\/\/www.sportshine.eu\/hu\/wp-json\/wp\/v2\/pages\/12\/revisions"}],"wp:attachment":[{"href":"https:\/\/www.sportshine.eu\/hu\/wp-json\/wp\/v2\/media?parent=12"}],"curies":[{"name":"wp","href":"https:\/\/api.w.org\/{rel}","templated":true}]}}