{"id":8165,"date":"2025-10-05T17:47:06","date_gmt":"2025-10-05T17:47:06","guid":{"rendered":"https:\/\/www.sportshine.eu\/?post_type=product&#038;p=8165"},"modified":"2025-10-05T18:23:12","modified_gmt":"2025-10-05T18:23:12","slug":"tracker-magicshine-netfy-operater","status":"publish","type":"product","link":"https:\/\/www.sportshine.eu\/hr\/ducan\/tracker-magicshine-netfy-operater\/","title":{"rendered":"Magicshine NETFY nosa\u010d za svjetlo za pra\u0107enje"},"content":{"rendered":"<h3 style=\"text-align: center;\">PRATI. TRA\u017dI. PRONA\u0110I.<\/h3>\n<p style=\"text-align: center;\">Kako urbani biciklizam nastavlja rasti, raste i potreba za pametnijom i diskretnijom sigurno\u0161\u0107u bicikala. Netfy nudi prakti\u010dno rje\u0161enje protiv kra\u0111e ugradnjom trackera izravno u cijevi sjedala. To omogu\u0107uje biciklistima da za\u0161tite svoj bicikl bez potrebe za preinakom postoje\u0107e opreme.<\/p>\n<p><iframe loading=\"lazy\" title=\"Izgubili ste bicikl? Isprobajte Magicshine NETFY Saddle Mount Tracker\" width=\"500\" height=\"281\" src=\"https:\/\/www.youtube.com\/embed\/V0yZEgxRfhg?feature=oembed\" frameborder=\"0\" allow=\"accelerometer; autoplay; clipboard-write; encrypted-media; gyroscope; picture-in-picture; web-share\" referrerpolicy=\"strict-origin-when-cross-origin\" allowfullscreen><\/iframe><\/p>\n<h3 style=\"text-align: center;\">SPREMNI ZA APPLE PRONA\u0110I MOJ<\/h3>\n<p style=\"text-align: center;\">Pratite, upozorite (pingajte) ili aktivirajte &quot;Izgubljeni na\u010din rada&quot; - diljem mre\u017ee <b>Apple Prona\u0111i moj<\/b>.<\/p>\n<p><img decoding=\"async\" class=\"aligncenter wp-image-8169 size-full\" src=\"https:\/\/www.sportshine.eu\/wp-content\/uploads\/2025\/10\/Magicshine-Netfy-sledilnik-za-kolo-2.webp\" alt=\"Magicshine Netfy Tracker za bicikle \" width=\"814\" height=\"814\" srcset=\"https:\/\/www.sportshine.eu\/wp-content\/uploads\/2025\/10\/Magicshine-Netfy-sledilnik-za-kolo-2.webp 814w, https:\/\/www.sportshine.eu\/wp-content\/uploads\/2025\/10\/Magicshine-Netfy-sledilnik-za-kolo-2-768x768.webp 768w, https:\/\/www.sportshine.eu\/wp-content\/uploads\/2025\/10\/Magicshine-Netfy-sledilnik-za-kolo-2-600x600.webp 600w\" sizes=\"(max-width: 814px) 100vw, 814px\" \/><\/p>\n<h3 style=\"text-align: center;\">KOMPATIBILNOST S GOPRO ADAPTERIMA<\/h3>\n<p style=\"text-align: center;\">Jednostavno pri\u010dvrstite SEEMEE stra\u017enja svjetla pomo\u0107u \u010detvrtinskog nosa\u010da - nema potrebe za dodatnim adapterima. Omogu\u0107uje monta\u017eu Garmin adaptera ili bilo kojeg nosa\u010da kompatibilnog s GoPro kamerom.<\/p>\n<p><img decoding=\"async\" class=\"aligncenter wp-image-8170 size-full\" src=\"https:\/\/www.sportshine.eu\/wp-content\/uploads\/2025\/10\/Magicshine-Netfy-sledilnik-za-kolo-3.webp\" alt=\"Magicshine Netfy Tracker za bicikle \" width=\"814\" height=\"814\" srcset=\"https:\/\/www.sportshine.eu\/wp-content\/uploads\/2025\/10\/Magicshine-Netfy-sledilnik-za-kolo-3.webp 814w, https:\/\/www.sportshine.eu\/wp-content\/uploads\/2025\/10\/Magicshine-Netfy-sledilnik-za-kolo-3-768x768.webp 768w, https:\/\/www.sportshine.eu\/wp-content\/uploads\/2025\/10\/Magicshine-Netfy-sledilnik-za-kolo-3-600x600.webp 600w\" sizes=\"(max-width: 814px) 100vw, 814px\" \/><\/p>\n<h3 style=\"text-align: center;\">BATERIJA DO 6 MJESECI<\/h3>\n<p style=\"text-align: center;\">CR2032 baterija omogu\u0107uje do 6 mjeseci neprekidnog rada, \u0161to \u010deste izmjene baterija \u010dini stvar pro\u0161losti.<\/p>\n<p><img decoding=\"async\" class=\"aligncenter wp-image-8171 size-full\" src=\"https:\/\/www.sportshine.eu\/wp-content\/uploads\/2025\/10\/Magicshine-Netfy-sledilnik-za-kolo-4.webp\" alt=\"Magicshine Netfy Tracker za bicikle \" width=\"814\" height=\"814\" srcset=\"https:\/\/www.sportshine.eu\/wp-content\/uploads\/2025\/10\/Magicshine-Netfy-sledilnik-za-kolo-4.webp 814w, https:\/\/www.sportshine.eu\/wp-content\/uploads\/2025\/10\/Magicshine-Netfy-sledilnik-za-kolo-4-768x768.webp 768w, https:\/\/www.sportshine.eu\/wp-content\/uploads\/2025\/10\/Magicshine-Netfy-sledilnik-za-kolo-4-600x600.webp 600w\" sizes=\"(max-width: 814px) 100vw, 814px\" \/><\/p>\n<h3 style=\"text-align: center;\">DISKRETNO RJE\u0160ENJE PROTIV KRA\u0110E<\/h3>\n<p style=\"text-align: center;\">Skriven u obliku cijevi sjedala i opremljen sigurnosnim vijcima, osigurava sigurno i nenametljivo pra\u0107enje.<\/p>\n<p><img decoding=\"async\" class=\"aligncenter wp-image-8172 size-full\" src=\"https:\/\/www.sportshine.eu\/wp-content\/uploads\/2025\/10\/Magicshine-Netfy-sledilnik-za-kolo-5.webp\" alt=\"Magicshine Netfy Tracker za bicikle \" width=\"814\" height=\"814\" srcset=\"https:\/\/www.sportshine.eu\/wp-content\/uploads\/2025\/10\/Magicshine-Netfy-sledilnik-za-kolo-5.webp 814w, https:\/\/www.sportshine.eu\/wp-content\/uploads\/2025\/10\/Magicshine-Netfy-sledilnik-za-kolo-5-768x768.webp 768w, https:\/\/www.sportshine.eu\/wp-content\/uploads\/2025\/10\/Magicshine-Netfy-sledilnik-za-kolo-5-600x600.webp 600w\" sizes=\"(max-width: 814px) 100vw, 814px\" \/><\/p>\n<h3 style=\"text-align: center;\">POUZDANOST U SVIM VREMENSKIM UVJETIMA<\/h3>\n<p style=\"text-align: center;\">IPX6 vodootpornost omogu\u0107uje glatko pra\u0107enje \u010dak i prilikom vo\u017enje bicikla po ki\u0161i i blatu.<\/p>\n<p><img decoding=\"async\" class=\"aligncenter wp-image-8173 size-full\" src=\"https:\/\/www.sportshine.eu\/wp-content\/uploads\/2025\/10\/Magicshine-Netfy-sledilnik-za-kolo-6.webp\" alt=\"Magicshine Netfy Tracker za bicikle\" width=\"814\" height=\"814\" srcset=\"https:\/\/www.sportshine.eu\/wp-content\/uploads\/2025\/10\/Magicshine-Netfy-sledilnik-za-kolo-6.webp 814w, https:\/\/www.sportshine.eu\/wp-content\/uploads\/2025\/10\/Magicshine-Netfy-sledilnik-za-kolo-6-768x768.webp 768w, https:\/\/www.sportshine.eu\/wp-content\/uploads\/2025\/10\/Magicshine-Netfy-sledilnik-za-kolo-6-600x600.webp 600w\" sizes=\"(max-width: 814px) 100vw, 814px\" \/><\/p>\n<h3 style=\"text-align: center;\">\u0160TO SE NALAZI U PAKETU?<\/h3>\n<p><img decoding=\"async\" class=\"aligncenter wp-image-8175 size-full\" src=\"https:\/\/www.sportshine.eu\/wp-content\/uploads\/2025\/10\/Magicshine-Netfy-sledilnik-za-kolo-7-scaled.webp\" alt=\"Magicshine Netfy Tracker za bicikle \" width=\"2560\" height=\"1152\" srcset=\"https:\/\/www.sportshine.eu\/wp-content\/uploads\/2025\/10\/Magicshine-Netfy-sledilnik-za-kolo-7-scaled.webp 2560w, https:\/\/www.sportshine.eu\/wp-content\/uploads\/2025\/10\/Magicshine-Netfy-sledilnik-za-kolo-7-768x346.webp 768w, https:\/\/www.sportshine.eu\/wp-content\/uploads\/2025\/10\/Magicshine-Netfy-sledilnik-za-kolo-7-1536x691.webp 1536w, https:\/\/www.sportshine.eu\/wp-content\/uploads\/2025\/10\/Magicshine-Netfy-sledilnik-za-kolo-7-2048x922.webp 2048w, https:\/\/www.sportshine.eu\/wp-content\/uploads\/2025\/10\/Magicshine-Netfy-sledilnik-za-kolo-7-600x270.webp 600w\" sizes=\"(max-width: 2560px) 100vw, 2560px\" \/><\/p>","protected":false},"excerpt":{"rendered":"<p>Pametno pra\u0107enje za potpunu kontrolu<\/p>\n<p>Appleova Find My mre\u017ea od milijuna ure\u0111aja pru\u017ea:<\/p>\n<ul>\n<li>Nevidljiva za\u0161tita, maksimalna sigurnost. Pratite svoje predmete diljem svijeta.<\/li>\n<li>6 mjeseci trajanja baterije \u2013 postavite i zaboravite. Bezbri\u017eno kori\u0161tenje bez \u010destog punjenja.<\/li>\n<li>IPX6 Vodootpornost \u2013 Spreman za sve vremenske uvjete. Pouzdane performanse u ki\u0161i i mokrim uvjetima.<\/li>\n<\/ul>","protected":false},"featured_media":8167,"comment_status":"open","ping_status":"closed","template":"","meta":[],"product_brand":[131],"product_cat":[87],"product_tag":[],"class_list":{"0":"post-8165","1":"product","2":"type-product","3":"status-publish","4":"has-post-thumbnail","6":"product_brand-magicshine","7":"product_cat-kolesarski-nosilci","9":"first","10":"instock","11":"sale","12":"taxable","13":"shipping-taxable","14":"purchasable","15":"product-type-simple"},"yoast_head":"<!-- This site is optimized with the Yoast SEO plugin v27.3 - https:\/\/yoast.com\/product\/yoast-seo-wordpress\/ -->\n<title>Sledilnik Magicshine NETFY nosilec za lu\u010d<\/title>\n<meta name=\"robots\" content=\"index, follow, max-snippet:-1, max-image-preview:large, max-video-preview:-1\" \/>\n<link rel=\"canonical\" href=\"https:\/\/www.sportshine.eu\/hr\/ducan\/tracker-magicshine-netfy-operater\/\" \/>\n<meta property=\"og:locale\" content=\"hr_HR\" \/>\n<meta property=\"og:type\" content=\"article\" \/>\n<meta property=\"og:title\" content=\"Sledilnik Magicshine NETFY nosilec za lu\u010d\" \/>\n<meta property=\"og:description\" content=\"Pametno sledenje za popoln nadzor  Omre\u017eje Apple Find My z milijoni napravami zagotavlja:   Nevidna za\u0161\u010dita, maksimalna varnost. Sledite svojim predmetom po vsem svetu.  6-mese\u010dna \u017eivljenjska doba baterije \u2013 nastavi in pozabi. Brezskrbna uporaba brez pogostega polnjenja.  IPX6 Vodoodpornost \u2013 pripravljen na vse vreme. Zanesljivo delovanje v de\u017eju in vla\u017enih razmerah.\" \/>\n<meta property=\"og:url\" content=\"https:\/\/www.sportshine.eu\/hr\/ducan\/tracker-magicshine-netfy-operater\/\" \/>\n<meta property=\"og:site_name\" content=\"Sportshine\" \/>\n<meta property=\"article:publisher\" content=\"https:\/\/www.facebook.com\/sportshine.eu\/\" \/>\n<meta property=\"article:modified_time\" content=\"2025-10-05T18:23:12+00:00\" \/>\n<meta property=\"og:image\" content=\"https:\/\/www.sportshine.eu\/wp-content\/uploads\/2025\/10\/Magicshine-Netfy-sledilnik-za-kolo.webp\" \/>\n\t<meta property=\"og:image:width\" content=\"800\" \/>\n\t<meta property=\"og:image:height\" content=\"800\" \/>\n\t<meta property=\"og:image:type\" content=\"image\/webp\" \/>\n<meta name=\"twitter:card\" content=\"summary_large_image\" \/>\n<meta name=\"twitter:label1\" content=\"Procijenjeno vrijeme \u010ditanja\" \/>\n\t<meta name=\"twitter:data1\" content=\"3 minute\" \/>\n<script type=\"application\/ld+json\" class=\"yoast-schema-graph\">{\"@context\":\"https:\\\/\\\/schema.org\",\"@graph\":[{\"@type\":\"WebPage\",\"@id\":\"https:\\\/\\\/www.sportshine.eu\\\/trgovina\\\/sledilnik-magicshine-netfy-nosilec\\\/\",\"url\":\"https:\\\/\\\/www.sportshine.eu\\\/trgovina\\\/sledilnik-magicshine-netfy-nosilec\\\/\",\"name\":\"Sledilnik Magicshine NETFY nosilec za lu\u010d\",\"isPartOf\":{\"@id\":\"https:\\\/\\\/www.sportshine.eu\\\/#website\"},\"primaryImageOfPage\":{\"@id\":\"https:\\\/\\\/www.sportshine.eu\\\/trgovina\\\/sledilnik-magicshine-netfy-nosilec\\\/#primaryimage\"},\"image\":{\"@id\":\"https:\\\/\\\/www.sportshine.eu\\\/trgovina\\\/sledilnik-magicshine-netfy-nosilec\\\/#primaryimage\"},\"thumbnailUrl\":\"https:\\\/\\\/www.sportshine.eu\\\/wp-content\\\/uploads\\\/2025\\\/10\\\/Magicshine-Netfy-sledilnik-za-kolo.webp\",\"datePublished\":\"2025-10-05T17:47:06+00:00\",\"dateModified\":\"2025-10-05T18:23:12+00:00\",\"breadcrumb\":{\"@id\":\"https:\\\/\\\/www.sportshine.eu\\\/trgovina\\\/sledilnik-magicshine-netfy-nosilec\\\/#breadcrumb\"},\"inLanguage\":\"hr\",\"potentialAction\":[{\"@type\":\"ReadAction\",\"target\":[\"https:\\\/\\\/www.sportshine.eu\\\/trgovina\\\/sledilnik-magicshine-netfy-nosilec\\\/\"]}]},{\"@type\":\"ImageObject\",\"inLanguage\":\"hr\",\"@id\":\"https:\\\/\\\/www.sportshine.eu\\\/trgovina\\\/sledilnik-magicshine-netfy-nosilec\\\/#primaryimage\",\"url\":\"https:\\\/\\\/www.sportshine.eu\\\/wp-content\\\/uploads\\\/2025\\\/10\\\/Magicshine-Netfy-sledilnik-za-kolo.webp\",\"contentUrl\":\"https:\\\/\\\/www.sportshine.eu\\\/wp-content\\\/uploads\\\/2025\\\/10\\\/Magicshine-Netfy-sledilnik-za-kolo.webp\",\"width\":800,\"height\":800,\"caption\":\"Magicshine Netfy sledilnik za kolo\"},{\"@type\":\"BreadcrumbList\",\"@id\":\"https:\\\/\\\/www.sportshine.eu\\\/trgovina\\\/sledilnik-magicshine-netfy-nosilec\\\/#breadcrumb\",\"itemListElement\":[{\"@type\":\"ListItem\",\"position\":1,\"name\":\"Home\",\"item\":\"https:\\\/\\\/www.sportshine.eu\\\/\"},{\"@type\":\"ListItem\",\"position\":2,\"name\":\"Trgovina\",\"item\":\"https:\\\/\\\/www.sportshine.eu\\\/trgovina\\\/\"},{\"@type\":\"ListItem\",\"position\":3,\"name\":\"Sledilnik Magicshine NETFY nosilec za lu\u010d\"}]},{\"@type\":\"WebSite\",\"@id\":\"https:\\\/\\\/www.sportshine.eu\\\/#website\",\"url\":\"https:\\\/\\\/www.sportshine.eu\\\/\",\"name\":\"Sportshine\",\"description\":\"Top spletna trgovina kolesarskih in naglavnih svetilk ter opreme\",\"publisher\":{\"@id\":\"https:\\\/\\\/www.sportshine.eu\\\/#organization\"},\"potentialAction\":[{\"@type\":\"SearchAction\",\"target\":{\"@type\":\"EntryPoint\",\"urlTemplate\":\"https:\\\/\\\/www.sportshine.eu\\\/?s={search_term_string}\"},\"query-input\":{\"@type\":\"PropertyValueSpecification\",\"valueRequired\":true,\"valueName\":\"search_term_string\"}}],\"inLanguage\":\"hr\"},{\"@type\":\"Organization\",\"@id\":\"https:\\\/\\\/www.sportshine.eu\\\/#organization\",\"name\":\"Sportshine\",\"url\":\"https:\\\/\\\/www.sportshine.eu\\\/\",\"logo\":{\"@type\":\"ImageObject\",\"inLanguage\":\"hr\",\"@id\":\"https:\\\/\\\/www.sportshine.eu\\\/#\\\/schema\\\/logo\\\/image\\\/\",\"url\":\"https:\\\/\\\/www.sportshine.eu\\\/wp-content\\\/uploads\\\/2026\\\/01\\\/cropped-Sportshine.webp\",\"contentUrl\":\"https:\\\/\\\/www.sportshine.eu\\\/wp-content\\\/uploads\\\/2026\\\/01\\\/cropped-Sportshine.webp\",\"width\":295,\"height\":128,\"caption\":\"Sportshine\"},\"image\":{\"@id\":\"https:\\\/\\\/www.sportshine.eu\\\/#\\\/schema\\\/logo\\\/image\\\/\"},\"sameAs\":[\"https:\\\/\\\/www.facebook.com\\\/sportshine.eu\\\/\"]}]}<\/script>\n<!-- \/ Yoast SEO plugin. -->","yoast_head_json":{"title":"Magicshine NETFY nosa\u010d za svjetlo za pra\u0107enje","robots":{"index":"index","follow":"follow","max-snippet":"max-snippet:-1","max-image-preview":"max-image-preview:large","max-video-preview":"max-video-preview:-1"},"canonical":"https:\/\/www.sportshine.eu\/hr\/ducan\/tracker-magicshine-netfy-operater\/","og_locale":"hr_HR","og_type":"article","og_title":"Sledilnik Magicshine NETFY nosilec za lu\u010d","og_description":"Pametno sledenje za popoln nadzor  Omre\u017eje Apple Find My z milijoni napravami zagotavlja:   Nevidna za\u0161\u010dita, maksimalna varnost. Sledite svojim predmetom po vsem svetu.  6-mese\u010dna \u017eivljenjska doba baterije \u2013 nastavi in pozabi. Brezskrbna uporaba brez pogostega polnjenja.  IPX6 Vodoodpornost \u2013 pripravljen na vse vreme. Zanesljivo delovanje v de\u017eju in vla\u017enih razmerah.","og_url":"https:\/\/www.sportshine.eu\/hr\/ducan\/tracker-magicshine-netfy-operater\/","og_site_name":"Sportshine","article_publisher":"https:\/\/www.facebook.com\/sportshine.eu\/","article_modified_time":"2025-10-05T18:23:12+00:00","og_image":[{"width":800,"height":800,"url":"https:\/\/www.sportshine.eu\/wp-content\/uploads\/2025\/10\/Magicshine-Netfy-sledilnik-za-kolo.webp","type":"image\/webp"}],"twitter_card":"summary_large_image","twitter_misc":{"Procijenjeno vrijeme \u010ditanja":"3 minute"},"schema":{"@context":"https:\/\/schema.org","@graph":[{"@type":"WebPage","@id":"https:\/\/www.sportshine.eu\/trgovina\/sledilnik-magicshine-netfy-nosilec\/","url":"https:\/\/www.sportshine.eu\/trgovina\/sledilnik-magicshine-netfy-nosilec\/","name":"Magicshine NETFY nosa\u010d za svjetlo za pra\u0107enje","isPartOf":{"@id":"https:\/\/www.sportshine.eu\/#website"},"primaryImageOfPage":{"@id":"https:\/\/www.sportshine.eu\/trgovina\/sledilnik-magicshine-netfy-nosilec\/#primaryimage"},"image":{"@id":"https:\/\/www.sportshine.eu\/trgovina\/sledilnik-magicshine-netfy-nosilec\/#primaryimage"},"thumbnailUrl":"https:\/\/www.sportshine.eu\/wp-content\/uploads\/2025\/10\/Magicshine-Netfy-sledilnik-za-kolo.webp","datePublished":"2025-10-05T17:47:06+00:00","dateModified":"2025-10-05T18:23:12+00:00","breadcrumb":{"@id":"https:\/\/www.sportshine.eu\/trgovina\/sledilnik-magicshine-netfy-nosilec\/#breadcrumb"},"inLanguage":"hr","potentialAction":[{"@type":"ReadAction","target":["https:\/\/www.sportshine.eu\/trgovina\/sledilnik-magicshine-netfy-nosilec\/"]}]},{"@type":"ImageObject","inLanguage":"hr","@id":"https:\/\/www.sportshine.eu\/trgovina\/sledilnik-magicshine-netfy-nosilec\/#primaryimage","url":"https:\/\/www.sportshine.eu\/wp-content\/uploads\/2025\/10\/Magicshine-Netfy-sledilnik-za-kolo.webp","contentUrl":"https:\/\/www.sportshine.eu\/wp-content\/uploads\/2025\/10\/Magicshine-Netfy-sledilnik-za-kolo.webp","width":800,"height":800,"caption":"Magicshine Netfy sledilnik za kolo"},{"@type":"BreadcrumbList","@id":"https:\/\/www.sportshine.eu\/trgovina\/sledilnik-magicshine-netfy-nosilec\/#breadcrumb","itemListElement":[{"@type":"ListItem","position":1,"name":"Home","item":"https:\/\/www.sportshine.eu\/"},{"@type":"ListItem","position":2,"name":"Trgovina","item":"https:\/\/www.sportshine.eu\/trgovina\/"},{"@type":"ListItem","position":3,"name":"Sledilnik Magicshine NETFY nosilec za lu\u010d"}]},{"@type":"WebSite","@id":"https:\/\/www.sportshine.eu\/#website","url":"https:\/\/www.sportshine.eu\/","name":"Sportshine","description":"Vrhunska online trgovina za biciklisti\u010dke i \u010deone svjetiljke i opremu","publisher":{"@id":"https:\/\/www.sportshine.eu\/#organization"},"potentialAction":[{"@type":"SearchAction","target":{"@type":"EntryPoint","urlTemplate":"https:\/\/www.sportshine.eu\/?s={search_term_string}"},"query-input":{"@type":"PropertyValueSpecification","valueRequired":true,"valueName":"search_term_string"}}],"inLanguage":"hr"},{"@type":"Organization","@id":"https:\/\/www.sportshine.eu\/#organization","name":"Sportshine","url":"https:\/\/www.sportshine.eu\/","logo":{"@type":"ImageObject","inLanguage":"hr","@id":"https:\/\/www.sportshine.eu\/#\/schema\/logo\/image\/","url":"https:\/\/www.sportshine.eu\/wp-content\/uploads\/2026\/01\/cropped-Sportshine.webp","contentUrl":"https:\/\/www.sportshine.eu\/wp-content\/uploads\/2026\/01\/cropped-Sportshine.webp","width":295,"height":128,"caption":"Sportshine"},"image":{"@id":"https:\/\/www.sportshine.eu\/#\/schema\/logo\/image\/"},"sameAs":["https:\/\/www.facebook.com\/sportshine.eu\/"]}]}},"_links":{"self":[{"href":"https:\/\/www.sportshine.eu\/hr\/wp-json\/wp\/v2\/product\/8165","targetHints":{"allow":["GET"]}}],"collection":[{"href":"https:\/\/www.sportshine.eu\/hr\/wp-json\/wp\/v2\/product"}],"about":[{"href":"https:\/\/www.sportshine.eu\/hr\/wp-json\/wp\/v2\/types\/product"}],"replies":[{"embeddable":true,"href":"https:\/\/www.sportshine.eu\/hr\/wp-json\/wp\/v2\/comments?post=8165"}],"version-history":[{"count":0,"href":"https:\/\/www.sportshine.eu\/hr\/wp-json\/wp\/v2\/product\/8165\/revisions"}],"wp:featuredmedia":[{"embeddable":true,"href":"https:\/\/www.sportshine.eu\/hr\/wp-json\/wp\/v2\/media\/8167"}],"wp:attachment":[{"href":"https:\/\/www.sportshine.eu\/hr\/wp-json\/wp\/v2\/media?parent=8165"}],"wp:term":[{"taxonomy":"product_brand","embeddable":true,"href":"https:\/\/www.sportshine.eu\/hr\/wp-json\/wp\/v2\/product_brand?post=8165"},{"taxonomy":"product_cat","embeddable":true,"href":"https:\/\/www.sportshine.eu\/hr\/wp-json\/wp\/v2\/product_cat?post=8165"},{"taxonomy":"product_tag","embeddable":true,"href":"https:\/\/www.sportshine.eu\/hr\/wp-json\/wp\/v2\/product_tag?post=8165"}],"curies":[{"name":"radni list","href":"https:\/\/api.w.org\/{rel}","templated":true}]}}