{"id":8093,"date":"2026-03-01T08:14:28","date_gmt":"2026-03-01T08:14:28","guid":{"rendered":"https:\/\/www.sportshine.eu\/?post_type=product&#038;p=8093"},"modified":"2026-04-07T19:56:06","modified_gmt":"2026-04-07T19:56:06","slug":"svjetla-za-bicikl-magicshine-hori-900","status":"publish","type":"product","link":"https:\/\/www.sportshine.eu\/hr\/ducan\/svjetla-za-bicikl-magicshine-hori-900\/","title":{"rendered":"Magicshine HORI 900 svjetlo za bicikl"},"content":{"rendered":"<h3 style=\"text-align: center;\">VIDEO PREZENTACIJA BICIKLISTI\u010cKE SVJETLE MAGICSHINE HORI 900<\/h3>\n<p><iframe loading=\"lazy\" title=\"Magicshine | Hori serija, napravljena za cestovne gradske bicikliste\" width=\"500\" height=\"281\" src=\"https:\/\/www.youtube.com\/embed\/pR_mXHN7vKI?feature=oembed\" frameborder=\"0\" allow=\"accelerometer; autoplay; clipboard-write; encrypted-media; gyroscope; picture-in-picture; web-share\" referrerpolicy=\"strict-origin-when-cross-origin\" allowfullscreen><\/iframe><\/p>\n<h3 style=\"text-align: center;\">INTEGRIRANI NOSA\u010c ZA MONTA\u017dU NA PULT<\/h3>\n<p style=\"text-align: center;\">Montirajte svoje Garmin ili Wahoo ra\u010dunalo direktno na svjetlo \u2013 kompaktno, prilago\u0111eno upravlja\u010du i spremno za utrke.<\/p>\n<p><img decoding=\"async\" class=\"aligncenter wp-image-8098\" src=\"https:\/\/www.sportshine.eu\/wp-content\/uploads\/2025\/10\/HORI_900_10.webp\" alt=\"Magicshine Hori 900\" width=\"800\" height=\"800\" srcset=\"https:\/\/www.sportshine.eu\/wp-content\/uploads\/2025\/10\/HORI_900_10.webp 690w, https:\/\/www.sportshine.eu\/wp-content\/uploads\/2025\/10\/HORI_900_10-600x600.webp 600w\" sizes=\"(max-width: 800px) 100vw, 800px\" \/><\/p>\n<p>&nbsp;<\/p>\n<h3 style=\"text-align: center;\">DO\u017dIVITE SNAGU OD 900 LUMENO<\/h3>\n<p style=\"text-align: center;\">Visokou\u010dinkovita LED dioda pru\u017ea maksimalnu svjetlinu od 900 lumena.<\/p>\n<p><img decoding=\"async\" class=\"aligncenter wp-image-8099 size-full\" src=\"https:\/\/www.sportshine.eu\/wp-content\/uploads\/2025\/10\/26.webp\" alt=\"Hori 900\" width=\"800\" height=\"800\" srcset=\"https:\/\/www.sportshine.eu\/wp-content\/uploads\/2025\/10\/26.webp 800w, https:\/\/www.sportshine.eu\/wp-content\/uploads\/2025\/10\/26-768x768.webp 768w, https:\/\/www.sportshine.eu\/wp-content\/uploads\/2025\/10\/26-600x600.webp 600w\" sizes=\"(max-width: 800px) 100vw, 800px\" \/><\/p>\n<h3 style=\"text-align: center;\">OTPORNO NA VREMENSKIH UVJETA<\/h3>\n<p style=\"text-align: center;\">Ki\u0161a, rosulja ili oluja - s vodootpornom za\u0161titom IPX6, HORI 900 uvijek osigurava svijetlu i sigurnu vo\u017enju.<\/p>\n<p><img decoding=\"async\" class=\"aligncenter wp-image-8102 size-full\" src=\"https:\/\/www.sportshine.eu\/wp-content\/uploads\/2025\/10\/magicshine-HORI-900-bike-light-sell-point-3.webp\" alt=\"Magicshine Hori 900\" width=\"800\" height=\"800\" srcset=\"https:\/\/www.sportshine.eu\/wp-content\/uploads\/2025\/10\/magicshine-HORI-900-bike-light-sell-point-3.webp 800w, https:\/\/www.sportshine.eu\/wp-content\/uploads\/2025\/10\/magicshine-HORI-900-bike-light-sell-point-3-768x768.webp 768w, https:\/\/www.sportshine.eu\/wp-content\/uploads\/2025\/10\/magicshine-HORI-900-bike-light-sell-point-3-600x600.webp 600w\" sizes=\"(max-width: 800px) 100vw, 800px\" \/><\/p>\n<h3 style=\"text-align: center;\">ISTAKNITE SE \u010cAK I TIJEKOM DANA<\/h3>\n<p style=\"text-align: center;\">DRL (dnevna svjetla) tehnologija pove\u0107ava va\u0161u vidljivost u uvjetima jakog svjetla sna\u017enim treptanjem i stalnim na\u010dinom rada koji privla\u010di pa\u017enju svih.<\/p>\n<p><img decoding=\"async\" class=\"aligncenter wp-image-8103 size-full\" src=\"https:\/\/www.sportshine.eu\/wp-content\/uploads\/2025\/10\/magicshine-HORI-900-bike-light-sell-point-9.webp\" alt=\"Magicshine HORI 900 svjetlo\" width=\"814\" height=\"812\" srcset=\"https:\/\/www.sportshine.eu\/wp-content\/uploads\/2025\/10\/magicshine-HORI-900-bike-light-sell-point-9.webp 814w, https:\/\/www.sportshine.eu\/wp-content\/uploads\/2025\/10\/magicshine-HORI-900-bike-light-sell-point-9-768x766.webp 768w, https:\/\/www.sportshine.eu\/wp-content\/uploads\/2025\/10\/magicshine-HORI-900-bike-light-sell-point-9-600x599.webp 600w\" sizes=\"(max-width: 814px) 100vw, 814px\" \/><\/p>\n<h3 style=\"text-align: center;\">PRECIZNA OPCIJA ZA ZATVARANJE SNOPA<\/h3>\n<p style=\"text-align: center;\">Opti\u010dki dizajn bez odsjaja precizno usmjerava svjetlost na cestu, \u0161tite\u0107i i bicikliste i voza\u010de koji dolaze u suprotnom smjeru.<\/p>\n<p><img decoding=\"async\" class=\"aligncenter wp-image-8105 size-full\" src=\"https:\/\/www.sportshine.eu\/wp-content\/uploads\/2025\/10\/Magicshine-HORI-900-2.webp\" alt=\"Magicshine HORI 900 \" width=\"814\" height=\"814\" srcset=\"https:\/\/www.sportshine.eu\/wp-content\/uploads\/2025\/10\/Magicshine-HORI-900-2.webp 814w, https:\/\/www.sportshine.eu\/wp-content\/uploads\/2025\/10\/Magicshine-HORI-900-2-768x768.webp 768w, https:\/\/www.sportshine.eu\/wp-content\/uploads\/2025\/10\/Magicshine-HORI-900-2-600x600.webp 600w\" sizes=\"(max-width: 814px) 100vw, 814px\" \/><\/p>\n<h3 style=\"text-align: center;\">PRILAGO\u0110ENI NA\u010cINI RADA PREKO APLIKACIJE<\/h3>\n<p style=\"text-align: center;\">Pomo\u0107u aplikacije Magicshine mo\u017eete prilagoditi svjetlinu i rad svjetala prema svakoj situaciji na cesti.<\/p>\n<p><img decoding=\"async\" class=\"aligncenter wp-image-8106 size-full\" src=\"https:\/\/www.sportshine.eu\/wp-content\/uploads\/2025\/10\/Magicshine-Hori-900-luc-za-kolo.webp\" alt=\"Magicshine Hori 900 svjetlo za bicikl\" width=\"814\" height=\"814\" srcset=\"https:\/\/www.sportshine.eu\/wp-content\/uploads\/2025\/10\/Magicshine-Hori-900-luc-za-kolo.webp 814w, https:\/\/www.sportshine.eu\/wp-content\/uploads\/2025\/10\/Magicshine-Hori-900-luc-za-kolo-768x768.webp 768w, https:\/\/www.sportshine.eu\/wp-content\/uploads\/2025\/10\/Magicshine-Hori-900-luc-za-kolo-600x600.webp 600w\" sizes=\"(max-width: 814px) 100vw, 814px\" \/><\/p>\n<h3 style=\"text-align: center;\">BRZO PUNJENJE PREKO USB-C<\/h3>\n<p style=\"text-align: center;\">S brzim punjenjem putem USB-C, baterija se potpuno napuni za otprilike 2,5 sata.<\/p>\n<p><img decoding=\"async\" class=\"aligncenter wp-image-8107 size-full\" src=\"https:\/\/www.sportshine.eu\/wp-content\/uploads\/2025\/10\/Luc-za-kolo-Hori-900.webp\" alt=\"Hori 900 svjetlo za bicikl\" width=\"814\" height=\"814\" srcset=\"https:\/\/www.sportshine.eu\/wp-content\/uploads\/2025\/10\/Luc-za-kolo-Hori-900.webp 814w, https:\/\/www.sportshine.eu\/wp-content\/uploads\/2025\/10\/Luc-za-kolo-Hori-900-768x768.webp 768w, https:\/\/www.sportshine.eu\/wp-content\/uploads\/2025\/10\/Luc-za-kolo-Hori-900-600x600.webp 600w\" sizes=\"(max-width: 814px) 100vw, 814px\" \/><\/p>\n<h3 style=\"text-align: center;\">POUZDANO VRIJEME RADA<\/h3>\n<p style=\"text-align: center;\">Ugra\u0111ena baterija od 2000 mAh osigurava pouzdano vrijeme rada za va\u0161e svakodnevne vo\u017enje.<\/p>\n<p><img decoding=\"async\" class=\"aligncenter wp-image-8108 size-full\" src=\"https:\/\/www.sportshine.eu\/wp-content\/uploads\/2025\/10\/Hori-900-Magicshine.webp\" alt=\"Hori 900 Magicshine\" width=\"800\" height=\"800\" srcset=\"https:\/\/www.sportshine.eu\/wp-content\/uploads\/2025\/10\/Hori-900-Magicshine.webp 800w, https:\/\/www.sportshine.eu\/wp-content\/uploads\/2025\/10\/Hori-900-Magicshine-768x768.webp 768w, https:\/\/www.sportshine.eu\/wp-content\/uploads\/2025\/10\/Hori-900-Magicshine-600x600.webp 600w\" sizes=\"(max-width: 800px) 100vw, 800px\" \/><\/p>\n<h3 style=\"text-align: center;\">\u0160TO DOBIVATE U PAKETU?<\/h3>\n<p><img decoding=\"async\" class=\"aligncenter wp-image-8109 size-full\" src=\"https:\/\/www.sportshine.eu\/wp-content\/uploads\/2025\/10\/magicshine-HORI-900-bike-light-in-the-box-pc.webp\" alt=\"Magicshine Hori 900 svjetlo za bicikl\" width=\"2000\" height=\"900\" srcset=\"https:\/\/www.sportshine.eu\/wp-content\/uploads\/2025\/10\/magicshine-HORI-900-bike-light-in-the-box-pc.webp 2000w, https:\/\/www.sportshine.eu\/wp-content\/uploads\/2025\/10\/magicshine-HORI-900-bike-light-in-the-box-pc-768x346.webp 768w, https:\/\/www.sportshine.eu\/wp-content\/uploads\/2025\/10\/magicshine-HORI-900-bike-light-in-the-box-pc-1536x691.webp 1536w, https:\/\/www.sportshine.eu\/wp-content\/uploads\/2025\/10\/magicshine-HORI-900-bike-light-in-the-box-pc-600x270.webp 600w\" sizes=\"(max-width: 2000px) 100vw, 2000px\" \/><\/p>","protected":false},"excerpt":{"rendered":"<p>Magicshine HORI 900 je va\u0161e savr\u0161eno rje\u0161enje za sigurnost i vidljivost na va\u0161em biciklu. Ovo sna\u017eno svjetlo pru\u017ea sna\u017eno osvjetljenje (do <b>900 lm<\/b>) koji \u0107e osvijetliti svaku stazu. S naprednim na\u010dinima rada bljeskalice, uklju\u010duju\u0107i namjensku dnevnu i no\u0107nu bljeskalicu, izuzetno ste vidljivi danju i no\u0107u. Svjetlo ima kompaktno ku\u0107i\u0161te s mogu\u0107no\u0161\u0107u gornje ili donje monta\u017ee za savr\u0161enu integraciju s va\u0161im biciklisti\u010dkim ra\u010dunalom. Upravljanje je jednostavno putem gumba na samom svjetlu, koji vam omogu\u0107uje prebacivanje izme\u0111u na\u010dina rada i aktiviranje na\u010dina zaklju\u010davanja tijekom transporta. Osim toga, svjetlo se mo\u017ee povezati s aplikacijom Magicshine i podr\u017eava funkciju FTR LightSync Control za sinkronizaciju sa stra\u017enjim svjetlom.<\/p>\n<hr \/>\n<p><b>Klju\u010dne zna\u010dajke:<\/b><\/p>\n<ul>\n<li>900 LM pune snage za osvjetljavanje svakog puta.<\/li>\n<li>Dnevni i no\u0107ni bljesak za maksimalnu sigurnost.<\/li>\n<li>Podr\u017eava instalaciju ispod i iznad nosa\u010da biciklisti\u010dkog ra\u010dunala<\/li>\n<li>Povezivost s aplikacijom Magicshine i FTR LightSync kontrolom.<\/li>\n<\/ul>","protected":false},"featured_media":8095,"comment_status":"open","ping_status":"closed","template":"","meta":[],"product_brand":[131],"product_cat":[82,150],"product_tag":[],"class_list":{"0":"post-8093","1":"product","2":"type-product","3":"status-publish","4":"has-post-thumbnail","6":"product_brand-magicshine","7":"product_cat-kolesarske-luci","8":"product_cat-sprednje-kolesarske-luci","10":"first","11":"instock","12":"sale","13":"taxable","14":"shipping-taxable","15":"purchasable","16":"product-type-simple"},"yoast_head":"<!-- This site is optimized with the Yoast SEO plugin v27.3 - https:\/\/yoast.com\/product\/yoast-seo-wordpress\/ -->\n<title>Magicshine HORI 900 lu\u010d za kolo<\/title>\n<meta name=\"description\" content=\"Vrhunska kolesarska lu\u010d z mo\u017enostjo namestitve pod kolesarski \u0161tevec. Z mo\u010djo 900 lumnov odli\u010dno razsvetli okolico in poskrbi, da ste na cesti vidni.\" \/>\n<meta name=\"robots\" content=\"index, follow, max-snippet:-1, max-image-preview:large, max-video-preview:-1\" \/>\n<link rel=\"canonical\" href=\"https:\/\/www.sportshine.eu\/hr\/ducan\/svjetla-za-bicikl-magicshine-hori-900\/\" \/>\n<meta property=\"og:locale\" content=\"hr_HR\" \/>\n<meta property=\"og:type\" content=\"article\" \/>\n<meta property=\"og:title\" content=\"Magicshine HORI 900 lu\u010d za kolo\" \/>\n<meta property=\"og:description\" content=\"Vrhunska kolesarska lu\u010d z mo\u017enostjo namestitve pod kolesarski \u0161tevec. Z mo\u010djo 900 lumnov odli\u010dno razsvetli okolico in poskrbi, da ste na cesti vidni.\" \/>\n<meta property=\"og:url\" content=\"https:\/\/www.sportshine.eu\/hr\/ducan\/svjetla-za-bicikl-magicshine-hori-900\/\" \/>\n<meta property=\"og:site_name\" content=\"Sportshine\" \/>\n<meta property=\"article:publisher\" content=\"https:\/\/www.facebook.com\/sportshine.eu\/\" \/>\n<meta property=\"article:modified_time\" content=\"2026-04-07T19:56:06+00:00\" \/>\n<meta property=\"og:image\" content=\"https:\/\/www.sportshine.eu\/wp-content\/uploads\/2025\/10\/Magicshine-Hori-900.webp\" \/>\n\t<meta property=\"og:image:width\" content=\"800\" \/>\n\t<meta property=\"og:image:height\" content=\"800\" \/>\n\t<meta property=\"og:image:type\" content=\"image\/webp\" \/>\n<meta name=\"twitter:card\" content=\"summary_large_image\" \/>\n<meta name=\"twitter:label1\" content=\"Procijenjeno vrijeme \u010ditanja\" \/>\n\t<meta name=\"twitter:data1\" content=\"3 minute\" \/>\n<script type=\"application\/ld+json\" class=\"yoast-schema-graph\">{\"@context\":\"https:\\\/\\\/schema.org\",\"@graph\":[{\"@type\":\"WebPage\",\"@id\":\"https:\\\/\\\/www.sportshine.eu\\\/trgovina\\\/magicshine-hori-900-luc-za-kolo\\\/\",\"url\":\"https:\\\/\\\/www.sportshine.eu\\\/trgovina\\\/magicshine-hori-900-luc-za-kolo\\\/\",\"name\":\"Magicshine HORI 900 lu\u010d za kolo\",\"isPartOf\":{\"@id\":\"https:\\\/\\\/www.sportshine.eu\\\/#website\"},\"primaryImageOfPage\":{\"@id\":\"https:\\\/\\\/www.sportshine.eu\\\/trgovina\\\/magicshine-hori-900-luc-za-kolo\\\/#primaryimage\"},\"image\":{\"@id\":\"https:\\\/\\\/www.sportshine.eu\\\/trgovina\\\/magicshine-hori-900-luc-za-kolo\\\/#primaryimage\"},\"thumbnailUrl\":\"https:\\\/\\\/www.sportshine.eu\\\/wp-content\\\/uploads\\\/2025\\\/10\\\/Magicshine-Hori-900.webp\",\"datePublished\":\"2026-03-01T08:14:28+00:00\",\"dateModified\":\"2026-04-07T19:56:06+00:00\",\"description\":\"Vrhunska kolesarska lu\u010d z mo\u017enostjo namestitve pod kolesarski \u0161tevec. Z mo\u010djo 900 lumnov odli\u010dno razsvetli okolico in poskrbi, da ste na cesti vidni.\",\"breadcrumb\":{\"@id\":\"https:\\\/\\\/www.sportshine.eu\\\/trgovina\\\/magicshine-hori-900-luc-za-kolo\\\/#breadcrumb\"},\"inLanguage\":\"hr\",\"potentialAction\":[{\"@type\":\"ReadAction\",\"target\":[\"https:\\\/\\\/www.sportshine.eu\\\/trgovina\\\/magicshine-hori-900-luc-za-kolo\\\/\"]}]},{\"@type\":\"ImageObject\",\"inLanguage\":\"hr\",\"@id\":\"https:\\\/\\\/www.sportshine.eu\\\/trgovina\\\/magicshine-hori-900-luc-za-kolo\\\/#primaryimage\",\"url\":\"https:\\\/\\\/www.sportshine.eu\\\/wp-content\\\/uploads\\\/2025\\\/10\\\/Magicshine-Hori-900.webp\",\"contentUrl\":\"https:\\\/\\\/www.sportshine.eu\\\/wp-content\\\/uploads\\\/2025\\\/10\\\/Magicshine-Hori-900.webp\",\"width\":800,\"height\":800,\"caption\":\"Magicshine Hori 900\"},{\"@type\":\"BreadcrumbList\",\"@id\":\"https:\\\/\\\/www.sportshine.eu\\\/trgovina\\\/magicshine-hori-900-luc-za-kolo\\\/#breadcrumb\",\"itemListElement\":[{\"@type\":\"ListItem\",\"position\":1,\"name\":\"Home\",\"item\":\"https:\\\/\\\/www.sportshine.eu\\\/\"},{\"@type\":\"ListItem\",\"position\":2,\"name\":\"Trgovina\",\"item\":\"https:\\\/\\\/www.sportshine.eu\\\/trgovina\\\/\"},{\"@type\":\"ListItem\",\"position\":3,\"name\":\"Magicshine HORI 900 lu\u010d za kolo\"}]},{\"@type\":\"WebSite\",\"@id\":\"https:\\\/\\\/www.sportshine.eu\\\/#website\",\"url\":\"https:\\\/\\\/www.sportshine.eu\\\/\",\"name\":\"Sportshine\",\"description\":\"Top spletna trgovina kolesarskih in naglavnih svetilk ter opreme\",\"publisher\":{\"@id\":\"https:\\\/\\\/www.sportshine.eu\\\/#organization\"},\"potentialAction\":[{\"@type\":\"SearchAction\",\"target\":{\"@type\":\"EntryPoint\",\"urlTemplate\":\"https:\\\/\\\/www.sportshine.eu\\\/?s={search_term_string}\"},\"query-input\":{\"@type\":\"PropertyValueSpecification\",\"valueRequired\":true,\"valueName\":\"search_term_string\"}}],\"inLanguage\":\"hr\"},{\"@type\":\"Organization\",\"@id\":\"https:\\\/\\\/www.sportshine.eu\\\/#organization\",\"name\":\"Sportshine\",\"url\":\"https:\\\/\\\/www.sportshine.eu\\\/\",\"logo\":{\"@type\":\"ImageObject\",\"inLanguage\":\"hr\",\"@id\":\"https:\\\/\\\/www.sportshine.eu\\\/#\\\/schema\\\/logo\\\/image\\\/\",\"url\":\"https:\\\/\\\/www.sportshine.eu\\\/wp-content\\\/uploads\\\/2026\\\/01\\\/cropped-Sportshine.webp\",\"contentUrl\":\"https:\\\/\\\/www.sportshine.eu\\\/wp-content\\\/uploads\\\/2026\\\/01\\\/cropped-Sportshine.webp\",\"width\":295,\"height\":128,\"caption\":\"Sportshine\"},\"image\":{\"@id\":\"https:\\\/\\\/www.sportshine.eu\\\/#\\\/schema\\\/logo\\\/image\\\/\"},\"sameAs\":[\"https:\\\/\\\/www.facebook.com\\\/sportshine.eu\\\/\"]}]}<\/script>\n<!-- \/ Yoast SEO plugin. -->","yoast_head_json":{"title":"Magicshine HORI 900 svjetlo za bicikl","description":"Vrhunsko svjetlo za bicikl koje se mo\u017ee montirati ispod biciklisti\u010dkog ra\u010dunala. Sa snagom od 900 lumena, savr\u0161eno osvjetljava okolinu i osigurava da ste vidljivi na cesti.","robots":{"index":"index","follow":"follow","max-snippet":"max-snippet:-1","max-image-preview":"max-image-preview:large","max-video-preview":"max-video-preview:-1"},"canonical":"https:\/\/www.sportshine.eu\/hr\/ducan\/svjetla-za-bicikl-magicshine-hori-900\/","og_locale":"hr_HR","og_type":"article","og_title":"Magicshine HORI 900 lu\u010d za kolo","og_description":"Vrhunska kolesarska lu\u010d z mo\u017enostjo namestitve pod kolesarski \u0161tevec. Z mo\u010djo 900 lumnov odli\u010dno razsvetli okolico in poskrbi, da ste na cesti vidni.","og_url":"https:\/\/www.sportshine.eu\/hr\/ducan\/svjetla-za-bicikl-magicshine-hori-900\/","og_site_name":"Sportshine","article_publisher":"https:\/\/www.facebook.com\/sportshine.eu\/","article_modified_time":"2026-04-07T19:56:06+00:00","og_image":[{"width":800,"height":800,"url":"https:\/\/www.sportshine.eu\/wp-content\/uploads\/2025\/10\/Magicshine-Hori-900.webp","type":"image\/webp"}],"twitter_card":"summary_large_image","twitter_misc":{"Procijenjeno vrijeme \u010ditanja":"3 minute"},"schema":{"@context":"https:\/\/schema.org","@graph":[{"@type":"WebPage","@id":"https:\/\/www.sportshine.eu\/trgovina\/magicshine-hori-900-luc-za-kolo\/","url":"https:\/\/www.sportshine.eu\/trgovina\/magicshine-hori-900-luc-za-kolo\/","name":"Magicshine HORI 900 svjetlo za bicikl","isPartOf":{"@id":"https:\/\/www.sportshine.eu\/#website"},"primaryImageOfPage":{"@id":"https:\/\/www.sportshine.eu\/trgovina\/magicshine-hori-900-luc-za-kolo\/#primaryimage"},"image":{"@id":"https:\/\/www.sportshine.eu\/trgovina\/magicshine-hori-900-luc-za-kolo\/#primaryimage"},"thumbnailUrl":"https:\/\/www.sportshine.eu\/wp-content\/uploads\/2025\/10\/Magicshine-Hori-900.webp","datePublished":"2026-03-01T08:14:28+00:00","dateModified":"2026-04-07T19:56:06+00:00","description":"Vrhunsko svjetlo za bicikl koje se mo\u017ee montirati ispod biciklisti\u010dkog ra\u010dunala. Sa snagom od 900 lumena, savr\u0161eno osvjetljava okolinu i osigurava da ste vidljivi na cesti.","breadcrumb":{"@id":"https:\/\/www.sportshine.eu\/trgovina\/magicshine-hori-900-luc-za-kolo\/#breadcrumb"},"inLanguage":"hr","potentialAction":[{"@type":"ReadAction","target":["https:\/\/www.sportshine.eu\/trgovina\/magicshine-hori-900-luc-za-kolo\/"]}]},{"@type":"ImageObject","inLanguage":"hr","@id":"https:\/\/www.sportshine.eu\/trgovina\/magicshine-hori-900-luc-za-kolo\/#primaryimage","url":"https:\/\/www.sportshine.eu\/wp-content\/uploads\/2025\/10\/Magicshine-Hori-900.webp","contentUrl":"https:\/\/www.sportshine.eu\/wp-content\/uploads\/2025\/10\/Magicshine-Hori-900.webp","width":800,"height":800,"caption":"Magicshine Hori 900"},{"@type":"BreadcrumbList","@id":"https:\/\/www.sportshine.eu\/trgovina\/magicshine-hori-900-luc-za-kolo\/#breadcrumb","itemListElement":[{"@type":"ListItem","position":1,"name":"Home","item":"https:\/\/www.sportshine.eu\/"},{"@type":"ListItem","position":2,"name":"Trgovina","item":"https:\/\/www.sportshine.eu\/trgovina\/"},{"@type":"ListItem","position":3,"name":"Magicshine HORI 900 lu\u010d za kolo"}]},{"@type":"WebSite","@id":"https:\/\/www.sportshine.eu\/#website","url":"https:\/\/www.sportshine.eu\/","name":"Sportshine","description":"Vrhunska online trgovina za biciklisti\u010dke i \u010deone svjetiljke i opremu","publisher":{"@id":"https:\/\/www.sportshine.eu\/#organization"},"potentialAction":[{"@type":"SearchAction","target":{"@type":"EntryPoint","urlTemplate":"https:\/\/www.sportshine.eu\/?s={search_term_string}"},"query-input":{"@type":"PropertyValueSpecification","valueRequired":true,"valueName":"search_term_string"}}],"inLanguage":"hr"},{"@type":"Organization","@id":"https:\/\/www.sportshine.eu\/#organization","name":"Sportshine","url":"https:\/\/www.sportshine.eu\/","logo":{"@type":"ImageObject","inLanguage":"hr","@id":"https:\/\/www.sportshine.eu\/#\/schema\/logo\/image\/","url":"https:\/\/www.sportshine.eu\/wp-content\/uploads\/2026\/01\/cropped-Sportshine.webp","contentUrl":"https:\/\/www.sportshine.eu\/wp-content\/uploads\/2026\/01\/cropped-Sportshine.webp","width":295,"height":128,"caption":"Sportshine"},"image":{"@id":"https:\/\/www.sportshine.eu\/#\/schema\/logo\/image\/"},"sameAs":["https:\/\/www.facebook.com\/sportshine.eu\/"]}]}},"_links":{"self":[{"href":"https:\/\/www.sportshine.eu\/hr\/wp-json\/wp\/v2\/product\/8093","targetHints":{"allow":["GET"]}}],"collection":[{"href":"https:\/\/www.sportshine.eu\/hr\/wp-json\/wp\/v2\/product"}],"about":[{"href":"https:\/\/www.sportshine.eu\/hr\/wp-json\/wp\/v2\/types\/product"}],"replies":[{"embeddable":true,"href":"https:\/\/www.sportshine.eu\/hr\/wp-json\/wp\/v2\/comments?post=8093"}],"version-history":[{"count":1,"href":"https:\/\/www.sportshine.eu\/hr\/wp-json\/wp\/v2\/product\/8093\/revisions"}],"predecessor-version":[{"id":10344,"href":"https:\/\/www.sportshine.eu\/hr\/wp-json\/wp\/v2\/product\/8093\/revisions\/10344"}],"wp:featuredmedia":[{"embeddable":true,"href":"https:\/\/www.sportshine.eu\/hr\/wp-json\/wp\/v2\/media\/8095"}],"wp:attachment":[{"href":"https:\/\/www.sportshine.eu\/hr\/wp-json\/wp\/v2\/media?parent=8093"}],"wp:term":[{"taxonomy":"product_brand","embeddable":true,"href":"https:\/\/www.sportshine.eu\/hr\/wp-json\/wp\/v2\/product_brand?post=8093"},{"taxonomy":"product_cat","embeddable":true,"href":"https:\/\/www.sportshine.eu\/hr\/wp-json\/wp\/v2\/product_cat?post=8093"},{"taxonomy":"product_tag","embeddable":true,"href":"https:\/\/www.sportshine.eu\/hr\/wp-json\/wp\/v2\/product_tag?post=8093"}],"curies":[{"name":"radni list","href":"https:\/\/api.w.org\/{rel}","templated":true}]}}