{"id":8021,"date":"2025-09-28T20:30:42","date_gmt":"2025-09-28T20:30:42","guid":{"rendered":"https:\/\/www.sportshine.eu\/?post_type=product&#038;p=8021"},"modified":"2026-04-17T20:29:43","modified_gmt":"2026-04-17T20:29:43","slug":"drzac-za-magicshine-mj-6556-seemee","status":"publish","type":"product","link":"https:\/\/www.sportshine.eu\/hr\/ducan\/drzac-za-magicshine-mj-6556-seemee\/","title":{"rendered":"Magicshine MJ-6556 SEEMEE nosa\u010d"},"content":{"rendered":"<p data-start=\"399\" data-end=\"700\">MJ-6556 SEEMEE nosa\u010d za GoPro kameru ispod sjedala izra\u0111en je od CNC obra\u0111enog aluminija, pru\u017eaju\u0107i savr\u0161enu kombinaciju lako\u0107e, izdr\u017eljivosti i sigurnosti. Zahvaljuju\u0107i univerzalnom GoPro su\u010delju, mo\u017ee se koristiti i kao samostalni nosa\u010d za GoPro akcijske kamere ili DV kamere.<\/p>\n<p data-start=\"702\" data-end=\"965\">Kompatibilan je sa sjedalima bicikala s razmakom monta\u017ee od 53-58 mm, \u0161to omogu\u0107uje precizno pode\u0161avanje i optimalno pozicioniranje. Lako se postavlja i uklanja, a istovremeno osigurava stabilnost \u010dak i na zahtjevnom terenu.<\/p>\n<p data-start=\"967\" data-end=\"1220\">Klju\u010dne zna\u010dajke:<br data-start=\"989\" data-end=\"992\" \/>\u2714 CNC obra\u0111en aluminij \u2013 lagan i izdr\u017eljiv<br data-start=\"1033\" data-end=\"1036\" \/>\u2714 Univerzalno GoPro su\u010delje<br data-start=\"1063\" data-end=\"1066\" \/>\u2714 Kompatibilnost sa stra\u017enjim svjetlima Magicshine SEEMEE<br data-start=\"1115\" data-end=\"1118\" \/>\u2714 Pogodno za GoPro i DV kamere<br data-start=\"1150\" data-end=\"1153\" \/>\u2714 Jednostavna i brza instalacija<br data-start=\"1181\" data-end=\"1184\" \/>\u2714 Stabilnost i sigurnost vo\u017enje<\/p>\n<p data-start=\"1222\" data-end=\"1241\">Kompatibilnost:<\/p>\n<ul data-start=\"1242\" data-end=\"1323\">\n<li data-start=\"1242\" data-end=\"1283\">\n<p data-start=\"1244\" data-end=\"1283\">Stra\u017enja svjetla serije Magicshine SEEMEE<\/p>\n<\/li>\n<li data-start=\"1284\" data-end=\"1309\">\n<p data-start=\"1286\" data-end=\"1309\">GoPro akcijske kamere<\/p>\n<\/li>\n<li data-start=\"1310\" data-end=\"1323\">\n<p data-start=\"1312\" data-end=\"1323\">DV kamere<\/p>\n<\/li>\n<\/ul>","protected":false},"excerpt":{"rendered":"<p data-start=\"114\" data-end=\"374\">Izdr\u017eljiv aluminijski nosa\u010d za biciklisti\u010dko sjedalo kompatibilan sa stra\u017enjim svjetlima Magicshine SEEMEE, GoPro kamerama i DV kamerama. Lagan je, jednostavan za ugradnju i omogu\u0107uje siguran i stabilan nosa\u010d.<\/p>","protected":false},"featured_media":8022,"comment_status":"open","ping_status":"closed","template":"","meta":[],"product_brand":[131],"product_cat":[87],"product_tag":[],"class_list":{"0":"post-8021","1":"product","2":"type-product","3":"status-publish","4":"has-post-thumbnail","6":"product_brand-magicshine","7":"product_cat-kolesarski-nosilci","9":"first","10":"outofstock","11":"taxable","12":"shipping-taxable","13":"purchasable","14":"product-type-simple"},"yoast_head":"<!-- This site is optimized with the Yoast SEO plugin v27.3 - https:\/\/yoast.com\/product\/yoast-seo-wordpress\/ -->\n<title>Magicshine MJ-6556 SEEMEE nosilec<\/title>\n<meta name=\"robots\" content=\"index, follow, max-snippet:-1, max-image-preview:large, max-video-preview:-1\" \/>\n<link rel=\"canonical\" href=\"https:\/\/www.sportshine.eu\/hr\/ducan\/drzac-za-magicshine-mj-6556-seemee\/\" \/>\n<meta property=\"og:locale\" content=\"hr_HR\" \/>\n<meta property=\"og:type\" content=\"article\" \/>\n<meta property=\"og:title\" content=\"Magicshine MJ-6556 SEEMEE nosilec\" \/>\n<meta property=\"og:description\" content=\"Trpe\u017een aluminijast nosilec za kolesarski sede\u017e, zdru\u017eljiv z zadnjimi lu\u010dmi Magicshine SEEMEE, GoPro kamerami in DV kamerami. Lahek, enostaven za namestitev in zagotavlja varno ter stabilno pritrditev.\" \/>\n<meta property=\"og:url\" content=\"https:\/\/www.sportshine.eu\/hr\/ducan\/drzac-za-magicshine-mj-6556-seemee\/\" \/>\n<meta property=\"og:site_name\" content=\"Sportshine\" \/>\n<meta property=\"article:publisher\" content=\"https:\/\/www.facebook.com\/sportshine.eu\/\" \/>\n<meta property=\"article:modified_time\" content=\"2026-04-17T20:29:43+00:00\" \/>\n<meta property=\"og:image\" content=\"https:\/\/www.sportshine.eu\/wp-content\/uploads\/2025\/09\/MJ-6556.webp\" \/>\n\t<meta property=\"og:image:width\" content=\"800\" \/>\n\t<meta property=\"og:image:height\" content=\"800\" \/>\n\t<meta property=\"og:image:type\" content=\"image\/webp\" \/>\n<meta name=\"twitter:card\" content=\"summary_large_image\" \/>\n<meta name=\"twitter:label1\" content=\"Procijenjeno vrijeme \u010ditanja\" \/>\n\t<meta name=\"twitter:data1\" content=\"1 minuta\" \/>\n<script type=\"application\/ld+json\" class=\"yoast-schema-graph\">{\"@context\":\"https:\\\/\\\/schema.org\",\"@graph\":[{\"@type\":\"WebPage\",\"@id\":\"https:\\\/\\\/www.sportshine.eu\\\/trgovina\\\/magicshine-mj-6556-seemee-nosilec\\\/\",\"url\":\"https:\\\/\\\/www.sportshine.eu\\\/trgovina\\\/magicshine-mj-6556-seemee-nosilec\\\/\",\"name\":\"Magicshine MJ-6556 SEEMEE nosilec\",\"isPartOf\":{\"@id\":\"https:\\\/\\\/www.sportshine.eu\\\/#website\"},\"primaryImageOfPage\":{\"@id\":\"https:\\\/\\\/www.sportshine.eu\\\/trgovina\\\/magicshine-mj-6556-seemee-nosilec\\\/#primaryimage\"},\"image\":{\"@id\":\"https:\\\/\\\/www.sportshine.eu\\\/trgovina\\\/magicshine-mj-6556-seemee-nosilec\\\/#primaryimage\"},\"thumbnailUrl\":\"https:\\\/\\\/www.sportshine.eu\\\/wp-content\\\/uploads\\\/2025\\\/09\\\/MJ-6556.webp\",\"datePublished\":\"2025-09-28T20:30:42+00:00\",\"dateModified\":\"2026-04-17T20:29:43+00:00\",\"breadcrumb\":{\"@id\":\"https:\\\/\\\/www.sportshine.eu\\\/trgovina\\\/magicshine-mj-6556-seemee-nosilec\\\/#breadcrumb\"},\"inLanguage\":\"hr\",\"potentialAction\":[{\"@type\":\"ReadAction\",\"target\":[\"https:\\\/\\\/www.sportshine.eu\\\/trgovina\\\/magicshine-mj-6556-seemee-nosilec\\\/\"]}]},{\"@type\":\"ImageObject\",\"inLanguage\":\"hr\",\"@id\":\"https:\\\/\\\/www.sportshine.eu\\\/trgovina\\\/magicshine-mj-6556-seemee-nosilec\\\/#primaryimage\",\"url\":\"https:\\\/\\\/www.sportshine.eu\\\/wp-content\\\/uploads\\\/2025\\\/09\\\/MJ-6556.webp\",\"contentUrl\":\"https:\\\/\\\/www.sportshine.eu\\\/wp-content\\\/uploads\\\/2025\\\/09\\\/MJ-6556.webp\",\"width\":800,\"height\":800,\"caption\":\"MJ-6556\"},{\"@type\":\"BreadcrumbList\",\"@id\":\"https:\\\/\\\/www.sportshine.eu\\\/trgovina\\\/magicshine-mj-6556-seemee-nosilec\\\/#breadcrumb\",\"itemListElement\":[{\"@type\":\"ListItem\",\"position\":1,\"name\":\"Home\",\"item\":\"https:\\\/\\\/www.sportshine.eu\\\/\"},{\"@type\":\"ListItem\",\"position\":2,\"name\":\"Trgovina\",\"item\":\"https:\\\/\\\/www.sportshine.eu\\\/trgovina\\\/\"},{\"@type\":\"ListItem\",\"position\":3,\"name\":\"Magicshine MJ-6556 SEEMEE nosilec\"}]},{\"@type\":\"WebSite\",\"@id\":\"https:\\\/\\\/www.sportshine.eu\\\/#website\",\"url\":\"https:\\\/\\\/www.sportshine.eu\\\/\",\"name\":\"Sportshine\",\"description\":\"Top spletna trgovina kolesarskih in naglavnih svetilk ter opreme\",\"publisher\":{\"@id\":\"https:\\\/\\\/www.sportshine.eu\\\/#organization\"},\"potentialAction\":[{\"@type\":\"SearchAction\",\"target\":{\"@type\":\"EntryPoint\",\"urlTemplate\":\"https:\\\/\\\/www.sportshine.eu\\\/?s={search_term_string}\"},\"query-input\":{\"@type\":\"PropertyValueSpecification\",\"valueRequired\":true,\"valueName\":\"search_term_string\"}}],\"inLanguage\":\"hr\"},{\"@type\":\"Organization\",\"@id\":\"https:\\\/\\\/www.sportshine.eu\\\/#organization\",\"name\":\"Sportshine\",\"url\":\"https:\\\/\\\/www.sportshine.eu\\\/\",\"logo\":{\"@type\":\"ImageObject\",\"inLanguage\":\"hr\",\"@id\":\"https:\\\/\\\/www.sportshine.eu\\\/#\\\/schema\\\/logo\\\/image\\\/\",\"url\":\"https:\\\/\\\/www.sportshine.eu\\\/wp-content\\\/uploads\\\/2026\\\/01\\\/cropped-Sportshine.webp\",\"contentUrl\":\"https:\\\/\\\/www.sportshine.eu\\\/wp-content\\\/uploads\\\/2026\\\/01\\\/cropped-Sportshine.webp\",\"width\":295,\"height\":128,\"caption\":\"Sportshine\"},\"image\":{\"@id\":\"https:\\\/\\\/www.sportshine.eu\\\/#\\\/schema\\\/logo\\\/image\\\/\"},\"sameAs\":[\"https:\\\/\\\/www.facebook.com\\\/sportshine.eu\\\/\"]}]}<\/script>\n<!-- \/ Yoast SEO plugin. -->","yoast_head_json":{"title":"Magicshine MJ-6556 SEEMEE nosa\u010d","robots":{"index":"index","follow":"follow","max-snippet":"max-snippet:-1","max-image-preview":"max-image-preview:large","max-video-preview":"max-video-preview:-1"},"canonical":"https:\/\/www.sportshine.eu\/hr\/ducan\/drzac-za-magicshine-mj-6556-seemee\/","og_locale":"hr_HR","og_type":"article","og_title":"Magicshine MJ-6556 SEEMEE nosilec","og_description":"Trpe\u017een aluminijast nosilec za kolesarski sede\u017e, zdru\u017eljiv z zadnjimi lu\u010dmi Magicshine SEEMEE, GoPro kamerami in DV kamerami. Lahek, enostaven za namestitev in zagotavlja varno ter stabilno pritrditev.","og_url":"https:\/\/www.sportshine.eu\/hr\/ducan\/drzac-za-magicshine-mj-6556-seemee\/","og_site_name":"Sportshine","article_publisher":"https:\/\/www.facebook.com\/sportshine.eu\/","article_modified_time":"2026-04-17T20:29:43+00:00","og_image":[{"width":800,"height":800,"url":"https:\/\/www.sportshine.eu\/wp-content\/uploads\/2025\/09\/MJ-6556.webp","type":"image\/webp"}],"twitter_card":"summary_large_image","twitter_misc":{"Procijenjeno vrijeme \u010ditanja":"1 minuta"},"schema":{"@context":"https:\/\/schema.org","@graph":[{"@type":"WebPage","@id":"https:\/\/www.sportshine.eu\/trgovina\/magicshine-mj-6556-seemee-nosilec\/","url":"https:\/\/www.sportshine.eu\/trgovina\/magicshine-mj-6556-seemee-nosilec\/","name":"Magicshine MJ-6556 SEEMEE nosa\u010d","isPartOf":{"@id":"https:\/\/www.sportshine.eu\/#website"},"primaryImageOfPage":{"@id":"https:\/\/www.sportshine.eu\/trgovina\/magicshine-mj-6556-seemee-nosilec\/#primaryimage"},"image":{"@id":"https:\/\/www.sportshine.eu\/trgovina\/magicshine-mj-6556-seemee-nosilec\/#primaryimage"},"thumbnailUrl":"https:\/\/www.sportshine.eu\/wp-content\/uploads\/2025\/09\/MJ-6556.webp","datePublished":"2025-09-28T20:30:42+00:00","dateModified":"2026-04-17T20:29:43+00:00","breadcrumb":{"@id":"https:\/\/www.sportshine.eu\/trgovina\/magicshine-mj-6556-seemee-nosilec\/#breadcrumb"},"inLanguage":"hr","potentialAction":[{"@type":"ReadAction","target":["https:\/\/www.sportshine.eu\/trgovina\/magicshine-mj-6556-seemee-nosilec\/"]}]},{"@type":"ImageObject","inLanguage":"hr","@id":"https:\/\/www.sportshine.eu\/trgovina\/magicshine-mj-6556-seemee-nosilec\/#primaryimage","url":"https:\/\/www.sportshine.eu\/wp-content\/uploads\/2025\/09\/MJ-6556.webp","contentUrl":"https:\/\/www.sportshine.eu\/wp-content\/uploads\/2025\/09\/MJ-6556.webp","width":800,"height":800,"caption":"MJ-6556"},{"@type":"BreadcrumbList","@id":"https:\/\/www.sportshine.eu\/trgovina\/magicshine-mj-6556-seemee-nosilec\/#breadcrumb","itemListElement":[{"@type":"ListItem","position":1,"name":"Home","item":"https:\/\/www.sportshine.eu\/"},{"@type":"ListItem","position":2,"name":"Trgovina","item":"https:\/\/www.sportshine.eu\/trgovina\/"},{"@type":"ListItem","position":3,"name":"Magicshine MJ-6556 SEEMEE nosilec"}]},{"@type":"WebSite","@id":"https:\/\/www.sportshine.eu\/#website","url":"https:\/\/www.sportshine.eu\/","name":"Sportshine","description":"Vrhunska online trgovina za biciklisti\u010dke i \u010deone svjetiljke i opremu","publisher":{"@id":"https:\/\/www.sportshine.eu\/#organization"},"potentialAction":[{"@type":"SearchAction","target":{"@type":"EntryPoint","urlTemplate":"https:\/\/www.sportshine.eu\/?s={search_term_string}"},"query-input":{"@type":"PropertyValueSpecification","valueRequired":true,"valueName":"search_term_string"}}],"inLanguage":"hr"},{"@type":"Organization","@id":"https:\/\/www.sportshine.eu\/#organization","name":"Sportshine","url":"https:\/\/www.sportshine.eu\/","logo":{"@type":"ImageObject","inLanguage":"hr","@id":"https:\/\/www.sportshine.eu\/#\/schema\/logo\/image\/","url":"https:\/\/www.sportshine.eu\/wp-content\/uploads\/2026\/01\/cropped-Sportshine.webp","contentUrl":"https:\/\/www.sportshine.eu\/wp-content\/uploads\/2026\/01\/cropped-Sportshine.webp","width":295,"height":128,"caption":"Sportshine"},"image":{"@id":"https:\/\/www.sportshine.eu\/#\/schema\/logo\/image\/"},"sameAs":["https:\/\/www.facebook.com\/sportshine.eu\/"]}]}},"_links":{"self":[{"href":"https:\/\/www.sportshine.eu\/hr\/wp-json\/wp\/v2\/product\/8021","targetHints":{"allow":["GET"]}}],"collection":[{"href":"https:\/\/www.sportshine.eu\/hr\/wp-json\/wp\/v2\/product"}],"about":[{"href":"https:\/\/www.sportshine.eu\/hr\/wp-json\/wp\/v2\/types\/product"}],"replies":[{"embeddable":true,"href":"https:\/\/www.sportshine.eu\/hr\/wp-json\/wp\/v2\/comments?post=8021"}],"version-history":[{"count":0,"href":"https:\/\/www.sportshine.eu\/hr\/wp-json\/wp\/v2\/product\/8021\/revisions"}],"wp:featuredmedia":[{"embeddable":true,"href":"https:\/\/www.sportshine.eu\/hr\/wp-json\/wp\/v2\/media\/8022"}],"wp:attachment":[{"href":"https:\/\/www.sportshine.eu\/hr\/wp-json\/wp\/v2\/media?parent=8021"}],"wp:term":[{"taxonomy":"product_brand","embeddable":true,"href":"https:\/\/www.sportshine.eu\/hr\/wp-json\/wp\/v2\/product_brand?post=8021"},{"taxonomy":"product_cat","embeddable":true,"href":"https:\/\/www.sportshine.eu\/hr\/wp-json\/wp\/v2\/product_cat?post=8021"},{"taxonomy":"product_tag","embeddable":true,"href":"https:\/\/www.sportshine.eu\/hr\/wp-json\/wp\/v2\/product_tag?post=8021"}],"curies":[{"name":"radni list","href":"https:\/\/api.w.org\/{rel}","templated":true}]}}