{"id":8010,"date":"2026-01-29T11:00:08","date_gmt":"2026-01-29T11:00:08","guid":{"rendered":"https:\/\/www.sportshine.eu\/?post_type=product&#038;p=8010"},"modified":"2026-03-13T20:52:42","modified_gmt":"2026-03-13T20:52:42","slug":"gaciron-w15a-100-straznje-svjetlo-za-bicikl-bijelo","status":"publish","type":"product","link":"https:\/\/www.sportshine.eu\/hr\/ducan\/gaciron-w15a-100-straznje-svjetlo-za-bicikl-bijelo\/","title":{"rendered":"Gaciron W15A-100 stra\u017enje svjetlo za bicikl bijelo"},"content":{"rendered":"<h3 style=\"text-align: center;\">100 LUMENA SVJETLOSTI S UGRA\u0110ENIM SENZOROM KO\u010cNICE I MAGNETSKIM PRI\u010cVR\u0160\u0106IVA\u010cEM<\/h3>\n<p><img decoding=\"async\" class=\"aligncenter wp-image-8011 size-full\" src=\"https:\/\/www.sportshine.eu\/wp-content\/uploads\/2025\/09\/Gaciron-W15A-luc-za-kolo-bela.webp\" alt=\"Gaciron W15a svjetlo za bicikl bijelo\" width=\"800\" height=\"800\" srcset=\"https:\/\/www.sportshine.eu\/wp-content\/uploads\/2025\/09\/Gaciron-W15A-luc-za-kolo-bela.webp 800w, https:\/\/www.sportshine.eu\/wp-content\/uploads\/2025\/09\/Gaciron-W15A-luc-za-kolo-bela-768x768.webp 768w, https:\/\/www.sportshine.eu\/wp-content\/uploads\/2025\/09\/Gaciron-W15A-luc-za-kolo-bela-600x600.webp 600w\" sizes=\"(max-width: 800px) 100vw, 800px\" \/><\/p>\n<h3 style=\"text-align: center;\">SENZOR KO\u010cENJA RADI S NEVJEROJATNOM PRECIZNO\u0160\u0106U<\/h3>\n<p style=\"text-align: center;\">Kada svjetlo detektira ko\u010denje, upozoravaju\u0107e svjetlo sa svjetlinom od 100 lumena svijetli 3 sekunde. Na samom gumbu za uklju\u010divanje, dugim pritiskom od 3 sekunde uklju\u010duje se ili isklju\u010duje funkcija ko\u010denja.<\/p>\n<p><img decoding=\"async\" class=\"aligncenter wp-image-7585 size-full\" src=\"https:\/\/www.sportshine.eu\/wp-content\/uploads\/2025\/07\/Gaciron-W15A-100-1.webp\" alt=\"\" width=\"800\" height=\"600\" srcset=\"https:\/\/www.sportshine.eu\/wp-content\/uploads\/2025\/07\/Gaciron-W15A-100-1.webp 800w, https:\/\/www.sportshine.eu\/wp-content\/uploads\/2025\/07\/Gaciron-W15A-100-1-768x576.webp 768w, https:\/\/www.sportshine.eu\/wp-content\/uploads\/2025\/07\/Gaciron-W15A-100-1-600x450.webp 600w\" sizes=\"(max-width: 800px) 100vw, 800px\" \/><\/p>\n<h3 style=\"text-align: center;\">KU\u0106I\u0160TE IZRA\u0110ENO U POTPUNOSTI OD ALUMINIJA<\/h3>\n<p style=\"text-align: center;\">CNC obrada osigurava preciznu obradu ku\u0107i\u0161ta za optimalnu trajnost. Stvara vizualno privla\u010dan dizajn koji pobolj\u0161ava cjelokupni izgled bicikla.<\/p>\n<p><img decoding=\"async\" class=\"aligncenter wp-image-8014 size-full\" src=\"https:\/\/www.sportshine.eu\/wp-content\/uploads\/2025\/09\/Gaciron-W15A-luc-za-kolo-bela-4.webp\" alt=\"Gaciron W15A svjetlo za bicikl bijelo \" width=\"800\" height=\"800\" srcset=\"https:\/\/www.sportshine.eu\/wp-content\/uploads\/2025\/09\/Gaciron-W15A-luc-za-kolo-bela-4.webp 800w, https:\/\/www.sportshine.eu\/wp-content\/uploads\/2025\/09\/Gaciron-W15A-luc-za-kolo-bela-4-768x768.webp 768w, https:\/\/www.sportshine.eu\/wp-content\/uploads\/2025\/09\/Gaciron-W15A-luc-za-kolo-bela-4-600x600.webp 600w\" sizes=\"(max-width: 800px) 100vw, 800px\" \/><\/p>\n<h3 style=\"text-align: center;\">VODOOTPORAN PREMA IPX6 STANDARDU<\/h3>\n<p style=\"text-align: center;\">Izra\u0111en je od izdr\u017eljivih materijala koji podnose vodu i vlagu. Omogu\u0107uje vam sigurnu vo\u017enju \u010dak i po jakoj ki\u0161i.<\/p>\n<p><img decoding=\"async\" class=\"aligncenter wp-image-8012 size-full\" src=\"https:\/\/www.sportshine.eu\/wp-content\/uploads\/2025\/09\/Gaciron-W15A-luc-za-kolo-bela-2.webp\" alt=\"Gaciron W15A svjetlo za bicikl bijelo\" width=\"800\" height=\"800\" srcset=\"https:\/\/www.sportshine.eu\/wp-content\/uploads\/2025\/09\/Gaciron-W15A-luc-za-kolo-bela-2.webp 800w, https:\/\/www.sportshine.eu\/wp-content\/uploads\/2025\/09\/Gaciron-W15A-luc-za-kolo-bela-2-768x768.webp 768w, https:\/\/www.sportshine.eu\/wp-content\/uploads\/2025\/09\/Gaciron-W15A-luc-za-kolo-bela-2-600x600.webp 600w\" sizes=\"(max-width: 800px) 100vw, 800px\" \/><\/p>\n<h3 style=\"text-align: center;\">PAMETNO DETEKCIJANJE VIBRACIJE<\/h3>\n<p style=\"text-align: center;\">Nakon uklju\u010divanja ure\u0111aja, svjetlo prelazi u stanje mirovanja nakon 120 sekundi neaktivnosti. Kada se detektira kretanje, svjetlo se vra\u0107a u prethodni na\u010din rada, \u0161to znatno smanjuje potro\u0161nju energije.<\/p>\n<p><img decoding=\"async\" class=\"aligncenter wp-image-7590 size-full\" src=\"https:\/\/www.sportshine.eu\/wp-content\/uploads\/2025\/07\/Gaciron-W15A-100-5.webp\" alt=\"Gaciron W15A-100 \" width=\"800\" height=\"600\" srcset=\"https:\/\/www.sportshine.eu\/wp-content\/uploads\/2025\/07\/Gaciron-W15A-100-5.webp 800w, https:\/\/www.sportshine.eu\/wp-content\/uploads\/2025\/07\/Gaciron-W15A-100-5-768x576.webp 768w, https:\/\/www.sportshine.eu\/wp-content\/uploads\/2025\/07\/Gaciron-W15A-100-5-600x450.webp 600w\" sizes=\"(max-width: 800px) 100vw, 800px\" \/><\/p>\n<h3 style=\"text-align: center;\">VIDEO PREZENTACIJA SVJETLA ZA BICIKL<\/h3>\n<p><iframe loading=\"lazy\" title=\"GACIRON W15A-100\" width=\"500\" height=\"281\" src=\"https:\/\/www.youtube.com\/embed\/YEcB6oaU11Y?feature=oembed\" frameborder=\"0\" allow=\"accelerometer; autoplay; clipboard-write; encrypted-media; gyroscope; picture-in-picture; web-share\" referrerpolicy=\"strict-origin-when-cross-origin\" allowfullscreen><\/iframe><\/p>\n<p>&nbsp;<\/p>\n<h3 style=\"text-align: center;\">DOBIT \u0106ETE U PAKETU<\/h3>\n<p><img decoding=\"async\" class=\"aligncenter wp-image-8013 size-full\" src=\"https:\/\/www.sportshine.eu\/wp-content\/uploads\/2025\/09\/Gaciron-W15A-luc-za-kolo-bela-3.webp\" alt=\"Gaciron W15A svjetlo za bicikl bijelo \" width=\"800\" height=\"800\" srcset=\"https:\/\/www.sportshine.eu\/wp-content\/uploads\/2025\/09\/Gaciron-W15A-luc-za-kolo-bela-3.webp 800w, https:\/\/www.sportshine.eu\/wp-content\/uploads\/2025\/09\/Gaciron-W15A-luc-za-kolo-bela-3-768x768.webp 768w, https:\/\/www.sportshine.eu\/wp-content\/uploads\/2025\/09\/Gaciron-W15A-luc-za-kolo-bela-3-600x600.webp 600w\" sizes=\"(max-width: 800px) 100vw, 800px\" \/><\/p>","protected":false},"excerpt":{"rendered":"<p>Stra\u017enje biciklisti\u010dko svjetlo Gaciron W15A-100 izra\u0111eno je od izdr\u017eljivog aluminija i vodootporno je prema IPX6 standardu. Svijetli maksimalnom snagom od 100 lumena i ima ugra\u0111en precizni senzor ko\u010denja koji savr\u0161eno detektira ko\u010denje (mo\u017ee se i ru\u010dno isklju\u010diti). Preporu\u010dujemo ga svim biciklistima koji \u017eele biti vrlo vidljivi \u010dak i danju.<\/p>\n<p>Za karbonsku verziju modela Gaciron W15A-100<span style=\"color: #ff0000;\"> <a style=\"color: #ff0000;\" href=\"https:\/\/www.sportshine.eu\/hr\/ducan\/straznje-led-svjetlo-za-bicikl-gaciron-w15a-100-karbon\/\">kliknite ovdje.<\/a><\/span><\/p>","protected":false},"featured_media":8011,"comment_status":"open","ping_status":"closed","template":"","meta":[],"product_brand":[132],"product_cat":[86],"product_tag":[],"class_list":{"0":"post-8010","1":"product","2":"type-product","3":"status-publish","4":"has-post-thumbnail","6":"product_brand-gaciron","7":"product_cat-zadnje-kolesarske-luci","9":"first","10":"instock","11":"sale","12":"taxable","13":"shipping-taxable","14":"purchasable","15":"product-type-simple"},"yoast_head":"<!-- This site is optimized with the Yoast SEO plugin v27.3 - https:\/\/yoast.com\/product\/yoast-seo-wordpress\/ -->\n<title>Gaciron W15A-100 zadnja lu\u010d za kolo bela<\/title>\n<meta name=\"description\" content=\"Zmogljiva zadnja lu\u010d za kolo z vgrajenim natan\u010dnim senzorjem za zaviranje. Do 40 ur delovanja in do 100 lumnov mo\u010di. Vgrajeno inovativno magneto zapenjalo.\" \/>\n<meta name=\"robots\" content=\"index, follow, max-snippet:-1, max-image-preview:large, max-video-preview:-1\" \/>\n<link rel=\"canonical\" href=\"https:\/\/www.sportshine.eu\/hr\/ducan\/gaciron-w15a-100-straznje-svjetlo-za-bicikl-bijelo\/\" \/>\n<meta property=\"og:locale\" content=\"hr_HR\" \/>\n<meta property=\"og:type\" content=\"article\" \/>\n<meta property=\"og:title\" content=\"Gaciron W15A-100 zadnja lu\u010d za kolo bela\" \/>\n<meta property=\"og:description\" content=\"Zmogljiva zadnja lu\u010d za kolo z vgrajenim natan\u010dnim senzorjem za zaviranje. Do 40 ur delovanja in do 100 lumnov mo\u010di. Vgrajeno inovativno magneto zapenjalo.\" \/>\n<meta property=\"og:url\" content=\"https:\/\/www.sportshine.eu\/hr\/ducan\/gaciron-w15a-100-straznje-svjetlo-za-bicikl-bijelo\/\" \/>\n<meta property=\"og:site_name\" content=\"Sportshine\" \/>\n<meta property=\"article:publisher\" content=\"https:\/\/www.facebook.com\/sportshine.eu\/\" \/>\n<meta property=\"article:modified_time\" content=\"2026-03-13T20:52:42+00:00\" \/>\n<meta property=\"og:image\" content=\"https:\/\/www.sportshine.eu\/wp-content\/uploads\/2025\/09\/Gaciron-W15A-luc-za-kolo-bela.webp\" \/>\n\t<meta property=\"og:image:width\" content=\"800\" \/>\n\t<meta property=\"og:image:height\" content=\"800\" \/>\n\t<meta property=\"og:image:type\" content=\"image\/webp\" \/>\n<meta name=\"twitter:card\" content=\"summary_large_image\" \/>\n<meta name=\"twitter:label1\" content=\"Procijenjeno vrijeme \u010ditanja\" \/>\n\t<meta name=\"twitter:data1\" content=\"3 minute\" \/>\n<script type=\"application\/ld+json\" class=\"yoast-schema-graph\">{\"@context\":\"https:\\\/\\\/schema.org\",\"@graph\":[{\"@type\":\"WebPage\",\"@id\":\"https:\\\/\\\/www.sportshine.eu\\\/trgovina\\\/gaciron-w15a-100-zadnja-luc-za-kolo-bela\\\/\",\"url\":\"https:\\\/\\\/www.sportshine.eu\\\/trgovina\\\/gaciron-w15a-100-zadnja-luc-za-kolo-bela\\\/\",\"name\":\"Gaciron W15A-100 zadnja lu\u010d za kolo bela\",\"isPartOf\":{\"@id\":\"https:\\\/\\\/www.sportshine.eu\\\/#website\"},\"primaryImageOfPage\":{\"@id\":\"https:\\\/\\\/www.sportshine.eu\\\/trgovina\\\/gaciron-w15a-100-zadnja-luc-za-kolo-bela\\\/#primaryimage\"},\"image\":{\"@id\":\"https:\\\/\\\/www.sportshine.eu\\\/trgovina\\\/gaciron-w15a-100-zadnja-luc-za-kolo-bela\\\/#primaryimage\"},\"thumbnailUrl\":\"https:\\\/\\\/www.sportshine.eu\\\/wp-content\\\/uploads\\\/2025\\\/09\\\/Gaciron-W15A-luc-za-kolo-bela.webp\",\"datePublished\":\"2026-01-29T11:00:08+00:00\",\"dateModified\":\"2026-03-13T20:52:42+00:00\",\"description\":\"Zmogljiva zadnja lu\u010d za kolo z vgrajenim natan\u010dnim senzorjem za zaviranje. Do 40 ur delovanja in do 100 lumnov mo\u010di. Vgrajeno inovativno magneto zapenjalo.\",\"breadcrumb\":{\"@id\":\"https:\\\/\\\/www.sportshine.eu\\\/trgovina\\\/gaciron-w15a-100-zadnja-luc-za-kolo-bela\\\/#breadcrumb\"},\"inLanguage\":\"hr\",\"potentialAction\":[{\"@type\":\"ReadAction\",\"target\":[\"https:\\\/\\\/www.sportshine.eu\\\/trgovina\\\/gaciron-w15a-100-zadnja-luc-za-kolo-bela\\\/\"]}]},{\"@type\":\"ImageObject\",\"inLanguage\":\"hr\",\"@id\":\"https:\\\/\\\/www.sportshine.eu\\\/trgovina\\\/gaciron-w15a-100-zadnja-luc-za-kolo-bela\\\/#primaryimage\",\"url\":\"https:\\\/\\\/www.sportshine.eu\\\/wp-content\\\/uploads\\\/2025\\\/09\\\/Gaciron-W15A-luc-za-kolo-bela.webp\",\"contentUrl\":\"https:\\\/\\\/www.sportshine.eu\\\/wp-content\\\/uploads\\\/2025\\\/09\\\/Gaciron-W15A-luc-za-kolo-bela.webp\",\"width\":800,\"height\":800,\"caption\":\"Gaciron W15a lu\u010d za kolo bela\"},{\"@type\":\"BreadcrumbList\",\"@id\":\"https:\\\/\\\/www.sportshine.eu\\\/trgovina\\\/gaciron-w15a-100-zadnja-luc-za-kolo-bela\\\/#breadcrumb\",\"itemListElement\":[{\"@type\":\"ListItem\",\"position\":1,\"name\":\"Home\",\"item\":\"https:\\\/\\\/www.sportshine.eu\\\/\"},{\"@type\":\"ListItem\",\"position\":2,\"name\":\"Trgovina\",\"item\":\"https:\\\/\\\/www.sportshine.eu\\\/trgovina\\\/\"},{\"@type\":\"ListItem\",\"position\":3,\"name\":\"Gaciron W15A-100 zadnja lu\u010d za kolo bela\"}]},{\"@type\":\"WebSite\",\"@id\":\"https:\\\/\\\/www.sportshine.eu\\\/#website\",\"url\":\"https:\\\/\\\/www.sportshine.eu\\\/\",\"name\":\"Sportshine\",\"description\":\"Top spletna trgovina kolesarskih in naglavnih svetilk ter opreme\",\"publisher\":{\"@id\":\"https:\\\/\\\/www.sportshine.eu\\\/#organization\"},\"potentialAction\":[{\"@type\":\"SearchAction\",\"target\":{\"@type\":\"EntryPoint\",\"urlTemplate\":\"https:\\\/\\\/www.sportshine.eu\\\/?s={search_term_string}\"},\"query-input\":{\"@type\":\"PropertyValueSpecification\",\"valueRequired\":true,\"valueName\":\"search_term_string\"}}],\"inLanguage\":\"hr\"},{\"@type\":\"Organization\",\"@id\":\"https:\\\/\\\/www.sportshine.eu\\\/#organization\",\"name\":\"Sportshine\",\"url\":\"https:\\\/\\\/www.sportshine.eu\\\/\",\"logo\":{\"@type\":\"ImageObject\",\"inLanguage\":\"hr\",\"@id\":\"https:\\\/\\\/www.sportshine.eu\\\/#\\\/schema\\\/logo\\\/image\\\/\",\"url\":\"https:\\\/\\\/www.sportshine.eu\\\/wp-content\\\/uploads\\\/2026\\\/01\\\/cropped-Sportshine.webp\",\"contentUrl\":\"https:\\\/\\\/www.sportshine.eu\\\/wp-content\\\/uploads\\\/2026\\\/01\\\/cropped-Sportshine.webp\",\"width\":295,\"height\":128,\"caption\":\"Sportshine\"},\"image\":{\"@id\":\"https:\\\/\\\/www.sportshine.eu\\\/#\\\/schema\\\/logo\\\/image\\\/\"},\"sameAs\":[\"https:\\\/\\\/www.facebook.com\\\/sportshine.eu\\\/\"]}]}<\/script>\n<!-- \/ Yoast SEO plugin. -->","yoast_head_json":{"title":"Gaciron W15A-100 stra\u017enje svjetlo za bicikl bijelo","description":"Sna\u017eno stra\u017enje svjetlo za bicikl s ugra\u0111enim preciznim senzorom ko\u010denja. Do 40 sati rada i do 100 lumena snage. Ugra\u0111eni inovativni magnetski zatvara\u010d.","robots":{"index":"index","follow":"follow","max-snippet":"max-snippet:-1","max-image-preview":"max-image-preview:large","max-video-preview":"max-video-preview:-1"},"canonical":"https:\/\/www.sportshine.eu\/hr\/ducan\/gaciron-w15a-100-straznje-svjetlo-za-bicikl-bijelo\/","og_locale":"hr_HR","og_type":"article","og_title":"Gaciron W15A-100 zadnja lu\u010d za kolo bela","og_description":"Zmogljiva zadnja lu\u010d za kolo z vgrajenim natan\u010dnim senzorjem za zaviranje. Do 40 ur delovanja in do 100 lumnov mo\u010di. Vgrajeno inovativno magneto zapenjalo.","og_url":"https:\/\/www.sportshine.eu\/hr\/ducan\/gaciron-w15a-100-straznje-svjetlo-za-bicikl-bijelo\/","og_site_name":"Sportshine","article_publisher":"https:\/\/www.facebook.com\/sportshine.eu\/","article_modified_time":"2026-03-13T20:52:42+00:00","og_image":[{"width":800,"height":800,"url":"https:\/\/www.sportshine.eu\/wp-content\/uploads\/2025\/09\/Gaciron-W15A-luc-za-kolo-bela.webp","type":"image\/webp"}],"twitter_card":"summary_large_image","twitter_misc":{"Procijenjeno vrijeme \u010ditanja":"3 minute"},"schema":{"@context":"https:\/\/schema.org","@graph":[{"@type":"WebPage","@id":"https:\/\/www.sportshine.eu\/trgovina\/gaciron-w15a-100-zadnja-luc-za-kolo-bela\/","url":"https:\/\/www.sportshine.eu\/trgovina\/gaciron-w15a-100-zadnja-luc-za-kolo-bela\/","name":"Gaciron W15A-100 stra\u017enje svjetlo za bicikl bijelo","isPartOf":{"@id":"https:\/\/www.sportshine.eu\/#website"},"primaryImageOfPage":{"@id":"https:\/\/www.sportshine.eu\/trgovina\/gaciron-w15a-100-zadnja-luc-za-kolo-bela\/#primaryimage"},"image":{"@id":"https:\/\/www.sportshine.eu\/trgovina\/gaciron-w15a-100-zadnja-luc-za-kolo-bela\/#primaryimage"},"thumbnailUrl":"https:\/\/www.sportshine.eu\/wp-content\/uploads\/2025\/09\/Gaciron-W15A-luc-za-kolo-bela.webp","datePublished":"2026-01-29T11:00:08+00:00","dateModified":"2026-03-13T20:52:42+00:00","description":"Sna\u017eno stra\u017enje svjetlo za bicikl s ugra\u0111enim preciznim senzorom ko\u010denja. Do 40 sati rada i do 100 lumena snage. Ugra\u0111eni inovativni magnetski zatvara\u010d.","breadcrumb":{"@id":"https:\/\/www.sportshine.eu\/trgovina\/gaciron-w15a-100-zadnja-luc-za-kolo-bela\/#breadcrumb"},"inLanguage":"hr","potentialAction":[{"@type":"ReadAction","target":["https:\/\/www.sportshine.eu\/trgovina\/gaciron-w15a-100-zadnja-luc-za-kolo-bela\/"]}]},{"@type":"ImageObject","inLanguage":"hr","@id":"https:\/\/www.sportshine.eu\/trgovina\/gaciron-w15a-100-zadnja-luc-za-kolo-bela\/#primaryimage","url":"https:\/\/www.sportshine.eu\/wp-content\/uploads\/2025\/09\/Gaciron-W15A-luc-za-kolo-bela.webp","contentUrl":"https:\/\/www.sportshine.eu\/wp-content\/uploads\/2025\/09\/Gaciron-W15A-luc-za-kolo-bela.webp","width":800,"height":800,"caption":"Gaciron W15a lu\u010d za kolo bela"},{"@type":"BreadcrumbList","@id":"https:\/\/www.sportshine.eu\/trgovina\/gaciron-w15a-100-zadnja-luc-za-kolo-bela\/#breadcrumb","itemListElement":[{"@type":"ListItem","position":1,"name":"Home","item":"https:\/\/www.sportshine.eu\/"},{"@type":"ListItem","position":2,"name":"Trgovina","item":"https:\/\/www.sportshine.eu\/trgovina\/"},{"@type":"ListItem","position":3,"name":"Gaciron W15A-100 zadnja lu\u010d za kolo bela"}]},{"@type":"WebSite","@id":"https:\/\/www.sportshine.eu\/#website","url":"https:\/\/www.sportshine.eu\/","name":"Sportshine","description":"Vrhunska online trgovina za biciklisti\u010dke i \u010deone svjetiljke i opremu","publisher":{"@id":"https:\/\/www.sportshine.eu\/#organization"},"potentialAction":[{"@type":"SearchAction","target":{"@type":"EntryPoint","urlTemplate":"https:\/\/www.sportshine.eu\/?s={search_term_string}"},"query-input":{"@type":"PropertyValueSpecification","valueRequired":true,"valueName":"search_term_string"}}],"inLanguage":"hr"},{"@type":"Organization","@id":"https:\/\/www.sportshine.eu\/#organization","name":"Sportshine","url":"https:\/\/www.sportshine.eu\/","logo":{"@type":"ImageObject","inLanguage":"hr","@id":"https:\/\/www.sportshine.eu\/#\/schema\/logo\/image\/","url":"https:\/\/www.sportshine.eu\/wp-content\/uploads\/2026\/01\/cropped-Sportshine.webp","contentUrl":"https:\/\/www.sportshine.eu\/wp-content\/uploads\/2026\/01\/cropped-Sportshine.webp","width":295,"height":128,"caption":"Sportshine"},"image":{"@id":"https:\/\/www.sportshine.eu\/#\/schema\/logo\/image\/"},"sameAs":["https:\/\/www.facebook.com\/sportshine.eu\/"]}]}},"_links":{"self":[{"href":"https:\/\/www.sportshine.eu\/hr\/wp-json\/wp\/v2\/product\/8010","targetHints":{"allow":["GET"]}}],"collection":[{"href":"https:\/\/www.sportshine.eu\/hr\/wp-json\/wp\/v2\/product"}],"about":[{"href":"https:\/\/www.sportshine.eu\/hr\/wp-json\/wp\/v2\/types\/product"}],"replies":[{"embeddable":true,"href":"https:\/\/www.sportshine.eu\/hr\/wp-json\/wp\/v2\/comments?post=8010"}],"version-history":[{"count":0,"href":"https:\/\/www.sportshine.eu\/hr\/wp-json\/wp\/v2\/product\/8010\/revisions"}],"wp:featuredmedia":[{"embeddable":true,"href":"https:\/\/www.sportshine.eu\/hr\/wp-json\/wp\/v2\/media\/8011"}],"wp:attachment":[{"href":"https:\/\/www.sportshine.eu\/hr\/wp-json\/wp\/v2\/media?parent=8010"}],"wp:term":[{"taxonomy":"product_brand","embeddable":true,"href":"https:\/\/www.sportshine.eu\/hr\/wp-json\/wp\/v2\/product_brand?post=8010"},{"taxonomy":"product_cat","embeddable":true,"href":"https:\/\/www.sportshine.eu\/hr\/wp-json\/wp\/v2\/product_cat?post=8010"},{"taxonomy":"product_tag","embeddable":true,"href":"https:\/\/www.sportshine.eu\/hr\/wp-json\/wp\/v2\/product_tag?post=8010"}],"curies":[{"name":"radni list","href":"https:\/\/api.w.org\/{rel}","templated":true}]}}