{"id":7731,"date":"2025-08-03T19:31:39","date_gmt":"2025-08-03T19:31:39","guid":{"rendered":"https:\/\/www.sportshine.eu\/?post_type=product&#038;p=7731"},"modified":"2025-08-03T20:05:45","modified_gmt":"2025-08-03T20:05:45","slug":"bryton-rider-650-biciklisticko-racunalo","status":"publish","type":"product","link":"https:\/\/www.sportshine.eu\/hr\/ducan\/bryton-rider-650-biciklisticko-racunalo\/","title":{"rendered":"Bryton Rider 650 biciklisti\u010dko ra\u010dunalo"},"content":{"rendered":"<h3 style=\"text-align: center;\">FUNKCIJSKA TIPKA<\/h3>\n<p style=\"text-align: center;\">Preuzmite kontrolu nad svojom vo\u017enjom pomo\u0107u prilagodljive funkcijske tipke. Dodijelite joj svoju omiljenu funkciju - bilo da se radi o brzom skoku na kartu, prikazu najnovije obavijesti ili spremanju aktivnosti dugim pritiskom.<\/p>\n<h3 style=\"text-align: center;\">SENZOR AMBIJENTNOG SVJETLA<\/h3>\n<p style=\"text-align: center;\">Rider 650 ima ugra\u0111eni senzor ambijentalnog svjetla koji automatski pode\u0161ava svjetlinu zaslona za jasnu vidljivost u svim uvjetima osvjetljenja. Tako\u0111er pru\u017ea unaprijed postavljene razine svjetline za personalizirane postavke zaslona, osiguravaju\u0107i jednostavnu \u010ditljivost i energetsku u\u010dinkovitost u svim uvjetima.<\/p>\n<p><iframe loading=\"lazy\" title=\"Bryton Rider 650 \uff5cInovacija u\u010dinjena dostupnom\" width=\"500\" height=\"281\" src=\"https:\/\/www.youtube.com\/embed\/SnUl_EJft1k?feature=oembed\" frameborder=\"0\" allow=\"accelerometer; autoplay; clipboard-write; encrypted-media; gyroscope; picture-in-picture; web-share\" referrerpolicy=\"strict-origin-when-cross-origin\" allowfullscreen><\/iframe><\/p>\n<p style=\"text-align: center;\" data-start=\"408\" data-end=\"738\">\n<h3 style=\"text-align: center;\">POGLED IZAZOVA PENJANJA<\/h3>\n<p style=\"text-align: center;\">Kada uvezete rutu u aplikaciju Bryton Active, ona automatski generira podatke o nagibu. Ciklora\u010dunalo prikazuje detalje o usponu, uklju\u010duju\u0107i grafi\u010dki prikaz nagiba, oznake u bojama, duljinu segmenta, nadmorsku visinu, ukupni uspon i po\u010detne to\u010dke.<\/p>\n<h3 style=\"text-align: center;\">BRZI STATUS<\/h3>\n<p style=\"text-align: center;\">Rider 650 vam omogu\u0107uje prilago\u0111avanje nadzorne plo\u010de s obavijestima, podacima o krugovima, informacijama senzora, kontrolom svjetla i kalibracijom snage.<\/p>\n<h3 style=\"text-align: center;\">NAVIGACIJA OD SKRETANJA DO SKRETANJA<\/h3>\n<p style=\"text-align: center;\">Bez obzira istra\u017eujete li nova podru\u010dja ili pratite preuzetu rutu, Rider 650 je va\u0161 idealan suputnik. Nudi navigaciju skretanje po skretanje, nazive ulica, vrhove, udaljenost i upute na unaprijed u\u010ditanim OSM kartama.<\/p>\n<p><img decoding=\"async\" class=\"aligncenter wp-image-7735 size-full\" src=\"https:\/\/www.sportshine.eu\/wp-content\/uploads\/2025\/08\/Bryton-650-2.webp\" alt=\"\" width=\"800\" height=\"800\" srcset=\"https:\/\/www.sportshine.eu\/wp-content\/uploads\/2025\/08\/Bryton-650-2.webp 800w, https:\/\/www.sportshine.eu\/wp-content\/uploads\/2025\/08\/Bryton-650-2-768x768.webp 768w, https:\/\/www.sportshine.eu\/wp-content\/uploads\/2025\/08\/Bryton-650-2-600x600.webp 600w\" sizes=\"(max-width: 800px) 100vw, 800px\" \/><\/p>\n<h3 style=\"text-align: center;\">NAPREDNI VJE\u017dBE<\/h3>\n<p style=\"text-align: center;\">Pomo\u0107u aplikacije Bryton Active i ure\u0111aja Rider 650 mo\u017eete brzo kreirati ili uvesti planove treninga. Tijekom treninga, svaki korak se vizualno prikazuje pomo\u0107u traka napretka, a ure\u0111aj vam omogu\u0107uje i zumiranje.<\/p>\n<h3 style=\"text-align: center;\">INTERNE TRENINGE<\/h3>\n<p style=\"text-align: center;\">Korisnici mogu presko\u010diti dijelove treninga i prilagoditi intenzitet, ciljanu snagu ili otpor prema svojim \u017eeljama. Treninzi se mogu kreirati u aplikaciji Bryton Active ili sinkronizirati s TrainingPeaks.<\/p>\n<h3 style=\"text-align: center;\">PODR\u0160KA ZA DINAMIKU BICIKLIZMA<\/h3>\n<p style=\"text-align: center;\">Rider 650 pru\u017ea sveobuhvatnu podr\u0161ku za trening snage i analizu podataka. U kombinaciji s kompatibilnim mjera\u010dem snage, prikazuje dinami\u010dke podatke kao \u0161to su polo\u017eaji vo\u017enje, raspodjela snage, PCO (polo\u017eaj sredi\u0161ta sile) i ravnote\u017ea lijeve i desne noge.<\/p>\n<p><img decoding=\"async\" class=\"wp-image-7736 size-full aligncenter\" src=\"https:\/\/www.sportshine.eu\/wp-content\/uploads\/2025\/08\/bryton-650-kolesarski-racunalmik.webp\" alt=\"\" width=\"800\" height=\"800\" srcset=\"https:\/\/www.sportshine.eu\/wp-content\/uploads\/2025\/08\/bryton-650-kolesarski-racunalmik.webp 800w, https:\/\/www.sportshine.eu\/wp-content\/uploads\/2025\/08\/bryton-650-kolesarski-racunalmik-768x768.webp 768w, https:\/\/www.sportshine.eu\/wp-content\/uploads\/2025\/08\/bryton-650-kolesarski-racunalmik-600x600.webp 600w\" sizes=\"(max-width: 800px) 100vw, 800px\" \/><\/p>\n<h3 style=\"text-align: center;\">PODR\u0160KA ZA BICIKLISTI\u010cKI RADAR<\/h3>\n<p style=\"text-align: center;\">S ANT+ sustavom za detekciju stra\u017enjeg radara, biciklisti mogu detektirati vozila do 150 metara iza sebe. Signali u boji i zvu\u010dna upozorenja na desnoj strani svake stranice s podacima upozoravaju na pribli\u017eavanje prometa.<br \/>\nELEKTRI\u010cNI BICIKLI<br \/>\nRider 650 se povezuje sa Shimano Steps i ANT+ LEV sustavima. Pratite razinu pomo\u0107i, status baterije i polo\u017eaj brzine u stvarnom vremenu za samouvjerenu i transparentnu vo\u017enju.<\/p>\n<h3 style=\"text-align: center;\">GRUPNO VO\u017dNJENJE I RAZGOVOR<\/h3>\n<p style=\"text-align: center;\">Putem aplikacije Bryton Active mo\u017eete odabrati rute, pozvati prijatelje na grupnu vo\u017enju i unaprijed postaviti poruke u aplikaciji te ih poslati na svoje biciklisti\u010dko ra\u010dunalo.<\/p>\n<h3 style=\"text-align: center;\">PRA\u0106ENJE U\u017dIVO<\/h3>\n<p style=\"text-align: center;\">Svoju trenutnu lokaciju i status vo\u017enje mo\u017eete dijeliti u stvarnom vremenu s prijateljima i obitelji putem funkcije Bryton Live Track.<\/p>\n<p><img decoding=\"async\" class=\"aligncenter wp-image-7737 size-full\" src=\"https:\/\/www.sportshine.eu\/wp-content\/uploads\/2025\/08\/Bryton.webp\" alt=\"\" width=\"800\" height=\"800\" srcset=\"https:\/\/www.sportshine.eu\/wp-content\/uploads\/2025\/08\/Bryton.webp 800w, https:\/\/www.sportshine.eu\/wp-content\/uploads\/2025\/08\/Bryton-768x768.webp 768w, https:\/\/www.sportshine.eu\/wp-content\/uploads\/2025\/08\/Bryton-600x600.webp 600w\" sizes=\"(max-width: 800px) 100vw, 800px\" \/><\/p>","protected":false},"excerpt":{"rendered":"<p>Bryton 650 biciklisti\u010dko ra\u010dunalo s 7,10 cm LCD zaslonom u boji osjetljivim na dodir. Omogu\u0107uje povezivanje s radarskim svjetlima, GPS navigaciju s unaprijed u\u010ditanim kartama, napredne treninge, Climb Challenge i jednostavnu sinkronizaciju s aplikacijom Bryton Active. Baterija omogu\u0107uje 33 sata rada i puni se USB-C kabelom. Set tako\u0111er uklju\u010duje osnovni nosa\u010d za upravlja\u010d, kabel za punjenje i sigurnosnu om\u010du.<\/p>","protected":false},"featured_media":7733,"comment_status":"open","ping_status":"closed","template":"","meta":[],"product_brand":[],"product_cat":[95,94],"product_tag":[],"class_list":{"0":"post-7731","1":"product","2":"type-product","3":"status-publish","4":"has-post-thumbnail","6":"product_cat-kolesarska-oprema","7":"product_cat-kolesarski-stevci","9":"first","10":"instock","11":"taxable","12":"shipping-taxable","13":"purchasable","14":"product-type-simple"},"yoast_head":"<!-- This site is optimized with the Yoast SEO plugin v27.3 - https:\/\/yoast.com\/product\/yoast-seo-wordpress\/ -->\n<title>Kolesarski ra\u010dunalnik Bryton Rider 650<\/title>\n<meta name=\"description\" content=\"Kolesarski ra\u010dunalnik Bryton Rider 650 je vrhunska naprava za vse, ki \u017eelijo ve\u010d od svoje vo\u017enje. Zdru\u017eljiv je z e-kolesi, radarji in senzorji.\" \/>\n<meta name=\"robots\" content=\"index, follow, max-snippet:-1, max-image-preview:large, max-video-preview:-1\" \/>\n<link rel=\"canonical\" href=\"https:\/\/www.sportshine.eu\/hr\/ducan\/bryton-rider-650-biciklisticko-racunalo\/\" \/>\n<meta property=\"og:locale\" content=\"hr_HR\" \/>\n<meta property=\"og:type\" content=\"article\" \/>\n<meta property=\"og:title\" content=\"Kolesarski ra\u010dunalnik Bryton Rider 650\" \/>\n<meta property=\"og:description\" content=\"Kolesarski ra\u010dunalnik Bryton Rider 650 je vrhunska naprava za vse, ki \u017eelijo ve\u010d od svoje vo\u017enje. Zdru\u017eljiv je z e-kolesi, radarji in senzorji.\" \/>\n<meta property=\"og:url\" content=\"https:\/\/www.sportshine.eu\/hr\/ducan\/bryton-rider-650-biciklisticko-racunalo\/\" \/>\n<meta property=\"og:site_name\" content=\"Sportshine\" \/>\n<meta property=\"article:publisher\" content=\"https:\/\/www.facebook.com\/sportshine.eu\/\" \/>\n<meta property=\"article:modified_time\" content=\"2025-08-03T20:05:45+00:00\" \/>\n<meta property=\"og:image\" content=\"https:\/\/www.sportshine.eu\/wp-content\/uploads\/2025\/08\/Bryton-650-racunalnik.webp\" \/>\n\t<meta property=\"og:image:width\" content=\"800\" \/>\n\t<meta property=\"og:image:height\" content=\"800\" \/>\n\t<meta property=\"og:image:type\" content=\"image\/webp\" \/>\n<meta name=\"twitter:card\" content=\"summary_large_image\" \/>\n<meta name=\"twitter:label1\" content=\"Procijenjeno vrijeme \u010ditanja\" \/>\n\t<meta name=\"twitter:data1\" content=\"3 minute\" \/>\n<script type=\"application\/ld+json\" class=\"yoast-schema-graph\">{\"@context\":\"https:\\\/\\\/schema.org\",\"@graph\":[{\"@type\":\"WebPage\",\"@id\":\"https:\\\/\\\/www.sportshine.eu\\\/trgovina\\\/kolesarski-racunalnik-bryton-rider-650\\\/\",\"url\":\"https:\\\/\\\/www.sportshine.eu\\\/trgovina\\\/kolesarski-racunalnik-bryton-rider-650\\\/\",\"name\":\"Kolesarski ra\u010dunalnik Bryton Rider 650\",\"isPartOf\":{\"@id\":\"https:\\\/\\\/www.sportshine.eu\\\/#website\"},\"primaryImageOfPage\":{\"@id\":\"https:\\\/\\\/www.sportshine.eu\\\/trgovina\\\/kolesarski-racunalnik-bryton-rider-650\\\/#primaryimage\"},\"image\":{\"@id\":\"https:\\\/\\\/www.sportshine.eu\\\/trgovina\\\/kolesarski-racunalnik-bryton-rider-650\\\/#primaryimage\"},\"thumbnailUrl\":\"https:\\\/\\\/www.sportshine.eu\\\/wp-content\\\/uploads\\\/2025\\\/08\\\/Bryton-650-racunalnik.webp\",\"datePublished\":\"2025-08-03T19:31:39+00:00\",\"dateModified\":\"2025-08-03T20:05:45+00:00\",\"description\":\"Kolesarski ra\u010dunalnik Bryton Rider 650 je vrhunska naprava za vse, ki \u017eelijo ve\u010d od svoje vo\u017enje. Zdru\u017eljiv je z e-kolesi, radarji in senzorji.\",\"breadcrumb\":{\"@id\":\"https:\\\/\\\/www.sportshine.eu\\\/trgovina\\\/kolesarski-racunalnik-bryton-rider-650\\\/#breadcrumb\"},\"inLanguage\":\"hr\",\"potentialAction\":[{\"@type\":\"ReadAction\",\"target\":[\"https:\\\/\\\/www.sportshine.eu\\\/trgovina\\\/kolesarski-racunalnik-bryton-rider-650\\\/\"]}]},{\"@type\":\"ImageObject\",\"inLanguage\":\"hr\",\"@id\":\"https:\\\/\\\/www.sportshine.eu\\\/trgovina\\\/kolesarski-racunalnik-bryton-rider-650\\\/#primaryimage\",\"url\":\"https:\\\/\\\/www.sportshine.eu\\\/wp-content\\\/uploads\\\/2025\\\/08\\\/Bryton-650-racunalnik.webp\",\"contentUrl\":\"https:\\\/\\\/www.sportshine.eu\\\/wp-content\\\/uploads\\\/2025\\\/08\\\/Bryton-650-racunalnik.webp\",\"width\":800,\"height\":800,\"caption\":\"Bryton 650 ra\u010dunalnik\"},{\"@type\":\"BreadcrumbList\",\"@id\":\"https:\\\/\\\/www.sportshine.eu\\\/trgovina\\\/kolesarski-racunalnik-bryton-rider-650\\\/#breadcrumb\",\"itemListElement\":[{\"@type\":\"ListItem\",\"position\":1,\"name\":\"Home\",\"item\":\"https:\\\/\\\/www.sportshine.eu\\\/\"},{\"@type\":\"ListItem\",\"position\":2,\"name\":\"Trgovina\",\"item\":\"https:\\\/\\\/www.sportshine.eu\\\/trgovina\\\/\"},{\"@type\":\"ListItem\",\"position\":3,\"name\":\"Kolesarski ra\u010dunalnik Bryton Rider 650\"}]},{\"@type\":\"WebSite\",\"@id\":\"https:\\\/\\\/www.sportshine.eu\\\/#website\",\"url\":\"https:\\\/\\\/www.sportshine.eu\\\/\",\"name\":\"Sportshine\",\"description\":\"Top spletna trgovina kolesarskih in naglavnih svetilk ter opreme\",\"publisher\":{\"@id\":\"https:\\\/\\\/www.sportshine.eu\\\/#organization\"},\"potentialAction\":[{\"@type\":\"SearchAction\",\"target\":{\"@type\":\"EntryPoint\",\"urlTemplate\":\"https:\\\/\\\/www.sportshine.eu\\\/?s={search_term_string}\"},\"query-input\":{\"@type\":\"PropertyValueSpecification\",\"valueRequired\":true,\"valueName\":\"search_term_string\"}}],\"inLanguage\":\"hr\"},{\"@type\":\"Organization\",\"@id\":\"https:\\\/\\\/www.sportshine.eu\\\/#organization\",\"name\":\"Sportshine\",\"url\":\"https:\\\/\\\/www.sportshine.eu\\\/\",\"logo\":{\"@type\":\"ImageObject\",\"inLanguage\":\"hr\",\"@id\":\"https:\\\/\\\/www.sportshine.eu\\\/#\\\/schema\\\/logo\\\/image\\\/\",\"url\":\"https:\\\/\\\/www.sportshine.eu\\\/wp-content\\\/uploads\\\/2026\\\/01\\\/cropped-Sportshine.webp\",\"contentUrl\":\"https:\\\/\\\/www.sportshine.eu\\\/wp-content\\\/uploads\\\/2026\\\/01\\\/cropped-Sportshine.webp\",\"width\":295,\"height\":128,\"caption\":\"Sportshine\"},\"image\":{\"@id\":\"https:\\\/\\\/www.sportshine.eu\\\/#\\\/schema\\\/logo\\\/image\\\/\"},\"sameAs\":[\"https:\\\/\\\/www.facebook.com\\\/sportshine.eu\\\/\"]}]}<\/script>\n<!-- \/ Yoast SEO plugin. -->","yoast_head_json":{"title":"Bryton Rider 650 biciklisti\u010dko ra\u010dunalo","description":"Ciklora\u010dunalo Bryton Rider 650 je vrhunski ure\u0111aj za sve koji \u017eele vi\u0161e od svoje vo\u017enje. Kompatibilan je s elektri\u010dnim biciklima, radarima i senzorima.","robots":{"index":"index","follow":"follow","max-snippet":"max-snippet:-1","max-image-preview":"max-image-preview:large","max-video-preview":"max-video-preview:-1"},"canonical":"https:\/\/www.sportshine.eu\/hr\/ducan\/bryton-rider-650-biciklisticko-racunalo\/","og_locale":"hr_HR","og_type":"article","og_title":"Kolesarski ra\u010dunalnik Bryton Rider 650","og_description":"Kolesarski ra\u010dunalnik Bryton Rider 650 je vrhunska naprava za vse, ki \u017eelijo ve\u010d od svoje vo\u017enje. Zdru\u017eljiv je z e-kolesi, radarji in senzorji.","og_url":"https:\/\/www.sportshine.eu\/hr\/ducan\/bryton-rider-650-biciklisticko-racunalo\/","og_site_name":"Sportshine","article_publisher":"https:\/\/www.facebook.com\/sportshine.eu\/","article_modified_time":"2025-08-03T20:05:45+00:00","og_image":[{"width":800,"height":800,"url":"https:\/\/www.sportshine.eu\/wp-content\/uploads\/2025\/08\/Bryton-650-racunalnik.webp","type":"image\/webp"}],"twitter_card":"summary_large_image","twitter_misc":{"Procijenjeno vrijeme \u010ditanja":"3 minute"},"schema":{"@context":"https:\/\/schema.org","@graph":[{"@type":"WebPage","@id":"https:\/\/www.sportshine.eu\/trgovina\/kolesarski-racunalnik-bryton-rider-650\/","url":"https:\/\/www.sportshine.eu\/trgovina\/kolesarski-racunalnik-bryton-rider-650\/","name":"Bryton Rider 650 biciklisti\u010dko ra\u010dunalo","isPartOf":{"@id":"https:\/\/www.sportshine.eu\/#website"},"primaryImageOfPage":{"@id":"https:\/\/www.sportshine.eu\/trgovina\/kolesarski-racunalnik-bryton-rider-650\/#primaryimage"},"image":{"@id":"https:\/\/www.sportshine.eu\/trgovina\/kolesarski-racunalnik-bryton-rider-650\/#primaryimage"},"thumbnailUrl":"https:\/\/www.sportshine.eu\/wp-content\/uploads\/2025\/08\/Bryton-650-racunalnik.webp","datePublished":"2025-08-03T19:31:39+00:00","dateModified":"2025-08-03T20:05:45+00:00","description":"Ciklora\u010dunalo Bryton Rider 650 je vrhunski ure\u0111aj za sve koji \u017eele vi\u0161e od svoje vo\u017enje. Kompatibilan je s elektri\u010dnim biciklima, radarima i senzorima.","breadcrumb":{"@id":"https:\/\/www.sportshine.eu\/trgovina\/kolesarski-racunalnik-bryton-rider-650\/#breadcrumb"},"inLanguage":"hr","potentialAction":[{"@type":"ReadAction","target":["https:\/\/www.sportshine.eu\/trgovina\/kolesarski-racunalnik-bryton-rider-650\/"]}]},{"@type":"ImageObject","inLanguage":"hr","@id":"https:\/\/www.sportshine.eu\/trgovina\/kolesarski-racunalnik-bryton-rider-650\/#primaryimage","url":"https:\/\/www.sportshine.eu\/wp-content\/uploads\/2025\/08\/Bryton-650-racunalnik.webp","contentUrl":"https:\/\/www.sportshine.eu\/wp-content\/uploads\/2025\/08\/Bryton-650-racunalnik.webp","width":800,"height":800,"caption":"Bryton 650 ra\u010dunalnik"},{"@type":"BreadcrumbList","@id":"https:\/\/www.sportshine.eu\/trgovina\/kolesarski-racunalnik-bryton-rider-650\/#breadcrumb","itemListElement":[{"@type":"ListItem","position":1,"name":"Home","item":"https:\/\/www.sportshine.eu\/"},{"@type":"ListItem","position":2,"name":"Trgovina","item":"https:\/\/www.sportshine.eu\/trgovina\/"},{"@type":"ListItem","position":3,"name":"Kolesarski ra\u010dunalnik Bryton Rider 650"}]},{"@type":"WebSite","@id":"https:\/\/www.sportshine.eu\/#website","url":"https:\/\/www.sportshine.eu\/","name":"Sportshine","description":"Vrhunska online trgovina za biciklisti\u010dke i \u010deone svjetiljke i opremu","publisher":{"@id":"https:\/\/www.sportshine.eu\/#organization"},"potentialAction":[{"@type":"SearchAction","target":{"@type":"EntryPoint","urlTemplate":"https:\/\/www.sportshine.eu\/?s={search_term_string}"},"query-input":{"@type":"PropertyValueSpecification","valueRequired":true,"valueName":"search_term_string"}}],"inLanguage":"hr"},{"@type":"Organization","@id":"https:\/\/www.sportshine.eu\/#organization","name":"Sportshine","url":"https:\/\/www.sportshine.eu\/","logo":{"@type":"ImageObject","inLanguage":"hr","@id":"https:\/\/www.sportshine.eu\/#\/schema\/logo\/image\/","url":"https:\/\/www.sportshine.eu\/wp-content\/uploads\/2026\/01\/cropped-Sportshine.webp","contentUrl":"https:\/\/www.sportshine.eu\/wp-content\/uploads\/2026\/01\/cropped-Sportshine.webp","width":295,"height":128,"caption":"Sportshine"},"image":{"@id":"https:\/\/www.sportshine.eu\/#\/schema\/logo\/image\/"},"sameAs":["https:\/\/www.facebook.com\/sportshine.eu\/"]}]}},"_links":{"self":[{"href":"https:\/\/www.sportshine.eu\/hr\/wp-json\/wp\/v2\/product\/7731","targetHints":{"allow":["GET"]}}],"collection":[{"href":"https:\/\/www.sportshine.eu\/hr\/wp-json\/wp\/v2\/product"}],"about":[{"href":"https:\/\/www.sportshine.eu\/hr\/wp-json\/wp\/v2\/types\/product"}],"replies":[{"embeddable":true,"href":"https:\/\/www.sportshine.eu\/hr\/wp-json\/wp\/v2\/comments?post=7731"}],"version-history":[{"count":0,"href":"https:\/\/www.sportshine.eu\/hr\/wp-json\/wp\/v2\/product\/7731\/revisions"}],"wp:featuredmedia":[{"embeddable":true,"href":"https:\/\/www.sportshine.eu\/hr\/wp-json\/wp\/v2\/media\/7733"}],"wp:attachment":[{"href":"https:\/\/www.sportshine.eu\/hr\/wp-json\/wp\/v2\/media?parent=7731"}],"wp:term":[{"taxonomy":"product_brand","embeddable":true,"href":"https:\/\/www.sportshine.eu\/hr\/wp-json\/wp\/v2\/product_brand?post=7731"},{"taxonomy":"product_cat","embeddable":true,"href":"https:\/\/www.sportshine.eu\/hr\/wp-json\/wp\/v2\/product_cat?post=7731"},{"taxonomy":"product_tag","embeddable":true,"href":"https:\/\/www.sportshine.eu\/hr\/wp-json\/wp\/v2\/product_tag?post=7731"}],"curies":[{"name":"radni list","href":"https:\/\/api.w.org\/{rel}","templated":true}]}}