{"id":6694,"date":"2025-07-07T09:28:08","date_gmt":"2025-07-07T09:28:08","guid":{"rendered":"https:\/\/www.sportshine.eu\/?post_type=product&#038;p=6694"},"modified":"2025-08-02T16:37:06","modified_gmt":"2025-08-02T16:37:06","slug":"zimska-biciklisticka-jakna-smeda-g03-zelena","status":"publish","type":"product","link":"https:\/\/www.sportshine.eu\/hr\/ducan\/zimska-biciklisticka-jakna-smeda-g03-zelena\/","title":{"rendered":"Zimska biciklisti\u010dka jakna BRN G03 zelena"},"content":{"rendered":"<ul>\n<li><strong>Idealno za vo\u017enju na niskim temperaturama<\/strong>Dres je posebno dizajniran da vas grije i \u0161titi tijekom vo\u017enje po hladnom vremenu, omogu\u0107uju\u0107i udobnu vo\u017enju biciklom \u010dak i u najhladnijim danima.<\/li>\n<li><strong>Mekano i udobno<\/strong>U\u017eivat \u0107ete u udobnosti tijekom vo\u017enje zahvaljuju\u0107i mekoj tkanini i ugodnom <strong>sa\u0107e<\/strong> punjenje koje pru\u017ea toplinu bez osje\u0107aja te\u017eine.<\/li>\n<li><strong>Sna\u017eni YKK patentni zatvara\u010d od smole<\/strong>Dres je opremljen izdr\u017eljivim <strong>YKK patentni zatvara\u010d<\/strong>, koji je jednostavan za kori\u0161tenje i osigurava brzo zatvaranje i otvaranje, \u010dak i tijekom vo\u017enje.<\/li>\n<li><strong>Reflektiraju\u0107a grafika s iridescentnim efektom<\/strong>Posebna grafika dresa ima reflektiraju\u0107i efekt koji osigurava visoku vidljivost pri jakom svjetlu. Boje sjaje u \u017eivim, prelijevaju\u0107im tonovima kada ih obasja snop svjetlosti, pove\u0107avaju\u0107i va\u0161u sigurnost na cesti.<\/li>\n<\/ul>","protected":false},"excerpt":{"rendered":"<p>Za sve koji tra\u017ee vrhunsku za\u0161titu tijekom vo\u017enje bicikla u hladnijim danima, na\u0161 biciklisti\u010dki dres je pravi izbor! Ovaj dres dizajniran je za optimalnu udobnost i performanse u hladnim vremenskim uvjetima kada temperature padnu izme\u0111u 0 i 7 stupnjeva.<\/p>","protected":false},"featured_media":5569,"comment_status":"open","ping_status":"closed","template":"","meta":[],"product_brand":[],"product_cat":[113,114,115],"product_tag":[],"class_list":{"0":"post-6694","1":"product","2":"type-product","3":"status-publish","4":"has-post-thumbnail","6":"product_cat-kolesarska-oblacila","7":"product_cat-moska","8":"product_cat-moske-kolesarske-jakne","10":"first","11":"instock","12":"taxable","13":"shipping-taxable","14":"purchasable","15":"product-type-variable"},"yoast_head":"<!-- This site is optimized with the Yoast SEO plugin v27.3 - https:\/\/yoast.com\/product\/yoast-seo-wordpress\/ -->\n<title>Zimska kolesarska jakna BRN G03 green<\/title>\n<meta name=\"robots\" content=\"index, follow, max-snippet:-1, max-image-preview:large, max-video-preview:-1\" \/>\n<link rel=\"canonical\" href=\"https:\/\/www.sportshine.eu\/hr\/ducan\/zimska-biciklisticka-jakna-smeda-g03-zelena\/\" \/>\n<meta property=\"og:locale\" content=\"hr_HR\" \/>\n<meta property=\"og:type\" content=\"article\" \/>\n<meta property=\"og:title\" content=\"Zimska kolesarska jakna BRN G03 green\" \/>\n<meta property=\"og:description\" content=\"Za vse, ki i\u0161\u010dete vrhunsko za\u0161\u010dito med kolesarjenjem v hladnej\u0161ih dneh, je na\u0161 kolesarski dres prava izbira! Ta dres je zasnovan za optimalno udobje in zmogljivost v hladnih vremenskih pogojih, ko temperature padejo med 0 in 7 stopinj.\" \/>\n<meta property=\"og:url\" content=\"https:\/\/www.sportshine.eu\/hr\/ducan\/zimska-biciklisticka-jakna-smeda-g03-zelena\/\" \/>\n<meta property=\"og:site_name\" content=\"Sportshine\" \/>\n<meta property=\"article:publisher\" content=\"https:\/\/www.facebook.com\/sportshine.eu\/\" \/>\n<meta property=\"article:modified_time\" content=\"2025-08-02T16:37:06+00:00\" \/>\n<meta property=\"og:image\" content=\"https:\/\/www.sportshine.eu\/wp-content\/uploads\/2025\/07\/Zimska-kolesarska-jakna-BRN-G03-green-1.webp\" \/>\n\t<meta property=\"og:image:width\" content=\"800\" \/>\n\t<meta property=\"og:image:height\" content=\"800\" \/>\n\t<meta property=\"og:image:type\" content=\"image\/webp\" \/>\n<meta name=\"twitter:card\" content=\"summary_large_image\" \/>\n<meta name=\"twitter:label1\" content=\"Procijenjeno vrijeme \u010ditanja\" \/>\n\t<meta name=\"twitter:data1\" content=\"1 minuta\" \/>\n<script type=\"application\/ld+json\" class=\"yoast-schema-graph\">{\"@context\":\"https:\\\/\\\/schema.org\",\"@graph\":[{\"@type\":\"WebPage\",\"@id\":\"https:\\\/\\\/www.sportshine.eu\\\/trgovina\\\/zimska-kolesarska-jakna-brn-g03-green\\\/\",\"url\":\"https:\\\/\\\/www.sportshine.eu\\\/trgovina\\\/zimska-kolesarska-jakna-brn-g03-green\\\/\",\"name\":\"Zimska kolesarska jakna BRN G03 green\",\"isPartOf\":{\"@id\":\"https:\\\/\\\/www.sportshine.eu\\\/#website\"},\"primaryImageOfPage\":{\"@id\":\"https:\\\/\\\/www.sportshine.eu\\\/trgovina\\\/zimska-kolesarska-jakna-brn-g03-green\\\/#primaryimage\"},\"image\":{\"@id\":\"https:\\\/\\\/www.sportshine.eu\\\/trgovina\\\/zimska-kolesarska-jakna-brn-g03-green\\\/#primaryimage\"},\"thumbnailUrl\":\"https:\\\/\\\/www.sportshine.eu\\\/wp-content\\\/uploads\\\/2025\\\/07\\\/Zimska-kolesarska-jakna-BRN-G03-green-1.webp\",\"datePublished\":\"2025-07-07T09:28:08+00:00\",\"dateModified\":\"2025-08-02T16:37:06+00:00\",\"breadcrumb\":{\"@id\":\"https:\\\/\\\/www.sportshine.eu\\\/trgovina\\\/zimska-kolesarska-jakna-brn-g03-green\\\/#breadcrumb\"},\"inLanguage\":\"hr\",\"potentialAction\":[{\"@type\":\"ReadAction\",\"target\":[\"https:\\\/\\\/www.sportshine.eu\\\/trgovina\\\/zimska-kolesarska-jakna-brn-g03-green\\\/\"]}]},{\"@type\":\"ImageObject\",\"inLanguage\":\"hr\",\"@id\":\"https:\\\/\\\/www.sportshine.eu\\\/trgovina\\\/zimska-kolesarska-jakna-brn-g03-green\\\/#primaryimage\",\"url\":\"https:\\\/\\\/www.sportshine.eu\\\/wp-content\\\/uploads\\\/2025\\\/07\\\/Zimska-kolesarska-jakna-BRN-G03-green-1.webp\",\"contentUrl\":\"https:\\\/\\\/www.sportshine.eu\\\/wp-content\\\/uploads\\\/2025\\\/07\\\/Zimska-kolesarska-jakna-BRN-G03-green-1.webp\",\"width\":800,\"height\":800},{\"@type\":\"BreadcrumbList\",\"@id\":\"https:\\\/\\\/www.sportshine.eu\\\/trgovina\\\/zimska-kolesarska-jakna-brn-g03-green\\\/#breadcrumb\",\"itemListElement\":[{\"@type\":\"ListItem\",\"position\":1,\"name\":\"Home\",\"item\":\"https:\\\/\\\/www.sportshine.eu\\\/\"},{\"@type\":\"ListItem\",\"position\":2,\"name\":\"Trgovina\",\"item\":\"https:\\\/\\\/www.sportshine.eu\\\/trgovina\\\/\"},{\"@type\":\"ListItem\",\"position\":3,\"name\":\"Zimska kolesarska jakna BRN G03 green\"}]},{\"@type\":\"WebSite\",\"@id\":\"https:\\\/\\\/www.sportshine.eu\\\/#website\",\"url\":\"https:\\\/\\\/www.sportshine.eu\\\/\",\"name\":\"Sportshine\",\"description\":\"Top spletna trgovina kolesarskih in naglavnih svetilk ter opreme\",\"publisher\":{\"@id\":\"https:\\\/\\\/www.sportshine.eu\\\/#organization\"},\"potentialAction\":[{\"@type\":\"SearchAction\",\"target\":{\"@type\":\"EntryPoint\",\"urlTemplate\":\"https:\\\/\\\/www.sportshine.eu\\\/?s={search_term_string}\"},\"query-input\":{\"@type\":\"PropertyValueSpecification\",\"valueRequired\":true,\"valueName\":\"search_term_string\"}}],\"inLanguage\":\"hr\"},{\"@type\":\"Organization\",\"@id\":\"https:\\\/\\\/www.sportshine.eu\\\/#organization\",\"name\":\"Sportshine\",\"url\":\"https:\\\/\\\/www.sportshine.eu\\\/\",\"logo\":{\"@type\":\"ImageObject\",\"inLanguage\":\"hr\",\"@id\":\"https:\\\/\\\/www.sportshine.eu\\\/#\\\/schema\\\/logo\\\/image\\\/\",\"url\":\"https:\\\/\\\/www.sportshine.eu\\\/wp-content\\\/uploads\\\/2026\\\/01\\\/cropped-Sportshine.webp\",\"contentUrl\":\"https:\\\/\\\/www.sportshine.eu\\\/wp-content\\\/uploads\\\/2026\\\/01\\\/cropped-Sportshine.webp\",\"width\":295,\"height\":128,\"caption\":\"Sportshine\"},\"image\":{\"@id\":\"https:\\\/\\\/www.sportshine.eu\\\/#\\\/schema\\\/logo\\\/image\\\/\"},\"sameAs\":[\"https:\\\/\\\/www.facebook.com\\\/sportshine.eu\\\/\"]}]}<\/script>\n<!-- \/ Yoast SEO plugin. -->","yoast_head_json":{"title":"Zimska biciklisti\u010dka jakna BRN G03 zelena","robots":{"index":"index","follow":"follow","max-snippet":"max-snippet:-1","max-image-preview":"max-image-preview:large","max-video-preview":"max-video-preview:-1"},"canonical":"https:\/\/www.sportshine.eu\/hr\/ducan\/zimska-biciklisticka-jakna-smeda-g03-zelena\/","og_locale":"hr_HR","og_type":"article","og_title":"Zimska kolesarska jakna BRN G03 green","og_description":"Za vse, ki i\u0161\u010dete vrhunsko za\u0161\u010dito med kolesarjenjem v hladnej\u0161ih dneh, je na\u0161 kolesarski dres prava izbira! Ta dres je zasnovan za optimalno udobje in zmogljivost v hladnih vremenskih pogojih, ko temperature padejo med 0 in 7 stopinj.","og_url":"https:\/\/www.sportshine.eu\/hr\/ducan\/zimska-biciklisticka-jakna-smeda-g03-zelena\/","og_site_name":"Sportshine","article_publisher":"https:\/\/www.facebook.com\/sportshine.eu\/","article_modified_time":"2025-08-02T16:37:06+00:00","og_image":[{"width":800,"height":800,"url":"https:\/\/www.sportshine.eu\/wp-content\/uploads\/2025\/07\/Zimska-kolesarska-jakna-BRN-G03-green-1.webp","type":"image\/webp"}],"twitter_card":"summary_large_image","twitter_misc":{"Procijenjeno vrijeme \u010ditanja":"1 minuta"},"schema":{"@context":"https:\/\/schema.org","@graph":[{"@type":"WebPage","@id":"https:\/\/www.sportshine.eu\/trgovina\/zimska-kolesarska-jakna-brn-g03-green\/","url":"https:\/\/www.sportshine.eu\/trgovina\/zimska-kolesarska-jakna-brn-g03-green\/","name":"Zimska biciklisti\u010dka jakna BRN G03 zelena","isPartOf":{"@id":"https:\/\/www.sportshine.eu\/#website"},"primaryImageOfPage":{"@id":"https:\/\/www.sportshine.eu\/trgovina\/zimska-kolesarska-jakna-brn-g03-green\/#primaryimage"},"image":{"@id":"https:\/\/www.sportshine.eu\/trgovina\/zimska-kolesarska-jakna-brn-g03-green\/#primaryimage"},"thumbnailUrl":"https:\/\/www.sportshine.eu\/wp-content\/uploads\/2025\/07\/Zimska-kolesarska-jakna-BRN-G03-green-1.webp","datePublished":"2025-07-07T09:28:08+00:00","dateModified":"2025-08-02T16:37:06+00:00","breadcrumb":{"@id":"https:\/\/www.sportshine.eu\/trgovina\/zimska-kolesarska-jakna-brn-g03-green\/#breadcrumb"},"inLanguage":"hr","potentialAction":[{"@type":"ReadAction","target":["https:\/\/www.sportshine.eu\/trgovina\/zimska-kolesarska-jakna-brn-g03-green\/"]}]},{"@type":"ImageObject","inLanguage":"hr","@id":"https:\/\/www.sportshine.eu\/trgovina\/zimska-kolesarska-jakna-brn-g03-green\/#primaryimage","url":"https:\/\/www.sportshine.eu\/wp-content\/uploads\/2025\/07\/Zimska-kolesarska-jakna-BRN-G03-green-1.webp","contentUrl":"https:\/\/www.sportshine.eu\/wp-content\/uploads\/2025\/07\/Zimska-kolesarska-jakna-BRN-G03-green-1.webp","width":800,"height":800},{"@type":"BreadcrumbList","@id":"https:\/\/www.sportshine.eu\/trgovina\/zimska-kolesarska-jakna-brn-g03-green\/#breadcrumb","itemListElement":[{"@type":"ListItem","position":1,"name":"Home","item":"https:\/\/www.sportshine.eu\/"},{"@type":"ListItem","position":2,"name":"Trgovina","item":"https:\/\/www.sportshine.eu\/trgovina\/"},{"@type":"ListItem","position":3,"name":"Zimska kolesarska jakna BRN G03 green"}]},{"@type":"WebSite","@id":"https:\/\/www.sportshine.eu\/#website","url":"https:\/\/www.sportshine.eu\/","name":"Sportshine","description":"Vrhunska online trgovina za biciklisti\u010dke i \u010deone svjetiljke i opremu","publisher":{"@id":"https:\/\/www.sportshine.eu\/#organization"},"potentialAction":[{"@type":"SearchAction","target":{"@type":"EntryPoint","urlTemplate":"https:\/\/www.sportshine.eu\/?s={search_term_string}"},"query-input":{"@type":"PropertyValueSpecification","valueRequired":true,"valueName":"search_term_string"}}],"inLanguage":"hr"},{"@type":"Organization","@id":"https:\/\/www.sportshine.eu\/#organization","name":"Sportshine","url":"https:\/\/www.sportshine.eu\/","logo":{"@type":"ImageObject","inLanguage":"hr","@id":"https:\/\/www.sportshine.eu\/#\/schema\/logo\/image\/","url":"https:\/\/www.sportshine.eu\/wp-content\/uploads\/2026\/01\/cropped-Sportshine.webp","contentUrl":"https:\/\/www.sportshine.eu\/wp-content\/uploads\/2026\/01\/cropped-Sportshine.webp","width":295,"height":128,"caption":"Sportshine"},"image":{"@id":"https:\/\/www.sportshine.eu\/#\/schema\/logo\/image\/"},"sameAs":["https:\/\/www.facebook.com\/sportshine.eu\/"]}]}},"_links":{"self":[{"href":"https:\/\/www.sportshine.eu\/hr\/wp-json\/wp\/v2\/product\/6694","targetHints":{"allow":["GET"]}}],"collection":[{"href":"https:\/\/www.sportshine.eu\/hr\/wp-json\/wp\/v2\/product"}],"about":[{"href":"https:\/\/www.sportshine.eu\/hr\/wp-json\/wp\/v2\/types\/product"}],"replies":[{"embeddable":true,"href":"https:\/\/www.sportshine.eu\/hr\/wp-json\/wp\/v2\/comments?post=6694"}],"version-history":[{"count":0,"href":"https:\/\/www.sportshine.eu\/hr\/wp-json\/wp\/v2\/product\/6694\/revisions"}],"wp:featuredmedia":[{"embeddable":true,"href":"https:\/\/www.sportshine.eu\/hr\/wp-json\/wp\/v2\/media\/5569"}],"wp:attachment":[{"href":"https:\/\/www.sportshine.eu\/hr\/wp-json\/wp\/v2\/media?parent=6694"}],"wp:term":[{"taxonomy":"product_brand","embeddable":true,"href":"https:\/\/www.sportshine.eu\/hr\/wp-json\/wp\/v2\/product_brand?post=6694"},{"taxonomy":"product_cat","embeddable":true,"href":"https:\/\/www.sportshine.eu\/hr\/wp-json\/wp\/v2\/product_cat?post=6694"},{"taxonomy":"product_tag","embeddable":true,"href":"https:\/\/www.sportshine.eu\/hr\/wp-json\/wp\/v2\/product_tag?post=6694"}],"curies":[{"name":"radni list","href":"https:\/\/api.w.org\/{rel}","templated":true}]}}