{"id":6688,"date":"2025-07-07T09:28:01","date_gmt":"2025-07-07T09:28:01","guid":{"rendered":"https:\/\/www.sportshine.eu\/?post_type=product&#038;p=6688"},"modified":"2025-08-09T22:07:58","modified_gmt":"2025-08-09T22:07:58","slug":"djecja-celada-brn-vola-50-plava","status":"publish","type":"product","link":"https:\/\/www.sportshine.eu\/hr\/ducan\/djecja-celada-brn-vola-50-plava\/","title":{"rendered":"Dje\u010dja kaciga BRN Vola 50 plava"},"content":{"rendered":"<p>Dje\u010dja kaciga BRN Vola 50 impresionira svojim elegantnim dizajnom u retro stilu. Sigurnosni aspekt ove serije je u prvom planu, jer ergonomski oblik pru\u017ea maksimalnu za\u0161titu za bo\u010dnu i stra\u017enju stranu glave. Dostupne su mogu\u0107nosti pode\u0161avanja za optimalno pode\u0161avanje. \u010cak 8 ventilacijskih otvora osigurava izvrsnu ventilaciju za va\u0161e mali\u0161ane.<\/p>\n<p>Modeli Vola 50 imaju &quot;In-Mold&quot; tehnologiju - \u0161koljka i unutra\u0161njost kacige oblikovane su u neodvojivi jedan komad s EPS pjenom, osiguravaju\u0107i najvi\u0161u razinu sigurnosti glave.<\/p>\n<p><img decoding=\"async\" class=\"aligncenter wp-image-7805 size-full\" src=\"https:\/\/www.sportshine.eu\/wp-content\/uploads\/2025\/07\/Otroske-celade-e1754777227756.webp\" alt=\"\" width=\"800\" height=\"461\" srcset=\"https:\/\/www.sportshine.eu\/wp-content\/uploads\/2025\/07\/Otroske-celade-e1754777227756.webp 800w, https:\/\/www.sportshine.eu\/wp-content\/uploads\/2025\/07\/Otroske-celade-e1754777227756-768x443.webp 768w, https:\/\/www.sportshine.eu\/wp-content\/uploads\/2025\/07\/Otroske-celade-e1754777227756-600x346.webp 600w\" sizes=\"(max-width: 800px) 100vw, 800px\" \/><\/p>\n<p><strong>Zna\u010dajke:\u00a0<\/strong><\/p>\n<ul>\n<li><strong>Lako podesivo:<\/strong> Sustav pode\u0161avanja omogu\u0107uje optimalno pristajanje koje je djetetu jednostavno za kori\u0161tenje.<\/li>\n<li><strong>Lako\u0107a:<\/strong> Sa svojom te\u017einom od samo 165 g, omogu\u0107uje vam slobodno kretanje bez osje\u0107aja te\u017eine.<\/li>\n<li><strong>Izvrsna ventilacija:<\/strong> 8 ventilacijskih otvora osigurava u\u010dinkovitu ventilaciju, \u0161to ga \u010dini udobnim za no\u0161enje \u010dak i u toplijim danima.<\/li>\n<li><strong>Napredna tehnologija &quot;In-Mold&quot;:<\/strong> Vanjska ljuska od polikarbonata besprijekorno je spojena s unutarnjom EPS pjenom, pru\u017eaju\u0107i iznimnu izdr\u017eljivost i za\u0161titu od udaraca.<\/li>\n<li><strong>Elegantan izgled i jarke boje: <\/strong>Dostupno u prekrasnim \u017eivim bojama i privla\u010di pa\u017enju modernim retro izgledom.<\/li>\n<li><strong>Optimalna za\u0161tita:<\/strong> Ergonomski oblik pru\u017ea maksimalnu za\u0161titu za bo\u010dne strane i stra\u017enji dio glave.<\/li>\n<li><strong>Veli\u010dina<\/strong>Vola modeli dostupni su u dvije veli\u010dine XXS (44-48 cm) i XS (48-50 cm)<\/li>\n<\/ul>","protected":false},"excerpt":{"rendered":"<p>Dje\u010dja kaciga Vola 50 poznatog talijanskog brenda BRN pru\u017ea izvrsnu za\u0161titu za va\u0161e mali\u0161ane. Visokokvalitetna izrada &#039;In Mold&#039; tehnologijom omogu\u0107uje izradu kacige iz jednog komada. Ova metoda proizvodnje nudi optimalan omjer izme\u0111u za\u0161tite i male te\u017eine.<\/p>","protected":false},"featured_media":5539,"comment_status":"open","ping_status":"closed","template":"","meta":[],"product_brand":[],"product_cat":[110,108,109],"product_tag":[],"class_list":{"0":"post-6688","1":"product","2":"type-product","3":"status-publish","4":"has-post-thumbnail","6":"product_cat-brn-vola-50","7":"product_cat-kolesarske-celade","8":"product_cat-otroske-celade","10":"first","11":"instock","12":"sale","13":"taxable","14":"shipping-taxable","15":"purchasable","16":"product-type-variable"},"yoast_head":"<!-- This site is optimized with the Yoast SEO plugin v27.3 - https:\/\/yoast.com\/product\/yoast-seo-wordpress\/ -->\n<title>Otro\u0161ka \u010delada BRN Vola 50 blue - Sportshine<\/title>\n<meta name=\"robots\" content=\"index, follow, max-snippet:-1, max-image-preview:large, max-video-preview:-1\" \/>\n<link rel=\"canonical\" href=\"https:\/\/www.sportshine.eu\/hr\/ducan\/djecja-celada-brn-vola-50-plava\/\" \/>\n<meta property=\"og:locale\" content=\"hr_HR\" \/>\n<meta property=\"og:type\" content=\"article\" \/>\n<meta property=\"og:title\" content=\"Otro\u0161ka \u010delada BRN Vola 50 blue - Sportshine\" \/>\n<meta property=\"og:description\" content=\"Otro\u0161ka \u010delada Vola 50 priznane italijanske znamke BRN, poskrbi za odli\u010dno za\u0161\u010dito va\u0161ih mal\u010dkov. Kvalitetna izdelava z &#039;In Mold&#039; tehnologijo omogo\u010da, da je \u010delada sestavljena iz enega dela. Ta na\u010din izdelave nudi optimalno razmerje med za\u0161\u010dito in lahko te\u017eo.\" \/>\n<meta property=\"og:url\" content=\"https:\/\/www.sportshine.eu\/hr\/ducan\/djecja-celada-brn-vola-50-plava\/\" \/>\n<meta property=\"og:site_name\" content=\"Sportshine\" \/>\n<meta property=\"article:publisher\" content=\"https:\/\/www.facebook.com\/sportshine.eu\/\" \/>\n<meta property=\"article:modified_time\" content=\"2025-08-09T22:07:58+00:00\" \/>\n<meta property=\"og:image\" content=\"https:\/\/www.sportshine.eu\/wp-content\/uploads\/2025\/07\/otroske-celade-brn-vola-50.webp\" \/>\n\t<meta property=\"og:image:width\" content=\"800\" \/>\n\t<meta property=\"og:image:height\" content=\"800\" \/>\n\t<meta property=\"og:image:type\" content=\"image\/webp\" \/>\n<meta name=\"twitter:card\" content=\"summary_large_image\" \/>\n<meta name=\"twitter:label1\" content=\"Procijenjeno vrijeme \u010ditanja\" \/>\n\t<meta name=\"twitter:data1\" content=\"2 minute\" \/>\n<script type=\"application\/ld+json\" class=\"yoast-schema-graph\">{\"@context\":\"https:\\\/\\\/schema.org\",\"@graph\":[{\"@type\":\"WebPage\",\"@id\":\"https:\\\/\\\/www.sportshine.eu\\\/trgovina\\\/otroska-celada-brn-vola-50-blue\\\/\",\"url\":\"https:\\\/\\\/www.sportshine.eu\\\/trgovina\\\/otroska-celada-brn-vola-50-blue\\\/\",\"name\":\"Otro\u0161ka \u010delada BRN Vola 50 blue - Sportshine\",\"isPartOf\":{\"@id\":\"https:\\\/\\\/www.sportshine.eu\\\/#website\"},\"primaryImageOfPage\":{\"@id\":\"https:\\\/\\\/www.sportshine.eu\\\/trgovina\\\/otroska-celada-brn-vola-50-blue\\\/#primaryimage\"},\"image\":{\"@id\":\"https:\\\/\\\/www.sportshine.eu\\\/trgovina\\\/otroska-celada-brn-vola-50-blue\\\/#primaryimage\"},\"thumbnailUrl\":\"https:\\\/\\\/www.sportshine.eu\\\/wp-content\\\/uploads\\\/2025\\\/07\\\/otroske-celade-brn-vola-50.webp\",\"datePublished\":\"2025-07-07T09:28:01+00:00\",\"dateModified\":\"2025-08-09T22:07:58+00:00\",\"breadcrumb\":{\"@id\":\"https:\\\/\\\/www.sportshine.eu\\\/trgovina\\\/otroska-celada-brn-vola-50-blue\\\/#breadcrumb\"},\"inLanguage\":\"hr\",\"potentialAction\":[{\"@type\":\"ReadAction\",\"target\":[\"https:\\\/\\\/www.sportshine.eu\\\/trgovina\\\/otroska-celada-brn-vola-50-blue\\\/\"]}]},{\"@type\":\"ImageObject\",\"inLanguage\":\"hr\",\"@id\":\"https:\\\/\\\/www.sportshine.eu\\\/trgovina\\\/otroska-celada-brn-vola-50-blue\\\/#primaryimage\",\"url\":\"https:\\\/\\\/www.sportshine.eu\\\/wp-content\\\/uploads\\\/2025\\\/07\\\/otroske-celade-brn-vola-50.webp\",\"contentUrl\":\"https:\\\/\\\/www.sportshine.eu\\\/wp-content\\\/uploads\\\/2025\\\/07\\\/otroske-celade-brn-vola-50.webp\",\"width\":800,\"height\":800},{\"@type\":\"BreadcrumbList\",\"@id\":\"https:\\\/\\\/www.sportshine.eu\\\/trgovina\\\/otroska-celada-brn-vola-50-blue\\\/#breadcrumb\",\"itemListElement\":[{\"@type\":\"ListItem\",\"position\":1,\"name\":\"Home\",\"item\":\"https:\\\/\\\/www.sportshine.eu\\\/\"},{\"@type\":\"ListItem\",\"position\":2,\"name\":\"Trgovina\",\"item\":\"https:\\\/\\\/www.sportshine.eu\\\/trgovina\\\/\"},{\"@type\":\"ListItem\",\"position\":3,\"name\":\"Otro\u0161ka \u010delada BRN Vola 50 blue\"}]},{\"@type\":\"WebSite\",\"@id\":\"https:\\\/\\\/www.sportshine.eu\\\/#website\",\"url\":\"https:\\\/\\\/www.sportshine.eu\\\/\",\"name\":\"Sportshine\",\"description\":\"Top spletna trgovina kolesarskih in naglavnih svetilk ter opreme\",\"publisher\":{\"@id\":\"https:\\\/\\\/www.sportshine.eu\\\/#organization\"},\"potentialAction\":[{\"@type\":\"SearchAction\",\"target\":{\"@type\":\"EntryPoint\",\"urlTemplate\":\"https:\\\/\\\/www.sportshine.eu\\\/?s={search_term_string}\"},\"query-input\":{\"@type\":\"PropertyValueSpecification\",\"valueRequired\":true,\"valueName\":\"search_term_string\"}}],\"inLanguage\":\"hr\"},{\"@type\":\"Organization\",\"@id\":\"https:\\\/\\\/www.sportshine.eu\\\/#organization\",\"name\":\"Sportshine\",\"url\":\"https:\\\/\\\/www.sportshine.eu\\\/\",\"logo\":{\"@type\":\"ImageObject\",\"inLanguage\":\"hr\",\"@id\":\"https:\\\/\\\/www.sportshine.eu\\\/#\\\/schema\\\/logo\\\/image\\\/\",\"url\":\"https:\\\/\\\/www.sportshine.eu\\\/wp-content\\\/uploads\\\/2026\\\/01\\\/cropped-Sportshine.webp\",\"contentUrl\":\"https:\\\/\\\/www.sportshine.eu\\\/wp-content\\\/uploads\\\/2026\\\/01\\\/cropped-Sportshine.webp\",\"width\":295,\"height\":128,\"caption\":\"Sportshine\"},\"image\":{\"@id\":\"https:\\\/\\\/www.sportshine.eu\\\/#\\\/schema\\\/logo\\\/image\\\/\"},\"sameAs\":[\"https:\\\/\\\/www.facebook.com\\\/sportshine.eu\\\/\"]}]}<\/script>\n<!-- \/ Yoast SEO plugin. -->","yoast_head_json":{"title":"Dje\u010dja kaciga BRN Vola 50 plava - Sportshine","robots":{"index":"index","follow":"follow","max-snippet":"max-snippet:-1","max-image-preview":"max-image-preview:large","max-video-preview":"max-video-preview:-1"},"canonical":"https:\/\/www.sportshine.eu\/hr\/ducan\/djecja-celada-brn-vola-50-plava\/","og_locale":"hr_HR","og_type":"article","og_title":"Otro\u0161ka \u010delada BRN Vola 50 blue - Sportshine","og_description":"Otro\u0161ka \u010delada Vola 50 priznane italijanske znamke BRN, poskrbi za odli\u010dno za\u0161\u010dito va\u0161ih mal\u010dkov. Kvalitetna izdelava z 'In Mold' tehnologijo omogo\u010da, da je \u010delada sestavljena iz enega dela. Ta na\u010din izdelave nudi optimalno razmerje med za\u0161\u010dito in lahko te\u017eo.","og_url":"https:\/\/www.sportshine.eu\/hr\/ducan\/djecja-celada-brn-vola-50-plava\/","og_site_name":"Sportshine","article_publisher":"https:\/\/www.facebook.com\/sportshine.eu\/","article_modified_time":"2025-08-09T22:07:58+00:00","og_image":[{"width":800,"height":800,"url":"https:\/\/www.sportshine.eu\/wp-content\/uploads\/2025\/07\/otroske-celade-brn-vola-50.webp","type":"image\/webp"}],"twitter_card":"summary_large_image","twitter_misc":{"Procijenjeno vrijeme \u010ditanja":"2 minute"},"schema":{"@context":"https:\/\/schema.org","@graph":[{"@type":"WebPage","@id":"https:\/\/www.sportshine.eu\/trgovina\/otroska-celada-brn-vola-50-blue\/","url":"https:\/\/www.sportshine.eu\/trgovina\/otroska-celada-brn-vola-50-blue\/","name":"Dje\u010dja kaciga BRN Vola 50 plava - Sportshine","isPartOf":{"@id":"https:\/\/www.sportshine.eu\/#website"},"primaryImageOfPage":{"@id":"https:\/\/www.sportshine.eu\/trgovina\/otroska-celada-brn-vola-50-blue\/#primaryimage"},"image":{"@id":"https:\/\/www.sportshine.eu\/trgovina\/otroska-celada-brn-vola-50-blue\/#primaryimage"},"thumbnailUrl":"https:\/\/www.sportshine.eu\/wp-content\/uploads\/2025\/07\/otroske-celade-brn-vola-50.webp","datePublished":"2025-07-07T09:28:01+00:00","dateModified":"2025-08-09T22:07:58+00:00","breadcrumb":{"@id":"https:\/\/www.sportshine.eu\/trgovina\/otroska-celada-brn-vola-50-blue\/#breadcrumb"},"inLanguage":"hr","potentialAction":[{"@type":"ReadAction","target":["https:\/\/www.sportshine.eu\/trgovina\/otroska-celada-brn-vola-50-blue\/"]}]},{"@type":"ImageObject","inLanguage":"hr","@id":"https:\/\/www.sportshine.eu\/trgovina\/otroska-celada-brn-vola-50-blue\/#primaryimage","url":"https:\/\/www.sportshine.eu\/wp-content\/uploads\/2025\/07\/otroske-celade-brn-vola-50.webp","contentUrl":"https:\/\/www.sportshine.eu\/wp-content\/uploads\/2025\/07\/otroske-celade-brn-vola-50.webp","width":800,"height":800},{"@type":"BreadcrumbList","@id":"https:\/\/www.sportshine.eu\/trgovina\/otroska-celada-brn-vola-50-blue\/#breadcrumb","itemListElement":[{"@type":"ListItem","position":1,"name":"Home","item":"https:\/\/www.sportshine.eu\/"},{"@type":"ListItem","position":2,"name":"Trgovina","item":"https:\/\/www.sportshine.eu\/trgovina\/"},{"@type":"ListItem","position":3,"name":"Otro\u0161ka \u010delada BRN Vola 50 blue"}]},{"@type":"WebSite","@id":"https:\/\/www.sportshine.eu\/#website","url":"https:\/\/www.sportshine.eu\/","name":"Sportshine","description":"Vrhunska online trgovina za biciklisti\u010dke i \u010deone svjetiljke i opremu","publisher":{"@id":"https:\/\/www.sportshine.eu\/#organization"},"potentialAction":[{"@type":"SearchAction","target":{"@type":"EntryPoint","urlTemplate":"https:\/\/www.sportshine.eu\/?s={search_term_string}"},"query-input":{"@type":"PropertyValueSpecification","valueRequired":true,"valueName":"search_term_string"}}],"inLanguage":"hr"},{"@type":"Organization","@id":"https:\/\/www.sportshine.eu\/#organization","name":"Sportshine","url":"https:\/\/www.sportshine.eu\/","logo":{"@type":"ImageObject","inLanguage":"hr","@id":"https:\/\/www.sportshine.eu\/#\/schema\/logo\/image\/","url":"https:\/\/www.sportshine.eu\/wp-content\/uploads\/2026\/01\/cropped-Sportshine.webp","contentUrl":"https:\/\/www.sportshine.eu\/wp-content\/uploads\/2026\/01\/cropped-Sportshine.webp","width":295,"height":128,"caption":"Sportshine"},"image":{"@id":"https:\/\/www.sportshine.eu\/#\/schema\/logo\/image\/"},"sameAs":["https:\/\/www.facebook.com\/sportshine.eu\/"]}]}},"_links":{"self":[{"href":"https:\/\/www.sportshine.eu\/hr\/wp-json\/wp\/v2\/product\/6688","targetHints":{"allow":["GET"]}}],"collection":[{"href":"https:\/\/www.sportshine.eu\/hr\/wp-json\/wp\/v2\/product"}],"about":[{"href":"https:\/\/www.sportshine.eu\/hr\/wp-json\/wp\/v2\/types\/product"}],"replies":[{"embeddable":true,"href":"https:\/\/www.sportshine.eu\/hr\/wp-json\/wp\/v2\/comments?post=6688"}],"version-history":[{"count":0,"href":"https:\/\/www.sportshine.eu\/hr\/wp-json\/wp\/v2\/product\/6688\/revisions"}],"wp:featuredmedia":[{"embeddable":true,"href":"https:\/\/www.sportshine.eu\/hr\/wp-json\/wp\/v2\/media\/5539"}],"wp:attachment":[{"href":"https:\/\/www.sportshine.eu\/hr\/wp-json\/wp\/v2\/media?parent=6688"}],"wp:term":[{"taxonomy":"product_brand","embeddable":true,"href":"https:\/\/www.sportshine.eu\/hr\/wp-json\/wp\/v2\/product_brand?post=6688"},{"taxonomy":"product_cat","embeddable":true,"href":"https:\/\/www.sportshine.eu\/hr\/wp-json\/wp\/v2\/product_cat?post=6688"},{"taxonomy":"product_tag","embeddable":true,"href":"https:\/\/www.sportshine.eu\/hr\/wp-json\/wp\/v2\/product_tag?post=6688"}],"curies":[{"name":"radni list","href":"https:\/\/api.w.org\/{rel}","templated":true}]}}