{"id":6634,"date":"2025-07-07T08:59:05","date_gmt":"2025-07-07T08:59:05","guid":{"rendered":"https:\/\/www.sportshine.eu\/?post_type=product&#038;p=6634"},"modified":"2025-08-02T17:01:23","modified_gmt":"2025-08-02T17:01:23","slug":"kaciga-brn-trik-lila","status":"publish","type":"product","link":"https:\/\/www.sportshine.eu\/hr\/ducan\/kaciga-brn-trik-lila\/","title":{"rendered":"Kaciga BRN Trick lila"},"content":{"rendered":"<p>Kaciga BRN Trick dizajnirana je kako bi pru\u017eila optimalnu za\u0161titu i udobnost tijekom vo\u017enje. Kaciga je izra\u0111ena s tehnologijom <strong>U kalupu<\/strong>, \u0161to osigurava izdr\u017eljivost i lako\u0107u, budu\u0107i da je vanjski sloj kacige spojen s unutarnjom pjenom. Ovaj postupak omogu\u0107uje bolju apsorpciju udara i pove\u0107anu za\u0161titu.<\/p>\n<p>Kaciga ima <strong>CE certifikat<\/strong>, \u0161to zna\u010di da zadovoljava strogo definirane sigurnosne standarde i prikladan je za upotrebu na europskom tr\u017ei\u0161tu.<\/p>\n<p>Te\u017eina kacige je <strong>275 g<\/strong> (veli\u010dina L), \u0161to ga \u010dini jednim od lak\u0161ih modela, idealnim za dugotrajno no\u0161enje bez naprezanja vrata.<\/p>\n<p>Za udobno pristajanje, kaciga je opremljena <strong>VALJKASTI sustav<\/strong>, \u0161to omogu\u0107uje jednostavno i brzo pode\u0161avanje veli\u010dine. To vam omogu\u0107uje jednostavno prilago\u0111avanje kacige glavi, osiguravaju\u0107i sigurno i udobno pristajanje.<\/p>\n<p>S <strong>10 ventilacijskih otvora<\/strong> Kaciga je dizajnirana za izvrsnu ventilaciju. Ovi otvori osiguravaju dobru cirkulaciju zraka, poma\u017eu\u0107i da vam glava ostane hladna i suha, \u010dak i tijekom najintenzivnijih vo\u017enji.<\/p>","protected":false},"excerpt":{"rendered":"<p>\u010celada BRN Trick je\u00a0 zasnovana za zagotovitev optimalne za\u0161\u010dite in udobja med vo\u017enjo. \u010celada je izdelana s tehnologijo In-Mould, kar zagotavlja trpe\u017enost in lahkost, saj se zunanja plast \u010delade povezuje z notranjo peno. Ta proces omogo\u010da bolj\u0161o absorpcijo udarcev in pove\u010dano za\u0161\u010dito. \u010celada ima certifikat CE, kar pomeni, da ustreza strogo dolo\u010denim varnostnim standardom in [&hellip;]<\/p>\n","protected":false},"featured_media":5443,"comment_status":"open","ping_status":"closed","template":"","meta":[],"product_brand":[],"product_cat":[121,108],"product_tag":[],"class_list":{"0":"post-6634","1":"product","2":"type-product","3":"status-publish","4":"has-post-thumbnail","6":"product_cat-celade-za-skiro-in-rolerje","7":"product_cat-kolesarske-celade","9":"first","10":"instock","11":"taxable","12":"shipping-taxable","13":"purchasable","14":"product-type-variable"},"yoast_head":"<!-- This site is optimized with the Yoast SEO plugin v27.3 - https:\/\/yoast.com\/product\/yoast-seo-wordpress\/ -->\n<title>\u010celada BRN Trick lilac<\/title>\n<meta name=\"robots\" content=\"index, follow, max-snippet:-1, max-image-preview:large, max-video-preview:-1\" \/>\n<link rel=\"canonical\" href=\"https:\/\/www.sportshine.eu\/hr\/ducan\/kaciga-brn-trik-lila\/\" \/>\n<meta property=\"og:locale\" content=\"hr_HR\" \/>\n<meta property=\"og:type\" content=\"article\" \/>\n<meta property=\"og:title\" content=\"\u010celada BRN Trick lilac\" \/>\n<meta property=\"og:description\" content=\"\u010celada BRN Trick je\u00a0 zasnovana za zagotovitev optimalne za\u0161\u010dite in udobja med vo\u017enjo. \u010celada je izdelana s tehnologijo In-Mould, kar zagotavlja trpe\u017enost in lahkost, saj se zunanja plast \u010delade povezuje z notranjo peno. Ta proces omogo\u010da bolj\u0161o absorpcijo udarcev in pove\u010dano za\u0161\u010dito. \u010celada ima certifikat CE, kar pomeni, da ustreza strogo dolo\u010denim varnostnim standardom in [&hellip;]\" \/>\n<meta property=\"og:url\" content=\"https:\/\/www.sportshine.eu\/hr\/ducan\/kaciga-brn-trik-lila\/\" \/>\n<meta property=\"og:site_name\" content=\"Sportshine\" \/>\n<meta property=\"article:publisher\" content=\"https:\/\/www.facebook.com\/sportshine.eu\/\" \/>\n<meta property=\"article:modified_time\" content=\"2025-08-02T17:01:23+00:00\" \/>\n<meta property=\"og:image\" content=\"https:\/\/www.sportshine.eu\/wp-content\/uploads\/2025\/07\/Celada-BRN-Trick-lilac.webp\" \/>\n\t<meta property=\"og:image:width\" content=\"800\" \/>\n\t<meta property=\"og:image:height\" content=\"800\" \/>\n\t<meta property=\"og:image:type\" content=\"image\/webp\" \/>\n<meta name=\"twitter:card\" content=\"summary_large_image\" \/>\n<meta name=\"twitter:label1\" content=\"Procijenjeno vrijeme \u010ditanja\" \/>\n\t<meta name=\"twitter:data1\" content=\"1 minuta\" \/>\n<script type=\"application\/ld+json\" class=\"yoast-schema-graph\">{\"@context\":\"https:\\\/\\\/schema.org\",\"@graph\":[{\"@type\":\"WebPage\",\"@id\":\"https:\\\/\\\/www.sportshine.eu\\\/trgovina\\\/celada-brn-trick-lilac\\\/\",\"url\":\"https:\\\/\\\/www.sportshine.eu\\\/trgovina\\\/celada-brn-trick-lilac\\\/\",\"name\":\"\u010celada BRN Trick lilac\",\"isPartOf\":{\"@id\":\"https:\\\/\\\/www.sportshine.eu\\\/#website\"},\"primaryImageOfPage\":{\"@id\":\"https:\\\/\\\/www.sportshine.eu\\\/trgovina\\\/celada-brn-trick-lilac\\\/#primaryimage\"},\"image\":{\"@id\":\"https:\\\/\\\/www.sportshine.eu\\\/trgovina\\\/celada-brn-trick-lilac\\\/#primaryimage\"},\"thumbnailUrl\":\"https:\\\/\\\/www.sportshine.eu\\\/wp-content\\\/uploads\\\/2025\\\/07\\\/Celada-BRN-Trick-lilac.webp\",\"datePublished\":\"2025-07-07T08:59:05+00:00\",\"dateModified\":\"2025-08-02T17:01:23+00:00\",\"breadcrumb\":{\"@id\":\"https:\\\/\\\/www.sportshine.eu\\\/trgovina\\\/celada-brn-trick-lilac\\\/#breadcrumb\"},\"inLanguage\":\"hr\",\"potentialAction\":[{\"@type\":\"ReadAction\",\"target\":[\"https:\\\/\\\/www.sportshine.eu\\\/trgovina\\\/celada-brn-trick-lilac\\\/\"]}]},{\"@type\":\"ImageObject\",\"inLanguage\":\"hr\",\"@id\":\"https:\\\/\\\/www.sportshine.eu\\\/trgovina\\\/celada-brn-trick-lilac\\\/#primaryimage\",\"url\":\"https:\\\/\\\/www.sportshine.eu\\\/wp-content\\\/uploads\\\/2025\\\/07\\\/Celada-BRN-Trick-lilac.webp\",\"contentUrl\":\"https:\\\/\\\/www.sportshine.eu\\\/wp-content\\\/uploads\\\/2025\\\/07\\\/Celada-BRN-Trick-lilac.webp\",\"width\":800,\"height\":800},{\"@type\":\"BreadcrumbList\",\"@id\":\"https:\\\/\\\/www.sportshine.eu\\\/trgovina\\\/celada-brn-trick-lilac\\\/#breadcrumb\",\"itemListElement\":[{\"@type\":\"ListItem\",\"position\":1,\"name\":\"Home\",\"item\":\"https:\\\/\\\/www.sportshine.eu\\\/\"},{\"@type\":\"ListItem\",\"position\":2,\"name\":\"Trgovina\",\"item\":\"https:\\\/\\\/www.sportshine.eu\\\/trgovina\\\/\"},{\"@type\":\"ListItem\",\"position\":3,\"name\":\"\u010celada BRN Trick lilac\"}]},{\"@type\":\"WebSite\",\"@id\":\"https:\\\/\\\/www.sportshine.eu\\\/#website\",\"url\":\"https:\\\/\\\/www.sportshine.eu\\\/\",\"name\":\"Sportshine\",\"description\":\"Top spletna trgovina kolesarskih in naglavnih svetilk ter opreme\",\"publisher\":{\"@id\":\"https:\\\/\\\/www.sportshine.eu\\\/#organization\"},\"potentialAction\":[{\"@type\":\"SearchAction\",\"target\":{\"@type\":\"EntryPoint\",\"urlTemplate\":\"https:\\\/\\\/www.sportshine.eu\\\/?s={search_term_string}\"},\"query-input\":{\"@type\":\"PropertyValueSpecification\",\"valueRequired\":true,\"valueName\":\"search_term_string\"}}],\"inLanguage\":\"hr\"},{\"@type\":\"Organization\",\"@id\":\"https:\\\/\\\/www.sportshine.eu\\\/#organization\",\"name\":\"Sportshine\",\"url\":\"https:\\\/\\\/www.sportshine.eu\\\/\",\"logo\":{\"@type\":\"ImageObject\",\"inLanguage\":\"hr\",\"@id\":\"https:\\\/\\\/www.sportshine.eu\\\/#\\\/schema\\\/logo\\\/image\\\/\",\"url\":\"https:\\\/\\\/www.sportshine.eu\\\/wp-content\\\/uploads\\\/2026\\\/01\\\/cropped-Sportshine.webp\",\"contentUrl\":\"https:\\\/\\\/www.sportshine.eu\\\/wp-content\\\/uploads\\\/2026\\\/01\\\/cropped-Sportshine.webp\",\"width\":295,\"height\":128,\"caption\":\"Sportshine\"},\"image\":{\"@id\":\"https:\\\/\\\/www.sportshine.eu\\\/#\\\/schema\\\/logo\\\/image\\\/\"},\"sameAs\":[\"https:\\\/\\\/www.facebook.com\\\/sportshine.eu\\\/\"]}]}<\/script>\n<!-- \/ Yoast SEO plugin. -->","yoast_head_json":{"title":"Kaciga BRN Trick lila","robots":{"index":"index","follow":"follow","max-snippet":"max-snippet:-1","max-image-preview":"max-image-preview:large","max-video-preview":"max-video-preview:-1"},"canonical":"https:\/\/www.sportshine.eu\/hr\/ducan\/kaciga-brn-trik-lila\/","og_locale":"hr_HR","og_type":"article","og_title":"\u010celada BRN Trick lilac","og_description":"\u010celada BRN Trick je\u00a0 zasnovana za zagotovitev optimalne za\u0161\u010dite in udobja med vo\u017enjo. \u010celada je izdelana s tehnologijo In-Mould, kar zagotavlja trpe\u017enost in lahkost, saj se zunanja plast \u010delade povezuje z notranjo peno. Ta proces omogo\u010da bolj\u0161o absorpcijo udarcev in pove\u010dano za\u0161\u010dito. \u010celada ima certifikat CE, kar pomeni, da ustreza strogo dolo\u010denim varnostnim standardom in [&hellip;]","og_url":"https:\/\/www.sportshine.eu\/hr\/ducan\/kaciga-brn-trik-lila\/","og_site_name":"Sportshine","article_publisher":"https:\/\/www.facebook.com\/sportshine.eu\/","article_modified_time":"2025-08-02T17:01:23+00:00","og_image":[{"width":800,"height":800,"url":"https:\/\/www.sportshine.eu\/wp-content\/uploads\/2025\/07\/Celada-BRN-Trick-lilac.webp","type":"image\/webp"}],"twitter_card":"summary_large_image","twitter_misc":{"Procijenjeno vrijeme \u010ditanja":"1 minuta"},"schema":{"@context":"https:\/\/schema.org","@graph":[{"@type":"WebPage","@id":"https:\/\/www.sportshine.eu\/trgovina\/celada-brn-trick-lilac\/","url":"https:\/\/www.sportshine.eu\/trgovina\/celada-brn-trick-lilac\/","name":"Kaciga BRN Trick lila","isPartOf":{"@id":"https:\/\/www.sportshine.eu\/#website"},"primaryImageOfPage":{"@id":"https:\/\/www.sportshine.eu\/trgovina\/celada-brn-trick-lilac\/#primaryimage"},"image":{"@id":"https:\/\/www.sportshine.eu\/trgovina\/celada-brn-trick-lilac\/#primaryimage"},"thumbnailUrl":"https:\/\/www.sportshine.eu\/wp-content\/uploads\/2025\/07\/Celada-BRN-Trick-lilac.webp","datePublished":"2025-07-07T08:59:05+00:00","dateModified":"2025-08-02T17:01:23+00:00","breadcrumb":{"@id":"https:\/\/www.sportshine.eu\/trgovina\/celada-brn-trick-lilac\/#breadcrumb"},"inLanguage":"hr","potentialAction":[{"@type":"ReadAction","target":["https:\/\/www.sportshine.eu\/trgovina\/celada-brn-trick-lilac\/"]}]},{"@type":"ImageObject","inLanguage":"hr","@id":"https:\/\/www.sportshine.eu\/trgovina\/celada-brn-trick-lilac\/#primaryimage","url":"https:\/\/www.sportshine.eu\/wp-content\/uploads\/2025\/07\/Celada-BRN-Trick-lilac.webp","contentUrl":"https:\/\/www.sportshine.eu\/wp-content\/uploads\/2025\/07\/Celada-BRN-Trick-lilac.webp","width":800,"height":800},{"@type":"BreadcrumbList","@id":"https:\/\/www.sportshine.eu\/trgovina\/celada-brn-trick-lilac\/#breadcrumb","itemListElement":[{"@type":"ListItem","position":1,"name":"Home","item":"https:\/\/www.sportshine.eu\/"},{"@type":"ListItem","position":2,"name":"Trgovina","item":"https:\/\/www.sportshine.eu\/trgovina\/"},{"@type":"ListItem","position":3,"name":"\u010celada BRN Trick lilac"}]},{"@type":"WebSite","@id":"https:\/\/www.sportshine.eu\/#website","url":"https:\/\/www.sportshine.eu\/","name":"Sportshine","description":"Vrhunska online trgovina za biciklisti\u010dke i \u010deone svjetiljke i opremu","publisher":{"@id":"https:\/\/www.sportshine.eu\/#organization"},"potentialAction":[{"@type":"SearchAction","target":{"@type":"EntryPoint","urlTemplate":"https:\/\/www.sportshine.eu\/?s={search_term_string}"},"query-input":{"@type":"PropertyValueSpecification","valueRequired":true,"valueName":"search_term_string"}}],"inLanguage":"hr"},{"@type":"Organization","@id":"https:\/\/www.sportshine.eu\/#organization","name":"Sportshine","url":"https:\/\/www.sportshine.eu\/","logo":{"@type":"ImageObject","inLanguage":"hr","@id":"https:\/\/www.sportshine.eu\/#\/schema\/logo\/image\/","url":"https:\/\/www.sportshine.eu\/wp-content\/uploads\/2026\/01\/cropped-Sportshine.webp","contentUrl":"https:\/\/www.sportshine.eu\/wp-content\/uploads\/2026\/01\/cropped-Sportshine.webp","width":295,"height":128,"caption":"Sportshine"},"image":{"@id":"https:\/\/www.sportshine.eu\/#\/schema\/logo\/image\/"},"sameAs":["https:\/\/www.facebook.com\/sportshine.eu\/"]}]}},"_links":{"self":[{"href":"https:\/\/www.sportshine.eu\/hr\/wp-json\/wp\/v2\/product\/6634","targetHints":{"allow":["GET"]}}],"collection":[{"href":"https:\/\/www.sportshine.eu\/hr\/wp-json\/wp\/v2\/product"}],"about":[{"href":"https:\/\/www.sportshine.eu\/hr\/wp-json\/wp\/v2\/types\/product"}],"replies":[{"embeddable":true,"href":"https:\/\/www.sportshine.eu\/hr\/wp-json\/wp\/v2\/comments?post=6634"}],"version-history":[{"count":0,"href":"https:\/\/www.sportshine.eu\/hr\/wp-json\/wp\/v2\/product\/6634\/revisions"}],"wp:featuredmedia":[{"embeddable":true,"href":"https:\/\/www.sportshine.eu\/hr\/wp-json\/wp\/v2\/media\/5443"}],"wp:attachment":[{"href":"https:\/\/www.sportshine.eu\/hr\/wp-json\/wp\/v2\/media?parent=6634"}],"wp:term":[{"taxonomy":"product_brand","embeddable":true,"href":"https:\/\/www.sportshine.eu\/hr\/wp-json\/wp\/v2\/product_brand?post=6634"},{"taxonomy":"product_cat","embeddable":true,"href":"https:\/\/www.sportshine.eu\/hr\/wp-json\/wp\/v2\/product_cat?post=6634"},{"taxonomy":"product_tag","embeddable":true,"href":"https:\/\/www.sportshine.eu\/hr\/wp-json\/wp\/v2\/product_tag?post=6634"}],"curies":[{"name":"radni list","href":"https:\/\/api.w.org\/{rel}","templated":true}]}}