{"id":6622,"date":"2025-07-07T08:55:51","date_gmt":"2025-07-07T08:55:51","guid":{"rendered":"https:\/\/www.sportshine.eu\/?post_type=product&#038;p=6622"},"modified":"2025-08-02T17:04:01","modified_gmt":"2025-08-02T17:04:01","slug":"djecja-kolica-smeda-vola-50-svijetloplava","status":"publish","type":"product","link":"https:\/\/www.sportshine.eu\/hr\/ducan\/djecja-kolica-smeda-vola-50-svijetloplava\/","title":{"rendered":"Dje\u010dji romobil BRN VOLA 50 svijetloplave boje"},"content":{"rendered":"<h3 style=\"text-align: left;\" data-start=\"0\" data-end=\"55\">BRN VOLA 50 \u2013 SAVR\u0160EN PRVI BICIKL ZA MALE BICIKLISTIKE<\/h3>\n<p class=\"\" style=\"text-align: left;\" data-start=\"57\" data-end=\"438\">Dje\u010dji booster\u00a0 <strong data-start=\"73\" data-end=\"88\">BRN Ox 50<\/strong> kombinira prirodne materijale, udobnost i sigurnost kako bi va\u0161em djetetu pru\u017eio najbolje prvo iskustvo vo\u017enje bicikla. Izra\u0111en je od <strong data-start=\"212\" data-end=\"238\">prirodno drvo<\/strong>, koji je ne samo izdr\u017eljiv, ve\u0107 i estetski privla\u010dan. Dizajniran je tako da djeca kroz igru razviju osje\u0107aj ravnote\u017ee i samopouzdanja na dva kota\u010da, \u0161to im omogu\u0107uje lak\u0161i prelazak na pravi bicikl.<\/p>\n<h3 class=\"\" style=\"text-align: left;\" data-start=\"440\" data-end=\"472\">RASTETE SA SVOJIM DJETETOM<\/h3>\n<p class=\"\" style=\"text-align: left;\" data-start=\"473\" data-end=\"628\">PODESIVO SJEDALO \u2013 Podesiva visina sjedala omogu\u0107uje udobno kori\u0161tenje kroz razli\u010dite faze rasta, \u0161to zna\u010di da \u0107e bicikl pratiti va\u0161e dijete dugi niz godina. Sjedalo se mo\u017ee podesiti od 29 do 36 cm.<\/p>\n<h3 class=\"\" style=\"text-align: left;\" data-start=\"630\" data-end=\"665\">STABILNA I UDOBNA VO\u017dNJA<\/h3>\n<p class=\"\" style=\"text-align: left;\" data-start=\"666\" data-end=\"802\">8\u201d PVC KOTA\u010cI \u2013 Osiguravaju glatku i stabilnu vo\u017enju na raznim povr\u0161inama, od va\u0161eg dvori\u0161ta do parkova i pje\u0161a\u010dkih staza.<\/p>\n<h3 class=\"\" style=\"text-align: left;\" data-start=\"804\" data-end=\"845\">LAGANO I JEDNOSTAVNO ZA KORI\u0160TENJE<\/h3>\n<p class=\"\" style=\"text-align: left;\" data-start=\"846\" data-end=\"997\">IZUZETNO LAGAN - Te\u017eak samo 2,8 kg, bicikl je jednostavan za no\u0161enje i rukovanje, \u0161to zna\u010di da ga dijete mo\u017ee podi\u0107i ili pomicati bez ikakvih problema.<\/p>\n<h3 class=\"\" style=\"text-align: left;\" data-start=\"999\" data-end=\"1041\">SIGURAN I POUZDAN PRATILAC<\/h3>\n<p class=\"\" style=\"text-align: left;\" data-start=\"1042\" data-end=\"1198\">MAKSIMALNA NOSIVOST 30 KG \u2013 Bicikl je dizajniran za sigurnu i stabilnu vo\u017enju, pogodan za male biciklisti\u010dke avanturiste koji tek zapo\u010dinju svoje putovanje.<\/p>","protected":false},"excerpt":{"rendered":"<p class=\"\" data-start=\"50\" data-end=\"222\">Dje\u010dji booster <strong data-start=\"66\" data-end=\"81\">BRN Ox 50<\/strong> Izra\u0111en je od prirodnog drva, kombiniraju\u0107i eleganciju, izdr\u017eljivost i lako\u0107u za savr\u0161eno prvo biciklisti\u010dko iskustvo za va\u0161e dijete. <strong data-start=\"1204\" data-end=\"1219\">BRN Ox 50<\/strong> Pru\u017eite svom djetetu radost kretanja i slobode na dva kota\u010da! \ud83d\udeb4\u200d\u2642\ufe0f\u2728<\/p>","protected":false},"featured_media":5379,"comment_status":"open","ping_status":"closed","template":"","meta":[],"product_brand":[],"product_cat":[124],"product_tag":[],"class_list":{"0":"post-6622","1":"product","2":"type-product","3":"status-publish","4":"has-post-thumbnail","6":"product_cat-otroski-poganjalci","8":"first","9":"instock","10":"taxable","11":"shipping-taxable","12":"purchasable","13":"product-type-simple"},"yoast_head":"<!-- This site is optimized with the Yoast SEO plugin v27.3 - https:\/\/yoast.com\/product\/yoast-seo-wordpress\/ -->\n<title>Otro\u0161ki poganjalec BRN VOLA 50 light blue<\/title>\n<meta name=\"robots\" content=\"index, follow, max-snippet:-1, max-image-preview:large, max-video-preview:-1\" \/>\n<link rel=\"canonical\" href=\"https:\/\/www.sportshine.eu\/hr\/ducan\/djecja-kolica-smeda-vola-50-svijetloplava\/\" \/>\n<meta property=\"og:locale\" content=\"hr_HR\" \/>\n<meta property=\"og:type\" content=\"article\" \/>\n<meta property=\"og:title\" content=\"Otro\u0161ki poganjalec BRN VOLA 50 light blue\" \/>\n<meta property=\"og:description\" content=\"Otro\u0161ki poganjalec BRN Vola 50 je izdelan iz naravnega lesa, ki zdru\u017euje eleganco, vzdr\u017eljivost in lahkotnost za popolno prvo kolesarsko izku\u0161njo va\u0161ega otroka. Naj BRN Vola 50 va\u0161emu otroku podari veselje do gibanja in svobode na dveh kolesih! \ud83d\udeb4\u200d\u2642\ufe0f\u2728\" \/>\n<meta property=\"og:url\" content=\"https:\/\/www.sportshine.eu\/hr\/ducan\/djecja-kolica-smeda-vola-50-svijetloplava\/\" \/>\n<meta property=\"og:site_name\" content=\"Sportshine\" \/>\n<meta property=\"article:publisher\" content=\"https:\/\/www.facebook.com\/sportshine.eu\/\" \/>\n<meta property=\"article:modified_time\" content=\"2025-08-02T17:04:01+00:00\" \/>\n<meta property=\"og:image\" content=\"https:\/\/www.sportshine.eu\/wp-content\/uploads\/2025\/07\/poganjalec-BRN.webp\" \/>\n\t<meta property=\"og:image:width\" content=\"800\" \/>\n\t<meta property=\"og:image:height\" content=\"800\" \/>\n\t<meta property=\"og:image:type\" content=\"image\/webp\" \/>\n<meta name=\"twitter:card\" content=\"summary_large_image\" \/>\n<meta name=\"twitter:label1\" content=\"Procijenjeno vrijeme \u010ditanja\" \/>\n\t<meta name=\"twitter:data1\" content=\"1 minuta\" \/>\n<script type=\"application\/ld+json\" class=\"yoast-schema-graph\">{\"@context\":\"https:\\\/\\\/schema.org\",\"@graph\":[{\"@type\":\"WebPage\",\"@id\":\"https:\\\/\\\/www.sportshine.eu\\\/trgovina\\\/otroski-poganjalec-brn-vola-50-light-blue\\\/\",\"url\":\"https:\\\/\\\/www.sportshine.eu\\\/trgovina\\\/otroski-poganjalec-brn-vola-50-light-blue\\\/\",\"name\":\"Otro\u0161ki poganjalec BRN VOLA 50 light blue\",\"isPartOf\":{\"@id\":\"https:\\\/\\\/www.sportshine.eu\\\/#website\"},\"primaryImageOfPage\":{\"@id\":\"https:\\\/\\\/www.sportshine.eu\\\/trgovina\\\/otroski-poganjalec-brn-vola-50-light-blue\\\/#primaryimage\"},\"image\":{\"@id\":\"https:\\\/\\\/www.sportshine.eu\\\/trgovina\\\/otroski-poganjalec-brn-vola-50-light-blue\\\/#primaryimage\"},\"thumbnailUrl\":\"https:\\\/\\\/www.sportshine.eu\\\/wp-content\\\/uploads\\\/2025\\\/07\\\/poganjalec-BRN.webp\",\"datePublished\":\"2025-07-07T08:55:51+00:00\",\"dateModified\":\"2025-08-02T17:04:01+00:00\",\"breadcrumb\":{\"@id\":\"https:\\\/\\\/www.sportshine.eu\\\/trgovina\\\/otroski-poganjalec-brn-vola-50-light-blue\\\/#breadcrumb\"},\"inLanguage\":\"hr\",\"potentialAction\":[{\"@type\":\"ReadAction\",\"target\":[\"https:\\\/\\\/www.sportshine.eu\\\/trgovina\\\/otroski-poganjalec-brn-vola-50-light-blue\\\/\"]}]},{\"@type\":\"ImageObject\",\"inLanguage\":\"hr\",\"@id\":\"https:\\\/\\\/www.sportshine.eu\\\/trgovina\\\/otroski-poganjalec-brn-vola-50-light-blue\\\/#primaryimage\",\"url\":\"https:\\\/\\\/www.sportshine.eu\\\/wp-content\\\/uploads\\\/2025\\\/07\\\/poganjalec-BRN.webp\",\"contentUrl\":\"https:\\\/\\\/www.sportshine.eu\\\/wp-content\\\/uploads\\\/2025\\\/07\\\/poganjalec-BRN.webp\",\"width\":800,\"height\":800},{\"@type\":\"BreadcrumbList\",\"@id\":\"https:\\\/\\\/www.sportshine.eu\\\/trgovina\\\/otroski-poganjalec-brn-vola-50-light-blue\\\/#breadcrumb\",\"itemListElement\":[{\"@type\":\"ListItem\",\"position\":1,\"name\":\"Home\",\"item\":\"https:\\\/\\\/www.sportshine.eu\\\/\"},{\"@type\":\"ListItem\",\"position\":2,\"name\":\"Trgovina\",\"item\":\"https:\\\/\\\/www.sportshine.eu\\\/trgovina\\\/\"},{\"@type\":\"ListItem\",\"position\":3,\"name\":\"Otro\u0161ki poganjalec BRN VOLA 50 light blue\"}]},{\"@type\":\"WebSite\",\"@id\":\"https:\\\/\\\/www.sportshine.eu\\\/#website\",\"url\":\"https:\\\/\\\/www.sportshine.eu\\\/\",\"name\":\"Sportshine\",\"description\":\"Top spletna trgovina kolesarskih in naglavnih svetilk ter opreme\",\"publisher\":{\"@id\":\"https:\\\/\\\/www.sportshine.eu\\\/#organization\"},\"potentialAction\":[{\"@type\":\"SearchAction\",\"target\":{\"@type\":\"EntryPoint\",\"urlTemplate\":\"https:\\\/\\\/www.sportshine.eu\\\/?s={search_term_string}\"},\"query-input\":{\"@type\":\"PropertyValueSpecification\",\"valueRequired\":true,\"valueName\":\"search_term_string\"}}],\"inLanguage\":\"hr\"},{\"@type\":\"Organization\",\"@id\":\"https:\\\/\\\/www.sportshine.eu\\\/#organization\",\"name\":\"Sportshine\",\"url\":\"https:\\\/\\\/www.sportshine.eu\\\/\",\"logo\":{\"@type\":\"ImageObject\",\"inLanguage\":\"hr\",\"@id\":\"https:\\\/\\\/www.sportshine.eu\\\/#\\\/schema\\\/logo\\\/image\\\/\",\"url\":\"https:\\\/\\\/www.sportshine.eu\\\/wp-content\\\/uploads\\\/2026\\\/01\\\/cropped-Sportshine.webp\",\"contentUrl\":\"https:\\\/\\\/www.sportshine.eu\\\/wp-content\\\/uploads\\\/2026\\\/01\\\/cropped-Sportshine.webp\",\"width\":295,\"height\":128,\"caption\":\"Sportshine\"},\"image\":{\"@id\":\"https:\\\/\\\/www.sportshine.eu\\\/#\\\/schema\\\/logo\\\/image\\\/\"},\"sameAs\":[\"https:\\\/\\\/www.facebook.com\\\/sportshine.eu\\\/\"]}]}<\/script>\n<!-- \/ Yoast SEO plugin. -->","yoast_head_json":{"title":"Dje\u010dji romobil BRN VOLA 50 svijetloplave boje","robots":{"index":"index","follow":"follow","max-snippet":"max-snippet:-1","max-image-preview":"max-image-preview:large","max-video-preview":"max-video-preview:-1"},"canonical":"https:\/\/www.sportshine.eu\/hr\/ducan\/djecja-kolica-smeda-vola-50-svijetloplava\/","og_locale":"hr_HR","og_type":"article","og_title":"Otro\u0161ki poganjalec BRN VOLA 50 light blue","og_description":"Otro\u0161ki poganjalec BRN Vola 50 je izdelan iz naravnega lesa, ki zdru\u017euje eleganco, vzdr\u017eljivost in lahkotnost za popolno prvo kolesarsko izku\u0161njo va\u0161ega otroka. Naj BRN Vola 50 va\u0161emu otroku podari veselje do gibanja in svobode na dveh kolesih! \ud83d\udeb4\u200d\u2642\ufe0f\u2728","og_url":"https:\/\/www.sportshine.eu\/hr\/ducan\/djecja-kolica-smeda-vola-50-svijetloplava\/","og_site_name":"Sportshine","article_publisher":"https:\/\/www.facebook.com\/sportshine.eu\/","article_modified_time":"2025-08-02T17:04:01+00:00","og_image":[{"width":800,"height":800,"url":"https:\/\/www.sportshine.eu\/wp-content\/uploads\/2025\/07\/poganjalec-BRN.webp","type":"image\/webp"}],"twitter_card":"summary_large_image","twitter_misc":{"Procijenjeno vrijeme \u010ditanja":"1 minuta"},"schema":{"@context":"https:\/\/schema.org","@graph":[{"@type":"WebPage","@id":"https:\/\/www.sportshine.eu\/trgovina\/otroski-poganjalec-brn-vola-50-light-blue\/","url":"https:\/\/www.sportshine.eu\/trgovina\/otroski-poganjalec-brn-vola-50-light-blue\/","name":"Dje\u010dji romobil BRN VOLA 50 svijetloplave boje","isPartOf":{"@id":"https:\/\/www.sportshine.eu\/#website"},"primaryImageOfPage":{"@id":"https:\/\/www.sportshine.eu\/trgovina\/otroski-poganjalec-brn-vola-50-light-blue\/#primaryimage"},"image":{"@id":"https:\/\/www.sportshine.eu\/trgovina\/otroski-poganjalec-brn-vola-50-light-blue\/#primaryimage"},"thumbnailUrl":"https:\/\/www.sportshine.eu\/wp-content\/uploads\/2025\/07\/poganjalec-BRN.webp","datePublished":"2025-07-07T08:55:51+00:00","dateModified":"2025-08-02T17:04:01+00:00","breadcrumb":{"@id":"https:\/\/www.sportshine.eu\/trgovina\/otroski-poganjalec-brn-vola-50-light-blue\/#breadcrumb"},"inLanguage":"hr","potentialAction":[{"@type":"ReadAction","target":["https:\/\/www.sportshine.eu\/trgovina\/otroski-poganjalec-brn-vola-50-light-blue\/"]}]},{"@type":"ImageObject","inLanguage":"hr","@id":"https:\/\/www.sportshine.eu\/trgovina\/otroski-poganjalec-brn-vola-50-light-blue\/#primaryimage","url":"https:\/\/www.sportshine.eu\/wp-content\/uploads\/2025\/07\/poganjalec-BRN.webp","contentUrl":"https:\/\/www.sportshine.eu\/wp-content\/uploads\/2025\/07\/poganjalec-BRN.webp","width":800,"height":800},{"@type":"BreadcrumbList","@id":"https:\/\/www.sportshine.eu\/trgovina\/otroski-poganjalec-brn-vola-50-light-blue\/#breadcrumb","itemListElement":[{"@type":"ListItem","position":1,"name":"Home","item":"https:\/\/www.sportshine.eu\/"},{"@type":"ListItem","position":2,"name":"Trgovina","item":"https:\/\/www.sportshine.eu\/trgovina\/"},{"@type":"ListItem","position":3,"name":"Otro\u0161ki poganjalec BRN VOLA 50 light blue"}]},{"@type":"WebSite","@id":"https:\/\/www.sportshine.eu\/#website","url":"https:\/\/www.sportshine.eu\/","name":"Sportshine","description":"Vrhunska online trgovina za biciklisti\u010dke i \u010deone svjetiljke i opremu","publisher":{"@id":"https:\/\/www.sportshine.eu\/#organization"},"potentialAction":[{"@type":"SearchAction","target":{"@type":"EntryPoint","urlTemplate":"https:\/\/www.sportshine.eu\/?s={search_term_string}"},"query-input":{"@type":"PropertyValueSpecification","valueRequired":true,"valueName":"search_term_string"}}],"inLanguage":"hr"},{"@type":"Organization","@id":"https:\/\/www.sportshine.eu\/#organization","name":"Sportshine","url":"https:\/\/www.sportshine.eu\/","logo":{"@type":"ImageObject","inLanguage":"hr","@id":"https:\/\/www.sportshine.eu\/#\/schema\/logo\/image\/","url":"https:\/\/www.sportshine.eu\/wp-content\/uploads\/2026\/01\/cropped-Sportshine.webp","contentUrl":"https:\/\/www.sportshine.eu\/wp-content\/uploads\/2026\/01\/cropped-Sportshine.webp","width":295,"height":128,"caption":"Sportshine"},"image":{"@id":"https:\/\/www.sportshine.eu\/#\/schema\/logo\/image\/"},"sameAs":["https:\/\/www.facebook.com\/sportshine.eu\/"]}]}},"_links":{"self":[{"href":"https:\/\/www.sportshine.eu\/hr\/wp-json\/wp\/v2\/product\/6622","targetHints":{"allow":["GET"]}}],"collection":[{"href":"https:\/\/www.sportshine.eu\/hr\/wp-json\/wp\/v2\/product"}],"about":[{"href":"https:\/\/www.sportshine.eu\/hr\/wp-json\/wp\/v2\/types\/product"}],"replies":[{"embeddable":true,"href":"https:\/\/www.sportshine.eu\/hr\/wp-json\/wp\/v2\/comments?post=6622"}],"version-history":[{"count":0,"href":"https:\/\/www.sportshine.eu\/hr\/wp-json\/wp\/v2\/product\/6622\/revisions"}],"wp:featuredmedia":[{"embeddable":true,"href":"https:\/\/www.sportshine.eu\/hr\/wp-json\/wp\/v2\/media\/5379"}],"wp:attachment":[{"href":"https:\/\/www.sportshine.eu\/hr\/wp-json\/wp\/v2\/media?parent=6622"}],"wp:term":[{"taxonomy":"product_brand","embeddable":true,"href":"https:\/\/www.sportshine.eu\/hr\/wp-json\/wp\/v2\/product_brand?post=6622"},{"taxonomy":"product_cat","embeddable":true,"href":"https:\/\/www.sportshine.eu\/hr\/wp-json\/wp\/v2\/product_cat?post=6622"},{"taxonomy":"product_tag","embeddable":true,"href":"https:\/\/www.sportshine.eu\/hr\/wp-json\/wp\/v2\/product_tag?post=6622"}],"curies":[{"name":"radni list","href":"https:\/\/api.w.org\/{rel}","templated":true}]}}