{"id":6615,"date":"2025-07-07T08:55:43","date_gmt":"2025-07-07T08:55:43","guid":{"rendered":"https:\/\/www.sportshine.eu\/?post_type=product&#038;p=6615"},"modified":"2025-11-20T09:40:17","modified_gmt":"2025-11-20T09:40:17","slug":"djecja-kolica-smeda-bljeskalica-fluorescentna-fuksija","status":"publish","type":"product","link":"https:\/\/www.sportshine.eu\/hr\/ducan\/djecja-kolica-smeda-bljeskalica-fluorescentna-fuksija\/","title":{"rendered":"Dje\u010dji booster BRN FLASH FLUORESCENTNA FUKSIJA"},"content":{"rendered":"<h3 style=\"text-align: center;\" data-start=\"33\" data-end=\"283\">ISTRA\u017dITE SVIJET S POVJERENJEM<\/h3>\n<p>Dje\u010dja kolica BRN Flash pru\u017eaju sigurnost i za\u0161titu zahvaljuju\u0107i izdr\u017eljivom okviru i integriranim branicima. Roditelji se mogu opustiti znaju\u0107i da su njihovi mali istra\u017eiva\u010di sigurni na svakoj vo\u017enji.<\/p>\n<p data-start=\"33\" data-end=\"283\"><img decoding=\"async\" class=\"aligncenter\" src=\"https:\/\/www.sportshine.eu\/originalstran\/wp-content\/uploads\/2025\/04\/otroski-poganjalcek-flash-e1743527925460.webp\" \/><\/p>\n<h3 style=\"text-align: center;\" data-start=\"285\" data-end=\"566\">U\u010cENJE SIGURNOG DR\u017dANJA RAVNOTE\u017dE NA DVA KOTA\u010cA<\/h3>\n<p class=\"\" data-start=\"285\" data-end=\"566\">S BRN Flashom, djeca prirodno i sigurno razvijaju ravnote\u017eu i koordinaciju. Budu\u0107i da bicikl nema pedale, mogu se potpuno usredoto\u010diti na ravnote\u017eu, \u0161to olak\u0161ava prelazak na klasi\u010dni bicikl - bez straha od bolnih padova.<\/p>\n<h3 style=\"text-align: center;\" data-start=\"568\" data-end=\"855\">NEOGRANI\u010cENE AVANTURE, BESKRAJNA ZABAVA<\/h3>\n<p class=\"\" data-start=\"568\" data-end=\"855\">Od ulice do parka, od doma do vrta \u2013 BRN Flash djeci daje slobodu istra\u017eivanja svijeta oko sebe. Nisu potrebne pedale, a bicikl se savr\u0161eno prilago\u0111ava njihovom rastu i sposobnostima, \u010dine\u0107i svaki dan uzbudljivom i sigurnom avanturom.<\/p>","protected":false},"excerpt":{"rendered":"<p>\u2705 Okvir i vilica od lagane magnezijeve legure<br data-start=\"913\" data-end=\"916\" \/>\u2705 Podesivo sjedalo: 35 cm \/ 42 cm<br data-start=\"949\" data-end=\"952\" \/>\u2705 Gume od 12 in\u010da sa zra\u010dnicama<br data-start=\"981\" data-end=\"984\" \/>\u2705 Bo\u010dni stalak uklju\u010den<br data-start=\"1011\" data-end=\"1014\" \/>\u2705 Maksimalna nosivost: 30 kg<br data-start=\"1041\" data-end=\"1044\" \/>\u2705 Te\u017eina: 3 kg<\/p>","protected":false},"featured_media":5367,"comment_status":"open","ping_status":"closed","template":"","meta":[],"product_brand":[],"product_cat":[124],"product_tag":[],"class_list":{"0":"post-6615","1":"product","2":"type-product","3":"status-publish","4":"has-post-thumbnail","6":"product_cat-otroski-poganjalci","8":"first","9":"instock","10":"sale","11":"taxable","12":"shipping-taxable","13":"purchasable","14":"product-type-simple"},"yoast_head":"<!-- This site is optimized with the Yoast SEO plugin v27.3 - https:\/\/yoast.com\/product\/yoast-seo-wordpress\/ -->\n<title>Otro\u0161ki poganjalec BRN FLASH FLUORESCENT FUCHSIA<\/title>\n<meta name=\"robots\" content=\"index, follow, max-snippet:-1, max-image-preview:large, max-video-preview:-1\" \/>\n<link rel=\"canonical\" href=\"https:\/\/www.sportshine.eu\/hr\/ducan\/djecja-kolica-smeda-bljeskalica-fluorescentna-fuksija\/\" \/>\n<meta property=\"og:locale\" content=\"hr_HR\" \/>\n<meta property=\"og:type\" content=\"article\" \/>\n<meta property=\"og:title\" content=\"Otro\u0161ki poganjalec BRN FLASH FLUORESCENT FUCHSIA\" \/>\n<meta property=\"og:description\" content=\"\u2705 Okvir in vilice iz lahke magnezijeve zlitine\u2705 Nastavljiv sede\u017e: 35 cm \/ 42 cm\u2705 12 col pnevmatike z zra\u010dnicami\u2705 Vklju\u010deno stransko stojalo\u2705 Najve\u010dja nosilnost: 30 kg\u2705 Te\u017ea: 3 kg\" \/>\n<meta property=\"og:url\" content=\"https:\/\/www.sportshine.eu\/hr\/ducan\/djecja-kolica-smeda-bljeskalica-fluorescentna-fuksija\/\" \/>\n<meta property=\"og:site_name\" content=\"Sportshine\" \/>\n<meta property=\"article:publisher\" content=\"https:\/\/www.facebook.com\/sportshine.eu\/\" \/>\n<meta property=\"article:modified_time\" content=\"2025-11-20T09:40:17+00:00\" \/>\n<meta property=\"og:image\" content=\"https:\/\/www.sportshine.eu\/wp-content\/uploads\/2025\/07\/Otroski-poganjalec-BRN.webp\" \/>\n\t<meta property=\"og:image:width\" content=\"800\" \/>\n\t<meta property=\"og:image:height\" content=\"800\" \/>\n\t<meta property=\"og:image:type\" content=\"image\/webp\" \/>\n<meta name=\"twitter:card\" content=\"summary_large_image\" \/>\n<meta name=\"twitter:label1\" content=\"Procijenjeno vrijeme \u010ditanja\" \/>\n\t<meta name=\"twitter:data1\" content=\"1 minuta\" \/>\n<script type=\"application\/ld+json\" class=\"yoast-schema-graph\">{\"@context\":\"https:\\\/\\\/schema.org\",\"@graph\":[{\"@type\":\"WebPage\",\"@id\":\"https:\\\/\\\/www.sportshine.eu\\\/trgovina\\\/otroski-poganjalec-brn-flash-fluorescent-fuchsia\\\/\",\"url\":\"https:\\\/\\\/www.sportshine.eu\\\/trgovina\\\/otroski-poganjalec-brn-flash-fluorescent-fuchsia\\\/\",\"name\":\"Otro\u0161ki poganjalec BRN FLASH FLUORESCENT FUCHSIA\",\"isPartOf\":{\"@id\":\"https:\\\/\\\/www.sportshine.eu\\\/#website\"},\"primaryImageOfPage\":{\"@id\":\"https:\\\/\\\/www.sportshine.eu\\\/trgovina\\\/otroski-poganjalec-brn-flash-fluorescent-fuchsia\\\/#primaryimage\"},\"image\":{\"@id\":\"https:\\\/\\\/www.sportshine.eu\\\/trgovina\\\/otroski-poganjalec-brn-flash-fluorescent-fuchsia\\\/#primaryimage\"},\"thumbnailUrl\":\"https:\\\/\\\/www.sportshine.eu\\\/wp-content\\\/uploads\\\/2025\\\/07\\\/Otroski-poganjalec-BRN.webp\",\"datePublished\":\"2025-07-07T08:55:43+00:00\",\"dateModified\":\"2025-11-20T09:40:17+00:00\",\"breadcrumb\":{\"@id\":\"https:\\\/\\\/www.sportshine.eu\\\/trgovina\\\/otroski-poganjalec-brn-flash-fluorescent-fuchsia\\\/#breadcrumb\"},\"inLanguage\":\"hr\",\"potentialAction\":[{\"@type\":\"ReadAction\",\"target\":[\"https:\\\/\\\/www.sportshine.eu\\\/trgovina\\\/otroski-poganjalec-brn-flash-fluorescent-fuchsia\\\/\"]}]},{\"@type\":\"ImageObject\",\"inLanguage\":\"hr\",\"@id\":\"https:\\\/\\\/www.sportshine.eu\\\/trgovina\\\/otroski-poganjalec-brn-flash-fluorescent-fuchsia\\\/#primaryimage\",\"url\":\"https:\\\/\\\/www.sportshine.eu\\\/wp-content\\\/uploads\\\/2025\\\/07\\\/Otroski-poganjalec-BRN.webp\",\"contentUrl\":\"https:\\\/\\\/www.sportshine.eu\\\/wp-content\\\/uploads\\\/2025\\\/07\\\/Otroski-poganjalec-BRN.webp\",\"width\":800,\"height\":800},{\"@type\":\"BreadcrumbList\",\"@id\":\"https:\\\/\\\/www.sportshine.eu\\\/trgovina\\\/otroski-poganjalec-brn-flash-fluorescent-fuchsia\\\/#breadcrumb\",\"itemListElement\":[{\"@type\":\"ListItem\",\"position\":1,\"name\":\"Home\",\"item\":\"https:\\\/\\\/www.sportshine.eu\\\/\"},{\"@type\":\"ListItem\",\"position\":2,\"name\":\"Trgovina\",\"item\":\"https:\\\/\\\/www.sportshine.eu\\\/trgovina\\\/\"},{\"@type\":\"ListItem\",\"position\":3,\"name\":\"Otro\u0161ki poganjalec BRN FLASH FLUORESCENT FUCHSIA\"}]},{\"@type\":\"WebSite\",\"@id\":\"https:\\\/\\\/www.sportshine.eu\\\/#website\",\"url\":\"https:\\\/\\\/www.sportshine.eu\\\/\",\"name\":\"Sportshine\",\"description\":\"Top spletna trgovina kolesarskih in naglavnih svetilk ter opreme\",\"publisher\":{\"@id\":\"https:\\\/\\\/www.sportshine.eu\\\/#organization\"},\"potentialAction\":[{\"@type\":\"SearchAction\",\"target\":{\"@type\":\"EntryPoint\",\"urlTemplate\":\"https:\\\/\\\/www.sportshine.eu\\\/?s={search_term_string}\"},\"query-input\":{\"@type\":\"PropertyValueSpecification\",\"valueRequired\":true,\"valueName\":\"search_term_string\"}}],\"inLanguage\":\"hr\"},{\"@type\":\"Organization\",\"@id\":\"https:\\\/\\\/www.sportshine.eu\\\/#organization\",\"name\":\"Sportshine\",\"url\":\"https:\\\/\\\/www.sportshine.eu\\\/\",\"logo\":{\"@type\":\"ImageObject\",\"inLanguage\":\"hr\",\"@id\":\"https:\\\/\\\/www.sportshine.eu\\\/#\\\/schema\\\/logo\\\/image\\\/\",\"url\":\"https:\\\/\\\/www.sportshine.eu\\\/wp-content\\\/uploads\\\/2026\\\/01\\\/cropped-Sportshine.webp\",\"contentUrl\":\"https:\\\/\\\/www.sportshine.eu\\\/wp-content\\\/uploads\\\/2026\\\/01\\\/cropped-Sportshine.webp\",\"width\":295,\"height\":128,\"caption\":\"Sportshine\"},\"image\":{\"@id\":\"https:\\\/\\\/www.sportshine.eu\\\/#\\\/schema\\\/logo\\\/image\\\/\"},\"sameAs\":[\"https:\\\/\\\/www.facebook.com\\\/sportshine.eu\\\/\"]}]}<\/script>\n<!-- \/ Yoast SEO plugin. -->","yoast_head_json":{"title":"Dje\u010dji booster BRN FLASH FLUORESCENTNA FUKSIJA","robots":{"index":"index","follow":"follow","max-snippet":"max-snippet:-1","max-image-preview":"max-image-preview:large","max-video-preview":"max-video-preview:-1"},"canonical":"https:\/\/www.sportshine.eu\/hr\/ducan\/djecja-kolica-smeda-bljeskalica-fluorescentna-fuksija\/","og_locale":"hr_HR","og_type":"article","og_title":"Otro\u0161ki poganjalec BRN FLASH FLUORESCENT FUCHSIA","og_description":"\u2705 Okvir in vilice iz lahke magnezijeve zlitine\u2705 Nastavljiv sede\u017e: 35 cm \/ 42 cm\u2705 12 col pnevmatike z zra\u010dnicami\u2705 Vklju\u010deno stransko stojalo\u2705 Najve\u010dja nosilnost: 30 kg\u2705 Te\u017ea: 3 kg","og_url":"https:\/\/www.sportshine.eu\/hr\/ducan\/djecja-kolica-smeda-bljeskalica-fluorescentna-fuksija\/","og_site_name":"Sportshine","article_publisher":"https:\/\/www.facebook.com\/sportshine.eu\/","article_modified_time":"2025-11-20T09:40:17+00:00","og_image":[{"width":800,"height":800,"url":"https:\/\/www.sportshine.eu\/wp-content\/uploads\/2025\/07\/Otroski-poganjalec-BRN.webp","type":"image\/webp"}],"twitter_card":"summary_large_image","twitter_misc":{"Procijenjeno vrijeme \u010ditanja":"1 minuta"},"schema":{"@context":"https:\/\/schema.org","@graph":[{"@type":"WebPage","@id":"https:\/\/www.sportshine.eu\/trgovina\/otroski-poganjalec-brn-flash-fluorescent-fuchsia\/","url":"https:\/\/www.sportshine.eu\/trgovina\/otroski-poganjalec-brn-flash-fluorescent-fuchsia\/","name":"Dje\u010dji booster BRN FLASH FLUORESCENTNA FUKSIJA","isPartOf":{"@id":"https:\/\/www.sportshine.eu\/#website"},"primaryImageOfPage":{"@id":"https:\/\/www.sportshine.eu\/trgovina\/otroski-poganjalec-brn-flash-fluorescent-fuchsia\/#primaryimage"},"image":{"@id":"https:\/\/www.sportshine.eu\/trgovina\/otroski-poganjalec-brn-flash-fluorescent-fuchsia\/#primaryimage"},"thumbnailUrl":"https:\/\/www.sportshine.eu\/wp-content\/uploads\/2025\/07\/Otroski-poganjalec-BRN.webp","datePublished":"2025-07-07T08:55:43+00:00","dateModified":"2025-11-20T09:40:17+00:00","breadcrumb":{"@id":"https:\/\/www.sportshine.eu\/trgovina\/otroski-poganjalec-brn-flash-fluorescent-fuchsia\/#breadcrumb"},"inLanguage":"hr","potentialAction":[{"@type":"ReadAction","target":["https:\/\/www.sportshine.eu\/trgovina\/otroski-poganjalec-brn-flash-fluorescent-fuchsia\/"]}]},{"@type":"ImageObject","inLanguage":"hr","@id":"https:\/\/www.sportshine.eu\/trgovina\/otroski-poganjalec-brn-flash-fluorescent-fuchsia\/#primaryimage","url":"https:\/\/www.sportshine.eu\/wp-content\/uploads\/2025\/07\/Otroski-poganjalec-BRN.webp","contentUrl":"https:\/\/www.sportshine.eu\/wp-content\/uploads\/2025\/07\/Otroski-poganjalec-BRN.webp","width":800,"height":800},{"@type":"BreadcrumbList","@id":"https:\/\/www.sportshine.eu\/trgovina\/otroski-poganjalec-brn-flash-fluorescent-fuchsia\/#breadcrumb","itemListElement":[{"@type":"ListItem","position":1,"name":"Home","item":"https:\/\/www.sportshine.eu\/"},{"@type":"ListItem","position":2,"name":"Trgovina","item":"https:\/\/www.sportshine.eu\/trgovina\/"},{"@type":"ListItem","position":3,"name":"Otro\u0161ki poganjalec BRN FLASH FLUORESCENT FUCHSIA"}]},{"@type":"WebSite","@id":"https:\/\/www.sportshine.eu\/#website","url":"https:\/\/www.sportshine.eu\/","name":"Sportshine","description":"Vrhunska online trgovina za biciklisti\u010dke i \u010deone svjetiljke i opremu","publisher":{"@id":"https:\/\/www.sportshine.eu\/#organization"},"potentialAction":[{"@type":"SearchAction","target":{"@type":"EntryPoint","urlTemplate":"https:\/\/www.sportshine.eu\/?s={search_term_string}"},"query-input":{"@type":"PropertyValueSpecification","valueRequired":true,"valueName":"search_term_string"}}],"inLanguage":"hr"},{"@type":"Organization","@id":"https:\/\/www.sportshine.eu\/#organization","name":"Sportshine","url":"https:\/\/www.sportshine.eu\/","logo":{"@type":"ImageObject","inLanguage":"hr","@id":"https:\/\/www.sportshine.eu\/#\/schema\/logo\/image\/","url":"https:\/\/www.sportshine.eu\/wp-content\/uploads\/2026\/01\/cropped-Sportshine.webp","contentUrl":"https:\/\/www.sportshine.eu\/wp-content\/uploads\/2026\/01\/cropped-Sportshine.webp","width":295,"height":128,"caption":"Sportshine"},"image":{"@id":"https:\/\/www.sportshine.eu\/#\/schema\/logo\/image\/"},"sameAs":["https:\/\/www.facebook.com\/sportshine.eu\/"]}]}},"_links":{"self":[{"href":"https:\/\/www.sportshine.eu\/hr\/wp-json\/wp\/v2\/product\/6615","targetHints":{"allow":["GET"]}}],"collection":[{"href":"https:\/\/www.sportshine.eu\/hr\/wp-json\/wp\/v2\/product"}],"about":[{"href":"https:\/\/www.sportshine.eu\/hr\/wp-json\/wp\/v2\/types\/product"}],"replies":[{"embeddable":true,"href":"https:\/\/www.sportshine.eu\/hr\/wp-json\/wp\/v2\/comments?post=6615"}],"version-history":[{"count":0,"href":"https:\/\/www.sportshine.eu\/hr\/wp-json\/wp\/v2\/product\/6615\/revisions"}],"wp:featuredmedia":[{"embeddable":true,"href":"https:\/\/www.sportshine.eu\/hr\/wp-json\/wp\/v2\/media\/5367"}],"wp:attachment":[{"href":"https:\/\/www.sportshine.eu\/hr\/wp-json\/wp\/v2\/media?parent=6615"}],"wp:term":[{"taxonomy":"product_brand","embeddable":true,"href":"https:\/\/www.sportshine.eu\/hr\/wp-json\/wp\/v2\/product_brand?post=6615"},{"taxonomy":"product_cat","embeddable":true,"href":"https:\/\/www.sportshine.eu\/hr\/wp-json\/wp\/v2\/product_cat?post=6615"},{"taxonomy":"product_tag","embeddable":true,"href":"https:\/\/www.sportshine.eu\/hr\/wp-json\/wp\/v2\/product_tag?post=6615"}],"curies":[{"name":"radni list","href":"https:\/\/api.w.org\/{rel}","templated":true}]}}