{"id":6613,"date":"2025-07-07T08:55:41","date_gmt":"2025-07-07T08:55:41","guid":{"rendered":"https:\/\/www.sportshine.eu\/?post_type=product&#038;p=6613"},"modified":"2025-08-02T17:06:36","modified_gmt":"2025-08-02T17:06:36","slug":"brn-senzor-kadence-bicikla","status":"publish","type":"product","link":"https:\/\/www.sportshine.eu\/hr\/ducan\/brn-senzor-kadence-bicikla\/","title":{"rendered":"BRN senzor kadence"},"content":{"rendered":"<h3 style=\"text-align: center;\" data-start=\"77\" data-end=\"349\">MJERITE SVOJE PERFORMANSE POMO\u0106U BRN SENZORA: TO\u010cNOST I POUZDANOST NA VA\u0160OJ STRANI<\/h3>\n<p data-start=\"77\" data-end=\"349\">Ako ste strastveni biciklist, znate koliko je va\u017eno pratiti svoje performanse za kontinuirano pobolj\u0161anje. BRN senzor kadence savr\u0161en je pratitelj koji \u0107e vam pomo\u0107i u postizanju va\u0161ih ciljeva.<\/p>\n<h3 style=\"text-align: center;\" data-start=\"351\" data-end=\"990\">NAJSUVREMENIJA TEHNOLOGIJA ZA ZAHTJEVNE BICIKLISTIKE<\/h3>\n<p class=\"\" data-start=\"351\" data-end=\"990\">BRN senzor kadence opremljen je ugra\u0111enim G-senzorom i automatskim pokretanjem, \u0161to zna\u010di da je uvijek spreman za upotrebu. Njegovo ku\u0107i\u0161te otporno na udarce i vodu s IPX6 za\u0161titom osigurava otpornost na vremenske uvjete i vibracije, \u0161to ga \u010dini savr\u0161enim za sve terene. Bluetooth 4.0 i ANT+ povezivost omogu\u0107uju stabilan i pouzdan prijenos podataka na va\u0161e biciklisti\u010dko ra\u010dunalo ili pametni telefon. Baterija CR2032 osigurava dugotrajnost baterije, dok vam LED svjetlo s crvenim i zelenim indikatorima daje trenutnu vizualnu povratnu informaciju o va\u0161im performansama.<\/p>\n<h3 style=\"text-align: center;\" data-start=\"992\" data-end=\"1422\">NEOPHODAN DODATAK ZA VA\u0160 TRENING<\/h3>\n<p data-start=\"992\" data-end=\"1422\">Bez obzira jeste li profesionalni biciklist ili samo u\u017eivate u vo\u017enji, BRN senzor kadence nezamjenjiv je alat za pobolj\u0161anje va\u0161ih performansi. Pra\u0107enjem kadence pedaliranja mo\u017eete optimizirati svoj trening, sprije\u010diti preoptere\u0107enje i smanjiti rizik od ozljeda. Ovaj senzor pomo\u0107i \u0107e vam da postignete svoje ciljeve, prema\u0161ite svoje granice i u potpunosti u\u017eivate u vo\u017enji bicikla.<\/p>","protected":false},"excerpt":{"rendered":"<p>\u2705 Ugra\u0111eni G-senzor i automatsko pokretanje<br data-start=\"1439\" data-end=\"1442\" \/>\u2705 Vodootporno i otporno na udarce ku\u0107i\u0161te (IPX6)<br data-start=\"1490\" data-end=\"1493\" \/>\u2705 Bluetooth 4.0 i ANT+ povezivost<br data-start=\"1529\" data-end=\"1532\" \/>\u2705 CR2032 baterija<br data-start=\"1549\" data-end=\"1552\" \/>\u2705 Radna temperatura: -10 do 50 \u00b0C<br data-start=\"1591\" data-end=\"1594\" \/>\u2705 Svjetlo za navo\u0111enje: crveni i zeleni indikator<br data-start=\"1634\" data-end=\"1637\" \/>\u2705 Pribor: ure\u0111aj, baterija i prsten za monta\u017eu<\/p>","protected":false},"featured_media":5365,"comment_status":"open","ping_status":"closed","template":"","meta":[],"product_brand":[],"product_cat":[94],"product_tag":[],"class_list":{"0":"post-6613","1":"product","2":"type-product","3":"status-publish","4":"has-post-thumbnail","6":"product_cat-kolesarski-stevci","8":"first","9":"instock","10":"taxable","11":"shipping-taxable","12":"purchasable","13":"product-type-simple"},"yoast_head":"<!-- This site is optimized with the Yoast SEO plugin v27.3 - https:\/\/yoast.com\/product\/yoast-seo-wordpress\/ -->\n<title>Kolesarski senzor za kadenco BRN<\/title>\n<meta name=\"robots\" content=\"index, follow, max-snippet:-1, max-image-preview:large, max-video-preview:-1\" \/>\n<link rel=\"canonical\" href=\"https:\/\/www.sportshine.eu\/hr\/ducan\/brn-senzor-kadence-bicikla\/\" \/>\n<meta property=\"og:locale\" content=\"hr_HR\" \/>\n<meta property=\"og:type\" content=\"article\" \/>\n<meta property=\"og:title\" content=\"Kolesarski senzor za kadenco BRN\" \/>\n<meta property=\"og:description\" content=\"\u2705 Vgrajen G-senzor in samodejni zagon\u2705 Vodoodporno in na udarce odporno ohi\u0161je (IPX6)\u2705 Povezljivost Bluetooth 4.0 in ANT+\u2705 Baterija CR2032\u2705 Obratovalna temperatura: -10 do 50 \u00b0C\u2705 Vodilna lu\u010dka: rde\u010d in zelen indikator\u2705 Dodatki: naprava, baterija in monta\u017eni obro\u010dek\" \/>\n<meta property=\"og:url\" content=\"https:\/\/www.sportshine.eu\/hr\/ducan\/brn-senzor-kadence-bicikla\/\" \/>\n<meta property=\"og:site_name\" content=\"Sportshine\" \/>\n<meta property=\"article:publisher\" content=\"https:\/\/www.facebook.com\/sportshine.eu\/\" \/>\n<meta property=\"article:modified_time\" content=\"2025-08-02T17:06:36+00:00\" \/>\n<meta property=\"og:image\" content=\"https:\/\/www.sportshine.eu\/wp-content\/uploads\/2025\/07\/kolesarski-senzor-za-kadenco-BRN.webp\" \/>\n\t<meta property=\"og:image:width\" content=\"800\" \/>\n\t<meta property=\"og:image:height\" content=\"800\" \/>\n\t<meta property=\"og:image:type\" content=\"image\/webp\" \/>\n<meta name=\"twitter:card\" content=\"summary_large_image\" \/>\n<meta name=\"twitter:label1\" content=\"Procijenjeno vrijeme \u010ditanja\" \/>\n\t<meta name=\"twitter:data1\" content=\"2 minute\" \/>\n<script type=\"application\/ld+json\" class=\"yoast-schema-graph\">{\"@context\":\"https:\\\/\\\/schema.org\",\"@graph\":[{\"@type\":\"WebPage\",\"@id\":\"https:\\\/\\\/www.sportshine.eu\\\/trgovina\\\/kolesarski-senzor-za-kadenco-brn\\\/\",\"url\":\"https:\\\/\\\/www.sportshine.eu\\\/trgovina\\\/kolesarski-senzor-za-kadenco-brn\\\/\",\"name\":\"Kolesarski senzor za kadenco BRN\",\"isPartOf\":{\"@id\":\"https:\\\/\\\/www.sportshine.eu\\\/#website\"},\"primaryImageOfPage\":{\"@id\":\"https:\\\/\\\/www.sportshine.eu\\\/trgovina\\\/kolesarski-senzor-za-kadenco-brn\\\/#primaryimage\"},\"image\":{\"@id\":\"https:\\\/\\\/www.sportshine.eu\\\/trgovina\\\/kolesarski-senzor-za-kadenco-brn\\\/#primaryimage\"},\"thumbnailUrl\":\"https:\\\/\\\/www.sportshine.eu\\\/wp-content\\\/uploads\\\/2025\\\/07\\\/kolesarski-senzor-za-kadenco-BRN.webp\",\"datePublished\":\"2025-07-07T08:55:41+00:00\",\"dateModified\":\"2025-08-02T17:06:36+00:00\",\"breadcrumb\":{\"@id\":\"https:\\\/\\\/www.sportshine.eu\\\/trgovina\\\/kolesarski-senzor-za-kadenco-brn\\\/#breadcrumb\"},\"inLanguage\":\"hr\",\"potentialAction\":[{\"@type\":\"ReadAction\",\"target\":[\"https:\\\/\\\/www.sportshine.eu\\\/trgovina\\\/kolesarski-senzor-za-kadenco-brn\\\/\"]}]},{\"@type\":\"ImageObject\",\"inLanguage\":\"hr\",\"@id\":\"https:\\\/\\\/www.sportshine.eu\\\/trgovina\\\/kolesarski-senzor-za-kadenco-brn\\\/#primaryimage\",\"url\":\"https:\\\/\\\/www.sportshine.eu\\\/wp-content\\\/uploads\\\/2025\\\/07\\\/kolesarski-senzor-za-kadenco-BRN.webp\",\"contentUrl\":\"https:\\\/\\\/www.sportshine.eu\\\/wp-content\\\/uploads\\\/2025\\\/07\\\/kolesarski-senzor-za-kadenco-BRN.webp\",\"width\":800,\"height\":800},{\"@type\":\"BreadcrumbList\",\"@id\":\"https:\\\/\\\/www.sportshine.eu\\\/trgovina\\\/kolesarski-senzor-za-kadenco-brn\\\/#breadcrumb\",\"itemListElement\":[{\"@type\":\"ListItem\",\"position\":1,\"name\":\"Home\",\"item\":\"https:\\\/\\\/www.sportshine.eu\\\/\"},{\"@type\":\"ListItem\",\"position\":2,\"name\":\"Trgovina\",\"item\":\"https:\\\/\\\/www.sportshine.eu\\\/trgovina\\\/\"},{\"@type\":\"ListItem\",\"position\":3,\"name\":\"Kolesarski senzor za kadenco BRN\"}]},{\"@type\":\"WebSite\",\"@id\":\"https:\\\/\\\/www.sportshine.eu\\\/#website\",\"url\":\"https:\\\/\\\/www.sportshine.eu\\\/\",\"name\":\"Sportshine\",\"description\":\"Top spletna trgovina kolesarskih in naglavnih svetilk ter opreme\",\"publisher\":{\"@id\":\"https:\\\/\\\/www.sportshine.eu\\\/#organization\"},\"potentialAction\":[{\"@type\":\"SearchAction\",\"target\":{\"@type\":\"EntryPoint\",\"urlTemplate\":\"https:\\\/\\\/www.sportshine.eu\\\/?s={search_term_string}\"},\"query-input\":{\"@type\":\"PropertyValueSpecification\",\"valueRequired\":true,\"valueName\":\"search_term_string\"}}],\"inLanguage\":\"hr\"},{\"@type\":\"Organization\",\"@id\":\"https:\\\/\\\/www.sportshine.eu\\\/#organization\",\"name\":\"Sportshine\",\"url\":\"https:\\\/\\\/www.sportshine.eu\\\/\",\"logo\":{\"@type\":\"ImageObject\",\"inLanguage\":\"hr\",\"@id\":\"https:\\\/\\\/www.sportshine.eu\\\/#\\\/schema\\\/logo\\\/image\\\/\",\"url\":\"https:\\\/\\\/www.sportshine.eu\\\/wp-content\\\/uploads\\\/2026\\\/01\\\/cropped-Sportshine.webp\",\"contentUrl\":\"https:\\\/\\\/www.sportshine.eu\\\/wp-content\\\/uploads\\\/2026\\\/01\\\/cropped-Sportshine.webp\",\"width\":295,\"height\":128,\"caption\":\"Sportshine\"},\"image\":{\"@id\":\"https:\\\/\\\/www.sportshine.eu\\\/#\\\/schema\\\/logo\\\/image\\\/\"},\"sameAs\":[\"https:\\\/\\\/www.facebook.com\\\/sportshine.eu\\\/\"]}]}<\/script>\n<!-- \/ Yoast SEO plugin. -->","yoast_head_json":{"title":"BRN senzor kadence","robots":{"index":"index","follow":"follow","max-snippet":"max-snippet:-1","max-image-preview":"max-image-preview:large","max-video-preview":"max-video-preview:-1"},"canonical":"https:\/\/www.sportshine.eu\/hr\/ducan\/brn-senzor-kadence-bicikla\/","og_locale":"hr_HR","og_type":"article","og_title":"Kolesarski senzor za kadenco BRN","og_description":"\u2705 Vgrajen G-senzor in samodejni zagon\u2705 Vodoodporno in na udarce odporno ohi\u0161je (IPX6)\u2705 Povezljivost Bluetooth 4.0 in ANT+\u2705 Baterija CR2032\u2705 Obratovalna temperatura: -10 do 50 \u00b0C\u2705 Vodilna lu\u010dka: rde\u010d in zelen indikator\u2705 Dodatki: naprava, baterija in monta\u017eni obro\u010dek","og_url":"https:\/\/www.sportshine.eu\/hr\/ducan\/brn-senzor-kadence-bicikla\/","og_site_name":"Sportshine","article_publisher":"https:\/\/www.facebook.com\/sportshine.eu\/","article_modified_time":"2025-08-02T17:06:36+00:00","og_image":[{"width":800,"height":800,"url":"https:\/\/www.sportshine.eu\/wp-content\/uploads\/2025\/07\/kolesarski-senzor-za-kadenco-BRN.webp","type":"image\/webp"}],"twitter_card":"summary_large_image","twitter_misc":{"Procijenjeno vrijeme \u010ditanja":"2 minute"},"schema":{"@context":"https:\/\/schema.org","@graph":[{"@type":"WebPage","@id":"https:\/\/www.sportshine.eu\/trgovina\/kolesarski-senzor-za-kadenco-brn\/","url":"https:\/\/www.sportshine.eu\/trgovina\/kolesarski-senzor-za-kadenco-brn\/","name":"BRN senzor kadence","isPartOf":{"@id":"https:\/\/www.sportshine.eu\/#website"},"primaryImageOfPage":{"@id":"https:\/\/www.sportshine.eu\/trgovina\/kolesarski-senzor-za-kadenco-brn\/#primaryimage"},"image":{"@id":"https:\/\/www.sportshine.eu\/trgovina\/kolesarski-senzor-za-kadenco-brn\/#primaryimage"},"thumbnailUrl":"https:\/\/www.sportshine.eu\/wp-content\/uploads\/2025\/07\/kolesarski-senzor-za-kadenco-BRN.webp","datePublished":"2025-07-07T08:55:41+00:00","dateModified":"2025-08-02T17:06:36+00:00","breadcrumb":{"@id":"https:\/\/www.sportshine.eu\/trgovina\/kolesarski-senzor-za-kadenco-brn\/#breadcrumb"},"inLanguage":"hr","potentialAction":[{"@type":"ReadAction","target":["https:\/\/www.sportshine.eu\/trgovina\/kolesarski-senzor-za-kadenco-brn\/"]}]},{"@type":"ImageObject","inLanguage":"hr","@id":"https:\/\/www.sportshine.eu\/trgovina\/kolesarski-senzor-za-kadenco-brn\/#primaryimage","url":"https:\/\/www.sportshine.eu\/wp-content\/uploads\/2025\/07\/kolesarski-senzor-za-kadenco-BRN.webp","contentUrl":"https:\/\/www.sportshine.eu\/wp-content\/uploads\/2025\/07\/kolesarski-senzor-za-kadenco-BRN.webp","width":800,"height":800},{"@type":"BreadcrumbList","@id":"https:\/\/www.sportshine.eu\/trgovina\/kolesarski-senzor-za-kadenco-brn\/#breadcrumb","itemListElement":[{"@type":"ListItem","position":1,"name":"Home","item":"https:\/\/www.sportshine.eu\/"},{"@type":"ListItem","position":2,"name":"Trgovina","item":"https:\/\/www.sportshine.eu\/trgovina\/"},{"@type":"ListItem","position":3,"name":"Kolesarski senzor za kadenco BRN"}]},{"@type":"WebSite","@id":"https:\/\/www.sportshine.eu\/#website","url":"https:\/\/www.sportshine.eu\/","name":"Sportshine","description":"Vrhunska online trgovina za biciklisti\u010dke i \u010deone svjetiljke i opremu","publisher":{"@id":"https:\/\/www.sportshine.eu\/#organization"},"potentialAction":[{"@type":"SearchAction","target":{"@type":"EntryPoint","urlTemplate":"https:\/\/www.sportshine.eu\/?s={search_term_string}"},"query-input":{"@type":"PropertyValueSpecification","valueRequired":true,"valueName":"search_term_string"}}],"inLanguage":"hr"},{"@type":"Organization","@id":"https:\/\/www.sportshine.eu\/#organization","name":"Sportshine","url":"https:\/\/www.sportshine.eu\/","logo":{"@type":"ImageObject","inLanguage":"hr","@id":"https:\/\/www.sportshine.eu\/#\/schema\/logo\/image\/","url":"https:\/\/www.sportshine.eu\/wp-content\/uploads\/2026\/01\/cropped-Sportshine.webp","contentUrl":"https:\/\/www.sportshine.eu\/wp-content\/uploads\/2026\/01\/cropped-Sportshine.webp","width":295,"height":128,"caption":"Sportshine"},"image":{"@id":"https:\/\/www.sportshine.eu\/#\/schema\/logo\/image\/"},"sameAs":["https:\/\/www.facebook.com\/sportshine.eu\/"]}]}},"_links":{"self":[{"href":"https:\/\/www.sportshine.eu\/hr\/wp-json\/wp\/v2\/product\/6613","targetHints":{"allow":["GET"]}}],"collection":[{"href":"https:\/\/www.sportshine.eu\/hr\/wp-json\/wp\/v2\/product"}],"about":[{"href":"https:\/\/www.sportshine.eu\/hr\/wp-json\/wp\/v2\/types\/product"}],"replies":[{"embeddable":true,"href":"https:\/\/www.sportshine.eu\/hr\/wp-json\/wp\/v2\/comments?post=6613"}],"version-history":[{"count":0,"href":"https:\/\/www.sportshine.eu\/hr\/wp-json\/wp\/v2\/product\/6613\/revisions"}],"wp:featuredmedia":[{"embeddable":true,"href":"https:\/\/www.sportshine.eu\/hr\/wp-json\/wp\/v2\/media\/5365"}],"wp:attachment":[{"href":"https:\/\/www.sportshine.eu\/hr\/wp-json\/wp\/v2\/media?parent=6613"}],"wp:term":[{"taxonomy":"product_brand","embeddable":true,"href":"https:\/\/www.sportshine.eu\/hr\/wp-json\/wp\/v2\/product_brand?post=6613"},{"taxonomy":"product_cat","embeddable":true,"href":"https:\/\/www.sportshine.eu\/hr\/wp-json\/wp\/v2\/product_cat?post=6613"},{"taxonomy":"product_tag","embeddable":true,"href":"https:\/\/www.sportshine.eu\/hr\/wp-json\/wp\/v2\/product_tag?post=6613"}],"curies":[{"name":"radni list","href":"https:\/\/api.w.org\/{rel}","templated":true}]}}