{"id":6612,"date":"2025-07-07T08:55:40","date_gmt":"2025-07-07T08:55:40","guid":{"rendered":"https:\/\/www.sportshine.eu\/?post_type=product&#038;p=6612"},"modified":"2025-08-02T17:06:46","modified_gmt":"2025-08-02T17:06:46","slug":"senzor-brzine-bicikla-brn","status":"publish","type":"product","link":"https:\/\/www.sportshine.eu\/hr\/ducan\/senzor-brzine-bicikla-brn\/","title":{"rendered":"BRN senzor brzine bicikla"},"content":{"rendered":"<h3>NAPREDNO PRA\u0106ENJE BRZINE ZA ZAHTJEVNE BICIKLISTIKE<\/h3>\n<p class=\"\" data-start=\"94\" data-end=\"802\">BRN senzor brzine savr\u0161en je pratitelj za bicikliste koji \u017eele precizno i pouzdano pratiti svoje performanse. Opremljen ugra\u0111enim G-senzorom i automatskim pokretanjem, ure\u0111aj se aktivira \u010dim po\u010dnete pedalirati, pru\u017eaju\u0107i vam to\u010dne podatke o brzini u stvarnom vremenu. Bluetooth 4.0 i ANT+ povezivost omogu\u0107uju kompatibilnost sa \u0161irokim rasponom ure\u0111aja, od biciklisti\u010dkih ra\u010dunala do monitora otkucaja srca, \u0161to vam omogu\u0107uje jednostavnu integraciju podataka o brzini s drugim podacima o treningu. Bez obzira jeste li cestovni biciklist, brdski biciklist ili biciklisti\u010dki putnik, BRN senzor brzine pomo\u0107i \u0107e vam da postignete svoje ciljeve.<\/p>\n<h3 class=\"\" data-start=\"804\" data-end=\"850\">IZDR\u017dLJIVOST I POUZDANOST U SVIM UVJETIMA<\/h3>\n<p class=\"\" data-start=\"851\" data-end=\"1539\">Dizajniran da prevlada sve izazove na cesti, BRN senzor brzine ima robusno, otporno na udarce i vodu ku\u0107i\u0161te s IPX6 za\u0161titom. Ova za\u0161tita \u010dini ga otpornim na ki\u0161u, blato i pra\u0161inu, osiguravaju\u0107i besprijekoran rad \u010dak i u najte\u017eim uvjetima. Baterija CR2032 osigurava dug vijek trajanja, tako da se mo\u017eete usredoto\u010diti na vo\u017enju bez brige o \u010destim izmjenama baterija. Svjetlo za uputu s crvenim i zelenim indikatorima pokazuje vam status ure\u0111aja na prvi pogled. S radnom temperaturom od -10 do 50 \u00b0C, BRN senzor je spreman za sve vremenske uvjete. Paket uklju\u010duje sve \u0161to vam je potrebno za trenutni po\u010detak treninga: ure\u0111aj, bateriju i prsten za monta\u017eu.<\/p>","protected":false},"excerpt":{"rendered":"<p>\u2705 Ugra\u0111eni G-senzor i automatsko pokretanje<br data-start=\"1594\" data-end=\"1597\" \/>\u2705 Vodootporno i otporno na udarce ku\u0107i\u0161te (IPX6)<br data-start=\"1645\" data-end=\"1648\" \/>\u2705 Bluetooth 4.0 i ANT+ povezivost<br data-start=\"1684\" data-end=\"1687\" \/>\u2705 CR2032 baterija<br data-start=\"1704\" data-end=\"1707\" \/>\u2705 Radna temperatura: -10 do 50 \u00b0C<br data-start=\"1746\" data-end=\"1749\" \/>\u2705 Svjetlo za navo\u0111enje: crveni i zeleni indikator<br data-start=\"1789\" data-end=\"1792\" \/>\u2705 Pribor: ure\u0111aj, baterija i prsten za monta\u017eu<\/p>","protected":false},"featured_media":5364,"comment_status":"open","ping_status":"closed","template":"","meta":[],"product_brand":[],"product_cat":[94],"product_tag":[],"class_list":{"0":"post-6612","1":"product","2":"type-product","3":"status-publish","4":"has-post-thumbnail","6":"product_cat-kolesarski-stevci","8":"first","9":"instock","10":"taxable","11":"shipping-taxable","12":"purchasable","13":"product-type-simple"},"yoast_head":"<!-- This site is optimized with the Yoast SEO plugin v27.3 - https:\/\/yoast.com\/product\/yoast-seo-wordpress\/ -->\n<title>Kolesarski senzor za hitrost BRN<\/title>\n<meta name=\"robots\" content=\"index, follow, max-snippet:-1, max-image-preview:large, max-video-preview:-1\" \/>\n<link rel=\"canonical\" href=\"https:\/\/www.sportshine.eu\/hr\/ducan\/senzor-brzine-bicikla-brn\/\" \/>\n<meta property=\"og:locale\" content=\"hr_HR\" \/>\n<meta property=\"og:type\" content=\"article\" \/>\n<meta property=\"og:title\" content=\"Kolesarski senzor za hitrost BRN\" \/>\n<meta property=\"og:description\" content=\"\u2705 Vgrajen G-senzor in samodejni zagon\u2705 Vodoodporno in na udarce odporno ohi\u0161je (IPX6)\u2705 Povezljivost Bluetooth 4.0 in ANT+\u2705 Baterija CR2032\u2705 Obratovalna temperatura: -10 do 50 \u00b0C\u2705 Vodilna lu\u010dka: rde\u010d in zelen indikator\u2705 Dodatki: naprava, baterija in monta\u017eni obro\u010dek\" \/>\n<meta property=\"og:url\" content=\"https:\/\/www.sportshine.eu\/hr\/ducan\/senzor-brzine-bicikla-brn\/\" \/>\n<meta property=\"og:site_name\" content=\"Sportshine\" \/>\n<meta property=\"article:publisher\" content=\"https:\/\/www.facebook.com\/sportshine.eu\/\" \/>\n<meta property=\"article:modified_time\" content=\"2025-08-02T17:06:46+00:00\" \/>\n<meta property=\"og:image\" content=\"https:\/\/www.sportshine.eu\/wp-content\/uploads\/2025\/07\/Kolesarski-senzor-za-kadenco.webp\" \/>\n\t<meta property=\"og:image:width\" content=\"800\" \/>\n\t<meta property=\"og:image:height\" content=\"800\" \/>\n\t<meta property=\"og:image:type\" content=\"image\/webp\" \/>\n<meta name=\"twitter:card\" content=\"summary_large_image\" \/>\n<meta name=\"twitter:label1\" content=\"Procijenjeno vrijeme \u010ditanja\" \/>\n\t<meta name=\"twitter:data1\" content=\"2 minute\" \/>\n<script type=\"application\/ld+json\" class=\"yoast-schema-graph\">{\"@context\":\"https:\\\/\\\/schema.org\",\"@graph\":[{\"@type\":\"WebPage\",\"@id\":\"https:\\\/\\\/www.sportshine.eu\\\/trgovina\\\/kolesarski-senzor-za-hitrost-brn\\\/\",\"url\":\"https:\\\/\\\/www.sportshine.eu\\\/trgovina\\\/kolesarski-senzor-za-hitrost-brn\\\/\",\"name\":\"Kolesarski senzor za hitrost BRN\",\"isPartOf\":{\"@id\":\"https:\\\/\\\/www.sportshine.eu\\\/#website\"},\"primaryImageOfPage\":{\"@id\":\"https:\\\/\\\/www.sportshine.eu\\\/trgovina\\\/kolesarski-senzor-za-hitrost-brn\\\/#primaryimage\"},\"image\":{\"@id\":\"https:\\\/\\\/www.sportshine.eu\\\/trgovina\\\/kolesarski-senzor-za-hitrost-brn\\\/#primaryimage\"},\"thumbnailUrl\":\"https:\\\/\\\/www.sportshine.eu\\\/wp-content\\\/uploads\\\/2025\\\/07\\\/Kolesarski-senzor-za-kadenco.webp\",\"datePublished\":\"2025-07-07T08:55:40+00:00\",\"dateModified\":\"2025-08-02T17:06:46+00:00\",\"breadcrumb\":{\"@id\":\"https:\\\/\\\/www.sportshine.eu\\\/trgovina\\\/kolesarski-senzor-za-hitrost-brn\\\/#breadcrumb\"},\"inLanguage\":\"hr\",\"potentialAction\":[{\"@type\":\"ReadAction\",\"target\":[\"https:\\\/\\\/www.sportshine.eu\\\/trgovina\\\/kolesarski-senzor-za-hitrost-brn\\\/\"]}]},{\"@type\":\"ImageObject\",\"inLanguage\":\"hr\",\"@id\":\"https:\\\/\\\/www.sportshine.eu\\\/trgovina\\\/kolesarski-senzor-za-hitrost-brn\\\/#primaryimage\",\"url\":\"https:\\\/\\\/www.sportshine.eu\\\/wp-content\\\/uploads\\\/2025\\\/07\\\/Kolesarski-senzor-za-kadenco.webp\",\"contentUrl\":\"https:\\\/\\\/www.sportshine.eu\\\/wp-content\\\/uploads\\\/2025\\\/07\\\/Kolesarski-senzor-za-kadenco.webp\",\"width\":800,\"height\":800},{\"@type\":\"BreadcrumbList\",\"@id\":\"https:\\\/\\\/www.sportshine.eu\\\/trgovina\\\/kolesarski-senzor-za-hitrost-brn\\\/#breadcrumb\",\"itemListElement\":[{\"@type\":\"ListItem\",\"position\":1,\"name\":\"Home\",\"item\":\"https:\\\/\\\/www.sportshine.eu\\\/\"},{\"@type\":\"ListItem\",\"position\":2,\"name\":\"Trgovina\",\"item\":\"https:\\\/\\\/www.sportshine.eu\\\/trgovina\\\/\"},{\"@type\":\"ListItem\",\"position\":3,\"name\":\"Kolesarski senzor za hitrost BRN\"}]},{\"@type\":\"WebSite\",\"@id\":\"https:\\\/\\\/www.sportshine.eu\\\/#website\",\"url\":\"https:\\\/\\\/www.sportshine.eu\\\/\",\"name\":\"Sportshine\",\"description\":\"Top spletna trgovina kolesarskih in naglavnih svetilk ter opreme\",\"publisher\":{\"@id\":\"https:\\\/\\\/www.sportshine.eu\\\/#organization\"},\"potentialAction\":[{\"@type\":\"SearchAction\",\"target\":{\"@type\":\"EntryPoint\",\"urlTemplate\":\"https:\\\/\\\/www.sportshine.eu\\\/?s={search_term_string}\"},\"query-input\":{\"@type\":\"PropertyValueSpecification\",\"valueRequired\":true,\"valueName\":\"search_term_string\"}}],\"inLanguage\":\"hr\"},{\"@type\":\"Organization\",\"@id\":\"https:\\\/\\\/www.sportshine.eu\\\/#organization\",\"name\":\"Sportshine\",\"url\":\"https:\\\/\\\/www.sportshine.eu\\\/\",\"logo\":{\"@type\":\"ImageObject\",\"inLanguage\":\"hr\",\"@id\":\"https:\\\/\\\/www.sportshine.eu\\\/#\\\/schema\\\/logo\\\/image\\\/\",\"url\":\"https:\\\/\\\/www.sportshine.eu\\\/wp-content\\\/uploads\\\/2026\\\/01\\\/cropped-Sportshine.webp\",\"contentUrl\":\"https:\\\/\\\/www.sportshine.eu\\\/wp-content\\\/uploads\\\/2026\\\/01\\\/cropped-Sportshine.webp\",\"width\":295,\"height\":128,\"caption\":\"Sportshine\"},\"image\":{\"@id\":\"https:\\\/\\\/www.sportshine.eu\\\/#\\\/schema\\\/logo\\\/image\\\/\"},\"sameAs\":[\"https:\\\/\\\/www.facebook.com\\\/sportshine.eu\\\/\"]}]}<\/script>\n<!-- \/ Yoast SEO plugin. -->","yoast_head_json":{"title":"BRN senzor brzine bicikla","robots":{"index":"index","follow":"follow","max-snippet":"max-snippet:-1","max-image-preview":"max-image-preview:large","max-video-preview":"max-video-preview:-1"},"canonical":"https:\/\/www.sportshine.eu\/hr\/ducan\/senzor-brzine-bicikla-brn\/","og_locale":"hr_HR","og_type":"article","og_title":"Kolesarski senzor za hitrost BRN","og_description":"\u2705 Vgrajen G-senzor in samodejni zagon\u2705 Vodoodporno in na udarce odporno ohi\u0161je (IPX6)\u2705 Povezljivost Bluetooth 4.0 in ANT+\u2705 Baterija CR2032\u2705 Obratovalna temperatura: -10 do 50 \u00b0C\u2705 Vodilna lu\u010dka: rde\u010d in zelen indikator\u2705 Dodatki: naprava, baterija in monta\u017eni obro\u010dek","og_url":"https:\/\/www.sportshine.eu\/hr\/ducan\/senzor-brzine-bicikla-brn\/","og_site_name":"Sportshine","article_publisher":"https:\/\/www.facebook.com\/sportshine.eu\/","article_modified_time":"2025-08-02T17:06:46+00:00","og_image":[{"width":800,"height":800,"url":"https:\/\/www.sportshine.eu\/wp-content\/uploads\/2025\/07\/Kolesarski-senzor-za-kadenco.webp","type":"image\/webp"}],"twitter_card":"summary_large_image","twitter_misc":{"Procijenjeno vrijeme \u010ditanja":"2 minute"},"schema":{"@context":"https:\/\/schema.org","@graph":[{"@type":"WebPage","@id":"https:\/\/www.sportshine.eu\/trgovina\/kolesarski-senzor-za-hitrost-brn\/","url":"https:\/\/www.sportshine.eu\/trgovina\/kolesarski-senzor-za-hitrost-brn\/","name":"BRN senzor brzine bicikla","isPartOf":{"@id":"https:\/\/www.sportshine.eu\/#website"},"primaryImageOfPage":{"@id":"https:\/\/www.sportshine.eu\/trgovina\/kolesarski-senzor-za-hitrost-brn\/#primaryimage"},"image":{"@id":"https:\/\/www.sportshine.eu\/trgovina\/kolesarski-senzor-za-hitrost-brn\/#primaryimage"},"thumbnailUrl":"https:\/\/www.sportshine.eu\/wp-content\/uploads\/2025\/07\/Kolesarski-senzor-za-kadenco.webp","datePublished":"2025-07-07T08:55:40+00:00","dateModified":"2025-08-02T17:06:46+00:00","breadcrumb":{"@id":"https:\/\/www.sportshine.eu\/trgovina\/kolesarski-senzor-za-hitrost-brn\/#breadcrumb"},"inLanguage":"hr","potentialAction":[{"@type":"ReadAction","target":["https:\/\/www.sportshine.eu\/trgovina\/kolesarski-senzor-za-hitrost-brn\/"]}]},{"@type":"ImageObject","inLanguage":"hr","@id":"https:\/\/www.sportshine.eu\/trgovina\/kolesarski-senzor-za-hitrost-brn\/#primaryimage","url":"https:\/\/www.sportshine.eu\/wp-content\/uploads\/2025\/07\/Kolesarski-senzor-za-kadenco.webp","contentUrl":"https:\/\/www.sportshine.eu\/wp-content\/uploads\/2025\/07\/Kolesarski-senzor-za-kadenco.webp","width":800,"height":800},{"@type":"BreadcrumbList","@id":"https:\/\/www.sportshine.eu\/trgovina\/kolesarski-senzor-za-hitrost-brn\/#breadcrumb","itemListElement":[{"@type":"ListItem","position":1,"name":"Home","item":"https:\/\/www.sportshine.eu\/"},{"@type":"ListItem","position":2,"name":"Trgovina","item":"https:\/\/www.sportshine.eu\/trgovina\/"},{"@type":"ListItem","position":3,"name":"Kolesarski senzor za hitrost BRN"}]},{"@type":"WebSite","@id":"https:\/\/www.sportshine.eu\/#website","url":"https:\/\/www.sportshine.eu\/","name":"Sportshine","description":"Vrhunska online trgovina za biciklisti\u010dke i \u010deone svjetiljke i opremu","publisher":{"@id":"https:\/\/www.sportshine.eu\/#organization"},"potentialAction":[{"@type":"SearchAction","target":{"@type":"EntryPoint","urlTemplate":"https:\/\/www.sportshine.eu\/?s={search_term_string}"},"query-input":{"@type":"PropertyValueSpecification","valueRequired":true,"valueName":"search_term_string"}}],"inLanguage":"hr"},{"@type":"Organization","@id":"https:\/\/www.sportshine.eu\/#organization","name":"Sportshine","url":"https:\/\/www.sportshine.eu\/","logo":{"@type":"ImageObject","inLanguage":"hr","@id":"https:\/\/www.sportshine.eu\/#\/schema\/logo\/image\/","url":"https:\/\/www.sportshine.eu\/wp-content\/uploads\/2026\/01\/cropped-Sportshine.webp","contentUrl":"https:\/\/www.sportshine.eu\/wp-content\/uploads\/2026\/01\/cropped-Sportshine.webp","width":295,"height":128,"caption":"Sportshine"},"image":{"@id":"https:\/\/www.sportshine.eu\/#\/schema\/logo\/image\/"},"sameAs":["https:\/\/www.facebook.com\/sportshine.eu\/"]}]}},"_links":{"self":[{"href":"https:\/\/www.sportshine.eu\/hr\/wp-json\/wp\/v2\/product\/6612","targetHints":{"allow":["GET"]}}],"collection":[{"href":"https:\/\/www.sportshine.eu\/hr\/wp-json\/wp\/v2\/product"}],"about":[{"href":"https:\/\/www.sportshine.eu\/hr\/wp-json\/wp\/v2\/types\/product"}],"replies":[{"embeddable":true,"href":"https:\/\/www.sportshine.eu\/hr\/wp-json\/wp\/v2\/comments?post=6612"}],"version-history":[{"count":0,"href":"https:\/\/www.sportshine.eu\/hr\/wp-json\/wp\/v2\/product\/6612\/revisions"}],"wp:featuredmedia":[{"embeddable":true,"href":"https:\/\/www.sportshine.eu\/hr\/wp-json\/wp\/v2\/media\/5364"}],"wp:attachment":[{"href":"https:\/\/www.sportshine.eu\/hr\/wp-json\/wp\/v2\/media?parent=6612"}],"wp:term":[{"taxonomy":"product_brand","embeddable":true,"href":"https:\/\/www.sportshine.eu\/hr\/wp-json\/wp\/v2\/product_brand?post=6612"},{"taxonomy":"product_cat","embeddable":true,"href":"https:\/\/www.sportshine.eu\/hr\/wp-json\/wp\/v2\/product_cat?post=6612"},{"taxonomy":"product_tag","embeddable":true,"href":"https:\/\/www.sportshine.eu\/hr\/wp-json\/wp\/v2\/product_tag?post=6612"}],"curies":[{"name":"radni list","href":"https:\/\/api.w.org\/{rel}","templated":true}]}}