{"id":6605,"date":"2025-07-07T08:55:32","date_gmt":"2025-07-07T08:55:32","guid":{"rendered":"https:\/\/www.sportshine.eu\/?post_type=product&#038;p=6605"},"modified":"2026-01-22T13:18:40","modified_gmt":"2026-01-22T13:18:40","slug":"biciklisticke-naocale-brn-rxph-crne-fluorescentne-fuksije","status":"publish","type":"product","link":"https:\/\/www.sportshine.eu\/hr\/ducan\/biciklisticke-naocale-brn-rxph-crne-fluorescentne-fuksije\/","title":{"rendered":"Biciklisti\u010dke nao\u010dale BRN RXPH crne\/fluorescentne fuksije"},"content":{"rendered":"<p class=\"\" data-start=\"59\" data-end=\"433\"><strong data-start=\"59\" data-end=\"78\">BRN RX PH nao\u010dale<\/strong> dizajnirani su s okvirom izra\u0111enim od <strong data-start=\"106\" data-end=\"124\">TR90 Grilamid<\/strong>, \u0161to osigurava izdr\u017eljivost i udobnost. Nao\u010dale imaju <strong data-start=\"174\" data-end=\"203\">podesivi nosni most<\/strong>, <strong data-start=\"205\" data-end=\"233\" data-is-only-node=\"\">neklizaju\u0107e gumirane ru\u010dke<\/strong> i prikladni su za takve <strong data-start=\"257\" data-end=\"269\">interni<\/strong> kao <strong data-start=\"274\" data-end=\"285\">vanjski<\/strong> Ove zna\u010dajke osiguravaju da su nao\u010dale stabilne, udobne i uvijek na svom mjestu, bilo da ste vani ili u zatvorenom prostoru.<\/p>\n<p class=\"\" data-start=\"435\" data-end=\"814\"><strong data-start=\"435\" data-end=\"460\">Fotokromatska BRN le\u0107a<\/strong> s <strong data-start=\"463\" data-end=\"491\">Tehnologija pametnog vida<\/strong> koristi <strong data-start=\"502\" data-end=\"536\">termi\u010dki polimerizacijski proces<\/strong>, \u0161to omogu\u0107uje da le\u0107e postanu tamnije kada su izlo\u017eene UVA zrakama sun\u010deve svjetlosti. <strong data-start=\"626\" data-end=\"650\" data-is-only-node=\"\">Fotokromatski raspon<\/strong> ove le\u0107e su <strong data-start=\"662\" data-end=\"669\">78%<\/strong>, \u0161to zna\u010di da le\u0107e prolaze od <strong data-start=\"703\" data-end=\"715\">transparentan<\/strong> u <strong data-start=\"718\" data-end=\"727\">tamno<\/strong> stanje samo\u0107e <strong data-start=\"742\" data-end=\"757\">30 sekundi<\/strong>, \u0161to osigurava brzu prilagodbu uvjetima osvjetljenja.<\/p>\n<p class=\"\" data-start=\"816\" data-end=\"1106\">Unato\u010d naprednoj tehnologiji, nao\u010dale te\u017ee samo <strong data-start=\"860\" data-end=\"868\">36 g<\/strong>, \u0161to zna\u010di da \u0107ete ih nositi bez ikakvih problema ili nelagode. Ovo je savr\u0161en izbor za one koji \u017eele nao\u010dale koje pru\u017eaju za\u0161titu od sunca, brzo prilago\u0111avanje uvjetima osvjetljenja i iznimnu udobnost, sve u laganom i elegantnom pakiranju.<\/p>","protected":false},"excerpt":{"rendered":"<p>BRN RX PH o\u010dala so zasnovana z okvirjem iz TR90 Grilamida, kar zagotavlja trpe\u017enost in udobje. O\u010dala imajo nastavljiv nosni mosti\u010dek, nedrse\u010de gumirane ro\u010daje in so primerna za tako notranjo kot zunanjo uporabo. Te lastnosti poskrbijo, da so o\u010dala stabilna, udobna in vedno na svojem mestu, ne glede na to, ali ste na prostem ali [&hellip;]<\/p>\n","protected":false},"featured_media":5346,"comment_status":"open","ping_status":"closed","template":"","meta":[],"product_brand":[133],"product_cat":[106,103],"product_tag":[],"class_list":{"0":"post-6605","1":"product","2":"type-product","3":"status-publish","4":"has-post-thumbnail","6":"product_brand-brn","7":"product_cat-fotokromatska-ocala","8":"product_cat-kolesarska-ocala","10":"first","11":"instock","12":"taxable","13":"shipping-taxable","14":"purchasable","15":"product-type-simple"},"yoast_head":"<!-- This site is optimized with the Yoast SEO plugin v27.4 - https:\/\/yoast.com\/product\/yoast-seo-wordpress\/ -->\n<title>Kolesarska o\u010dala BRN RXPH black\/fluorescent fuchsia<\/title>\n<meta name=\"description\" content=\"BRN RX PH o\u010dala so zasnovana z okvirjem iz TR90 Grilamida, kar zagotavlja trpe\u017enost in udobje. Kljub napredni tehnologiji o\u010dala tehtajo le 36 g, kar pomeni, da jih boste nosili brez te\u017eav in nelagodja.\" \/>\n<meta name=\"robots\" content=\"index, follow, max-snippet:-1, max-image-preview:large, max-video-preview:-1\" \/>\n<link rel=\"canonical\" href=\"https:\/\/www.sportshine.eu\/hr\/ducan\/biciklisticke-naocale-brn-rxph-crne-fluorescentne-fuksije\/\" \/>\n<meta property=\"og:locale\" content=\"hr_HR\" \/>\n<meta property=\"og:type\" content=\"article\" \/>\n<meta property=\"og:title\" content=\"Kolesarska o\u010dala BRN RXPH black\/fluorescent fuchsia\" \/>\n<meta property=\"og:description\" content=\"BRN RX PH o\u010dala so zasnovana z okvirjem iz TR90 Grilamida, kar zagotavlja trpe\u017enost in udobje. Kljub napredni tehnologiji o\u010dala tehtajo le 36 g, kar pomeni, da jih boste nosili brez te\u017eav in nelagodja.\" \/>\n<meta property=\"og:url\" content=\"https:\/\/www.sportshine.eu\/hr\/ducan\/biciklisticke-naocale-brn-rxph-crne-fluorescentne-fuksije\/\" \/>\n<meta property=\"og:site_name\" content=\"Sportshine\" \/>\n<meta property=\"article:publisher\" content=\"https:\/\/www.facebook.com\/sportshine.eu\/\" \/>\n<meta property=\"article:modified_time\" content=\"2026-01-22T13:18:40+00:00\" \/>\n<meta property=\"og:image\" content=\"https:\/\/www.sportshine.eu\/wp-content\/uploads\/2025\/07\/kolesarska-ocala-BRN-RXPH.webp\" \/>\n\t<meta property=\"og:image:width\" content=\"800\" \/>\n\t<meta property=\"og:image:height\" content=\"800\" \/>\n\t<meta property=\"og:image:type\" content=\"image\/webp\" \/>\n<meta name=\"twitter:card\" content=\"summary_large_image\" \/>\n<meta name=\"twitter:label1\" content=\"Procijenjeno vrijeme \u010ditanja\" \/>\n\t<meta name=\"twitter:data1\" content=\"2 minute\" \/>\n<script type=\"application\/ld+json\" class=\"yoast-schema-graph\">{\"@context\":\"https:\\\/\\\/schema.org\",\"@graph\":[{\"@type\":\"WebPage\",\"@id\":\"https:\\\/\\\/www.sportshine.eu\\\/trgovina\\\/kolesarska-ocala-brn-rxph-black-fluorescent-fuchsia\\\/\",\"url\":\"https:\\\/\\\/www.sportshine.eu\\\/trgovina\\\/kolesarska-ocala-brn-rxph-black-fluorescent-fuchsia\\\/\",\"name\":\"Kolesarska o\u010dala BRN RXPH black\\\/fluorescent fuchsia\",\"isPartOf\":{\"@id\":\"https:\\\/\\\/www.sportshine.eu\\\/#website\"},\"primaryImageOfPage\":{\"@id\":\"https:\\\/\\\/www.sportshine.eu\\\/trgovina\\\/kolesarska-ocala-brn-rxph-black-fluorescent-fuchsia\\\/#primaryimage\"},\"image\":{\"@id\":\"https:\\\/\\\/www.sportshine.eu\\\/trgovina\\\/kolesarska-ocala-brn-rxph-black-fluorescent-fuchsia\\\/#primaryimage\"},\"thumbnailUrl\":\"https:\\\/\\\/www.sportshine.eu\\\/wp-content\\\/uploads\\\/2025\\\/07\\\/kolesarska-ocala-BRN-RXPH.webp\",\"datePublished\":\"2025-07-07T08:55:32+00:00\",\"dateModified\":\"2026-01-22T13:18:40+00:00\",\"description\":\"BRN RX PH o\u010dala so zasnovana z okvirjem iz TR90 Grilamida, kar zagotavlja trpe\u017enost in udobje. Kljub napredni tehnologiji o\u010dala tehtajo le 36 g, kar pomeni, da jih boste nosili brez te\u017eav in nelagodja.\",\"breadcrumb\":{\"@id\":\"https:\\\/\\\/www.sportshine.eu\\\/trgovina\\\/kolesarska-ocala-brn-rxph-black-fluorescent-fuchsia\\\/#breadcrumb\"},\"inLanguage\":\"hr\",\"potentialAction\":[{\"@type\":\"ReadAction\",\"target\":[\"https:\\\/\\\/www.sportshine.eu\\\/trgovina\\\/kolesarska-ocala-brn-rxph-black-fluorescent-fuchsia\\\/\"]}]},{\"@type\":\"ImageObject\",\"inLanguage\":\"hr\",\"@id\":\"https:\\\/\\\/www.sportshine.eu\\\/trgovina\\\/kolesarska-ocala-brn-rxph-black-fluorescent-fuchsia\\\/#primaryimage\",\"url\":\"https:\\\/\\\/www.sportshine.eu\\\/wp-content\\\/uploads\\\/2025\\\/07\\\/kolesarska-ocala-BRN-RXPH.webp\",\"contentUrl\":\"https:\\\/\\\/www.sportshine.eu\\\/wp-content\\\/uploads\\\/2025\\\/07\\\/kolesarska-ocala-BRN-RXPH.webp\",\"width\":800,\"height\":800},{\"@type\":\"BreadcrumbList\",\"@id\":\"https:\\\/\\\/www.sportshine.eu\\\/trgovina\\\/kolesarska-ocala-brn-rxph-black-fluorescent-fuchsia\\\/#breadcrumb\",\"itemListElement\":[{\"@type\":\"ListItem\",\"position\":1,\"name\":\"Home\",\"item\":\"https:\\\/\\\/www.sportshine.eu\\\/\"},{\"@type\":\"ListItem\",\"position\":2,\"name\":\"Trgovina\",\"item\":\"https:\\\/\\\/www.sportshine.eu\\\/trgovina\\\/\"},{\"@type\":\"ListItem\",\"position\":3,\"name\":\"Kolesarska o\u010dala BRN RXPH black\\\/fluorescent fuchsia\"}]},{\"@type\":\"WebSite\",\"@id\":\"https:\\\/\\\/www.sportshine.eu\\\/#website\",\"url\":\"https:\\\/\\\/www.sportshine.eu\\\/\",\"name\":\"Sportshine\",\"description\":\"Top spletna trgovina kolesarskih in naglavnih svetilk ter opreme\",\"publisher\":{\"@id\":\"https:\\\/\\\/www.sportshine.eu\\\/#organization\"},\"potentialAction\":[{\"@type\":\"SearchAction\",\"target\":{\"@type\":\"EntryPoint\",\"urlTemplate\":\"https:\\\/\\\/www.sportshine.eu\\\/?s={search_term_string}\"},\"query-input\":{\"@type\":\"PropertyValueSpecification\",\"valueRequired\":true,\"valueName\":\"search_term_string\"}}],\"inLanguage\":\"hr\"},{\"@type\":\"Organization\",\"@id\":\"https:\\\/\\\/www.sportshine.eu\\\/#organization\",\"name\":\"Sportshine\",\"url\":\"https:\\\/\\\/www.sportshine.eu\\\/\",\"logo\":{\"@type\":\"ImageObject\",\"inLanguage\":\"hr\",\"@id\":\"https:\\\/\\\/www.sportshine.eu\\\/#\\\/schema\\\/logo\\\/image\\\/\",\"url\":\"https:\\\/\\\/www.sportshine.eu\\\/wp-content\\\/uploads\\\/2026\\\/01\\\/cropped-Sportshine.webp\",\"contentUrl\":\"https:\\\/\\\/www.sportshine.eu\\\/wp-content\\\/uploads\\\/2026\\\/01\\\/cropped-Sportshine.webp\",\"width\":295,\"height\":128,\"caption\":\"Sportshine\"},\"image\":{\"@id\":\"https:\\\/\\\/www.sportshine.eu\\\/#\\\/schema\\\/logo\\\/image\\\/\"},\"sameAs\":[\"https:\\\/\\\/www.facebook.com\\\/sportshine.eu\\\/\"]}]}<\/script>\n<!-- \/ Yoast SEO plugin. -->","yoast_head_json":{"title":"Biciklisti\u010dke nao\u010dale BRN RXPH crne\/fluorescentne fuksije","description":"Nao\u010dale BRN RX PH dizajnirane su s okvirom od TR90 Grilamida, \u0161to osigurava izdr\u017eljivost i udobnost. Unato\u010d naprednoj tehnologiji, nao\u010dale te\u017ee samo 36 g, \u0161to zna\u010di da \u0107ete ih nositi bez ikakvih problema ili nelagode.","robots":{"index":"index","follow":"follow","max-snippet":"max-snippet:-1","max-image-preview":"max-image-preview:large","max-video-preview":"max-video-preview:-1"},"canonical":"https:\/\/www.sportshine.eu\/hr\/ducan\/biciklisticke-naocale-brn-rxph-crne-fluorescentne-fuksije\/","og_locale":"hr_HR","og_type":"article","og_title":"Kolesarska o\u010dala BRN RXPH black\/fluorescent fuchsia","og_description":"BRN RX PH o\u010dala so zasnovana z okvirjem iz TR90 Grilamida, kar zagotavlja trpe\u017enost in udobje. Kljub napredni tehnologiji o\u010dala tehtajo le 36 g, kar pomeni, da jih boste nosili brez te\u017eav in nelagodja.","og_url":"https:\/\/www.sportshine.eu\/hr\/ducan\/biciklisticke-naocale-brn-rxph-crne-fluorescentne-fuksije\/","og_site_name":"Sportshine","article_publisher":"https:\/\/www.facebook.com\/sportshine.eu\/","article_modified_time":"2026-01-22T13:18:40+00:00","og_image":[{"width":800,"height":800,"url":"https:\/\/www.sportshine.eu\/wp-content\/uploads\/2025\/07\/kolesarska-ocala-BRN-RXPH.webp","type":"image\/webp"}],"twitter_card":"summary_large_image","twitter_misc":{"Procijenjeno vrijeme \u010ditanja":"2 minute"},"schema":{"@context":"https:\/\/schema.org","@graph":[{"@type":"WebPage","@id":"https:\/\/www.sportshine.eu\/trgovina\/kolesarska-ocala-brn-rxph-black-fluorescent-fuchsia\/","url":"https:\/\/www.sportshine.eu\/trgovina\/kolesarska-ocala-brn-rxph-black-fluorescent-fuchsia\/","name":"Biciklisti\u010dke nao\u010dale BRN RXPH crne\/fluorescentne fuksije","isPartOf":{"@id":"https:\/\/www.sportshine.eu\/#website"},"primaryImageOfPage":{"@id":"https:\/\/www.sportshine.eu\/trgovina\/kolesarska-ocala-brn-rxph-black-fluorescent-fuchsia\/#primaryimage"},"image":{"@id":"https:\/\/www.sportshine.eu\/trgovina\/kolesarska-ocala-brn-rxph-black-fluorescent-fuchsia\/#primaryimage"},"thumbnailUrl":"https:\/\/www.sportshine.eu\/wp-content\/uploads\/2025\/07\/kolesarska-ocala-BRN-RXPH.webp","datePublished":"2025-07-07T08:55:32+00:00","dateModified":"2026-01-22T13:18:40+00:00","description":"Nao\u010dale BRN RX PH dizajnirane su s okvirom od TR90 Grilamida, \u0161to osigurava izdr\u017eljivost i udobnost. Unato\u010d naprednoj tehnologiji, nao\u010dale te\u017ee samo 36 g, \u0161to zna\u010di da \u0107ete ih nositi bez ikakvih problema ili nelagode.","breadcrumb":{"@id":"https:\/\/www.sportshine.eu\/trgovina\/kolesarska-ocala-brn-rxph-black-fluorescent-fuchsia\/#breadcrumb"},"inLanguage":"hr","potentialAction":[{"@type":"ReadAction","target":["https:\/\/www.sportshine.eu\/trgovina\/kolesarska-ocala-brn-rxph-black-fluorescent-fuchsia\/"]}]},{"@type":"ImageObject","inLanguage":"hr","@id":"https:\/\/www.sportshine.eu\/trgovina\/kolesarska-ocala-brn-rxph-black-fluorescent-fuchsia\/#primaryimage","url":"https:\/\/www.sportshine.eu\/wp-content\/uploads\/2025\/07\/kolesarska-ocala-BRN-RXPH.webp","contentUrl":"https:\/\/www.sportshine.eu\/wp-content\/uploads\/2025\/07\/kolesarska-ocala-BRN-RXPH.webp","width":800,"height":800},{"@type":"BreadcrumbList","@id":"https:\/\/www.sportshine.eu\/trgovina\/kolesarska-ocala-brn-rxph-black-fluorescent-fuchsia\/#breadcrumb","itemListElement":[{"@type":"ListItem","position":1,"name":"Home","item":"https:\/\/www.sportshine.eu\/"},{"@type":"ListItem","position":2,"name":"Trgovina","item":"https:\/\/www.sportshine.eu\/trgovina\/"},{"@type":"ListItem","position":3,"name":"Kolesarska o\u010dala BRN RXPH black\/fluorescent fuchsia"}]},{"@type":"WebSite","@id":"https:\/\/www.sportshine.eu\/#website","url":"https:\/\/www.sportshine.eu\/","name":"Sportshine","description":"Vrhunska online trgovina za biciklisti\u010dke i \u010deone svjetiljke i opremu","publisher":{"@id":"https:\/\/www.sportshine.eu\/#organization"},"potentialAction":[{"@type":"SearchAction","target":{"@type":"EntryPoint","urlTemplate":"https:\/\/www.sportshine.eu\/?s={search_term_string}"},"query-input":{"@type":"PropertyValueSpecification","valueRequired":true,"valueName":"search_term_string"}}],"inLanguage":"hr"},{"@type":"Organization","@id":"https:\/\/www.sportshine.eu\/#organization","name":"Sportshine","url":"https:\/\/www.sportshine.eu\/","logo":{"@type":"ImageObject","inLanguage":"hr","@id":"https:\/\/www.sportshine.eu\/#\/schema\/logo\/image\/","url":"https:\/\/www.sportshine.eu\/wp-content\/uploads\/2026\/01\/cropped-Sportshine.webp","contentUrl":"https:\/\/www.sportshine.eu\/wp-content\/uploads\/2026\/01\/cropped-Sportshine.webp","width":295,"height":128,"caption":"Sportshine"},"image":{"@id":"https:\/\/www.sportshine.eu\/#\/schema\/logo\/image\/"},"sameAs":["https:\/\/www.facebook.com\/sportshine.eu\/"]}]}},"_links":{"self":[{"href":"https:\/\/www.sportshine.eu\/hr\/wp-json\/wp\/v2\/product\/6605","targetHints":{"allow":["GET"]}}],"collection":[{"href":"https:\/\/www.sportshine.eu\/hr\/wp-json\/wp\/v2\/product"}],"about":[{"href":"https:\/\/www.sportshine.eu\/hr\/wp-json\/wp\/v2\/types\/product"}],"replies":[{"embeddable":true,"href":"https:\/\/www.sportshine.eu\/hr\/wp-json\/wp\/v2\/comments?post=6605"}],"version-history":[{"count":0,"href":"https:\/\/www.sportshine.eu\/hr\/wp-json\/wp\/v2\/product\/6605\/revisions"}],"wp:featuredmedia":[{"embeddable":true,"href":"https:\/\/www.sportshine.eu\/hr\/wp-json\/wp\/v2\/media\/5346"}],"wp:attachment":[{"href":"https:\/\/www.sportshine.eu\/hr\/wp-json\/wp\/v2\/media?parent=6605"}],"wp:term":[{"taxonomy":"product_brand","embeddable":true,"href":"https:\/\/www.sportshine.eu\/hr\/wp-json\/wp\/v2\/product_brand?post=6605"},{"taxonomy":"product_cat","embeddable":true,"href":"https:\/\/www.sportshine.eu\/hr\/wp-json\/wp\/v2\/product_cat?post=6605"},{"taxonomy":"product_tag","embeddable":true,"href":"https:\/\/www.sportshine.eu\/hr\/wp-json\/wp\/v2\/product_tag?post=6605"}],"curies":[{"name":"radni list","href":"https:\/\/api.w.org\/{rel}","templated":true}]}}