{"id":6604,"date":"2025-07-07T08:55:31","date_gmt":"2025-07-07T08:55:31","guid":{"rendered":"https:\/\/www.sportshine.eu\/?post_type=product&#038;p=6604"},"modified":"2026-01-22T13:18:47","modified_gmt":"2026-01-22T13:18:47","slug":"biciklisticke-naocale-brn-rx","status":"publish","type":"product","link":"https:\/\/www.sportshine.eu\/hr\/ducan\/biciklisticke-naocale-brn-rx\/","title":{"rendered":"BRN RX biciklisti\u010dke nao\u010dale"},"content":{"rendered":"<p class=\"\" data-start=\"54\" data-end=\"537\"><strong data-start=\"54\" data-end=\"75\">\u0160iroke nao\u010dale BRN RX<\/strong> predstavljaju najvi\u0161u tehnologiju u svojoj klasi. Izra\u0111eni su od tri<strong data-start=\"144\" data-end=\"176\">\u00a0polikarbonatne le\u0107e<\/strong>, koji su otporni na udarce i pru\u017eaju sveobuhvatnu <strong data-start=\"227\" data-end=\"241\" data-is-only-node=\"\">UV za\u0161tita<\/strong>, u skladu s certifikatima <strong data-start=\"265\" data-end=\"321\">ANSI Z80.3 \/ EN 1836 \/ EN ISO 12312-1 \/ AS\/NZS1067.1<\/strong>Nao\u010dale su prikladne za vanjsku i unutarnju upotrebu, jer imaju okvir izra\u0111en od <strong data-start=\"398\" data-end=\"416\">TR90 Grilamid<\/strong>, neklizaju\u0107e hipoalergene gumene ru\u010dke i podesivi hipoalergeni most za nos, osiguravaju\u0107i udobnost tijekom cijelog dana.<\/p>\n<p class=\"\" data-start=\"539\" data-end=\"825\">Unato\u010d svojim vrhunskim karakteristikama, nao\u010dale te\u017ee samo <strong data-start=\"583\" data-end=\"591\">34 grama<\/strong>, \u0161to omogu\u0107uje izuzetnu lako\u0107u. Pohranjeni su u prostranom <strong data-start=\"650\" data-end=\"666\">tvrdi kofer<\/strong>, a tako\u0111er je prilo\u017een <strong data-start=\"689\" data-end=\"720\">mekana vre\u0107ica od mikrovlakana<\/strong> za za\u0161titu le\u0107a. Idealan izbor za one koji \u017eele kombinirati funkcionalnost, za\u0161titu i elegantan dizajn.<\/p>","protected":false},"excerpt":{"rendered":"<p>BRN RX Wide o\u010dala predstavljajo vrhunsko tehnologijo v svojem razredu. Izdelana so iz treh\u00a0polikarbonatnih le\u010d, ki so odporne na udarce in zagotavljajo celovito UV za\u0161\u010dito, skladno s certifikati ANSI Z80.3 \/ EN 1836 \/ EN ISO 12312-1 \/ AS\/NZS1067.1. O\u010dala so primerna tako za zunanjo kot notranjo uporabo, saj imajo okvir iz TR90 Grilamida, nedrse\u010de [&hellip;]<\/p>\n","protected":false},"featured_media":5343,"comment_status":"open","ping_status":"closed","template":"","meta":[],"product_brand":[133],"product_cat":[104,103],"product_tag":[],"class_list":{"0":"post-6604","1":"product","2":"type-product","3":"status-publish","4":"has-post-thumbnail","6":"product_brand-brn","7":"product_cat-klasicna-kolesarska-ocala","8":"product_cat-kolesarska-ocala","10":"first","11":"instock","12":"taxable","13":"shipping-taxable","14":"purchasable","15":"product-type-simple"},"yoast_head":"<!-- This site is optimized with the Yoast SEO plugin v27.3 - https:\/\/yoast.com\/product\/yoast-seo-wordpress\/ -->\n<title>Kolesarska o\u010dala BRN RX<\/title>\n<meta name=\"description\" content=\"Kolesarska o\u010dala BRN RX BRN RX Wide o\u010dala predstavljajo vrhunsko tehnologijo v svojem razredu. Izdelana so iz 3\u00a0polikarbonatnih le\u010d, ki so odporne na udarce\" \/>\n<meta name=\"robots\" content=\"index, follow, max-snippet:-1, max-image-preview:large, max-video-preview:-1\" \/>\n<link rel=\"canonical\" href=\"https:\/\/www.sportshine.eu\/hr\/ducan\/biciklisticke-naocale-brn-rx\/\" \/>\n<meta property=\"og:locale\" content=\"hr_HR\" \/>\n<meta property=\"og:type\" content=\"article\" \/>\n<meta property=\"og:title\" content=\"Kolesarska o\u010dala BRN RX\" \/>\n<meta property=\"og:description\" content=\"Kolesarska o\u010dala BRN RX BRN RX Wide o\u010dala predstavljajo vrhunsko tehnologijo v svojem razredu. Izdelana so iz 3\u00a0polikarbonatnih le\u010d, ki so odporne na udarce\" \/>\n<meta property=\"og:url\" content=\"https:\/\/www.sportshine.eu\/hr\/ducan\/biciklisticke-naocale-brn-rx\/\" \/>\n<meta property=\"og:site_name\" content=\"Sportshine\" \/>\n<meta property=\"article:publisher\" content=\"https:\/\/www.facebook.com\/sportshine.eu\/\" \/>\n<meta property=\"article:modified_time\" content=\"2026-01-22T13:18:47+00:00\" \/>\n<meta property=\"og:image\" content=\"https:\/\/www.sportshine.eu\/wp-content\/uploads\/2025\/07\/BRN-RX-ocala.webp\" \/>\n\t<meta property=\"og:image:width\" content=\"800\" \/>\n\t<meta property=\"og:image:height\" content=\"800\" \/>\n\t<meta property=\"og:image:type\" content=\"image\/webp\" \/>\n<meta name=\"twitter:card\" content=\"summary_large_image\" \/>\n<meta name=\"twitter:label1\" content=\"Procijenjeno vrijeme \u010ditanja\" \/>\n\t<meta name=\"twitter:data1\" content=\"1 minuta\" \/>\n<script type=\"application\/ld+json\" class=\"yoast-schema-graph\">{\"@context\":\"https:\\\/\\\/schema.org\",\"@graph\":[{\"@type\":\"WebPage\",\"@id\":\"https:\\\/\\\/www.sportshine.eu\\\/trgovina\\\/kolesarska-ocala-brn-rx\\\/\",\"url\":\"https:\\\/\\\/www.sportshine.eu\\\/trgovina\\\/kolesarska-ocala-brn-rx\\\/\",\"name\":\"Kolesarska o\u010dala BRN RX\",\"isPartOf\":{\"@id\":\"https:\\\/\\\/www.sportshine.eu\\\/#website\"},\"primaryImageOfPage\":{\"@id\":\"https:\\\/\\\/www.sportshine.eu\\\/trgovina\\\/kolesarska-ocala-brn-rx\\\/#primaryimage\"},\"image\":{\"@id\":\"https:\\\/\\\/www.sportshine.eu\\\/trgovina\\\/kolesarska-ocala-brn-rx\\\/#primaryimage\"},\"thumbnailUrl\":\"https:\\\/\\\/www.sportshine.eu\\\/wp-content\\\/uploads\\\/2025\\\/07\\\/BRN-RX-ocala.webp\",\"datePublished\":\"2025-07-07T08:55:31+00:00\",\"dateModified\":\"2026-01-22T13:18:47+00:00\",\"description\":\"Kolesarska o\u010dala BRN RX BRN RX Wide o\u010dala predstavljajo vrhunsko tehnologijo v svojem razredu. Izdelana so iz 3\u00a0polikarbonatnih le\u010d, ki so odporne na udarce\",\"breadcrumb\":{\"@id\":\"https:\\\/\\\/www.sportshine.eu\\\/trgovina\\\/kolesarska-ocala-brn-rx\\\/#breadcrumb\"},\"inLanguage\":\"hr\",\"potentialAction\":[{\"@type\":\"ReadAction\",\"target\":[\"https:\\\/\\\/www.sportshine.eu\\\/trgovina\\\/kolesarska-ocala-brn-rx\\\/\"]}]},{\"@type\":\"ImageObject\",\"inLanguage\":\"hr\",\"@id\":\"https:\\\/\\\/www.sportshine.eu\\\/trgovina\\\/kolesarska-ocala-brn-rx\\\/#primaryimage\",\"url\":\"https:\\\/\\\/www.sportshine.eu\\\/wp-content\\\/uploads\\\/2025\\\/07\\\/BRN-RX-ocala.webp\",\"contentUrl\":\"https:\\\/\\\/www.sportshine.eu\\\/wp-content\\\/uploads\\\/2025\\\/07\\\/BRN-RX-ocala.webp\",\"width\":800,\"height\":800},{\"@type\":\"BreadcrumbList\",\"@id\":\"https:\\\/\\\/www.sportshine.eu\\\/trgovina\\\/kolesarska-ocala-brn-rx\\\/#breadcrumb\",\"itemListElement\":[{\"@type\":\"ListItem\",\"position\":1,\"name\":\"Home\",\"item\":\"https:\\\/\\\/www.sportshine.eu\\\/\"},{\"@type\":\"ListItem\",\"position\":2,\"name\":\"Trgovina\",\"item\":\"https:\\\/\\\/www.sportshine.eu\\\/trgovina\\\/\"},{\"@type\":\"ListItem\",\"position\":3,\"name\":\"Kolesarska o\u010dala BRN RX\"}]},{\"@type\":\"WebSite\",\"@id\":\"https:\\\/\\\/www.sportshine.eu\\\/#website\",\"url\":\"https:\\\/\\\/www.sportshine.eu\\\/\",\"name\":\"Sportshine\",\"description\":\"Top spletna trgovina kolesarskih in naglavnih svetilk ter opreme\",\"publisher\":{\"@id\":\"https:\\\/\\\/www.sportshine.eu\\\/#organization\"},\"potentialAction\":[{\"@type\":\"SearchAction\",\"target\":{\"@type\":\"EntryPoint\",\"urlTemplate\":\"https:\\\/\\\/www.sportshine.eu\\\/?s={search_term_string}\"},\"query-input\":{\"@type\":\"PropertyValueSpecification\",\"valueRequired\":true,\"valueName\":\"search_term_string\"}}],\"inLanguage\":\"hr\"},{\"@type\":\"Organization\",\"@id\":\"https:\\\/\\\/www.sportshine.eu\\\/#organization\",\"name\":\"Sportshine\",\"url\":\"https:\\\/\\\/www.sportshine.eu\\\/\",\"logo\":{\"@type\":\"ImageObject\",\"inLanguage\":\"hr\",\"@id\":\"https:\\\/\\\/www.sportshine.eu\\\/#\\\/schema\\\/logo\\\/image\\\/\",\"url\":\"https:\\\/\\\/www.sportshine.eu\\\/wp-content\\\/uploads\\\/2026\\\/01\\\/cropped-Sportshine.webp\",\"contentUrl\":\"https:\\\/\\\/www.sportshine.eu\\\/wp-content\\\/uploads\\\/2026\\\/01\\\/cropped-Sportshine.webp\",\"width\":295,\"height\":128,\"caption\":\"Sportshine\"},\"image\":{\"@id\":\"https:\\\/\\\/www.sportshine.eu\\\/#\\\/schema\\\/logo\\\/image\\\/\"},\"sameAs\":[\"https:\\\/\\\/www.facebook.com\\\/sportshine.eu\\\/\"]}]}<\/script>\n<!-- \/ Yoast SEO plugin. -->","yoast_head_json":{"title":"BRN RX biciklisti\u010dke nao\u010dale","description":"Biciklisti\u010dke nao\u010dale BRN RX Wide predstavljaju najbolju tehnologiju u svojoj klasi. Izra\u0111ene su od 3 polikarbonatne le\u0107e otporne na udarce.","robots":{"index":"index","follow":"follow","max-snippet":"max-snippet:-1","max-image-preview":"max-image-preview:large","max-video-preview":"max-video-preview:-1"},"canonical":"https:\/\/www.sportshine.eu\/hr\/ducan\/biciklisticke-naocale-brn-rx\/","og_locale":"hr_HR","og_type":"article","og_title":"Kolesarska o\u010dala BRN RX","og_description":"Kolesarska o\u010dala BRN RX BRN RX Wide o\u010dala predstavljajo vrhunsko tehnologijo v svojem razredu. Izdelana so iz 3\u00a0polikarbonatnih le\u010d, ki so odporne na udarce","og_url":"https:\/\/www.sportshine.eu\/hr\/ducan\/biciklisticke-naocale-brn-rx\/","og_site_name":"Sportshine","article_publisher":"https:\/\/www.facebook.com\/sportshine.eu\/","article_modified_time":"2026-01-22T13:18:47+00:00","og_image":[{"width":800,"height":800,"url":"https:\/\/www.sportshine.eu\/wp-content\/uploads\/2025\/07\/BRN-RX-ocala.webp","type":"image\/webp"}],"twitter_card":"summary_large_image","twitter_misc":{"Procijenjeno vrijeme \u010ditanja":"1 minuta"},"schema":{"@context":"https:\/\/schema.org","@graph":[{"@type":"WebPage","@id":"https:\/\/www.sportshine.eu\/trgovina\/kolesarska-ocala-brn-rx\/","url":"https:\/\/www.sportshine.eu\/trgovina\/kolesarska-ocala-brn-rx\/","name":"BRN RX biciklisti\u010dke nao\u010dale","isPartOf":{"@id":"https:\/\/www.sportshine.eu\/#website"},"primaryImageOfPage":{"@id":"https:\/\/www.sportshine.eu\/trgovina\/kolesarska-ocala-brn-rx\/#primaryimage"},"image":{"@id":"https:\/\/www.sportshine.eu\/trgovina\/kolesarska-ocala-brn-rx\/#primaryimage"},"thumbnailUrl":"https:\/\/www.sportshine.eu\/wp-content\/uploads\/2025\/07\/BRN-RX-ocala.webp","datePublished":"2025-07-07T08:55:31+00:00","dateModified":"2026-01-22T13:18:47+00:00","description":"Biciklisti\u010dke nao\u010dale BRN RX Wide predstavljaju najbolju tehnologiju u svojoj klasi. Izra\u0111ene su od 3 polikarbonatne le\u0107e otporne na udarce.","breadcrumb":{"@id":"https:\/\/www.sportshine.eu\/trgovina\/kolesarska-ocala-brn-rx\/#breadcrumb"},"inLanguage":"hr","potentialAction":[{"@type":"ReadAction","target":["https:\/\/www.sportshine.eu\/trgovina\/kolesarska-ocala-brn-rx\/"]}]},{"@type":"ImageObject","inLanguage":"hr","@id":"https:\/\/www.sportshine.eu\/trgovina\/kolesarska-ocala-brn-rx\/#primaryimage","url":"https:\/\/www.sportshine.eu\/wp-content\/uploads\/2025\/07\/BRN-RX-ocala.webp","contentUrl":"https:\/\/www.sportshine.eu\/wp-content\/uploads\/2025\/07\/BRN-RX-ocala.webp","width":800,"height":800},{"@type":"BreadcrumbList","@id":"https:\/\/www.sportshine.eu\/trgovina\/kolesarska-ocala-brn-rx\/#breadcrumb","itemListElement":[{"@type":"ListItem","position":1,"name":"Home","item":"https:\/\/www.sportshine.eu\/"},{"@type":"ListItem","position":2,"name":"Trgovina","item":"https:\/\/www.sportshine.eu\/trgovina\/"},{"@type":"ListItem","position":3,"name":"Kolesarska o\u010dala BRN RX"}]},{"@type":"WebSite","@id":"https:\/\/www.sportshine.eu\/#website","url":"https:\/\/www.sportshine.eu\/","name":"Sportshine","description":"Vrhunska online trgovina za biciklisti\u010dke i \u010deone svjetiljke i opremu","publisher":{"@id":"https:\/\/www.sportshine.eu\/#organization"},"potentialAction":[{"@type":"SearchAction","target":{"@type":"EntryPoint","urlTemplate":"https:\/\/www.sportshine.eu\/?s={search_term_string}"},"query-input":{"@type":"PropertyValueSpecification","valueRequired":true,"valueName":"search_term_string"}}],"inLanguage":"hr"},{"@type":"Organization","@id":"https:\/\/www.sportshine.eu\/#organization","name":"Sportshine","url":"https:\/\/www.sportshine.eu\/","logo":{"@type":"ImageObject","inLanguage":"hr","@id":"https:\/\/www.sportshine.eu\/#\/schema\/logo\/image\/","url":"https:\/\/www.sportshine.eu\/wp-content\/uploads\/2026\/01\/cropped-Sportshine.webp","contentUrl":"https:\/\/www.sportshine.eu\/wp-content\/uploads\/2026\/01\/cropped-Sportshine.webp","width":295,"height":128,"caption":"Sportshine"},"image":{"@id":"https:\/\/www.sportshine.eu\/#\/schema\/logo\/image\/"},"sameAs":["https:\/\/www.facebook.com\/sportshine.eu\/"]}]}},"_links":{"self":[{"href":"https:\/\/www.sportshine.eu\/hr\/wp-json\/wp\/v2\/product\/6604","targetHints":{"allow":["GET"]}}],"collection":[{"href":"https:\/\/www.sportshine.eu\/hr\/wp-json\/wp\/v2\/product"}],"about":[{"href":"https:\/\/www.sportshine.eu\/hr\/wp-json\/wp\/v2\/types\/product"}],"replies":[{"embeddable":true,"href":"https:\/\/www.sportshine.eu\/hr\/wp-json\/wp\/v2\/comments?post=6604"}],"version-history":[{"count":0,"href":"https:\/\/www.sportshine.eu\/hr\/wp-json\/wp\/v2\/product\/6604\/revisions"}],"wp:featuredmedia":[{"embeddable":true,"href":"https:\/\/www.sportshine.eu\/hr\/wp-json\/wp\/v2\/media\/5343"}],"wp:attachment":[{"href":"https:\/\/www.sportshine.eu\/hr\/wp-json\/wp\/v2\/media?parent=6604"}],"wp:term":[{"taxonomy":"product_brand","embeddable":true,"href":"https:\/\/www.sportshine.eu\/hr\/wp-json\/wp\/v2\/product_brand?post=6604"},{"taxonomy":"product_cat","embeddable":true,"href":"https:\/\/www.sportshine.eu\/hr\/wp-json\/wp\/v2\/product_cat?post=6604"},{"taxonomy":"product_tag","embeddable":true,"href":"https:\/\/www.sportshine.eu\/hr\/wp-json\/wp\/v2\/product_tag?post=6604"}],"curies":[{"name":"radni list","href":"https:\/\/api.w.org\/{rel}","templated":true}]}}