{"id":6540,"date":"2025-07-05T21:48:56","date_gmt":"2025-07-05T21:48:56","guid":{"rendered":"https:\/\/www.sportshine.eu\/?post_type=product&#038;p=6540"},"modified":"2025-10-20T18:21:11","modified_gmt":"2025-10-20T18:21:11","slug":"nitecore-ut27-pro-naglavna-svjetiljka","status":"publish","type":"product","link":"https:\/\/www.sportshine.eu\/hr\/ducan\/nitecore-ut27-pro-naglavna-svjetiljka\/","title":{"rendered":"NITECORE UT27 PRO naglavna svjetiljka"},"content":{"rendered":"<h3 style=\"text-align: center;\">TrueVision+ TEHNOLOGIJA<\/h3>\n<p style=\"text-align: center;\">Zahvaljuju\u0107i TrueVision tehnologiji i vi\u0161eslojnom sustavu dvostrukih le\u0107a, svjetlost UT27 mo\u017ee se raspr\u0161iti na vrlo velike udaljenosti uz pru\u017eanje \u0161iroke vidljivosti. Svjetlost je ravnomjerna i meka, \u0161to smanjuje naprezanje o\u010diju od dugotrajne upotrebe.<\/p>\n<p><img decoding=\"async\" class=\"aligncenter wp-image-6566 size-full\" src=\"https:\/\/www.sportshine.eu\/wp-content\/uploads\/2025\/07\/tekaska-svetilka-nitecore-ut27-1.webp\" alt=\"\" width=\"800\" height=\"800\" srcset=\"https:\/\/www.sportshine.eu\/wp-content\/uploads\/2025\/07\/tekaska-svetilka-nitecore-ut27-1.webp 800w, https:\/\/www.sportshine.eu\/wp-content\/uploads\/2025\/07\/tekaska-svetilka-nitecore-ut27-1-768x768.webp 768w, https:\/\/www.sportshine.eu\/wp-content\/uploads\/2025\/07\/tekaska-svetilka-nitecore-ut27-1-600x600.webp 600w\" sizes=\"(max-width: 800px) 100vw, 800px\" \/><\/p>\n<p>&nbsp;<\/p>\n<h3 style=\"text-align: center;\">VIDEO PREZENTACIJA NITECORE UT27 PREDNJE SVJETLE<\/h3>\n<p><iframe loading=\"lazy\" title=\"Savr\u0161en izbor za profesionalne trka\u010de po stazama - ultra lagana dvostruka elitna \u010deona svjetiljka - NITECORE UT27 800L\" width=\"500\" height=\"281\" src=\"https:\/\/www.youtube.com\/embed\/WH4GM5m-KPg?feature=oembed\" frameborder=\"0\" allow=\"accelerometer; autoplay; clipboard-write; encrypted-media; gyroscope; picture-in-picture; web-share\" referrerpolicy=\"strict-origin-when-cross-origin\" allowfullscreen><\/iframe><\/p>\n<p>&nbsp;<\/p>\n<h3 style=\"text-align: center;\">IZUZETNO LAGANO \u010cELNO SVJETILJKO<\/h3>\n<p style=\"text-align: center;\">Novi model UT27, s ve\u0107om snagom od prethodnika i pobolj\u0161anjima u samoj le\u0107i lampe, i dalje te\u017ei samo 74 g (uklju\u010duju\u0107i prilo\u017eeni nosa\u010d, traku za glavu i bateriju)<\/p>\n<p><img decoding=\"async\" class=\"wp-image-7123 size-full aligncenter\" src=\"https:\/\/www.sportshine.eu\/wp-content\/uploads\/2025\/07\/tekaska-naglavna-svetilka-UT27.webp\" alt=\"prednje-svjetlo-UT27\" width=\"800\" height=\"800\" srcset=\"https:\/\/www.sportshine.eu\/wp-content\/uploads\/2025\/07\/tekaska-naglavna-svetilka-UT27.webp 800w, https:\/\/www.sportshine.eu\/wp-content\/uploads\/2025\/07\/tekaska-naglavna-svetilka-UT27-768x768.webp 768w, https:\/\/www.sportshine.eu\/wp-content\/uploads\/2025\/07\/tekaska-naglavna-svetilka-UT27-600x600.webp 600w\" sizes=\"(max-width: 800px) 100vw, 800px\" \/><\/p>\n<h3 style=\"text-align: center;\">ODLI\u010cNO ZA KAMPIRANJE<\/h3>\n<p style=\"text-align: center;\">Budite kreativni i transformirajte svoju naglavnu svjetiljku u kampersku svjetiljku ili ambijentalnu rasvjetu uz pomo\u0107 prilo\u017eene torbice za no\u0161enje.<\/p>\n<p><img decoding=\"async\" class=\"aligncenter wp-image-7124 size-full\" src=\"https:\/\/www.sportshine.eu\/wp-content\/uploads\/2025\/07\/Nitecore-ut27-kampiranje.webp\" alt=\"Nitecore-ut27-kampiranje\" width=\"588\" height=\"720\" \/><\/p>\n<h3 style=\"text-align: center;\">BIJELO SVJETLO + TOPLO SVJETLO<\/h3>\n<p style=\"text-align: center;\">Obje LED \u017earulje nude kombinirani efekt svjetla i dugog svjetla.<\/p>\n<p>&nbsp;<\/p>\n<p><img decoding=\"async\" class=\"aligncenter wp-image-16648\" src=\"https:\/\/www.sportshine.eu\/originalstran\/wp-content\/uploads\/2022\/04\/Nitecore-ut27.webp\" alt=\"\" width=\"800\" height=\"450\" \/><\/p>\n<h3 style=\"text-align: center;\">DVOSTRUKI IZVOR NAPAJANJA<\/h3>\n<p style=\"text-align: center;\">Uz svjetiljku dobivate dvije punjive baterije (kapaciteta 1300 mAh), koje omogu\u0107uju vi\u0161e od 500+ ciklusa punjenja. Ako vam je potreban jo\u0161 dulji rad svjetiljke, u svjetiljku mo\u017eete ugraditi i 3*AAA baterije.<\/p>\n<p><img decoding=\"async\" class=\"aligncenter wp-image-7126 size-full\" src=\"https:\/\/www.sportshine.eu\/wp-content\/uploads\/2025\/07\/tekaska-celna-svetilka-Nitecore-UT27-2.webp\" alt=\"svjetiljka-za-tr\u010danje-Nitecore-UT27\" width=\"800\" height=\"800\" srcset=\"https:\/\/www.sportshine.eu\/wp-content\/uploads\/2025\/07\/tekaska-celna-svetilka-Nitecore-UT27-2.webp 800w, https:\/\/www.sportshine.eu\/wp-content\/uploads\/2025\/07\/tekaska-celna-svetilka-Nitecore-UT27-2-768x768.webp 768w, https:\/\/www.sportshine.eu\/wp-content\/uploads\/2025\/07\/tekaska-celna-svetilka-Nitecore-UT27-2-600x600.webp 600w\" sizes=\"(max-width: 800px) 100vw, 800px\" \/><\/p>\n<p>&nbsp;<\/p>\n<h3 style=\"text-align: center;\">NITECORE UT27<\/h3>\n<p style=\"text-align: center;\">\u010ceona svjetiljka ima kut svjetlosnog snopa od 90 stupnjeva, potpuno otvaraju\u0107i pretinac za baterije i funkciju zaklju\u010davanja.<\/p>\n<p><img decoding=\"async\" class=\"aligncenter wp-image-7127\" src=\"https:\/\/www.sportshine.eu\/wp-content\/uploads\/2025\/07\/Celna-svetilka-4.webp\" alt=\"Prednja svjetiljka\" width=\"800\" height=\"450\" srcset=\"https:\/\/www.sportshine.eu\/wp-content\/uploads\/2025\/07\/Celna-svetilka-4-768x432.webp 768w, https:\/\/www.sportshine.eu\/wp-content\/uploads\/2025\/07\/Celna-svetilka-4-600x338.webp 600w\" sizes=\"(max-width: 800px) 100vw, 800px\" \/><\/p>\n<p>&nbsp;<\/p>\n<h3 style=\"text-align: center;\">UGRA\u0110ENO CRVENO SVJETLO<\/h3>\n<p style=\"text-align: center;\">Idealno za hitne intervencije, upozorenja i druge namjene.<\/p>\n<p><img decoding=\"async\" class=\"aligncenter wp-image-7129 size-full\" src=\"https:\/\/www.sportshine.eu\/wp-content\/uploads\/2025\/07\/tekaska-celna-svetilka-Nitecore-1.webp\" alt=\"\" width=\"800\" height=\"800\" srcset=\"https:\/\/www.sportshine.eu\/wp-content\/uploads\/2025\/07\/tekaska-celna-svetilka-Nitecore-1.webp 800w, https:\/\/www.sportshine.eu\/wp-content\/uploads\/2025\/07\/tekaska-celna-svetilka-Nitecore-1-768x768.webp 768w, https:\/\/www.sportshine.eu\/wp-content\/uploads\/2025\/07\/tekaska-celna-svetilka-Nitecore-1-600x600.webp 600w\" sizes=\"(max-width: 800px) 100vw, 800px\" \/><\/p>\n<p>&nbsp;<\/p>\n<p>&nbsp;<\/p>\n<h3 style=\"text-align: center;\">IZUZETNO VISOKOKVALITETNA I UDOBNA TRAKA ZA GLAVU<\/h3>\n<p style=\"text-align: center;\">Traka za glavu je nadogra\u0111ena novom strukturom tkanja, \u0161to je \u010dini elasti\u010dnijom i prozra\u010dnijom. Mo\u017ee ostati stabilna na glavi, odvoditi znoj i osigurati udobnost tijekom dugotrajnog no\u0161enja.<\/p>\n<p><img decoding=\"async\" class=\"aligncenter wp-image-7130 size-full\" src=\"https:\/\/www.sportshine.eu\/wp-content\/uploads\/2025\/07\/tekaska-naglavna-svetilka-Nitecore-UT27-3.webp\" alt=\"svjetiljka-za-tr\u010danje-Nitecore-UT27-3\" width=\"800\" height=\"800\" srcset=\"https:\/\/www.sportshine.eu\/wp-content\/uploads\/2025\/07\/tekaska-naglavna-svetilka-Nitecore-UT27-3.webp 800w, https:\/\/www.sportshine.eu\/wp-content\/uploads\/2025\/07\/tekaska-naglavna-svetilka-Nitecore-UT27-3-768x768.webp 768w, https:\/\/www.sportshine.eu\/wp-content\/uploads\/2025\/07\/tekaska-naglavna-svetilka-Nitecore-UT27-3-600x600.webp 600w\" sizes=\"(max-width: 800px) 100vw, 800px\" \/><\/p>\n<p>&nbsp;<\/p>\n<h3 style=\"text-align: center;\">PRETINAC ZA BATERIJE SVIJETLI U MRAKU<\/h3>\n<p style=\"text-align: center;\">Brinemo o va\u0161oj sigurnosti. S oznakama polariteta koje su lako vidljive u mraku, mo\u017eete prona\u0107i i zamijeniti bateriju bez ikakvih problema.<\/p>\n<p><img decoding=\"async\" class=\"aligncenter wp-image-7131 size-full\" src=\"https:\/\/www.sportshine.eu\/wp-content\/uploads\/2025\/07\/tekaska-celna-svetilka-Nitecore-UT27-PRO.webp\" alt=\"svjetiljka-za-tr\u010danje-Nitecore-UT27-PRO\" width=\"800\" height=\"800\" srcset=\"https:\/\/www.sportshine.eu\/wp-content\/uploads\/2025\/07\/tekaska-celna-svetilka-Nitecore-UT27-PRO.webp 800w, https:\/\/www.sportshine.eu\/wp-content\/uploads\/2025\/07\/tekaska-celna-svetilka-Nitecore-UT27-PRO-768x768.webp 768w, https:\/\/www.sportshine.eu\/wp-content\/uploads\/2025\/07\/tekaska-celna-svetilka-Nitecore-UT27-PRO-600x600.webp 600w\" sizes=\"(max-width: 800px) 100vw, 800px\" \/><\/p>\n<p>&nbsp;<\/p>\n<h3 style=\"text-align: center;\">VODOTPORNOST IP66<\/h3>\n<p style=\"text-align: center;\">Vodootporan prema standardu IP66, \u0161to zna\u010di da je potpuno za\u0161ti\u0107en od \u010destica pra\u0161ine i vode.<\/p>\n<p><img decoding=\"async\" class=\"wp-image-7132 aligncenter\" src=\"https:\/\/www.sportshine.eu\/wp-content\/uploads\/2025\/07\/UT27-Nitecore.webp\" alt=\"UT27-Nitecore\" width=\"800\" height=\"450\" srcset=\"https:\/\/www.sportshine.eu\/wp-content\/uploads\/2025\/07\/UT27-Nitecore-768x432.webp 768w, https:\/\/www.sportshine.eu\/wp-content\/uploads\/2025\/07\/UT27-Nitecore-600x338.webp 600w\" sizes=\"(max-width: 800px) 100vw, 800px\" \/><\/p>\n<p>&nbsp;<\/p>","protected":false},"excerpt":{"rendered":"<p>Nova generacija punjive naglavne svjetiljke Nitecore UT27 pru\u017ea vrhunsku svjetlinu s 800 lumena, \u0161to je \u010dini iznimnim suputnikom i za trka\u010de i za planinare. Sa svojom izuzetno malom te\u017einom, samo 74 grama, i kompaktnim dizajnom, idealna je za udobno no\u0161enje tijekom sportskih aktivnosti. Testirano je da se izuzetno dobro pona\u0161a pri tr\u010danju. Tako\u0111er je preporu\u010dujemo kao naglavnu svjetiljku za sve vrste planinarenja i izleta u prirodu. Remen je izra\u0111en od mekane, izdr\u017eljive tkanine i ugodan je za ko\u017eu. Osim naglavne svjetiljke, paket uklju\u010duje dvije punjive baterije i torbu koju, uz malo ma\u0161te, mo\u017eete koristiti za transformaciju naglavne svjetiljke u kampersku svjetiljku.<\/p>","protected":false},"featured_media":6566,"comment_status":"open","ping_status":"closed","template":"","meta":[],"product_brand":[],"product_cat":[89],"product_tag":[],"class_list":{"0":"post-6540","1":"product","2":"type-product","3":"status-publish","4":"has-post-thumbnail","6":"product_cat-naglavne-svetilke","7":"product_shipping_class-stroski-dostave","9":"first","10":"instock","11":"taxable","12":"shipping-taxable","13":"purchasable","14":"product-type-simple"},"yoast_head":"<!-- This site is optimized with the Yoast SEO plugin v27.3 - https:\/\/yoast.com\/product\/yoast-seo-wordpress\/ -->\n<title>Naglavna svetilka NITECORE UT27 PRO<\/title>\n<meta name=\"description\" content=\"Naglavna svetilka Nitecore UT27 je izdelana prav posebej za teka\u010de in vse, ki radi pre\u017eivljajo \u010das v naravi tudi, ko se zno\u010di.\" \/>\n<meta name=\"robots\" content=\"index, follow, max-snippet:-1, max-image-preview:large, max-video-preview:-1\" \/>\n<link rel=\"canonical\" href=\"https:\/\/www.sportshine.eu\/hr\/ducan\/nitecore-ut27-pro-naglavna-svjetiljka\/\" \/>\n<meta property=\"og:locale\" content=\"hr_HR\" \/>\n<meta property=\"og:type\" content=\"article\" \/>\n<meta property=\"og:title\" content=\"Naglavna svetilka NITECORE UT27 PRO\" \/>\n<meta property=\"og:description\" content=\"Naglavna svetilka Nitecore UT27 je izdelana prav posebej za teka\u010de in vse, ki radi pre\u017eivljajo \u010das v naravi tudi, ko se zno\u010di.\" \/>\n<meta property=\"og:url\" content=\"https:\/\/www.sportshine.eu\/hr\/ducan\/nitecore-ut27-pro-naglavna-svjetiljka\/\" \/>\n<meta property=\"og:site_name\" content=\"Sportshine\" \/>\n<meta property=\"article:publisher\" content=\"https:\/\/www.facebook.com\/sportshine.eu\/\" \/>\n<meta property=\"article:modified_time\" content=\"2025-10-20T18:21:11+00:00\" \/>\n<meta property=\"og:image\" content=\"https:\/\/www.sportshine.eu\/wp-content\/uploads\/2025\/07\/tekaska-svetilka-nitecore-ut27-1.webp\" \/>\n\t<meta property=\"og:image:width\" content=\"800\" \/>\n\t<meta property=\"og:image:height\" content=\"800\" \/>\n\t<meta property=\"og:image:type\" content=\"image\/webp\" \/>\n<meta name=\"twitter:card\" content=\"summary_large_image\" \/>\n<meta name=\"twitter:label1\" content=\"Procijenjeno vrijeme \u010ditanja\" \/>\n\t<meta name=\"twitter:data1\" content=\"4 minute\" \/>\n<script type=\"application\/ld+json\" class=\"yoast-schema-graph\">{\"@context\":\"https:\\\/\\\/schema.org\",\"@graph\":[{\"@type\":\"WebPage\",\"@id\":\"https:\\\/\\\/www.sportshine.eu\\\/trgovina\\\/naglavna-svetilka-nitecore-ut27-pro\\\/\",\"url\":\"https:\\\/\\\/www.sportshine.eu\\\/trgovina\\\/naglavna-svetilka-nitecore-ut27-pro\\\/\",\"name\":\"Naglavna svetilka NITECORE UT27 PRO\",\"isPartOf\":{\"@id\":\"https:\\\/\\\/www.sportshine.eu\\\/#website\"},\"primaryImageOfPage\":{\"@id\":\"https:\\\/\\\/www.sportshine.eu\\\/trgovina\\\/naglavna-svetilka-nitecore-ut27-pro\\\/#primaryimage\"},\"image\":{\"@id\":\"https:\\\/\\\/www.sportshine.eu\\\/trgovina\\\/naglavna-svetilka-nitecore-ut27-pro\\\/#primaryimage\"},\"thumbnailUrl\":\"https:\\\/\\\/www.sportshine.eu\\\/wp-content\\\/uploads\\\/2025\\\/07\\\/tekaska-svetilka-nitecore-ut27-1.webp\",\"datePublished\":\"2025-07-05T21:48:56+00:00\",\"dateModified\":\"2025-10-20T18:21:11+00:00\",\"description\":\"Naglavna svetilka Nitecore UT27 je izdelana prav posebej za teka\u010de in vse, ki radi pre\u017eivljajo \u010das v naravi tudi, ko se zno\u010di.\",\"breadcrumb\":{\"@id\":\"https:\\\/\\\/www.sportshine.eu\\\/trgovina\\\/naglavna-svetilka-nitecore-ut27-pro\\\/#breadcrumb\"},\"inLanguage\":\"hr\",\"potentialAction\":[{\"@type\":\"ReadAction\",\"target\":[\"https:\\\/\\\/www.sportshine.eu\\\/trgovina\\\/naglavna-svetilka-nitecore-ut27-pro\\\/\"]}]},{\"@type\":\"ImageObject\",\"inLanguage\":\"hr\",\"@id\":\"https:\\\/\\\/www.sportshine.eu\\\/trgovina\\\/naglavna-svetilka-nitecore-ut27-pro\\\/#primaryimage\",\"url\":\"https:\\\/\\\/www.sportshine.eu\\\/wp-content\\\/uploads\\\/2025\\\/07\\\/tekaska-svetilka-nitecore-ut27-1.webp\",\"contentUrl\":\"https:\\\/\\\/www.sportshine.eu\\\/wp-content\\\/uploads\\\/2025\\\/07\\\/tekaska-svetilka-nitecore-ut27-1.webp\",\"width\":800,\"height\":800},{\"@type\":\"BreadcrumbList\",\"@id\":\"https:\\\/\\\/www.sportshine.eu\\\/trgovina\\\/naglavna-svetilka-nitecore-ut27-pro\\\/#breadcrumb\",\"itemListElement\":[{\"@type\":\"ListItem\",\"position\":1,\"name\":\"Home\",\"item\":\"https:\\\/\\\/www.sportshine.eu\\\/\"},{\"@type\":\"ListItem\",\"position\":2,\"name\":\"Trgovina\",\"item\":\"https:\\\/\\\/www.sportshine.eu\\\/trgovina\\\/\"},{\"@type\":\"ListItem\",\"position\":3,\"name\":\"Naglavna svetilka NITECORE UT27 PRO\"}]},{\"@type\":\"WebSite\",\"@id\":\"https:\\\/\\\/www.sportshine.eu\\\/#website\",\"url\":\"https:\\\/\\\/www.sportshine.eu\\\/\",\"name\":\"Sportshine\",\"description\":\"Top spletna trgovina kolesarskih in naglavnih svetilk ter opreme\",\"publisher\":{\"@id\":\"https:\\\/\\\/www.sportshine.eu\\\/#organization\"},\"potentialAction\":[{\"@type\":\"SearchAction\",\"target\":{\"@type\":\"EntryPoint\",\"urlTemplate\":\"https:\\\/\\\/www.sportshine.eu\\\/?s={search_term_string}\"},\"query-input\":{\"@type\":\"PropertyValueSpecification\",\"valueRequired\":true,\"valueName\":\"search_term_string\"}}],\"inLanguage\":\"hr\"},{\"@type\":\"Organization\",\"@id\":\"https:\\\/\\\/www.sportshine.eu\\\/#organization\",\"name\":\"Sportshine\",\"url\":\"https:\\\/\\\/www.sportshine.eu\\\/\",\"logo\":{\"@type\":\"ImageObject\",\"inLanguage\":\"hr\",\"@id\":\"https:\\\/\\\/www.sportshine.eu\\\/#\\\/schema\\\/logo\\\/image\\\/\",\"url\":\"https:\\\/\\\/www.sportshine.eu\\\/wp-content\\\/uploads\\\/2026\\\/01\\\/cropped-Sportshine.webp\",\"contentUrl\":\"https:\\\/\\\/www.sportshine.eu\\\/wp-content\\\/uploads\\\/2026\\\/01\\\/cropped-Sportshine.webp\",\"width\":295,\"height\":128,\"caption\":\"Sportshine\"},\"image\":{\"@id\":\"https:\\\/\\\/www.sportshine.eu\\\/#\\\/schema\\\/logo\\\/image\\\/\"},\"sameAs\":[\"https:\\\/\\\/www.facebook.com\\\/sportshine.eu\\\/\"]}]}<\/script>\n<!-- \/ Yoast SEO plugin. -->","yoast_head_json":{"title":"NITECORE UT27 PRO naglavna svjetiljka","description":"Nitecore UT27 svjetiljka za glavu dizajnirana je posebno za trka\u010de i sve koji vole provoditi vrijeme u prirodi \u010dak i nakon mraka.","robots":{"index":"index","follow":"follow","max-snippet":"max-snippet:-1","max-image-preview":"max-image-preview:large","max-video-preview":"max-video-preview:-1"},"canonical":"https:\/\/www.sportshine.eu\/hr\/ducan\/nitecore-ut27-pro-naglavna-svjetiljka\/","og_locale":"hr_HR","og_type":"article","og_title":"Naglavna svetilka NITECORE UT27 PRO","og_description":"Naglavna svetilka Nitecore UT27 je izdelana prav posebej za teka\u010de in vse, ki radi pre\u017eivljajo \u010das v naravi tudi, ko se zno\u010di.","og_url":"https:\/\/www.sportshine.eu\/hr\/ducan\/nitecore-ut27-pro-naglavna-svjetiljka\/","og_site_name":"Sportshine","article_publisher":"https:\/\/www.facebook.com\/sportshine.eu\/","article_modified_time":"2025-10-20T18:21:11+00:00","og_image":[{"width":800,"height":800,"url":"https:\/\/www.sportshine.eu\/wp-content\/uploads\/2025\/07\/tekaska-svetilka-nitecore-ut27-1.webp","type":"image\/webp"}],"twitter_card":"summary_large_image","twitter_misc":{"Procijenjeno vrijeme \u010ditanja":"4 minute"},"schema":{"@context":"https:\/\/schema.org","@graph":[{"@type":"WebPage","@id":"https:\/\/www.sportshine.eu\/trgovina\/naglavna-svetilka-nitecore-ut27-pro\/","url":"https:\/\/www.sportshine.eu\/trgovina\/naglavna-svetilka-nitecore-ut27-pro\/","name":"NITECORE UT27 PRO naglavna svjetiljka","isPartOf":{"@id":"https:\/\/www.sportshine.eu\/#website"},"primaryImageOfPage":{"@id":"https:\/\/www.sportshine.eu\/trgovina\/naglavna-svetilka-nitecore-ut27-pro\/#primaryimage"},"image":{"@id":"https:\/\/www.sportshine.eu\/trgovina\/naglavna-svetilka-nitecore-ut27-pro\/#primaryimage"},"thumbnailUrl":"https:\/\/www.sportshine.eu\/wp-content\/uploads\/2025\/07\/tekaska-svetilka-nitecore-ut27-1.webp","datePublished":"2025-07-05T21:48:56+00:00","dateModified":"2025-10-20T18:21:11+00:00","description":"Nitecore UT27 svjetiljka za glavu dizajnirana je posebno za trka\u010de i sve koji vole provoditi vrijeme u prirodi \u010dak i nakon mraka.","breadcrumb":{"@id":"https:\/\/www.sportshine.eu\/trgovina\/naglavna-svetilka-nitecore-ut27-pro\/#breadcrumb"},"inLanguage":"hr","potentialAction":[{"@type":"ReadAction","target":["https:\/\/www.sportshine.eu\/trgovina\/naglavna-svetilka-nitecore-ut27-pro\/"]}]},{"@type":"ImageObject","inLanguage":"hr","@id":"https:\/\/www.sportshine.eu\/trgovina\/naglavna-svetilka-nitecore-ut27-pro\/#primaryimage","url":"https:\/\/www.sportshine.eu\/wp-content\/uploads\/2025\/07\/tekaska-svetilka-nitecore-ut27-1.webp","contentUrl":"https:\/\/www.sportshine.eu\/wp-content\/uploads\/2025\/07\/tekaska-svetilka-nitecore-ut27-1.webp","width":800,"height":800},{"@type":"BreadcrumbList","@id":"https:\/\/www.sportshine.eu\/trgovina\/naglavna-svetilka-nitecore-ut27-pro\/#breadcrumb","itemListElement":[{"@type":"ListItem","position":1,"name":"Home","item":"https:\/\/www.sportshine.eu\/"},{"@type":"ListItem","position":2,"name":"Trgovina","item":"https:\/\/www.sportshine.eu\/trgovina\/"},{"@type":"ListItem","position":3,"name":"Naglavna svetilka NITECORE UT27 PRO"}]},{"@type":"WebSite","@id":"https:\/\/www.sportshine.eu\/#website","url":"https:\/\/www.sportshine.eu\/","name":"Sportshine","description":"Vrhunska online trgovina za biciklisti\u010dke i \u010deone svjetiljke i opremu","publisher":{"@id":"https:\/\/www.sportshine.eu\/#organization"},"potentialAction":[{"@type":"SearchAction","target":{"@type":"EntryPoint","urlTemplate":"https:\/\/www.sportshine.eu\/?s={search_term_string}"},"query-input":{"@type":"PropertyValueSpecification","valueRequired":true,"valueName":"search_term_string"}}],"inLanguage":"hr"},{"@type":"Organization","@id":"https:\/\/www.sportshine.eu\/#organization","name":"Sportshine","url":"https:\/\/www.sportshine.eu\/","logo":{"@type":"ImageObject","inLanguage":"hr","@id":"https:\/\/www.sportshine.eu\/#\/schema\/logo\/image\/","url":"https:\/\/www.sportshine.eu\/wp-content\/uploads\/2026\/01\/cropped-Sportshine.webp","contentUrl":"https:\/\/www.sportshine.eu\/wp-content\/uploads\/2026\/01\/cropped-Sportshine.webp","width":295,"height":128,"caption":"Sportshine"},"image":{"@id":"https:\/\/www.sportshine.eu\/#\/schema\/logo\/image\/"},"sameAs":["https:\/\/www.facebook.com\/sportshine.eu\/"]}]}},"_links":{"self":[{"href":"https:\/\/www.sportshine.eu\/hr\/wp-json\/wp\/v2\/product\/6540","targetHints":{"allow":["GET"]}}],"collection":[{"href":"https:\/\/www.sportshine.eu\/hr\/wp-json\/wp\/v2\/product"}],"about":[{"href":"https:\/\/www.sportshine.eu\/hr\/wp-json\/wp\/v2\/types\/product"}],"replies":[{"embeddable":true,"href":"https:\/\/www.sportshine.eu\/hr\/wp-json\/wp\/v2\/comments?post=6540"}],"version-history":[{"count":0,"href":"https:\/\/www.sportshine.eu\/hr\/wp-json\/wp\/v2\/product\/6540\/revisions"}],"wp:featuredmedia":[{"embeddable":true,"href":"https:\/\/www.sportshine.eu\/hr\/wp-json\/wp\/v2\/media\/6566"}],"wp:attachment":[{"href":"https:\/\/www.sportshine.eu\/hr\/wp-json\/wp\/v2\/media?parent=6540"}],"wp:term":[{"taxonomy":"product_brand","embeddable":true,"href":"https:\/\/www.sportshine.eu\/hr\/wp-json\/wp\/v2\/product_brand?post=6540"},{"taxonomy":"product_cat","embeddable":true,"href":"https:\/\/www.sportshine.eu\/hr\/wp-json\/wp\/v2\/product_cat?post=6540"},{"taxonomy":"product_tag","embeddable":true,"href":"https:\/\/www.sportshine.eu\/hr\/wp-json\/wp\/v2\/product_tag?post=6540"}],"curies":[{"name":"radni list","href":"https:\/\/api.w.org\/{rel}","templated":true}]}}