{"id":6538,"date":"2025-07-05T21:48:54","date_gmt":"2025-07-05T21:48:54","guid":{"rendered":"https:\/\/www.sportshine.eu\/?post_type=product&#038;p=6538"},"modified":"2025-12-29T15:53:14","modified_gmt":"2025-12-29T15:53:14","slug":"nitecore-hc60-v2-naglavna-svjetiljka","status":"publish","type":"product","link":"https:\/\/www.sportshine.eu\/hr\/ducan\/nitecore-hc60-v2-naglavna-svjetiljka\/","title":{"rendered":"NITECORE HC60 V2 naglavna svjetiljka"},"content":{"rendered":"<p><strong>Prednja svjetiljka<\/strong> Nitecore HC60 V2 je vrhunska naglavna svjetiljka snage 1200 lumena. Ima uklju\u010denu litij-ionsku bateriju od 3400 mAh, koju punite putem USB-C priklju\u010dka. Kada se baterija nakon nekog vremena isprazni, mo\u017eete je jednostavno zamijeniti, tako da naglavna svjetiljka HC60 V2 traje dugi niz godina. Izra\u0111ena je u potpunosti od izdr\u017eljivog aluminija i te\u017ei samo dobrih...<strong> 108 grama<\/strong>.<\/p>\n<p>Ima ugra\u0111enu P9 LED \u017earulju poznate <strong>OSRAM tvrtke<\/strong>\u010ceona svjetiljka ima 5 razina rada. Izme\u0111u razina mo\u017eete jednostavno prelaziti pritiskom na jedan gumb. Svjetiljka ima funkciju memorije i pali se na istoj razini kao kada je bila isklju\u010dena. \u010ceona svjetiljka se mo\u017ee zakrenuti za 180 stupnjeva. Traka za glavu izra\u0111ena je od visokokvalitetnog materijala \u0161to je \u010dini udobnom za no\u0161enje na glavi. Za svjetiljku dajemo 60-mjese\u010dno jamstvo.<\/p>\n<p>Slu\u017ebena web stranica proizvo\u0111a\u010da:<\/p>\n<p><a href=\"https:\/\/flashlight.nitecore.com\/product\/hc60v2\">https:\/\/flashlight.nitecore.com\/product\/hc60v2\u00a0<\/a><\/p>","protected":false},"excerpt":{"rendered":"<p>Naglavna svetilka Nitecore HC60 V2 je vrhunska svetilka z mo\u010djo 1200 lumnov. Ima prilo\u017eeno litij-ionsko baterijo s 3400 mAh, ki jo polnite prek povezave USB-C. Ko se baterija \u010dez nekaj \u010dasa izrabi, jo enostavno zamenjate, zato \u017eivljenjska doba naglavne svetilke HC60 V2 traja vrsto let. V celoti je izdelana iz trpe\u017enega aluminija in tehta le [&hellip;]<\/p>\n","protected":false},"featured_media":6557,"comment_status":"open","ping_status":"closed","template":"","meta":[],"product_brand":[],"product_cat":[89],"product_tag":[],"class_list":{"0":"post-6538","1":"product","2":"type-product","3":"status-publish","4":"has-post-thumbnail","6":"product_cat-naglavne-svetilke","7":"product_shipping_class-stroski-dostave","9":"first","10":"outofstock","11":"taxable","12":"shipping-taxable","13":"purchasable","14":"product-type-simple"},"yoast_head":"<!-- This site is optimized with the Yoast SEO plugin v27.3 - https:\/\/yoast.com\/product\/yoast-seo-wordpress\/ -->\n<title>Naglavna svetilka NITECORE HC60 V2<\/title>\n<meta name=\"description\" content=\"Naglavna svetilka proizvajalca Nitecore z mo\u010djo 1200 lumnov in litij-ionsko baterijo z zmogljivostjo 3400 mAh. Izdelana iz trpe\u017enega aluminija.\" \/>\n<meta name=\"robots\" content=\"index, follow, max-snippet:-1, max-image-preview:large, max-video-preview:-1\" \/>\n<link rel=\"canonical\" href=\"https:\/\/www.sportshine.eu\/hr\/ducan\/nitecore-hc60-v2-naglavna-svjetiljka\/\" \/>\n<meta property=\"og:locale\" content=\"hr_HR\" \/>\n<meta property=\"og:type\" content=\"article\" \/>\n<meta property=\"og:title\" content=\"Naglavna svetilka NITECORE HC60 V2\" \/>\n<meta property=\"og:description\" content=\"Naglavna svetilka proizvajalca Nitecore z mo\u010djo 1200 lumnov in litij-ionsko baterijo z zmogljivostjo 3400 mAh. Izdelana iz trpe\u017enega aluminija.\" \/>\n<meta property=\"og:url\" content=\"https:\/\/www.sportshine.eu\/hr\/ducan\/nitecore-hc60-v2-naglavna-svjetiljka\/\" \/>\n<meta property=\"og:site_name\" content=\"Sportshine\" \/>\n<meta property=\"article:publisher\" content=\"https:\/\/www.facebook.com\/sportshine.eu\/\" \/>\n<meta property=\"article:modified_time\" content=\"2025-12-29T15:53:14+00:00\" \/>\n<meta property=\"og:image\" content=\"https:\/\/www.sportshine.eu\/wp-content\/uploads\/2025\/07\/202107151014243034-1-1-1.png\" \/>\n\t<meta property=\"og:image:width\" content=\"1200\" \/>\n\t<meta property=\"og:image:height\" content=\"1200\" \/>\n\t<meta property=\"og:image:type\" content=\"image\/png\" \/>\n<meta name=\"twitter:card\" content=\"summary_large_image\" \/>\n<meta name=\"twitter:label1\" content=\"Procijenjeno vrijeme \u010ditanja\" \/>\n\t<meta name=\"twitter:data1\" content=\"1 minuta\" \/>\n<script type=\"application\/ld+json\" class=\"yoast-schema-graph\">{\"@context\":\"https:\\\/\\\/schema.org\",\"@graph\":[{\"@type\":\"WebPage\",\"@id\":\"https:\\\/\\\/www.sportshine.eu\\\/trgovina\\\/naglavna-svetilka-nitecore-hc60-v2\\\/\",\"url\":\"https:\\\/\\\/www.sportshine.eu\\\/trgovina\\\/naglavna-svetilka-nitecore-hc60-v2\\\/\",\"name\":\"Naglavna svetilka NITECORE HC60 V2\",\"isPartOf\":{\"@id\":\"https:\\\/\\\/www.sportshine.eu\\\/#website\"},\"primaryImageOfPage\":{\"@id\":\"https:\\\/\\\/www.sportshine.eu\\\/trgovina\\\/naglavna-svetilka-nitecore-hc60-v2\\\/#primaryimage\"},\"image\":{\"@id\":\"https:\\\/\\\/www.sportshine.eu\\\/trgovina\\\/naglavna-svetilka-nitecore-hc60-v2\\\/#primaryimage\"},\"thumbnailUrl\":\"https:\\\/\\\/www.sportshine.eu\\\/wp-content\\\/uploads\\\/2025\\\/07\\\/202107151014243034-1-1-1.png\",\"datePublished\":\"2025-07-05T21:48:54+00:00\",\"dateModified\":\"2025-12-29T15:53:14+00:00\",\"description\":\"Naglavna svetilka proizvajalca Nitecore z mo\u010djo 1200 lumnov in litij-ionsko baterijo z zmogljivostjo 3400 mAh. Izdelana iz trpe\u017enega aluminija.\",\"breadcrumb\":{\"@id\":\"https:\\\/\\\/www.sportshine.eu\\\/trgovina\\\/naglavna-svetilka-nitecore-hc60-v2\\\/#breadcrumb\"},\"inLanguage\":\"hr\",\"potentialAction\":[{\"@type\":\"ReadAction\",\"target\":[\"https:\\\/\\\/www.sportshine.eu\\\/trgovina\\\/naglavna-svetilka-nitecore-hc60-v2\\\/\"]}]},{\"@type\":\"ImageObject\",\"inLanguage\":\"hr\",\"@id\":\"https:\\\/\\\/www.sportshine.eu\\\/trgovina\\\/naglavna-svetilka-nitecore-hc60-v2\\\/#primaryimage\",\"url\":\"https:\\\/\\\/www.sportshine.eu\\\/wp-content\\\/uploads\\\/2025\\\/07\\\/202107151014243034-1-1-1.png\",\"contentUrl\":\"https:\\\/\\\/www.sportshine.eu\\\/wp-content\\\/uploads\\\/2025\\\/07\\\/202107151014243034-1-1-1.png\",\"width\":1200,\"height\":1200},{\"@type\":\"BreadcrumbList\",\"@id\":\"https:\\\/\\\/www.sportshine.eu\\\/trgovina\\\/naglavna-svetilka-nitecore-hc60-v2\\\/#breadcrumb\",\"itemListElement\":[{\"@type\":\"ListItem\",\"position\":1,\"name\":\"Home\",\"item\":\"https:\\\/\\\/www.sportshine.eu\\\/\"},{\"@type\":\"ListItem\",\"position\":2,\"name\":\"Trgovina\",\"item\":\"https:\\\/\\\/www.sportshine.eu\\\/trgovina\\\/\"},{\"@type\":\"ListItem\",\"position\":3,\"name\":\"Naglavna svetilka NITECORE HC60 V2\"}]},{\"@type\":\"WebSite\",\"@id\":\"https:\\\/\\\/www.sportshine.eu\\\/#website\",\"url\":\"https:\\\/\\\/www.sportshine.eu\\\/\",\"name\":\"Sportshine\",\"description\":\"Top spletna trgovina kolesarskih in naglavnih svetilk ter opreme\",\"publisher\":{\"@id\":\"https:\\\/\\\/www.sportshine.eu\\\/#organization\"},\"potentialAction\":[{\"@type\":\"SearchAction\",\"target\":{\"@type\":\"EntryPoint\",\"urlTemplate\":\"https:\\\/\\\/www.sportshine.eu\\\/?s={search_term_string}\"},\"query-input\":{\"@type\":\"PropertyValueSpecification\",\"valueRequired\":true,\"valueName\":\"search_term_string\"}}],\"inLanguage\":\"hr\"},{\"@type\":\"Organization\",\"@id\":\"https:\\\/\\\/www.sportshine.eu\\\/#organization\",\"name\":\"Sportshine\",\"url\":\"https:\\\/\\\/www.sportshine.eu\\\/\",\"logo\":{\"@type\":\"ImageObject\",\"inLanguage\":\"hr\",\"@id\":\"https:\\\/\\\/www.sportshine.eu\\\/#\\\/schema\\\/logo\\\/image\\\/\",\"url\":\"https:\\\/\\\/www.sportshine.eu\\\/wp-content\\\/uploads\\\/2026\\\/01\\\/cropped-Sportshine.webp\",\"contentUrl\":\"https:\\\/\\\/www.sportshine.eu\\\/wp-content\\\/uploads\\\/2026\\\/01\\\/cropped-Sportshine.webp\",\"width\":295,\"height\":128,\"caption\":\"Sportshine\"},\"image\":{\"@id\":\"https:\\\/\\\/www.sportshine.eu\\\/#\\\/schema\\\/logo\\\/image\\\/\"},\"sameAs\":[\"https:\\\/\\\/www.facebook.com\\\/sportshine.eu\\\/\"]}]}<\/script>\n<!-- \/ Yoast SEO plugin. -->","yoast_head_json":{"title":"NITECORE HC60 V2 naglavna svjetiljka","description":"Nitecore naglavna svjetiljka s 1200 lumena i litij-ionskom baterijom od 3400 mAh. Izra\u0111ena od izdr\u017eljivog aluminija.","robots":{"index":"index","follow":"follow","max-snippet":"max-snippet:-1","max-image-preview":"max-image-preview:large","max-video-preview":"max-video-preview:-1"},"canonical":"https:\/\/www.sportshine.eu\/hr\/ducan\/nitecore-hc60-v2-naglavna-svjetiljka\/","og_locale":"hr_HR","og_type":"article","og_title":"Naglavna svetilka NITECORE HC60 V2","og_description":"Naglavna svetilka proizvajalca Nitecore z mo\u010djo 1200 lumnov in litij-ionsko baterijo z zmogljivostjo 3400 mAh. Izdelana iz trpe\u017enega aluminija.","og_url":"https:\/\/www.sportshine.eu\/hr\/ducan\/nitecore-hc60-v2-naglavna-svjetiljka\/","og_site_name":"Sportshine","article_publisher":"https:\/\/www.facebook.com\/sportshine.eu\/","article_modified_time":"2025-12-29T15:53:14+00:00","og_image":[{"width":1200,"height":1200,"url":"https:\/\/www.sportshine.eu\/wp-content\/uploads\/2025\/07\/202107151014243034-1-1-1.png","type":"image\/png"}],"twitter_card":"summary_large_image","twitter_misc":{"Procijenjeno vrijeme \u010ditanja":"1 minuta"},"schema":{"@context":"https:\/\/schema.org","@graph":[{"@type":"WebPage","@id":"https:\/\/www.sportshine.eu\/trgovina\/naglavna-svetilka-nitecore-hc60-v2\/","url":"https:\/\/www.sportshine.eu\/trgovina\/naglavna-svetilka-nitecore-hc60-v2\/","name":"NITECORE HC60 V2 naglavna svjetiljka","isPartOf":{"@id":"https:\/\/www.sportshine.eu\/#website"},"primaryImageOfPage":{"@id":"https:\/\/www.sportshine.eu\/trgovina\/naglavna-svetilka-nitecore-hc60-v2\/#primaryimage"},"image":{"@id":"https:\/\/www.sportshine.eu\/trgovina\/naglavna-svetilka-nitecore-hc60-v2\/#primaryimage"},"thumbnailUrl":"https:\/\/www.sportshine.eu\/wp-content\/uploads\/2025\/07\/202107151014243034-1-1-1.png","datePublished":"2025-07-05T21:48:54+00:00","dateModified":"2025-12-29T15:53:14+00:00","description":"Nitecore naglavna svjetiljka s 1200 lumena i litij-ionskom baterijom od 3400 mAh. Izra\u0111ena od izdr\u017eljivog aluminija.","breadcrumb":{"@id":"https:\/\/www.sportshine.eu\/trgovina\/naglavna-svetilka-nitecore-hc60-v2\/#breadcrumb"},"inLanguage":"hr","potentialAction":[{"@type":"ReadAction","target":["https:\/\/www.sportshine.eu\/trgovina\/naglavna-svetilka-nitecore-hc60-v2\/"]}]},{"@type":"ImageObject","inLanguage":"hr","@id":"https:\/\/www.sportshine.eu\/trgovina\/naglavna-svetilka-nitecore-hc60-v2\/#primaryimage","url":"https:\/\/www.sportshine.eu\/wp-content\/uploads\/2025\/07\/202107151014243034-1-1-1.png","contentUrl":"https:\/\/www.sportshine.eu\/wp-content\/uploads\/2025\/07\/202107151014243034-1-1-1.png","width":1200,"height":1200},{"@type":"BreadcrumbList","@id":"https:\/\/www.sportshine.eu\/trgovina\/naglavna-svetilka-nitecore-hc60-v2\/#breadcrumb","itemListElement":[{"@type":"ListItem","position":1,"name":"Home","item":"https:\/\/www.sportshine.eu\/"},{"@type":"ListItem","position":2,"name":"Trgovina","item":"https:\/\/www.sportshine.eu\/trgovina\/"},{"@type":"ListItem","position":3,"name":"Naglavna svetilka NITECORE HC60 V2"}]},{"@type":"WebSite","@id":"https:\/\/www.sportshine.eu\/#website","url":"https:\/\/www.sportshine.eu\/","name":"Sportshine","description":"Vrhunska online trgovina za biciklisti\u010dke i \u010deone svjetiljke i opremu","publisher":{"@id":"https:\/\/www.sportshine.eu\/#organization"},"potentialAction":[{"@type":"SearchAction","target":{"@type":"EntryPoint","urlTemplate":"https:\/\/www.sportshine.eu\/?s={search_term_string}"},"query-input":{"@type":"PropertyValueSpecification","valueRequired":true,"valueName":"search_term_string"}}],"inLanguage":"hr"},{"@type":"Organization","@id":"https:\/\/www.sportshine.eu\/#organization","name":"Sportshine","url":"https:\/\/www.sportshine.eu\/","logo":{"@type":"ImageObject","inLanguage":"hr","@id":"https:\/\/www.sportshine.eu\/#\/schema\/logo\/image\/","url":"https:\/\/www.sportshine.eu\/wp-content\/uploads\/2026\/01\/cropped-Sportshine.webp","contentUrl":"https:\/\/www.sportshine.eu\/wp-content\/uploads\/2026\/01\/cropped-Sportshine.webp","width":295,"height":128,"caption":"Sportshine"},"image":{"@id":"https:\/\/www.sportshine.eu\/#\/schema\/logo\/image\/"},"sameAs":["https:\/\/www.facebook.com\/sportshine.eu\/"]}]}},"_links":{"self":[{"href":"https:\/\/www.sportshine.eu\/hr\/wp-json\/wp\/v2\/product\/6538","targetHints":{"allow":["GET"]}}],"collection":[{"href":"https:\/\/www.sportshine.eu\/hr\/wp-json\/wp\/v2\/product"}],"about":[{"href":"https:\/\/www.sportshine.eu\/hr\/wp-json\/wp\/v2\/types\/product"}],"replies":[{"embeddable":true,"href":"https:\/\/www.sportshine.eu\/hr\/wp-json\/wp\/v2\/comments?post=6538"}],"version-history":[{"count":0,"href":"https:\/\/www.sportshine.eu\/hr\/wp-json\/wp\/v2\/product\/6538\/revisions"}],"wp:featuredmedia":[{"embeddable":true,"href":"https:\/\/www.sportshine.eu\/hr\/wp-json\/wp\/v2\/media\/6557"}],"wp:attachment":[{"href":"https:\/\/www.sportshine.eu\/hr\/wp-json\/wp\/v2\/media?parent=6538"}],"wp:term":[{"taxonomy":"product_brand","embeddable":true,"href":"https:\/\/www.sportshine.eu\/hr\/wp-json\/wp\/v2\/product_brand?post=6538"},{"taxonomy":"product_cat","embeddable":true,"href":"https:\/\/www.sportshine.eu\/hr\/wp-json\/wp\/v2\/product_cat?post=6538"},{"taxonomy":"product_tag","embeddable":true,"href":"https:\/\/www.sportshine.eu\/hr\/wp-json\/wp\/v2\/product_tag?post=6538"}],"curies":[{"name":"radni list","href":"https:\/\/api.w.org\/{rel}","templated":true}]}}