{"id":6473,"date":"2025-07-05T19:57:32","date_gmt":"2025-07-05T19:57:32","guid":{"rendered":"https:\/\/www.sportshine.eu\/?post_type=product&#038;p=6473"},"modified":"2025-11-21T22:17:40","modified_gmt":"2025-11-21T22:17:40","slug":"magicshine-allty-800-svjetlo-za-bicikl","status":"publish","type":"product","link":"https:\/\/www.sportshine.eu\/hr\/ducan\/magicshine-allty-800-svjetlo-za-bicikl\/","title":{"rendered":"Magicshine Allty 800 svjetlo za bicikl"},"content":{"rendered":"<h3 style=\"text-align: center;\">VIDEO PREZENTACIJA<\/h3>\n<p><iframe loading=\"lazy\" title=\"Recenzija prednjih svjetala za bicikl Magicshine Allty 400 \/ Allty 600 \/ Allty 800 - s USB Type-C priklju\u010dkom i Garmin nosa\u010dem\" width=\"500\" height=\"281\" src=\"https:\/\/www.youtube.com\/embed\/lKCqrUT5OD0?feature=oembed\" frameborder=\"0\" allow=\"accelerometer; autoplay; clipboard-write; encrypted-media; gyroscope; picture-in-picture; web-share\" referrerpolicy=\"strict-origin-when-cross-origin\" allowfullscreen><\/iframe><\/p>\n<h3 style=\"text-align: center;\">VISOKOPERFORMANSNA OPTI\u010cKA LE\u0106A<\/h3>\n<p style=\"text-align: center;\">ALLTY 800 koristi visokou\u010dinkovitu opti\u010dku le\u0107u kako bi osigurao maksimalni izlaz od 800 lumena. Promi\u0161ljen dizajn bo\u010dnog osvjetljenja osigurava ve\u0107u pa\u017enju voza\u010da.<\/p>\n<h3 style=\"text-align: center;\"><img decoding=\"async\" class=\"aligncenter wp-image-7154\" src=\"https:\/\/www.sportshine.eu\/wp-content\/uploads\/2025\/07\/ALLTY-800-1.webp\" alt=\"\" width=\"800\" height=\"600\" \/><\/h3>\n<h3 style=\"text-align: center;\">SNAGA PREMA\u0160UJE VELI\u010cINU \u017dARULJE<\/h3>\n<p style=\"text-align: center;\">Biciklisti\u010dko svjetlo Allty 800 opremljeno je visokou\u010dinkovitom baterijom (4000 mAh) koja osigurava dugo vrijeme rada i pouzdano osvjetljenje.<\/p>\n<p><img decoding=\"async\" class=\"aligncenter wp-image-7156\" src=\"https:\/\/www.sportshine.eu\/wp-content\/uploads\/2025\/07\/allty-800-kolesarska-luc-1.webp\" alt=\"\" width=\"800\" height=\"600\" \/><\/p>\n<h3 style=\"text-align: center;\">PUNJI SE PREKO USB C ULAZ<\/h3>\n<p style=\"text-align: center;\">Zahvaljuju\u0107i USB-C priklju\u010dku za brzo punjenje, ALLTY 800 omogu\u0107uje brzo punjenje. Posebnost ove lampe je \u0161to funkcionira i kao stanica za punjenje, tako da mo\u017eete puniti svoj telefon ili mjera\u010d u pokretu.<\/p>\n<p><img decoding=\"async\" class=\"aligncenter wp-image-7157\" src=\"https:\/\/www.sportshine.eu\/wp-content\/uploads\/2025\/07\/luc-allty-800.webp\" alt=\"\" width=\"800\" height=\"600\" \/><\/p>\n<h3 style=\"text-align: center;\">LAKO \u010cITLJIV INDIKATOR NAPAJANJA<\/h3>\n<p style=\"text-align: center;\">Kada je ure\u0111aj uklju\u010den, lampica na gumbu za uklju\u010divanje\/isklju\u010divanje ozna\u010davat \u0107e razinu napunjenosti baterije. Kada je ure\u0111aj isklju\u010den, kratko pritisnite gumb za uklju\u010divanje\/isklju\u010divanje kako biste aktivirali indikatorsko svjetlo (automatski \u0107e se isklju\u010diti nakon 3 sekunde).<\/p>\n<p style=\"text-align: center;\">ZELENA: 21%-100%<br \/>\nCRVENA: 11%-20%<br \/>\nTREPTI CRVENO: 0%-10%<\/p>\n<p><img decoding=\"async\" class=\"aligncenter wp-image-7158\" src=\"https:\/\/www.sportshine.eu\/wp-content\/uploads\/2025\/07\/allty-800-luc-za-kolo.webp\" alt=\"\" width=\"800\" height=\"600\" \/><\/p>\n<h3 style=\"text-align: center;\">VODOOTPORAN PREMA IPX7 STANDARDU<\/h3>\n<p style=\"text-align: center;\">Vodootpornost biciklisti\u010dkog svjetla ALLTY 800 ima ocjenu IPX7 prema IEC 60529, \u0161to zna\u010di da ALLTY 800 mo\u017ee ostati u vodi do dubine od 1 m tijekom 30 minuta bez utjecaja na performanse proizvoda.<\/p>\n<p><img decoding=\"async\" class=\"aligncenter wp-image-7159\" src=\"https:\/\/www.sportshine.eu\/wp-content\/uploads\/2025\/07\/allty-800-kolesarska-luc-2.webp\" alt=\"\" width=\"800\" height=\"600\" \/><\/p>\n<h3 style=\"text-align: center;\">METALNO KU\u0106I\u0160TE I TRAJNA KVALITETA<\/h3>\n<p style=\"text-align: center;\">Cijelo tijelo od aluminijske legure osigurava dugotrajnu izdr\u017eljivost.<\/p>\n<p><img decoding=\"async\" class=\"aligncenter wp-image-7160\" src=\"https:\/\/www.sportshine.eu\/wp-content\/uploads\/2025\/07\/luc-allty.webp\" alt=\"\" width=\"800\" height=\"600\" \/><\/p>\n<h3 style=\"text-align: center;\">DOBIT \u0106ETE U PAKETU<\/h3>\n<p><img decoding=\"async\" class=\"aligncenter wp-image-7161\" src=\"https:\/\/www.sportshine.eu\/wp-content\/uploads\/2025\/07\/allty_800_11.webp\" alt=\"\" width=\"800\" height=\"393\" \/><\/p>\n<p>&nbsp;<\/p>","protected":false},"excerpt":{"rendered":"<p>Biciklisti\u010dko svjetlo Magicshine ALLTY 800 posebno je dizajnirano biciklisti\u010dko svjetlo za cestovni biciklizam. Puni se putem USB-C priklju\u010dka i mo\u017ee se koristiti kao punjiva baterija za va\u0161e ure\u0111aje. Sa svojih 800 lumena svjetline, dometom do 141 metra i dugim vremenom rada (do 11 sati), idealan je pratitelj za sigurnu i udobnu vo\u017enju biciklom u svim vremenskim uvjetima. Osim toga, vodootporno je s visokom IPX7 ocjenom, \u0161to osigurava pouzdanost \u010dak i po ki\u0161i.<\/p>","protected":false},"featured_media":6081,"comment_status":"open","ping_status":"closed","template":"","meta":[],"product_brand":[131],"product_cat":[82,150],"product_tag":[],"class_list":{"0":"post-6473","1":"product","2":"type-product","3":"status-publish","4":"has-post-thumbnail","6":"product_brand-magicshine","7":"product_cat-kolesarske-luci","8":"product_cat-sprednje-kolesarske-luci","10":"first","11":"instock","12":"taxable","13":"shipping-taxable","14":"purchasable","15":"product-type-simple"},"yoast_head":"<!-- This site is optimized with the Yoast SEO plugin v27.3 - https:\/\/yoast.com\/product\/yoast-seo-wordpress\/ -->\n<title>Magicshine Allty 800 kolesarska lu\u010d<\/title>\n<meta name=\"description\" content=\"Magicshine ALLTY 800 je posebej zasnovana kolesarska lu\u010d za cestno kolesarjenje. Z impresivnim izhodom 800 lumnov in delovanjem do 11 ur.\" \/>\n<meta name=\"robots\" content=\"index, follow, max-snippet:-1, max-image-preview:large, max-video-preview:-1\" \/>\n<link rel=\"canonical\" href=\"https:\/\/www.sportshine.eu\/hr\/ducan\/magicshine-allty-800-svjetlo-za-bicikl\/\" \/>\n<meta property=\"og:locale\" content=\"hr_HR\" \/>\n<meta property=\"og:type\" content=\"article\" \/>\n<meta property=\"og:title\" content=\"Magicshine Allty 800 kolesarska lu\u010d\" \/>\n<meta property=\"og:description\" content=\"Magicshine ALLTY 800 je posebej zasnovana kolesarska lu\u010d za cestno kolesarjenje. Z impresivnim izhodom 800 lumnov in delovanjem do 11 ur.\" \/>\n<meta property=\"og:url\" content=\"https:\/\/www.sportshine.eu\/hr\/ducan\/magicshine-allty-800-svjetlo-za-bicikl\/\" \/>\n<meta property=\"og:site_name\" content=\"Sportshine\" \/>\n<meta property=\"article:publisher\" content=\"https:\/\/www.facebook.com\/sportshine.eu\/\" \/>\n<meta property=\"article:modified_time\" content=\"2025-11-21T22:17:40+00:00\" \/>\n<meta property=\"og:image\" content=\"https:\/\/www.sportshine.eu\/wp-content\/uploads\/2025\/07\/Magicshsine-Allty-800-kolesarska-luc.webp\" \/>\n\t<meta property=\"og:image:width\" content=\"500\" \/>\n\t<meta property=\"og:image:height\" content=\"500\" \/>\n\t<meta property=\"og:image:type\" content=\"image\/webp\" \/>\n<meta name=\"twitter:card\" content=\"summary_large_image\" \/>\n<meta name=\"twitter:label1\" content=\"Procijenjeno vrijeme \u010ditanja\" \/>\n\t<meta name=\"twitter:data1\" content=\"3 minute\" \/>\n<script type=\"application\/ld+json\" class=\"yoast-schema-graph\">{\"@context\":\"https:\\\/\\\/schema.org\",\"@graph\":[{\"@type\":\"WebPage\",\"@id\":\"https:\\\/\\\/www.sportshine.eu\\\/trgovina\\\/magicshine-allty-800-kolesarska-luc\\\/\",\"url\":\"https:\\\/\\\/www.sportshine.eu\\\/trgovina\\\/magicshine-allty-800-kolesarska-luc\\\/\",\"name\":\"Magicshine Allty 800 kolesarska lu\u010d\",\"isPartOf\":{\"@id\":\"https:\\\/\\\/www.sportshine.eu\\\/#website\"},\"primaryImageOfPage\":{\"@id\":\"https:\\\/\\\/www.sportshine.eu\\\/trgovina\\\/magicshine-allty-800-kolesarska-luc\\\/#primaryimage\"},\"image\":{\"@id\":\"https:\\\/\\\/www.sportshine.eu\\\/trgovina\\\/magicshine-allty-800-kolesarska-luc\\\/#primaryimage\"},\"thumbnailUrl\":\"https:\\\/\\\/www.sportshine.eu\\\/wp-content\\\/uploads\\\/2025\\\/07\\\/Magicshsine-Allty-800-kolesarska-luc.webp\",\"datePublished\":\"2025-07-05T19:57:32+00:00\",\"dateModified\":\"2025-11-21T22:17:40+00:00\",\"description\":\"Magicshine ALLTY 800 je posebej zasnovana kolesarska lu\u010d za cestno kolesarjenje. Z impresivnim izhodom 800 lumnov in delovanjem do 11 ur.\",\"breadcrumb\":{\"@id\":\"https:\\\/\\\/www.sportshine.eu\\\/trgovina\\\/magicshine-allty-800-kolesarska-luc\\\/#breadcrumb\"},\"inLanguage\":\"hr\",\"potentialAction\":[{\"@type\":\"ReadAction\",\"target\":[\"https:\\\/\\\/www.sportshine.eu\\\/trgovina\\\/magicshine-allty-800-kolesarska-luc\\\/\"]}]},{\"@type\":\"ImageObject\",\"inLanguage\":\"hr\",\"@id\":\"https:\\\/\\\/www.sportshine.eu\\\/trgovina\\\/magicshine-allty-800-kolesarska-luc\\\/#primaryimage\",\"url\":\"https:\\\/\\\/www.sportshine.eu\\\/wp-content\\\/uploads\\\/2025\\\/07\\\/Magicshsine-Allty-800-kolesarska-luc.webp\",\"contentUrl\":\"https:\\\/\\\/www.sportshine.eu\\\/wp-content\\\/uploads\\\/2025\\\/07\\\/Magicshsine-Allty-800-kolesarska-luc.webp\",\"width\":500,\"height\":500},{\"@type\":\"BreadcrumbList\",\"@id\":\"https:\\\/\\\/www.sportshine.eu\\\/trgovina\\\/magicshine-allty-800-kolesarska-luc\\\/#breadcrumb\",\"itemListElement\":[{\"@type\":\"ListItem\",\"position\":1,\"name\":\"Home\",\"item\":\"https:\\\/\\\/www.sportshine.eu\\\/\"},{\"@type\":\"ListItem\",\"position\":2,\"name\":\"Trgovina\",\"item\":\"https:\\\/\\\/www.sportshine.eu\\\/trgovina\\\/\"},{\"@type\":\"ListItem\",\"position\":3,\"name\":\"Magicshine Allty 800 kolesarska lu\u010d\"}]},{\"@type\":\"WebSite\",\"@id\":\"https:\\\/\\\/www.sportshine.eu\\\/#website\",\"url\":\"https:\\\/\\\/www.sportshine.eu\\\/\",\"name\":\"Sportshine\",\"description\":\"Top spletna trgovina kolesarskih in naglavnih svetilk ter opreme\",\"publisher\":{\"@id\":\"https:\\\/\\\/www.sportshine.eu\\\/#organization\"},\"potentialAction\":[{\"@type\":\"SearchAction\",\"target\":{\"@type\":\"EntryPoint\",\"urlTemplate\":\"https:\\\/\\\/www.sportshine.eu\\\/?s={search_term_string}\"},\"query-input\":{\"@type\":\"PropertyValueSpecification\",\"valueRequired\":true,\"valueName\":\"search_term_string\"}}],\"inLanguage\":\"hr\"},{\"@type\":\"Organization\",\"@id\":\"https:\\\/\\\/www.sportshine.eu\\\/#organization\",\"name\":\"Sportshine\",\"url\":\"https:\\\/\\\/www.sportshine.eu\\\/\",\"logo\":{\"@type\":\"ImageObject\",\"inLanguage\":\"hr\",\"@id\":\"https:\\\/\\\/www.sportshine.eu\\\/#\\\/schema\\\/logo\\\/image\\\/\",\"url\":\"https:\\\/\\\/www.sportshine.eu\\\/wp-content\\\/uploads\\\/2026\\\/01\\\/cropped-Sportshine.webp\",\"contentUrl\":\"https:\\\/\\\/www.sportshine.eu\\\/wp-content\\\/uploads\\\/2026\\\/01\\\/cropped-Sportshine.webp\",\"width\":295,\"height\":128,\"caption\":\"Sportshine\"},\"image\":{\"@id\":\"https:\\\/\\\/www.sportshine.eu\\\/#\\\/schema\\\/logo\\\/image\\\/\"},\"sameAs\":[\"https:\\\/\\\/www.facebook.com\\\/sportshine.eu\\\/\"]}]}<\/script>\n<!-- \/ Yoast SEO plugin. -->","yoast_head_json":{"title":"Magicshine Allty 800 svjetlo za bicikl","description":"Magicshine ALLTY 800 je posebno dizajnirano svjetlo za cestovni biciklizam. S impresivnim svjetlom od 800 lumena i vremenom rada do 11 sati.","robots":{"index":"index","follow":"follow","max-snippet":"max-snippet:-1","max-image-preview":"max-image-preview:large","max-video-preview":"max-video-preview:-1"},"canonical":"https:\/\/www.sportshine.eu\/hr\/ducan\/magicshine-allty-800-svjetlo-za-bicikl\/","og_locale":"hr_HR","og_type":"article","og_title":"Magicshine Allty 800 kolesarska lu\u010d","og_description":"Magicshine ALLTY 800 je posebej zasnovana kolesarska lu\u010d za cestno kolesarjenje. Z impresivnim izhodom 800 lumnov in delovanjem do 11 ur.","og_url":"https:\/\/www.sportshine.eu\/hr\/ducan\/magicshine-allty-800-svjetlo-za-bicikl\/","og_site_name":"Sportshine","article_publisher":"https:\/\/www.facebook.com\/sportshine.eu\/","article_modified_time":"2025-11-21T22:17:40+00:00","og_image":[{"width":500,"height":500,"url":"https:\/\/www.sportshine.eu\/wp-content\/uploads\/2025\/07\/Magicshsine-Allty-800-kolesarska-luc.webp","type":"image\/webp"}],"twitter_card":"summary_large_image","twitter_misc":{"Procijenjeno vrijeme \u010ditanja":"3 minute"},"schema":{"@context":"https:\/\/schema.org","@graph":[{"@type":"WebPage","@id":"https:\/\/www.sportshine.eu\/trgovina\/magicshine-allty-800-kolesarska-luc\/","url":"https:\/\/www.sportshine.eu\/trgovina\/magicshine-allty-800-kolesarska-luc\/","name":"Magicshine Allty 800 svjetlo za bicikl","isPartOf":{"@id":"https:\/\/www.sportshine.eu\/#website"},"primaryImageOfPage":{"@id":"https:\/\/www.sportshine.eu\/trgovina\/magicshine-allty-800-kolesarska-luc\/#primaryimage"},"image":{"@id":"https:\/\/www.sportshine.eu\/trgovina\/magicshine-allty-800-kolesarska-luc\/#primaryimage"},"thumbnailUrl":"https:\/\/www.sportshine.eu\/wp-content\/uploads\/2025\/07\/Magicshsine-Allty-800-kolesarska-luc.webp","datePublished":"2025-07-05T19:57:32+00:00","dateModified":"2025-11-21T22:17:40+00:00","description":"Magicshine ALLTY 800 je posebno dizajnirano svjetlo za cestovni biciklizam. S impresivnim svjetlom od 800 lumena i vremenom rada do 11 sati.","breadcrumb":{"@id":"https:\/\/www.sportshine.eu\/trgovina\/magicshine-allty-800-kolesarska-luc\/#breadcrumb"},"inLanguage":"hr","potentialAction":[{"@type":"ReadAction","target":["https:\/\/www.sportshine.eu\/trgovina\/magicshine-allty-800-kolesarska-luc\/"]}]},{"@type":"ImageObject","inLanguage":"hr","@id":"https:\/\/www.sportshine.eu\/trgovina\/magicshine-allty-800-kolesarska-luc\/#primaryimage","url":"https:\/\/www.sportshine.eu\/wp-content\/uploads\/2025\/07\/Magicshsine-Allty-800-kolesarska-luc.webp","contentUrl":"https:\/\/www.sportshine.eu\/wp-content\/uploads\/2025\/07\/Magicshsine-Allty-800-kolesarska-luc.webp","width":500,"height":500},{"@type":"BreadcrumbList","@id":"https:\/\/www.sportshine.eu\/trgovina\/magicshine-allty-800-kolesarska-luc\/#breadcrumb","itemListElement":[{"@type":"ListItem","position":1,"name":"Home","item":"https:\/\/www.sportshine.eu\/"},{"@type":"ListItem","position":2,"name":"Trgovina","item":"https:\/\/www.sportshine.eu\/trgovina\/"},{"@type":"ListItem","position":3,"name":"Magicshine Allty 800 kolesarska lu\u010d"}]},{"@type":"WebSite","@id":"https:\/\/www.sportshine.eu\/#website","url":"https:\/\/www.sportshine.eu\/","name":"Sportshine","description":"Vrhunska online trgovina za biciklisti\u010dke i \u010deone svjetiljke i opremu","publisher":{"@id":"https:\/\/www.sportshine.eu\/#organization"},"potentialAction":[{"@type":"SearchAction","target":{"@type":"EntryPoint","urlTemplate":"https:\/\/www.sportshine.eu\/?s={search_term_string}"},"query-input":{"@type":"PropertyValueSpecification","valueRequired":true,"valueName":"search_term_string"}}],"inLanguage":"hr"},{"@type":"Organization","@id":"https:\/\/www.sportshine.eu\/#organization","name":"Sportshine","url":"https:\/\/www.sportshine.eu\/","logo":{"@type":"ImageObject","inLanguage":"hr","@id":"https:\/\/www.sportshine.eu\/#\/schema\/logo\/image\/","url":"https:\/\/www.sportshine.eu\/wp-content\/uploads\/2026\/01\/cropped-Sportshine.webp","contentUrl":"https:\/\/www.sportshine.eu\/wp-content\/uploads\/2026\/01\/cropped-Sportshine.webp","width":295,"height":128,"caption":"Sportshine"},"image":{"@id":"https:\/\/www.sportshine.eu\/#\/schema\/logo\/image\/"},"sameAs":["https:\/\/www.facebook.com\/sportshine.eu\/"]}]}},"_links":{"self":[{"href":"https:\/\/www.sportshine.eu\/hr\/wp-json\/wp\/v2\/product\/6473","targetHints":{"allow":["GET"]}}],"collection":[{"href":"https:\/\/www.sportshine.eu\/hr\/wp-json\/wp\/v2\/product"}],"about":[{"href":"https:\/\/www.sportshine.eu\/hr\/wp-json\/wp\/v2\/types\/product"}],"replies":[{"embeddable":true,"href":"https:\/\/www.sportshine.eu\/hr\/wp-json\/wp\/v2\/comments?post=6473"}],"version-history":[{"count":0,"href":"https:\/\/www.sportshine.eu\/hr\/wp-json\/wp\/v2\/product\/6473\/revisions"}],"wp:featuredmedia":[{"embeddable":true,"href":"https:\/\/www.sportshine.eu\/hr\/wp-json\/wp\/v2\/media\/6081"}],"wp:attachment":[{"href":"https:\/\/www.sportshine.eu\/hr\/wp-json\/wp\/v2\/media?parent=6473"}],"wp:term":[{"taxonomy":"product_brand","embeddable":true,"href":"https:\/\/www.sportshine.eu\/hr\/wp-json\/wp\/v2\/product_brand?post=6473"},{"taxonomy":"product_cat","embeddable":true,"href":"https:\/\/www.sportshine.eu\/hr\/wp-json\/wp\/v2\/product_cat?post=6473"},{"taxonomy":"product_tag","embeddable":true,"href":"https:\/\/www.sportshine.eu\/hr\/wp-json\/wp\/v2\/product_tag?post=6473"}],"curies":[{"name":"radni list","href":"https:\/\/api.w.org\/{rel}","templated":true}]}}