{"id":6471,"date":"2025-07-05T19:57:30","date_gmt":"2025-07-05T19:57:30","guid":{"rendered":"https:\/\/www.sportshine.eu\/?post_type=product&#038;p=6471"},"modified":"2025-11-21T22:18:58","modified_gmt":"2025-11-21T22:18:58","slug":"magicshine-allty-400-svjetlo-za-bicikl","status":"publish","type":"product","link":"https:\/\/www.sportshine.eu\/hr\/ducan\/magicshine-allty-400-svjetlo-za-bicikl\/","title":{"rendered":"Magicshine Allty 400 svjetlo za bicikl"},"content":{"rendered":"<h3 style=\"text-align: center;\">VIDEO PREZENTACIJA MAGICSHINE ALLTY 400<\/h3>\n<p><iframe loading=\"lazy\" title=\"Magicshine Allty 400\" width=\"500\" height=\"281\" src=\"https:\/\/www.youtube.com\/embed\/7AsW0ihPFh0?feature=oembed\" frameborder=\"0\" allow=\"accelerometer; autoplay; clipboard-write; encrypted-media; gyroscope; picture-in-picture; web-share\" referrerpolicy=\"strict-origin-when-cross-origin\" allowfullscreen><\/iframe><\/p>\n<h3 style=\"text-align: center;\">VISOKOPERFORMANSNA OPTI\u010cKA LE\u0106A<\/h3>\n<p style=\"text-align: center;\">ALLTY 400 koristi visokou\u010dinkovitu opti\u010dku le\u0107u koja pru\u017ea maksimalni izlaz od 400 lumena. Promi\u0161ljen dizajn bo\u010dnog osvjetljenja osigurava ve\u0107u pa\u017enju voza\u010da.<\/p>\n<p><img decoding=\"async\" class=\"aligncenter wp-image-7173\" src=\"https:\/\/www.sportshine.eu\/wp-content\/uploads\/2025\/07\/luc-za-kolo-1-3.webp\" alt=\"\" width=\"800\" height=\"600\" \/><\/p>\n<h3 style=\"text-align: center;\">UGRA\u0110ENA LE\u0106A PROTIV REFLEKSIJE<\/h3>\n<p style=\"text-align: center;\">Le\u0107a protiv odsjaja sprje\u010dava izravnu svjetlost koja bi mogla ometati promet iz suprotnog smjera i pove\u0107ava sigurnost.<\/p>\n<p><img decoding=\"async\" class=\"aligncenter wp-image-7175\" src=\"https:\/\/www.sportshine.eu\/wp-content\/uploads\/2025\/07\/luc-za-kolo-Allty.webp\" alt=\"\" width=\"800\" height=\"600\" \/><\/p>\n<h3 style=\"text-align: center;\">MO\u0106 KOJA NADMA\u0160UJE VELI\u010cINU SVJETLOSTI<\/h3>\n<p style=\"text-align: center;\">Biciklisti\u010dko svjetlo ALLTY 400 opremljeno je baterijom od 900 mAh, \u0161to osigurava dugo vrijeme rada i pouzdanost.<\/p>\n<p><img decoding=\"async\" class=\"aligncenter wp-image-7176\" src=\"https:\/\/www.sportshine.eu\/wp-content\/uploads\/2025\/07\/kolesarska-luc-allty-400.webp\" alt=\"\" width=\"800\" height=\"600\" \/><\/p>\n<h3 style=\"text-align: center;\">PUNJENJE PREKO USB-C KABINETA<\/h3>\n<p><img decoding=\"async\" class=\"aligncenter wp-image-7177\" src=\"https:\/\/www.sportshine.eu\/wp-content\/uploads\/2025\/07\/luc-za-kolo-allty-400-1.webp\" alt=\"\" width=\"800\" height=\"600\" \/><\/p>\n<h3 style=\"text-align: center;\">LAKO \u010cITLJIV INDIKATOR NAPAJANJA<\/h3>\n<p style=\"text-align: center;\">Kada je ure\u0111aj uklju\u010den, lampica na gumbu za uklju\u010divanje\/isklju\u010divanje ozna\u010davat \u0107e razinu napunjenosti baterije. Kada je ure\u0111aj isklju\u010den, kratko pritisnite gumb za uklju\u010divanje\/isklju\u010divanje da biste aktivirali indikatorsko svjetlo. (Svjetlo \u0107e se automatski ugasiti nakon 3 sekunde). ZELENO: 21%-100%; CRVENO: 11%-20%; TREPTI CRVENO: 0%-10%.<\/p>\n<p><img decoding=\"async\" class=\"aligncenter wp-image-7178\" src=\"https:\/\/www.sportshine.eu\/wp-content\/uploads\/2025\/07\/luc-magicshine-1-1.webp\" alt=\"\" width=\"800\" height=\"600\" \/><\/p>\n<h3 style=\"text-align: center;\">VODOOTPORAN PREMA IPX7 STANDARDU<\/h3>\n<p style=\"text-align: center;\">Vodootpornost ALLTY 400 ure\u0111aja je ocijenjena kao IPX7 prema IEC 60529, \u0161to zna\u010di da ALLTY 400 mo\u017ee ostati u vodi do dubine od 1 m tijekom 30 minuta bez utjecaja na performanse proizvoda.<\/p>\n<p><img decoding=\"async\" class=\"aligncenter wp-image-7179\" src=\"https:\/\/www.sportshine.eu\/wp-content\/uploads\/2025\/07\/kolesarska-luc-1-2.webp\" alt=\"\" width=\"800\" height=\"600\" \/><\/p>\n<h3 style=\"text-align: center;\">METALNO KU\u0106I\u0160TE I TRAJNA KVALITETA<\/h3>\n<p style=\"text-align: center;\">Cijelo ku\u0107i\u0161te od aluminijske legure osigurava dugotrajnu izdr\u017eljivost. Nosa\u010d svjetiljke kompatibilan je sa svim Garmin nosa\u010dima.<\/p>\n<p><img decoding=\"async\" class=\"aligncenter wp-image-7180\" src=\"https:\/\/www.sportshine.eu\/wp-content\/uploads\/2025\/07\/Allty-luc-za-kolo.webp\" alt=\"\" width=\"800\" height=\"600\" \/><\/p>","protected":false},"excerpt":{"rendered":"<p>Magicshine ALLTY 400 je ultra malo prednje svjetlo za bicikl koje mo\u017ee svijetliti s 400 lumena, dosegnuti udaljenost do 89 metara i raditi do 7 sati s jednim punjenjem. Opremljeno je USB-C priklju\u010dkom za brzo punjenje, ima sna\u017enu bateriju od 900 mAh i ugra\u0111enu le\u0107u protiv odsjaja. Vodootpornost IPX7 omogu\u0107uje mu da izdr\u017ei \u010dak i ki\u0161u.<\/p>","protected":false},"featured_media":6069,"comment_status":"open","ping_status":"closed","template":"","meta":[],"product_brand":[131],"product_cat":[82,150],"product_tag":[],"class_list":{"0":"post-6471","1":"product","2":"type-product","3":"status-publish","4":"has-post-thumbnail","6":"product_brand-magicshine","7":"product_cat-kolesarske-luci","8":"product_cat-sprednje-kolesarske-luci","10":"first","11":"onbackorder","12":"taxable","13":"shipping-taxable","14":"purchasable","15":"product-type-simple"},"yoast_head":"<!-- This site is optimized with the Yoast SEO plugin v27.3 - https:\/\/yoast.com\/product\/yoast-seo-wordpress\/ -->\n<title>Magicshine Allty 400 lu\u010d za kolo<\/title>\n<meta name=\"description\" content=\"Magicshine ALLTY 400 je ultra majhna sprednja lu\u010d za kolo, ki lahko sveti s kar 400 lumni, dose\u017ee razdaljo do 89 metrov. Deluje do 7 ur z enim polnjenjem\" \/>\n<meta name=\"robots\" content=\"index, follow, max-snippet:-1, max-image-preview:large, max-video-preview:-1\" \/>\n<link rel=\"canonical\" href=\"https:\/\/www.sportshine.eu\/hr\/ducan\/magicshine-allty-400-svjetlo-za-bicikl\/\" \/>\n<meta property=\"og:locale\" content=\"hr_HR\" \/>\n<meta property=\"og:type\" content=\"article\" \/>\n<meta property=\"og:title\" content=\"Magicshine Allty 400 lu\u010d za kolo\" \/>\n<meta property=\"og:description\" content=\"Magicshine ALLTY 400 je ultra majhna sprednja lu\u010d za kolo, ki lahko sveti s kar 400 lumni, dose\u017ee razdaljo do 89 metrov. Deluje do 7 ur z enim polnjenjem\" \/>\n<meta property=\"og:url\" content=\"https:\/\/www.sportshine.eu\/hr\/ducan\/magicshine-allty-400-svjetlo-za-bicikl\/\" \/>\n<meta property=\"og:site_name\" content=\"Sportshine\" \/>\n<meta property=\"article:publisher\" content=\"https:\/\/www.facebook.com\/sportshine.eu\/\" \/>\n<meta property=\"article:modified_time\" content=\"2025-11-21T22:18:58+00:00\" \/>\n<meta property=\"og:image\" content=\"https:\/\/www.sportshine.eu\/wp-content\/uploads\/2025\/07\/luc-za-kolo-Allty-400.webp\" \/>\n\t<meta property=\"og:image:width\" content=\"600\" \/>\n\t<meta property=\"og:image:height\" content=\"600\" \/>\n\t<meta property=\"og:image:type\" content=\"image\/webp\" \/>\n<meta name=\"twitter:card\" content=\"summary_large_image\" \/>\n<meta name=\"twitter:label1\" content=\"Procijenjeno vrijeme \u010ditanja\" \/>\n\t<meta name=\"twitter:data1\" content=\"3 minute\" \/>\n<script type=\"application\/ld+json\" class=\"yoast-schema-graph\">{\"@context\":\"https:\\\/\\\/schema.org\",\"@graph\":[{\"@type\":\"WebPage\",\"@id\":\"https:\\\/\\\/www.sportshine.eu\\\/trgovina\\\/magicshine-allty-400-luc-za-kolo\\\/\",\"url\":\"https:\\\/\\\/www.sportshine.eu\\\/trgovina\\\/magicshine-allty-400-luc-za-kolo\\\/\",\"name\":\"Magicshine Allty 400 lu\u010d za kolo\",\"isPartOf\":{\"@id\":\"https:\\\/\\\/www.sportshine.eu\\\/#website\"},\"primaryImageOfPage\":{\"@id\":\"https:\\\/\\\/www.sportshine.eu\\\/trgovina\\\/magicshine-allty-400-luc-za-kolo\\\/#primaryimage\"},\"image\":{\"@id\":\"https:\\\/\\\/www.sportshine.eu\\\/trgovina\\\/magicshine-allty-400-luc-za-kolo\\\/#primaryimage\"},\"thumbnailUrl\":\"https:\\\/\\\/www.sportshine.eu\\\/wp-content\\\/uploads\\\/2025\\\/07\\\/luc-za-kolo-Allty-400.webp\",\"datePublished\":\"2025-07-05T19:57:30+00:00\",\"dateModified\":\"2025-11-21T22:18:58+00:00\",\"description\":\"Magicshine ALLTY 400 je ultra majhna sprednja lu\u010d za kolo, ki lahko sveti s kar 400 lumni, dose\u017ee razdaljo do 89 metrov. Deluje do 7 ur z enim polnjenjem\",\"breadcrumb\":{\"@id\":\"https:\\\/\\\/www.sportshine.eu\\\/trgovina\\\/magicshine-allty-400-luc-za-kolo\\\/#breadcrumb\"},\"inLanguage\":\"hr\",\"potentialAction\":[{\"@type\":\"ReadAction\",\"target\":[\"https:\\\/\\\/www.sportshine.eu\\\/trgovina\\\/magicshine-allty-400-luc-za-kolo\\\/\"]}]},{\"@type\":\"ImageObject\",\"inLanguage\":\"hr\",\"@id\":\"https:\\\/\\\/www.sportshine.eu\\\/trgovina\\\/magicshine-allty-400-luc-za-kolo\\\/#primaryimage\",\"url\":\"https:\\\/\\\/www.sportshine.eu\\\/wp-content\\\/uploads\\\/2025\\\/07\\\/luc-za-kolo-Allty-400.webp\",\"contentUrl\":\"https:\\\/\\\/www.sportshine.eu\\\/wp-content\\\/uploads\\\/2025\\\/07\\\/luc-za-kolo-Allty-400.webp\",\"width\":600,\"height\":600},{\"@type\":\"BreadcrumbList\",\"@id\":\"https:\\\/\\\/www.sportshine.eu\\\/trgovina\\\/magicshine-allty-400-luc-za-kolo\\\/#breadcrumb\",\"itemListElement\":[{\"@type\":\"ListItem\",\"position\":1,\"name\":\"Home\",\"item\":\"https:\\\/\\\/www.sportshine.eu\\\/\"},{\"@type\":\"ListItem\",\"position\":2,\"name\":\"Trgovina\",\"item\":\"https:\\\/\\\/www.sportshine.eu\\\/trgovina\\\/\"},{\"@type\":\"ListItem\",\"position\":3,\"name\":\"Magicshine Allty 400 lu\u010d za kolo\"}]},{\"@type\":\"WebSite\",\"@id\":\"https:\\\/\\\/www.sportshine.eu\\\/#website\",\"url\":\"https:\\\/\\\/www.sportshine.eu\\\/\",\"name\":\"Sportshine\",\"description\":\"Top spletna trgovina kolesarskih in naglavnih svetilk ter opreme\",\"publisher\":{\"@id\":\"https:\\\/\\\/www.sportshine.eu\\\/#organization\"},\"potentialAction\":[{\"@type\":\"SearchAction\",\"target\":{\"@type\":\"EntryPoint\",\"urlTemplate\":\"https:\\\/\\\/www.sportshine.eu\\\/?s={search_term_string}\"},\"query-input\":{\"@type\":\"PropertyValueSpecification\",\"valueRequired\":true,\"valueName\":\"search_term_string\"}}],\"inLanguage\":\"hr\"},{\"@type\":\"Organization\",\"@id\":\"https:\\\/\\\/www.sportshine.eu\\\/#organization\",\"name\":\"Sportshine\",\"url\":\"https:\\\/\\\/www.sportshine.eu\\\/\",\"logo\":{\"@type\":\"ImageObject\",\"inLanguage\":\"hr\",\"@id\":\"https:\\\/\\\/www.sportshine.eu\\\/#\\\/schema\\\/logo\\\/image\\\/\",\"url\":\"https:\\\/\\\/www.sportshine.eu\\\/wp-content\\\/uploads\\\/2026\\\/01\\\/cropped-Sportshine.webp\",\"contentUrl\":\"https:\\\/\\\/www.sportshine.eu\\\/wp-content\\\/uploads\\\/2026\\\/01\\\/cropped-Sportshine.webp\",\"width\":295,\"height\":128,\"caption\":\"Sportshine\"},\"image\":{\"@id\":\"https:\\\/\\\/www.sportshine.eu\\\/#\\\/schema\\\/logo\\\/image\\\/\"},\"sameAs\":[\"https:\\\/\\\/www.facebook.com\\\/sportshine.eu\\\/\"]}]}<\/script>\n<!-- \/ Yoast SEO plugin. -->","yoast_head_json":{"title":"Magicshine Allty 400 svjetlo za bicikl","description":"Magicshine ALLTY 400 je ultra malo prednje svjetlo za bicikl koje mo\u017ee svijetliti s 400 lumena i dosegnuti udaljenost do 89 metara. Radi do 7 sati s jednim punjenjem.","robots":{"index":"index","follow":"follow","max-snippet":"max-snippet:-1","max-image-preview":"max-image-preview:large","max-video-preview":"max-video-preview:-1"},"canonical":"https:\/\/www.sportshine.eu\/hr\/ducan\/magicshine-allty-400-svjetlo-za-bicikl\/","og_locale":"hr_HR","og_type":"article","og_title":"Magicshine Allty 400 lu\u010d za kolo","og_description":"Magicshine ALLTY 400 je ultra majhna sprednja lu\u010d za kolo, ki lahko sveti s kar 400 lumni, dose\u017ee razdaljo do 89 metrov. Deluje do 7 ur z enim polnjenjem","og_url":"https:\/\/www.sportshine.eu\/hr\/ducan\/magicshine-allty-400-svjetlo-za-bicikl\/","og_site_name":"Sportshine","article_publisher":"https:\/\/www.facebook.com\/sportshine.eu\/","article_modified_time":"2025-11-21T22:18:58+00:00","og_image":[{"width":600,"height":600,"url":"https:\/\/www.sportshine.eu\/wp-content\/uploads\/2025\/07\/luc-za-kolo-Allty-400.webp","type":"image\/webp"}],"twitter_card":"summary_large_image","twitter_misc":{"Procijenjeno vrijeme \u010ditanja":"3 minute"},"schema":{"@context":"https:\/\/schema.org","@graph":[{"@type":"WebPage","@id":"https:\/\/www.sportshine.eu\/trgovina\/magicshine-allty-400-luc-za-kolo\/","url":"https:\/\/www.sportshine.eu\/trgovina\/magicshine-allty-400-luc-za-kolo\/","name":"Magicshine Allty 400 svjetlo za bicikl","isPartOf":{"@id":"https:\/\/www.sportshine.eu\/#website"},"primaryImageOfPage":{"@id":"https:\/\/www.sportshine.eu\/trgovina\/magicshine-allty-400-luc-za-kolo\/#primaryimage"},"image":{"@id":"https:\/\/www.sportshine.eu\/trgovina\/magicshine-allty-400-luc-za-kolo\/#primaryimage"},"thumbnailUrl":"https:\/\/www.sportshine.eu\/wp-content\/uploads\/2025\/07\/luc-za-kolo-Allty-400.webp","datePublished":"2025-07-05T19:57:30+00:00","dateModified":"2025-11-21T22:18:58+00:00","description":"Magicshine ALLTY 400 je ultra malo prednje svjetlo za bicikl koje mo\u017ee svijetliti s 400 lumena i dosegnuti udaljenost do 89 metara. Radi do 7 sati s jednim punjenjem.","breadcrumb":{"@id":"https:\/\/www.sportshine.eu\/trgovina\/magicshine-allty-400-luc-za-kolo\/#breadcrumb"},"inLanguage":"hr","potentialAction":[{"@type":"ReadAction","target":["https:\/\/www.sportshine.eu\/trgovina\/magicshine-allty-400-luc-za-kolo\/"]}]},{"@type":"ImageObject","inLanguage":"hr","@id":"https:\/\/www.sportshine.eu\/trgovina\/magicshine-allty-400-luc-za-kolo\/#primaryimage","url":"https:\/\/www.sportshine.eu\/wp-content\/uploads\/2025\/07\/luc-za-kolo-Allty-400.webp","contentUrl":"https:\/\/www.sportshine.eu\/wp-content\/uploads\/2025\/07\/luc-za-kolo-Allty-400.webp","width":600,"height":600},{"@type":"BreadcrumbList","@id":"https:\/\/www.sportshine.eu\/trgovina\/magicshine-allty-400-luc-za-kolo\/#breadcrumb","itemListElement":[{"@type":"ListItem","position":1,"name":"Home","item":"https:\/\/www.sportshine.eu\/"},{"@type":"ListItem","position":2,"name":"Trgovina","item":"https:\/\/www.sportshine.eu\/trgovina\/"},{"@type":"ListItem","position":3,"name":"Magicshine Allty 400 lu\u010d za kolo"}]},{"@type":"WebSite","@id":"https:\/\/www.sportshine.eu\/#website","url":"https:\/\/www.sportshine.eu\/","name":"Sportshine","description":"Vrhunska online trgovina za biciklisti\u010dke i \u010deone svjetiljke i opremu","publisher":{"@id":"https:\/\/www.sportshine.eu\/#organization"},"potentialAction":[{"@type":"SearchAction","target":{"@type":"EntryPoint","urlTemplate":"https:\/\/www.sportshine.eu\/?s={search_term_string}"},"query-input":{"@type":"PropertyValueSpecification","valueRequired":true,"valueName":"search_term_string"}}],"inLanguage":"hr"},{"@type":"Organization","@id":"https:\/\/www.sportshine.eu\/#organization","name":"Sportshine","url":"https:\/\/www.sportshine.eu\/","logo":{"@type":"ImageObject","inLanguage":"hr","@id":"https:\/\/www.sportshine.eu\/#\/schema\/logo\/image\/","url":"https:\/\/www.sportshine.eu\/wp-content\/uploads\/2026\/01\/cropped-Sportshine.webp","contentUrl":"https:\/\/www.sportshine.eu\/wp-content\/uploads\/2026\/01\/cropped-Sportshine.webp","width":295,"height":128,"caption":"Sportshine"},"image":{"@id":"https:\/\/www.sportshine.eu\/#\/schema\/logo\/image\/"},"sameAs":["https:\/\/www.facebook.com\/sportshine.eu\/"]}]}},"_links":{"self":[{"href":"https:\/\/www.sportshine.eu\/hr\/wp-json\/wp\/v2\/product\/6471","targetHints":{"allow":["GET"]}}],"collection":[{"href":"https:\/\/www.sportshine.eu\/hr\/wp-json\/wp\/v2\/product"}],"about":[{"href":"https:\/\/www.sportshine.eu\/hr\/wp-json\/wp\/v2\/types\/product"}],"replies":[{"embeddable":true,"href":"https:\/\/www.sportshine.eu\/hr\/wp-json\/wp\/v2\/comments?post=6471"}],"version-history":[{"count":0,"href":"https:\/\/www.sportshine.eu\/hr\/wp-json\/wp\/v2\/product\/6471\/revisions"}],"wp:featuredmedia":[{"embeddable":true,"href":"https:\/\/www.sportshine.eu\/hr\/wp-json\/wp\/v2\/media\/6069"}],"wp:attachment":[{"href":"https:\/\/www.sportshine.eu\/hr\/wp-json\/wp\/v2\/media?parent=6471"}],"wp:term":[{"taxonomy":"product_brand","embeddable":true,"href":"https:\/\/www.sportshine.eu\/hr\/wp-json\/wp\/v2\/product_brand?post=6471"},{"taxonomy":"product_cat","embeddable":true,"href":"https:\/\/www.sportshine.eu\/hr\/wp-json\/wp\/v2\/product_cat?post=6471"},{"taxonomy":"product_tag","embeddable":true,"href":"https:\/\/www.sportshine.eu\/hr\/wp-json\/wp\/v2\/product_tag?post=6471"}],"curies":[{"name":"radni list","href":"https:\/\/api.w.org\/{rel}","templated":true}]}}