{"id":6470,"date":"2025-07-05T19:57:29","date_gmt":"2025-07-05T19:57:29","guid":{"rendered":"https:\/\/www.sportshine.eu\/?post_type=product&#038;p=6470"},"modified":"2026-04-14T10:46:41","modified_gmt":"2026-04-14T10:46:41","slug":"magicshine-monteer-12000-svjetlo-za-brdski-bicikl","status":"publish","type":"product","link":"https:\/\/www.sportshine.eu\/hr\/ducan\/magicshine-monteer-12000-svjetlo-za-brdski-bicikl\/","title":{"rendered":"Magicshine MONTEER 12000 svjetlo za brdski bicikl"},"content":{"rendered":"<h3 style=\"text-align: center;\">VIDEO PREZENTACIJA MAGICSHINE MONTEER 12000<\/h3>\n<p><iframe loading=\"lazy\" title=\"MAGICSHINE MONTEER 12000 svjetlo za brdski bicikl\" width=\"500\" height=\"281\" src=\"https:\/\/www.youtube.com\/embed\/XN-63CZaG7s?feature=oembed\" frameborder=\"0\" allow=\"accelerometer; autoplay; clipboard-write; encrypted-media; gyroscope; picture-in-picture; web-share\" referrerpolicy=\"strict-origin-when-cross-origin\" allowfullscreen><\/iframe><\/p>\n<h3><\/h3>\n<h3 style=\"text-align: center;\">PROMIJENI TEMU U DAN<\/h3>\n<p style=\"text-align: center;\">Opremljen s dva odvojena opti\u010dka sustava s pet vrhunskih LED dioda, emitira impresivnih 12 000 lumena za osvjetljavanje va\u0161ih najizazovnijih staza.<\/p>\n<p><img decoding=\"async\" class=\"aligncenter wp-image-7181\" src=\"https:\/\/www.sportshine.eu\/wp-content\/uploads\/2025\/07\/Monteer-12000-kolesarska-luc.webp\" alt=\"\" width=\"800\" height=\"600\" \/><\/p>\n<p>&nbsp;<\/p>\n<h3 style=\"text-align: center;\">SVJETLOSNI SNOP BEZ ZASLJEPA I VI\u0160EKUTNI SNOP PREDNJIH SVJETLA<\/h3>\n<p style=\"text-align: center;\">Svjetlosni snop bez zasljepljivanja precizno je pode\u0161en linijom prekida, \u0161to vam omogu\u0107uje sigurnu vo\u017enju u gradskom prometu bez zasljepljivanja nadolaze\u0107eg prometa.<br \/>\nPosebno dizajniran snop s vi\u0161e od \u010detiri kuta le\u0107e pru\u017ea \u0161iroku pokrivenost i domet, \u0161to je vi\u0161e nego dovoljno za zahtjevan teren.<\/p>\n<p><img decoding=\"async\" class=\"aligncenter wp-image-7182\" src=\"https:\/\/www.sportshine.eu\/wp-content\/uploads\/2025\/07\/MONTEER_12000_3.webp\" alt=\"\" width=\"800\" height=\"600\" \/><\/p>\n<p>&nbsp;<\/p>\n<h3 style=\"text-align: center;\">DUGOTRAJNA BATERIJA S BRZIM PUNJENJEM I PRA\u017dNJENJEM PREKO USB-C PRIKLJU\u010cKA<\/h3>\n<p style=\"text-align: center;\">S mo\u0107nom baterijom od 14,4 V i 10 000 mAh, Monteer 12000 se mo\u017ee pohvaliti impresivnim vremenom rada od 121 sat.<br \/>\nUgra\u0111eni USB-C priklju\u010dak podr\u017eava brzi ulaz i izlaz od 60 W, \u0161to vam omogu\u0107uje prakti\u010dno punjenje baterije ili napajanje ra\u010dunala, pametnog telefona i drugih ure\u0111aja tijekom putovanja.<\/p>\n<p><img decoding=\"async\" class=\"aligncenter wp-image-7184 size-full\" src=\"https:\/\/www.sportshine.eu\/wp-content\/uploads\/2025\/07\/MONTEER12000_7-1.webp\" alt=\"\" width=\"800\" height=\"800\" srcset=\"https:\/\/www.sportshine.eu\/wp-content\/uploads\/2025\/07\/MONTEER12000_7-1.webp 800w, https:\/\/www.sportshine.eu\/wp-content\/uploads\/2025\/07\/MONTEER12000_7-1-768x768.webp 768w, https:\/\/www.sportshine.eu\/wp-content\/uploads\/2025\/07\/MONTEER12000_7-1-600x600.webp 600w\" sizes=\"(max-width: 800px) 100vw, 800px\" \/><\/p>\n<p>&nbsp;<\/p>\n<h3 style=\"text-align: center;\">LAKO \u010cITLJIV INDIKATOR<\/h3>\n<p style=\"text-align: center;\">Svjetlo za bicikl, baterija i daljinski upravlja\u010d imaju lako \u010ditljiv indikator statusa baterije.<\/p>\n<p><img decoding=\"async\" class=\"aligncenter wp-image-7185\" src=\"https:\/\/www.sportshine.eu\/wp-content\/uploads\/2025\/07\/MONTEER_12000_1.webp\" alt=\"\" width=\"800\" height=\"600\" \/><\/p>\n<p>&nbsp;<\/p>\n<h3 style=\"text-align: center;\">BE\u017dI\u010cNI DALJINSKI UPRAVLJA\u010c<\/h3>\n<p style=\"text-align: center;\">Upravljajte svjetlom pomo\u0107u be\u017ei\u010dnog daljinskog upravlja\u010da i prebacite se na na\u010din punog sjaja pritiskom na gumb.<\/p>\n<p><img decoding=\"async\" class=\"aligncenter wp-image-7186\" src=\"https:\/\/www.sportshine.eu\/wp-content\/uploads\/2025\/07\/MONTEER_12000_4.webp\" alt=\"\" width=\"800\" height=\"600\" \/><\/p>\n<p>&nbsp;<\/p>\n<h3 style=\"text-align: center;\">RADI S APLIKACIJOM<\/h3>\n<p style=\"text-align: center;\">Spojite lampu s aplikacijom MAGICSHINE i prilagodite postavke osvjetljenja svojim potrebama.<\/p>\n<p><img decoding=\"async\" class=\"aligncenter wp-image-7187 size-full\" src=\"https:\/\/www.sportshine.eu\/wp-content\/uploads\/2025\/07\/MONTEER12000_6-1.webp\" alt=\"\" width=\"800\" height=\"800\" srcset=\"https:\/\/www.sportshine.eu\/wp-content\/uploads\/2025\/07\/MONTEER12000_6-1.webp 800w, https:\/\/www.sportshine.eu\/wp-content\/uploads\/2025\/07\/MONTEER12000_6-1-768x768.webp 768w, https:\/\/www.sportshine.eu\/wp-content\/uploads\/2025\/07\/MONTEER12000_6-1-600x600.webp 600w\" sizes=\"(max-width: 800px) 100vw, 800px\" \/><\/p>\n<p>&nbsp;<\/p>\n<h3 style=\"text-align: center;\">PODESIVO SVJETLO S SIGURNIM NOSA\u010cEM<\/h3>\n<p style=\"text-align: center;\">Podesiva glava svjetla omogu\u0107uje jednostavno pode\u0161avanje svjetla bez alata, dok dvostrani nosa\u010d na upravlja\u010du dr\u017ei svjetlo bicikla \u010dvrsto na mjestu, \u010dak i pri vo\u017enji po vrlo zahtjevnom terenu.<\/p>\n<p><img decoding=\"async\" class=\"aligncenter wp-image-7188\" src=\"https:\/\/www.sportshine.eu\/wp-content\/uploads\/2025\/07\/MONTEER_12000_10.webp\" alt=\"\" width=\"800\" height=\"600\" \/><\/p>\n<p>&nbsp;<\/p>\n<h3 style=\"text-align: center;\">SVJETLO ZA BICIKLISTI\u010cKU KACIGU<\/h3>\n<p style=\"text-align: center;\">Dostupan je svestrani nosa\u010d za kacigu koji sigurno pri\u010dvr\u0161\u0107uje svjetlo na va\u0161u kacigu.<\/p>\n<p><img decoding=\"async\" class=\"aligncenter wp-image-7189\" src=\"https:\/\/www.sportshine.eu\/wp-content\/uploads\/2025\/07\/MONTEER_12000_6.webp\" alt=\"\" width=\"800\" height=\"600\" \/><\/p>\n<p>&nbsp;<\/p>\n<h3 style=\"text-align: center;\">U\u010cINKOVITO HLA\u0110ENJE BICIKLISTI\u010cKOG SVJETLA<\/h3>\n<p style=\"text-align: center;\">Inovativni sustav hla\u0111enja s fizi\u010dkim zra\u010dnim kanalima, unutarnjim upravljanjem toplinom i rashladnim rebrima osigurava optimalne performanse tijekom cijelog radnog razdoblja.<\/p>\n<p><img decoding=\"async\" class=\"aligncenter wp-image-7190 size-full\" src=\"https:\/\/www.sportshine.eu\/wp-content\/uploads\/2025\/07\/MONTEER12000_8-1.webp\" alt=\"\" width=\"800\" height=\"800\" srcset=\"https:\/\/www.sportshine.eu\/wp-content\/uploads\/2025\/07\/MONTEER12000_8-1.webp 800w, https:\/\/www.sportshine.eu\/wp-content\/uploads\/2025\/07\/MONTEER12000_8-1-768x768.webp 768w, https:\/\/www.sportshine.eu\/wp-content\/uploads\/2025\/07\/MONTEER12000_8-1-600x600.webp 600w\" sizes=\"(max-width: 800px) 100vw, 800px\" \/><\/p>\n<p>&nbsp;<\/p>\n<h3 style=\"text-align: center;\">VODOOTPORNOST IPX6<\/h3>\n<p style=\"text-align: center;\">Vodootporan prema IPX6 standardu, Magicshine MONTEER 12000 je spreman za sve vremenske uvjete.<\/p>\n<p><img decoding=\"async\" class=\"aligncenter wp-image-7191\" src=\"https:\/\/www.sportshine.eu\/wp-content\/uploads\/2025\/07\/Monteer_8000V2.0_5.webp\" alt=\"\" width=\"800\" height=\"600\" \/><\/p>\n<p>&nbsp;<\/p>\n<h3 style=\"text-align: center;\">DOBIT \u0106ETE U PAKETU<\/h3>\n<p style=\"text-align: center;\">MONTA\u017dER 12000 *1<br \/>\nBaterija MJ-6398 *1<br \/>\nDaljinski upravlja\u010d MJ-6508 (uklju\u010duju\u0107i remen) *1<br \/>\nDr\u017ea\u010d za kacigu *1<br \/>\nDvostrani nosa\u010d za upravlja\u010d *1<br \/>\nNajlonski odstojnici *4<br \/>\nProdu\u017eni kabel *1<br \/>\nTrake za pri\u010dvr\u0161\u0107ivanje kacige *2<br \/>\nTrake za pri\u010dvr\u0161\u0107ivanje baterije *2<br \/>\nUSB-C kabel za punjenje *1<br \/>\n\u0160esterokutni klju\u010d debljine 3 mm *1<br \/>\nJamstveni list *1<\/p>\n<p><img decoding=\"async\" class=\"aligncenter wp-image-7192\" src=\"https:\/\/www.sportshine.eu\/wp-content\/uploads\/2025\/07\/Monteer_12000_packinglist_2.webp\" alt=\"\" width=\"800\" height=\"600\" \/><\/p>\n<p>&nbsp;<\/p>\n<p>&nbsp;<\/p>","protected":false},"excerpt":{"rendered":"<p>Novo MONTEER 12000 je na\u0161e najsna\u017enije svjetlo za bicikl do sada, dizajnirano posebno za brdski biciklizam, vo\u017enju po stazama, cestovne utrke i gradsku vo\u017enju.<\/p>\n<p style=\"text-align: left;\">Glavne zna\u010dajke:<br \/>\n\u2714 Maksimalni lumeni: 12000 LM<br \/>\n\u2714 Kapacitet baterije: 14,4 V \/ 10 000 mAh (144 Wh)<br \/>\n\u2714 Maksimalno vrijeme rada: 121 sat<br \/>\n\u2714 Maksimalni domet svjetla: 360 metara<br \/>\n\u2714 Poplava s linijom rezanja i reflektorom: Podr\u0161ka<br \/>\n\u2714 Otpornost na vodu: IPX6<br \/>\n\u2714 Punja\u010d: USB-C (punjenje i pra\u017enjenje)<br \/>\n\u2714 Daljinski upravlja\u010d: Podr\u0161ka<br \/>\n\u2714 Prilagodba putem aplikacije: Podr\u0161ka<\/p>\n<p>&nbsp;<\/p>","protected":false},"featured_media":6061,"comment_status":"open","ping_status":"closed","template":"","meta":[],"product_brand":[131],"product_cat":[82,150],"product_tag":[],"class_list":{"0":"post-6470","1":"product","2":"type-product","3":"status-publish","4":"has-post-thumbnail","6":"product_brand-magicshine","7":"product_cat-kolesarske-luci","8":"product_cat-sprednje-kolesarske-luci","10":"first","11":"instock","12":"sale","13":"taxable","14":"shipping-taxable","15":"purchasable","16":"product-type-simple"},"yoast_head":"<!-- This site is optimized with the Yoast SEO plugin v27.3 - https:\/\/yoast.com\/product\/yoast-seo-wordpress\/ -->\n<title>Magicshine MONTEER 12000 | Najmo\u010dnej\u0161a kolesarska lu\u010d<\/title>\n<meta name=\"description\" content=\"Gorska kolesarska lu\u010d MONTEER 12000 je na\u0161a najmo\u010dnej\u0161a kolesarska lu\u010d do zdaj, zasnovana posebej za gorsko kolesarstvo in pre\u010dkanje gorskih poti.\" \/>\n<meta name=\"robots\" content=\"index, follow, max-snippet:-1, max-image-preview:large, max-video-preview:-1\" \/>\n<link rel=\"canonical\" href=\"https:\/\/www.sportshine.eu\/hr\/ducan\/magicshine-monteer-12000-svjetlo-za-brdski-bicikl\/\" \/>\n<meta property=\"og:locale\" content=\"hr_HR\" \/>\n<meta property=\"og:type\" content=\"article\" \/>\n<meta property=\"og:title\" content=\"Magicshine MONTEER 12000 | Najmo\u010dnej\u0161a kolesarska lu\u010d\" \/>\n<meta property=\"og:description\" content=\"Gorska kolesarska lu\u010d MONTEER 12000 je na\u0161a najmo\u010dnej\u0161a kolesarska lu\u010d do zdaj, zasnovana posebej za gorsko kolesarstvo in pre\u010dkanje gorskih poti.\" \/>\n<meta property=\"og:url\" content=\"https:\/\/www.sportshine.eu\/hr\/ducan\/magicshine-monteer-12000-svjetlo-za-brdski-bicikl\/\" \/>\n<meta property=\"og:site_name\" content=\"Sportshine\" \/>\n<meta property=\"article:publisher\" content=\"https:\/\/www.facebook.com\/sportshine.eu\/\" \/>\n<meta property=\"article:modified_time\" content=\"2026-04-14T10:46:41+00:00\" \/>\n<meta property=\"og:image\" content=\"https:\/\/www.sportshine.eu\/wp-content\/uploads\/2025\/07\/MONTEER12000bikeradar.webp\" \/>\n\t<meta property=\"og:image:width\" content=\"800\" \/>\n\t<meta property=\"og:image:height\" content=\"800\" \/>\n\t<meta property=\"og:image:type\" content=\"image\/webp\" \/>\n<meta name=\"twitter:card\" content=\"summary_large_image\" \/>\n<meta name=\"twitter:label1\" content=\"Procijenjeno vrijeme \u010ditanja\" \/>\n\t<meta name=\"twitter:data1\" content=\"5 minuta\" \/>\n<script type=\"application\/ld+json\" class=\"yoast-schema-graph\">{\"@context\":\"https:\\\/\\\/schema.org\",\"@graph\":[{\"@type\":\"WebPage\",\"@id\":\"https:\\\/\\\/www.sportshine.eu\\\/trgovina\\\/magicshine-monteer-12000-gorska-kolesarska-luc\\\/\",\"url\":\"https:\\\/\\\/www.sportshine.eu\\\/trgovina\\\/magicshine-monteer-12000-gorska-kolesarska-luc\\\/\",\"name\":\"Magicshine MONTEER 12000 | Najmo\u010dnej\u0161a kolesarska lu\u010d\",\"isPartOf\":{\"@id\":\"https:\\\/\\\/www.sportshine.eu\\\/#website\"},\"primaryImageOfPage\":{\"@id\":\"https:\\\/\\\/www.sportshine.eu\\\/trgovina\\\/magicshine-monteer-12000-gorska-kolesarska-luc\\\/#primaryimage\"},\"image\":{\"@id\":\"https:\\\/\\\/www.sportshine.eu\\\/trgovina\\\/magicshine-monteer-12000-gorska-kolesarska-luc\\\/#primaryimage\"},\"thumbnailUrl\":\"https:\\\/\\\/www.sportshine.eu\\\/wp-content\\\/uploads\\\/2025\\\/07\\\/MONTEER12000bikeradar.webp\",\"datePublished\":\"2025-07-05T19:57:29+00:00\",\"dateModified\":\"2026-04-14T10:46:41+00:00\",\"description\":\"Gorska kolesarska lu\u010d MONTEER 12000 je na\u0161a najmo\u010dnej\u0161a kolesarska lu\u010d do zdaj, zasnovana posebej za gorsko kolesarstvo in pre\u010dkanje gorskih poti.\",\"breadcrumb\":{\"@id\":\"https:\\\/\\\/www.sportshine.eu\\\/trgovina\\\/magicshine-monteer-12000-gorska-kolesarska-luc\\\/#breadcrumb\"},\"inLanguage\":\"hr\",\"potentialAction\":[{\"@type\":\"ReadAction\",\"target\":[\"https:\\\/\\\/www.sportshine.eu\\\/trgovina\\\/magicshine-monteer-12000-gorska-kolesarska-luc\\\/\"]}]},{\"@type\":\"ImageObject\",\"inLanguage\":\"hr\",\"@id\":\"https:\\\/\\\/www.sportshine.eu\\\/trgovina\\\/magicshine-monteer-12000-gorska-kolesarska-luc\\\/#primaryimage\",\"url\":\"https:\\\/\\\/www.sportshine.eu\\\/wp-content\\\/uploads\\\/2025\\\/07\\\/MONTEER12000bikeradar.webp\",\"contentUrl\":\"https:\\\/\\\/www.sportshine.eu\\\/wp-content\\\/uploads\\\/2025\\\/07\\\/MONTEER12000bikeradar.webp\",\"width\":800,\"height\":800},{\"@type\":\"BreadcrumbList\",\"@id\":\"https:\\\/\\\/www.sportshine.eu\\\/trgovina\\\/magicshine-monteer-12000-gorska-kolesarska-luc\\\/#breadcrumb\",\"itemListElement\":[{\"@type\":\"ListItem\",\"position\":1,\"name\":\"Home\",\"item\":\"https:\\\/\\\/www.sportshine.eu\\\/\"},{\"@type\":\"ListItem\",\"position\":2,\"name\":\"Trgovina\",\"item\":\"https:\\\/\\\/www.sportshine.eu\\\/trgovina\\\/\"},{\"@type\":\"ListItem\",\"position\":3,\"name\":\"Magicshine MONTEER 12000 gorska kolesarska lu\u010d\"}]},{\"@type\":\"WebSite\",\"@id\":\"https:\\\/\\\/www.sportshine.eu\\\/#website\",\"url\":\"https:\\\/\\\/www.sportshine.eu\\\/\",\"name\":\"Sportshine\",\"description\":\"Top spletna trgovina kolesarskih in naglavnih svetilk ter opreme\",\"publisher\":{\"@id\":\"https:\\\/\\\/www.sportshine.eu\\\/#organization\"},\"potentialAction\":[{\"@type\":\"SearchAction\",\"target\":{\"@type\":\"EntryPoint\",\"urlTemplate\":\"https:\\\/\\\/www.sportshine.eu\\\/?s={search_term_string}\"},\"query-input\":{\"@type\":\"PropertyValueSpecification\",\"valueRequired\":true,\"valueName\":\"search_term_string\"}}],\"inLanguage\":\"hr\"},{\"@type\":\"Organization\",\"@id\":\"https:\\\/\\\/www.sportshine.eu\\\/#organization\",\"name\":\"Sportshine\",\"url\":\"https:\\\/\\\/www.sportshine.eu\\\/\",\"logo\":{\"@type\":\"ImageObject\",\"inLanguage\":\"hr\",\"@id\":\"https:\\\/\\\/www.sportshine.eu\\\/#\\\/schema\\\/logo\\\/image\\\/\",\"url\":\"https:\\\/\\\/www.sportshine.eu\\\/wp-content\\\/uploads\\\/2026\\\/01\\\/cropped-Sportshine.webp\",\"contentUrl\":\"https:\\\/\\\/www.sportshine.eu\\\/wp-content\\\/uploads\\\/2026\\\/01\\\/cropped-Sportshine.webp\",\"width\":295,\"height\":128,\"caption\":\"Sportshine\"},\"image\":{\"@id\":\"https:\\\/\\\/www.sportshine.eu\\\/#\\\/schema\\\/logo\\\/image\\\/\"},\"sameAs\":[\"https:\\\/\\\/www.facebook.com\\\/sportshine.eu\\\/\"]}]}<\/script>\n<!-- \/ Yoast SEO plugin. -->","yoast_head_json":{"title":"Magicshine MONTEER 12000 | Najsna\u017enije svjetlo za bicikl","description":"MONTEER 12000 svjetlo za brdski bicikl na\u0161e je najsna\u017enije svjetlo za bicikl do sada, posebno dizajnirano za brdski biciklizam i vo\u017enju planinskim stazama.","robots":{"index":"index","follow":"follow","max-snippet":"max-snippet:-1","max-image-preview":"max-image-preview:large","max-video-preview":"max-video-preview:-1"},"canonical":"https:\/\/www.sportshine.eu\/hr\/ducan\/magicshine-monteer-12000-svjetlo-za-brdski-bicikl\/","og_locale":"hr_HR","og_type":"article","og_title":"Magicshine MONTEER 12000 | Najmo\u010dnej\u0161a kolesarska lu\u010d","og_description":"Gorska kolesarska lu\u010d MONTEER 12000 je na\u0161a najmo\u010dnej\u0161a kolesarska lu\u010d do zdaj, zasnovana posebej za gorsko kolesarstvo in pre\u010dkanje gorskih poti.","og_url":"https:\/\/www.sportshine.eu\/hr\/ducan\/magicshine-monteer-12000-svjetlo-za-brdski-bicikl\/","og_site_name":"Sportshine","article_publisher":"https:\/\/www.facebook.com\/sportshine.eu\/","article_modified_time":"2026-04-14T10:46:41+00:00","og_image":[{"width":800,"height":800,"url":"https:\/\/www.sportshine.eu\/wp-content\/uploads\/2025\/07\/MONTEER12000bikeradar.webp","type":"image\/webp"}],"twitter_card":"summary_large_image","twitter_misc":{"Procijenjeno vrijeme \u010ditanja":"5 minuta"},"schema":{"@context":"https:\/\/schema.org","@graph":[{"@type":"WebPage","@id":"https:\/\/www.sportshine.eu\/trgovina\/magicshine-monteer-12000-gorska-kolesarska-luc\/","url":"https:\/\/www.sportshine.eu\/trgovina\/magicshine-monteer-12000-gorska-kolesarska-luc\/","name":"Magicshine MONTEER 12000 | Najsna\u017enije svjetlo za bicikl","isPartOf":{"@id":"https:\/\/www.sportshine.eu\/#website"},"primaryImageOfPage":{"@id":"https:\/\/www.sportshine.eu\/trgovina\/magicshine-monteer-12000-gorska-kolesarska-luc\/#primaryimage"},"image":{"@id":"https:\/\/www.sportshine.eu\/trgovina\/magicshine-monteer-12000-gorska-kolesarska-luc\/#primaryimage"},"thumbnailUrl":"https:\/\/www.sportshine.eu\/wp-content\/uploads\/2025\/07\/MONTEER12000bikeradar.webp","datePublished":"2025-07-05T19:57:29+00:00","dateModified":"2026-04-14T10:46:41+00:00","description":"MONTEER 12000 svjetlo za brdski bicikl na\u0161e je najsna\u017enije svjetlo za bicikl do sada, posebno dizajnirano za brdski biciklizam i vo\u017enju planinskim stazama.","breadcrumb":{"@id":"https:\/\/www.sportshine.eu\/trgovina\/magicshine-monteer-12000-gorska-kolesarska-luc\/#breadcrumb"},"inLanguage":"hr","potentialAction":[{"@type":"ReadAction","target":["https:\/\/www.sportshine.eu\/trgovina\/magicshine-monteer-12000-gorska-kolesarska-luc\/"]}]},{"@type":"ImageObject","inLanguage":"hr","@id":"https:\/\/www.sportshine.eu\/trgovina\/magicshine-monteer-12000-gorska-kolesarska-luc\/#primaryimage","url":"https:\/\/www.sportshine.eu\/wp-content\/uploads\/2025\/07\/MONTEER12000bikeradar.webp","contentUrl":"https:\/\/www.sportshine.eu\/wp-content\/uploads\/2025\/07\/MONTEER12000bikeradar.webp","width":800,"height":800},{"@type":"BreadcrumbList","@id":"https:\/\/www.sportshine.eu\/trgovina\/magicshine-monteer-12000-gorska-kolesarska-luc\/#breadcrumb","itemListElement":[{"@type":"ListItem","position":1,"name":"Home","item":"https:\/\/www.sportshine.eu\/"},{"@type":"ListItem","position":2,"name":"Trgovina","item":"https:\/\/www.sportshine.eu\/trgovina\/"},{"@type":"ListItem","position":3,"name":"Magicshine MONTEER 12000 gorska kolesarska lu\u010d"}]},{"@type":"WebSite","@id":"https:\/\/www.sportshine.eu\/#website","url":"https:\/\/www.sportshine.eu\/","name":"Sportshine","description":"Vrhunska online trgovina za biciklisti\u010dke i \u010deone svjetiljke i opremu","publisher":{"@id":"https:\/\/www.sportshine.eu\/#organization"},"potentialAction":[{"@type":"SearchAction","target":{"@type":"EntryPoint","urlTemplate":"https:\/\/www.sportshine.eu\/?s={search_term_string}"},"query-input":{"@type":"PropertyValueSpecification","valueRequired":true,"valueName":"search_term_string"}}],"inLanguage":"hr"},{"@type":"Organization","@id":"https:\/\/www.sportshine.eu\/#organization","name":"Sportshine","url":"https:\/\/www.sportshine.eu\/","logo":{"@type":"ImageObject","inLanguage":"hr","@id":"https:\/\/www.sportshine.eu\/#\/schema\/logo\/image\/","url":"https:\/\/www.sportshine.eu\/wp-content\/uploads\/2026\/01\/cropped-Sportshine.webp","contentUrl":"https:\/\/www.sportshine.eu\/wp-content\/uploads\/2026\/01\/cropped-Sportshine.webp","width":295,"height":128,"caption":"Sportshine"},"image":{"@id":"https:\/\/www.sportshine.eu\/#\/schema\/logo\/image\/"},"sameAs":["https:\/\/www.facebook.com\/sportshine.eu\/"]}]}},"_links":{"self":[{"href":"https:\/\/www.sportshine.eu\/hr\/wp-json\/wp\/v2\/product\/6470","targetHints":{"allow":["GET"]}}],"collection":[{"href":"https:\/\/www.sportshine.eu\/hr\/wp-json\/wp\/v2\/product"}],"about":[{"href":"https:\/\/www.sportshine.eu\/hr\/wp-json\/wp\/v2\/types\/product"}],"replies":[{"embeddable":true,"href":"https:\/\/www.sportshine.eu\/hr\/wp-json\/wp\/v2\/comments?post=6470"}],"version-history":[{"count":1,"href":"https:\/\/www.sportshine.eu\/hr\/wp-json\/wp\/v2\/product\/6470\/revisions"}],"predecessor-version":[{"id":10362,"href":"https:\/\/www.sportshine.eu\/hr\/wp-json\/wp\/v2\/product\/6470\/revisions\/10362"}],"wp:featuredmedia":[{"embeddable":true,"href":"https:\/\/www.sportshine.eu\/hr\/wp-json\/wp\/v2\/media\/6061"}],"wp:attachment":[{"href":"https:\/\/www.sportshine.eu\/hr\/wp-json\/wp\/v2\/media?parent=6470"}],"wp:term":[{"taxonomy":"product_brand","embeddable":true,"href":"https:\/\/www.sportshine.eu\/hr\/wp-json\/wp\/v2\/product_brand?post=6470"},{"taxonomy":"product_cat","embeddable":true,"href":"https:\/\/www.sportshine.eu\/hr\/wp-json\/wp\/v2\/product_cat?post=6470"},{"taxonomy":"product_tag","embeddable":true,"href":"https:\/\/www.sportshine.eu\/hr\/wp-json\/wp\/v2\/product_tag?post=6470"}],"curies":[{"name":"radni list","href":"https:\/\/api.w.org\/{rel}","templated":true}]}}