{"id":6466,"date":"2025-07-05T19:57:25","date_gmt":"2025-07-05T19:57:25","guid":{"rendered":"https:\/\/www.sportshine.eu\/?post_type=product&#038;p=6466"},"modified":"2025-08-09T22:35:58","modified_gmt":"2025-08-09T22:35:58","slug":"magicshine-monteer-8000s-galaxy-v2-0-svjetlo-za-bicikl","status":"publish","type":"product","link":"https:\/\/www.sportshine.eu\/hr\/ducan\/magicshine-monteer-8000s-galaxy-v2-0-svjetlo-za-bicikl\/","title":{"rendered":"Magicshine MONTEER 8000S GALAXY V2.0 svjetlo za bicikl"},"content":{"rendered":"<h3 style=\"text-align: center;\">VRHUNSKA RASVJETA<\/h3>\n<p style=\"text-align: center;\">Razli\u010dite postavke na\u010dina rada za sve biciklisti\u010dke uvjete - spust, brdski biciklizam, vo\u017enja stazom, enduro i terenska vo\u017enja.<\/p>\n<p><img decoding=\"async\" class=\"wp-image-7812 size-full aligncenter\" src=\"https:\/\/www.sportshine.eu\/wp-content\/uploads\/2025\/07\/Magicshine-MONTEER-8000S-GALAXY.webp\" alt=\"Magicshine MONTEER 8000S GALAXY\" width=\"800\" height=\"800\" srcset=\"https:\/\/www.sportshine.eu\/wp-content\/uploads\/2025\/07\/Magicshine-MONTEER-8000S-GALAXY.webp 800w, https:\/\/www.sportshine.eu\/wp-content\/uploads\/2025\/07\/Magicshine-MONTEER-8000S-GALAXY-768x768.webp 768w, https:\/\/www.sportshine.eu\/wp-content\/uploads\/2025\/07\/Magicshine-MONTEER-8000S-GALAXY-600x600.webp 600w\" sizes=\"(max-width: 800px) 100vw, 800px\" \/><\/p>\n<h3 style=\"text-align: center;\">LAKO \u010cITLJIV INDIKATOR<\/h3>\n<p style=\"text-align: center;\">Osvijetljeni kontrolni gumb svijetli zeleno kada je napunjenost baterije iznad 20 mAh, crveno kada je preostala napunjenost izme\u0111u 6 i 20 mAh, a treperi crveno kada je napunjenost manja od 5 mAh.<\/p>\n<p><img decoding=\"async\" class=\"aligncenter wp-image-7813 size-full\" src=\"https:\/\/www.sportshine.eu\/wp-content\/uploads\/2025\/07\/Magicshine-MONTEER-8000S-GALAXY-2.webp\" alt=\"Magicshine MONTEER 8000S GALAXY (2)\" width=\"800\" height=\"800\" srcset=\"https:\/\/www.sportshine.eu\/wp-content\/uploads\/2025\/07\/Magicshine-MONTEER-8000S-GALAXY-2.webp 800w, https:\/\/www.sportshine.eu\/wp-content\/uploads\/2025\/07\/Magicshine-MONTEER-8000S-GALAXY-2-768x768.webp 768w, https:\/\/www.sportshine.eu\/wp-content\/uploads\/2025\/07\/Magicshine-MONTEER-8000S-GALAXY-2-600x600.webp 600w\" sizes=\"(max-width: 800px) 100vw, 800px\" \/><\/p>\n<h3 style=\"text-align: center;\">BE\u017dI\u010cNI DALJINSKI UPRAVLJA\u010c<\/h3>\n<p style=\"text-align: center;\">S 2.4G be\u017ei\u010dnom tehnologijom prijenosa, daljinski upravlja\u010d omogu\u0107uje pouzdano upravljanje u dometu do 5 metara. Hands-free i jednostavan za kori\u0161tenje, savr\u0161eno prilago\u0111en brdskim biciklistima i ekstremnim skija\u0161ima.<\/p>\n<p><img decoding=\"async\" class=\"aligncenter wp-image-7814 size-full\" src=\"https:\/\/www.sportshine.eu\/wp-content\/uploads\/2025\/07\/Magicshine-MONTEER-8000S-GALAXY-3.webp\" alt=\"Magicshine MONTEER 8000S GALAXY (3)\" width=\"800\" height=\"800\" srcset=\"https:\/\/www.sportshine.eu\/wp-content\/uploads\/2025\/07\/Magicshine-MONTEER-8000S-GALAXY-3.webp 800w, https:\/\/www.sportshine.eu\/wp-content\/uploads\/2025\/07\/Magicshine-MONTEER-8000S-GALAXY-3-768x768.webp 768w, https:\/\/www.sportshine.eu\/wp-content\/uploads\/2025\/07\/Magicshine-MONTEER-8000S-GALAXY-3-600x600.webp 600w\" sizes=\"(max-width: 800px) 100vw, 800px\" \/><\/p>\n<h3 style=\"text-align: center;\">IZDR\u017dLJIVOST<\/h3>\n<p style=\"text-align: center;\">Baterija od 7,2 V \/ 10 000 mAh s najnovijim i najkvalitetnijim 21700 \u0107elijama, s ugra\u0111enim punjenjem i pra\u017enjenjem putem USB-C priklju\u010dka, omogu\u0107uje duge sate vo\u017enje i svestranu upotrebu.<\/p>\n<p><img decoding=\"async\" class=\"aligncenter wp-image-7815 size-full\" src=\"https:\/\/www.sportshine.eu\/wp-content\/uploads\/2025\/07\/Magicshine-MONTEER-8000S-GALAXY-4.webp\" alt=\"Magicshine MONTEER 8000S GALAXY (4)\" width=\"800\" height=\"800\" srcset=\"https:\/\/www.sportshine.eu\/wp-content\/uploads\/2025\/07\/Magicshine-MONTEER-8000S-GALAXY-4.webp 800w, https:\/\/www.sportshine.eu\/wp-content\/uploads\/2025\/07\/Magicshine-MONTEER-8000S-GALAXY-4-768x768.webp 768w, https:\/\/www.sportshine.eu\/wp-content\/uploads\/2025\/07\/Magicshine-MONTEER-8000S-GALAXY-4-600x600.webp 600w\" sizes=\"(max-width: 800px) 100vw, 800px\" \/><\/p>\n<h3 style=\"text-align: center;\">\u0160TO JE U KUTIJI?<\/h3>\n<p style=\"text-align: center;\">MONTEER 8000S GALAXY V2.0 lampa \u2013 1\u00d7<br \/>\nBaterijski paket MJ-6118 \u2013 1\u00d7<br \/>\nDaljinski upravlja\u010d \u2013 1\u00d7<br \/>\nAluminijski nosa\u010d za upravlja\u010d \u2013 1\u00d7<br \/>\nUSB-C kabel \u2013 1\u00d7<br \/>\n\u0160esterokutni klju\u010d 3 mm \u2013 1\u00d7<br \/>\nUpute za uporabu \u2013 1\u00d7<\/p>\n<p><img decoding=\"async\" class=\"aligncenter wp-image-7816 size-full\" src=\"https:\/\/www.sportshine.eu\/wp-content\/uploads\/2025\/07\/Magicshine-MONTEER-8000S-GALAXY-5-e1754778644458.webp\" alt=\"\" width=\"800\" height=\"627\" srcset=\"https:\/\/www.sportshine.eu\/wp-content\/uploads\/2025\/07\/Magicshine-MONTEER-8000S-GALAXY-5-e1754778644458.webp 800w, https:\/\/www.sportshine.eu\/wp-content\/uploads\/2025\/07\/Magicshine-MONTEER-8000S-GALAXY-5-e1754778644458-768x602.webp 768w, https:\/\/www.sportshine.eu\/wp-content\/uploads\/2025\/07\/Magicshine-MONTEER-8000S-GALAXY-5-e1754778644458-600x470.webp 600w\" sizes=\"(max-width: 800px) 100vw, 800px\" \/><\/p>","protected":false},"excerpt":{"rendered":"<ul>\n<li>Ogromnih 8000 lumena svjetline za epske no\u0107ne biciklisti\u010dke avanture.<\/li>\n<li>Visoko u\u010dinkovita le\u0107a koja omogu\u0107uje gladak prijelaz iz to\u010dkastog u difuzni snop.<\/li>\n<li>Pametni sustav kontrole temperature s jedinstvenim dizajnom rashladnih rebara za visoku u\u010dinkovitost hla\u0111enja.<\/li>\n<li>Visokokvalitetna punjiva baterija od 7,2 V i 10 000 mAh s podr\u0161kom za brzo punjenje i pra\u017enjenje putem USB-C priklju\u010dka.<\/li>\n<li>Vi\u0161estruki na\u010dini osvjetljenja za sveobuhvatna rje\u0161enja u razli\u010ditim biciklisti\u010dkim okru\u017eenjima.<\/li>\n<li>Jednostavno upravljanje jednim gumbom i funkcija memorije za brzi po\u010detak.<\/li>\n<li>Razli\u010dite i sigurne mogu\u0107nosti monta\u017ee na kacigu ili bicikl za razli\u010dite potrebe osvjetljenja.<\/li>\n<li>Robustan i kompaktan dizajn s IPX5 vodootpornom ocjenom za otpornost na zahtjevne vremenske uvjete.<\/li>\n<li>Lako \u010ditljiv indikator baterije na glavi svjetiljke i na baterijskom paketu.<\/li>\n<li>Sigurni nosa\u010d kompatibilan s Garmin ure\u0111ajima, pogodan za upravlja\u010de promjera 31,8 mm i 35 mm.<\/li>\n<\/ul>","protected":false},"featured_media":6042,"comment_status":"closed","ping_status":"closed","template":"","meta":[],"product_brand":[131],"product_cat":[82,150],"product_tag":[],"class_list":{"0":"post-6466","1":"product","2":"type-product","3":"status-publish","4":"has-post-thumbnail","6":"product_brand-magicshine","7":"product_cat-kolesarske-luci","8":"product_cat-sprednje-kolesarske-luci","10":"first","11":"onbackorder","12":"taxable","13":"shipping-taxable","14":"purchasable","15":"product-type-simple"},"yoast_head":"<!-- This site is optimized with the Yoast SEO plugin v27.3 - https:\/\/yoast.com\/product\/yoast-seo-wordpress\/ -->\n<title>Magicshine MONTEER 8000S GALAXY V2.0 kolesarska lu\u010d<\/title>\n<meta name=\"description\" content=\"Daljinski upravljalnik MONTEER 8000S GALAXY V2.0 omogo\u010da zanesljiv nadzor v obmo\u010dju do 5 metrov, zahvaljujo\u010d svoji tehnologiji brez\u017ei\u010dnega prenosa 2,4G.\" \/>\n<meta name=\"robots\" content=\"index, follow, max-snippet:-1, max-image-preview:large, max-video-preview:-1\" \/>\n<link rel=\"canonical\" href=\"https:\/\/www.sportshine.eu\/hr\/ducan\/magicshine-monteer-8000s-galaxy-v2-0-svjetlo-za-bicikl\/\" \/>\n<meta property=\"og:locale\" content=\"hr_HR\" \/>\n<meta property=\"og:type\" content=\"article\" \/>\n<meta property=\"og:title\" content=\"Magicshine MONTEER 8000S GALAXY V2.0 kolesarska lu\u010d\" \/>\n<meta property=\"og:description\" content=\"Daljinski upravljalnik MONTEER 8000S GALAXY V2.0 omogo\u010da zanesljiv nadzor v obmo\u010dju do 5 metrov, zahvaljujo\u010d svoji tehnologiji brez\u017ei\u010dnega prenosa 2,4G.\" \/>\n<meta property=\"og:url\" content=\"https:\/\/www.sportshine.eu\/hr\/ducan\/magicshine-monteer-8000s-galaxy-v2-0-svjetlo-za-bicikl\/\" \/>\n<meta property=\"og:site_name\" content=\"Sportshine\" \/>\n<meta property=\"article:publisher\" content=\"https:\/\/www.facebook.com\/sportshine.eu\/\" \/>\n<meta property=\"article:modified_time\" content=\"2025-08-09T22:35:58+00:00\" \/>\n<meta property=\"og:image\" content=\"https:\/\/www.sportshine.eu\/wp-content\/uploads\/2025\/07\/Magicshine-Monteer8000s-kolesarska-luc.webp\" \/>\n\t<meta property=\"og:image:width\" content=\"800\" \/>\n\t<meta property=\"og:image:height\" content=\"800\" \/>\n\t<meta property=\"og:image:type\" content=\"image\/webp\" \/>\n<meta name=\"twitter:card\" content=\"summary_large_image\" \/>\n<meta name=\"twitter:label1\" content=\"Procijenjeno vrijeme \u010ditanja\" \/>\n\t<meta name=\"twitter:data1\" content=\"2 minute\" \/>\n<script type=\"application\/ld+json\" class=\"yoast-schema-graph\">{\"@context\":\"https:\\\/\\\/schema.org\",\"@graph\":[{\"@type\":\"WebPage\",\"@id\":\"https:\\\/\\\/www.sportshine.eu\\\/trgovina\\\/magicshine-monteer-8000s-galaxy-v2-0-kolesarska-luc\\\/\",\"url\":\"https:\\\/\\\/www.sportshine.eu\\\/trgovina\\\/magicshine-monteer-8000s-galaxy-v2-0-kolesarska-luc\\\/\",\"name\":\"Magicshine MONTEER 8000S GALAXY V2.0 kolesarska lu\u010d\",\"isPartOf\":{\"@id\":\"https:\\\/\\\/www.sportshine.eu\\\/#website\"},\"primaryImageOfPage\":{\"@id\":\"https:\\\/\\\/www.sportshine.eu\\\/trgovina\\\/magicshine-monteer-8000s-galaxy-v2-0-kolesarska-luc\\\/#primaryimage\"},\"image\":{\"@id\":\"https:\\\/\\\/www.sportshine.eu\\\/trgovina\\\/magicshine-monteer-8000s-galaxy-v2-0-kolesarska-luc\\\/#primaryimage\"},\"thumbnailUrl\":\"https:\\\/\\\/www.sportshine.eu\\\/wp-content\\\/uploads\\\/2025\\\/07\\\/Magicshine-Monteer8000s-kolesarska-luc.webp\",\"datePublished\":\"2025-07-05T19:57:25+00:00\",\"dateModified\":\"2025-08-09T22:35:58+00:00\",\"description\":\"Daljinski upravljalnik MONTEER 8000S GALAXY V2.0 omogo\u010da zanesljiv nadzor v obmo\u010dju do 5 metrov, zahvaljujo\u010d svoji tehnologiji brez\u017ei\u010dnega prenosa 2,4G.\",\"breadcrumb\":{\"@id\":\"https:\\\/\\\/www.sportshine.eu\\\/trgovina\\\/magicshine-monteer-8000s-galaxy-v2-0-kolesarska-luc\\\/#breadcrumb\"},\"inLanguage\":\"hr\",\"potentialAction\":[{\"@type\":\"ReadAction\",\"target\":[\"https:\\\/\\\/www.sportshine.eu\\\/trgovina\\\/magicshine-monteer-8000s-galaxy-v2-0-kolesarska-luc\\\/\"]}]},{\"@type\":\"ImageObject\",\"inLanguage\":\"hr\",\"@id\":\"https:\\\/\\\/www.sportshine.eu\\\/trgovina\\\/magicshine-monteer-8000s-galaxy-v2-0-kolesarska-luc\\\/#primaryimage\",\"url\":\"https:\\\/\\\/www.sportshine.eu\\\/wp-content\\\/uploads\\\/2025\\\/07\\\/Magicshine-Monteer8000s-kolesarska-luc.webp\",\"contentUrl\":\"https:\\\/\\\/www.sportshine.eu\\\/wp-content\\\/uploads\\\/2025\\\/07\\\/Magicshine-Monteer8000s-kolesarska-luc.webp\",\"width\":800,\"height\":800},{\"@type\":\"BreadcrumbList\",\"@id\":\"https:\\\/\\\/www.sportshine.eu\\\/trgovina\\\/magicshine-monteer-8000s-galaxy-v2-0-kolesarska-luc\\\/#breadcrumb\",\"itemListElement\":[{\"@type\":\"ListItem\",\"position\":1,\"name\":\"Home\",\"item\":\"https:\\\/\\\/www.sportshine.eu\\\/\"},{\"@type\":\"ListItem\",\"position\":2,\"name\":\"Trgovina\",\"item\":\"https:\\\/\\\/www.sportshine.eu\\\/trgovina\\\/\"},{\"@type\":\"ListItem\",\"position\":3,\"name\":\"Magicshine MONTEER 8000S GALAXY V2.0 kolesarska lu\u010d\"}]},{\"@type\":\"WebSite\",\"@id\":\"https:\\\/\\\/www.sportshine.eu\\\/#website\",\"url\":\"https:\\\/\\\/www.sportshine.eu\\\/\",\"name\":\"Sportshine\",\"description\":\"Top spletna trgovina kolesarskih in naglavnih svetilk ter opreme\",\"publisher\":{\"@id\":\"https:\\\/\\\/www.sportshine.eu\\\/#organization\"},\"potentialAction\":[{\"@type\":\"SearchAction\",\"target\":{\"@type\":\"EntryPoint\",\"urlTemplate\":\"https:\\\/\\\/www.sportshine.eu\\\/?s={search_term_string}\"},\"query-input\":{\"@type\":\"PropertyValueSpecification\",\"valueRequired\":true,\"valueName\":\"search_term_string\"}}],\"inLanguage\":\"hr\"},{\"@type\":\"Organization\",\"@id\":\"https:\\\/\\\/www.sportshine.eu\\\/#organization\",\"name\":\"Sportshine\",\"url\":\"https:\\\/\\\/www.sportshine.eu\\\/\",\"logo\":{\"@type\":\"ImageObject\",\"inLanguage\":\"hr\",\"@id\":\"https:\\\/\\\/www.sportshine.eu\\\/#\\\/schema\\\/logo\\\/image\\\/\",\"url\":\"https:\\\/\\\/www.sportshine.eu\\\/wp-content\\\/uploads\\\/2026\\\/01\\\/cropped-Sportshine.webp\",\"contentUrl\":\"https:\\\/\\\/www.sportshine.eu\\\/wp-content\\\/uploads\\\/2026\\\/01\\\/cropped-Sportshine.webp\",\"width\":295,\"height\":128,\"caption\":\"Sportshine\"},\"image\":{\"@id\":\"https:\\\/\\\/www.sportshine.eu\\\/#\\\/schema\\\/logo\\\/image\\\/\"},\"sameAs\":[\"https:\\\/\\\/www.facebook.com\\\/sportshine.eu\\\/\"]}]}<\/script>\n<!-- \/ Yoast SEO plugin. -->","yoast_head_json":{"title":"Magicshine MONTEER 8000S GALAXY V2.0 svjetlo za bicikl","description":"Daljinski upravlja\u010d MONTEER 8000S GALAXY V2.0 omogu\u0107uje pouzdano upravljanje u dometu do 5 metara, zahvaljuju\u0107i svojoj 2.4G be\u017ei\u010dnoj tehnologiji prijenosa.","robots":{"index":"index","follow":"follow","max-snippet":"max-snippet:-1","max-image-preview":"max-image-preview:large","max-video-preview":"max-video-preview:-1"},"canonical":"https:\/\/www.sportshine.eu\/hr\/ducan\/magicshine-monteer-8000s-galaxy-v2-0-svjetlo-za-bicikl\/","og_locale":"hr_HR","og_type":"article","og_title":"Magicshine MONTEER 8000S GALAXY V2.0 kolesarska lu\u010d","og_description":"Daljinski upravljalnik MONTEER 8000S GALAXY V2.0 omogo\u010da zanesljiv nadzor v obmo\u010dju do 5 metrov, zahvaljujo\u010d svoji tehnologiji brez\u017ei\u010dnega prenosa 2,4G.","og_url":"https:\/\/www.sportshine.eu\/hr\/ducan\/magicshine-monteer-8000s-galaxy-v2-0-svjetlo-za-bicikl\/","og_site_name":"Sportshine","article_publisher":"https:\/\/www.facebook.com\/sportshine.eu\/","article_modified_time":"2025-08-09T22:35:58+00:00","og_image":[{"width":800,"height":800,"url":"https:\/\/www.sportshine.eu\/wp-content\/uploads\/2025\/07\/Magicshine-Monteer8000s-kolesarska-luc.webp","type":"image\/webp"}],"twitter_card":"summary_large_image","twitter_misc":{"Procijenjeno vrijeme \u010ditanja":"2 minute"},"schema":{"@context":"https:\/\/schema.org","@graph":[{"@type":"WebPage","@id":"https:\/\/www.sportshine.eu\/trgovina\/magicshine-monteer-8000s-galaxy-v2-0-kolesarska-luc\/","url":"https:\/\/www.sportshine.eu\/trgovina\/magicshine-monteer-8000s-galaxy-v2-0-kolesarska-luc\/","name":"Magicshine MONTEER 8000S GALAXY V2.0 svjetlo za bicikl","isPartOf":{"@id":"https:\/\/www.sportshine.eu\/#website"},"primaryImageOfPage":{"@id":"https:\/\/www.sportshine.eu\/trgovina\/magicshine-monteer-8000s-galaxy-v2-0-kolesarska-luc\/#primaryimage"},"image":{"@id":"https:\/\/www.sportshine.eu\/trgovina\/magicshine-monteer-8000s-galaxy-v2-0-kolesarska-luc\/#primaryimage"},"thumbnailUrl":"https:\/\/www.sportshine.eu\/wp-content\/uploads\/2025\/07\/Magicshine-Monteer8000s-kolesarska-luc.webp","datePublished":"2025-07-05T19:57:25+00:00","dateModified":"2025-08-09T22:35:58+00:00","description":"Daljinski upravlja\u010d MONTEER 8000S GALAXY V2.0 omogu\u0107uje pouzdano upravljanje u dometu do 5 metara, zahvaljuju\u0107i svojoj 2.4G be\u017ei\u010dnoj tehnologiji prijenosa.","breadcrumb":{"@id":"https:\/\/www.sportshine.eu\/trgovina\/magicshine-monteer-8000s-galaxy-v2-0-kolesarska-luc\/#breadcrumb"},"inLanguage":"hr","potentialAction":[{"@type":"ReadAction","target":["https:\/\/www.sportshine.eu\/trgovina\/magicshine-monteer-8000s-galaxy-v2-0-kolesarska-luc\/"]}]},{"@type":"ImageObject","inLanguage":"hr","@id":"https:\/\/www.sportshine.eu\/trgovina\/magicshine-monteer-8000s-galaxy-v2-0-kolesarska-luc\/#primaryimage","url":"https:\/\/www.sportshine.eu\/wp-content\/uploads\/2025\/07\/Magicshine-Monteer8000s-kolesarska-luc.webp","contentUrl":"https:\/\/www.sportshine.eu\/wp-content\/uploads\/2025\/07\/Magicshine-Monteer8000s-kolesarska-luc.webp","width":800,"height":800},{"@type":"BreadcrumbList","@id":"https:\/\/www.sportshine.eu\/trgovina\/magicshine-monteer-8000s-galaxy-v2-0-kolesarska-luc\/#breadcrumb","itemListElement":[{"@type":"ListItem","position":1,"name":"Home","item":"https:\/\/www.sportshine.eu\/"},{"@type":"ListItem","position":2,"name":"Trgovina","item":"https:\/\/www.sportshine.eu\/trgovina\/"},{"@type":"ListItem","position":3,"name":"Magicshine MONTEER 8000S GALAXY V2.0 kolesarska lu\u010d"}]},{"@type":"WebSite","@id":"https:\/\/www.sportshine.eu\/#website","url":"https:\/\/www.sportshine.eu\/","name":"Sportshine","description":"Vrhunska online trgovina za biciklisti\u010dke i \u010deone svjetiljke i opremu","publisher":{"@id":"https:\/\/www.sportshine.eu\/#organization"},"potentialAction":[{"@type":"SearchAction","target":{"@type":"EntryPoint","urlTemplate":"https:\/\/www.sportshine.eu\/?s={search_term_string}"},"query-input":{"@type":"PropertyValueSpecification","valueRequired":true,"valueName":"search_term_string"}}],"inLanguage":"hr"},{"@type":"Organization","@id":"https:\/\/www.sportshine.eu\/#organization","name":"Sportshine","url":"https:\/\/www.sportshine.eu\/","logo":{"@type":"ImageObject","inLanguage":"hr","@id":"https:\/\/www.sportshine.eu\/#\/schema\/logo\/image\/","url":"https:\/\/www.sportshine.eu\/wp-content\/uploads\/2026\/01\/cropped-Sportshine.webp","contentUrl":"https:\/\/www.sportshine.eu\/wp-content\/uploads\/2026\/01\/cropped-Sportshine.webp","width":295,"height":128,"caption":"Sportshine"},"image":{"@id":"https:\/\/www.sportshine.eu\/#\/schema\/logo\/image\/"},"sameAs":["https:\/\/www.facebook.com\/sportshine.eu\/"]}]}},"_links":{"self":[{"href":"https:\/\/www.sportshine.eu\/hr\/wp-json\/wp\/v2\/product\/6466","targetHints":{"allow":["GET"]}}],"collection":[{"href":"https:\/\/www.sportshine.eu\/hr\/wp-json\/wp\/v2\/product"}],"about":[{"href":"https:\/\/www.sportshine.eu\/hr\/wp-json\/wp\/v2\/types\/product"}],"replies":[{"embeddable":true,"href":"https:\/\/www.sportshine.eu\/hr\/wp-json\/wp\/v2\/comments?post=6466"}],"version-history":[{"count":0,"href":"https:\/\/www.sportshine.eu\/hr\/wp-json\/wp\/v2\/product\/6466\/revisions"}],"wp:featuredmedia":[{"embeddable":true,"href":"https:\/\/www.sportshine.eu\/hr\/wp-json\/wp\/v2\/media\/6042"}],"wp:attachment":[{"href":"https:\/\/www.sportshine.eu\/hr\/wp-json\/wp\/v2\/media?parent=6466"}],"wp:term":[{"taxonomy":"product_brand","embeddable":true,"href":"https:\/\/www.sportshine.eu\/hr\/wp-json\/wp\/v2\/product_brand?post=6466"},{"taxonomy":"product_cat","embeddable":true,"href":"https:\/\/www.sportshine.eu\/hr\/wp-json\/wp\/v2\/product_cat?post=6466"},{"taxonomy":"product_tag","embeddable":true,"href":"https:\/\/www.sportshine.eu\/hr\/wp-json\/wp\/v2\/product_tag?post=6466"}],"curies":[{"name":"radni list","href":"https:\/\/api.w.org\/{rel}","templated":true}]}}