{"id":6455,"date":"2025-07-05T19:45:20","date_gmt":"2025-07-05T19:45:20","guid":{"rendered":"https:\/\/www.sportshine.eu\/?post_type=product&#038;p=6455"},"modified":"2026-03-12T21:16:09","modified_gmt":"2026-03-12T21:16:09","slug":"straznje-svjetlo-za-bicikl-magicshine-seemee-180-v2-0","status":"publish","type":"product","link":"https:\/\/www.sportshine.eu\/hr\/ducan\/straznje-svjetlo-za-bicikl-magicshine-seemee-180-v2-0\/","title":{"rendered":"Magicshine SEEMEE 180 V2.0 stra\u017enje svjetlo za bicikl"},"content":{"rendered":"<h3 style=\"text-align: center;\">VIDEO<\/h3>\n<p><iframe loading=\"lazy\" title=\"Magicshine SEEMEE 180 V2.0\" width=\"500\" height=\"281\" src=\"https:\/\/www.youtube.com\/embed\/A-nnmg8XIdc?feature=oembed\" frameborder=\"0\" allow=\"accelerometer; autoplay; clipboard-write; encrypted-media; gyroscope; picture-in-picture; web-share\" referrerpolicy=\"strict-origin-when-cross-origin\" allowfullscreen><\/iframe><\/p>\n<h3 style=\"text-align: center;\">U\u010cINKOVIT SVJETLOSNI SNOP<\/h3>\n<p style=\"text-align: center;\">Prozirna opti\u010dka vlakna emitiraju ja\u010du i ujedna\u010deniju svjetlost uz manju potro\u0161nju energije.<\/p>\n<p><img decoding=\"async\" class=\"aligncenter wp-image-7357 size-full\" src=\"https:\/\/www.sportshine.eu\/wp-content\/uploads\/2025\/07\/Magicshine-SEEMEE-180-V2.0-1.webp\" alt=\"\" width=\"800\" height=\"800\" srcset=\"https:\/\/www.sportshine.eu\/wp-content\/uploads\/2025\/07\/Magicshine-SEEMEE-180-V2.0-1.webp 800w, https:\/\/www.sportshine.eu\/wp-content\/uploads\/2025\/07\/Magicshine-SEEMEE-180-V2.0-1-768x768.webp 768w, https:\/\/www.sportshine.eu\/wp-content\/uploads\/2025\/07\/Magicshine-SEEMEE-180-V2.0-1-600x600.webp 600w\" sizes=\"(max-width: 800px) 100vw, 800px\" \/><\/p>\n<p>&nbsp;<\/p>\n<h3 style=\"text-align: center;\">VISOKA VIDLJIVOST<\/h3>\n<p style=\"text-align: center;\">Magicshine SEEMEE 180 omogu\u0107uje drugima da vas vide s udaljenosti do 2000 metara, u\u010dinkovito vas odvajaju\u0107i od prometa.<\/p>\n<p><img decoding=\"async\" class=\"aligncenter wp-image-7359 size-full\" src=\"https:\/\/www.sportshine.eu\/wp-content\/uploads\/2025\/07\/Magicshine-SEEMEE-180-V2.0-2.webp\" alt=\"Magicshine SEEMEE 180 V2.0\" width=\"800\" height=\"800\" srcset=\"https:\/\/www.sportshine.eu\/wp-content\/uploads\/2025\/07\/Magicshine-SEEMEE-180-V2.0-2.webp 800w, https:\/\/www.sportshine.eu\/wp-content\/uploads\/2025\/07\/Magicshine-SEEMEE-180-V2.0-2-768x768.webp 768w, https:\/\/www.sportshine.eu\/wp-content\/uploads\/2025\/07\/Magicshine-SEEMEE-180-V2.0-2-600x600.webp 600w\" sizes=\"(max-width: 800px) 100vw, 800px\" \/><\/p>\n<p>&nbsp;<\/p>\n<h3 style=\"text-align: center;\">PAMETNI SENZOR POKRETA I SVJETLA<\/h3>\n<p style=\"text-align: center;\">Senzor pokreta se automatski aktivira pri ko\u010denju i osvjetljava s maksimalnim izlazom od 180 lumena tijekom 3 sekunde. U pametnom na\u010dinu rada, ugra\u0111eni senzor svjetla automatski prilago\u0111ava svjetlinu prema uvjetima osvjetljenja, u\u010dinkovito pove\u0107avaju\u0107i u\u010dinak upozorenja danju i no\u0107u.<\/p>\n<p><img decoding=\"async\" class=\"aligncenter wp-image-7360 size-full\" src=\"https:\/\/www.sportshine.eu\/wp-content\/uploads\/2025\/07\/Magicshine-seemee-180-luc-1.webp\" alt=\"Magicshine SEEMEE 180 V2.0\" width=\"800\" height=\"800\" srcset=\"https:\/\/www.sportshine.eu\/wp-content\/uploads\/2025\/07\/Magicshine-seemee-180-luc-1.webp 800w, https:\/\/www.sportshine.eu\/wp-content\/uploads\/2025\/07\/Magicshine-seemee-180-luc-1-768x768.webp 768w, https:\/\/www.sportshine.eu\/wp-content\/uploads\/2025\/07\/Magicshine-seemee-180-luc-1-600x600.webp 600w\" sizes=\"(max-width: 800px) 100vw, 800px\" \/><\/p>\n<p>&nbsp;<\/p>\n<h3 style=\"text-align: center;\">NA\u010cIN RADA S NISKIM POTRO\u0160NJAMA<\/h3>\n<p style=\"text-align: center;\">Kada je baterija slabija od 5%, svjetlo se automatski prebacuje u ekonomi\u010dan na\u010din rada treptanja (27 lumena) koji mo\u017ee raditi do 20 minuta prije nego \u0161to se potpuno isprazni. Ova zna\u010dajka je idealna za produljenje vremena rada.<\/p>\n<p><img decoding=\"async\" class=\"aligncenter wp-image-7361 size-full\" src=\"https:\/\/www.sportshine.eu\/wp-content\/uploads\/2025\/07\/Magicshine-SEEMEE-180-V2.0-3.webp\" alt=\"Magicshine SEEMEE 180 V2.0\" width=\"800\" height=\"800\" srcset=\"https:\/\/www.sportshine.eu\/wp-content\/uploads\/2025\/07\/Magicshine-SEEMEE-180-V2.0-3.webp 800w, https:\/\/www.sportshine.eu\/wp-content\/uploads\/2025\/07\/Magicshine-SEEMEE-180-V2.0-3-768x768.webp 768w, https:\/\/www.sportshine.eu\/wp-content\/uploads\/2025\/07\/Magicshine-SEEMEE-180-V2.0-3-600x600.webp 600w\" sizes=\"(max-width: 800px) 100vw, 800px\" \/><\/p>\n<p>&nbsp;<\/p>\n<h3 style=\"text-align: center;\">DOBIT \u0106ETE U PAKETU<\/h3>\n<p><img decoding=\"async\" class=\"aligncenter wp-image-7362 size-full\" src=\"https:\/\/www.sportshine.eu\/wp-content\/uploads\/2025\/07\/Magicshine-SEEMEE-180-V2.0.jpg\" alt=\"Magicshine SEEMEE 180 V2.0\" width=\"2000\" height=\"1237\" srcset=\"https:\/\/www.sportshine.eu\/wp-content\/uploads\/2025\/07\/Magicshine-SEEMEE-180-V2.0.jpg 2000w, https:\/\/www.sportshine.eu\/wp-content\/uploads\/2025\/07\/Magicshine-SEEMEE-180-V2.0-768x475.jpg 768w, https:\/\/www.sportshine.eu\/wp-content\/uploads\/2025\/07\/Magicshine-SEEMEE-180-V2.0-1536x950.jpg 1536w, https:\/\/www.sportshine.eu\/wp-content\/uploads\/2025\/07\/Magicshine-SEEMEE-180-V2.0-600x371.jpg 600w\" sizes=\"(max-width: 2000px) 100vw, 2000px\" \/><\/p>\n<p>&nbsp;<\/p>","protected":false},"excerpt":{"rendered":"<p>Magicshine SEEMEE 180 V2.0 je pametno i sna\u017eno stra\u017enje svjetlo za bicikl s prakti\u010dnim punjenjem putem USB C priklju\u010dka. Mo\u017ee dosegnuti do 180 lumena svjetline. Pametni senzor ko\u010denja i senzor svjetla pru\u017eaju vam izvrsno korisni\u010dko iskustvo i vidljivost na cesti. Svjetlo je mogu\u0107e postaviti ispod sjedala bicikla ili na cijevi sjedala.<\/p>","protected":false},"featured_media":6020,"comment_status":"open","ping_status":"closed","template":"","meta":[],"product_brand":[131],"product_cat":[82,86],"product_tag":[],"class_list":{"0":"post-6455","1":"product","2":"type-product","3":"status-publish","4":"has-post-thumbnail","6":"product_brand-magicshine","7":"product_cat-kolesarske-luci","8":"product_cat-zadnje-kolesarske-luci","10":"first","11":"instock","12":"sale","13":"taxable","14":"shipping-taxable","15":"purchasable","16":"product-type-simple"},"yoast_head":"<!-- This site is optimized with the Yoast SEO plugin v27.3 - https:\/\/yoast.com\/product\/yoast-seo-wordpress\/ -->\n<title>Magicshine SEEMEE 180 V2.0 zadnja lu\u010d za kolo<\/title>\n<meta name=\"description\" content=\"Magicshine SEEMEE 180 V2.0 je pametna in zmogljiva zadnja lu\u010d za kolo s priro\u010dnim polnjenjem prek USB C vhoda. Lahko dose\u017ee do 180 lumnov svetilnosti.\" \/>\n<meta name=\"robots\" content=\"index, follow, max-snippet:-1, max-image-preview:large, max-video-preview:-1\" \/>\n<link rel=\"canonical\" href=\"https:\/\/www.sportshine.eu\/hr\/ducan\/straznje-svjetlo-za-bicikl-magicshine-seemee-180-v2-0\/\" \/>\n<meta property=\"og:locale\" content=\"hr_HR\" \/>\n<meta property=\"og:type\" content=\"article\" \/>\n<meta property=\"og:title\" content=\"Magicshine SEEMEE 180 V2.0 zadnja lu\u010d za kolo\" \/>\n<meta property=\"og:description\" content=\"Magicshine SEEMEE 180 V2.0 je pametna in zmogljiva zadnja lu\u010d za kolo s priro\u010dnim polnjenjem prek USB C vhoda. Lahko dose\u017ee do 180 lumnov svetilnosti.\" \/>\n<meta property=\"og:url\" content=\"https:\/\/www.sportshine.eu\/hr\/ducan\/straznje-svjetlo-za-bicikl-magicshine-seemee-180-v2-0\/\" \/>\n<meta property=\"og:site_name\" content=\"Sportshine\" \/>\n<meta property=\"article:publisher\" content=\"https:\/\/www.facebook.com\/sportshine.eu\/\" \/>\n<meta property=\"article:modified_time\" content=\"2026-03-12T21:16:09+00:00\" \/>\n<meta property=\"og:image\" content=\"https:\/\/www.sportshine.eu\/wp-content\/uploads\/2025\/07\/Magicshine-Seemee-180-V2.0.webp\" \/>\n\t<meta property=\"og:image:width\" content=\"800\" \/>\n\t<meta property=\"og:image:height\" content=\"800\" \/>\n\t<meta property=\"og:image:type\" content=\"image\/webp\" \/>\n<meta name=\"twitter:card\" content=\"summary_large_image\" \/>\n<meta name=\"twitter:label1\" content=\"Procijenjeno vrijeme \u010ditanja\" \/>\n\t<meta name=\"twitter:data1\" content=\"2 minute\" \/>\n<script type=\"application\/ld+json\" class=\"yoast-schema-graph\">{\"@context\":\"https:\\\/\\\/schema.org\",\"@graph\":[{\"@type\":\"WebPage\",\"@id\":\"https:\\\/\\\/www.sportshine.eu\\\/trgovina\\\/magicshine-seemee-180-v2-0-zadnja-luc-za-kolo\\\/\",\"url\":\"https:\\\/\\\/www.sportshine.eu\\\/trgovina\\\/magicshine-seemee-180-v2-0-zadnja-luc-za-kolo\\\/\",\"name\":\"Magicshine SEEMEE 180 V2.0 zadnja lu\u010d za kolo\",\"isPartOf\":{\"@id\":\"https:\\\/\\\/www.sportshine.eu\\\/#website\"},\"primaryImageOfPage\":{\"@id\":\"https:\\\/\\\/www.sportshine.eu\\\/trgovina\\\/magicshine-seemee-180-v2-0-zadnja-luc-za-kolo\\\/#primaryimage\"},\"image\":{\"@id\":\"https:\\\/\\\/www.sportshine.eu\\\/trgovina\\\/magicshine-seemee-180-v2-0-zadnja-luc-za-kolo\\\/#primaryimage\"},\"thumbnailUrl\":\"https:\\\/\\\/www.sportshine.eu\\\/wp-content\\\/uploads\\\/2025\\\/07\\\/Magicshine-Seemee-180-V2.0.webp\",\"datePublished\":\"2025-07-05T19:45:20+00:00\",\"dateModified\":\"2026-03-12T21:16:09+00:00\",\"description\":\"Magicshine SEEMEE 180 V2.0 je pametna in zmogljiva zadnja lu\u010d za kolo s priro\u010dnim polnjenjem prek USB C vhoda. Lahko dose\u017ee do 180 lumnov svetilnosti.\",\"breadcrumb\":{\"@id\":\"https:\\\/\\\/www.sportshine.eu\\\/trgovina\\\/magicshine-seemee-180-v2-0-zadnja-luc-za-kolo\\\/#breadcrumb\"},\"inLanguage\":\"hr\",\"potentialAction\":[{\"@type\":\"ReadAction\",\"target\":[\"https:\\\/\\\/www.sportshine.eu\\\/trgovina\\\/magicshine-seemee-180-v2-0-zadnja-luc-za-kolo\\\/\"]}]},{\"@type\":\"ImageObject\",\"inLanguage\":\"hr\",\"@id\":\"https:\\\/\\\/www.sportshine.eu\\\/trgovina\\\/magicshine-seemee-180-v2-0-zadnja-luc-za-kolo\\\/#primaryimage\",\"url\":\"https:\\\/\\\/www.sportshine.eu\\\/wp-content\\\/uploads\\\/2025\\\/07\\\/Magicshine-Seemee-180-V2.0.webp\",\"contentUrl\":\"https:\\\/\\\/www.sportshine.eu\\\/wp-content\\\/uploads\\\/2025\\\/07\\\/Magicshine-Seemee-180-V2.0.webp\",\"width\":800,\"height\":800},{\"@type\":\"BreadcrumbList\",\"@id\":\"https:\\\/\\\/www.sportshine.eu\\\/trgovina\\\/magicshine-seemee-180-v2-0-zadnja-luc-za-kolo\\\/#breadcrumb\",\"itemListElement\":[{\"@type\":\"ListItem\",\"position\":1,\"name\":\"Home\",\"item\":\"https:\\\/\\\/www.sportshine.eu\\\/\"},{\"@type\":\"ListItem\",\"position\":2,\"name\":\"Trgovina\",\"item\":\"https:\\\/\\\/www.sportshine.eu\\\/trgovina\\\/\"},{\"@type\":\"ListItem\",\"position\":3,\"name\":\"Magicshine SEEMEE 180 V2.0 zadnja lu\u010d za kolo\"}]},{\"@type\":\"WebSite\",\"@id\":\"https:\\\/\\\/www.sportshine.eu\\\/#website\",\"url\":\"https:\\\/\\\/www.sportshine.eu\\\/\",\"name\":\"Sportshine\",\"description\":\"Top spletna trgovina kolesarskih in naglavnih svetilk ter opreme\",\"publisher\":{\"@id\":\"https:\\\/\\\/www.sportshine.eu\\\/#organization\"},\"potentialAction\":[{\"@type\":\"SearchAction\",\"target\":{\"@type\":\"EntryPoint\",\"urlTemplate\":\"https:\\\/\\\/www.sportshine.eu\\\/?s={search_term_string}\"},\"query-input\":{\"@type\":\"PropertyValueSpecification\",\"valueRequired\":true,\"valueName\":\"search_term_string\"}}],\"inLanguage\":\"hr\"},{\"@type\":\"Organization\",\"@id\":\"https:\\\/\\\/www.sportshine.eu\\\/#organization\",\"name\":\"Sportshine\",\"url\":\"https:\\\/\\\/www.sportshine.eu\\\/\",\"logo\":{\"@type\":\"ImageObject\",\"inLanguage\":\"hr\",\"@id\":\"https:\\\/\\\/www.sportshine.eu\\\/#\\\/schema\\\/logo\\\/image\\\/\",\"url\":\"https:\\\/\\\/www.sportshine.eu\\\/wp-content\\\/uploads\\\/2026\\\/01\\\/cropped-Sportshine.webp\",\"contentUrl\":\"https:\\\/\\\/www.sportshine.eu\\\/wp-content\\\/uploads\\\/2026\\\/01\\\/cropped-Sportshine.webp\",\"width\":295,\"height\":128,\"caption\":\"Sportshine\"},\"image\":{\"@id\":\"https:\\\/\\\/www.sportshine.eu\\\/#\\\/schema\\\/logo\\\/image\\\/\"},\"sameAs\":[\"https:\\\/\\\/www.facebook.com\\\/sportshine.eu\\\/\"]}]}<\/script>\n<!-- \/ Yoast SEO plugin. -->","yoast_head_json":{"title":"Magicshine SEEMEE 180 V2.0 stra\u017enje svjetlo za bicikl","description":"Magicshine SEEMEE 180 V2.0 je pametno i sna\u017eno stra\u017enje svjetlo za bicikl s prakti\u010dnim punjenjem putem USB C priklju\u010dka. Mo\u017ee dose\u0107i do 180 lumena svjetline.","robots":{"index":"index","follow":"follow","max-snippet":"max-snippet:-1","max-image-preview":"max-image-preview:large","max-video-preview":"max-video-preview:-1"},"canonical":"https:\/\/www.sportshine.eu\/hr\/ducan\/straznje-svjetlo-za-bicikl-magicshine-seemee-180-v2-0\/","og_locale":"hr_HR","og_type":"article","og_title":"Magicshine SEEMEE 180 V2.0 zadnja lu\u010d za kolo","og_description":"Magicshine SEEMEE 180 V2.0 je pametna in zmogljiva zadnja lu\u010d za kolo s priro\u010dnim polnjenjem prek USB C vhoda. Lahko dose\u017ee do 180 lumnov svetilnosti.","og_url":"https:\/\/www.sportshine.eu\/hr\/ducan\/straznje-svjetlo-za-bicikl-magicshine-seemee-180-v2-0\/","og_site_name":"Sportshine","article_publisher":"https:\/\/www.facebook.com\/sportshine.eu\/","article_modified_time":"2026-03-12T21:16:09+00:00","og_image":[{"width":800,"height":800,"url":"https:\/\/www.sportshine.eu\/wp-content\/uploads\/2025\/07\/Magicshine-Seemee-180-V2.0.webp","type":"image\/webp"}],"twitter_card":"summary_large_image","twitter_misc":{"Procijenjeno vrijeme \u010ditanja":"2 minute"},"schema":{"@context":"https:\/\/schema.org","@graph":[{"@type":"WebPage","@id":"https:\/\/www.sportshine.eu\/trgovina\/magicshine-seemee-180-v2-0-zadnja-luc-za-kolo\/","url":"https:\/\/www.sportshine.eu\/trgovina\/magicshine-seemee-180-v2-0-zadnja-luc-za-kolo\/","name":"Magicshine SEEMEE 180 V2.0 stra\u017enje svjetlo za bicikl","isPartOf":{"@id":"https:\/\/www.sportshine.eu\/#website"},"primaryImageOfPage":{"@id":"https:\/\/www.sportshine.eu\/trgovina\/magicshine-seemee-180-v2-0-zadnja-luc-za-kolo\/#primaryimage"},"image":{"@id":"https:\/\/www.sportshine.eu\/trgovina\/magicshine-seemee-180-v2-0-zadnja-luc-za-kolo\/#primaryimage"},"thumbnailUrl":"https:\/\/www.sportshine.eu\/wp-content\/uploads\/2025\/07\/Magicshine-Seemee-180-V2.0.webp","datePublished":"2025-07-05T19:45:20+00:00","dateModified":"2026-03-12T21:16:09+00:00","description":"Magicshine SEEMEE 180 V2.0 je pametno i sna\u017eno stra\u017enje svjetlo za bicikl s prakti\u010dnim punjenjem putem USB C priklju\u010dka. Mo\u017ee dose\u0107i do 180 lumena svjetline.","breadcrumb":{"@id":"https:\/\/www.sportshine.eu\/trgovina\/magicshine-seemee-180-v2-0-zadnja-luc-za-kolo\/#breadcrumb"},"inLanguage":"hr","potentialAction":[{"@type":"ReadAction","target":["https:\/\/www.sportshine.eu\/trgovina\/magicshine-seemee-180-v2-0-zadnja-luc-za-kolo\/"]}]},{"@type":"ImageObject","inLanguage":"hr","@id":"https:\/\/www.sportshine.eu\/trgovina\/magicshine-seemee-180-v2-0-zadnja-luc-za-kolo\/#primaryimage","url":"https:\/\/www.sportshine.eu\/wp-content\/uploads\/2025\/07\/Magicshine-Seemee-180-V2.0.webp","contentUrl":"https:\/\/www.sportshine.eu\/wp-content\/uploads\/2025\/07\/Magicshine-Seemee-180-V2.0.webp","width":800,"height":800},{"@type":"BreadcrumbList","@id":"https:\/\/www.sportshine.eu\/trgovina\/magicshine-seemee-180-v2-0-zadnja-luc-za-kolo\/#breadcrumb","itemListElement":[{"@type":"ListItem","position":1,"name":"Home","item":"https:\/\/www.sportshine.eu\/"},{"@type":"ListItem","position":2,"name":"Trgovina","item":"https:\/\/www.sportshine.eu\/trgovina\/"},{"@type":"ListItem","position":3,"name":"Magicshine SEEMEE 180 V2.0 zadnja lu\u010d za kolo"}]},{"@type":"WebSite","@id":"https:\/\/www.sportshine.eu\/#website","url":"https:\/\/www.sportshine.eu\/","name":"Sportshine","description":"Vrhunska online trgovina za biciklisti\u010dke i \u010deone svjetiljke i opremu","publisher":{"@id":"https:\/\/www.sportshine.eu\/#organization"},"potentialAction":[{"@type":"SearchAction","target":{"@type":"EntryPoint","urlTemplate":"https:\/\/www.sportshine.eu\/?s={search_term_string}"},"query-input":{"@type":"PropertyValueSpecification","valueRequired":true,"valueName":"search_term_string"}}],"inLanguage":"hr"},{"@type":"Organization","@id":"https:\/\/www.sportshine.eu\/#organization","name":"Sportshine","url":"https:\/\/www.sportshine.eu\/","logo":{"@type":"ImageObject","inLanguage":"hr","@id":"https:\/\/www.sportshine.eu\/#\/schema\/logo\/image\/","url":"https:\/\/www.sportshine.eu\/wp-content\/uploads\/2026\/01\/cropped-Sportshine.webp","contentUrl":"https:\/\/www.sportshine.eu\/wp-content\/uploads\/2026\/01\/cropped-Sportshine.webp","width":295,"height":128,"caption":"Sportshine"},"image":{"@id":"https:\/\/www.sportshine.eu\/#\/schema\/logo\/image\/"},"sameAs":["https:\/\/www.facebook.com\/sportshine.eu\/"]}]}},"_links":{"self":[{"href":"https:\/\/www.sportshine.eu\/hr\/wp-json\/wp\/v2\/product\/6455","targetHints":{"allow":["GET"]}}],"collection":[{"href":"https:\/\/www.sportshine.eu\/hr\/wp-json\/wp\/v2\/product"}],"about":[{"href":"https:\/\/www.sportshine.eu\/hr\/wp-json\/wp\/v2\/types\/product"}],"replies":[{"embeddable":true,"href":"https:\/\/www.sportshine.eu\/hr\/wp-json\/wp\/v2\/comments?post=6455"}],"version-history":[{"count":0,"href":"https:\/\/www.sportshine.eu\/hr\/wp-json\/wp\/v2\/product\/6455\/revisions"}],"wp:featuredmedia":[{"embeddable":true,"href":"https:\/\/www.sportshine.eu\/hr\/wp-json\/wp\/v2\/media\/6020"}],"wp:attachment":[{"href":"https:\/\/www.sportshine.eu\/hr\/wp-json\/wp\/v2\/media?parent=6455"}],"wp:term":[{"taxonomy":"product_brand","embeddable":true,"href":"https:\/\/www.sportshine.eu\/hr\/wp-json\/wp\/v2\/product_brand?post=6455"},{"taxonomy":"product_cat","embeddable":true,"href":"https:\/\/www.sportshine.eu\/hr\/wp-json\/wp\/v2\/product_cat?post=6455"},{"taxonomy":"product_tag","embeddable":true,"href":"https:\/\/www.sportshine.eu\/hr\/wp-json\/wp\/v2\/product_tag?post=6455"}],"curies":[{"name":"radni list","href":"https:\/\/api.w.org\/{rel}","templated":true}]}}