{"id":6454,"date":"2025-07-05T19:45:18","date_gmt":"2025-07-05T19:45:18","guid":{"rendered":"https:\/\/www.sportshine.eu\/?post_type=product&#038;p=6454"},"modified":"2026-04-15T22:32:00","modified_gmt":"2026-04-15T22:32:00","slug":"straznje-svjetlo-magicshine-seemee-200-v3-0","status":"publish","type":"product","link":"https:\/\/www.sportshine.eu\/hr\/ducan\/straznje-svjetlo-magicshine-seemee-200-v3-0\/","title":{"rendered":"Stra\u017enje svjetlo Magicshine SEEMEE 200 V3.0"},"content":{"rendered":"<h3 style=\"text-align: center;\">VIDEO<\/h3>\n<p><iframe loading=\"lazy\" title=\"Magicshine Seemee 200\" width=\"500\" height=\"281\" src=\"https:\/\/www.youtube.com\/embed\/39vjp4qnaJ0?feature=oembed\" frameborder=\"0\" allow=\"accelerometer; autoplay; clipboard-write; encrypted-media; gyroscope; picture-in-picture; web-share\" referrerpolicy=\"strict-origin-when-cross-origin\" allowfullscreen><\/iframe><\/p>\n<h3 style=\"text-align: center;\">NEVJEROJATNO SVIJETLO<\/h3>\n<p style=\"text-align: center;\">Atraktivan dizajn s kvalitetnom izradom i svjetlinom do 200 lumena.<\/p>\n<p><img decoding=\"async\" class=\"aligncenter wp-image-7365 size-full\" src=\"https:\/\/www.sportshine.eu\/wp-content\/uploads\/2025\/07\/Magicshine-SEEMEE-200-1.webp\" alt=\"\" width=\"800\" height=\"800\" srcset=\"https:\/\/www.sportshine.eu\/wp-content\/uploads\/2025\/07\/Magicshine-SEEMEE-200-1.webp 800w, https:\/\/www.sportshine.eu\/wp-content\/uploads\/2025\/07\/Magicshine-SEEMEE-200-1-768x768.webp 768w, https:\/\/www.sportshine.eu\/wp-content\/uploads\/2025\/07\/Magicshine-SEEMEE-200-1-600x600.webp 600w\" sizes=\"(max-width: 800px) 100vw, 800px\" \/><\/p>\n<h3 style=\"text-align: center;\">Kut osvijetljenosti od 360 stupnjeva<\/h3>\n<p style=\"text-align: center;\">Projicira crveno svjetlo od 360\u00b0 na cestu, zna\u010dajno pove\u0107avaju\u0107i vidljivost.<\/p>\n<p><img decoding=\"async\" class=\"aligncenter wp-image-7366 size-full\" src=\"https:\/\/www.sportshine.eu\/wp-content\/uploads\/2025\/07\/Magicshine-seemee-200-v3.0.webp\" alt=\"Magicshine SEEMEE 200 \" width=\"800\" height=\"800\" srcset=\"https:\/\/www.sportshine.eu\/wp-content\/uploads\/2025\/07\/Magicshine-seemee-200-v3.0.webp 800w, https:\/\/www.sportshine.eu\/wp-content\/uploads\/2025\/07\/Magicshine-seemee-200-v3.0-768x768.webp 768w, https:\/\/www.sportshine.eu\/wp-content\/uploads\/2025\/07\/Magicshine-seemee-200-v3.0-600x600.webp 600w\" sizes=\"(max-width: 800px) 100vw, 800px\" \/><\/p>\n<h3 style=\"text-align: center;\">PAMETNI SENZOR POKRETA<\/h3>\n<p style=\"text-align: center;\">Ugra\u0111eni senzor pokreta automatski se prebacuje na maksimalnu svjetlinu kada pritisnete ko\u010dnicu.<\/p>\n<p style=\"text-align: center;\">*SENZOR POKRETA UKLJU\u010cEN: Kada je stra\u017enje svjetlo isklju\u010deno, pritisnite i dr\u017eite prekida\u010d 3 sekunde dok se stra\u017enje svjetlo ne uklju\u010di na konstantnoj maksimalnoj svjetlini.<\/p>\n<p style=\"text-align: center;\">*SENZOR POKRETA ISKLJU\u010cEN: Kada je stra\u017enje svjetlo isklju\u010deno, pritisnite i dr\u017eite prekida\u010d 3 sekunde dok svjetlo ne po\u010dne brzo treperiti maksimalnom svjetlinom.<\/p>\n<p style=\"text-align: center;\">Svaki put kada uklju\u010dite svjetlo, ono \u0107e automatski detektirati je li senzor pokreta uklju\u010den. Ako je senzor pokreta uklju\u010den, indikator \u0107e svijetliti plavo 3 sekunde. Ako je senzor pokreta isklju\u010den, indikator se ne\u0107e upaliti.<\/p>\n<p><img decoding=\"async\" class=\"aligncenter wp-image-7368 size-full\" src=\"https:\/\/www.sportshine.eu\/wp-content\/uploads\/2025\/07\/Magicshine-SEEMEE-200-2.webp\" alt=\"Magicshine SEEMEE 200 \" width=\"800\" height=\"800\" srcset=\"https:\/\/www.sportshine.eu\/wp-content\/uploads\/2025\/07\/Magicshine-SEEMEE-200-2.webp 800w, https:\/\/www.sportshine.eu\/wp-content\/uploads\/2025\/07\/Magicshine-SEEMEE-200-2-768x768.webp 768w, https:\/\/www.sportshine.eu\/wp-content\/uploads\/2025\/07\/Magicshine-SEEMEE-200-2-600x600.webp 600w\" sizes=\"(max-width: 800px) 100vw, 800px\" \/><\/p>\n<h3 style=\"text-align: center;\">AUTOMATSKO PODE\u0160AVANJE SVJETLINE<\/h3>\n<p style=\"text-align: center;\">Ugra\u0111eni senzor svjetla automatski prilago\u0111ava svjetlinu na temelju ambijentalnog osvjetljenja i osigurava da ste uvijek vidljivi.<\/p>\n<p><img decoding=\"async\" class=\"aligncenter wp-image-7369 size-full\" src=\"https:\/\/www.sportshine.eu\/wp-content\/uploads\/2025\/07\/Magicshine-SEEMEE-200-3.webp\" alt=\"Magicshine SEEMEE 200 \" width=\"800\" height=\"800\" srcset=\"https:\/\/www.sportshine.eu\/wp-content\/uploads\/2025\/07\/Magicshine-SEEMEE-200-3.webp 800w, https:\/\/www.sportshine.eu\/wp-content\/uploads\/2025\/07\/Magicshine-SEEMEE-200-3-768x768.webp 768w, https:\/\/www.sportshine.eu\/wp-content\/uploads\/2025\/07\/Magicshine-SEEMEE-200-3-600x600.webp 600w\" sizes=\"(max-width: 800px) 100vw, 800px\" \/><\/p>\n<h3 style=\"text-align: center;\">NA\u010cIN RADA S NISKIM POTRO\u0160NJAMA<\/h3>\n<p style=\"text-align: center;\">Kada preostala snaga padne ispod 10%, automatski se prebacuje u ECO na\u010din rada, koji se ne mo\u017ee pode\u0161avati.<\/p>\n<p><img decoding=\"async\" class=\"aligncenter wp-image-7370 size-full\" src=\"https:\/\/www.sportshine.eu\/wp-content\/uploads\/2025\/07\/Magicshine-SEEMEE-200-4.webp\" alt=\"\" width=\"800\" height=\"800\" srcset=\"https:\/\/www.sportshine.eu\/wp-content\/uploads\/2025\/07\/Magicshine-SEEMEE-200-4.webp 800w, https:\/\/www.sportshine.eu\/wp-content\/uploads\/2025\/07\/Magicshine-SEEMEE-200-4-768x768.webp 768w, https:\/\/www.sportshine.eu\/wp-content\/uploads\/2025\/07\/Magicshine-SEEMEE-200-4-600x600.webp 600w\" sizes=\"(max-width: 800px) 100vw, 800px\" \/><\/p>","protected":false},"excerpt":{"rendered":"<p>Magicshine SEEMEE 200 V3.0 je sna\u017eno svjetlo za bicikl dizajnirano za sve ljubitelje biciklizma. S maksimalnom svjetlinom od 200 lumena i vidljivo\u0161\u0107u od 260\u00b0, osigurava iznimnu vidljivost na cesti. Svjetlo za pra\u0107enje od 360\u00b0 zna\u010dajno pove\u0107ava u\u010dinkovitost upozorenja. Ugra\u0111eni senzor pokreta automatski se prebacuje na maksimalnu svjetlinu prilikom ko\u010denja, dok senzor svjetla prilago\u0111ava svjetlinu prema svjetlu tijekom dana. Svjetlo ima funkciju memorije i indikator baterije te se puni putem USB-C priklju\u010dka. Vodootporno je s IPX 6 ocjenom. U na\u010dinu rada niske potro\u0161nje automatski se prebacuje u ECO na\u010din rada kada je preostala snaga ispod 10%.<\/p>","protected":false},"featured_media":6015,"comment_status":"open","ping_status":"closed","template":"","meta":[],"product_brand":[131],"product_cat":[86],"product_tag":[],"class_list":{"0":"post-6454","1":"product","2":"type-product","3":"status-publish","4":"has-post-thumbnail","6":"product_brand-magicshine","7":"product_cat-zadnje-kolesarske-luci","9":"first","10":"instock","11":"taxable","12":"shipping-taxable","13":"purchasable","14":"product-type-simple"},"yoast_head":"<!-- This site is optimized with the Yoast SEO plugin v27.3 - https:\/\/yoast.com\/product\/yoast-seo-wordpress\/ -->\n<title>Magicshine SEEMEE 200 V3.0 zadnja lu\u010d<\/title>\n<meta name=\"robots\" content=\"index, follow, max-snippet:-1, max-image-preview:large, max-video-preview:-1\" \/>\n<link rel=\"canonical\" href=\"https:\/\/www.sportshine.eu\/hr\/ducan\/straznje-svjetlo-magicshine-seemee-200-v3-0\/\" \/>\n<meta property=\"og:locale\" content=\"hr_HR\" \/>\n<meta property=\"og:type\" content=\"article\" \/>\n<meta property=\"og:title\" content=\"Magicshine SEEMEE 200 V3.0 zadnja lu\u010d\" \/>\n<meta property=\"og:description\" content=\"Magicshine SEEMEE 200 V3.0 je zmogljiva kolesarska lu\u010d namenjena vsem ljubiteljem kolesarjena. Z maksimalno svetilnostjo 200 lumnov in vidljivostjo osvetlitve 260\u00b0 zagotavlja izjemno vidnost na poti. 360\u00b0 sledilna lu\u010d znatno pove\u010duje u\u010dinkovitost opozarjanja. Vgrajeni senzor gibanja samodejno preklopi na najve\u010djo svetilnost ob zaviranju, medtem ko svetlobni senzor prilagaja svetilnost glede na svetlobo \u010dez dan. Lu\u010d ima funkcijo spomina in indikator baterije ter se polni prek USB-C. Vodoodporna je z oceno IPX 6. V na\u010dinu nizke porabe se pri preostali mo\u010di pod 10% samodejno preklopi na ECO na\u010din.\" \/>\n<meta property=\"og:url\" content=\"https:\/\/www.sportshine.eu\/hr\/ducan\/straznje-svjetlo-magicshine-seemee-200-v3-0\/\" \/>\n<meta property=\"og:site_name\" content=\"Sportshine\" \/>\n<meta property=\"article:publisher\" content=\"https:\/\/www.facebook.com\/sportshine.eu\/\" \/>\n<meta property=\"article:modified_time\" content=\"2026-04-15T22:32:00+00:00\" \/>\n<meta property=\"og:image\" content=\"https:\/\/www.sportshine.eu\/wp-content\/uploads\/2025\/07\/Magicshine-Seemee-200.webp\" \/>\n\t<meta property=\"og:image:width\" content=\"800\" \/>\n\t<meta property=\"og:image:height\" content=\"800\" \/>\n\t<meta property=\"og:image:type\" content=\"image\/webp\" \/>\n<meta name=\"twitter:card\" content=\"summary_large_image\" \/>\n<meta name=\"twitter:label1\" content=\"Procijenjeno vrijeme \u010ditanja\" \/>\n\t<meta name=\"twitter:data1\" content=\"2 minute\" \/>\n<script type=\"application\/ld+json\" class=\"yoast-schema-graph\">{\"@context\":\"https:\\\/\\\/schema.org\",\"@graph\":[{\"@type\":\"WebPage\",\"@id\":\"https:\\\/\\\/www.sportshine.eu\\\/trgovina\\\/magicshine-seemee-200-v3-0-zadnja-luc\\\/\",\"url\":\"https:\\\/\\\/www.sportshine.eu\\\/trgovina\\\/magicshine-seemee-200-v3-0-zadnja-luc\\\/\",\"name\":\"Magicshine SEEMEE 200 V3.0 zadnja lu\u010d\",\"isPartOf\":{\"@id\":\"https:\\\/\\\/www.sportshine.eu\\\/#website\"},\"primaryImageOfPage\":{\"@id\":\"https:\\\/\\\/www.sportshine.eu\\\/trgovina\\\/magicshine-seemee-200-v3-0-zadnja-luc\\\/#primaryimage\"},\"image\":{\"@id\":\"https:\\\/\\\/www.sportshine.eu\\\/trgovina\\\/magicshine-seemee-200-v3-0-zadnja-luc\\\/#primaryimage\"},\"thumbnailUrl\":\"https:\\\/\\\/www.sportshine.eu\\\/wp-content\\\/uploads\\\/2025\\\/07\\\/Magicshine-Seemee-200.webp\",\"datePublished\":\"2025-07-05T19:45:18+00:00\",\"dateModified\":\"2026-04-15T22:32:00+00:00\",\"breadcrumb\":{\"@id\":\"https:\\\/\\\/www.sportshine.eu\\\/trgovina\\\/magicshine-seemee-200-v3-0-zadnja-luc\\\/#breadcrumb\"},\"inLanguage\":\"hr\",\"potentialAction\":[{\"@type\":\"ReadAction\",\"target\":[\"https:\\\/\\\/www.sportshine.eu\\\/trgovina\\\/magicshine-seemee-200-v3-0-zadnja-luc\\\/\"]}]},{\"@type\":\"ImageObject\",\"inLanguage\":\"hr\",\"@id\":\"https:\\\/\\\/www.sportshine.eu\\\/trgovina\\\/magicshine-seemee-200-v3-0-zadnja-luc\\\/#primaryimage\",\"url\":\"https:\\\/\\\/www.sportshine.eu\\\/wp-content\\\/uploads\\\/2025\\\/07\\\/Magicshine-Seemee-200.webp\",\"contentUrl\":\"https:\\\/\\\/www.sportshine.eu\\\/wp-content\\\/uploads\\\/2025\\\/07\\\/Magicshine-Seemee-200.webp\",\"width\":800,\"height\":800},{\"@type\":\"BreadcrumbList\",\"@id\":\"https:\\\/\\\/www.sportshine.eu\\\/trgovina\\\/magicshine-seemee-200-v3-0-zadnja-luc\\\/#breadcrumb\",\"itemListElement\":[{\"@type\":\"ListItem\",\"position\":1,\"name\":\"Home\",\"item\":\"https:\\\/\\\/www.sportshine.eu\\\/\"},{\"@type\":\"ListItem\",\"position\":2,\"name\":\"Trgovina\",\"item\":\"https:\\\/\\\/www.sportshine.eu\\\/trgovina\\\/\"},{\"@type\":\"ListItem\",\"position\":3,\"name\":\"Magicshine SEEMEE 200 V3.0 zadnja lu\u010d\"}]},{\"@type\":\"WebSite\",\"@id\":\"https:\\\/\\\/www.sportshine.eu\\\/#website\",\"url\":\"https:\\\/\\\/www.sportshine.eu\\\/\",\"name\":\"Sportshine\",\"description\":\"Top spletna trgovina kolesarskih in naglavnih svetilk ter opreme\",\"publisher\":{\"@id\":\"https:\\\/\\\/www.sportshine.eu\\\/#organization\"},\"potentialAction\":[{\"@type\":\"SearchAction\",\"target\":{\"@type\":\"EntryPoint\",\"urlTemplate\":\"https:\\\/\\\/www.sportshine.eu\\\/?s={search_term_string}\"},\"query-input\":{\"@type\":\"PropertyValueSpecification\",\"valueRequired\":true,\"valueName\":\"search_term_string\"}}],\"inLanguage\":\"hr\"},{\"@type\":\"Organization\",\"@id\":\"https:\\\/\\\/www.sportshine.eu\\\/#organization\",\"name\":\"Sportshine\",\"url\":\"https:\\\/\\\/www.sportshine.eu\\\/\",\"logo\":{\"@type\":\"ImageObject\",\"inLanguage\":\"hr\",\"@id\":\"https:\\\/\\\/www.sportshine.eu\\\/#\\\/schema\\\/logo\\\/image\\\/\",\"url\":\"https:\\\/\\\/www.sportshine.eu\\\/wp-content\\\/uploads\\\/2026\\\/01\\\/cropped-Sportshine.webp\",\"contentUrl\":\"https:\\\/\\\/www.sportshine.eu\\\/wp-content\\\/uploads\\\/2026\\\/01\\\/cropped-Sportshine.webp\",\"width\":295,\"height\":128,\"caption\":\"Sportshine\"},\"image\":{\"@id\":\"https:\\\/\\\/www.sportshine.eu\\\/#\\\/schema\\\/logo\\\/image\\\/\"},\"sameAs\":[\"https:\\\/\\\/www.facebook.com\\\/sportshine.eu\\\/\"]}]}<\/script>\n<!-- \/ Yoast SEO plugin. -->","yoast_head_json":{"title":"Stra\u017enje svjetlo Magicshine SEEMEE 200 V3.0","robots":{"index":"index","follow":"follow","max-snippet":"max-snippet:-1","max-image-preview":"max-image-preview:large","max-video-preview":"max-video-preview:-1"},"canonical":"https:\/\/www.sportshine.eu\/hr\/ducan\/straznje-svjetlo-magicshine-seemee-200-v3-0\/","og_locale":"hr_HR","og_type":"article","og_title":"Magicshine SEEMEE 200 V3.0 zadnja lu\u010d","og_description":"Magicshine SEEMEE 200 V3.0 je zmogljiva kolesarska lu\u010d namenjena vsem ljubiteljem kolesarjena. Z maksimalno svetilnostjo 200 lumnov in vidljivostjo osvetlitve 260\u00b0 zagotavlja izjemno vidnost na poti. 360\u00b0 sledilna lu\u010d znatno pove\u010duje u\u010dinkovitost opozarjanja. Vgrajeni senzor gibanja samodejno preklopi na najve\u010djo svetilnost ob zaviranju, medtem ko svetlobni senzor prilagaja svetilnost glede na svetlobo \u010dez dan. Lu\u010d ima funkcijo spomina in indikator baterije ter se polni prek USB-C. Vodoodporna je z oceno IPX 6. V na\u010dinu nizke porabe se pri preostali mo\u010di pod 10% samodejno preklopi na ECO na\u010din.","og_url":"https:\/\/www.sportshine.eu\/hr\/ducan\/straznje-svjetlo-magicshine-seemee-200-v3-0\/","og_site_name":"Sportshine","article_publisher":"https:\/\/www.facebook.com\/sportshine.eu\/","article_modified_time":"2026-04-15T22:32:00+00:00","og_image":[{"width":800,"height":800,"url":"https:\/\/www.sportshine.eu\/wp-content\/uploads\/2025\/07\/Magicshine-Seemee-200.webp","type":"image\/webp"}],"twitter_card":"summary_large_image","twitter_misc":{"Procijenjeno vrijeme \u010ditanja":"2 minute"},"schema":{"@context":"https:\/\/schema.org","@graph":[{"@type":"WebPage","@id":"https:\/\/www.sportshine.eu\/trgovina\/magicshine-seemee-200-v3-0-zadnja-luc\/","url":"https:\/\/www.sportshine.eu\/trgovina\/magicshine-seemee-200-v3-0-zadnja-luc\/","name":"Stra\u017enje svjetlo Magicshine SEEMEE 200 V3.0","isPartOf":{"@id":"https:\/\/www.sportshine.eu\/#website"},"primaryImageOfPage":{"@id":"https:\/\/www.sportshine.eu\/trgovina\/magicshine-seemee-200-v3-0-zadnja-luc\/#primaryimage"},"image":{"@id":"https:\/\/www.sportshine.eu\/trgovina\/magicshine-seemee-200-v3-0-zadnja-luc\/#primaryimage"},"thumbnailUrl":"https:\/\/www.sportshine.eu\/wp-content\/uploads\/2025\/07\/Magicshine-Seemee-200.webp","datePublished":"2025-07-05T19:45:18+00:00","dateModified":"2026-04-15T22:32:00+00:00","breadcrumb":{"@id":"https:\/\/www.sportshine.eu\/trgovina\/magicshine-seemee-200-v3-0-zadnja-luc\/#breadcrumb"},"inLanguage":"hr","potentialAction":[{"@type":"ReadAction","target":["https:\/\/www.sportshine.eu\/trgovina\/magicshine-seemee-200-v3-0-zadnja-luc\/"]}]},{"@type":"ImageObject","inLanguage":"hr","@id":"https:\/\/www.sportshine.eu\/trgovina\/magicshine-seemee-200-v3-0-zadnja-luc\/#primaryimage","url":"https:\/\/www.sportshine.eu\/wp-content\/uploads\/2025\/07\/Magicshine-Seemee-200.webp","contentUrl":"https:\/\/www.sportshine.eu\/wp-content\/uploads\/2025\/07\/Magicshine-Seemee-200.webp","width":800,"height":800},{"@type":"BreadcrumbList","@id":"https:\/\/www.sportshine.eu\/trgovina\/magicshine-seemee-200-v3-0-zadnja-luc\/#breadcrumb","itemListElement":[{"@type":"ListItem","position":1,"name":"Home","item":"https:\/\/www.sportshine.eu\/"},{"@type":"ListItem","position":2,"name":"Trgovina","item":"https:\/\/www.sportshine.eu\/trgovina\/"},{"@type":"ListItem","position":3,"name":"Magicshine SEEMEE 200 V3.0 zadnja lu\u010d"}]},{"@type":"WebSite","@id":"https:\/\/www.sportshine.eu\/#website","url":"https:\/\/www.sportshine.eu\/","name":"Sportshine","description":"Vrhunska online trgovina za biciklisti\u010dke i \u010deone svjetiljke i opremu","publisher":{"@id":"https:\/\/www.sportshine.eu\/#organization"},"potentialAction":[{"@type":"SearchAction","target":{"@type":"EntryPoint","urlTemplate":"https:\/\/www.sportshine.eu\/?s={search_term_string}"},"query-input":{"@type":"PropertyValueSpecification","valueRequired":true,"valueName":"search_term_string"}}],"inLanguage":"hr"},{"@type":"Organization","@id":"https:\/\/www.sportshine.eu\/#organization","name":"Sportshine","url":"https:\/\/www.sportshine.eu\/","logo":{"@type":"ImageObject","inLanguage":"hr","@id":"https:\/\/www.sportshine.eu\/#\/schema\/logo\/image\/","url":"https:\/\/www.sportshine.eu\/wp-content\/uploads\/2026\/01\/cropped-Sportshine.webp","contentUrl":"https:\/\/www.sportshine.eu\/wp-content\/uploads\/2026\/01\/cropped-Sportshine.webp","width":295,"height":128,"caption":"Sportshine"},"image":{"@id":"https:\/\/www.sportshine.eu\/#\/schema\/logo\/image\/"},"sameAs":["https:\/\/www.facebook.com\/sportshine.eu\/"]}]}},"_links":{"self":[{"href":"https:\/\/www.sportshine.eu\/hr\/wp-json\/wp\/v2\/product\/6454","targetHints":{"allow":["GET"]}}],"collection":[{"href":"https:\/\/www.sportshine.eu\/hr\/wp-json\/wp\/v2\/product"}],"about":[{"href":"https:\/\/www.sportshine.eu\/hr\/wp-json\/wp\/v2\/types\/product"}],"replies":[{"embeddable":true,"href":"https:\/\/www.sportshine.eu\/hr\/wp-json\/wp\/v2\/comments?post=6454"}],"version-history":[{"count":0,"href":"https:\/\/www.sportshine.eu\/hr\/wp-json\/wp\/v2\/product\/6454\/revisions"}],"wp:featuredmedia":[{"embeddable":true,"href":"https:\/\/www.sportshine.eu\/hr\/wp-json\/wp\/v2\/media\/6015"}],"wp:attachment":[{"href":"https:\/\/www.sportshine.eu\/hr\/wp-json\/wp\/v2\/media?parent=6454"}],"wp:term":[{"taxonomy":"product_brand","embeddable":true,"href":"https:\/\/www.sportshine.eu\/hr\/wp-json\/wp\/v2\/product_brand?post=6454"},{"taxonomy":"product_cat","embeddable":true,"href":"https:\/\/www.sportshine.eu\/hr\/wp-json\/wp\/v2\/product_cat?post=6454"},{"taxonomy":"product_tag","embeddable":true,"href":"https:\/\/www.sportshine.eu\/hr\/wp-json\/wp\/v2\/product_tag?post=6454"}],"curies":[{"name":"radni list","href":"https:\/\/api.w.org\/{rel}","templated":true}]}}