{"id":6453,"date":"2025-07-05T19:45:16","date_gmt":"2025-07-05T19:45:16","guid":{"rendered":"https:\/\/www.sportshine.eu\/?post_type=product&#038;p=6453"},"modified":"2025-11-25T11:02:07","modified_gmt":"2025-11-25T11:02:07","slug":"magicshine-seemee-50-mag-svjetlo-za-bicikl","status":"publish","type":"product","link":"https:\/\/www.sportshine.eu\/hr\/ducan\/magicshine-seemee-50-mag-svjetlo-za-bicikl\/","title":{"rendered":"Magicshine SEEMEE 50 MAG svjetlo za bicikl"},"content":{"rendered":"<h3 style=\"text-align: center;\">PREDSTAVLJANJE MAGICSHINE SEEMEE 50MAG CIKLISTI\u010cKE SVJETLE<\/h3>\n<p><iframe loading=\"lazy\" title=\"MAGICSHINE SEEMEE 50 MAG Pametno magnetsko stra\u017enje svjetlo\" width=\"500\" height=\"281\" src=\"https:\/\/www.youtube.com\/embed\/3OLk8T18VUY?feature=oembed\" frameborder=\"0\" allow=\"accelerometer; autoplay; clipboard-write; encrypted-media; gyroscope; picture-in-picture; web-share\" referrerpolicy=\"strict-origin-when-cross-origin\" allowfullscreen><\/iframe><\/p>\n<h3><\/h3>\n<h3 style=\"text-align: center;\">SINHRONIZACIJA TREPETANJA PELETONA<\/h3>\n<p style=\"text-align: center;\">PelotonSync tehnologija, ugra\u0111ena u SEEMEE 50MAG svjetlo za bicikl, donosi novu razinu sigurnosti biciklistima. Kada se dva ili vi\u0161e svjetala pribli\u017ee jedno drugome, njihovo bljeskanje se sinkronizira, stvaraju\u0107i impresivan vizualni efekt. Ova sinkronizirana svjetla zatim emitiraju jedan crveni signal koji je vidljiviji drugim sudionicima u prometu, pove\u0107avaju\u0107i sigurnost biciklista.<\/p>\n<p><img decoding=\"async\" class=\"aligncenter wp-image-7373\" src=\"https:\/\/www.sportshine.eu\/wp-content\/uploads\/2025\/07\/Magicshine-SEEMEE-50MAG-kolesarska-luc.webp\" alt=\"Magicshine SEEMEE 50MAG svjetlo za bicikl\" width=\"800\" height=\"600\" srcset=\"https:\/\/www.sportshine.eu\/wp-content\/uploads\/2025\/07\/Magicshine-SEEMEE-50MAG-kolesarska-luc-768x576.webp 768w, https:\/\/www.sportshine.eu\/wp-content\/uploads\/2025\/07\/Magicshine-SEEMEE-50MAG-kolesarska-luc-600x450.webp 600w\" sizes=\"(max-width: 800px) 100vw, 800px\" \/><\/p>\n<p>&nbsp;<\/p>\n<h3 style=\"text-align: center;\">INOVATIVNO MAGNETSKO PRI\u010cVR\u0160\u0106IVANJE<\/h3>\n<p style=\"text-align: center;\">Pogodno za LUMOS Ultra Fly\/Aero kacige, magnetsko pri\u010dvr\u0161\u0107ivanje. Garmin nosa\u010d za brzo otpu\u0161tanje omogu\u0107uje jednostavnu monta\u017eu na sjedala ili cijevi sjedala.<\/p>\n<p><img decoding=\"async\" class=\"aligncenter wp-image-7375\" src=\"https:\/\/www.sportshine.eu\/wp-content\/uploads\/2025\/07\/Magicshine-SEEMEE-50MAG-kolesarska-luc-1.webp\" alt=\"\" width=\"800\" height=\"600\" srcset=\"https:\/\/www.sportshine.eu\/wp-content\/uploads\/2025\/07\/Magicshine-SEEMEE-50MAG-kolesarska-luc-1-768x576.webp 768w, https:\/\/www.sportshine.eu\/wp-content\/uploads\/2025\/07\/Magicshine-SEEMEE-50MAG-kolesarska-luc-1-600x450.webp 600w\" sizes=\"(max-width: 800px) 100vw, 800px\" \/><\/p>\n<p>&nbsp;<\/p>\n<h3 style=\"text-align: center;\">DVOSTRUKI IZVOR SVJETLA<\/h3>\n<p style=\"text-align: center;\">Opremljeno crvenim i bijelim svjetlom od 50 lumena, SEEMEE 50MAG funkcionira kao dnevno svjetlo (DRL) i stra\u017enje svjetlo, osiguravaju\u0107i sigurnost u svakom trenutku.<\/p>\n<p><img decoding=\"async\" class=\"aligncenter wp-image-7376\" src=\"https:\/\/www.sportshine.eu\/wp-content\/uploads\/2025\/07\/Magicshine-SEEMEE-50MAG-kolesarska-luc-2.webp\" alt=\"Magicshine SEEMEE 50MAG svjetlo za bicikl\" width=\"800\" height=\"600\" srcset=\"https:\/\/www.sportshine.eu\/wp-content\/uploads\/2025\/07\/Magicshine-SEEMEE-50MAG-kolesarska-luc-2-768x576.webp 768w, https:\/\/www.sportshine.eu\/wp-content\/uploads\/2025\/07\/Magicshine-SEEMEE-50MAG-kolesarska-luc-2-600x450.webp 600w\" sizes=\"(max-width: 800px) 100vw, 800px\" \/><\/p>\n<p>&nbsp;<\/p>\n<h3 style=\"text-align: center;\">LAKO \u010cITLJIV INDIKATOR<\/h3>\n<p style=\"text-align: center;\">Jednostavno kliknite prekida\u010d kako biste prikazali koliko vam je kapaciteta preostalo. Kada je svjetlo isklju\u010deno, kliknite gumb 3 sekunde i prikazat \u0107e se preostala razina baterije.<\/p>\n<p><img decoding=\"async\" class=\"aligncenter wp-image-7377\" src=\"https:\/\/www.sportshine.eu\/wp-content\/uploads\/2025\/07\/Magicshine-SEEMEE-50MAG-kolesarska-luc-3.webp\" alt=\"Magicshine SEEMEE 50MAG svjetlo za bicikl\" width=\"800\" height=\"600\" srcset=\"https:\/\/www.sportshine.eu\/wp-content\/uploads\/2025\/07\/Magicshine-SEEMEE-50MAG-kolesarska-luc-3-768x576.webp 768w, https:\/\/www.sportshine.eu\/wp-content\/uploads\/2025\/07\/Magicshine-SEEMEE-50MAG-kolesarska-luc-3-600x450.webp 600w\" sizes=\"(max-width: 800px) 100vw, 800px\" \/><\/p>\n<p>&nbsp;<\/p>\n<h3 style=\"text-align: center;\">PAMETNA ZA\u0160TITA SA ZAKLJU\u010cAVANJEM<\/h3>\n<p style=\"text-align: center;\">Inovativni sustav zaklju\u010davanja sprje\u010dava slu\u010dajno aktiviranje, osiguravaju\u0107i bezbri\u017eno no\u0161enje ili pohranu uz o\u010duvanje vijeka trajanja baterije.<\/p>\n<p><img decoding=\"async\" class=\"aligncenter wp-image-7378\" src=\"https:\/\/www.sportshine.eu\/wp-content\/uploads\/2025\/07\/Magicshine-SEEMEE-50MAG-kolesarska-luc-4.webp\" alt=\"Magicshine SEEMEE 50MAG svjetlo za bicikl\" width=\"800\" height=\"600\" srcset=\"https:\/\/www.sportshine.eu\/wp-content\/uploads\/2025\/07\/Magicshine-SEEMEE-50MAG-kolesarska-luc-4-768x576.webp 768w, https:\/\/www.sportshine.eu\/wp-content\/uploads\/2025\/07\/Magicshine-SEEMEE-50MAG-kolesarska-luc-4-600x450.webp 600w\" sizes=\"(max-width: 800px) 100vw, 800px\" \/><\/p>\n<p>&nbsp;<\/p>\n<h3 style=\"text-align: center;\">DUGOTRAJNA BATERIJA<\/h3>\n<p style=\"text-align: center;\">Napaja ga baterija od 350 mAh, koja omogu\u0107uje do 28,5 sati reprodukcije, a mo\u017ee se potpuno napuniti za samo 1,5 sati putem USB-C priklju\u010dka.<\/p>\n<p><img decoding=\"async\" class=\"aligncenter wp-image-7379\" src=\"https:\/\/www.sportshine.eu\/wp-content\/uploads\/2025\/07\/Magicshine-SEEMEE-50MAG-kolesarska-luc-5.webp\" alt=\"Magicshine SEEMEE 50MAG svjetlo za bicikl\" width=\"800\" height=\"600\" srcset=\"https:\/\/www.sportshine.eu\/wp-content\/uploads\/2025\/07\/Magicshine-SEEMEE-50MAG-kolesarska-luc-5-768x576.webp 768w, https:\/\/www.sportshine.eu\/wp-content\/uploads\/2025\/07\/Magicshine-SEEMEE-50MAG-kolesarska-luc-5-600x450.webp 600w\" sizes=\"(max-width: 800px) 100vw, 800px\" \/><\/p>\n<h3 style=\"text-align: center;\"><\/h3>\n<h3 style=\"text-align: center;\">VODOOTPORAN PREMA IPX6 STANDARDU<\/h3>\n<p style=\"text-align: center;\">S IPX6 certifikatom, SEEMEE 50MAG je otporan na ki\u0161u i nepovoljne vremenske uvjete, osiguravaju\u0107i pouzdan rad.<\/p>\n<p><img decoding=\"async\" class=\"aligncenter wp-image-7380\" src=\"https:\/\/www.sportshine.eu\/wp-content\/uploads\/2025\/07\/Magicshine-SEEMEE-50MAG-kolesarska-luc-6.webp\" alt=\"Magicshine SEEMEE 50MAG svjetlo za bicikl\" width=\"800\" height=\"600\" srcset=\"https:\/\/www.sportshine.eu\/wp-content\/uploads\/2025\/07\/Magicshine-SEEMEE-50MAG-kolesarska-luc-6-768x576.webp 768w, https:\/\/www.sportshine.eu\/wp-content\/uploads\/2025\/07\/Magicshine-SEEMEE-50MAG-kolesarska-luc-6-600x450.webp 600w\" sizes=\"(max-width: 800px) 100vw, 800px\" \/><\/p>\n<p>&nbsp;<\/p>\n<h3 style=\"text-align: center;\">\u0160TO DOBIVATE U PAKETU?<\/h3>\n<p><img decoding=\"async\" class=\"aligncenter wp-image-7381\" src=\"https:\/\/www.sportshine.eu\/wp-content\/uploads\/2025\/07\/Magicshine-SEEMEE-50MAG-kolesarska-luc-7.webp\" alt=\"Magicshine SEEMEE 50MAG svjetlo za bicikl\" width=\"800\" height=\"600\" \/><\/p>\n<p>&nbsp;<\/p>\n<p style=\"text-align: center;\">SEEMEE 50MAG svjetlo za bicikl * 1<br \/>\nAdapter za brzo otpu\u0161tanje * 1<br \/>\nNosa\u010d sjedala (uklju\u010duje remen) * 1<br \/>\nNosa\u010d cijevi sjedala * 1<br \/>\nUSB-C kabel za punjenje * 1<br \/>\nKorisni\u010dki priru\u010dnik * 1<\/p>","protected":false},"excerpt":{"rendered":"<p>Magicshine SEEMEE 50MAG svjetlo za bicikl je potpuno novi proizvod tvrtke Magicshine. Inovativno svjetlo za bicikl s ugra\u0111enom funkcijom mo\u017ee se koristiti kao bijelo prednje svjetlo ili crveno stra\u017enje svjetlo.<\/p>\n<p><span style=\"color: #99cc00;\">\u2714<\/span> Visoko u\u010dinkovita LED \u017earulja pru\u017ea maksimalni izlaz od 50 lumena.<br \/>\n<span style=\"color: #99cc00;\">\u2714 <\/span>Crveni i bijeli dvostruki izvor svjetla mo\u017ee se koristiti kao dnevno svjetlo (DRL) ili stra\u017enje svjetlo.<br \/>\n<span style=\"color: #99cc00;\">\u2714<\/span> PelotonSync Flash tehnologija, kompatibilna sa stra\u017enjim svjetlima istog modela ili SEEMEE 50 V2.0 za pove\u0107anu sigurnost i timski duh.<br \/>\n<span style=\"color: #99cc00;\">\u2714<\/span> FTR LightSync tehnologija upravljanja, kompatibilna s prednjim svjetlima ALLTY 800 V2.0\/1200\/1200U\/3000 i daljinskim upravlja\u010dem MJ-6558 za inteligentno upravljanje jednim prstom.<br \/>\n<span style=\"color: #99cc00;\">\u2714<\/span> Magnetski nosa\u010d i brzo otpu\u0161tanje u Garminovom stilu.<br \/>\n<span style=\"color: #99cc00;\">\u2714 <\/span>Kompatibilno s kacigama LUMOS Ultra Fly i Ultra Aero serije.<br \/>\n<span style=\"color: #99cc00;\">\u2714<\/span> Funkcija zaklju\u010davanja sprje\u010dava slu\u010dajno aktiviranje.<br \/>\n<span style=\"color: #99cc00;\">\u2714<\/span> Funkcija memorije, lako \u010ditljiv indikator baterije i punjenje putem USB-C priklju\u010dka.<br \/>\n<span style=\"color: #99cc00;\">\u2714<\/span> IPX6 otporan na jaku ki\u0161u.<\/p>","protected":false},"featured_media":6006,"comment_status":"open","ping_status":"closed","template":"","meta":[],"product_brand":[131],"product_cat":[86],"product_tag":[],"class_list":{"0":"post-6453","1":"product","2":"type-product","3":"status-publish","4":"has-post-thumbnail","6":"product_brand-magicshine","7":"product_cat-zadnje-kolesarske-luci","9":"first","10":"instock","11":"taxable","12":"shipping-taxable","13":"purchasable","14":"product-type-simple"},"yoast_head":"<!-- This site is optimized with the Yoast SEO plugin v27.3 - https:\/\/yoast.com\/product\/yoast-seo-wordpress\/ -->\n<title>Magicshine SEEMEE 50 MAG kolesarska lu\u010d<\/title>\n<meta name=\"description\" content=\"Magicshine SEEMEE 50MAG kolesarska lu\u010d z magnetnim zapenjajem, mo\u017enost namestitve pod sede\u017e in sinhronizacije svetlobe z drugo lu\u010djo.\" \/>\n<meta name=\"robots\" content=\"index, follow, max-snippet:-1, max-image-preview:large, max-video-preview:-1\" \/>\n<link rel=\"canonical\" href=\"https:\/\/www.sportshine.eu\/hr\/ducan\/magicshine-seemee-50-mag-svjetlo-za-bicikl\/\" \/>\n<meta property=\"og:locale\" content=\"hr_HR\" \/>\n<meta property=\"og:type\" content=\"article\" \/>\n<meta property=\"og:title\" content=\"Magicshine SEEMEE 50 MAG kolesarska lu\u010d\" \/>\n<meta property=\"og:description\" content=\"Magicshine SEEMEE 50MAG kolesarska lu\u010d z magnetnim zapenjajem, mo\u017enost namestitve pod sede\u017e in sinhronizacije svetlobe z drugo lu\u010djo.\" \/>\n<meta property=\"og:url\" content=\"https:\/\/www.sportshine.eu\/hr\/ducan\/magicshine-seemee-50-mag-svjetlo-za-bicikl\/\" \/>\n<meta property=\"og:site_name\" content=\"Sportshine\" \/>\n<meta property=\"article:publisher\" content=\"https:\/\/www.facebook.com\/sportshine.eu\/\" \/>\n<meta property=\"article:modified_time\" content=\"2025-11-25T11:02:07+00:00\" \/>\n<meta property=\"og:image\" content=\"https:\/\/www.sportshine.eu\/wp-content\/uploads\/2025\/07\/Magicshine-SEEMEE-50-MAG-kolesarska-luc.webp\" \/>\n\t<meta property=\"og:image:width\" content=\"800\" \/>\n\t<meta property=\"og:image:height\" content=\"800\" \/>\n\t<meta property=\"og:image:type\" content=\"image\/webp\" \/>\n<meta name=\"twitter:card\" content=\"summary_large_image\" \/>\n<meta name=\"twitter:label1\" content=\"Procijenjeno vrijeme \u010ditanja\" \/>\n\t<meta name=\"twitter:data1\" content=\"3 minute\" \/>\n<script type=\"application\/ld+json\" class=\"yoast-schema-graph\">{\"@context\":\"https:\\\/\\\/schema.org\",\"@graph\":[{\"@type\":\"WebPage\",\"@id\":\"https:\\\/\\\/www.sportshine.eu\\\/trgovina\\\/magicshine-seemee-50-mag-kolesarska-luc\\\/\",\"url\":\"https:\\\/\\\/www.sportshine.eu\\\/trgovina\\\/magicshine-seemee-50-mag-kolesarska-luc\\\/\",\"name\":\"Magicshine SEEMEE 50 MAG kolesarska lu\u010d\",\"isPartOf\":{\"@id\":\"https:\\\/\\\/www.sportshine.eu\\\/#website\"},\"primaryImageOfPage\":{\"@id\":\"https:\\\/\\\/www.sportshine.eu\\\/trgovina\\\/magicshine-seemee-50-mag-kolesarska-luc\\\/#primaryimage\"},\"image\":{\"@id\":\"https:\\\/\\\/www.sportshine.eu\\\/trgovina\\\/magicshine-seemee-50-mag-kolesarska-luc\\\/#primaryimage\"},\"thumbnailUrl\":\"https:\\\/\\\/www.sportshine.eu\\\/wp-content\\\/uploads\\\/2025\\\/07\\\/Magicshine-SEEMEE-50-MAG-kolesarska-luc.webp\",\"datePublished\":\"2025-07-05T19:45:16+00:00\",\"dateModified\":\"2025-11-25T11:02:07+00:00\",\"description\":\"Magicshine SEEMEE 50MAG kolesarska lu\u010d z magnetnim zapenjajem, mo\u017enost namestitve pod sede\u017e in sinhronizacije svetlobe z drugo lu\u010djo.\",\"breadcrumb\":{\"@id\":\"https:\\\/\\\/www.sportshine.eu\\\/trgovina\\\/magicshine-seemee-50-mag-kolesarska-luc\\\/#breadcrumb\"},\"inLanguage\":\"hr\",\"potentialAction\":[{\"@type\":\"ReadAction\",\"target\":[\"https:\\\/\\\/www.sportshine.eu\\\/trgovina\\\/magicshine-seemee-50-mag-kolesarska-luc\\\/\"]}]},{\"@type\":\"ImageObject\",\"inLanguage\":\"hr\",\"@id\":\"https:\\\/\\\/www.sportshine.eu\\\/trgovina\\\/magicshine-seemee-50-mag-kolesarska-luc\\\/#primaryimage\",\"url\":\"https:\\\/\\\/www.sportshine.eu\\\/wp-content\\\/uploads\\\/2025\\\/07\\\/Magicshine-SEEMEE-50-MAG-kolesarska-luc.webp\",\"contentUrl\":\"https:\\\/\\\/www.sportshine.eu\\\/wp-content\\\/uploads\\\/2025\\\/07\\\/Magicshine-SEEMEE-50-MAG-kolesarska-luc.webp\",\"width\":800,\"height\":800},{\"@type\":\"BreadcrumbList\",\"@id\":\"https:\\\/\\\/www.sportshine.eu\\\/trgovina\\\/magicshine-seemee-50-mag-kolesarska-luc\\\/#breadcrumb\",\"itemListElement\":[{\"@type\":\"ListItem\",\"position\":1,\"name\":\"Home\",\"item\":\"https:\\\/\\\/www.sportshine.eu\\\/\"},{\"@type\":\"ListItem\",\"position\":2,\"name\":\"Trgovina\",\"item\":\"https:\\\/\\\/www.sportshine.eu\\\/trgovina\\\/\"},{\"@type\":\"ListItem\",\"position\":3,\"name\":\"Magicshine SEEMEE 50 MAG kolesarska lu\u010d\"}]},{\"@type\":\"WebSite\",\"@id\":\"https:\\\/\\\/www.sportshine.eu\\\/#website\",\"url\":\"https:\\\/\\\/www.sportshine.eu\\\/\",\"name\":\"Sportshine\",\"description\":\"Top spletna trgovina kolesarskih in naglavnih svetilk ter opreme\",\"publisher\":{\"@id\":\"https:\\\/\\\/www.sportshine.eu\\\/#organization\"},\"potentialAction\":[{\"@type\":\"SearchAction\",\"target\":{\"@type\":\"EntryPoint\",\"urlTemplate\":\"https:\\\/\\\/www.sportshine.eu\\\/?s={search_term_string}\"},\"query-input\":{\"@type\":\"PropertyValueSpecification\",\"valueRequired\":true,\"valueName\":\"search_term_string\"}}],\"inLanguage\":\"hr\"},{\"@type\":\"Organization\",\"@id\":\"https:\\\/\\\/www.sportshine.eu\\\/#organization\",\"name\":\"Sportshine\",\"url\":\"https:\\\/\\\/www.sportshine.eu\\\/\",\"logo\":{\"@type\":\"ImageObject\",\"inLanguage\":\"hr\",\"@id\":\"https:\\\/\\\/www.sportshine.eu\\\/#\\\/schema\\\/logo\\\/image\\\/\",\"url\":\"https:\\\/\\\/www.sportshine.eu\\\/wp-content\\\/uploads\\\/2026\\\/01\\\/cropped-Sportshine.webp\",\"contentUrl\":\"https:\\\/\\\/www.sportshine.eu\\\/wp-content\\\/uploads\\\/2026\\\/01\\\/cropped-Sportshine.webp\",\"width\":295,\"height\":128,\"caption\":\"Sportshine\"},\"image\":{\"@id\":\"https:\\\/\\\/www.sportshine.eu\\\/#\\\/schema\\\/logo\\\/image\\\/\"},\"sameAs\":[\"https:\\\/\\\/www.facebook.com\\\/sportshine.eu\\\/\"]}]}<\/script>\n<!-- \/ Yoast SEO plugin. -->","yoast_head_json":{"title":"Magicshine SEEMEE 50 MAG svjetlo za bicikl","description":"Magicshine SEEMEE 50MAG svjetlo za bicikl s magnetskim pri\u010dvr\u0161\u0107ivanjem, mogu\u0107no\u0161\u0107u ugradnje ispod sjedala i sinkronizacijom svjetla s drugim svjetlom.","robots":{"index":"index","follow":"follow","max-snippet":"max-snippet:-1","max-image-preview":"max-image-preview:large","max-video-preview":"max-video-preview:-1"},"canonical":"https:\/\/www.sportshine.eu\/hr\/ducan\/magicshine-seemee-50-mag-svjetlo-za-bicikl\/","og_locale":"hr_HR","og_type":"article","og_title":"Magicshine SEEMEE 50 MAG kolesarska lu\u010d","og_description":"Magicshine SEEMEE 50MAG kolesarska lu\u010d z magnetnim zapenjajem, mo\u017enost namestitve pod sede\u017e in sinhronizacije svetlobe z drugo lu\u010djo.","og_url":"https:\/\/www.sportshine.eu\/hr\/ducan\/magicshine-seemee-50-mag-svjetlo-za-bicikl\/","og_site_name":"Sportshine","article_publisher":"https:\/\/www.facebook.com\/sportshine.eu\/","article_modified_time":"2025-11-25T11:02:07+00:00","og_image":[{"width":800,"height":800,"url":"https:\/\/www.sportshine.eu\/wp-content\/uploads\/2025\/07\/Magicshine-SEEMEE-50-MAG-kolesarska-luc.webp","type":"image\/webp"}],"twitter_card":"summary_large_image","twitter_misc":{"Procijenjeno vrijeme \u010ditanja":"3 minute"},"schema":{"@context":"https:\/\/schema.org","@graph":[{"@type":"WebPage","@id":"https:\/\/www.sportshine.eu\/trgovina\/magicshine-seemee-50-mag-kolesarska-luc\/","url":"https:\/\/www.sportshine.eu\/trgovina\/magicshine-seemee-50-mag-kolesarska-luc\/","name":"Magicshine SEEMEE 50 MAG svjetlo za bicikl","isPartOf":{"@id":"https:\/\/www.sportshine.eu\/#website"},"primaryImageOfPage":{"@id":"https:\/\/www.sportshine.eu\/trgovina\/magicshine-seemee-50-mag-kolesarska-luc\/#primaryimage"},"image":{"@id":"https:\/\/www.sportshine.eu\/trgovina\/magicshine-seemee-50-mag-kolesarska-luc\/#primaryimage"},"thumbnailUrl":"https:\/\/www.sportshine.eu\/wp-content\/uploads\/2025\/07\/Magicshine-SEEMEE-50-MAG-kolesarska-luc.webp","datePublished":"2025-07-05T19:45:16+00:00","dateModified":"2025-11-25T11:02:07+00:00","description":"Magicshine SEEMEE 50MAG svjetlo za bicikl s magnetskim pri\u010dvr\u0161\u0107ivanjem, mogu\u0107no\u0161\u0107u ugradnje ispod sjedala i sinkronizacijom svjetla s drugim svjetlom.","breadcrumb":{"@id":"https:\/\/www.sportshine.eu\/trgovina\/magicshine-seemee-50-mag-kolesarska-luc\/#breadcrumb"},"inLanguage":"hr","potentialAction":[{"@type":"ReadAction","target":["https:\/\/www.sportshine.eu\/trgovina\/magicshine-seemee-50-mag-kolesarska-luc\/"]}]},{"@type":"ImageObject","inLanguage":"hr","@id":"https:\/\/www.sportshine.eu\/trgovina\/magicshine-seemee-50-mag-kolesarska-luc\/#primaryimage","url":"https:\/\/www.sportshine.eu\/wp-content\/uploads\/2025\/07\/Magicshine-SEEMEE-50-MAG-kolesarska-luc.webp","contentUrl":"https:\/\/www.sportshine.eu\/wp-content\/uploads\/2025\/07\/Magicshine-SEEMEE-50-MAG-kolesarska-luc.webp","width":800,"height":800},{"@type":"BreadcrumbList","@id":"https:\/\/www.sportshine.eu\/trgovina\/magicshine-seemee-50-mag-kolesarska-luc\/#breadcrumb","itemListElement":[{"@type":"ListItem","position":1,"name":"Home","item":"https:\/\/www.sportshine.eu\/"},{"@type":"ListItem","position":2,"name":"Trgovina","item":"https:\/\/www.sportshine.eu\/trgovina\/"},{"@type":"ListItem","position":3,"name":"Magicshine SEEMEE 50 MAG kolesarska lu\u010d"}]},{"@type":"WebSite","@id":"https:\/\/www.sportshine.eu\/#website","url":"https:\/\/www.sportshine.eu\/","name":"Sportshine","description":"Vrhunska online trgovina za biciklisti\u010dke i \u010deone svjetiljke i opremu","publisher":{"@id":"https:\/\/www.sportshine.eu\/#organization"},"potentialAction":[{"@type":"SearchAction","target":{"@type":"EntryPoint","urlTemplate":"https:\/\/www.sportshine.eu\/?s={search_term_string}"},"query-input":{"@type":"PropertyValueSpecification","valueRequired":true,"valueName":"search_term_string"}}],"inLanguage":"hr"},{"@type":"Organization","@id":"https:\/\/www.sportshine.eu\/#organization","name":"Sportshine","url":"https:\/\/www.sportshine.eu\/","logo":{"@type":"ImageObject","inLanguage":"hr","@id":"https:\/\/www.sportshine.eu\/#\/schema\/logo\/image\/","url":"https:\/\/www.sportshine.eu\/wp-content\/uploads\/2026\/01\/cropped-Sportshine.webp","contentUrl":"https:\/\/www.sportshine.eu\/wp-content\/uploads\/2026\/01\/cropped-Sportshine.webp","width":295,"height":128,"caption":"Sportshine"},"image":{"@id":"https:\/\/www.sportshine.eu\/#\/schema\/logo\/image\/"},"sameAs":["https:\/\/www.facebook.com\/sportshine.eu\/"]}]}},"_links":{"self":[{"href":"https:\/\/www.sportshine.eu\/hr\/wp-json\/wp\/v2\/product\/6453","targetHints":{"allow":["GET"]}}],"collection":[{"href":"https:\/\/www.sportshine.eu\/hr\/wp-json\/wp\/v2\/product"}],"about":[{"href":"https:\/\/www.sportshine.eu\/hr\/wp-json\/wp\/v2\/types\/product"}],"replies":[{"embeddable":true,"href":"https:\/\/www.sportshine.eu\/hr\/wp-json\/wp\/v2\/comments?post=6453"}],"version-history":[{"count":0,"href":"https:\/\/www.sportshine.eu\/hr\/wp-json\/wp\/v2\/product\/6453\/revisions"}],"wp:featuredmedia":[{"embeddable":true,"href":"https:\/\/www.sportshine.eu\/hr\/wp-json\/wp\/v2\/media\/6006"}],"wp:attachment":[{"href":"https:\/\/www.sportshine.eu\/hr\/wp-json\/wp\/v2\/media?parent=6453"}],"wp:term":[{"taxonomy":"product_brand","embeddable":true,"href":"https:\/\/www.sportshine.eu\/hr\/wp-json\/wp\/v2\/product_brand?post=6453"},{"taxonomy":"product_cat","embeddable":true,"href":"https:\/\/www.sportshine.eu\/hr\/wp-json\/wp\/v2\/product_cat?post=6453"},{"taxonomy":"product_tag","embeddable":true,"href":"https:\/\/www.sportshine.eu\/hr\/wp-json\/wp\/v2\/product_tag?post=6453"}],"curies":[{"name":"radni list","href":"https:\/\/api.w.org\/{rel}","templated":true}]}}