{"id":6437,"date":"2025-07-09T19:44:56","date_gmt":"2025-07-09T19:44:56","guid":{"rendered":"https:\/\/www.sportshine.eu\/?post_type=product&#038;p=6437"},"modified":"2026-04-14T11:26:06","modified_gmt":"2026-04-14T11:26:06","slug":"magicshine-svestrane-ruzicaste-naocale","status":"publish","type":"product","link":"https:\/\/www.sportshine.eu\/hr\/ducan\/magicshine-svestrane-ruzicaste-naocale\/","title":{"rendered":"Magicshine Versatiler ru\u017ei\u010daste nao\u010dale"},"content":{"rendered":"<p style=\"text-align: left;\">Sportske nao\u010dale Magicshine Versatiler nude vrhunsku za\u0161titu i udobnost. Prikladne su za biciklizam, tr\u010danje, skija\u0161ko tr\u010danje, vodene sportove i druge aktivnosti u slobodno vrijeme.<\/p>\n<p><strong>Zna\u010dajke:<\/strong><\/p>\n<ul>\n<li style=\"text-align: left;\"><strong>Polikarbonatna le\u0107a<\/strong>Cijela serija opremljena je polikarbonatnom le\u0107om koja pru\u017ea iznimnu za\u0161titu od sun\u010devih zraka i pro\u0161iruje va\u0161e vidno polje.<\/li>\n<li><strong>Uklonjivi nastavci<\/strong>Za dodatnu sigurnost, dostupni su odvojivi nastavci koji sprje\u010davaju kontakt izme\u0111u le\u0107e i lica tijekom intenzivnih vo\u017enji.<\/li>\n<li><strong>Pobolj\u0161ana ventilacija<\/strong>Ventilacijski sustav s rupama na donjim pri\u010dvr\u0161\u0107iva\u010dima okvira sprje\u010dava zamagljivanje i smanjuje otpor vjetra, odr\u017eavaju\u0107i jasan vid \u010dak i u zahtjevnim uvjetima.<\/li>\n<li><strong>Izdr\u017eljiv okvir<\/strong>Izra\u0111en od TR90 i TPR materijala, okvir pru\u017ea otpornost na naprezanje i zadr\u017eava svoj oblik tijekom vremena, bez obzira na va\u0161e aktivnosti.<\/li>\n<li style=\"text-align: left;\"><strong>Ultra prianjaju\u0107i jastu\u010di\u0107i za nos<\/strong>Osiguravaju sigurno prianjanje \u010dak i tijekom intenzivne aktivnosti, bez brige o klizanju.<\/li>\n<li style=\"text-align: left;\"><strong>100% UV za\u0161tita<\/strong>Le\u0107a otporna na udarce pru\u017ea potpunu za\u0161titu od \u0161tetnih UV zraka, dok prednji REVO premaz vra\u0107a boje i pobolj\u0161ava kontrast, a stra\u017enji OAR premaz smanjuje odsjaj.<\/li>\n<li style=\"text-align: left;\"><strong>Premaz protiv mrlja<\/strong>Odr\u017eava le\u0107e \u010distima i bez prljav\u0161tine, \u0161to omogu\u0107uje jednostavno odr\u017eavanje i dugotrajnu upotrebu.<\/li>\n<\/ul>\n<p><img decoding=\"async\" class=\"aligncenter wp-image-7425 size-full\" src=\"https:\/\/www.sportshine.eu\/wp-content\/uploads\/2025\/07\/Ocala-Magicshine-Versatiler-3.webp\" alt=\"Magicshine Versatiler \u010da\u0161e \" width=\"800\" height=\"800\" srcset=\"https:\/\/www.sportshine.eu\/wp-content\/uploads\/2025\/07\/Ocala-Magicshine-Versatiler-3.webp 800w, https:\/\/www.sportshine.eu\/wp-content\/uploads\/2025\/07\/Ocala-Magicshine-Versatiler-3-768x768.webp 768w, https:\/\/www.sportshine.eu\/wp-content\/uploads\/2025\/07\/Ocala-Magicshine-Versatiler-3-600x600.webp 600w\" sizes=\"(max-width: 800px) 100vw, 800px\" \/><\/p>\n<p>&nbsp;<\/p>","protected":false},"excerpt":{"rendered":"<p>Magichsine Versatiler sun\u010dane nao\u010dale kombiniraju sigurnost, performanse, stil i udobnost. Imaju odvojivi okvir (gornji i donji se mogu ukloniti), polikarbonatnu le\u0107u za \u0161iri kut gledanja, ultra-grip gumene jastu\u010di\u0107e za udobno prianjanje, napredni sustav ventilacije, premaz protiv mrlja, REVO i OAR premaz.<\/p>\n<p>\u0160to je REVO premaz? Kliknite\u00a0<span style=\"color: #339966;\"><a style=\"color: #339966;\" href=\"https:\/\/www.sportshine.eu\/hr\/originalstran\/revo-poklopac\/\">ovdje<\/a><\/span><\/p>","protected":false},"featured_media":5864,"comment_status":"open","ping_status":"closed","template":"","meta":[],"product_brand":[131],"product_cat":[104,103],"product_tag":[174],"class_list":{"0":"post-6437","1":"product","2":"type-product","3":"status-publish","4":"has-post-thumbnail","6":"product_brand-magicshine","7":"product_cat-klasicna-kolesarska-ocala","8":"product_cat-kolesarska-ocala","9":"product_tag-magicshine-ocala","11":"first","12":"instock","13":"sale","14":"taxable","15":"shipping-taxable","16":"purchasable","17":"product-type-simple"},"yoast_head":"<!-- This site is optimized with the Yoast SEO plugin v27.3 - https:\/\/yoast.com\/product\/yoast-seo-wordpress\/ -->\n<title>O\u010dala Magicshine Versatiler pink<\/title>\n<meta name=\"description\" content=\"O\u010dala Magicshine Versatiler pink so sestavljene iz polikarbonatne za\u0161\u010ditne le\u010de, kar vam omogo\u010da jasen pogled in zanesljivo za\u0161\u010dito o\u010di.\" \/>\n<meta name=\"robots\" content=\"index, follow, max-snippet:-1, max-image-preview:large, max-video-preview:-1\" \/>\n<link rel=\"canonical\" href=\"https:\/\/www.sportshine.eu\/hr\/ducan\/magicshine-svestrane-ruzicaste-naocale\/\" \/>\n<meta property=\"og:locale\" content=\"hr_HR\" \/>\n<meta property=\"og:type\" content=\"article\" \/>\n<meta property=\"og:title\" content=\"O\u010dala Magicshine Versatiler pink\" \/>\n<meta property=\"og:description\" content=\"O\u010dala Magicshine Versatiler pink so sestavljene iz polikarbonatne za\u0161\u010ditne le\u010de, kar vam omogo\u010da jasen pogled in zanesljivo za\u0161\u010dito o\u010di.\" \/>\n<meta property=\"og:url\" content=\"https:\/\/www.sportshine.eu\/hr\/ducan\/magicshine-svestrane-ruzicaste-naocale\/\" \/>\n<meta property=\"og:site_name\" content=\"Sportshine\" \/>\n<meta property=\"article:publisher\" content=\"https:\/\/www.facebook.com\/sportshine.eu\/\" \/>\n<meta property=\"article:modified_time\" content=\"2026-04-14T11:26:06+00:00\" \/>\n<meta property=\"og:image\" content=\"https:\/\/www.sportshine.eu\/wp-content\/uploads\/2025\/07\/kolesarska-ocala-2-2.webp\" \/>\n\t<meta property=\"og:image:width\" content=\"800\" \/>\n\t<meta property=\"og:image:height\" content=\"800\" \/>\n\t<meta property=\"og:image:type\" content=\"image\/webp\" \/>\n<meta name=\"twitter:card\" content=\"summary_large_image\" \/>\n<meta name=\"twitter:label1\" content=\"Procijenjeno vrijeme \u010ditanja\" \/>\n\t<meta name=\"twitter:data1\" content=\"2 minute\" \/>\n<script type=\"application\/ld+json\" class=\"yoast-schema-graph\">{\"@context\":\"https:\\\/\\\/schema.org\",\"@graph\":[{\"@type\":\"WebPage\",\"@id\":\"https:\\\/\\\/www.sportshine.eu\\\/trgovina\\\/ocala-magicshine-versatiler-pink\\\/\",\"url\":\"https:\\\/\\\/www.sportshine.eu\\\/trgovina\\\/ocala-magicshine-versatiler-pink\\\/\",\"name\":\"O\u010dala Magicshine Versatiler pink\",\"isPartOf\":{\"@id\":\"https:\\\/\\\/www.sportshine.eu\\\/#website\"},\"primaryImageOfPage\":{\"@id\":\"https:\\\/\\\/www.sportshine.eu\\\/trgovina\\\/ocala-magicshine-versatiler-pink\\\/#primaryimage\"},\"image\":{\"@id\":\"https:\\\/\\\/www.sportshine.eu\\\/trgovina\\\/ocala-magicshine-versatiler-pink\\\/#primaryimage\"},\"thumbnailUrl\":\"https:\\\/\\\/www.sportshine.eu\\\/wp-content\\\/uploads\\\/2025\\\/07\\\/kolesarska-ocala-2-2.webp\",\"datePublished\":\"2025-07-09T19:44:56+00:00\",\"dateModified\":\"2026-04-14T11:26:06+00:00\",\"description\":\"O\u010dala Magicshine Versatiler pink so sestavljene iz polikarbonatne za\u0161\u010ditne le\u010de, kar vam omogo\u010da jasen pogled in zanesljivo za\u0161\u010dito o\u010di.\",\"breadcrumb\":{\"@id\":\"https:\\\/\\\/www.sportshine.eu\\\/trgovina\\\/ocala-magicshine-versatiler-pink\\\/#breadcrumb\"},\"inLanguage\":\"hr\",\"potentialAction\":[{\"@type\":\"ReadAction\",\"target\":[\"https:\\\/\\\/www.sportshine.eu\\\/trgovina\\\/ocala-magicshine-versatiler-pink\\\/\"]}]},{\"@type\":\"ImageObject\",\"inLanguage\":\"hr\",\"@id\":\"https:\\\/\\\/www.sportshine.eu\\\/trgovina\\\/ocala-magicshine-versatiler-pink\\\/#primaryimage\",\"url\":\"https:\\\/\\\/www.sportshine.eu\\\/wp-content\\\/uploads\\\/2025\\\/07\\\/kolesarska-ocala-2-2.webp\",\"contentUrl\":\"https:\\\/\\\/www.sportshine.eu\\\/wp-content\\\/uploads\\\/2025\\\/07\\\/kolesarska-ocala-2-2.webp\",\"width\":800,\"height\":800},{\"@type\":\"BreadcrumbList\",\"@id\":\"https:\\\/\\\/www.sportshine.eu\\\/trgovina\\\/ocala-magicshine-versatiler-pink\\\/#breadcrumb\",\"itemListElement\":[{\"@type\":\"ListItem\",\"position\":1,\"name\":\"Home\",\"item\":\"https:\\\/\\\/www.sportshine.eu\\\/\"},{\"@type\":\"ListItem\",\"position\":2,\"name\":\"Trgovina\",\"item\":\"https:\\\/\\\/www.sportshine.eu\\\/trgovina\\\/\"},{\"@type\":\"ListItem\",\"position\":3,\"name\":\"O\u010dala Magicshine Versatiler pink\"}]},{\"@type\":\"WebSite\",\"@id\":\"https:\\\/\\\/www.sportshine.eu\\\/#website\",\"url\":\"https:\\\/\\\/www.sportshine.eu\\\/\",\"name\":\"Sportshine\",\"description\":\"Top spletna trgovina kolesarskih in naglavnih svetilk ter opreme\",\"publisher\":{\"@id\":\"https:\\\/\\\/www.sportshine.eu\\\/#organization\"},\"potentialAction\":[{\"@type\":\"SearchAction\",\"target\":{\"@type\":\"EntryPoint\",\"urlTemplate\":\"https:\\\/\\\/www.sportshine.eu\\\/?s={search_term_string}\"},\"query-input\":{\"@type\":\"PropertyValueSpecification\",\"valueRequired\":true,\"valueName\":\"search_term_string\"}}],\"inLanguage\":\"hr\"},{\"@type\":\"Organization\",\"@id\":\"https:\\\/\\\/www.sportshine.eu\\\/#organization\",\"name\":\"Sportshine\",\"url\":\"https:\\\/\\\/www.sportshine.eu\\\/\",\"logo\":{\"@type\":\"ImageObject\",\"inLanguage\":\"hr\",\"@id\":\"https:\\\/\\\/www.sportshine.eu\\\/#\\\/schema\\\/logo\\\/image\\\/\",\"url\":\"https:\\\/\\\/www.sportshine.eu\\\/wp-content\\\/uploads\\\/2026\\\/01\\\/cropped-Sportshine.webp\",\"contentUrl\":\"https:\\\/\\\/www.sportshine.eu\\\/wp-content\\\/uploads\\\/2026\\\/01\\\/cropped-Sportshine.webp\",\"width\":295,\"height\":128,\"caption\":\"Sportshine\"},\"image\":{\"@id\":\"https:\\\/\\\/www.sportshine.eu\\\/#\\\/schema\\\/logo\\\/image\\\/\"},\"sameAs\":[\"https:\\\/\\\/www.facebook.com\\\/sportshine.eu\\\/\"]}]}<\/script>\n<!-- \/ Yoast SEO plugin. -->","yoast_head_json":{"title":"Magicshine Versatiler ru\u017ei\u010daste nao\u010dale","description":"Roze nao\u010dale Magicshine Versatiler izra\u0111ene su od za\u0161titnih polikarbonatnih le\u0107a, \u0161to vam pru\u017ea jasan pogled i pouzdanu za\u0161titu za o\u010di.","robots":{"index":"index","follow":"follow","max-snippet":"max-snippet:-1","max-image-preview":"max-image-preview:large","max-video-preview":"max-video-preview:-1"},"canonical":"https:\/\/www.sportshine.eu\/hr\/ducan\/magicshine-svestrane-ruzicaste-naocale\/","og_locale":"hr_HR","og_type":"article","og_title":"O\u010dala Magicshine Versatiler pink","og_description":"O\u010dala Magicshine Versatiler pink so sestavljene iz polikarbonatne za\u0161\u010ditne le\u010de, kar vam omogo\u010da jasen pogled in zanesljivo za\u0161\u010dito o\u010di.","og_url":"https:\/\/www.sportshine.eu\/hr\/ducan\/magicshine-svestrane-ruzicaste-naocale\/","og_site_name":"Sportshine","article_publisher":"https:\/\/www.facebook.com\/sportshine.eu\/","article_modified_time":"2026-04-14T11:26:06+00:00","og_image":[{"width":800,"height":800,"url":"https:\/\/www.sportshine.eu\/wp-content\/uploads\/2025\/07\/kolesarska-ocala-2-2.webp","type":"image\/webp"}],"twitter_card":"summary_large_image","twitter_misc":{"Procijenjeno vrijeme \u010ditanja":"2 minute"},"schema":{"@context":"https:\/\/schema.org","@graph":[{"@type":"WebPage","@id":"https:\/\/www.sportshine.eu\/trgovina\/ocala-magicshine-versatiler-pink\/","url":"https:\/\/www.sportshine.eu\/trgovina\/ocala-magicshine-versatiler-pink\/","name":"Magicshine Versatiler ru\u017ei\u010daste nao\u010dale","isPartOf":{"@id":"https:\/\/www.sportshine.eu\/#website"},"primaryImageOfPage":{"@id":"https:\/\/www.sportshine.eu\/trgovina\/ocala-magicshine-versatiler-pink\/#primaryimage"},"image":{"@id":"https:\/\/www.sportshine.eu\/trgovina\/ocala-magicshine-versatiler-pink\/#primaryimage"},"thumbnailUrl":"https:\/\/www.sportshine.eu\/wp-content\/uploads\/2025\/07\/kolesarska-ocala-2-2.webp","datePublished":"2025-07-09T19:44:56+00:00","dateModified":"2026-04-14T11:26:06+00:00","description":"Roze nao\u010dale Magicshine Versatiler izra\u0111ene su od za\u0161titnih polikarbonatnih le\u0107a, \u0161to vam pru\u017ea jasan pogled i pouzdanu za\u0161titu za o\u010di.","breadcrumb":{"@id":"https:\/\/www.sportshine.eu\/trgovina\/ocala-magicshine-versatiler-pink\/#breadcrumb"},"inLanguage":"hr","potentialAction":[{"@type":"ReadAction","target":["https:\/\/www.sportshine.eu\/trgovina\/ocala-magicshine-versatiler-pink\/"]}]},{"@type":"ImageObject","inLanguage":"hr","@id":"https:\/\/www.sportshine.eu\/trgovina\/ocala-magicshine-versatiler-pink\/#primaryimage","url":"https:\/\/www.sportshine.eu\/wp-content\/uploads\/2025\/07\/kolesarska-ocala-2-2.webp","contentUrl":"https:\/\/www.sportshine.eu\/wp-content\/uploads\/2025\/07\/kolesarska-ocala-2-2.webp","width":800,"height":800},{"@type":"BreadcrumbList","@id":"https:\/\/www.sportshine.eu\/trgovina\/ocala-magicshine-versatiler-pink\/#breadcrumb","itemListElement":[{"@type":"ListItem","position":1,"name":"Home","item":"https:\/\/www.sportshine.eu\/"},{"@type":"ListItem","position":2,"name":"Trgovina","item":"https:\/\/www.sportshine.eu\/trgovina\/"},{"@type":"ListItem","position":3,"name":"O\u010dala Magicshine Versatiler pink"}]},{"@type":"WebSite","@id":"https:\/\/www.sportshine.eu\/#website","url":"https:\/\/www.sportshine.eu\/","name":"Sportshine","description":"Vrhunska online trgovina za biciklisti\u010dke i \u010deone svjetiljke i opremu","publisher":{"@id":"https:\/\/www.sportshine.eu\/#organization"},"potentialAction":[{"@type":"SearchAction","target":{"@type":"EntryPoint","urlTemplate":"https:\/\/www.sportshine.eu\/?s={search_term_string}"},"query-input":{"@type":"PropertyValueSpecification","valueRequired":true,"valueName":"search_term_string"}}],"inLanguage":"hr"},{"@type":"Organization","@id":"https:\/\/www.sportshine.eu\/#organization","name":"Sportshine","url":"https:\/\/www.sportshine.eu\/","logo":{"@type":"ImageObject","inLanguage":"hr","@id":"https:\/\/www.sportshine.eu\/#\/schema\/logo\/image\/","url":"https:\/\/www.sportshine.eu\/wp-content\/uploads\/2026\/01\/cropped-Sportshine.webp","contentUrl":"https:\/\/www.sportshine.eu\/wp-content\/uploads\/2026\/01\/cropped-Sportshine.webp","width":295,"height":128,"caption":"Sportshine"},"image":{"@id":"https:\/\/www.sportshine.eu\/#\/schema\/logo\/image\/"},"sameAs":["https:\/\/www.facebook.com\/sportshine.eu\/"]}]}},"_links":{"self":[{"href":"https:\/\/www.sportshine.eu\/hr\/wp-json\/wp\/v2\/product\/6437","targetHints":{"allow":["GET"]}}],"collection":[{"href":"https:\/\/www.sportshine.eu\/hr\/wp-json\/wp\/v2\/product"}],"about":[{"href":"https:\/\/www.sportshine.eu\/hr\/wp-json\/wp\/v2\/types\/product"}],"replies":[{"embeddable":true,"href":"https:\/\/www.sportshine.eu\/hr\/wp-json\/wp\/v2\/comments?post=6437"}],"version-history":[{"count":1,"href":"https:\/\/www.sportshine.eu\/hr\/wp-json\/wp\/v2\/product\/6437\/revisions"}],"predecessor-version":[{"id":10370,"href":"https:\/\/www.sportshine.eu\/hr\/wp-json\/wp\/v2\/product\/6437\/revisions\/10370"}],"wp:featuredmedia":[{"embeddable":true,"href":"https:\/\/www.sportshine.eu\/hr\/wp-json\/wp\/v2\/media\/5864"}],"wp:attachment":[{"href":"https:\/\/www.sportshine.eu\/hr\/wp-json\/wp\/v2\/media?parent=6437"}],"wp:term":[{"taxonomy":"product_brand","embeddable":true,"href":"https:\/\/www.sportshine.eu\/hr\/wp-json\/wp\/v2\/product_brand?post=6437"},{"taxonomy":"product_cat","embeddable":true,"href":"https:\/\/www.sportshine.eu\/hr\/wp-json\/wp\/v2\/product_cat?post=6437"},{"taxonomy":"product_tag","embeddable":true,"href":"https:\/\/www.sportshine.eu\/hr\/wp-json\/wp\/v2\/product_tag?post=6437"}],"curies":[{"name":"radni list","href":"https:\/\/api.w.org\/{rel}","templated":true}]}}