{"id":6427,"date":"2025-07-05T19:40:22","date_gmt":"2025-07-05T19:40:22","guid":{"rendered":"https:\/\/www.sportshine.eu\/?post_type=product&#038;p=6427"},"modified":"2025-11-21T21:24:24","modified_gmt":"2025-11-21T21:24:24","slug":"svjetlo-za-bicikl-magicshine-evo-1100","status":"publish","type":"product","link":"https:\/\/www.sportshine.eu\/hr\/ducan\/svjetlo-za-bicikl-magicshine-evo-1100\/","title":{"rendered":"Magicshine EVO 1100 svjetlo za bicikl"},"content":{"rendered":"<h3 style=\"text-align: center;\">VIDEO PREZENTACIJA PREDNJE SVJETLE MAGICSHINE EVO 1100<\/h3>\n<p><iframe loading=\"lazy\" title=\"MAGICSHINE EVO 1100 Svjetlo za bicikl za monta\u017eu ispod\" width=\"500\" height=\"281\" src=\"https:\/\/www.youtube.com\/embed\/GIhhePiV98c?feature=oembed\" frameborder=\"0\" allow=\"accelerometer; autoplay; clipboard-write; encrypted-media; gyroscope; picture-in-picture; web-share\" referrerpolicy=\"strict-origin-when-cross-origin\" allowfullscreen><\/iframe><\/p>\n<h3 style=\"text-align: center;\">OSVIJETLI SVOJ PUT<\/h3>\n<p style=\"text-align: center;\">S impresivnih 1100 lumena u kompaktnom pakiranju, EVO 1100 je va\u0161 idealan partner za svakodnevnu gradsku vo\u017enju.<\/p>\n<p><img decoding=\"async\" class=\"aligncenter wp-image-7489\" src=\"https:\/\/www.sportshine.eu\/wp-content\/uploads\/2025\/07\/Magicshine-EVO-1100.webp\" alt=\"\" width=\"800\" height=\"600\" srcset=\"https:\/\/www.sportshine.eu\/wp-content\/uploads\/2025\/07\/Magicshine-EVO-1100-768x576.webp 768w, https:\/\/www.sportshine.eu\/wp-content\/uploads\/2025\/07\/Magicshine-EVO-1100-600x450.webp 600w\" sizes=\"(max-width: 800px) 100vw, 800px\" \/><\/p>\n<h3 style=\"text-align: center;\">KRATKA SVJETLA BEZ ZASLJEPA OD PROMETA NAPREDAK<\/h3>\n<p style=\"text-align: center;\">Precizno pode\u0161eno kratko svjetlo emitira jasnu liniju svjetlosti koja usmjerava svjetlo izravno na cestu ispred i sprje\u010dava zasljepljivanje nadolaze\u0107eg prometa.<\/p>\n<p><img decoding=\"async\" class=\"aligncenter wp-image-7490\" src=\"https:\/\/www.sportshine.eu\/wp-content\/uploads\/2025\/07\/Magicshine-EVO-1100-1.webp\" alt=\"Magicshine EVO 1100 \" width=\"800\" height=\"600\" srcset=\"https:\/\/www.sportshine.eu\/wp-content\/uploads\/2025\/07\/Magicshine-EVO-1100-1-768x576.webp 768w, https:\/\/www.sportshine.eu\/wp-content\/uploads\/2025\/07\/Magicshine-EVO-1100-1-600x450.webp 600w\" sizes=\"(max-width: 800px) 100vw, 800px\" \/><\/p>\n<h3 style=\"text-align: center;\">POSTAVKE BEAM-a PREKO APLIKACIJE<\/h3>\n<p style=\"text-align: center;\">Spojite svjetlo s aplikacijom Magicshine, dodajte nove na\u010dine rada ili prilagodite svjetlinu kako biste prona\u0161li savr\u0161eno osvjetljenje za svoje potrebe.<\/p>\n<p><img decoding=\"async\" class=\"aligncenter wp-image-7491\" src=\"https:\/\/www.sportshine.eu\/wp-content\/uploads\/2025\/07\/Magicshine-EVO-1100-2.webp\" alt=\"Magicshine EVO 1100 \" width=\"800\" height=\"600\" \/><\/p>\n<h3 style=\"text-align: center;\">BE\u017dI\u010cNI DALJINSKI UPRAVLJA\u010c<\/h3>\n<p style=\"text-align: center;\">Trenutni pristup uklju\u010divanju\/isklju\u010divanju i promjeni na\u010dina rada bez potrebe za pu\u0161tanjem ru\u010dki.<\/p>\n<p><img decoding=\"async\" class=\"aligncenter wp-image-7492\" src=\"https:\/\/www.sportshine.eu\/wp-content\/uploads\/2025\/07\/Magicshine-EVO-1100-3.webp\" alt=\"Magicshine EVO 1100 \" width=\"800\" height=\"600\" \/><\/p>\n<h3 style=\"text-align: center;\">MAGICSHINE EVO 1100 NOSA\u010cI ZA BICIKLISTI\u010cKA SVJETLA ISPOD NOSA\u010cA<\/h3>\n<p style=\"text-align: center;\">Montirajte svjetlo na prilo\u017eeni nosa\u010d ispod upravlja\u010da i stvorite prostor za brzinomjer. Svjetlo za bicikl montirano je ispod nosa\u010da kako bi se osiguralo optimalno usmjeravanje svjetla.<\/p>\n<p><img decoding=\"async\" class=\"aligncenter wp-image-7493\" src=\"https:\/\/www.sportshine.eu\/wp-content\/uploads\/2025\/07\/Magicshine-EVO-1100-4.webp\" alt=\"Magicshine EVO 1100 \" width=\"800\" height=\"600\" srcset=\"https:\/\/www.sportshine.eu\/wp-content\/uploads\/2025\/07\/Magicshine-EVO-1100-4-768x576.webp 768w, https:\/\/www.sportshine.eu\/wp-content\/uploads\/2025\/07\/Magicshine-EVO-1100-4-600x450.webp 600w\" sizes=\"(max-width: 800px) 100vw, 800px\" \/><\/p>\n<h3 style=\"text-align: center;\">MO\u0106NA BATERIJA S USB-C KONEKTOROM<\/h3>\n<p style=\"text-align: center;\">Naglavna svjetiljka EVO 1700 ima izdr\u017eljivu bateriju od 4000 mAh koja omogu\u0107uje pouzdanih 11 sati rada. Baterija se mo\u017ee jednostavno puniti putem USB-C priklju\u010dka.<\/p>\n<p><img decoding=\"async\" class=\"aligncenter wp-image-7494\" src=\"https:\/\/www.sportshine.eu\/wp-content\/uploads\/2025\/07\/Magicshine-EVO-1100-5.webp\" alt=\"Magicshine EVO 1100 \" width=\"800\" height=\"600\" srcset=\"https:\/\/www.sportshine.eu\/wp-content\/uploads\/2025\/07\/Magicshine-EVO-1100-5-768x576.webp 768w, https:\/\/www.sportshine.eu\/wp-content\/uploads\/2025\/07\/Magicshine-EVO-1100-5-600x450.webp 600w\" sizes=\"(max-width: 800px) 100vw, 800px\" \/><\/p>\n<h3 style=\"text-align: center;\">VODOOTPORAN PREMA IPX6 STANDARDU<\/h3>\n<p style=\"text-align: center;\">Vodootpornost IPX7 zna\u010di da svjetlo mo\u017ee izdr\u017eati te\u0161ke uvjete i osvijetliti put \u010dak i po jakoj ki\u0161i.<\/p>\n<p><img decoding=\"async\" class=\"aligncenter wp-image-7495\" src=\"https:\/\/www.sportshine.eu\/wp-content\/uploads\/2025\/07\/Magicshine-EVO-1100-6.webp\" alt=\"\" width=\"800\" height=\"600\" srcset=\"https:\/\/www.sportshine.eu\/wp-content\/uploads\/2025\/07\/Magicshine-EVO-1100-6-768x576.webp 768w, https:\/\/www.sportshine.eu\/wp-content\/uploads\/2025\/07\/Magicshine-EVO-1100-6-600x450.webp 600w\" sizes=\"(max-width: 800px) 100vw, 800px\" \/><\/p>\n<h3 style=\"text-align: center;\">\u0160TO DOBIVATE U PAKETU?<\/h3>\n<p style=\"text-align: center;\">EVO 1100 x1<br \/>\nPrednji nosa\u010d upravlja\u010da x1<br \/>\nDaljinski upravlja\u010d MJ-6558 (uklj. remen) x1<br \/>\nNosa\u010d Wahoo x1<br \/>\nNajlonski odstojnici (28 mm \/ 32 mm \/ 35 mm) x3<br \/>\nVijak x2<br \/>\nImbus klju\u010d 2 mm \/ 3 mm x2<br \/>\nUSB-C kabel za punjenje x1<br \/>\nKorisni\u010dki priru\u010dnik x1<\/p>\n<p><img decoding=\"async\" class=\"aligncenter wp-image-7496\" src=\"https:\/\/www.sportshine.eu\/wp-content\/uploads\/2025\/07\/Magicshine-EVO-1100-7.webp\" alt=\"Magicshine EVO 1100 \" width=\"800\" height=\"600\" \/><\/p>\n<p>&nbsp;<\/p>","protected":false},"excerpt":{"rendered":"<p>Magicshine EVO 1100 najnoviji je dodatak seriji Magicshine EVO, koja je sa svojih 1100 lumena u kompaktnom dizajnu idealan pratitelj za gradske i cestovne bicikliste. Svjetlo za bicikl s precizno oblikovanom svjetlosnom linijom sprje\u010dava odsjaj nadolaze\u0107ih vozila, dok be\u017ei\u010dni daljinski upravlja\u010d omogu\u0107uje jednostavno kori\u0161tenje. Izra\u0111eno je od robusnog aluminija, vodootporno prema IPX6 standardu i prilagodljivo putem Magicshine aplikacije. Baterija se puni putem USB-C priklju\u010dka, a funkcija memorije sprema posljednje postavke.<\/p>","protected":false},"featured_media":5791,"comment_status":"open","ping_status":"closed","template":"","meta":[],"product_brand":[131],"product_cat":[82,150],"product_tag":[],"class_list":{"0":"post-6427","1":"product","2":"type-product","3":"status-publish","4":"has-post-thumbnail","6":"product_brand-magicshine","7":"product_cat-kolesarske-luci","8":"product_cat-sprednje-kolesarske-luci","10":"first","11":"instock","12":"sale","13":"taxable","14":"shipping-taxable","15":"purchasable","16":"product-type-simple"},"yoast_head":"<!-- This site is optimized with the Yoast SEO plugin v27.3 - https:\/\/yoast.com\/product\/yoast-seo-wordpress\/ -->\n<title>Magicshine EVO 1100 kolesarska lu\u010d<\/title>\n<meta name=\"description\" content=\"Z mo\u010djo 1100 lumnov v kompaktnem ohi\u0161ju je EVO 1100 odli\u010dna izbira za vse kolesarje, ki potrebujete majhno, a zmogljivo kolesarsko lu\u010d.\" \/>\n<meta name=\"robots\" content=\"index, follow, max-snippet:-1, max-image-preview:large, max-video-preview:-1\" \/>\n<link rel=\"canonical\" href=\"https:\/\/www.sportshine.eu\/hr\/ducan\/svjetlo-za-bicikl-magicshine-evo-1100\/\" \/>\n<meta property=\"og:locale\" content=\"hr_HR\" \/>\n<meta property=\"og:type\" content=\"article\" \/>\n<meta property=\"og:title\" content=\"Magicshine EVO 1100 kolesarska lu\u010d\" \/>\n<meta property=\"og:description\" content=\"Z mo\u010djo 1100 lumnov v kompaktnem ohi\u0161ju je EVO 1100 odli\u010dna izbira za vse kolesarje, ki potrebujete majhno, a zmogljivo kolesarsko lu\u010d.\" \/>\n<meta property=\"og:url\" content=\"https:\/\/www.sportshine.eu\/hr\/ducan\/svjetlo-za-bicikl-magicshine-evo-1100\/\" \/>\n<meta property=\"og:site_name\" content=\"Sportshine\" \/>\n<meta property=\"article:publisher\" content=\"https:\/\/www.facebook.com\/sportshine.eu\/\" \/>\n<meta property=\"article:modified_time\" content=\"2025-11-21T21:24:24+00:00\" \/>\n<meta property=\"og:image\" content=\"https:\/\/www.sportshine.eu\/wp-content\/uploads\/2025\/07\/Magicshine-EVO-1100-kolesarska-luc.webp\" \/>\n\t<meta property=\"og:image:width\" content=\"800\" \/>\n\t<meta property=\"og:image:height\" content=\"800\" \/>\n\t<meta property=\"og:image:type\" content=\"image\/webp\" \/>\n<meta name=\"twitter:card\" content=\"summary_large_image\" \/>\n<meta name=\"twitter:label1\" content=\"Procijenjeno vrijeme \u010ditanja\" \/>\n\t<meta name=\"twitter:data1\" content=\"3 minute\" \/>\n<script type=\"application\/ld+json\" class=\"yoast-schema-graph\">{\"@context\":\"https:\\\/\\\/schema.org\",\"@graph\":[{\"@type\":\"WebPage\",\"@id\":\"https:\\\/\\\/www.sportshine.eu\\\/trgovina\\\/magicshine-evo-1100-kolesarska-luc\\\/\",\"url\":\"https:\\\/\\\/www.sportshine.eu\\\/trgovina\\\/magicshine-evo-1100-kolesarska-luc\\\/\",\"name\":\"Magicshine EVO 1100 kolesarska lu\u010d\",\"isPartOf\":{\"@id\":\"https:\\\/\\\/www.sportshine.eu\\\/#website\"},\"primaryImageOfPage\":{\"@id\":\"https:\\\/\\\/www.sportshine.eu\\\/trgovina\\\/magicshine-evo-1100-kolesarska-luc\\\/#primaryimage\"},\"image\":{\"@id\":\"https:\\\/\\\/www.sportshine.eu\\\/trgovina\\\/magicshine-evo-1100-kolesarska-luc\\\/#primaryimage\"},\"thumbnailUrl\":\"https:\\\/\\\/www.sportshine.eu\\\/wp-content\\\/uploads\\\/2025\\\/07\\\/Magicshine-EVO-1100-kolesarska-luc.webp\",\"datePublished\":\"2025-07-05T19:40:22+00:00\",\"dateModified\":\"2025-11-21T21:24:24+00:00\",\"description\":\"Z mo\u010djo 1100 lumnov v kompaktnem ohi\u0161ju je EVO 1100 odli\u010dna izbira za vse kolesarje, ki potrebujete majhno, a zmogljivo kolesarsko lu\u010d.\",\"breadcrumb\":{\"@id\":\"https:\\\/\\\/www.sportshine.eu\\\/trgovina\\\/magicshine-evo-1100-kolesarska-luc\\\/#breadcrumb\"},\"inLanguage\":\"hr\",\"potentialAction\":[{\"@type\":\"ReadAction\",\"target\":[\"https:\\\/\\\/www.sportshine.eu\\\/trgovina\\\/magicshine-evo-1100-kolesarska-luc\\\/\"]}]},{\"@type\":\"ImageObject\",\"inLanguage\":\"hr\",\"@id\":\"https:\\\/\\\/www.sportshine.eu\\\/trgovina\\\/magicshine-evo-1100-kolesarska-luc\\\/#primaryimage\",\"url\":\"https:\\\/\\\/www.sportshine.eu\\\/wp-content\\\/uploads\\\/2025\\\/07\\\/Magicshine-EVO-1100-kolesarska-luc.webp\",\"contentUrl\":\"https:\\\/\\\/www.sportshine.eu\\\/wp-content\\\/uploads\\\/2025\\\/07\\\/Magicshine-EVO-1100-kolesarska-luc.webp\",\"width\":800,\"height\":800},{\"@type\":\"BreadcrumbList\",\"@id\":\"https:\\\/\\\/www.sportshine.eu\\\/trgovina\\\/magicshine-evo-1100-kolesarska-luc\\\/#breadcrumb\",\"itemListElement\":[{\"@type\":\"ListItem\",\"position\":1,\"name\":\"Home\",\"item\":\"https:\\\/\\\/www.sportshine.eu\\\/\"},{\"@type\":\"ListItem\",\"position\":2,\"name\":\"Trgovina\",\"item\":\"https:\\\/\\\/www.sportshine.eu\\\/trgovina\\\/\"},{\"@type\":\"ListItem\",\"position\":3,\"name\":\"Magicshine EVO 1100 kolesarska lu\u010d\"}]},{\"@type\":\"WebSite\",\"@id\":\"https:\\\/\\\/www.sportshine.eu\\\/#website\",\"url\":\"https:\\\/\\\/www.sportshine.eu\\\/\",\"name\":\"Sportshine\",\"description\":\"Top spletna trgovina kolesarskih in naglavnih svetilk ter opreme\",\"publisher\":{\"@id\":\"https:\\\/\\\/www.sportshine.eu\\\/#organization\"},\"potentialAction\":[{\"@type\":\"SearchAction\",\"target\":{\"@type\":\"EntryPoint\",\"urlTemplate\":\"https:\\\/\\\/www.sportshine.eu\\\/?s={search_term_string}\"},\"query-input\":{\"@type\":\"PropertyValueSpecification\",\"valueRequired\":true,\"valueName\":\"search_term_string\"}}],\"inLanguage\":\"hr\"},{\"@type\":\"Organization\",\"@id\":\"https:\\\/\\\/www.sportshine.eu\\\/#organization\",\"name\":\"Sportshine\",\"url\":\"https:\\\/\\\/www.sportshine.eu\\\/\",\"logo\":{\"@type\":\"ImageObject\",\"inLanguage\":\"hr\",\"@id\":\"https:\\\/\\\/www.sportshine.eu\\\/#\\\/schema\\\/logo\\\/image\\\/\",\"url\":\"https:\\\/\\\/www.sportshine.eu\\\/wp-content\\\/uploads\\\/2026\\\/01\\\/cropped-Sportshine.webp\",\"contentUrl\":\"https:\\\/\\\/www.sportshine.eu\\\/wp-content\\\/uploads\\\/2026\\\/01\\\/cropped-Sportshine.webp\",\"width\":295,\"height\":128,\"caption\":\"Sportshine\"},\"image\":{\"@id\":\"https:\\\/\\\/www.sportshine.eu\\\/#\\\/schema\\\/logo\\\/image\\\/\"},\"sameAs\":[\"https:\\\/\\\/www.facebook.com\\\/sportshine.eu\\\/\"]}]}<\/script>\n<!-- \/ Yoast SEO plugin. -->","yoast_head_json":{"title":"Magicshine EVO 1100 svjetlo za bicikl","description":"S 1100 lumena u kompaktnom pakiranju, EVO 1100 je odli\u010dan izbor za sve bicikliste kojima je potrebno malo, ali sna\u017eno svjetlo za bicikl.","robots":{"index":"index","follow":"follow","max-snippet":"max-snippet:-1","max-image-preview":"max-image-preview:large","max-video-preview":"max-video-preview:-1"},"canonical":"https:\/\/www.sportshine.eu\/hr\/ducan\/svjetlo-za-bicikl-magicshine-evo-1100\/","og_locale":"hr_HR","og_type":"article","og_title":"Magicshine EVO 1100 kolesarska lu\u010d","og_description":"Z mo\u010djo 1100 lumnov v kompaktnem ohi\u0161ju je EVO 1100 odli\u010dna izbira za vse kolesarje, ki potrebujete majhno, a zmogljivo kolesarsko lu\u010d.","og_url":"https:\/\/www.sportshine.eu\/hr\/ducan\/svjetlo-za-bicikl-magicshine-evo-1100\/","og_site_name":"Sportshine","article_publisher":"https:\/\/www.facebook.com\/sportshine.eu\/","article_modified_time":"2025-11-21T21:24:24+00:00","og_image":[{"width":800,"height":800,"url":"https:\/\/www.sportshine.eu\/wp-content\/uploads\/2025\/07\/Magicshine-EVO-1100-kolesarska-luc.webp","type":"image\/webp"}],"twitter_card":"summary_large_image","twitter_misc":{"Procijenjeno vrijeme \u010ditanja":"3 minute"},"schema":{"@context":"https:\/\/schema.org","@graph":[{"@type":"WebPage","@id":"https:\/\/www.sportshine.eu\/trgovina\/magicshine-evo-1100-kolesarska-luc\/","url":"https:\/\/www.sportshine.eu\/trgovina\/magicshine-evo-1100-kolesarska-luc\/","name":"Magicshine EVO 1100 svjetlo za bicikl","isPartOf":{"@id":"https:\/\/www.sportshine.eu\/#website"},"primaryImageOfPage":{"@id":"https:\/\/www.sportshine.eu\/trgovina\/magicshine-evo-1100-kolesarska-luc\/#primaryimage"},"image":{"@id":"https:\/\/www.sportshine.eu\/trgovina\/magicshine-evo-1100-kolesarska-luc\/#primaryimage"},"thumbnailUrl":"https:\/\/www.sportshine.eu\/wp-content\/uploads\/2025\/07\/Magicshine-EVO-1100-kolesarska-luc.webp","datePublished":"2025-07-05T19:40:22+00:00","dateModified":"2025-11-21T21:24:24+00:00","description":"S 1100 lumena u kompaktnom pakiranju, EVO 1100 je odli\u010dan izbor za sve bicikliste kojima je potrebno malo, ali sna\u017eno svjetlo za bicikl.","breadcrumb":{"@id":"https:\/\/www.sportshine.eu\/trgovina\/magicshine-evo-1100-kolesarska-luc\/#breadcrumb"},"inLanguage":"hr","potentialAction":[{"@type":"ReadAction","target":["https:\/\/www.sportshine.eu\/trgovina\/magicshine-evo-1100-kolesarska-luc\/"]}]},{"@type":"ImageObject","inLanguage":"hr","@id":"https:\/\/www.sportshine.eu\/trgovina\/magicshine-evo-1100-kolesarska-luc\/#primaryimage","url":"https:\/\/www.sportshine.eu\/wp-content\/uploads\/2025\/07\/Magicshine-EVO-1100-kolesarska-luc.webp","contentUrl":"https:\/\/www.sportshine.eu\/wp-content\/uploads\/2025\/07\/Magicshine-EVO-1100-kolesarska-luc.webp","width":800,"height":800},{"@type":"BreadcrumbList","@id":"https:\/\/www.sportshine.eu\/trgovina\/magicshine-evo-1100-kolesarska-luc\/#breadcrumb","itemListElement":[{"@type":"ListItem","position":1,"name":"Home","item":"https:\/\/www.sportshine.eu\/"},{"@type":"ListItem","position":2,"name":"Trgovina","item":"https:\/\/www.sportshine.eu\/trgovina\/"},{"@type":"ListItem","position":3,"name":"Magicshine EVO 1100 kolesarska lu\u010d"}]},{"@type":"WebSite","@id":"https:\/\/www.sportshine.eu\/#website","url":"https:\/\/www.sportshine.eu\/","name":"Sportshine","description":"Vrhunska online trgovina za biciklisti\u010dke i \u010deone svjetiljke i opremu","publisher":{"@id":"https:\/\/www.sportshine.eu\/#organization"},"potentialAction":[{"@type":"SearchAction","target":{"@type":"EntryPoint","urlTemplate":"https:\/\/www.sportshine.eu\/?s={search_term_string}"},"query-input":{"@type":"PropertyValueSpecification","valueRequired":true,"valueName":"search_term_string"}}],"inLanguage":"hr"},{"@type":"Organization","@id":"https:\/\/www.sportshine.eu\/#organization","name":"Sportshine","url":"https:\/\/www.sportshine.eu\/","logo":{"@type":"ImageObject","inLanguage":"hr","@id":"https:\/\/www.sportshine.eu\/#\/schema\/logo\/image\/","url":"https:\/\/www.sportshine.eu\/wp-content\/uploads\/2026\/01\/cropped-Sportshine.webp","contentUrl":"https:\/\/www.sportshine.eu\/wp-content\/uploads\/2026\/01\/cropped-Sportshine.webp","width":295,"height":128,"caption":"Sportshine"},"image":{"@id":"https:\/\/www.sportshine.eu\/#\/schema\/logo\/image\/"},"sameAs":["https:\/\/www.facebook.com\/sportshine.eu\/"]}]}},"_links":{"self":[{"href":"https:\/\/www.sportshine.eu\/hr\/wp-json\/wp\/v2\/product\/6427","targetHints":{"allow":["GET"]}}],"collection":[{"href":"https:\/\/www.sportshine.eu\/hr\/wp-json\/wp\/v2\/product"}],"about":[{"href":"https:\/\/www.sportshine.eu\/hr\/wp-json\/wp\/v2\/types\/product"}],"replies":[{"embeddable":true,"href":"https:\/\/www.sportshine.eu\/hr\/wp-json\/wp\/v2\/comments?post=6427"}],"version-history":[{"count":0,"href":"https:\/\/www.sportshine.eu\/hr\/wp-json\/wp\/v2\/product\/6427\/revisions"}],"wp:featuredmedia":[{"embeddable":true,"href":"https:\/\/www.sportshine.eu\/hr\/wp-json\/wp\/v2\/media\/5791"}],"wp:attachment":[{"href":"https:\/\/www.sportshine.eu\/hr\/wp-json\/wp\/v2\/media?parent=6427"}],"wp:term":[{"taxonomy":"product_brand","embeddable":true,"href":"https:\/\/www.sportshine.eu\/hr\/wp-json\/wp\/v2\/product_brand?post=6427"},{"taxonomy":"product_cat","embeddable":true,"href":"https:\/\/www.sportshine.eu\/hr\/wp-json\/wp\/v2\/product_cat?post=6427"},{"taxonomy":"product_tag","embeddable":true,"href":"https:\/\/www.sportshine.eu\/hr\/wp-json\/wp\/v2\/product_tag?post=6427"}],"curies":[{"name":"radni list","href":"https:\/\/api.w.org\/{rel}","templated":true}]}}