{"id":6424,"date":"2026-01-28T19:40:18","date_gmt":"2026-01-28T19:40:18","guid":{"rendered":"https:\/\/www.sportshine.eu\/?post_type=product&#038;p=6424"},"modified":"2026-03-27T19:13:11","modified_gmt":"2026-03-27T19:13:11","slug":"naocale-magicshine-rouleur-sivo-zlatne","status":"publish","type":"product","link":"https:\/\/www.sportshine.eu\/hr\/ducan\/naocale-magicshine-rouleur-sivo-zlatne\/","title":{"rendered":"Nao\u010dale Magicshine Rouleur sive\/zlatne"},"content":{"rendered":"<h3 style=\"text-align: center;\">SAVR\u0160ENA VIDLJIVOST U SVIM UVJETIMA<\/h3>\n<p style=\"text-align: center;\">Sportske nao\u010dale <b data-path-to-node=\"2\" data-index-in-node=\"14\">Fotokromatski valjak<\/b> besprijekorno se prilago\u0111avaju razinama zatamnjenja od <b data-path-to-node=\"2\" data-index-in-node=\"83\">od kategorije 1 do kategorije 3<\/b> ovisno o uvjetima osvjetljenja i nude sveobuhvatnu za\u0161titu od jake sun\u010deve svjetlosti, UV zraka i odsjaja. Ova prilagodljivost osigurava vrhunsku sigurnost o\u010diju na va\u0161im biciklisti\u010dkim avanturama, i danju i no\u0107u.<\/p>\n<p><iframe loading=\"lazy\" title=\"MAGICSHINE SPORTSKE SUN\u010cANE NAO\u010cALE ZA VO\u017dNJU ROLARA\" width=\"500\" height=\"281\" src=\"https:\/\/www.youtube.com\/embed\/UCXbHHS1K_Q?feature=oembed\" frameborder=\"0\" allow=\"accelerometer; autoplay; clipboard-write; encrypted-media; gyroscope; picture-in-picture; web-share\" referrerpolicy=\"strict-origin-when-cross-origin\" allowfullscreen><\/iframe><\/p>\n<h3 style=\"text-align: center;\">RAZINE ZATAMNJIVANJA<\/h3>\n<p style=\"text-align: center;\"><b data-path-to-node=\"3\" data-index-in-node=\"0\">1. Unutarnji\/No\u0107ni pogled<\/b><\/p>\n<p style=\"text-align: center;\" data-path-to-node=\"4,1,0\">\u00a0Ova razina osigurava optimalnu vidljivost i sigurnost u zatvorenom prostoru, u sumrak ili prilikom vo\u017enje bicikla no\u0107u. O\u010di su za\u0161ti\u0107ene od vjetra i insekata bez smanjenja vidljivosti.<\/p>\n<p style=\"text-align: center;\" data-path-to-node=\"5\"><b data-path-to-node=\"5\" data-index-in-node=\"0\">2. Obla\u010dno vrijeme (Naobla\u010dno)<\/b><\/p>\n<p style=\"text-align: center;\" data-path-to-node=\"6,1,0\">\u00a0Nao\u010dale se automatski prilago\u0111avaju difuznom svjetlu i smanjuju neugodan odsjaj koji nastaje kada se sunce skrije iza oblaka. Vid je o\u0161tar, a kontrasti nagla\u0161eniji, \u0161to omogu\u0107uje bolju percepciju terena.<\/p>\n<p style=\"text-align: center;\" data-path-to-node=\"7\"><b data-path-to-node=\"7\" data-index-in-node=\"0\">3. Vedar dan<\/b><\/p>\n<p style=\"text-align: center;\" data-path-to-node=\"8,1,0\">\u00a0Nao\u010dale nude maksimalnu za\u0161titu od jake sun\u010deve svjetlosti i UV zra\u010denja. Ovaj stupanj zatamnjenja (kat. 3) sprje\u010dava umor o\u010diju i osigurava opu\u0161ten vid \u010dak i pri najja\u010dem suncu, tako da se mo\u017eete potpuno koncentrirati na svoju izvedbu.<\/p>\n<p data-path-to-node=\"8,1,0\"><img decoding=\"async\" class=\"aligncenter wp-image-10330 size-full\" src=\"https:\/\/www.sportshine.eu\/wp-content\/uploads\/2026\/01\/fotokromatska-ocala.webp\" alt=\"fotokromatske nao\u010dale\" width=\"1980\" height=\"800\" srcset=\"https:\/\/www.sportshine.eu\/wp-content\/uploads\/2026\/01\/fotokromatska-ocala.webp 1980w, https:\/\/www.sportshine.eu\/wp-content\/uploads\/2026\/01\/fotokromatska-ocala-768x310.webp 768w, https:\/\/www.sportshine.eu\/wp-content\/uploads\/2026\/01\/fotokromatska-ocala-1536x621.webp 1536w, https:\/\/www.sportshine.eu\/wp-content\/uploads\/2026\/01\/fotokromatska-ocala-600x242.webp 600w\" sizes=\"(max-width: 1980px) 100vw, 1980px\" \/><\/p>\n<h3 style=\"text-align: center;\">FOTOKROMATSKE LE\u0106E<\/h3>\n<p style=\"text-align: center;\">Fotokromatske nao\u010dale Magicshine Rouleur imaju le\u0107e dizajnirane da budu otporne na udarce i pru\u017eaju 100% UV za\u0161titu. Svaka le\u0107a je pobolj\u0161ana prednjim REVO premazom, koji je precizno dizajniran za vra\u0107anje istinskih boja, pobolj\u0161anje kontrasta i pru\u017eanje neusporedive vizualne jasno\u0107e. Stra\u017enja strana je opremljena vlasni\u010dkim Magicshine OAR premazom, koji osigurava optimalno iskustvo bez odsjaja. Premaz otporan na mrlje s obje strane le\u0107a odbija prljav\u0161tinu, otiske prstiju i masno\u0107u, pru\u017eaju\u0107i vrhunsku za\u0161titu i olak\u0161avaju\u0107i \u010di\u0161\u0107enje le\u0107a.<\/p>\n<p><img decoding=\"async\" class=\"aligncenter wp-image-7530 size-full\" src=\"https:\/\/www.sportshine.eu\/wp-content\/uploads\/2025\/07\/Ocala-Magicshine-Rouleur-9.webp\" alt=\"\" width=\"800\" height=\"800\" srcset=\"https:\/\/www.sportshine.eu\/wp-content\/uploads\/2025\/07\/Ocala-Magicshine-Rouleur-9.webp 800w, https:\/\/www.sportshine.eu\/wp-content\/uploads\/2025\/07\/Ocala-Magicshine-Rouleur-9-768x768.webp 768w, https:\/\/www.sportshine.eu\/wp-content\/uploads\/2025\/07\/Ocala-Magicshine-Rouleur-9-600x600.webp 600w\" sizes=\"(max-width: 800px) 100vw, 800px\" \/><\/p>\n<h3 style=\"text-align: center;\">POBOLJ\u0160ANI SUSTAV VENTILACIJE<\/h3>\n<p style=\"text-align: center;\">Veliki ventilacijski otvori oko le\u0107a i vrhova ru\u010dki sprje\u010davaju zamagljivanje i osiguravaju jasan vid. Okvir je izra\u0111en od TR90 i TPR materijala, zajedno s protukliznim jastu\u010di\u0107ima za nos i vrhovima ru\u010dki, \u0161to osigurava udobno pristajanje za sve razine aktivnosti.<\/p>\n<p>&nbsp;<\/p>\n<p style=\"text-align: center;\">\u0160to je REVO premaz? Kliknite <span style=\"color: #339966;\"><a style=\"color: #339966;\" href=\"https:\/\/www.sportshine.eu\/hr\/revo-poklopac\/\">ovdje<\/a><\/span><\/p>\n<p><img decoding=\"async\" class=\"aligncenter wp-image-10334 size-full\" src=\"https:\/\/www.sportshine.eu\/wp-content\/uploads\/2026\/01\/Magicshine-ocala.webp\" alt=\"\" width=\"800\" height=\"800\" srcset=\"https:\/\/www.sportshine.eu\/wp-content\/uploads\/2026\/01\/Magicshine-ocala.webp 800w, https:\/\/www.sportshine.eu\/wp-content\/uploads\/2026\/01\/Magicshine-ocala-768x768.webp 768w, https:\/\/www.sportshine.eu\/wp-content\/uploads\/2026\/01\/Magicshine-ocala-600x600.webp 600w\" sizes=\"(max-width: 800px) 100vw, 800px\" \/><\/p>","protected":false},"excerpt":{"rendered":"<p>Magicshine Rouleur fotokromatske nao\u010dale jedine su fotokromatske nao\u010dale u ovoj seriji koje imaju REVO i OAR premaze le\u0107a. Dizajnirane su za sve sporta\u0161e kojima je potrebna kvalitetna za\u0161tita o\u010diju. Svojim elegantnim dizajnom poluokvira i velikim polikarbonatnim le\u0107ama, nao\u010dale kombiniraju stil i sigurnost. Karakterizira ih iznimna opti\u010dka jasno\u0107a.<\/p>","protected":false},"featured_media":5762,"comment_status":"open","ping_status":"closed","template":"","meta":[],"product_brand":[131],"product_cat":[106,103],"product_tag":[174],"class_list":{"0":"post-6424","1":"product","2":"type-product","3":"status-publish","4":"has-post-thumbnail","6":"product_brand-magicshine","7":"product_cat-fotokromatska-ocala","8":"product_cat-kolesarska-ocala","9":"product_tag-magicshine-ocala","11":"first","12":"instock","13":"sale","14":"taxable","15":"shipping-taxable","16":"purchasable","17":"product-type-simple"},"yoast_head":"<!-- This site is optimized with the Yoast SEO plugin v27.3 - https:\/\/yoast.com\/product\/yoast-seo-wordpress\/ -->\n<title>O\u010dala Magicshine Rouleur grey\/gold<\/title>\n<meta name=\"description\" content=\"Izjemna \u0161portna o\u010dala priznane znamke Magicshine. Z REVO in OAR prevleko le\u010d in te\u017eo le 29 gramov. Priporo\u010damo za vse \u0161portne aktivnosti.\" \/>\n<meta name=\"robots\" content=\"index, follow, max-snippet:-1, max-image-preview:large, max-video-preview:-1\" \/>\n<link rel=\"canonical\" href=\"https:\/\/www.sportshine.eu\/hr\/ducan\/naocale-magicshine-rouleur-sivo-zlatne\/\" \/>\n<meta property=\"og:locale\" content=\"hr_HR\" \/>\n<meta property=\"og:type\" content=\"article\" \/>\n<meta property=\"og:title\" content=\"O\u010dala Magicshine Rouleur grey\/gold\" \/>\n<meta property=\"og:description\" content=\"Izjemna \u0161portna o\u010dala priznane znamke Magicshine. Z REVO in OAR prevleko le\u010d in te\u017eo le 29 gramov. Priporo\u010damo za vse \u0161portne aktivnosti.\" \/>\n<meta property=\"og:url\" content=\"https:\/\/www.sportshine.eu\/hr\/ducan\/naocale-magicshine-rouleur-sivo-zlatne\/\" \/>\n<meta property=\"og:site_name\" content=\"Sportshine\" \/>\n<meta property=\"article:publisher\" content=\"https:\/\/www.facebook.com\/sportshine.eu\/\" \/>\n<meta property=\"article:modified_time\" content=\"2026-03-27T19:13:11+00:00\" \/>\n<meta property=\"og:image\" content=\"https:\/\/www.sportshine.eu\/wp-content\/uploads\/2025\/07\/Untitleddesign-ezgif.com-jpg-to-webp-converter-1.webp\" \/>\n\t<meta property=\"og:image:width\" content=\"800\" \/>\n\t<meta property=\"og:image:height\" content=\"800\" \/>\n\t<meta property=\"og:image:type\" content=\"image\/webp\" \/>\n<meta name=\"twitter:card\" content=\"summary_large_image\" \/>\n<meta name=\"twitter:label1\" content=\"Procijenjeno vrijeme \u010ditanja\" \/>\n\t<meta name=\"twitter:data1\" content=\"3 minute\" \/>\n<script type=\"application\/ld+json\" class=\"yoast-schema-graph\">{\"@context\":\"https:\\\/\\\/schema.org\",\"@graph\":[{\"@type\":\"WebPage\",\"@id\":\"https:\\\/\\\/www.sportshine.eu\\\/trgovina\\\/ocala-magicshine-rouleur-grey-gold\\\/\",\"url\":\"https:\\\/\\\/www.sportshine.eu\\\/trgovina\\\/ocala-magicshine-rouleur-grey-gold\\\/\",\"name\":\"O\u010dala Magicshine Rouleur grey\\\/gold\",\"isPartOf\":{\"@id\":\"https:\\\/\\\/www.sportshine.eu\\\/#website\"},\"primaryImageOfPage\":{\"@id\":\"https:\\\/\\\/www.sportshine.eu\\\/trgovina\\\/ocala-magicshine-rouleur-grey-gold\\\/#primaryimage\"},\"image\":{\"@id\":\"https:\\\/\\\/www.sportshine.eu\\\/trgovina\\\/ocala-magicshine-rouleur-grey-gold\\\/#primaryimage\"},\"thumbnailUrl\":\"https:\\\/\\\/www.sportshine.eu\\\/wp-content\\\/uploads\\\/2025\\\/07\\\/Untitleddesign-ezgif.com-jpg-to-webp-converter-1.webp\",\"datePublished\":\"2026-01-28T19:40:18+00:00\",\"dateModified\":\"2026-03-27T19:13:11+00:00\",\"description\":\"Izjemna \u0161portna o\u010dala priznane znamke Magicshine. Z REVO in OAR prevleko le\u010d in te\u017eo le 29 gramov. Priporo\u010damo za vse \u0161portne aktivnosti.\",\"breadcrumb\":{\"@id\":\"https:\\\/\\\/www.sportshine.eu\\\/trgovina\\\/ocala-magicshine-rouleur-grey-gold\\\/#breadcrumb\"},\"inLanguage\":\"hr\",\"potentialAction\":[{\"@type\":\"ReadAction\",\"target\":[\"https:\\\/\\\/www.sportshine.eu\\\/trgovina\\\/ocala-magicshine-rouleur-grey-gold\\\/\"]}]},{\"@type\":\"ImageObject\",\"inLanguage\":\"hr\",\"@id\":\"https:\\\/\\\/www.sportshine.eu\\\/trgovina\\\/ocala-magicshine-rouleur-grey-gold\\\/#primaryimage\",\"url\":\"https:\\\/\\\/www.sportshine.eu\\\/wp-content\\\/uploads\\\/2025\\\/07\\\/Untitleddesign-ezgif.com-jpg-to-webp-converter-1.webp\",\"contentUrl\":\"https:\\\/\\\/www.sportshine.eu\\\/wp-content\\\/uploads\\\/2025\\\/07\\\/Untitleddesign-ezgif.com-jpg-to-webp-converter-1.webp\",\"width\":800,\"height\":800},{\"@type\":\"BreadcrumbList\",\"@id\":\"https:\\\/\\\/www.sportshine.eu\\\/trgovina\\\/ocala-magicshine-rouleur-grey-gold\\\/#breadcrumb\",\"itemListElement\":[{\"@type\":\"ListItem\",\"position\":1,\"name\":\"Home\",\"item\":\"https:\\\/\\\/www.sportshine.eu\\\/\"},{\"@type\":\"ListItem\",\"position\":2,\"name\":\"Trgovina\",\"item\":\"https:\\\/\\\/www.sportshine.eu\\\/trgovina\\\/\"},{\"@type\":\"ListItem\",\"position\":3,\"name\":\"O\u010dala Magicshine Rouleur grey\\\/gold\"}]},{\"@type\":\"WebSite\",\"@id\":\"https:\\\/\\\/www.sportshine.eu\\\/#website\",\"url\":\"https:\\\/\\\/www.sportshine.eu\\\/\",\"name\":\"Sportshine\",\"description\":\"Top spletna trgovina kolesarskih in naglavnih svetilk ter opreme\",\"publisher\":{\"@id\":\"https:\\\/\\\/www.sportshine.eu\\\/#organization\"},\"potentialAction\":[{\"@type\":\"SearchAction\",\"target\":{\"@type\":\"EntryPoint\",\"urlTemplate\":\"https:\\\/\\\/www.sportshine.eu\\\/?s={search_term_string}\"},\"query-input\":{\"@type\":\"PropertyValueSpecification\",\"valueRequired\":true,\"valueName\":\"search_term_string\"}}],\"inLanguage\":\"hr\"},{\"@type\":\"Organization\",\"@id\":\"https:\\\/\\\/www.sportshine.eu\\\/#organization\",\"name\":\"Sportshine\",\"url\":\"https:\\\/\\\/www.sportshine.eu\\\/\",\"logo\":{\"@type\":\"ImageObject\",\"inLanguage\":\"hr\",\"@id\":\"https:\\\/\\\/www.sportshine.eu\\\/#\\\/schema\\\/logo\\\/image\\\/\",\"url\":\"https:\\\/\\\/www.sportshine.eu\\\/wp-content\\\/uploads\\\/2026\\\/01\\\/cropped-Sportshine.webp\",\"contentUrl\":\"https:\\\/\\\/www.sportshine.eu\\\/wp-content\\\/uploads\\\/2026\\\/01\\\/cropped-Sportshine.webp\",\"width\":295,\"height\":128,\"caption\":\"Sportshine\"},\"image\":{\"@id\":\"https:\\\/\\\/www.sportshine.eu\\\/#\\\/schema\\\/logo\\\/image\\\/\"},\"sameAs\":[\"https:\\\/\\\/www.facebook.com\\\/sportshine.eu\\\/\"]}]}<\/script>\n<!-- \/ Yoast SEO plugin. -->","yoast_head_json":{"title":"Nao\u010dale Magicshine Rouleur sive\/zlatne","description":"Iznimne sportske nao\u010dale poznatog brenda Magicshine. S REVO i OAR premazom le\u0107a i te\u017einom od samo 29 grama. Preporu\u010duju se za sve sportske aktivnosti.","robots":{"index":"index","follow":"follow","max-snippet":"max-snippet:-1","max-image-preview":"max-image-preview:large","max-video-preview":"max-video-preview:-1"},"canonical":"https:\/\/www.sportshine.eu\/hr\/ducan\/naocale-magicshine-rouleur-sivo-zlatne\/","og_locale":"hr_HR","og_type":"article","og_title":"O\u010dala Magicshine Rouleur grey\/gold","og_description":"Izjemna \u0161portna o\u010dala priznane znamke Magicshine. Z REVO in OAR prevleko le\u010d in te\u017eo le 29 gramov. Priporo\u010damo za vse \u0161portne aktivnosti.","og_url":"https:\/\/www.sportshine.eu\/hr\/ducan\/naocale-magicshine-rouleur-sivo-zlatne\/","og_site_name":"Sportshine","article_publisher":"https:\/\/www.facebook.com\/sportshine.eu\/","article_modified_time":"2026-03-27T19:13:11+00:00","og_image":[{"width":800,"height":800,"url":"https:\/\/www.sportshine.eu\/wp-content\/uploads\/2025\/07\/Untitleddesign-ezgif.com-jpg-to-webp-converter-1.webp","type":"image\/webp"}],"twitter_card":"summary_large_image","twitter_misc":{"Procijenjeno vrijeme \u010ditanja":"3 minute"},"schema":{"@context":"https:\/\/schema.org","@graph":[{"@type":"WebPage","@id":"https:\/\/www.sportshine.eu\/trgovina\/ocala-magicshine-rouleur-grey-gold\/","url":"https:\/\/www.sportshine.eu\/trgovina\/ocala-magicshine-rouleur-grey-gold\/","name":"Nao\u010dale Magicshine Rouleur sive\/zlatne","isPartOf":{"@id":"https:\/\/www.sportshine.eu\/#website"},"primaryImageOfPage":{"@id":"https:\/\/www.sportshine.eu\/trgovina\/ocala-magicshine-rouleur-grey-gold\/#primaryimage"},"image":{"@id":"https:\/\/www.sportshine.eu\/trgovina\/ocala-magicshine-rouleur-grey-gold\/#primaryimage"},"thumbnailUrl":"https:\/\/www.sportshine.eu\/wp-content\/uploads\/2025\/07\/Untitleddesign-ezgif.com-jpg-to-webp-converter-1.webp","datePublished":"2026-01-28T19:40:18+00:00","dateModified":"2026-03-27T19:13:11+00:00","description":"Iznimne sportske nao\u010dale poznatog brenda Magicshine. S REVO i OAR premazom le\u0107a i te\u017einom od samo 29 grama. Preporu\u010duju se za sve sportske aktivnosti.","breadcrumb":{"@id":"https:\/\/www.sportshine.eu\/trgovina\/ocala-magicshine-rouleur-grey-gold\/#breadcrumb"},"inLanguage":"hr","potentialAction":[{"@type":"ReadAction","target":["https:\/\/www.sportshine.eu\/trgovina\/ocala-magicshine-rouleur-grey-gold\/"]}]},{"@type":"ImageObject","inLanguage":"hr","@id":"https:\/\/www.sportshine.eu\/trgovina\/ocala-magicshine-rouleur-grey-gold\/#primaryimage","url":"https:\/\/www.sportshine.eu\/wp-content\/uploads\/2025\/07\/Untitleddesign-ezgif.com-jpg-to-webp-converter-1.webp","contentUrl":"https:\/\/www.sportshine.eu\/wp-content\/uploads\/2025\/07\/Untitleddesign-ezgif.com-jpg-to-webp-converter-1.webp","width":800,"height":800},{"@type":"BreadcrumbList","@id":"https:\/\/www.sportshine.eu\/trgovina\/ocala-magicshine-rouleur-grey-gold\/#breadcrumb","itemListElement":[{"@type":"ListItem","position":1,"name":"Home","item":"https:\/\/www.sportshine.eu\/"},{"@type":"ListItem","position":2,"name":"Trgovina","item":"https:\/\/www.sportshine.eu\/trgovina\/"},{"@type":"ListItem","position":3,"name":"O\u010dala Magicshine Rouleur grey\/gold"}]},{"@type":"WebSite","@id":"https:\/\/www.sportshine.eu\/#website","url":"https:\/\/www.sportshine.eu\/","name":"Sportshine","description":"Vrhunska online trgovina za biciklisti\u010dke i \u010deone svjetiljke i opremu","publisher":{"@id":"https:\/\/www.sportshine.eu\/#organization"},"potentialAction":[{"@type":"SearchAction","target":{"@type":"EntryPoint","urlTemplate":"https:\/\/www.sportshine.eu\/?s={search_term_string}"},"query-input":{"@type":"PropertyValueSpecification","valueRequired":true,"valueName":"search_term_string"}}],"inLanguage":"hr"},{"@type":"Organization","@id":"https:\/\/www.sportshine.eu\/#organization","name":"Sportshine","url":"https:\/\/www.sportshine.eu\/","logo":{"@type":"ImageObject","inLanguage":"hr","@id":"https:\/\/www.sportshine.eu\/#\/schema\/logo\/image\/","url":"https:\/\/www.sportshine.eu\/wp-content\/uploads\/2026\/01\/cropped-Sportshine.webp","contentUrl":"https:\/\/www.sportshine.eu\/wp-content\/uploads\/2026\/01\/cropped-Sportshine.webp","width":295,"height":128,"caption":"Sportshine"},"image":{"@id":"https:\/\/www.sportshine.eu\/#\/schema\/logo\/image\/"},"sameAs":["https:\/\/www.facebook.com\/sportshine.eu\/"]}]}},"_links":{"self":[{"href":"https:\/\/www.sportshine.eu\/hr\/wp-json\/wp\/v2\/product\/6424","targetHints":{"allow":["GET"]}}],"collection":[{"href":"https:\/\/www.sportshine.eu\/hr\/wp-json\/wp\/v2\/product"}],"about":[{"href":"https:\/\/www.sportshine.eu\/hr\/wp-json\/wp\/v2\/types\/product"}],"replies":[{"embeddable":true,"href":"https:\/\/www.sportshine.eu\/hr\/wp-json\/wp\/v2\/comments?post=6424"}],"version-history":[{"count":6,"href":"https:\/\/www.sportshine.eu\/hr\/wp-json\/wp\/v2\/product\/6424\/revisions"}],"predecessor-version":[{"id":10336,"href":"https:\/\/www.sportshine.eu\/hr\/wp-json\/wp\/v2\/product\/6424\/revisions\/10336"}],"wp:featuredmedia":[{"embeddable":true,"href":"https:\/\/www.sportshine.eu\/hr\/wp-json\/wp\/v2\/media\/5762"}],"wp:attachment":[{"href":"https:\/\/www.sportshine.eu\/hr\/wp-json\/wp\/v2\/media?parent=6424"}],"wp:term":[{"taxonomy":"product_brand","embeddable":true,"href":"https:\/\/www.sportshine.eu\/hr\/wp-json\/wp\/v2\/product_brand?post=6424"},{"taxonomy":"product_cat","embeddable":true,"href":"https:\/\/www.sportshine.eu\/hr\/wp-json\/wp\/v2\/product_cat?post=6424"},{"taxonomy":"product_tag","embeddable":true,"href":"https:\/\/www.sportshine.eu\/hr\/wp-json\/wp\/v2\/product_tag?post=6424"}],"curies":[{"name":"radni list","href":"https:\/\/api.w.org\/{rel}","templated":true}]}}