{"id":6423,"date":"2025-07-08T19:40:17","date_gmt":"2025-07-08T19:40:17","guid":{"rendered":"https:\/\/www.sportshine.eu\/?post_type=product&#038;p=6423"},"modified":"2026-04-17T20:02:23","modified_gmt":"2026-04-17T20:02:23","slug":"magicshine-rouleur-plavo-sive-naocale-za-nocno-gledanje","status":"publish","type":"product","link":"https:\/\/www.sportshine.eu\/hr\/ducan\/magicshine-rouleur-plavo-sive-naocale-za-nocno-gledanje\/","title":{"rendered":"Magicshine Rouleur plavo\/sive nao\u010dale - no\u0107ni vid"},"content":{"rendered":"<p>Magicshine Rouleur nao\u010dale za no\u0107no gledanje imaju le\u0107e dizajnirane da budu otporne na udarce. Stra\u017enja strana le\u0107e premazana je Magicshineovim patentiranim OAR premazom, koji pru\u017ea optimalno iskustvo bez odsjaja. Premaz otporan na mrlje s obje strane le\u0107a odbija prljav\u0161tinu, otiske prstiju i masno\u0107u, pru\u017eaju\u0107i vrhunsku za\u0161titu i olak\u0161avaju\u0107i \u010di\u0161\u0107enje le\u0107a.<\/p>\n<p><img decoding=\"async\" class=\"aligncenter wp-image-7532 size-full\" src=\"https:\/\/www.sportshine.eu\/wp-content\/uploads\/2025\/07\/Ocala-Magicshine-Rouleur-10.webp\" alt=\"\u010ca\u0161e Magicshine Rouleur \" width=\"800\" height=\"800\" srcset=\"https:\/\/www.sportshine.eu\/wp-content\/uploads\/2025\/07\/Ocala-Magicshine-Rouleur-10.webp 800w, https:\/\/www.sportshine.eu\/wp-content\/uploads\/2025\/07\/Ocala-Magicshine-Rouleur-10-768x768.webp 768w, https:\/\/www.sportshine.eu\/wp-content\/uploads\/2025\/07\/Ocala-Magicshine-Rouleur-10-600x600.webp 600w\" sizes=\"(max-width: 800px) 100vw, 800px\" \/><\/p>\n<p>Veliki ventilacijski otvori oko le\u0107a i vrhova ru\u010dki sprje\u010davaju zamagljivanje i osiguravaju jasan vid. Okvir je izra\u0111en od TR90 i TPR materijala, zajedno s protukliznim jastu\u010di\u0107ima za nos i vrhovima ru\u010dki, \u0161to osigurava udobno pristajanje za sve razine aktivnosti.<\/p>\n<p><iframe loading=\"lazy\" title=\"MAGICSHINE SPORTSKE SUN\u010cANE NAO\u010cALE ZA VO\u017dNJU ROLARA\" width=\"500\" height=\"281\" src=\"https:\/\/www.youtube.com\/embed\/UCXbHHS1K_Q?feature=oembed\" frameborder=\"0\" allow=\"accelerometer; autoplay; clipboard-write; encrypted-media; gyroscope; picture-in-picture; web-share\" referrerpolicy=\"strict-origin-when-cross-origin\" allowfullscreen><\/iframe><\/p>","protected":false},"excerpt":{"rendered":"<p>Magicshine Rouleur nao\u010dale za no\u0107no gledanje prvenstveno su dizajnirane za dobar no\u0107ni vid i izra\u0111ene su od visokokontrastnih polikarbonatnih le\u0107a. Pru\u017eaju iznimnu jasno\u0107u u uvjetima slabog osvjetljenja, isti\u010du\u0107i suptilne detalje pobolj\u0161anjem kontrasta. Stra\u017enji OAR premaz smanjuje odsjaj i osigurava optimalnu vizualnu udobnost. Tehnologija otporna na mrlje sprje\u010dava nakupljanje prljav\u0161tine, otisaka prstiju i ulja na le\u0107ama, \u0161to omogu\u0107uje jednostavno odr\u017eavanje i produ\u017euje njihov vijek trajanja.<\/p>","protected":false},"featured_media":5756,"comment_status":"open","ping_status":"closed","template":"","meta":[],"product_brand":[131],"product_cat":[104,103],"product_tag":[174],"class_list":{"0":"post-6423","1":"product","2":"type-product","3":"status-publish","4":"has-post-thumbnail","6":"product_brand-magicshine","7":"product_cat-klasicna-kolesarska-ocala","8":"product_cat-kolesarska-ocala","9":"product_tag-magicshine-ocala","11":"first","12":"outofstock","13":"taxable","14":"shipping-taxable","15":"purchasable","16":"product-type-simple"},"yoast_head":"<!-- This site is optimized with the Yoast SEO plugin v27.3 - https:\/\/yoast.com\/product\/yoast-seo-wordpress\/ -->\n<title>O\u010dala Magicshine Rouleur blue\/grey - night vision<\/title>\n<meta name=\"description\" content=\"Izjemna \u0161portna o\u010dala priznane znamke Magicshine. Z OAR prevleko le\u010d in te\u017eo le 29 gramov. Priporo\u010damo za vse \u0161portne aktivnosti.\" \/>\n<meta name=\"robots\" content=\"index, follow, max-snippet:-1, max-image-preview:large, max-video-preview:-1\" \/>\n<link rel=\"canonical\" href=\"https:\/\/www.sportshine.eu\/hr\/ducan\/magicshine-rouleur-plavo-sive-naocale-za-nocno-gledanje\/\" \/>\n<meta property=\"og:locale\" content=\"hr_HR\" \/>\n<meta property=\"og:type\" content=\"article\" \/>\n<meta property=\"og:title\" content=\"O\u010dala Magicshine Rouleur blue\/grey - night vision\" \/>\n<meta property=\"og:description\" content=\"Izjemna \u0161portna o\u010dala priznane znamke Magicshine. Z OAR prevleko le\u010d in te\u017eo le 29 gramov. Priporo\u010damo za vse \u0161portne aktivnosti.\" \/>\n<meta property=\"og:url\" content=\"https:\/\/www.sportshine.eu\/hr\/ducan\/magicshine-rouleur-plavo-sive-naocale-za-nocno-gledanje\/\" \/>\n<meta property=\"og:site_name\" content=\"Sportshine\" \/>\n<meta property=\"article:publisher\" content=\"https:\/\/www.facebook.com\/sportshine.eu\/\" \/>\n<meta property=\"article:modified_time\" content=\"2026-04-17T20:02:23+00:00\" \/>\n<meta property=\"og:image\" content=\"https:\/\/www.sportshine.eu\/wp-content\/uploads\/2025\/07\/Ocala-Magicshine-Rouleur-bluegrey-night-vision.png\" \/>\n\t<meta property=\"og:image:width\" content=\"800\" \/>\n\t<meta property=\"og:image:height\" content=\"800\" \/>\n\t<meta property=\"og:image:type\" content=\"image\/png\" \/>\n<meta name=\"twitter:card\" content=\"summary_large_image\" \/>\n<meta name=\"twitter:label1\" content=\"Procijenjeno vrijeme \u010ditanja\" \/>\n\t<meta name=\"twitter:data1\" content=\"1 minuta\" \/>\n<script type=\"application\/ld+json\" class=\"yoast-schema-graph\">{\"@context\":\"https:\\\/\\\/schema.org\",\"@graph\":[{\"@type\":\"WebPage\",\"@id\":\"https:\\\/\\\/www.sportshine.eu\\\/trgovina\\\/ocala-magicshine-rouleur-blue-grey-night-vision\\\/\",\"url\":\"https:\\\/\\\/www.sportshine.eu\\\/trgovina\\\/ocala-magicshine-rouleur-blue-grey-night-vision\\\/\",\"name\":\"O\u010dala Magicshine Rouleur blue\\\/grey - night vision\",\"isPartOf\":{\"@id\":\"https:\\\/\\\/www.sportshine.eu\\\/#website\"},\"primaryImageOfPage\":{\"@id\":\"https:\\\/\\\/www.sportshine.eu\\\/trgovina\\\/ocala-magicshine-rouleur-blue-grey-night-vision\\\/#primaryimage\"},\"image\":{\"@id\":\"https:\\\/\\\/www.sportshine.eu\\\/trgovina\\\/ocala-magicshine-rouleur-blue-grey-night-vision\\\/#primaryimage\"},\"thumbnailUrl\":\"https:\\\/\\\/www.sportshine.eu\\\/wp-content\\\/uploads\\\/2025\\\/07\\\/Ocala-Magicshine-Rouleur-bluegrey-night-vision.png\",\"datePublished\":\"2025-07-08T19:40:17+00:00\",\"dateModified\":\"2026-04-17T20:02:23+00:00\",\"description\":\"Izjemna \u0161portna o\u010dala priznane znamke Magicshine. Z OAR prevleko le\u010d in te\u017eo le 29 gramov. Priporo\u010damo za vse \u0161portne aktivnosti.\",\"breadcrumb\":{\"@id\":\"https:\\\/\\\/www.sportshine.eu\\\/trgovina\\\/ocala-magicshine-rouleur-blue-grey-night-vision\\\/#breadcrumb\"},\"inLanguage\":\"hr\",\"potentialAction\":[{\"@type\":\"ReadAction\",\"target\":[\"https:\\\/\\\/www.sportshine.eu\\\/trgovina\\\/ocala-magicshine-rouleur-blue-grey-night-vision\\\/\"]}]},{\"@type\":\"ImageObject\",\"inLanguage\":\"hr\",\"@id\":\"https:\\\/\\\/www.sportshine.eu\\\/trgovina\\\/ocala-magicshine-rouleur-blue-grey-night-vision\\\/#primaryimage\",\"url\":\"https:\\\/\\\/www.sportshine.eu\\\/wp-content\\\/uploads\\\/2025\\\/07\\\/Ocala-Magicshine-Rouleur-bluegrey-night-vision.png\",\"contentUrl\":\"https:\\\/\\\/www.sportshine.eu\\\/wp-content\\\/uploads\\\/2025\\\/07\\\/Ocala-Magicshine-Rouleur-bluegrey-night-vision.png\",\"width\":800,\"height\":800},{\"@type\":\"BreadcrumbList\",\"@id\":\"https:\\\/\\\/www.sportshine.eu\\\/trgovina\\\/ocala-magicshine-rouleur-blue-grey-night-vision\\\/#breadcrumb\",\"itemListElement\":[{\"@type\":\"ListItem\",\"position\":1,\"name\":\"Home\",\"item\":\"https:\\\/\\\/www.sportshine.eu\\\/\"},{\"@type\":\"ListItem\",\"position\":2,\"name\":\"Trgovina\",\"item\":\"https:\\\/\\\/www.sportshine.eu\\\/trgovina\\\/\"},{\"@type\":\"ListItem\",\"position\":3,\"name\":\"O\u010dala Magicshine Rouleur blue\\\/grey &#8211; night vision\"}]},{\"@type\":\"WebSite\",\"@id\":\"https:\\\/\\\/www.sportshine.eu\\\/#website\",\"url\":\"https:\\\/\\\/www.sportshine.eu\\\/\",\"name\":\"Sportshine\",\"description\":\"Top spletna trgovina kolesarskih in naglavnih svetilk ter opreme\",\"publisher\":{\"@id\":\"https:\\\/\\\/www.sportshine.eu\\\/#organization\"},\"potentialAction\":[{\"@type\":\"SearchAction\",\"target\":{\"@type\":\"EntryPoint\",\"urlTemplate\":\"https:\\\/\\\/www.sportshine.eu\\\/?s={search_term_string}\"},\"query-input\":{\"@type\":\"PropertyValueSpecification\",\"valueRequired\":true,\"valueName\":\"search_term_string\"}}],\"inLanguage\":\"hr\"},{\"@type\":\"Organization\",\"@id\":\"https:\\\/\\\/www.sportshine.eu\\\/#organization\",\"name\":\"Sportshine\",\"url\":\"https:\\\/\\\/www.sportshine.eu\\\/\",\"logo\":{\"@type\":\"ImageObject\",\"inLanguage\":\"hr\",\"@id\":\"https:\\\/\\\/www.sportshine.eu\\\/#\\\/schema\\\/logo\\\/image\\\/\",\"url\":\"https:\\\/\\\/www.sportshine.eu\\\/wp-content\\\/uploads\\\/2026\\\/01\\\/cropped-Sportshine.webp\",\"contentUrl\":\"https:\\\/\\\/www.sportshine.eu\\\/wp-content\\\/uploads\\\/2026\\\/01\\\/cropped-Sportshine.webp\",\"width\":295,\"height\":128,\"caption\":\"Sportshine\"},\"image\":{\"@id\":\"https:\\\/\\\/www.sportshine.eu\\\/#\\\/schema\\\/logo\\\/image\\\/\"},\"sameAs\":[\"https:\\\/\\\/www.facebook.com\\\/sportshine.eu\\\/\"]}]}<\/script>\n<!-- \/ Yoast SEO plugin. -->","yoast_head_json":{"title":"Nao\u010dale Magicshine Rouleur plavo\/sive - no\u0107no gledanje","description":"Iznimne sportske nao\u010dale poznatog brenda Magicshine. S OAR premazom le\u0107a i te\u017einom od samo 29 grama. Preporu\u010duju se za sve sportske aktivnosti.","robots":{"index":"index","follow":"follow","max-snippet":"max-snippet:-1","max-image-preview":"max-image-preview:large","max-video-preview":"max-video-preview:-1"},"canonical":"https:\/\/www.sportshine.eu\/hr\/ducan\/magicshine-rouleur-plavo-sive-naocale-za-nocno-gledanje\/","og_locale":"hr_HR","og_type":"article","og_title":"O\u010dala Magicshine Rouleur blue\/grey - night vision","og_description":"Izjemna \u0161portna o\u010dala priznane znamke Magicshine. Z OAR prevleko le\u010d in te\u017eo le 29 gramov. Priporo\u010damo za vse \u0161portne aktivnosti.","og_url":"https:\/\/www.sportshine.eu\/hr\/ducan\/magicshine-rouleur-plavo-sive-naocale-za-nocno-gledanje\/","og_site_name":"Sportshine","article_publisher":"https:\/\/www.facebook.com\/sportshine.eu\/","article_modified_time":"2026-04-17T20:02:23+00:00","og_image":[{"width":800,"height":800,"url":"https:\/\/www.sportshine.eu\/wp-content\/uploads\/2025\/07\/Ocala-Magicshine-Rouleur-bluegrey-night-vision.png","type":"image\/png"}],"twitter_card":"summary_large_image","twitter_misc":{"Procijenjeno vrijeme \u010ditanja":"1 minuta"},"schema":{"@context":"https:\/\/schema.org","@graph":[{"@type":"WebPage","@id":"https:\/\/www.sportshine.eu\/trgovina\/ocala-magicshine-rouleur-blue-grey-night-vision\/","url":"https:\/\/www.sportshine.eu\/trgovina\/ocala-magicshine-rouleur-blue-grey-night-vision\/","name":"Nao\u010dale Magicshine Rouleur plavo\/sive - no\u0107no gledanje","isPartOf":{"@id":"https:\/\/www.sportshine.eu\/#website"},"primaryImageOfPage":{"@id":"https:\/\/www.sportshine.eu\/trgovina\/ocala-magicshine-rouleur-blue-grey-night-vision\/#primaryimage"},"image":{"@id":"https:\/\/www.sportshine.eu\/trgovina\/ocala-magicshine-rouleur-blue-grey-night-vision\/#primaryimage"},"thumbnailUrl":"https:\/\/www.sportshine.eu\/wp-content\/uploads\/2025\/07\/Ocala-Magicshine-Rouleur-bluegrey-night-vision.png","datePublished":"2025-07-08T19:40:17+00:00","dateModified":"2026-04-17T20:02:23+00:00","description":"Iznimne sportske nao\u010dale poznatog brenda Magicshine. S OAR premazom le\u0107a i te\u017einom od samo 29 grama. Preporu\u010duju se za sve sportske aktivnosti.","breadcrumb":{"@id":"https:\/\/www.sportshine.eu\/trgovina\/ocala-magicshine-rouleur-blue-grey-night-vision\/#breadcrumb"},"inLanguage":"hr","potentialAction":[{"@type":"ReadAction","target":["https:\/\/www.sportshine.eu\/trgovina\/ocala-magicshine-rouleur-blue-grey-night-vision\/"]}]},{"@type":"ImageObject","inLanguage":"hr","@id":"https:\/\/www.sportshine.eu\/trgovina\/ocala-magicshine-rouleur-blue-grey-night-vision\/#primaryimage","url":"https:\/\/www.sportshine.eu\/wp-content\/uploads\/2025\/07\/Ocala-Magicshine-Rouleur-bluegrey-night-vision.png","contentUrl":"https:\/\/www.sportshine.eu\/wp-content\/uploads\/2025\/07\/Ocala-Magicshine-Rouleur-bluegrey-night-vision.png","width":800,"height":800},{"@type":"BreadcrumbList","@id":"https:\/\/www.sportshine.eu\/trgovina\/ocala-magicshine-rouleur-blue-grey-night-vision\/#breadcrumb","itemListElement":[{"@type":"ListItem","position":1,"name":"Home","item":"https:\/\/www.sportshine.eu\/"},{"@type":"ListItem","position":2,"name":"Trgovina","item":"https:\/\/www.sportshine.eu\/trgovina\/"},{"@type":"ListItem","position":3,"name":"O\u010dala Magicshine Rouleur blue\/grey &#8211; night vision"}]},{"@type":"WebSite","@id":"https:\/\/www.sportshine.eu\/#website","url":"https:\/\/www.sportshine.eu\/","name":"Sportshine","description":"Vrhunska online trgovina za biciklisti\u010dke i \u010deone svjetiljke i opremu","publisher":{"@id":"https:\/\/www.sportshine.eu\/#organization"},"potentialAction":[{"@type":"SearchAction","target":{"@type":"EntryPoint","urlTemplate":"https:\/\/www.sportshine.eu\/?s={search_term_string}"},"query-input":{"@type":"PropertyValueSpecification","valueRequired":true,"valueName":"search_term_string"}}],"inLanguage":"hr"},{"@type":"Organization","@id":"https:\/\/www.sportshine.eu\/#organization","name":"Sportshine","url":"https:\/\/www.sportshine.eu\/","logo":{"@type":"ImageObject","inLanguage":"hr","@id":"https:\/\/www.sportshine.eu\/#\/schema\/logo\/image\/","url":"https:\/\/www.sportshine.eu\/wp-content\/uploads\/2026\/01\/cropped-Sportshine.webp","contentUrl":"https:\/\/www.sportshine.eu\/wp-content\/uploads\/2026\/01\/cropped-Sportshine.webp","width":295,"height":128,"caption":"Sportshine"},"image":{"@id":"https:\/\/www.sportshine.eu\/#\/schema\/logo\/image\/"},"sameAs":["https:\/\/www.facebook.com\/sportshine.eu\/"]}]}},"_links":{"self":[{"href":"https:\/\/www.sportshine.eu\/hr\/wp-json\/wp\/v2\/product\/6423","targetHints":{"allow":["GET"]}}],"collection":[{"href":"https:\/\/www.sportshine.eu\/hr\/wp-json\/wp\/v2\/product"}],"about":[{"href":"https:\/\/www.sportshine.eu\/hr\/wp-json\/wp\/v2\/types\/product"}],"replies":[{"embeddable":true,"href":"https:\/\/www.sportshine.eu\/hr\/wp-json\/wp\/v2\/comments?post=6423"}],"version-history":[{"count":1,"href":"https:\/\/www.sportshine.eu\/hr\/wp-json\/wp\/v2\/product\/6423\/revisions"}],"predecessor-version":[{"id":10386,"href":"https:\/\/www.sportshine.eu\/hr\/wp-json\/wp\/v2\/product\/6423\/revisions\/10386"}],"wp:featuredmedia":[{"embeddable":true,"href":"https:\/\/www.sportshine.eu\/hr\/wp-json\/wp\/v2\/media\/5756"}],"wp:attachment":[{"href":"https:\/\/www.sportshine.eu\/hr\/wp-json\/wp\/v2\/media?parent=6423"}],"wp:term":[{"taxonomy":"product_brand","embeddable":true,"href":"https:\/\/www.sportshine.eu\/hr\/wp-json\/wp\/v2\/product_brand?post=6423"},{"taxonomy":"product_cat","embeddable":true,"href":"https:\/\/www.sportshine.eu\/hr\/wp-json\/wp\/v2\/product_cat?post=6423"},{"taxonomy":"product_tag","embeddable":true,"href":"https:\/\/www.sportshine.eu\/hr\/wp-json\/wp\/v2\/product_tag?post=6423"}],"curies":[{"name":"radni list","href":"https:\/\/api.w.org\/{rel}","templated":true}]}}