{"id":6416,"date":"2025-07-08T19:40:09","date_gmt":"2025-07-08T19:40:09","guid":{"rendered":"https:\/\/www.sportshine.eu\/?post_type=product&#038;p=6416"},"modified":"2026-01-23T22:16:44","modified_gmt":"2026-01-23T22:16:44","slug":"biciklisticke-naocale-magicshine-vjetrovka-ruzicasto-narancasta","status":"publish","type":"product","link":"https:\/\/www.sportshine.eu\/hr\/ducan\/biciklisticke-naocale-magicshine-vjetrovka-ruzicasto-narancasta\/","title":{"rendered":"Biciklisti\u010dke nao\u010dale Magicshine Windbreaker ru\u017ei\u010daste\/naran\u010daste"},"content":{"rendered":"<p>Biciklisti\u010dke nao\u010dale Magicshine Windbreaker odli\u010dan su izbor za bicikliste, kombiniraju\u0107i za\u0161titu, udobnost i malu te\u017einu po pristupa\u010dnoj cijeni. Njihov oblik prikladan je za razli\u010dite oblike lica i \u010dini ih udobnima za no\u0161enje.<\/p>\n<p>Polikarbonatne le\u0107e imaju vanjski REVO premaz koji smanjuje odsjaj i pobolj\u0161ava kontrast. Unutarnji OAR premaz smanjuje odsjaj. Nao\u010dale pru\u017eaju iznimnu udobnost, jer ne pritiskaju sjene, bez obzira nosite li kacigu ili ne. Podesivi dio za nos omogu\u0107uje dobro prianjanje na lice, a nao\u010dale ostaju stabilne i sigurno na mjestu tijekom vo\u017enje.<\/p>\n<p>Le\u0107e se ne zamagljuju, \u010demu poma\u017eu ventilacijski kanali na dnu le\u0107a i njihov otvoreni oblik koji omogu\u0107uje bolji protok zraka. sprje\u010dava nakupljanje prljav\u0161tine i ulja, osiguravaju\u0107i bezbri\u017eno odr\u017eavanje le\u0107a.<\/p>\n<p>Zahvaljuju\u0107i potpuno bezokvirnom dizajnu i velikim zakrivljenim le\u0107ama, nao\u010dale su elegantne i sportske te nude izvrsnu vidljivost. Pru\u017eaju potpunu za\u0161titu od \u0161tetnih UV zraka i \u0161tite va\u0161e o\u010di od vjetra, pra\u0161ine i atmosferskih utjecaja.<\/p>\n<p>\u0160to je REVO premaz? Kliknite <span style=\"color: #339966;\"><a style=\"color: #339966;\" href=\"https:\/\/www.sportshine.eu\/hr\/revo-poklopac\/\">ovdje<\/a><\/span><\/p>\n<p><iframe loading=\"lazy\" title=\"Magicshine VJETROJAKA\" width=\"500\" height=\"281\" src=\"https:\/\/www.youtube.com\/embed\/aeMY_kcMBAE?feature=oembed\" frameborder=\"0\" allow=\"accelerometer; autoplay; clipboard-write; encrypted-media; gyroscope; picture-in-picture; web-share\" referrerpolicy=\"strict-origin-when-cross-origin\" allowfullscreen><\/iframe><\/p>","protected":false},"excerpt":{"rendered":"<p>Windbreaker nao\u010dale su profesionalna serija biciklisti\u010dkih sun\u010danih nao\u010dala tvrtke Magicshine s iznimnom jasno\u0107om. Prilago\u0111ene su i profesionalnom biciklizmu i svakodnevnom biciklizmu. Dobile su izvrsne recenzije neovisnog i svjetski poznatog online portala road.cc. \u201eImaju izvrsnu le\u0107u, malu te\u017einu i dobru kvalitetu izrade. I sve to po vrlo konkurentnoj cijeni.\u201c<\/p>","protected":false},"featured_media":5706,"comment_status":"open","ping_status":"closed","template":"","meta":[],"product_brand":[131],"product_cat":[104,103],"product_tag":[174],"class_list":{"0":"post-6416","1":"product","2":"type-product","3":"status-publish","4":"has-post-thumbnail","6":"product_brand-magicshine","7":"product_cat-klasicna-kolesarska-ocala","8":"product_cat-kolesarska-ocala","9":"product_tag-magicshine-ocala","11":"first","12":"outofstock","13":"taxable","14":"shipping-taxable","15":"purchasable","16":"product-type-simple"},"yoast_head":"<!-- This site is optimized with the Yoast SEO plugin v27.3 - https:\/\/yoast.com\/product\/yoast-seo-wordpress\/ -->\n<title>Kolesarska o\u010dala Magicshine Windbreaker pink\/orange<\/title>\n<meta name=\"description\" content=\"Izjemna kolesarska o\u010dala priznane znamke Magicshine. Z REVO in OAR prevleko le\u010d in te\u017eo le 29 gramov. Priporo\u010damo za vse \u0161portne aktivnosti.\" \/>\n<meta name=\"robots\" content=\"index, follow, max-snippet:-1, max-image-preview:large, max-video-preview:-1\" \/>\n<link rel=\"canonical\" href=\"https:\/\/www.sportshine.eu\/hr\/ducan\/biciklisticke-naocale-magicshine-vjetrovka-ruzicasto-narancasta\/\" \/>\n<meta property=\"og:locale\" content=\"hr_HR\" \/>\n<meta property=\"og:type\" content=\"article\" \/>\n<meta property=\"og:title\" content=\"Kolesarska o\u010dala Magicshine Windbreaker pink\/orange\" \/>\n<meta property=\"og:description\" content=\"Izjemna kolesarska o\u010dala priznane znamke Magicshine. Z REVO in OAR prevleko le\u010d in te\u017eo le 29 gramov. Priporo\u010damo za vse \u0161portne aktivnosti.\" \/>\n<meta property=\"og:url\" content=\"https:\/\/www.sportshine.eu\/hr\/ducan\/biciklisticke-naocale-magicshine-vjetrovka-ruzicasto-narancasta\/\" \/>\n<meta property=\"og:site_name\" content=\"Sportshine\" \/>\n<meta property=\"article:publisher\" content=\"https:\/\/www.facebook.com\/sportshine.eu\/\" \/>\n<meta property=\"article:modified_time\" content=\"2026-01-23T22:16:44+00:00\" \/>\n<meta property=\"og:image\" content=\"https:\/\/www.sportshine.eu\/wp-content\/uploads\/2025\/07\/Kolesarska-ocala-Magicshine-Windbreaker-pinkorange.webp\" \/>\n\t<meta property=\"og:image:width\" content=\"800\" \/>\n\t<meta property=\"og:image:height\" content=\"800\" \/>\n\t<meta property=\"og:image:type\" content=\"image\/webp\" \/>\n<meta name=\"twitter:card\" content=\"summary_large_image\" \/>\n<meta name=\"twitter:label1\" content=\"Procijenjeno vrijeme \u010ditanja\" \/>\n\t<meta name=\"twitter:data1\" content=\"2 minute\" \/>\n<script type=\"application\/ld+json\" class=\"yoast-schema-graph\">{\"@context\":\"https:\\\/\\\/schema.org\",\"@graph\":[{\"@type\":\"WebPage\",\"@id\":\"https:\\\/\\\/www.sportshine.eu\\\/trgovina\\\/kolesarska-ocala-magicshine-windbreaker-pink-orange\\\/\",\"url\":\"https:\\\/\\\/www.sportshine.eu\\\/trgovina\\\/kolesarska-ocala-magicshine-windbreaker-pink-orange\\\/\",\"name\":\"Kolesarska o\u010dala Magicshine Windbreaker pink\\\/orange\",\"isPartOf\":{\"@id\":\"https:\\\/\\\/www.sportshine.eu\\\/#website\"},\"primaryImageOfPage\":{\"@id\":\"https:\\\/\\\/www.sportshine.eu\\\/trgovina\\\/kolesarska-ocala-magicshine-windbreaker-pink-orange\\\/#primaryimage\"},\"image\":{\"@id\":\"https:\\\/\\\/www.sportshine.eu\\\/trgovina\\\/kolesarska-ocala-magicshine-windbreaker-pink-orange\\\/#primaryimage\"},\"thumbnailUrl\":\"https:\\\/\\\/www.sportshine.eu\\\/wp-content\\\/uploads\\\/2025\\\/07\\\/Kolesarska-ocala-Magicshine-Windbreaker-pinkorange.webp\",\"datePublished\":\"2025-07-08T19:40:09+00:00\",\"dateModified\":\"2026-01-23T22:16:44+00:00\",\"description\":\"Izjemna kolesarska o\u010dala priznane znamke Magicshine. Z REVO in OAR prevleko le\u010d in te\u017eo le 29 gramov. Priporo\u010damo za vse \u0161portne aktivnosti.\",\"breadcrumb\":{\"@id\":\"https:\\\/\\\/www.sportshine.eu\\\/trgovina\\\/kolesarska-ocala-magicshine-windbreaker-pink-orange\\\/#breadcrumb\"},\"inLanguage\":\"hr\",\"potentialAction\":[{\"@type\":\"ReadAction\",\"target\":[\"https:\\\/\\\/www.sportshine.eu\\\/trgovina\\\/kolesarska-ocala-magicshine-windbreaker-pink-orange\\\/\"]}]},{\"@type\":\"ImageObject\",\"inLanguage\":\"hr\",\"@id\":\"https:\\\/\\\/www.sportshine.eu\\\/trgovina\\\/kolesarska-ocala-magicshine-windbreaker-pink-orange\\\/#primaryimage\",\"url\":\"https:\\\/\\\/www.sportshine.eu\\\/wp-content\\\/uploads\\\/2025\\\/07\\\/Kolesarska-ocala-Magicshine-Windbreaker-pinkorange.webp\",\"contentUrl\":\"https:\\\/\\\/www.sportshine.eu\\\/wp-content\\\/uploads\\\/2025\\\/07\\\/Kolesarska-ocala-Magicshine-Windbreaker-pinkorange.webp\",\"width\":800,\"height\":800},{\"@type\":\"BreadcrumbList\",\"@id\":\"https:\\\/\\\/www.sportshine.eu\\\/trgovina\\\/kolesarska-ocala-magicshine-windbreaker-pink-orange\\\/#breadcrumb\",\"itemListElement\":[{\"@type\":\"ListItem\",\"position\":1,\"name\":\"Home\",\"item\":\"https:\\\/\\\/www.sportshine.eu\\\/\"},{\"@type\":\"ListItem\",\"position\":2,\"name\":\"Trgovina\",\"item\":\"https:\\\/\\\/www.sportshine.eu\\\/trgovina\\\/\"},{\"@type\":\"ListItem\",\"position\":3,\"name\":\"Kolesarska o\u010dala Magicshine Windbreaker pink\\\/orange\"}]},{\"@type\":\"WebSite\",\"@id\":\"https:\\\/\\\/www.sportshine.eu\\\/#website\",\"url\":\"https:\\\/\\\/www.sportshine.eu\\\/\",\"name\":\"Sportshine\",\"description\":\"Top spletna trgovina kolesarskih in naglavnih svetilk ter opreme\",\"publisher\":{\"@id\":\"https:\\\/\\\/www.sportshine.eu\\\/#organization\"},\"potentialAction\":[{\"@type\":\"SearchAction\",\"target\":{\"@type\":\"EntryPoint\",\"urlTemplate\":\"https:\\\/\\\/www.sportshine.eu\\\/?s={search_term_string}\"},\"query-input\":{\"@type\":\"PropertyValueSpecification\",\"valueRequired\":true,\"valueName\":\"search_term_string\"}}],\"inLanguage\":\"hr\"},{\"@type\":\"Organization\",\"@id\":\"https:\\\/\\\/www.sportshine.eu\\\/#organization\",\"name\":\"Sportshine\",\"url\":\"https:\\\/\\\/www.sportshine.eu\\\/\",\"logo\":{\"@type\":\"ImageObject\",\"inLanguage\":\"hr\",\"@id\":\"https:\\\/\\\/www.sportshine.eu\\\/#\\\/schema\\\/logo\\\/image\\\/\",\"url\":\"https:\\\/\\\/www.sportshine.eu\\\/wp-content\\\/uploads\\\/2026\\\/01\\\/cropped-Sportshine.webp\",\"contentUrl\":\"https:\\\/\\\/www.sportshine.eu\\\/wp-content\\\/uploads\\\/2026\\\/01\\\/cropped-Sportshine.webp\",\"width\":295,\"height\":128,\"caption\":\"Sportshine\"},\"image\":{\"@id\":\"https:\\\/\\\/www.sportshine.eu\\\/#\\\/schema\\\/logo\\\/image\\\/\"},\"sameAs\":[\"https:\\\/\\\/www.facebook.com\\\/sportshine.eu\\\/\"]}]}<\/script>\n<!-- \/ Yoast SEO plugin. -->","yoast_head_json":{"title":"Biciklisti\u010dke nao\u010dale Magicshine Windbreaker ru\u017ei\u010daste\/naran\u010daste","description":"Iznimne biciklisti\u010dke nao\u010dale poznate marke Magicshine. S REVO i OAR premazom le\u0107a i te\u017einom od samo 29 grama. Preporu\u010duju se za sve sportske aktivnosti.","robots":{"index":"index","follow":"follow","max-snippet":"max-snippet:-1","max-image-preview":"max-image-preview:large","max-video-preview":"max-video-preview:-1"},"canonical":"https:\/\/www.sportshine.eu\/hr\/ducan\/biciklisticke-naocale-magicshine-vjetrovka-ruzicasto-narancasta\/","og_locale":"hr_HR","og_type":"article","og_title":"Kolesarska o\u010dala Magicshine Windbreaker pink\/orange","og_description":"Izjemna kolesarska o\u010dala priznane znamke Magicshine. Z REVO in OAR prevleko le\u010d in te\u017eo le 29 gramov. Priporo\u010damo za vse \u0161portne aktivnosti.","og_url":"https:\/\/www.sportshine.eu\/hr\/ducan\/biciklisticke-naocale-magicshine-vjetrovka-ruzicasto-narancasta\/","og_site_name":"Sportshine","article_publisher":"https:\/\/www.facebook.com\/sportshine.eu\/","article_modified_time":"2026-01-23T22:16:44+00:00","og_image":[{"width":800,"height":800,"url":"https:\/\/www.sportshine.eu\/wp-content\/uploads\/2025\/07\/Kolesarska-ocala-Magicshine-Windbreaker-pinkorange.webp","type":"image\/webp"}],"twitter_card":"summary_large_image","twitter_misc":{"Procijenjeno vrijeme \u010ditanja":"2 minute"},"schema":{"@context":"https:\/\/schema.org","@graph":[{"@type":"WebPage","@id":"https:\/\/www.sportshine.eu\/trgovina\/kolesarska-ocala-magicshine-windbreaker-pink-orange\/","url":"https:\/\/www.sportshine.eu\/trgovina\/kolesarska-ocala-magicshine-windbreaker-pink-orange\/","name":"Biciklisti\u010dke nao\u010dale Magicshine Windbreaker ru\u017ei\u010daste\/naran\u010daste","isPartOf":{"@id":"https:\/\/www.sportshine.eu\/#website"},"primaryImageOfPage":{"@id":"https:\/\/www.sportshine.eu\/trgovina\/kolesarska-ocala-magicshine-windbreaker-pink-orange\/#primaryimage"},"image":{"@id":"https:\/\/www.sportshine.eu\/trgovina\/kolesarska-ocala-magicshine-windbreaker-pink-orange\/#primaryimage"},"thumbnailUrl":"https:\/\/www.sportshine.eu\/wp-content\/uploads\/2025\/07\/Kolesarska-ocala-Magicshine-Windbreaker-pinkorange.webp","datePublished":"2025-07-08T19:40:09+00:00","dateModified":"2026-01-23T22:16:44+00:00","description":"Iznimne biciklisti\u010dke nao\u010dale poznate marke Magicshine. S REVO i OAR premazom le\u0107a i te\u017einom od samo 29 grama. Preporu\u010duju se za sve sportske aktivnosti.","breadcrumb":{"@id":"https:\/\/www.sportshine.eu\/trgovina\/kolesarska-ocala-magicshine-windbreaker-pink-orange\/#breadcrumb"},"inLanguage":"hr","potentialAction":[{"@type":"ReadAction","target":["https:\/\/www.sportshine.eu\/trgovina\/kolesarska-ocala-magicshine-windbreaker-pink-orange\/"]}]},{"@type":"ImageObject","inLanguage":"hr","@id":"https:\/\/www.sportshine.eu\/trgovina\/kolesarska-ocala-magicshine-windbreaker-pink-orange\/#primaryimage","url":"https:\/\/www.sportshine.eu\/wp-content\/uploads\/2025\/07\/Kolesarska-ocala-Magicshine-Windbreaker-pinkorange.webp","contentUrl":"https:\/\/www.sportshine.eu\/wp-content\/uploads\/2025\/07\/Kolesarska-ocala-Magicshine-Windbreaker-pinkorange.webp","width":800,"height":800},{"@type":"BreadcrumbList","@id":"https:\/\/www.sportshine.eu\/trgovina\/kolesarska-ocala-magicshine-windbreaker-pink-orange\/#breadcrumb","itemListElement":[{"@type":"ListItem","position":1,"name":"Home","item":"https:\/\/www.sportshine.eu\/"},{"@type":"ListItem","position":2,"name":"Trgovina","item":"https:\/\/www.sportshine.eu\/trgovina\/"},{"@type":"ListItem","position":3,"name":"Kolesarska o\u010dala Magicshine Windbreaker pink\/orange"}]},{"@type":"WebSite","@id":"https:\/\/www.sportshine.eu\/#website","url":"https:\/\/www.sportshine.eu\/","name":"Sportshine","description":"Vrhunska online trgovina za biciklisti\u010dke i \u010deone svjetiljke i opremu","publisher":{"@id":"https:\/\/www.sportshine.eu\/#organization"},"potentialAction":[{"@type":"SearchAction","target":{"@type":"EntryPoint","urlTemplate":"https:\/\/www.sportshine.eu\/?s={search_term_string}"},"query-input":{"@type":"PropertyValueSpecification","valueRequired":true,"valueName":"search_term_string"}}],"inLanguage":"hr"},{"@type":"Organization","@id":"https:\/\/www.sportshine.eu\/#organization","name":"Sportshine","url":"https:\/\/www.sportshine.eu\/","logo":{"@type":"ImageObject","inLanguage":"hr","@id":"https:\/\/www.sportshine.eu\/#\/schema\/logo\/image\/","url":"https:\/\/www.sportshine.eu\/wp-content\/uploads\/2026\/01\/cropped-Sportshine.webp","contentUrl":"https:\/\/www.sportshine.eu\/wp-content\/uploads\/2026\/01\/cropped-Sportshine.webp","width":295,"height":128,"caption":"Sportshine"},"image":{"@id":"https:\/\/www.sportshine.eu\/#\/schema\/logo\/image\/"},"sameAs":["https:\/\/www.facebook.com\/sportshine.eu\/"]}]}},"_links":{"self":[{"href":"https:\/\/www.sportshine.eu\/hr\/wp-json\/wp\/v2\/product\/6416","targetHints":{"allow":["GET"]}}],"collection":[{"href":"https:\/\/www.sportshine.eu\/hr\/wp-json\/wp\/v2\/product"}],"about":[{"href":"https:\/\/www.sportshine.eu\/hr\/wp-json\/wp\/v2\/types\/product"}],"replies":[{"embeddable":true,"href":"https:\/\/www.sportshine.eu\/hr\/wp-json\/wp\/v2\/comments?post=6416"}],"version-history":[{"count":0,"href":"https:\/\/www.sportshine.eu\/hr\/wp-json\/wp\/v2\/product\/6416\/revisions"}],"wp:featuredmedia":[{"embeddable":true,"href":"https:\/\/www.sportshine.eu\/hr\/wp-json\/wp\/v2\/media\/5706"}],"wp:attachment":[{"href":"https:\/\/www.sportshine.eu\/hr\/wp-json\/wp\/v2\/media?parent=6416"}],"wp:term":[{"taxonomy":"product_brand","embeddable":true,"href":"https:\/\/www.sportshine.eu\/hr\/wp-json\/wp\/v2\/product_brand?post=6416"},{"taxonomy":"product_cat","embeddable":true,"href":"https:\/\/www.sportshine.eu\/hr\/wp-json\/wp\/v2\/product_cat?post=6416"},{"taxonomy":"product_tag","embeddable":true,"href":"https:\/\/www.sportshine.eu\/hr\/wp-json\/wp\/v2\/product_tag?post=6416"}],"curies":[{"name":"radni list","href":"https:\/\/api.w.org\/{rel}","templated":true}]}}