{"id":6413,"date":"2025-07-09T19:40:06","date_gmt":"2025-07-09T19:40:06","guid":{"rendered":"https:\/\/www.sportshine.eu\/?post_type=product&#038;p=6413"},"modified":"2026-03-06T12:22:42","modified_gmt":"2026-03-06T12:22:42","slug":"biciklisticke-naocale-magicshine-sprinter-svijetlo-sive-plave","status":"publish","type":"product","link":"https:\/\/www.sportshine.eu\/hr\/ducan\/biciklisticke-naocale-magicshine-sprinter-svijetlo-sive-plave\/","title":{"rendered":"Biciklisti\u010dke nao\u010dale Magicshine Sprinter svijetlo sive\/plave"},"content":{"rendered":"<div class=\"elementor-element elementor-element-c209278 elementor-widget elementor-widget-heading\" data-id=\"c209278\" data-element_type=\"widget\" data-widget_type=\"heading.default\">\n<p>Opremljene s \u010detiri otvora za ventilaciju na le\u0107ama i dodatnom ventilacijom na ru\u010dkama, biciklisti\u010dke nao\u010dale Sprinter osiguravaju optimalan protok zraka, sprje\u010davaju zamagljivanje i smanjuju otpor zraka, odr\u017eavaju\u0107i jasan vid tijekom vo\u017enje. Izra\u0111ene od izdr\u017eljivih TR90 i TPR materijala, dizajnirane su da izdr\u017ee deformacije, osiguravaju\u0107i dugotrajnu izdr\u017eljivost. Ultra-grip most za nos i gumeni vrhovi ru\u010dki pru\u017eaju siguran hvat, \u010dak i pri jakom znojenju ili obavljanju intenzivnih aktivnosti.<\/p>\n<p><img decoding=\"async\" class=\"aligncenter wp-image-7539 size-full\" src=\"https:\/\/www.sportshine.eu\/wp-content\/uploads\/2025\/07\/Kolesarska-ocala-Magicshine-Sprinter-light-grey-1.webp\" alt=\"\" width=\"800\" height=\"800\" srcset=\"https:\/\/www.sportshine.eu\/wp-content\/uploads\/2025\/07\/Kolesarska-ocala-Magicshine-Sprinter-light-grey-1.webp 800w, https:\/\/www.sportshine.eu\/wp-content\/uploads\/2025\/07\/Kolesarska-ocala-Magicshine-Sprinter-light-grey-1-768x768.webp 768w, https:\/\/www.sportshine.eu\/wp-content\/uploads\/2025\/07\/Kolesarska-ocala-Magicshine-Sprinter-light-grey-1-600x600.webp 600w\" sizes=\"(max-width: 800px) 100vw, 800px\" \/><\/p>\n<p>&nbsp;<\/p>\n<\/div>\n<div class=\"elementor-element elementor-element-c209278 elementor-widget elementor-widget-heading\" data-id=\"c209278\" data-element_type=\"widget\" data-widget_type=\"heading.default\">\n<div class=\"elementor-element elementor-element-25b12d99 elementor-widget elementor-widget-heading\" data-id=\"25b12d99\" data-element_type=\"widget\" data-widget_type=\"heading.default\">\n<div class=\"elementor-widget-container\">\n<section class=\"elementor-section elementor-top-section elementor-element elementor-element-31009ff8 elementor-section-boxed elementor-section-height-default elementor-section-height-default\" data-id=\"31009ff8\" data-element_type=\"section\">\n<div class=\"elementor-container elementor-column-gap-default\">\n<div class=\"elementor-column elementor-col-100 elementor-top-column elementor-element elementor-element-16b76c01\" data-id=\"16b76c01\" data-element_type=\"column\">\n<div class=\"elementor-widget-wrap elementor-element-populated\">\n<div class=\"elementor-element elementor-element-2982363a elementor-widget elementor-widget-heading\" data-id=\"2982363a\" data-element_type=\"widget\" data-widget_type=\"heading.default\">\n<section class=\"elementor-section elementor-top-section elementor-element elementor-element-41477614 elementor-section-boxed elementor-section-height-default elementor-section-height-default\" data-id=\"41477614\" data-element_type=\"section\">\n<div class=\"elementor-container elementor-column-gap-default\">\n<div class=\"elementor-column elementor-col-100 elementor-top-column elementor-element elementor-element-efcd3\" data-id=\"efcd3\" data-element_type=\"column\">\n<div class=\"elementor-widget-wrap elementor-element-populated\">\n<div class=\"elementor-element elementor-element-54a03f68 elementor-widget elementor-widget-heading\" data-id=\"54a03f68\" data-element_type=\"widget\" data-widget_type=\"heading.default\">\n<div class=\"elementor-widget-container\">\n<p class=\"elementor-heading-title elementor-size-default\" style=\"text-align: center;\">\n<\/div>\n<\/div>\n<\/div>\n<\/div>\n<\/div>\n<\/section>\n<\/div>\n<\/div>\n<\/div>\n<\/div>\n<\/section>\n<\/div>\n<\/div>\n<\/div>","protected":false},"excerpt":{"rendered":"<p>Biciklisti\u010dke nao\u010dale Magicshine Sprinter najnovija su serija fotokromatskih biciklisti\u010dkih sun\u010danih nao\u010dala i nude neusporedivu jasno\u0107u za svakodnevne vo\u017enje i intenzivne biciklisti\u010dke vo\u017enje. Cijela serija ima lagani poluokvir koji izgleda moderno i odi\u0161e sportskim duhom.<\/p>\n<p>Razlikuju se po:<\/p>\n<p>\u25cf Visokootporne polikarbonatne le\u0107e pru\u017eaju 100% UV za\u0161titu.<br \/>\n\u25cf Lagani poluokvir bez okvira koji spaja eleganciju i sportski izgled.<br \/>\n\u25cf Cilindri\u010dne le\u0107e sa 6 baza za pobolj\u0161ani periferni vid i za\u0161titu.<br \/>\n\u25cf Ultra-grip gumeni jastu\u010di\u0107i za nos i zavr\u0161ni slojevi dr\u0161ke osiguravaju siguran hvat \u010dak i tijekom intenzivnih aktivnosti.<br \/>\n\u25cf Napredni sustav ventilacije omogu\u0107uje iznimnu cirkulaciju zraka i sprje\u010dava zamagljivanje le\u0107a.<br \/>\n\u25cf Fotokromatske le\u0107e pru\u017eaju o\u0161tru vidnu o\u0161trinu i kristalno jasnu sliku u svim vremenskim uvjetima.<br \/>\n\u25cf Iznimni REVO premaz i OAR premaz za optimalnu vizualnu jasno\u0107u.<br \/>\n\u25cf Premaz otporan na mrlje s obje strane pru\u017ea dodatnu za\u0161titu i jednostavno odr\u017eavanje le\u0107a.<\/p>","protected":false},"featured_media":5686,"comment_status":"open","ping_status":"closed","template":"","meta":[],"product_brand":[131],"product_cat":[106,103],"product_tag":[174],"class_list":{"0":"post-6413","1":"product","2":"type-product","3":"status-publish","4":"has-post-thumbnail","6":"product_brand-magicshine","7":"product_cat-fotokromatska-ocala","8":"product_cat-kolesarska-ocala","9":"product_tag-magicshine-ocala","11":"first","12":"outofstock","13":"taxable","14":"shipping-taxable","15":"purchasable","16":"product-type-simple"},"yoast_head":"<!-- This site is optimized with the Yoast SEO plugin v27.3 - https:\/\/yoast.com\/product\/yoast-seo-wordpress\/ -->\n<title>Kolesarska o\u010dala Magicshine Sprinter light grey\/blue<\/title>\n<meta name=\"robots\" content=\"index, follow, max-snippet:-1, max-image-preview:large, max-video-preview:-1\" \/>\n<link rel=\"canonical\" href=\"https:\/\/www.sportshine.eu\/hr\/ducan\/biciklisticke-naocale-magicshine-sprinter-svijetlo-sive-plave\/\" \/>\n<meta property=\"og:locale\" content=\"hr_HR\" \/>\n<meta property=\"og:type\" content=\"article\" \/>\n<meta property=\"og:title\" content=\"Kolesarska o\u010dala Magicshine Sprinter light grey\/blue\" \/>\n<meta property=\"og:description\" content=\"Kolesarska o\u010dala Magicshine Sprinter so najnovej\u0161a serija fotokromatskih son\u010dnih o\u010dal za kolesarjenje in ponujajo neprimerljivo jasnost za vsakodnevne vo\u017enje in intenzivne kolesarske vo\u017enje . Celotna serija ima lahek pol okvir, ki izgleda moderno in iz\u017eareva \u0161porten duh.  Odlikuje jih:  \u25cf Le\u010de iz visoko odpornega polikarbonata zagotavljajo 100% UV za\u0161\u010dito. \u25cf Lahek polokvir brez okvirja, ki zdru\u017euje eleganco in \u0161portnost. \u25cf Cilindri\u010dne 6-bazne le\u010de za pove\u010dano periferno vidljivost in za\u0161\u010dito. \u25cf Ultraoprijemljive gumirane blazinice za nos in zaklju\u010dki na ro\u010dajih zagotavljajo varen oprijem tudi med intenzivnimi aktivnostmi. \u25cf Napreden prezra\u010devalni sistem omogo\u010da izjemno kro\u017eenje zraka in prepre\u010duje ro\u0161enje le\u010d. \u25cf Fotokromatske le\u010de zagotavljajo ostro vizualno ostrino in kristalno \u010disto sliko v vseh vremenskih razmerah. \u25cf Izjemen REVO premaz in OAR premaz za optimalno jasnost vida. \u25cf Premaz, odporen na made\u017ee na obeh straneh, zagotavlja dodatno za\u0161\u010dito in enostavno vzdr\u017eevanje le\u010d.\" \/>\n<meta property=\"og:url\" content=\"https:\/\/www.sportshine.eu\/hr\/ducan\/biciklisticke-naocale-magicshine-sprinter-svijetlo-sive-plave\/\" \/>\n<meta property=\"og:site_name\" content=\"Sportshine\" \/>\n<meta property=\"article:publisher\" content=\"https:\/\/www.facebook.com\/sportshine.eu\/\" \/>\n<meta property=\"article:modified_time\" content=\"2026-03-06T12:22:42+00:00\" \/>\n<meta property=\"og:image\" content=\"https:\/\/www.sportshine.eu\/wp-content\/uploads\/2025\/07\/Kolesarska-ocala-Magicshine-Sprinter-light-grey.webp\" \/>\n\t<meta property=\"og:image:width\" content=\"800\" \/>\n\t<meta property=\"og:image:height\" content=\"800\" \/>\n\t<meta property=\"og:image:type\" content=\"image\/webp\" \/>\n<meta name=\"twitter:card\" content=\"summary_large_image\" \/>\n<meta name=\"twitter:label1\" content=\"Procijenjeno vrijeme \u010ditanja\" \/>\n\t<meta name=\"twitter:data1\" content=\"1 minuta\" \/>\n<script type=\"application\/ld+json\" class=\"yoast-schema-graph\">{\"@context\":\"https:\\\/\\\/schema.org\",\"@graph\":[{\"@type\":\"WebPage\",\"@id\":\"https:\\\/\\\/www.sportshine.eu\\\/trgovina\\\/kolesarska-ocala-magicshine-sprinter-light-grey-blue\\\/\",\"url\":\"https:\\\/\\\/www.sportshine.eu\\\/trgovina\\\/kolesarska-ocala-magicshine-sprinter-light-grey-blue\\\/\",\"name\":\"Kolesarska o\u010dala Magicshine Sprinter light grey\\\/blue\",\"isPartOf\":{\"@id\":\"https:\\\/\\\/www.sportshine.eu\\\/#website\"},\"primaryImageOfPage\":{\"@id\":\"https:\\\/\\\/www.sportshine.eu\\\/trgovina\\\/kolesarska-ocala-magicshine-sprinter-light-grey-blue\\\/#primaryimage\"},\"image\":{\"@id\":\"https:\\\/\\\/www.sportshine.eu\\\/trgovina\\\/kolesarska-ocala-magicshine-sprinter-light-grey-blue\\\/#primaryimage\"},\"thumbnailUrl\":\"https:\\\/\\\/www.sportshine.eu\\\/wp-content\\\/uploads\\\/2025\\\/07\\\/Kolesarska-ocala-Magicshine-Sprinter-light-grey.webp\",\"datePublished\":\"2025-07-09T19:40:06+00:00\",\"dateModified\":\"2026-03-06T12:22:42+00:00\",\"breadcrumb\":{\"@id\":\"https:\\\/\\\/www.sportshine.eu\\\/trgovina\\\/kolesarska-ocala-magicshine-sprinter-light-grey-blue\\\/#breadcrumb\"},\"inLanguage\":\"hr\",\"potentialAction\":[{\"@type\":\"ReadAction\",\"target\":[\"https:\\\/\\\/www.sportshine.eu\\\/trgovina\\\/kolesarska-ocala-magicshine-sprinter-light-grey-blue\\\/\"]}]},{\"@type\":\"ImageObject\",\"inLanguage\":\"hr\",\"@id\":\"https:\\\/\\\/www.sportshine.eu\\\/trgovina\\\/kolesarska-ocala-magicshine-sprinter-light-grey-blue\\\/#primaryimage\",\"url\":\"https:\\\/\\\/www.sportshine.eu\\\/wp-content\\\/uploads\\\/2025\\\/07\\\/Kolesarska-ocala-Magicshine-Sprinter-light-grey.webp\",\"contentUrl\":\"https:\\\/\\\/www.sportshine.eu\\\/wp-content\\\/uploads\\\/2025\\\/07\\\/Kolesarska-ocala-Magicshine-Sprinter-light-grey.webp\",\"width\":800,\"height\":800},{\"@type\":\"BreadcrumbList\",\"@id\":\"https:\\\/\\\/www.sportshine.eu\\\/trgovina\\\/kolesarska-ocala-magicshine-sprinter-light-grey-blue\\\/#breadcrumb\",\"itemListElement\":[{\"@type\":\"ListItem\",\"position\":1,\"name\":\"Home\",\"item\":\"https:\\\/\\\/www.sportshine.eu\\\/\"},{\"@type\":\"ListItem\",\"position\":2,\"name\":\"Trgovina\",\"item\":\"https:\\\/\\\/www.sportshine.eu\\\/trgovina\\\/\"},{\"@type\":\"ListItem\",\"position\":3,\"name\":\"Kolesarska o\u010dala Magicshine Sprinter light grey\\\/blue\"}]},{\"@type\":\"WebSite\",\"@id\":\"https:\\\/\\\/www.sportshine.eu\\\/#website\",\"url\":\"https:\\\/\\\/www.sportshine.eu\\\/\",\"name\":\"Sportshine\",\"description\":\"Top spletna trgovina kolesarskih in naglavnih svetilk ter opreme\",\"publisher\":{\"@id\":\"https:\\\/\\\/www.sportshine.eu\\\/#organization\"},\"potentialAction\":[{\"@type\":\"SearchAction\",\"target\":{\"@type\":\"EntryPoint\",\"urlTemplate\":\"https:\\\/\\\/www.sportshine.eu\\\/?s={search_term_string}\"},\"query-input\":{\"@type\":\"PropertyValueSpecification\",\"valueRequired\":true,\"valueName\":\"search_term_string\"}}],\"inLanguage\":\"hr\"},{\"@type\":\"Organization\",\"@id\":\"https:\\\/\\\/www.sportshine.eu\\\/#organization\",\"name\":\"Sportshine\",\"url\":\"https:\\\/\\\/www.sportshine.eu\\\/\",\"logo\":{\"@type\":\"ImageObject\",\"inLanguage\":\"hr\",\"@id\":\"https:\\\/\\\/www.sportshine.eu\\\/#\\\/schema\\\/logo\\\/image\\\/\",\"url\":\"https:\\\/\\\/www.sportshine.eu\\\/wp-content\\\/uploads\\\/2026\\\/01\\\/cropped-Sportshine.webp\",\"contentUrl\":\"https:\\\/\\\/www.sportshine.eu\\\/wp-content\\\/uploads\\\/2026\\\/01\\\/cropped-Sportshine.webp\",\"width\":295,\"height\":128,\"caption\":\"Sportshine\"},\"image\":{\"@id\":\"https:\\\/\\\/www.sportshine.eu\\\/#\\\/schema\\\/logo\\\/image\\\/\"},\"sameAs\":[\"https:\\\/\\\/www.facebook.com\\\/sportshine.eu\\\/\"]}]}<\/script>\n<!-- \/ Yoast SEO plugin. -->","yoast_head_json":{"title":"Biciklisti\u010dke nao\u010dale Magicshine Sprinter svijetlo sive\/plave","robots":{"index":"index","follow":"follow","max-snippet":"max-snippet:-1","max-image-preview":"max-image-preview:large","max-video-preview":"max-video-preview:-1"},"canonical":"https:\/\/www.sportshine.eu\/hr\/ducan\/biciklisticke-naocale-magicshine-sprinter-svijetlo-sive-plave\/","og_locale":"hr_HR","og_type":"article","og_title":"Kolesarska o\u010dala Magicshine Sprinter light grey\/blue","og_description":"Kolesarska o\u010dala Magicshine Sprinter so najnovej\u0161a serija fotokromatskih son\u010dnih o\u010dal za kolesarjenje in ponujajo neprimerljivo jasnost za vsakodnevne vo\u017enje in intenzivne kolesarske vo\u017enje . Celotna serija ima lahek pol okvir, ki izgleda moderno in iz\u017eareva \u0161porten duh.  Odlikuje jih:  \u25cf Le\u010de iz visoko odpornega polikarbonata zagotavljajo 100% UV za\u0161\u010dito. \u25cf Lahek polokvir brez okvirja, ki zdru\u017euje eleganco in \u0161portnost. \u25cf Cilindri\u010dne 6-bazne le\u010de za pove\u010dano periferno vidljivost in za\u0161\u010dito. \u25cf Ultraoprijemljive gumirane blazinice za nos in zaklju\u010dki na ro\u010dajih zagotavljajo varen oprijem tudi med intenzivnimi aktivnostmi. \u25cf Napreden prezra\u010devalni sistem omogo\u010da izjemno kro\u017eenje zraka in prepre\u010duje ro\u0161enje le\u010d. \u25cf Fotokromatske le\u010de zagotavljajo ostro vizualno ostrino in kristalno \u010disto sliko v vseh vremenskih razmerah. \u25cf Izjemen REVO premaz in OAR premaz za optimalno jasnost vida. \u25cf Premaz, odporen na made\u017ee na obeh straneh, zagotavlja dodatno za\u0161\u010dito in enostavno vzdr\u017eevanje le\u010d.","og_url":"https:\/\/www.sportshine.eu\/hr\/ducan\/biciklisticke-naocale-magicshine-sprinter-svijetlo-sive-plave\/","og_site_name":"Sportshine","article_publisher":"https:\/\/www.facebook.com\/sportshine.eu\/","article_modified_time":"2026-03-06T12:22:42+00:00","og_image":[{"width":800,"height":800,"url":"https:\/\/www.sportshine.eu\/wp-content\/uploads\/2025\/07\/Kolesarska-ocala-Magicshine-Sprinter-light-grey.webp","type":"image\/webp"}],"twitter_card":"summary_large_image","twitter_misc":{"Procijenjeno vrijeme \u010ditanja":"1 minuta"},"schema":{"@context":"https:\/\/schema.org","@graph":[{"@type":"WebPage","@id":"https:\/\/www.sportshine.eu\/trgovina\/kolesarska-ocala-magicshine-sprinter-light-grey-blue\/","url":"https:\/\/www.sportshine.eu\/trgovina\/kolesarska-ocala-magicshine-sprinter-light-grey-blue\/","name":"Biciklisti\u010dke nao\u010dale Magicshine Sprinter svijetlo sive\/plave","isPartOf":{"@id":"https:\/\/www.sportshine.eu\/#website"},"primaryImageOfPage":{"@id":"https:\/\/www.sportshine.eu\/trgovina\/kolesarska-ocala-magicshine-sprinter-light-grey-blue\/#primaryimage"},"image":{"@id":"https:\/\/www.sportshine.eu\/trgovina\/kolesarska-ocala-magicshine-sprinter-light-grey-blue\/#primaryimage"},"thumbnailUrl":"https:\/\/www.sportshine.eu\/wp-content\/uploads\/2025\/07\/Kolesarska-ocala-Magicshine-Sprinter-light-grey.webp","datePublished":"2025-07-09T19:40:06+00:00","dateModified":"2026-03-06T12:22:42+00:00","breadcrumb":{"@id":"https:\/\/www.sportshine.eu\/trgovina\/kolesarska-ocala-magicshine-sprinter-light-grey-blue\/#breadcrumb"},"inLanguage":"hr","potentialAction":[{"@type":"ReadAction","target":["https:\/\/www.sportshine.eu\/trgovina\/kolesarska-ocala-magicshine-sprinter-light-grey-blue\/"]}]},{"@type":"ImageObject","inLanguage":"hr","@id":"https:\/\/www.sportshine.eu\/trgovina\/kolesarska-ocala-magicshine-sprinter-light-grey-blue\/#primaryimage","url":"https:\/\/www.sportshine.eu\/wp-content\/uploads\/2025\/07\/Kolesarska-ocala-Magicshine-Sprinter-light-grey.webp","contentUrl":"https:\/\/www.sportshine.eu\/wp-content\/uploads\/2025\/07\/Kolesarska-ocala-Magicshine-Sprinter-light-grey.webp","width":800,"height":800},{"@type":"BreadcrumbList","@id":"https:\/\/www.sportshine.eu\/trgovina\/kolesarska-ocala-magicshine-sprinter-light-grey-blue\/#breadcrumb","itemListElement":[{"@type":"ListItem","position":1,"name":"Home","item":"https:\/\/www.sportshine.eu\/"},{"@type":"ListItem","position":2,"name":"Trgovina","item":"https:\/\/www.sportshine.eu\/trgovina\/"},{"@type":"ListItem","position":3,"name":"Kolesarska o\u010dala Magicshine Sprinter light grey\/blue"}]},{"@type":"WebSite","@id":"https:\/\/www.sportshine.eu\/#website","url":"https:\/\/www.sportshine.eu\/","name":"Sportshine","description":"Vrhunska online trgovina za biciklisti\u010dke i \u010deone svjetiljke i opremu","publisher":{"@id":"https:\/\/www.sportshine.eu\/#organization"},"potentialAction":[{"@type":"SearchAction","target":{"@type":"EntryPoint","urlTemplate":"https:\/\/www.sportshine.eu\/?s={search_term_string}"},"query-input":{"@type":"PropertyValueSpecification","valueRequired":true,"valueName":"search_term_string"}}],"inLanguage":"hr"},{"@type":"Organization","@id":"https:\/\/www.sportshine.eu\/#organization","name":"Sportshine","url":"https:\/\/www.sportshine.eu\/","logo":{"@type":"ImageObject","inLanguage":"hr","@id":"https:\/\/www.sportshine.eu\/#\/schema\/logo\/image\/","url":"https:\/\/www.sportshine.eu\/wp-content\/uploads\/2026\/01\/cropped-Sportshine.webp","contentUrl":"https:\/\/www.sportshine.eu\/wp-content\/uploads\/2026\/01\/cropped-Sportshine.webp","width":295,"height":128,"caption":"Sportshine"},"image":{"@id":"https:\/\/www.sportshine.eu\/#\/schema\/logo\/image\/"},"sameAs":["https:\/\/www.facebook.com\/sportshine.eu\/"]}]}},"_links":{"self":[{"href":"https:\/\/www.sportshine.eu\/hr\/wp-json\/wp\/v2\/product\/6413","targetHints":{"allow":["GET"]}}],"collection":[{"href":"https:\/\/www.sportshine.eu\/hr\/wp-json\/wp\/v2\/product"}],"about":[{"href":"https:\/\/www.sportshine.eu\/hr\/wp-json\/wp\/v2\/types\/product"}],"replies":[{"embeddable":true,"href":"https:\/\/www.sportshine.eu\/hr\/wp-json\/wp\/v2\/comments?post=6413"}],"version-history":[{"count":0,"href":"https:\/\/www.sportshine.eu\/hr\/wp-json\/wp\/v2\/product\/6413\/revisions"}],"wp:featuredmedia":[{"embeddable":true,"href":"https:\/\/www.sportshine.eu\/hr\/wp-json\/wp\/v2\/media\/5686"}],"wp:attachment":[{"href":"https:\/\/www.sportshine.eu\/hr\/wp-json\/wp\/v2\/media?parent=6413"}],"wp:term":[{"taxonomy":"product_brand","embeddable":true,"href":"https:\/\/www.sportshine.eu\/hr\/wp-json\/wp\/v2\/product_brand?post=6413"},{"taxonomy":"product_cat","embeddable":true,"href":"https:\/\/www.sportshine.eu\/hr\/wp-json\/wp\/v2\/product_cat?post=6413"},{"taxonomy":"product_tag","embeddable":true,"href":"https:\/\/www.sportshine.eu\/hr\/wp-json\/wp\/v2\/product_tag?post=6413"}],"curies":[{"name":"radni list","href":"https:\/\/api.w.org\/{rel}","templated":true}]}}