{"id":6412,"date":"2025-07-05T19:40:04","date_gmt":"2025-07-05T19:40:04","guid":{"rendered":"https:\/\/www.sportshine.eu\/?post_type=product&#038;p=6412"},"modified":"2026-03-11T14:36:43","modified_gmt":"2026-03-11T14:36:43","slug":"biciklisticki-paket-luci-magicshine-allty-800-seemee-50","status":"publish","type":"product","link":"https:\/\/www.sportshine.eu\/hr\/ducan\/biciklisticki-paket-luci-magicshine-allty-800-seemee-50\/","title":{"rendered":"Paket svjetla za bicikl Magicshine Allty 800 + SEEMEE 50"},"content":{"rendered":"<h3 style=\"text-align: center;\">VIDEO PREDNJE SVJETLO ALLTY 800<\/h3>\n<p><iframe loading=\"lazy\" title=\"UPUTE ZA RAD MAGICSHINE ALLTY 800\" width=\"500\" height=\"281\" src=\"https:\/\/www.youtube.com\/embed\/FkGIK-Vw-Uk?feature=oembed\" frameborder=\"0\" allow=\"accelerometer; autoplay; clipboard-write; encrypted-media; gyroscope; picture-in-picture; web-share\" referrerpolicy=\"strict-origin-when-cross-origin\" allowfullscreen><\/iframe><\/p>\n<h3 style=\"text-align: center;\">VIDEO STRA\u017dNJE SVJETLO SEEMEE 50<\/h3>\n<p><iframe loading=\"lazy\" title=\"Upute za uporabu MAGICHSINE SEEMEE 50\" width=\"500\" height=\"281\" src=\"https:\/\/www.youtube.com\/embed\/weqjgAF7ZZc?feature=oembed\" frameborder=\"0\" allow=\"accelerometer; autoplay; clipboard-write; encrypted-media; gyroscope; picture-in-picture; web-share\" referrerpolicy=\"strict-origin-when-cross-origin\" allowfullscreen><\/iframe><\/p>\n<h3 style=\"text-align: center;\">VISOKOPERFORMANSNA OPTI\u010cKA LE\u0106A<\/h3>\n<p style=\"text-align: center;\">ALLTY 800 koristi visokou\u010dinkovitu opti\u010dku le\u0107u kako bi osigurao maksimalni izlaz od 800 lumena. Promi\u0161ljen dizajn bo\u010dnog osvjetljenja osigurava ve\u0107u pa\u017enju voza\u010da.<\/p>\n<p><img decoding=\"async\" class=\"aligncenter wp-image-7173\" src=\"https:\/\/www.sportshine.eu\/wp-content\/uploads\/2025\/07\/luc-za-kolo-1-3.webp\" alt=\"\" width=\"800\" height=\"600\" \/><\/p>\n<h3 style=\"text-align: center;\">SNAGA PREMA\u0160UJE VELI\u010cINU \u017dARULJE<\/h3>\n<p style=\"text-align: center;\">Biciklisti\u010dko svjetlo Allty 800 opremljeno je visokou\u010dinkovitom baterijom (4000 mAh) koja osigurava dugo vrijeme rada i pouzdano osvjetljenje.<\/p>\n<p><img decoding=\"async\" class=\"aligncenter wp-image-7156\" src=\"https:\/\/www.sportshine.eu\/wp-content\/uploads\/2025\/07\/allty-800-kolesarska-luc-1.webp\" alt=\"\" width=\"800\" height=\"600\" \/><\/p>\n<h3 style=\"text-align: center;\">PUNJI SE PREKO USB C ULAZ<\/h3>\n<p style=\"text-align: center;\">Zahvaljuju\u0107i USB-C priklju\u010dku za brzo punjenje, ALLTY 800 omogu\u0107uje brzo punjenje. Posebnost ove lampe je \u0161to funkcionira i kao stanica za punjenje, tako da mo\u017eete puniti svoj telefon ili mjera\u010d u pokretu.<\/p>\n<p><img decoding=\"async\" class=\"aligncenter wp-image-7157\" src=\"https:\/\/www.sportshine.eu\/wp-content\/uploads\/2025\/07\/luc-allty-800.webp\" alt=\"\" width=\"800\" height=\"600\" \/><\/p>\n<h3 style=\"text-align: center;\">LAKO \u010cITLJIV INDIKATOR NAPAJANJA<\/h3>\n<p style=\"text-align: center;\">Kada je ure\u0111aj uklju\u010den, lampica na gumbu za uklju\u010divanje\/isklju\u010divanje ozna\u010davat \u0107e razinu napunjenosti baterije. Kada je ure\u0111aj isklju\u010den, kratko pritisnite gumb za uklju\u010divanje\/isklju\u010divanje kako biste aktivirali indikatorsko svjetlo (automatski \u0107e se isklju\u010diti nakon 3 sekunde).<\/p>\n<p style=\"text-align: center;\">ZELENA: 21%-100%<br \/>\nCRVENA: 11%-20%<br \/>\nTREPTI CRVENO: 0%-10%<\/p>\n<p><img decoding=\"async\" class=\"aligncenter wp-image-7158\" src=\"https:\/\/www.sportshine.eu\/wp-content\/uploads\/2025\/07\/allty-800-luc-za-kolo.webp\" alt=\"\" width=\"800\" height=\"600\" \/><\/p>\n<h3 style=\"text-align: center;\">VODOOTPORAN PREMA IPX7 STANDARDU<\/h3>\n<p style=\"text-align: center;\">Vodootpornost biciklisti\u010dkog svjetla ALLTY 800 ima ocjenu IPX7 prema IEC 60529, \u0161to zna\u010di da ALLTY 800 mo\u017ee ostati u vodi do dubine od 1 m tijekom 30 minuta bez utjecaja na performanse proizvoda.<\/p>\n<p><img decoding=\"async\" class=\"aligncenter wp-image-7159\" src=\"https:\/\/www.sportshine.eu\/wp-content\/uploads\/2025\/07\/allty-800-kolesarska-luc-2.webp\" alt=\"\" width=\"800\" height=\"600\" \/><\/p>\n<h3 style=\"text-align: center;\">METALNO KU\u0106I\u0160TE I TRAJNA KVALITETA<\/h3>\n<p style=\"text-align: center;\">Cijelo tijelo od aluminijske legure osigurava dugotrajnu izdr\u017eljivost.<\/p>\n<p><img decoding=\"async\" class=\"aligncenter wp-image-7180\" src=\"https:\/\/www.sportshine.eu\/wp-content\/uploads\/2025\/07\/Allty-luc-za-kolo.webp\" alt=\"\" width=\"800\" height=\"600\" \/><\/p>\n<h3 style=\"text-align: center;\">IZNIMAN OBJEKTIVA<\/h3>\n<p style=\"text-align: center;\">Nudi impresivno svjetlo upozorenja do 50 lumena, \u0161to vas \u010dini izuzetno vidljivima sa strane.<\/p>\n<p><img decoding=\"async\" class=\"aligncenter wp-image-7541\" src=\"https:\/\/www.sportshine.eu\/wp-content\/uploads\/2025\/07\/SEEMEE_50_1.webp\" alt=\"\" width=\"800\" height=\"600\" \/><\/p>\n<h3 style=\"text-align: center;\">AUTOMATSKA SINKRONIZACIJA GRUPE<\/h3>\n<p style=\"text-align: center;\">Na\u010din rada GROUP RIDE uklju\u010duje inovativnu zna\u010dajku automatske sinkronizacije koja vam omogu\u0107uje postavljanje svih SEEMEE 50 ure\u0111aja u va\u0161oj grupi na isti uzorak treptanja bez kompliciranih postavki - pove\u0107avaju\u0107i vidljivost na cesti i ja\u010daju\u0107i timski duh. *Odr\u017eavajte udaljenost izme\u0111u stra\u017enjih svjetala unutar 10 metara za stabilnu vezu i optimalni u\u010dinak upozorenja.<\/p>\n<p><img decoding=\"async\" class=\"aligncenter wp-image-7542\" src=\"https:\/\/www.sportshine.eu\/wp-content\/uploads\/2025\/07\/SEEMEE_50_2_gif.webp\" alt=\"\" width=\"800\" height=\"600\" \/><\/p>\n<h3 style=\"text-align: center;\">LAKO \u010cITLJIV INDIKATOR<\/h3>\n<p style=\"text-align: center;\">Jednostavno pritisnite prekida\u010d kako biste prikazali koliko vam je kapaciteta preostalo.<\/p>\n<p><img decoding=\"async\" class=\"aligncenter wp-image-7543\" src=\"https:\/\/www.sportshine.eu\/wp-content\/uploads\/2025\/07\/SEEMEE_50_3.webp\" alt=\"\" width=\"800\" height=\"600\" \/><\/p>\n<h3 style=\"text-align: center;\">JEDNOSTAVNA UGRADNJA<\/h3>\n<p style=\"text-align: center;\">Univerzalni silikonski remen omogu\u0107uje brzo, jednostavno i sigurno pri\u010dvr\u0161\u0107ivanje na ve\u0107inu cijevi sjedala.<\/p>\n<p><img decoding=\"async\" class=\"aligncenter wp-image-7544\" src=\"https:\/\/www.sportshine.eu\/wp-content\/uploads\/2025\/07\/SEEMEE_50_5.webp\" alt=\"\" width=\"800\" height=\"600\" \/><\/p>","protected":false},"excerpt":{"rendered":"<p>Prednje svjetlo Magicshine Allty 800 i stra\u017enje svjetlo Seemee 50 pune se putem USB-C priklju\u010dka. Sa svojih 800 lumena svjetline, dometom do 141 metra i dugim vremenom rada (do 11 sati), prednje svjetlo idealan je pratitelj za sigurnu i udobnu vo\u017enju biciklom u svim vremenskim uvjetima. Osim toga, vodootporno je s visokom IPX7 ocjenom, \u0161to osigurava pouzdanost \u010dak i po ki\u0161i. Stra\u017enje svjetlo omogu\u0107uje do 21 sat rada u SMART na\u010dinu rada. S maksimalnom svjetlinom do 50 lumena, osigurat \u0107e vam dobru vidljivost na cesti.<\/p>","protected":false},"featured_media":5676,"comment_status":"open","ping_status":"closed","template":"","meta":[],"product_brand":[131],"product_cat":[82,93],"product_tag":[],"class_list":{"0":"post-6412","1":"product","2":"type-product","3":"status-publish","4":"has-post-thumbnail","6":"product_brand-magicshine","7":"product_cat-kolesarske-luci","8":"product_cat-kolesarske-svetilke-paketi","10":"first","11":"instock","12":"sale","13":"taxable","14":"shipping-taxable","15":"purchasable","16":"product-type-simple"},"yoast_head":"<!-- This site is optimized with the Yoast SEO plugin v27.3 - https:\/\/yoast.com\/product\/yoast-seo-wordpress\/ -->\n<title>Kolesarski paket lu\u010di Magicshine Allty 800 + SEEMEE 50<\/title>\n<meta name=\"robots\" content=\"index, follow, max-snippet:-1, max-image-preview:large, max-video-preview:-1\" \/>\n<link rel=\"canonical\" href=\"https:\/\/www.sportshine.eu\/hr\/ducan\/biciklisticki-paket-luci-magicshine-allty-800-seemee-50\/\" \/>\n<meta property=\"og:locale\" content=\"hr_HR\" \/>\n<meta property=\"og:type\" content=\"article\" \/>\n<meta property=\"og:title\" content=\"Kolesarski paket lu\u010di Magicshine Allty 800 + SEEMEE 50\" \/>\n<meta property=\"og:description\" content=\"Kolesarski paket sprednje lu\u010di Magicshine Allty 800 in zadnje Seemee 50 se polni preko USB-C vhoda. Sprednja lu\u010d je s svojimi 800 lumnov svetilnosti, dosegom do 141 metrov in dolgim \u010dasom delovanja ( do 11 ur) idealna sopotnica za varno in udobno kolesarjenje v vseh vremenskih razmerah. Poleg tega je vodoodporna z visoko oceno IPX7, kar zagotavlja zanesljivost tudi v de\u017eju. Zadnja lu\u010d omogo\u010da do 21 ur delovanja v SMART na\u010dinu. Z max svetilnostjo do 50 lumnov bo poskrbela, da boste na cesti dobro vidni.\" \/>\n<meta property=\"og:url\" content=\"https:\/\/www.sportshine.eu\/hr\/ducan\/biciklisticki-paket-luci-magicshine-allty-800-seemee-50\/\" \/>\n<meta property=\"og:site_name\" content=\"Sportshine\" \/>\n<meta property=\"article:publisher\" content=\"https:\/\/www.facebook.com\/sportshine.eu\/\" \/>\n<meta property=\"article:modified_time\" content=\"2026-03-11T14:36:43+00:00\" \/>\n<meta property=\"og:image\" content=\"https:\/\/www.sportshine.eu\/wp-content\/uploads\/2025\/07\/Kolesarski-paket-luci-Magicshine-Allty-800-SEEMEE-50.webp\" \/>\n\t<meta property=\"og:image:width\" content=\"800\" \/>\n\t<meta property=\"og:image:height\" content=\"800\" \/>\n\t<meta property=\"og:image:type\" content=\"image\/webp\" \/>\n<meta name=\"twitter:card\" content=\"summary_large_image\" \/>\n<meta name=\"twitter:label1\" content=\"Procijenjeno vrijeme \u010ditanja\" \/>\n\t<meta name=\"twitter:data1\" content=\"4 minute\" \/>\n<script type=\"application\/ld+json\" class=\"yoast-schema-graph\">{\"@context\":\"https:\\\/\\\/schema.org\",\"@graph\":[{\"@type\":\"WebPage\",\"@id\":\"https:\\\/\\\/www.sportshine.eu\\\/trgovina\\\/kolesarski-paket-luci-magicshine-allty-800-seemee-50\\\/\",\"url\":\"https:\\\/\\\/www.sportshine.eu\\\/trgovina\\\/kolesarski-paket-luci-magicshine-allty-800-seemee-50\\\/\",\"name\":\"Kolesarski paket lu\u010di Magicshine Allty 800 + SEEMEE 50\",\"isPartOf\":{\"@id\":\"https:\\\/\\\/www.sportshine.eu\\\/#website\"},\"primaryImageOfPage\":{\"@id\":\"https:\\\/\\\/www.sportshine.eu\\\/trgovina\\\/kolesarski-paket-luci-magicshine-allty-800-seemee-50\\\/#primaryimage\"},\"image\":{\"@id\":\"https:\\\/\\\/www.sportshine.eu\\\/trgovina\\\/kolesarski-paket-luci-magicshine-allty-800-seemee-50\\\/#primaryimage\"},\"thumbnailUrl\":\"https:\\\/\\\/www.sportshine.eu\\\/wp-content\\\/uploads\\\/2025\\\/07\\\/Kolesarski-paket-luci-Magicshine-Allty-800-SEEMEE-50.webp\",\"datePublished\":\"2025-07-05T19:40:04+00:00\",\"dateModified\":\"2026-03-11T14:36:43+00:00\",\"breadcrumb\":{\"@id\":\"https:\\\/\\\/www.sportshine.eu\\\/trgovina\\\/kolesarski-paket-luci-magicshine-allty-800-seemee-50\\\/#breadcrumb\"},\"inLanguage\":\"hr\",\"potentialAction\":[{\"@type\":\"ReadAction\",\"target\":[\"https:\\\/\\\/www.sportshine.eu\\\/trgovina\\\/kolesarski-paket-luci-magicshine-allty-800-seemee-50\\\/\"]}]},{\"@type\":\"ImageObject\",\"inLanguage\":\"hr\",\"@id\":\"https:\\\/\\\/www.sportshine.eu\\\/trgovina\\\/kolesarski-paket-luci-magicshine-allty-800-seemee-50\\\/#primaryimage\",\"url\":\"https:\\\/\\\/www.sportshine.eu\\\/wp-content\\\/uploads\\\/2025\\\/07\\\/Kolesarski-paket-luci-Magicshine-Allty-800-SEEMEE-50.webp\",\"contentUrl\":\"https:\\\/\\\/www.sportshine.eu\\\/wp-content\\\/uploads\\\/2025\\\/07\\\/Kolesarski-paket-luci-Magicshine-Allty-800-SEEMEE-50.webp\",\"width\":800,\"height\":800},{\"@type\":\"BreadcrumbList\",\"@id\":\"https:\\\/\\\/www.sportshine.eu\\\/trgovina\\\/kolesarski-paket-luci-magicshine-allty-800-seemee-50\\\/#breadcrumb\",\"itemListElement\":[{\"@type\":\"ListItem\",\"position\":1,\"name\":\"Home\",\"item\":\"https:\\\/\\\/www.sportshine.eu\\\/\"},{\"@type\":\"ListItem\",\"position\":2,\"name\":\"Trgovina\",\"item\":\"https:\\\/\\\/www.sportshine.eu\\\/trgovina\\\/\"},{\"@type\":\"ListItem\",\"position\":3,\"name\":\"Kolesarski paket lu\u010di Magicshine Allty 800 + SEEMEE 50\"}]},{\"@type\":\"WebSite\",\"@id\":\"https:\\\/\\\/www.sportshine.eu\\\/#website\",\"url\":\"https:\\\/\\\/www.sportshine.eu\\\/\",\"name\":\"Sportshine\",\"description\":\"Top spletna trgovina kolesarskih in naglavnih svetilk ter opreme\",\"publisher\":{\"@id\":\"https:\\\/\\\/www.sportshine.eu\\\/#organization\"},\"potentialAction\":[{\"@type\":\"SearchAction\",\"target\":{\"@type\":\"EntryPoint\",\"urlTemplate\":\"https:\\\/\\\/www.sportshine.eu\\\/?s={search_term_string}\"},\"query-input\":{\"@type\":\"PropertyValueSpecification\",\"valueRequired\":true,\"valueName\":\"search_term_string\"}}],\"inLanguage\":\"hr\"},{\"@type\":\"Organization\",\"@id\":\"https:\\\/\\\/www.sportshine.eu\\\/#organization\",\"name\":\"Sportshine\",\"url\":\"https:\\\/\\\/www.sportshine.eu\\\/\",\"logo\":{\"@type\":\"ImageObject\",\"inLanguage\":\"hr\",\"@id\":\"https:\\\/\\\/www.sportshine.eu\\\/#\\\/schema\\\/logo\\\/image\\\/\",\"url\":\"https:\\\/\\\/www.sportshine.eu\\\/wp-content\\\/uploads\\\/2026\\\/01\\\/cropped-Sportshine.webp\",\"contentUrl\":\"https:\\\/\\\/www.sportshine.eu\\\/wp-content\\\/uploads\\\/2026\\\/01\\\/cropped-Sportshine.webp\",\"width\":295,\"height\":128,\"caption\":\"Sportshine\"},\"image\":{\"@id\":\"https:\\\/\\\/www.sportshine.eu\\\/#\\\/schema\\\/logo\\\/image\\\/\"},\"sameAs\":[\"https:\\\/\\\/www.facebook.com\\\/sportshine.eu\\\/\"]}]}<\/script>\n<!-- \/ Yoast SEO plugin. -->","yoast_head_json":{"title":"Paket svjetla za bicikl Magicshine Allty 800 + SEEMEE 50","robots":{"index":"index","follow":"follow","max-snippet":"max-snippet:-1","max-image-preview":"max-image-preview:large","max-video-preview":"max-video-preview:-1"},"canonical":"https:\/\/www.sportshine.eu\/hr\/ducan\/biciklisticki-paket-luci-magicshine-allty-800-seemee-50\/","og_locale":"hr_HR","og_type":"article","og_title":"Kolesarski paket lu\u010di Magicshine Allty 800 + SEEMEE 50","og_description":"Kolesarski paket sprednje lu\u010di Magicshine Allty 800 in zadnje Seemee 50 se polni preko USB-C vhoda. Sprednja lu\u010d je s svojimi 800 lumnov svetilnosti, dosegom do 141 metrov in dolgim \u010dasom delovanja ( do 11 ur) idealna sopotnica za varno in udobno kolesarjenje v vseh vremenskih razmerah. Poleg tega je vodoodporna z visoko oceno IPX7, kar zagotavlja zanesljivost tudi v de\u017eju. Zadnja lu\u010d omogo\u010da do 21 ur delovanja v SMART na\u010dinu. Z max svetilnostjo do 50 lumnov bo poskrbela, da boste na cesti dobro vidni.","og_url":"https:\/\/www.sportshine.eu\/hr\/ducan\/biciklisticki-paket-luci-magicshine-allty-800-seemee-50\/","og_site_name":"Sportshine","article_publisher":"https:\/\/www.facebook.com\/sportshine.eu\/","article_modified_time":"2026-03-11T14:36:43+00:00","og_image":[{"width":800,"height":800,"url":"https:\/\/www.sportshine.eu\/wp-content\/uploads\/2025\/07\/Kolesarski-paket-luci-Magicshine-Allty-800-SEEMEE-50.webp","type":"image\/webp"}],"twitter_card":"summary_large_image","twitter_misc":{"Procijenjeno vrijeme \u010ditanja":"4 minute"},"schema":{"@context":"https:\/\/schema.org","@graph":[{"@type":"WebPage","@id":"https:\/\/www.sportshine.eu\/trgovina\/kolesarski-paket-luci-magicshine-allty-800-seemee-50\/","url":"https:\/\/www.sportshine.eu\/trgovina\/kolesarski-paket-luci-magicshine-allty-800-seemee-50\/","name":"Paket svjetla za bicikl Magicshine Allty 800 + SEEMEE 50","isPartOf":{"@id":"https:\/\/www.sportshine.eu\/#website"},"primaryImageOfPage":{"@id":"https:\/\/www.sportshine.eu\/trgovina\/kolesarski-paket-luci-magicshine-allty-800-seemee-50\/#primaryimage"},"image":{"@id":"https:\/\/www.sportshine.eu\/trgovina\/kolesarski-paket-luci-magicshine-allty-800-seemee-50\/#primaryimage"},"thumbnailUrl":"https:\/\/www.sportshine.eu\/wp-content\/uploads\/2025\/07\/Kolesarski-paket-luci-Magicshine-Allty-800-SEEMEE-50.webp","datePublished":"2025-07-05T19:40:04+00:00","dateModified":"2026-03-11T14:36:43+00:00","breadcrumb":{"@id":"https:\/\/www.sportshine.eu\/trgovina\/kolesarski-paket-luci-magicshine-allty-800-seemee-50\/#breadcrumb"},"inLanguage":"hr","potentialAction":[{"@type":"ReadAction","target":["https:\/\/www.sportshine.eu\/trgovina\/kolesarski-paket-luci-magicshine-allty-800-seemee-50\/"]}]},{"@type":"ImageObject","inLanguage":"hr","@id":"https:\/\/www.sportshine.eu\/trgovina\/kolesarski-paket-luci-magicshine-allty-800-seemee-50\/#primaryimage","url":"https:\/\/www.sportshine.eu\/wp-content\/uploads\/2025\/07\/Kolesarski-paket-luci-Magicshine-Allty-800-SEEMEE-50.webp","contentUrl":"https:\/\/www.sportshine.eu\/wp-content\/uploads\/2025\/07\/Kolesarski-paket-luci-Magicshine-Allty-800-SEEMEE-50.webp","width":800,"height":800},{"@type":"BreadcrumbList","@id":"https:\/\/www.sportshine.eu\/trgovina\/kolesarski-paket-luci-magicshine-allty-800-seemee-50\/#breadcrumb","itemListElement":[{"@type":"ListItem","position":1,"name":"Home","item":"https:\/\/www.sportshine.eu\/"},{"@type":"ListItem","position":2,"name":"Trgovina","item":"https:\/\/www.sportshine.eu\/trgovina\/"},{"@type":"ListItem","position":3,"name":"Kolesarski paket lu\u010di Magicshine Allty 800 + SEEMEE 50"}]},{"@type":"WebSite","@id":"https:\/\/www.sportshine.eu\/#website","url":"https:\/\/www.sportshine.eu\/","name":"Sportshine","description":"Vrhunska online trgovina za biciklisti\u010dke i \u010deone svjetiljke i opremu","publisher":{"@id":"https:\/\/www.sportshine.eu\/#organization"},"potentialAction":[{"@type":"SearchAction","target":{"@type":"EntryPoint","urlTemplate":"https:\/\/www.sportshine.eu\/?s={search_term_string}"},"query-input":{"@type":"PropertyValueSpecification","valueRequired":true,"valueName":"search_term_string"}}],"inLanguage":"hr"},{"@type":"Organization","@id":"https:\/\/www.sportshine.eu\/#organization","name":"Sportshine","url":"https:\/\/www.sportshine.eu\/","logo":{"@type":"ImageObject","inLanguage":"hr","@id":"https:\/\/www.sportshine.eu\/#\/schema\/logo\/image\/","url":"https:\/\/www.sportshine.eu\/wp-content\/uploads\/2026\/01\/cropped-Sportshine.webp","contentUrl":"https:\/\/www.sportshine.eu\/wp-content\/uploads\/2026\/01\/cropped-Sportshine.webp","width":295,"height":128,"caption":"Sportshine"},"image":{"@id":"https:\/\/www.sportshine.eu\/#\/schema\/logo\/image\/"},"sameAs":["https:\/\/www.facebook.com\/sportshine.eu\/"]}]}},"_links":{"self":[{"href":"https:\/\/www.sportshine.eu\/hr\/wp-json\/wp\/v2\/product\/6412","targetHints":{"allow":["GET"]}}],"collection":[{"href":"https:\/\/www.sportshine.eu\/hr\/wp-json\/wp\/v2\/product"}],"about":[{"href":"https:\/\/www.sportshine.eu\/hr\/wp-json\/wp\/v2\/types\/product"}],"replies":[{"embeddable":true,"href":"https:\/\/www.sportshine.eu\/hr\/wp-json\/wp\/v2\/comments?post=6412"}],"version-history":[{"count":0,"href":"https:\/\/www.sportshine.eu\/hr\/wp-json\/wp\/v2\/product\/6412\/revisions"}],"wp:featuredmedia":[{"embeddable":true,"href":"https:\/\/www.sportshine.eu\/hr\/wp-json\/wp\/v2\/media\/5676"}],"wp:attachment":[{"href":"https:\/\/www.sportshine.eu\/hr\/wp-json\/wp\/v2\/media?parent=6412"}],"wp:term":[{"taxonomy":"product_brand","embeddable":true,"href":"https:\/\/www.sportshine.eu\/hr\/wp-json\/wp\/v2\/product_brand?post=6412"},{"taxonomy":"product_cat","embeddable":true,"href":"https:\/\/www.sportshine.eu\/hr\/wp-json\/wp\/v2\/product_cat?post=6412"},{"taxonomy":"product_tag","embeddable":true,"href":"https:\/\/www.sportshine.eu\/hr\/wp-json\/wp\/v2\/product_tag?post=6412"}],"curies":[{"name":"radni list","href":"https:\/\/api.w.org\/{rel}","templated":true}]}}