{"id":6406,"date":"2025-07-05T19:32:28","date_gmt":"2025-07-05T19:32:28","guid":{"rendered":"https:\/\/www.sportshine.eu\/?post_type=product&#038;p=6406"},"modified":"2026-04-01T06:33:14","modified_gmt":"2026-04-01T06:33:14","slug":"straznje-svjetlo-s-radarom-za-bryton-gardia-r300l","status":"publish","type":"product","link":"https:\/\/www.sportshine.eu\/hr\/ducan\/straznje-svjetlo-s-radarom-za-bryton-gardia-r300l\/","title":{"rendered":"Stra\u017enje svjetlo za radarski pogon Bryton Gardia R300L"},"content":{"rendered":"<h3 style=\"text-align: center;\">STRA\u017dNJE RADARSKO SVJETLO BRYTON GARDIA R300L<\/h3>\n<p><iframe loading=\"lazy\" title=\"Bryton Guardia R300L\" width=\"500\" height=\"281\" src=\"https:\/\/www.youtube.com\/embed\/H5y0CNTwkbA?feature=oembed\" frameborder=\"0\" allow=\"accelerometer; autoplay; clipboard-write; encrypted-media; gyroscope; picture-in-picture; web-share\" referrerpolicy=\"strict-origin-when-cross-origin\" allowfullscreen><\/iframe><\/p>\n<h3 style=\"text-align: center;\">ZA\u0160TITA STRA\u017dNJEG DIJELA<\/h3>\n<p style=\"text-align: center;\">Vo\u017enja s Gardia R300L radarom je sigurnija. Radar detektira vozila do 190 m iza biciklista. Mo\u017ee se spojiti na razna podr\u017eana biciklisti\u010dka ra\u010dunala koja prikazuju vizualna i zvu\u010dna upozorenja o vozilima koja se pribli\u017eavaju.<\/p>\n<p><img decoding=\"async\" class=\"aligncenter wp-image-7746\" src=\"https:\/\/www.sportshine.eu\/wp-content\/uploads\/2025\/07\/radarska-luc-bryton.webp\" alt=\"\" width=\"800\" height=\"600\" srcset=\"https:\/\/www.sportshine.eu\/wp-content\/uploads\/2025\/07\/radarska-luc-bryton-768x576.webp 768w, https:\/\/www.sportshine.eu\/wp-content\/uploads\/2025\/07\/radarska-luc-bryton-600x450.webp 600w\" sizes=\"(max-width: 800px) 100vw, 800px\" \/><\/p>\n<h3 style=\"text-align: center;\">SVJETLA UPOZORENJA<\/h3>\n<p style=\"text-align: center;\">Radar je opremljen jarko crvenim LED svjetlom. Kada Gardia detektira vozilo iza biciklista, po\u010dinje treptati ovisno o brzini vozila koje se pribli\u017eava. Ako je Gardia spojena na Bryton biciklisti\u010dko ra\u010dunalo, intenzitet svjetla se tako\u0111er pode\u0161ava prema dobu dana. Radar tako\u0111er ima ugra\u0111eni senzor G-sile, koji omogu\u0107uje kori\u0161tenje svjetla kao stop svjetla. Osim toga, mogu\u0107e je podesiti intenzitet treptanja i intenzitet svjetla radi u\u0161tede baterije.<\/p>\n<p><img decoding=\"async\" class=\"aligncenter wp-image-7747\" src=\"https:\/\/www.sportshine.eu\/wp-content\/uploads\/2025\/07\/radarska-luc.webp\" alt=\"\" width=\"800\" height=\"600\" srcset=\"https:\/\/www.sportshine.eu\/wp-content\/uploads\/2025\/07\/radarska-luc-768x576.webp 768w, https:\/\/www.sportshine.eu\/wp-content\/uploads\/2025\/07\/radarska-luc-600x450.webp 600w\" sizes=\"(max-width: 800px) 100vw, 800px\" \/><\/p>\n<h3 style=\"text-align: center;\">ANT+ I BLUETOOTH KOMPATIBILNOST<\/h3>\n<div>\n<p style=\"text-align: center;\">Gardia ima ANT+ be\u017ei\u010dnu povezivost, \u0161to joj omogu\u0107uje povezivanje s kompatibilnim svjetlima i biciklisti\u010dkim ra\u010dunalima. Tako\u0111er se mo\u017ee povezati s pametnim telefonom i aplikacijom Bryton Gardia. Aplikacija vam tako\u0111er omogu\u0107uje prilago\u0111avanje funkcija radara i svjetla, a\u017euriranje softvera i pra\u0107enje napunjenosti baterije.<\/p>\n<p><img decoding=\"async\" class=\"aligncenter wp-image-7749\" src=\"https:\/\/www.sportshine.eu\/wp-content\/uploads\/2025\/07\/radar.webp\" alt=\"\" width=\"800\" height=\"600\" srcset=\"https:\/\/www.sportshine.eu\/wp-content\/uploads\/2025\/07\/radar-768x576.webp 768w, https:\/\/www.sportshine.eu\/wp-content\/uploads\/2025\/07\/radar-600x450.webp 600w\" sizes=\"(max-width: 800px) 100vw, 800px\" \/><\/p>\n<\/div>\n<h3 style=\"text-align: center;\">MO\u0106NA BATERIJA<\/h3>\n<div>\n<p style=\"text-align: center;\">Baterija u Bryton Gardia R300L omogu\u0107uje do 17 sati kori\u0161tenja u dnevnom na\u010dinu bljeskanja, do 12 sati u neprekidnom na\u010dinu rada. Kada je razina baterije niska, razina svjetline svjetla automatski \u0107e se smanjiti, \u0161to poma\u017ee produ\u017eiti kori\u0161tenje. Baterija se puni putem USB-C kabela.<\/p>\n<p><img decoding=\"async\" class=\"aligncenter wp-image-7750\" src=\"https:\/\/www.sportshine.eu\/wp-content\/uploads\/2025\/07\/bryton-radar.webp\" alt=\"\" width=\"800\" height=\"600\" srcset=\"https:\/\/www.sportshine.eu\/wp-content\/uploads\/2025\/07\/bryton-radar-768x576.webp 768w, https:\/\/www.sportshine.eu\/wp-content\/uploads\/2025\/07\/bryton-radar-600x450.webp 600w\" sizes=\"(max-width: 800px) 100vw, 800px\" \/><\/p>\n<h3 style=\"text-align: center;\">JEDNOSTAVNA UGRADNJA<\/h3>\n<p style=\"text-align: center;\">Paket uklju\u010duje sve za brzu i jednostavnu monta\u017eu na bicikl. Montira se gumenim nosa\u010dem koji se postavlja samo jednom, budu\u0107i da se Gardia lako i sigurno pri\u010dvr\u0161\u0107uje na nosa\u010d. Omogu\u0107uje monta\u017eu na klasi\u010dne, aero i D-tip cijevi sjedala 27,2 mm, 30,9 mm i 31,6 mm.<\/p>\n<p><img decoding=\"async\" class=\"aligncenter wp-image-7751\" src=\"https:\/\/www.sportshine.eu\/wp-content\/uploads\/2025\/07\/bryton-r300.webp\" alt=\"\" width=\"800\" height=\"600\" srcset=\"https:\/\/www.sportshine.eu\/wp-content\/uploads\/2025\/07\/bryton-r300-768x576.webp 768w, https:\/\/www.sportshine.eu\/wp-content\/uploads\/2025\/07\/bryton-r300-600x450.webp 600w\" sizes=\"(max-width: 800px) 100vw, 800px\" \/><\/p>\n<\/div>","protected":false},"excerpt":{"rendered":"<p>Stra\u017enje svjetlo Bryton Gardia R300L s radarima kompatibilno je s biciklisti\u010dkim ra\u010dunalima s ANT+ protokolom i pametnim telefonima putem Bluetooth veze. Radar upozorava biciklista na vozila koja se pribli\u017eavaju straga, a bljeskaju\u0107e svjetlo sa svjetlinom do 73 lumena upozorava vozila iza biciklista na njihovu prisutnost na cesti. Radar je vodootporan (IPX7), ima kut detekcije od 220\u00b0, kompaktnog je oblika i lagan, te\u017ei samo 66 g. Baterija omogu\u0107uje do 17 sati kori\u0161tenja tijekom dana i puni se prilo\u017eenim USB-C kabelom. Uklju\u010deni nosa\u010d s adapterima za razli\u010dite vrste cijevi sjedala.<\/p>","protected":false},"featured_media":5642,"comment_status":"open","ping_status":"closed","template":"","meta":[],"product_brand":[],"product_cat":[86],"product_tag":[],"class_list":{"0":"post-6406","1":"product","2":"type-product","3":"status-publish","4":"has-post-thumbnail","6":"product_cat-zadnje-kolesarske-luci","8":"first","9":"outofstock","10":"taxable","11":"shipping-taxable","12":"purchasable","13":"product-type-simple"},"yoast_head":"<!-- This site is optimized with the Yoast SEO plugin v27.3 - https:\/\/yoast.com\/product\/yoast-seo-wordpress\/ -->\n<title>Radarska zadnja lu\u010d Bryton Gardia R300L<\/title>\n<meta name=\"description\" content=\"Radarska zadnja lu\u010d Bryton Gardia R300L je vrhunska kolesarska lu\u010d, zasnovana za kolesarje, ki cenijo varnost in zanesljivost.\" \/>\n<meta name=\"robots\" content=\"index, follow, max-snippet:-1, max-image-preview:large, max-video-preview:-1\" \/>\n<link rel=\"canonical\" href=\"https:\/\/www.sportshine.eu\/hr\/ducan\/straznje-svjetlo-s-radarom-za-bryton-gardia-r300l\/\" \/>\n<meta property=\"og:locale\" content=\"hr_HR\" \/>\n<meta property=\"og:type\" content=\"article\" \/>\n<meta property=\"og:title\" content=\"Radarska zadnja lu\u010d Bryton Gardia R300L\" \/>\n<meta property=\"og:description\" content=\"Radarska zadnja lu\u010d Bryton Gardia R300L je vrhunska kolesarska lu\u010d, zasnovana za kolesarje, ki cenijo varnost in zanesljivost.\" \/>\n<meta property=\"og:url\" content=\"https:\/\/www.sportshine.eu\/hr\/ducan\/straznje-svjetlo-s-radarom-za-bryton-gardia-r300l\/\" \/>\n<meta property=\"og:site_name\" content=\"Sportshine\" \/>\n<meta property=\"article:publisher\" content=\"https:\/\/www.facebook.com\/sportshine.eu\/\" \/>\n<meta property=\"article:modified_time\" content=\"2026-04-01T06:33:14+00:00\" \/>\n<meta property=\"og:image\" content=\"https:\/\/www.sportshine.eu\/wp-content\/uploads\/2025\/07\/Radarska-zadnja-luc-Bryton-Gardia-R300L.webp\" \/>\n\t<meta property=\"og:image:width\" content=\"800\" \/>\n\t<meta property=\"og:image:height\" content=\"600\" \/>\n\t<meta property=\"og:image:type\" content=\"image\/webp\" \/>\n<meta name=\"twitter:card\" content=\"summary_large_image\" \/>\n<meta name=\"twitter:label1\" content=\"Procijenjeno vrijeme \u010ditanja\" \/>\n\t<meta name=\"twitter:data1\" content=\"3 minute\" \/>\n<script type=\"application\/ld+json\" class=\"yoast-schema-graph\">{\"@context\":\"https:\\\/\\\/schema.org\",\"@graph\":[{\"@type\":\"WebPage\",\"@id\":\"https:\\\/\\\/www.sportshine.eu\\\/trgovina\\\/bryton-gardia-r300l-radarska-zadnja-luc\\\/\",\"url\":\"https:\\\/\\\/www.sportshine.eu\\\/trgovina\\\/bryton-gardia-r300l-radarska-zadnja-luc\\\/\",\"name\":\"Radarska zadnja lu\u010d Bryton Gardia R300L\",\"isPartOf\":{\"@id\":\"https:\\\/\\\/www.sportshine.eu\\\/#website\"},\"primaryImageOfPage\":{\"@id\":\"https:\\\/\\\/www.sportshine.eu\\\/trgovina\\\/bryton-gardia-r300l-radarska-zadnja-luc\\\/#primaryimage\"},\"image\":{\"@id\":\"https:\\\/\\\/www.sportshine.eu\\\/trgovina\\\/bryton-gardia-r300l-radarska-zadnja-luc\\\/#primaryimage\"},\"thumbnailUrl\":\"https:\\\/\\\/www.sportshine.eu\\\/wp-content\\\/uploads\\\/2025\\\/07\\\/Radarska-zadnja-luc-Bryton-Gardia-R300L.webp\",\"datePublished\":\"2025-07-05T19:32:28+00:00\",\"dateModified\":\"2026-04-01T06:33:14+00:00\",\"description\":\"Radarska zadnja lu\u010d Bryton Gardia R300L je vrhunska kolesarska lu\u010d, zasnovana za kolesarje, ki cenijo varnost in zanesljivost.\",\"breadcrumb\":{\"@id\":\"https:\\\/\\\/www.sportshine.eu\\\/trgovina\\\/bryton-gardia-r300l-radarska-zadnja-luc\\\/#breadcrumb\"},\"inLanguage\":\"hr\",\"potentialAction\":[{\"@type\":\"ReadAction\",\"target\":[\"https:\\\/\\\/www.sportshine.eu\\\/trgovina\\\/bryton-gardia-r300l-radarska-zadnja-luc\\\/\"]}]},{\"@type\":\"ImageObject\",\"inLanguage\":\"hr\",\"@id\":\"https:\\\/\\\/www.sportshine.eu\\\/trgovina\\\/bryton-gardia-r300l-radarska-zadnja-luc\\\/#primaryimage\",\"url\":\"https:\\\/\\\/www.sportshine.eu\\\/wp-content\\\/uploads\\\/2025\\\/07\\\/Radarska-zadnja-luc-Bryton-Gardia-R300L.webp\",\"contentUrl\":\"https:\\\/\\\/www.sportshine.eu\\\/wp-content\\\/uploads\\\/2025\\\/07\\\/Radarska-zadnja-luc-Bryton-Gardia-R300L.webp\",\"width\":800,\"height\":600},{\"@type\":\"BreadcrumbList\",\"@id\":\"https:\\\/\\\/www.sportshine.eu\\\/trgovina\\\/bryton-gardia-r300l-radarska-zadnja-luc\\\/#breadcrumb\",\"itemListElement\":[{\"@type\":\"ListItem\",\"position\":1,\"name\":\"Home\",\"item\":\"https:\\\/\\\/www.sportshine.eu\\\/\"},{\"@type\":\"ListItem\",\"position\":2,\"name\":\"Trgovina\",\"item\":\"https:\\\/\\\/www.sportshine.eu\\\/trgovina\\\/\"},{\"@type\":\"ListItem\",\"position\":3,\"name\":\"Bryton Gardia R300L radarska zadnja lu\u010d\"}]},{\"@type\":\"WebSite\",\"@id\":\"https:\\\/\\\/www.sportshine.eu\\\/#website\",\"url\":\"https:\\\/\\\/www.sportshine.eu\\\/\",\"name\":\"Sportshine\",\"description\":\"Top spletna trgovina kolesarskih in naglavnih svetilk ter opreme\",\"publisher\":{\"@id\":\"https:\\\/\\\/www.sportshine.eu\\\/#organization\"},\"potentialAction\":[{\"@type\":\"SearchAction\",\"target\":{\"@type\":\"EntryPoint\",\"urlTemplate\":\"https:\\\/\\\/www.sportshine.eu\\\/?s={search_term_string}\"},\"query-input\":{\"@type\":\"PropertyValueSpecification\",\"valueRequired\":true,\"valueName\":\"search_term_string\"}}],\"inLanguage\":\"hr\"},{\"@type\":\"Organization\",\"@id\":\"https:\\\/\\\/www.sportshine.eu\\\/#organization\",\"name\":\"Sportshine\",\"url\":\"https:\\\/\\\/www.sportshine.eu\\\/\",\"logo\":{\"@type\":\"ImageObject\",\"inLanguage\":\"hr\",\"@id\":\"https:\\\/\\\/www.sportshine.eu\\\/#\\\/schema\\\/logo\\\/image\\\/\",\"url\":\"https:\\\/\\\/www.sportshine.eu\\\/wp-content\\\/uploads\\\/2026\\\/01\\\/cropped-Sportshine.webp\",\"contentUrl\":\"https:\\\/\\\/www.sportshine.eu\\\/wp-content\\\/uploads\\\/2026\\\/01\\\/cropped-Sportshine.webp\",\"width\":295,\"height\":128,\"caption\":\"Sportshine\"},\"image\":{\"@id\":\"https:\\\/\\\/www.sportshine.eu\\\/#\\\/schema\\\/logo\\\/image\\\/\"},\"sameAs\":[\"https:\\\/\\\/www.facebook.com\\\/sportshine.eu\\\/\"]}]}<\/script>\n<!-- \/ Yoast SEO plugin. -->","yoast_head_json":{"title":"Bryton Gardia R300L Radar Stra\u017enje svjetlo","description":"Bryton Gardia R300L radarsko stra\u017enje svjetlo je vrhunsko biciklisti\u010dko svjetlo dizajnirano za bicikliste koji cijene sigurnost i pouzdanost.","robots":{"index":"index","follow":"follow","max-snippet":"max-snippet:-1","max-image-preview":"max-image-preview:large","max-video-preview":"max-video-preview:-1"},"canonical":"https:\/\/www.sportshine.eu\/hr\/ducan\/straznje-svjetlo-s-radarom-za-bryton-gardia-r300l\/","og_locale":"hr_HR","og_type":"article","og_title":"Radarska zadnja lu\u010d Bryton Gardia R300L","og_description":"Radarska zadnja lu\u010d Bryton Gardia R300L je vrhunska kolesarska lu\u010d, zasnovana za kolesarje, ki cenijo varnost in zanesljivost.","og_url":"https:\/\/www.sportshine.eu\/hr\/ducan\/straznje-svjetlo-s-radarom-za-bryton-gardia-r300l\/","og_site_name":"Sportshine","article_publisher":"https:\/\/www.facebook.com\/sportshine.eu\/","article_modified_time":"2026-04-01T06:33:14+00:00","og_image":[{"width":800,"height":600,"url":"https:\/\/www.sportshine.eu\/wp-content\/uploads\/2025\/07\/Radarska-zadnja-luc-Bryton-Gardia-R300L.webp","type":"image\/webp"}],"twitter_card":"summary_large_image","twitter_misc":{"Procijenjeno vrijeme \u010ditanja":"3 minute"},"schema":{"@context":"https:\/\/schema.org","@graph":[{"@type":"WebPage","@id":"https:\/\/www.sportshine.eu\/trgovina\/bryton-gardia-r300l-radarska-zadnja-luc\/","url":"https:\/\/www.sportshine.eu\/trgovina\/bryton-gardia-r300l-radarska-zadnja-luc\/","name":"Bryton Gardia R300L Radar Stra\u017enje svjetlo","isPartOf":{"@id":"https:\/\/www.sportshine.eu\/#website"},"primaryImageOfPage":{"@id":"https:\/\/www.sportshine.eu\/trgovina\/bryton-gardia-r300l-radarska-zadnja-luc\/#primaryimage"},"image":{"@id":"https:\/\/www.sportshine.eu\/trgovina\/bryton-gardia-r300l-radarska-zadnja-luc\/#primaryimage"},"thumbnailUrl":"https:\/\/www.sportshine.eu\/wp-content\/uploads\/2025\/07\/Radarska-zadnja-luc-Bryton-Gardia-R300L.webp","datePublished":"2025-07-05T19:32:28+00:00","dateModified":"2026-04-01T06:33:14+00:00","description":"Bryton Gardia R300L radarsko stra\u017enje svjetlo je vrhunsko biciklisti\u010dko svjetlo dizajnirano za bicikliste koji cijene sigurnost i pouzdanost.","breadcrumb":{"@id":"https:\/\/www.sportshine.eu\/trgovina\/bryton-gardia-r300l-radarska-zadnja-luc\/#breadcrumb"},"inLanguage":"hr","potentialAction":[{"@type":"ReadAction","target":["https:\/\/www.sportshine.eu\/trgovina\/bryton-gardia-r300l-radarska-zadnja-luc\/"]}]},{"@type":"ImageObject","inLanguage":"hr","@id":"https:\/\/www.sportshine.eu\/trgovina\/bryton-gardia-r300l-radarska-zadnja-luc\/#primaryimage","url":"https:\/\/www.sportshine.eu\/wp-content\/uploads\/2025\/07\/Radarska-zadnja-luc-Bryton-Gardia-R300L.webp","contentUrl":"https:\/\/www.sportshine.eu\/wp-content\/uploads\/2025\/07\/Radarska-zadnja-luc-Bryton-Gardia-R300L.webp","width":800,"height":600},{"@type":"BreadcrumbList","@id":"https:\/\/www.sportshine.eu\/trgovina\/bryton-gardia-r300l-radarska-zadnja-luc\/#breadcrumb","itemListElement":[{"@type":"ListItem","position":1,"name":"Home","item":"https:\/\/www.sportshine.eu\/"},{"@type":"ListItem","position":2,"name":"Trgovina","item":"https:\/\/www.sportshine.eu\/trgovina\/"},{"@type":"ListItem","position":3,"name":"Bryton Gardia R300L radarska zadnja lu\u010d"}]},{"@type":"WebSite","@id":"https:\/\/www.sportshine.eu\/#website","url":"https:\/\/www.sportshine.eu\/","name":"Sportshine","description":"Vrhunska online trgovina za biciklisti\u010dke i \u010deone svjetiljke i opremu","publisher":{"@id":"https:\/\/www.sportshine.eu\/#organization"},"potentialAction":[{"@type":"SearchAction","target":{"@type":"EntryPoint","urlTemplate":"https:\/\/www.sportshine.eu\/?s={search_term_string}"},"query-input":{"@type":"PropertyValueSpecification","valueRequired":true,"valueName":"search_term_string"}}],"inLanguage":"hr"},{"@type":"Organization","@id":"https:\/\/www.sportshine.eu\/#organization","name":"Sportshine","url":"https:\/\/www.sportshine.eu\/","logo":{"@type":"ImageObject","inLanguage":"hr","@id":"https:\/\/www.sportshine.eu\/#\/schema\/logo\/image\/","url":"https:\/\/www.sportshine.eu\/wp-content\/uploads\/2026\/01\/cropped-Sportshine.webp","contentUrl":"https:\/\/www.sportshine.eu\/wp-content\/uploads\/2026\/01\/cropped-Sportshine.webp","width":295,"height":128,"caption":"Sportshine"},"image":{"@id":"https:\/\/www.sportshine.eu\/#\/schema\/logo\/image\/"},"sameAs":["https:\/\/www.facebook.com\/sportshine.eu\/"]}]}},"_links":{"self":[{"href":"https:\/\/www.sportshine.eu\/hr\/wp-json\/wp\/v2\/product\/6406","targetHints":{"allow":["GET"]}}],"collection":[{"href":"https:\/\/www.sportshine.eu\/hr\/wp-json\/wp\/v2\/product"}],"about":[{"href":"https:\/\/www.sportshine.eu\/hr\/wp-json\/wp\/v2\/types\/product"}],"replies":[{"embeddable":true,"href":"https:\/\/www.sportshine.eu\/hr\/wp-json\/wp\/v2\/comments?post=6406"}],"version-history":[{"count":1,"href":"https:\/\/www.sportshine.eu\/hr\/wp-json\/wp\/v2\/product\/6406\/revisions"}],"predecessor-version":[{"id":10337,"href":"https:\/\/www.sportshine.eu\/hr\/wp-json\/wp\/v2\/product\/6406\/revisions\/10337"}],"wp:featuredmedia":[{"embeddable":true,"href":"https:\/\/www.sportshine.eu\/hr\/wp-json\/wp\/v2\/media\/5642"}],"wp:attachment":[{"href":"https:\/\/www.sportshine.eu\/hr\/wp-json\/wp\/v2\/media?parent=6406"}],"wp:term":[{"taxonomy":"product_brand","embeddable":true,"href":"https:\/\/www.sportshine.eu\/hr\/wp-json\/wp\/v2\/product_brand?post=6406"},{"taxonomy":"product_cat","embeddable":true,"href":"https:\/\/www.sportshine.eu\/hr\/wp-json\/wp\/v2\/product_cat?post=6406"},{"taxonomy":"product_tag","embeddable":true,"href":"https:\/\/www.sportshine.eu\/hr\/wp-json\/wp\/v2\/product_tag?post=6406"}],"curies":[{"name":"radni list","href":"https:\/\/api.w.org\/{rel}","templated":true}]}}