{"id":6405,"date":"2025-07-05T19:32:27","date_gmt":"2025-07-05T19:32:27","guid":{"rendered":"https:\/\/www.sportshine.eu\/?post_type=product&#038;p=6405"},"modified":"2026-04-01T06:34:08","modified_gmt":"2026-04-01T06:34:08","slug":"bryton-rider-s810-e-biciklisticko-racunalo","status":"publish","type":"product","link":"https:\/\/www.sportshine.eu\/hr\/ducan\/bryton-rider-s810-e-biciklisticko-racunalo\/","title":{"rendered":"Bryton Rider S810 biciklisti\u010dko ra\u010dunalo"},"content":{"rendered":"<h3 style=\"text-align: center;\">VIDEO PREZENTACIJA BRYTON RIDERA S810<\/h3>\n<p><iframe loading=\"lazy\" title=\"Bryton Rider S810 \uff5cSnaga u\u010dinjena jednostavnim\" width=\"500\" height=\"281\" src=\"https:\/\/www.youtube.com\/embed\/apLoD1vYq-o?feature=oembed\" frameborder=\"0\" allow=\"accelerometer; autoplay; clipboard-write; encrypted-media; gyroscope; picture-in-picture; web-share\" referrerpolicy=\"strict-origin-when-cross-origin\" allowfullscreen><\/iframe><\/p>\n<h3 style=\"text-align: center;\">ZASLON U BOJI NA DODIR<\/h3>\n<p style=\"text-align: center;\">Rider S810 E opremljen je 8,6 cm zaslonom u boji osjetljivim na dodir s intuitivnim grafi\u010dkim su\u010deljem i jasnim ikonama. Sadr\u017ei senzor ambijentalnog osvjetljenja koji prilago\u0111ava svjetlinu zaslona prema razini ambijentalnog osvjetljenja. Zaslon koristi MIP (Memory in Pixel) tehnologiju koja u kombinaciji sa slojem protiv odsjaja osigurava izvrstan pogled na prikazani sadr\u017eaj u svim vremenskim uvjetima.<\/p>\n<p>\u00a0\u00a0 <img decoding=\"async\" class=\"aligncenter wp-image-5641 size-full\" src=\"https:\/\/www.sportshine.eu\/wp-content\/uploads\/2025\/07\/Kolesarski-stevec-Brytom-10-1.webp\" alt=\"\" width=\"800\" height=\"600\" srcset=\"https:\/\/www.sportshine.eu\/wp-content\/uploads\/2025\/07\/Kolesarski-stevec-Brytom-10-1.webp 800w, https:\/\/www.sportshine.eu\/wp-content\/uploads\/2025\/07\/Kolesarski-stevec-Brytom-10-1-768x576.webp 768w, https:\/\/www.sportshine.eu\/wp-content\/uploads\/2025\/07\/Kolesarski-stevec-Brytom-10-1-600x450.webp 600w\" sizes=\"(max-width: 800px) 100vw, 800px\" \/><\/p>\n<h3 style=\"text-align: center;\">NAVIGACIJA S KARTAMA<\/h3>\n<p style=\"text-align: center;\">Biciklisti\u010dko ra\u010dunalo Rider S810 pru\u017ea bezbri\u017enu navigaciju skretanje po skretanje, s nazivima ulica, to\u010dkama interesa, nazivima vrhova, udaljenostima i jo\u0161 mnogo toga na kartama koje su unaprijed u\u010ditane na ure\u0111aj. Karte se tako\u0111er mogu mijenjati ili a\u017eurirati.<\/p>\n<p><img decoding=\"async\" class=\"aligncenter wp-image-7710 size-full\" src=\"https:\/\/www.sportshine.eu\/wp-content\/uploads\/2025\/07\/Kolesarski-stevec-Brytom-7.webp\" alt=\"\" width=\"800\" height=\"600\" srcset=\"https:\/\/www.sportshine.eu\/wp-content\/uploads\/2025\/07\/Kolesarski-stevec-Brytom-7.webp 800w, https:\/\/www.sportshine.eu\/wp-content\/uploads\/2025\/07\/Kolesarski-stevec-Brytom-7-768x576.webp 768w, https:\/\/www.sportshine.eu\/wp-content\/uploads\/2025\/07\/Kolesarski-stevec-Brytom-7-600x450.webp 600w\" sizes=\"(max-width: 800px) 100vw, 800px\" \/><\/p>\n<h3 style=\"text-align: center;\">PAMETNI VJE\u017dBE<\/h3>\n<div>\n<div>\n<p style=\"text-align: center;\">Ra\u010dunalo omogu\u0107uje napredne programe treninga, pode\u0161avanje intenziteta i podr\u017eava TrainingPeaks. Kompatibilno je s pametnim trena\u017eerima s ANT+ FE-C tehnologijom za simulaciju virtualne vo\u017enje na stazi i pametnog treninga. Treninzi se jednostavno upravljaju pomo\u0107u aplikacije Bryton Active.<\/p>\n<p><img decoding=\"async\" class=\"aligncenter wp-image-7711\" src=\"https:\/\/www.sportshine.eu\/wp-content\/uploads\/2025\/07\/Stevec-za-kolo.webp\" alt=\"\" width=\"800\" height=\"600\" srcset=\"https:\/\/www.sportshine.eu\/wp-content\/uploads\/2025\/07\/Stevec-za-kolo-768x576.webp 768w, https:\/\/www.sportshine.eu\/wp-content\/uploads\/2025\/07\/Stevec-za-kolo-600x450.webp 600w\" sizes=\"(max-width: 800px) 100vw, 800px\" \/><\/p>\n<\/div>\n<\/div>\n<h3 style=\"text-align: center;\">SVAKI USPONJAVANJE JE OSTVARIVO<\/h3>\n<div>\n<div>\n<p style=\"text-align: center;\">Kako se pribli\u017eavate usponu, na zaslonu se pojavljuje grafikon te\u017eine uspona u \u017eivim bojama. Kako se biciklist pribli\u017eava usponu na ruti, broja\u010d prikazuje nadmorsku visinu, vrijeme uspona, preostalu udaljenost i te\u017einu. Prilikom uvoza staza, aplikacija Bryton Active automatski \u0107e generirati podatke o usponu koji se mogu uvesti na va\u0161e Bryton ra\u010dunalo i aplikacije poput Strave ili Komoota.<\/p>\n<p><img decoding=\"async\" class=\"aligncenter wp-image-7712\" src=\"https:\/\/www.sportshine.eu\/wp-content\/uploads\/2025\/07\/stevec-za-kolo-Bryton.webp\" alt=\"\" width=\"800\" height=\"600\" srcset=\"https:\/\/www.sportshine.eu\/wp-content\/uploads\/2025\/07\/stevec-za-kolo-Bryton-768x576.webp 768w, https:\/\/www.sportshine.eu\/wp-content\/uploads\/2025\/07\/stevec-za-kolo-Bryton-600x450.webp 600w\" sizes=\"(max-width: 800px) 100vw, 800px\" \/><\/p>\n<h3 style=\"text-align: center;\">NAPREDNE SIGURNOSNE ZNA\u010cAJKE<\/h3>\n<p style=\"text-align: center;\">S810 E vam omogu\u0107uje dijeljenje va\u0161e lokacije u\u017eivo s rodbinom ili prijateljima jednostavnim dijeljenjem veze. Kompatibilan je s ANT+ radarima (npr. Bryton Gardia R300L), \u0161to vo\u017enju na prometnim cestama \u010dini sigurnijom i lak\u0161om. Kada je spojen na pametni telefon, mo\u017ee prikazivati i obavijesti o dolaznim pozivima i porukama.<\/p>\n<p><img decoding=\"async\" class=\"aligncenter wp-image-7713\" src=\"https:\/\/www.sportshine.eu\/wp-content\/uploads\/2025\/07\/stevci-za-kolo.webp\" alt=\"\" width=\"800\" height=\"600\" srcset=\"https:\/\/www.sportshine.eu\/wp-content\/uploads\/2025\/07\/stevci-za-kolo-768x576.webp 768w, https:\/\/www.sportshine.eu\/wp-content\/uploads\/2025\/07\/stevci-za-kolo-600x450.webp 600w\" sizes=\"(max-width: 800px) 100vw, 800px\" \/><\/p>\n<\/div>\n<\/div>","protected":false},"excerpt":{"rendered":"<p>Biciklisti\u010dko ra\u010dunalo s 8,6 cm TFT MIP zaslonom osjetljivim na dodir u boji, unaprijed u\u010ditanim kartama, navigacijom, prikazom uspona i treninga te naprednim vje\u017ebama. Pogodno za sve vrste bicikala i za povezivanje s pametnim trena\u017eerima i elektri\u010dnim biciklima. Kompatibilno s ESS i ANT+ senzorima i radarima. Baterija omogu\u0107uje do 36 sati rada. Puni se USB-C kabelom.<\/p>","protected":false},"featured_media":7721,"comment_status":"open","ping_status":"closed","template":"","meta":[],"product_brand":[],"product_cat":[94],"product_tag":[],"class_list":{"0":"post-6405","1":"product","2":"type-product","3":"status-publish","4":"has-post-thumbnail","6":"product_cat-kolesarski-stevci","8":"first","9":"instock","10":"taxable","11":"shipping-taxable","12":"purchasable","13":"product-type-simple"},"yoast_head":"<!-- This site is optimized with the Yoast SEO plugin v27.3 - https:\/\/yoast.com\/product\/yoast-seo-wordpress\/ -->\n<title>Bryton Rider S810 E kolesarski \u0161tevec<\/title>\n<meta name=\"description\" content=\"Bryton Rider S810 je najve\u010dji Brytonov kolesarski ra\u010dunalnik s preglednim zaslonom. Je preprost za uporabo in podpira ogromno funkcij.\" \/>\n<meta name=\"robots\" content=\"index, follow, max-snippet:-1, max-image-preview:large, max-video-preview:-1\" \/>\n<link rel=\"canonical\" href=\"https:\/\/www.sportshine.eu\/hr\/ducan\/bryton-rider-s810-e-biciklisticko-racunalo\/\" \/>\n<meta property=\"og:locale\" content=\"hr_HR\" \/>\n<meta property=\"og:type\" content=\"article\" \/>\n<meta property=\"og:title\" content=\"Bryton Rider S810 E kolesarski \u0161tevec\" \/>\n<meta property=\"og:description\" content=\"Bryton Rider S810 je najve\u010dji Brytonov kolesarski ra\u010dunalnik s preglednim zaslonom. Je preprost za uporabo in podpira ogromno funkcij.\" \/>\n<meta property=\"og:url\" content=\"https:\/\/www.sportshine.eu\/hr\/ducan\/bryton-rider-s810-e-biciklisticko-racunalo\/\" \/>\n<meta property=\"og:site_name\" content=\"Sportshine\" \/>\n<meta property=\"article:publisher\" content=\"https:\/\/www.facebook.com\/sportshine.eu\/\" \/>\n<meta property=\"article:modified_time\" content=\"2026-04-01T06:34:08+00:00\" \/>\n<meta property=\"og:image\" content=\"https:\/\/www.sportshine.eu\/wp-content\/uploads\/2025\/07\/Bryton-S510.webp\" \/>\n\t<meta property=\"og:image:width\" content=\"800\" \/>\n\t<meta property=\"og:image:height\" content=\"800\" \/>\n\t<meta property=\"og:image:type\" content=\"image\/webp\" \/>\n<meta name=\"twitter:card\" content=\"summary_large_image\" \/>\n<meta name=\"twitter:label1\" content=\"Procijenjeno vrijeme \u010ditanja\" \/>\n\t<meta name=\"twitter:data1\" content=\"3 minute\" \/>\n<script type=\"application\/ld+json\" class=\"yoast-schema-graph\">{\"@context\":\"https:\\\/\\\/schema.org\",\"@graph\":[{\"@type\":\"WebPage\",\"@id\":\"https:\\\/\\\/www.sportshine.eu\\\/trgovina\\\/bryton-rider-s810-e-kolesarski-stevec\\\/\",\"url\":\"https:\\\/\\\/www.sportshine.eu\\\/trgovina\\\/bryton-rider-s810-e-kolesarski-stevec\\\/\",\"name\":\"Bryton Rider S810 E kolesarski \u0161tevec\",\"isPartOf\":{\"@id\":\"https:\\\/\\\/www.sportshine.eu\\\/#website\"},\"primaryImageOfPage\":{\"@id\":\"https:\\\/\\\/www.sportshine.eu\\\/trgovina\\\/bryton-rider-s810-e-kolesarski-stevec\\\/#primaryimage\"},\"image\":{\"@id\":\"https:\\\/\\\/www.sportshine.eu\\\/trgovina\\\/bryton-rider-s810-e-kolesarski-stevec\\\/#primaryimage\"},\"thumbnailUrl\":\"https:\\\/\\\/www.sportshine.eu\\\/wp-content\\\/uploads\\\/2025\\\/07\\\/Bryton-S510.webp\",\"datePublished\":\"2025-07-05T19:32:27+00:00\",\"dateModified\":\"2026-04-01T06:34:08+00:00\",\"description\":\"Bryton Rider S810 je najve\u010dji Brytonov kolesarski ra\u010dunalnik s preglednim zaslonom. Je preprost za uporabo in podpira ogromno funkcij.\",\"breadcrumb\":{\"@id\":\"https:\\\/\\\/www.sportshine.eu\\\/trgovina\\\/bryton-rider-s810-e-kolesarski-stevec\\\/#breadcrumb\"},\"inLanguage\":\"hr\",\"potentialAction\":[{\"@type\":\"ReadAction\",\"target\":[\"https:\\\/\\\/www.sportshine.eu\\\/trgovina\\\/bryton-rider-s810-e-kolesarski-stevec\\\/\"]}]},{\"@type\":\"ImageObject\",\"inLanguage\":\"hr\",\"@id\":\"https:\\\/\\\/www.sportshine.eu\\\/trgovina\\\/bryton-rider-s810-e-kolesarski-stevec\\\/#primaryimage\",\"url\":\"https:\\\/\\\/www.sportshine.eu\\\/wp-content\\\/uploads\\\/2025\\\/07\\\/Bryton-S510.webp\",\"contentUrl\":\"https:\\\/\\\/www.sportshine.eu\\\/wp-content\\\/uploads\\\/2025\\\/07\\\/Bryton-S510.webp\",\"width\":800,\"height\":800},{\"@type\":\"BreadcrumbList\",\"@id\":\"https:\\\/\\\/www.sportshine.eu\\\/trgovina\\\/bryton-rider-s810-e-kolesarski-stevec\\\/#breadcrumb\",\"itemListElement\":[{\"@type\":\"ListItem\",\"position\":1,\"name\":\"Home\",\"item\":\"https:\\\/\\\/www.sportshine.eu\\\/\"},{\"@type\":\"ListItem\",\"position\":2,\"name\":\"Trgovina\",\"item\":\"https:\\\/\\\/www.sportshine.eu\\\/trgovina\\\/\"},{\"@type\":\"ListItem\",\"position\":3,\"name\":\"Bryton Rider S810 kolesarski \u0161tevec\"}]},{\"@type\":\"WebSite\",\"@id\":\"https:\\\/\\\/www.sportshine.eu\\\/#website\",\"url\":\"https:\\\/\\\/www.sportshine.eu\\\/\",\"name\":\"Sportshine\",\"description\":\"Top spletna trgovina kolesarskih in naglavnih svetilk ter opreme\",\"publisher\":{\"@id\":\"https:\\\/\\\/www.sportshine.eu\\\/#organization\"},\"potentialAction\":[{\"@type\":\"SearchAction\",\"target\":{\"@type\":\"EntryPoint\",\"urlTemplate\":\"https:\\\/\\\/www.sportshine.eu\\\/?s={search_term_string}\"},\"query-input\":{\"@type\":\"PropertyValueSpecification\",\"valueRequired\":true,\"valueName\":\"search_term_string\"}}],\"inLanguage\":\"hr\"},{\"@type\":\"Organization\",\"@id\":\"https:\\\/\\\/www.sportshine.eu\\\/#organization\",\"name\":\"Sportshine\",\"url\":\"https:\\\/\\\/www.sportshine.eu\\\/\",\"logo\":{\"@type\":\"ImageObject\",\"inLanguage\":\"hr\",\"@id\":\"https:\\\/\\\/www.sportshine.eu\\\/#\\\/schema\\\/logo\\\/image\\\/\",\"url\":\"https:\\\/\\\/www.sportshine.eu\\\/wp-content\\\/uploads\\\/2026\\\/01\\\/cropped-Sportshine.webp\",\"contentUrl\":\"https:\\\/\\\/www.sportshine.eu\\\/wp-content\\\/uploads\\\/2026\\\/01\\\/cropped-Sportshine.webp\",\"width\":295,\"height\":128,\"caption\":\"Sportshine\"},\"image\":{\"@id\":\"https:\\\/\\\/www.sportshine.eu\\\/#\\\/schema\\\/logo\\\/image\\\/\"},\"sameAs\":[\"https:\\\/\\\/www.facebook.com\\\/sportshine.eu\\\/\"]}]}<\/script>\n<!-- \/ Yoast SEO plugin. -->","yoast_head_json":{"title":"Bryton Rider S810 E biciklisti\u010dko ra\u010dunalo","description":"Bryton Rider S810 je Brytonovo najve\u0107e biciklisti\u010dko ra\u010dunalo s jasnim zaslonom. Jednostavan je za kori\u0161tenje i podr\u017eava \u0161irok raspon funkcija.","robots":{"index":"index","follow":"follow","max-snippet":"max-snippet:-1","max-image-preview":"max-image-preview:large","max-video-preview":"max-video-preview:-1"},"canonical":"https:\/\/www.sportshine.eu\/hr\/ducan\/bryton-rider-s810-e-biciklisticko-racunalo\/","og_locale":"hr_HR","og_type":"article","og_title":"Bryton Rider S810 E kolesarski \u0161tevec","og_description":"Bryton Rider S810 je najve\u010dji Brytonov kolesarski ra\u010dunalnik s preglednim zaslonom. Je preprost za uporabo in podpira ogromno funkcij.","og_url":"https:\/\/www.sportshine.eu\/hr\/ducan\/bryton-rider-s810-e-biciklisticko-racunalo\/","og_site_name":"Sportshine","article_publisher":"https:\/\/www.facebook.com\/sportshine.eu\/","article_modified_time":"2026-04-01T06:34:08+00:00","og_image":[{"width":800,"height":800,"url":"https:\/\/www.sportshine.eu\/wp-content\/uploads\/2025\/07\/Bryton-S510.webp","type":"image\/webp"}],"twitter_card":"summary_large_image","twitter_misc":{"Procijenjeno vrijeme \u010ditanja":"3 minute"},"schema":{"@context":"https:\/\/schema.org","@graph":[{"@type":"WebPage","@id":"https:\/\/www.sportshine.eu\/trgovina\/bryton-rider-s810-e-kolesarski-stevec\/","url":"https:\/\/www.sportshine.eu\/trgovina\/bryton-rider-s810-e-kolesarski-stevec\/","name":"Bryton Rider S810 E biciklisti\u010dko ra\u010dunalo","isPartOf":{"@id":"https:\/\/www.sportshine.eu\/#website"},"primaryImageOfPage":{"@id":"https:\/\/www.sportshine.eu\/trgovina\/bryton-rider-s810-e-kolesarski-stevec\/#primaryimage"},"image":{"@id":"https:\/\/www.sportshine.eu\/trgovina\/bryton-rider-s810-e-kolesarski-stevec\/#primaryimage"},"thumbnailUrl":"https:\/\/www.sportshine.eu\/wp-content\/uploads\/2025\/07\/Bryton-S510.webp","datePublished":"2025-07-05T19:32:27+00:00","dateModified":"2026-04-01T06:34:08+00:00","description":"Bryton Rider S810 je Brytonovo najve\u0107e biciklisti\u010dko ra\u010dunalo s jasnim zaslonom. Jednostavan je za kori\u0161tenje i podr\u017eava \u0161irok raspon funkcija.","breadcrumb":{"@id":"https:\/\/www.sportshine.eu\/trgovina\/bryton-rider-s810-e-kolesarski-stevec\/#breadcrumb"},"inLanguage":"hr","potentialAction":[{"@type":"ReadAction","target":["https:\/\/www.sportshine.eu\/trgovina\/bryton-rider-s810-e-kolesarski-stevec\/"]}]},{"@type":"ImageObject","inLanguage":"hr","@id":"https:\/\/www.sportshine.eu\/trgovina\/bryton-rider-s810-e-kolesarski-stevec\/#primaryimage","url":"https:\/\/www.sportshine.eu\/wp-content\/uploads\/2025\/07\/Bryton-S510.webp","contentUrl":"https:\/\/www.sportshine.eu\/wp-content\/uploads\/2025\/07\/Bryton-S510.webp","width":800,"height":800},{"@type":"BreadcrumbList","@id":"https:\/\/www.sportshine.eu\/trgovina\/bryton-rider-s810-e-kolesarski-stevec\/#breadcrumb","itemListElement":[{"@type":"ListItem","position":1,"name":"Home","item":"https:\/\/www.sportshine.eu\/"},{"@type":"ListItem","position":2,"name":"Trgovina","item":"https:\/\/www.sportshine.eu\/trgovina\/"},{"@type":"ListItem","position":3,"name":"Bryton Rider S810 kolesarski \u0161tevec"}]},{"@type":"WebSite","@id":"https:\/\/www.sportshine.eu\/#website","url":"https:\/\/www.sportshine.eu\/","name":"Sportshine","description":"Vrhunska online trgovina za biciklisti\u010dke i \u010deone svjetiljke i opremu","publisher":{"@id":"https:\/\/www.sportshine.eu\/#organization"},"potentialAction":[{"@type":"SearchAction","target":{"@type":"EntryPoint","urlTemplate":"https:\/\/www.sportshine.eu\/?s={search_term_string}"},"query-input":{"@type":"PropertyValueSpecification","valueRequired":true,"valueName":"search_term_string"}}],"inLanguage":"hr"},{"@type":"Organization","@id":"https:\/\/www.sportshine.eu\/#organization","name":"Sportshine","url":"https:\/\/www.sportshine.eu\/","logo":{"@type":"ImageObject","inLanguage":"hr","@id":"https:\/\/www.sportshine.eu\/#\/schema\/logo\/image\/","url":"https:\/\/www.sportshine.eu\/wp-content\/uploads\/2026\/01\/cropped-Sportshine.webp","contentUrl":"https:\/\/www.sportshine.eu\/wp-content\/uploads\/2026\/01\/cropped-Sportshine.webp","width":295,"height":128,"caption":"Sportshine"},"image":{"@id":"https:\/\/www.sportshine.eu\/#\/schema\/logo\/image\/"},"sameAs":["https:\/\/www.facebook.com\/sportshine.eu\/"]}]}},"_links":{"self":[{"href":"https:\/\/www.sportshine.eu\/hr\/wp-json\/wp\/v2\/product\/6405","targetHints":{"allow":["GET"]}}],"collection":[{"href":"https:\/\/www.sportshine.eu\/hr\/wp-json\/wp\/v2\/product"}],"about":[{"href":"https:\/\/www.sportshine.eu\/hr\/wp-json\/wp\/v2\/types\/product"}],"replies":[{"embeddable":true,"href":"https:\/\/www.sportshine.eu\/hr\/wp-json\/wp\/v2\/comments?post=6405"}],"version-history":[{"count":1,"href":"https:\/\/www.sportshine.eu\/hr\/wp-json\/wp\/v2\/product\/6405\/revisions"}],"predecessor-version":[{"id":10340,"href":"https:\/\/www.sportshine.eu\/hr\/wp-json\/wp\/v2\/product\/6405\/revisions\/10340"}],"wp:featuredmedia":[{"embeddable":true,"href":"https:\/\/www.sportshine.eu\/hr\/wp-json\/wp\/v2\/media\/7721"}],"wp:attachment":[{"href":"https:\/\/www.sportshine.eu\/hr\/wp-json\/wp\/v2\/media?parent=6405"}],"wp:term":[{"taxonomy":"product_brand","embeddable":true,"href":"https:\/\/www.sportshine.eu\/hr\/wp-json\/wp\/v2\/product_brand?post=6405"},{"taxonomy":"product_cat","embeddable":true,"href":"https:\/\/www.sportshine.eu\/hr\/wp-json\/wp\/v2\/product_cat?post=6405"},{"taxonomy":"product_tag","embeddable":true,"href":"https:\/\/www.sportshine.eu\/hr\/wp-json\/wp\/v2\/product_tag?post=6405"}],"curies":[{"name":"radni list","href":"https:\/\/api.w.org\/{rel}","templated":true}]}}