{"id":6350,"date":"2025-07-04T21:22:32","date_gmt":"2025-07-04T21:22:32","guid":{"rendered":"https:\/\/www.sportshine.eu\/?post_type=product&#038;p=6350"},"modified":"2025-09-05T18:39:51","modified_gmt":"2025-09-05T18:39:51","slug":"nosac-za-bicikle-gaciron-h10","status":"publish","type":"product","link":"https:\/\/www.sportshine.eu\/hr\/ducan\/nosac-za-bicikle-gaciron-h10\/","title":{"rendered":"Nosa\u010d za bicikle Gaciron H10"},"content":{"rendered":"<p>Nosa\u010d Gaciron H10 izvrstan je nosa\u010d za sve koji koriste Garmin brzinomjer ili GoPro kameru tijekom vo\u017enje. Uz glavni nosa\u010d, paket uklju\u010duje dva mala nosa\u010da koje mo\u017eete koristiti za odabir onoga \u0161to \u017eelite ponijeti sa sobom na vo\u017enju. Nosa\u010d je izra\u0111en od izdr\u017eljivog aluminija i vrlo je kvalitetan i izuzetno lagan. Testirali smo ga s Garmin 520 brzinomjerom i nosa\u010d je pristajao ba\u0161 kao i original. Pogodan je samo za upravlja\u010de dimenzija 31-32 mm (ne za aero upravlja\u010de).<\/p>\n<p>&nbsp;<\/p>\n<p>&nbsp;<\/p>\n<p>&nbsp;<\/p>","protected":false},"excerpt":{"rendered":"<p>Marka: Gaciron<br \/>\nModel: H10<br \/>\nTe\u017eina: 71 g<br \/>\nDimenzija: 117,5*54*69<\/p>","protected":false},"featured_media":5240,"comment_status":"closed","ping_status":"closed","template":"","meta":[],"product_brand":[132],"product_cat":[87],"product_tag":[],"class_list":{"0":"post-6350","1":"product","2":"type-product","3":"status-publish","4":"has-post-thumbnail","6":"product_brand-gaciron","7":"product_cat-kolesarski-nosilci","9":"first","10":"instock","11":"taxable","12":"shipping-taxable","13":"purchasable","14":"product-type-simple"},"yoast_head":"<!-- This site is optimized with the Yoast SEO plugin v27.3 - https:\/\/yoast.com\/product\/yoast-seo-wordpress\/ -->\n<title>Kolesarski nosilec Gaciron H10<\/title>\n<meta name=\"description\" content=\"Izvrsten nosilec za kolesarsko lu\u010d znamke Gaciron - mo\u017enost Garmin \u0161tevca - mo\u017enost namestitve Gopro kamere\" \/>\n<meta name=\"robots\" content=\"index, follow, max-snippet:-1, max-image-preview:large, max-video-preview:-1\" \/>\n<link rel=\"canonical\" href=\"https:\/\/www.sportshine.eu\/hr\/ducan\/nosac-za-bicikle-gaciron-h10\/\" \/>\n<meta property=\"og:locale\" content=\"hr_HR\" \/>\n<meta property=\"og:type\" content=\"article\" \/>\n<meta property=\"og:title\" content=\"Kolesarski nosilec Gaciron H10\" \/>\n<meta property=\"og:description\" content=\"Izvrsten nosilec za kolesarsko lu\u010d znamke Gaciron - mo\u017enost Garmin \u0161tevca - mo\u017enost namestitve Gopro kamere\" \/>\n<meta property=\"og:url\" content=\"https:\/\/www.sportshine.eu\/hr\/ducan\/nosac-za-bicikle-gaciron-h10\/\" \/>\n<meta property=\"og:site_name\" content=\"Sportshine\" \/>\n<meta property=\"article:publisher\" content=\"https:\/\/www.facebook.com\/sportshine.eu\/\" \/>\n<meta property=\"article:modified_time\" content=\"2025-09-05T18:39:51+00:00\" \/>\n<meta property=\"og:image\" content=\"https:\/\/www.sportshine.eu\/wp-content\/uploads\/2025\/07\/a8d6b5d15f15002c93d952d9960704f7.jpg\" \/>\n\t<meta property=\"og:image:width\" content=\"1493\" \/>\n\t<meta property=\"og:image:height\" content=\"1144\" \/>\n\t<meta property=\"og:image:type\" content=\"image\/jpeg\" \/>\n<meta name=\"twitter:card\" content=\"summary_large_image\" \/>\n<meta name=\"twitter:label1\" content=\"Procijenjeno vrijeme \u010ditanja\" \/>\n\t<meta name=\"twitter:data1\" content=\"1 minuta\" \/>\n<script type=\"application\/ld+json\" class=\"yoast-schema-graph\">{\"@context\":\"https:\\\/\\\/schema.org\",\"@graph\":[{\"@type\":\"WebPage\",\"@id\":\"https:\\\/\\\/www.sportshine.eu\\\/trgovina\\\/kolesarski-nosilec-gaciron-h10\\\/\",\"url\":\"https:\\\/\\\/www.sportshine.eu\\\/trgovina\\\/kolesarski-nosilec-gaciron-h10\\\/\",\"name\":\"Kolesarski nosilec Gaciron H10\",\"isPartOf\":{\"@id\":\"https:\\\/\\\/www.sportshine.eu\\\/#website\"},\"primaryImageOfPage\":{\"@id\":\"https:\\\/\\\/www.sportshine.eu\\\/trgovina\\\/kolesarski-nosilec-gaciron-h10\\\/#primaryimage\"},\"image\":{\"@id\":\"https:\\\/\\\/www.sportshine.eu\\\/trgovina\\\/kolesarski-nosilec-gaciron-h10\\\/#primaryimage\"},\"thumbnailUrl\":\"https:\\\/\\\/www.sportshine.eu\\\/wp-content\\\/uploads\\\/2025\\\/07\\\/a8d6b5d15f15002c93d952d9960704f7.jpg\",\"datePublished\":\"2025-07-04T21:22:32+00:00\",\"dateModified\":\"2025-09-05T18:39:51+00:00\",\"description\":\"Izvrsten nosilec za kolesarsko lu\u010d znamke Gaciron - mo\u017enost Garmin \u0161tevca - mo\u017enost namestitve Gopro kamere\",\"breadcrumb\":{\"@id\":\"https:\\\/\\\/www.sportshine.eu\\\/trgovina\\\/kolesarski-nosilec-gaciron-h10\\\/#breadcrumb\"},\"inLanguage\":\"hr\",\"potentialAction\":[{\"@type\":\"ReadAction\",\"target\":[\"https:\\\/\\\/www.sportshine.eu\\\/trgovina\\\/kolesarski-nosilec-gaciron-h10\\\/\"]}]},{\"@type\":\"ImageObject\",\"inLanguage\":\"hr\",\"@id\":\"https:\\\/\\\/www.sportshine.eu\\\/trgovina\\\/kolesarski-nosilec-gaciron-h10\\\/#primaryimage\",\"url\":\"https:\\\/\\\/www.sportshine.eu\\\/wp-content\\\/uploads\\\/2025\\\/07\\\/a8d6b5d15f15002c93d952d9960704f7.jpg\",\"contentUrl\":\"https:\\\/\\\/www.sportshine.eu\\\/wp-content\\\/uploads\\\/2025\\\/07\\\/a8d6b5d15f15002c93d952d9960704f7.jpg\",\"width\":1493,\"height\":1144},{\"@type\":\"BreadcrumbList\",\"@id\":\"https:\\\/\\\/www.sportshine.eu\\\/trgovina\\\/kolesarski-nosilec-gaciron-h10\\\/#breadcrumb\",\"itemListElement\":[{\"@type\":\"ListItem\",\"position\":1,\"name\":\"Home\",\"item\":\"https:\\\/\\\/www.sportshine.eu\\\/\"},{\"@type\":\"ListItem\",\"position\":2,\"name\":\"Trgovina\",\"item\":\"https:\\\/\\\/www.sportshine.eu\\\/trgovina\\\/\"},{\"@type\":\"ListItem\",\"position\":3,\"name\":\"Kolesarski nosilec Gaciron H10\"}]},{\"@type\":\"WebSite\",\"@id\":\"https:\\\/\\\/www.sportshine.eu\\\/#website\",\"url\":\"https:\\\/\\\/www.sportshine.eu\\\/\",\"name\":\"Sportshine\",\"description\":\"Top spletna trgovina kolesarskih in naglavnih svetilk ter opreme\",\"publisher\":{\"@id\":\"https:\\\/\\\/www.sportshine.eu\\\/#organization\"},\"potentialAction\":[{\"@type\":\"SearchAction\",\"target\":{\"@type\":\"EntryPoint\",\"urlTemplate\":\"https:\\\/\\\/www.sportshine.eu\\\/?s={search_term_string}\"},\"query-input\":{\"@type\":\"PropertyValueSpecification\",\"valueRequired\":true,\"valueName\":\"search_term_string\"}}],\"inLanguage\":\"hr\"},{\"@type\":\"Organization\",\"@id\":\"https:\\\/\\\/www.sportshine.eu\\\/#organization\",\"name\":\"Sportshine\",\"url\":\"https:\\\/\\\/www.sportshine.eu\\\/\",\"logo\":{\"@type\":\"ImageObject\",\"inLanguage\":\"hr\",\"@id\":\"https:\\\/\\\/www.sportshine.eu\\\/#\\\/schema\\\/logo\\\/image\\\/\",\"url\":\"https:\\\/\\\/www.sportshine.eu\\\/wp-content\\\/uploads\\\/2026\\\/01\\\/cropped-Sportshine.webp\",\"contentUrl\":\"https:\\\/\\\/www.sportshine.eu\\\/wp-content\\\/uploads\\\/2026\\\/01\\\/cropped-Sportshine.webp\",\"width\":295,\"height\":128,\"caption\":\"Sportshine\"},\"image\":{\"@id\":\"https:\\\/\\\/www.sportshine.eu\\\/#\\\/schema\\\/logo\\\/image\\\/\"},\"sameAs\":[\"https:\\\/\\\/www.facebook.com\\\/sportshine.eu\\\/\"]}]}<\/script>\n<!-- \/ Yoast SEO plugin. -->","yoast_head_json":{"title":"Nosa\u010d za bicikle Gaciron H10","description":"Izvrstan nosa\u010d za svjetlo za bicikl marke Gaciron - opcija brzinomjera za Garmin - opcija nosa\u010da za GoPro kameru","robots":{"index":"index","follow":"follow","max-snippet":"max-snippet:-1","max-image-preview":"max-image-preview:large","max-video-preview":"max-video-preview:-1"},"canonical":"https:\/\/www.sportshine.eu\/hr\/ducan\/nosac-za-bicikle-gaciron-h10\/","og_locale":"hr_HR","og_type":"article","og_title":"Kolesarski nosilec Gaciron H10","og_description":"Izvrsten nosilec za kolesarsko lu\u010d znamke Gaciron - mo\u017enost Garmin \u0161tevca - mo\u017enost namestitve Gopro kamere","og_url":"https:\/\/www.sportshine.eu\/hr\/ducan\/nosac-za-bicikle-gaciron-h10\/","og_site_name":"Sportshine","article_publisher":"https:\/\/www.facebook.com\/sportshine.eu\/","article_modified_time":"2025-09-05T18:39:51+00:00","og_image":[{"width":1493,"height":1144,"url":"https:\/\/www.sportshine.eu\/wp-content\/uploads\/2025\/07\/a8d6b5d15f15002c93d952d9960704f7.jpg","type":"image\/jpeg"}],"twitter_card":"summary_large_image","twitter_misc":{"Procijenjeno vrijeme \u010ditanja":"1 minuta"},"schema":{"@context":"https:\/\/schema.org","@graph":[{"@type":"WebPage","@id":"https:\/\/www.sportshine.eu\/trgovina\/kolesarski-nosilec-gaciron-h10\/","url":"https:\/\/www.sportshine.eu\/trgovina\/kolesarski-nosilec-gaciron-h10\/","name":"Nosa\u010d za bicikle Gaciron H10","isPartOf":{"@id":"https:\/\/www.sportshine.eu\/#website"},"primaryImageOfPage":{"@id":"https:\/\/www.sportshine.eu\/trgovina\/kolesarski-nosilec-gaciron-h10\/#primaryimage"},"image":{"@id":"https:\/\/www.sportshine.eu\/trgovina\/kolesarski-nosilec-gaciron-h10\/#primaryimage"},"thumbnailUrl":"https:\/\/www.sportshine.eu\/wp-content\/uploads\/2025\/07\/a8d6b5d15f15002c93d952d9960704f7.jpg","datePublished":"2025-07-04T21:22:32+00:00","dateModified":"2025-09-05T18:39:51+00:00","description":"Izvrstan nosa\u010d za svjetlo za bicikl marke Gaciron - opcija brzinomjera za Garmin - opcija nosa\u010da za GoPro kameru","breadcrumb":{"@id":"https:\/\/www.sportshine.eu\/trgovina\/kolesarski-nosilec-gaciron-h10\/#breadcrumb"},"inLanguage":"hr","potentialAction":[{"@type":"ReadAction","target":["https:\/\/www.sportshine.eu\/trgovina\/kolesarski-nosilec-gaciron-h10\/"]}]},{"@type":"ImageObject","inLanguage":"hr","@id":"https:\/\/www.sportshine.eu\/trgovina\/kolesarski-nosilec-gaciron-h10\/#primaryimage","url":"https:\/\/www.sportshine.eu\/wp-content\/uploads\/2025\/07\/a8d6b5d15f15002c93d952d9960704f7.jpg","contentUrl":"https:\/\/www.sportshine.eu\/wp-content\/uploads\/2025\/07\/a8d6b5d15f15002c93d952d9960704f7.jpg","width":1493,"height":1144},{"@type":"BreadcrumbList","@id":"https:\/\/www.sportshine.eu\/trgovina\/kolesarski-nosilec-gaciron-h10\/#breadcrumb","itemListElement":[{"@type":"ListItem","position":1,"name":"Home","item":"https:\/\/www.sportshine.eu\/"},{"@type":"ListItem","position":2,"name":"Trgovina","item":"https:\/\/www.sportshine.eu\/trgovina\/"},{"@type":"ListItem","position":3,"name":"Kolesarski nosilec Gaciron H10"}]},{"@type":"WebSite","@id":"https:\/\/www.sportshine.eu\/#website","url":"https:\/\/www.sportshine.eu\/","name":"Sportshine","description":"Vrhunska online trgovina za biciklisti\u010dke i \u010deone svjetiljke i opremu","publisher":{"@id":"https:\/\/www.sportshine.eu\/#organization"},"potentialAction":[{"@type":"SearchAction","target":{"@type":"EntryPoint","urlTemplate":"https:\/\/www.sportshine.eu\/?s={search_term_string}"},"query-input":{"@type":"PropertyValueSpecification","valueRequired":true,"valueName":"search_term_string"}}],"inLanguage":"hr"},{"@type":"Organization","@id":"https:\/\/www.sportshine.eu\/#organization","name":"Sportshine","url":"https:\/\/www.sportshine.eu\/","logo":{"@type":"ImageObject","inLanguage":"hr","@id":"https:\/\/www.sportshine.eu\/#\/schema\/logo\/image\/","url":"https:\/\/www.sportshine.eu\/wp-content\/uploads\/2026\/01\/cropped-Sportshine.webp","contentUrl":"https:\/\/www.sportshine.eu\/wp-content\/uploads\/2026\/01\/cropped-Sportshine.webp","width":295,"height":128,"caption":"Sportshine"},"image":{"@id":"https:\/\/www.sportshine.eu\/#\/schema\/logo\/image\/"},"sameAs":["https:\/\/www.facebook.com\/sportshine.eu\/"]}]}},"_links":{"self":[{"href":"https:\/\/www.sportshine.eu\/hr\/wp-json\/wp\/v2\/product\/6350","targetHints":{"allow":["GET"]}}],"collection":[{"href":"https:\/\/www.sportshine.eu\/hr\/wp-json\/wp\/v2\/product"}],"about":[{"href":"https:\/\/www.sportshine.eu\/hr\/wp-json\/wp\/v2\/types\/product"}],"replies":[{"embeddable":true,"href":"https:\/\/www.sportshine.eu\/hr\/wp-json\/wp\/v2\/comments?post=6350"}],"version-history":[{"count":0,"href":"https:\/\/www.sportshine.eu\/hr\/wp-json\/wp\/v2\/product\/6350\/revisions"}],"wp:featuredmedia":[{"embeddable":true,"href":"https:\/\/www.sportshine.eu\/hr\/wp-json\/wp\/v2\/media\/5240"}],"wp:attachment":[{"href":"https:\/\/www.sportshine.eu\/hr\/wp-json\/wp\/v2\/media?parent=6350"}],"wp:term":[{"taxonomy":"product_brand","embeddable":true,"href":"https:\/\/www.sportshine.eu\/hr\/wp-json\/wp\/v2\/product_brand?post=6350"},{"taxonomy":"product_cat","embeddable":true,"href":"https:\/\/www.sportshine.eu\/hr\/wp-json\/wp\/v2\/product_cat?post=6350"},{"taxonomy":"product_tag","embeddable":true,"href":"https:\/\/www.sportshine.eu\/hr\/wp-json\/wp\/v2\/product_tag?post=6350"}],"curies":[{"name":"radni list","href":"https:\/\/api.w.org\/{rel}","templated":true}]}}