{"id":6344,"date":"2025-07-04T21:22:26","date_gmt":"2025-07-04T21:22:26","guid":{"rendered":"https:\/\/www.sportshine.eu\/?post_type=product&#038;p=6344"},"modified":"2025-08-02T17:45:25","modified_gmt":"2025-08-02T17:45:25","slug":"led-svjetlo-za-bicikl-gaciron-v13","status":"publish","type":"product","link":"https:\/\/www.sportshine.eu\/hr\/ducan\/led-svjetlo-za-bicikl-gaciron-v13\/","title":{"rendered":"Gaciron V13 LED svjetlo za bicikl"},"content":{"rendered":"<p>Gaciron V13 je izuzetno visokokvalitetna LED \u017earulja.<strong> svjetiljka za bicikl<\/strong> sa snagom od 1600 lumena. Kompatibilna je sa svim prijenosnim baterijama koje imaju ulaz od 12 V\/2,0 A. Komplet uklju\u010duje nosa\u010d H07P za pri\u010dvr\u0161\u0107ivanje svjetiljke na upravlja\u010d bicikla i mini adapter R01 za sigurno kori\u0161tenje svjetiljke bez pu\u0161tanja upravlja\u010da. Paket ne uklju\u010duje bateriju.<\/p>\n<p>Ima \u0161est na\u010dina rada, koji se razlikuju po razinama svjetline. Svjetiljka je vodootporna i izra\u0111ena od <strong>izdr\u017eljivi aluminij<\/strong>.<\/p>\n<p>&nbsp;<\/p>","protected":false},"excerpt":{"rendered":"<p>Gaciron V13 je izredno kvalitetna LED kolesarska svetilka z mo\u010djo 1600 lumnov. Kompatibilna je z vsemi prenosnimi baterijami, ki imajo vhod 12V\/2.0A. V kompletu dobite nosilec H07P, s katerim pritrdite svetilko na krmilo kolesa in mini adapter R01, s katerim varno upravljate svetilko, brez da bi spustili krmilo. V paketu ni prilo\u017eena baterija. Ima \u0161est [&hellip;]<\/p>\n","protected":false},"featured_media":7339,"comment_status":"closed","ping_status":"closed","template":"","meta":[],"product_brand":[132],"product_cat":[150],"product_tag":[],"class_list":{"0":"post-6344","1":"product","2":"type-product","3":"status-publish","4":"has-post-thumbnail","6":"product_brand-gaciron","7":"product_cat-sprednje-kolesarske-luci","9":"first","10":"instock","11":"taxable","12":"shipping-taxable","13":"purchasable","14":"product-type-simple"},"yoast_head":"<!-- This site is optimized with the Yoast SEO plugin v27.3 - https:\/\/yoast.com\/product\/yoast-seo-wordpress\/ -->\n<title>Kolesarska svetilka LED Gaciron V13<\/title>\n<meta name=\"description\" content=\"LED kolesarska svetilka z mo\u010djo 1600 lumnov. V kompletu dobite nosilec H07P, s katerim pritrdite svetilko na krmilo kolesa in mini adapter R01, s katerim varno upravljate svetilko, brez da bi spustili krmilo.\" \/>\n<meta name=\"robots\" content=\"index, follow, max-snippet:-1, max-image-preview:large, max-video-preview:-1\" \/>\n<link rel=\"canonical\" href=\"https:\/\/www.sportshine.eu\/hr\/ducan\/led-svjetlo-za-bicikl-gaciron-v13\/\" \/>\n<meta property=\"og:locale\" content=\"hr_HR\" \/>\n<meta property=\"og:type\" content=\"article\" \/>\n<meta property=\"og:title\" content=\"Kolesarska svetilka LED Gaciron V13\" \/>\n<meta property=\"og:description\" content=\"LED kolesarska svetilka z mo\u010djo 1600 lumnov. V kompletu dobite nosilec H07P, s katerim pritrdite svetilko na krmilo kolesa in mini adapter R01, s katerim varno upravljate svetilko, brez da bi spustili krmilo.\" \/>\n<meta property=\"og:url\" content=\"https:\/\/www.sportshine.eu\/hr\/ducan\/led-svjetlo-za-bicikl-gaciron-v13\/\" \/>\n<meta property=\"og:site_name\" content=\"Sportshine\" \/>\n<meta property=\"article:publisher\" content=\"https:\/\/www.facebook.com\/sportshine.eu\/\" \/>\n<meta property=\"article:modified_time\" content=\"2025-08-02T17:45:25+00:00\" \/>\n<meta property=\"og:image\" content=\"https:\/\/www.sportshine.eu\/wp-content\/uploads\/2025\/07\/Gaciron-V13.jpg\" \/>\n\t<meta property=\"og:image:width\" content=\"1000\" \/>\n\t<meta property=\"og:image:height\" content=\"1000\" \/>\n\t<meta property=\"og:image:type\" content=\"image\/jpeg\" \/>\n<meta name=\"twitter:card\" content=\"summary_large_image\" \/>\n<meta name=\"twitter:label1\" content=\"Procijenjeno vrijeme \u010ditanja\" \/>\n\t<meta name=\"twitter:data1\" content=\"1 minuta\" \/>\n<script type=\"application\/ld+json\" class=\"yoast-schema-graph\">{\"@context\":\"https:\\\/\\\/schema.org\",\"@graph\":[{\"@type\":\"WebPage\",\"@id\":\"https:\\\/\\\/www.sportshine.eu\\\/trgovina\\\/kolesarska-svetilka-led-gaciron-v13\\\/\",\"url\":\"https:\\\/\\\/www.sportshine.eu\\\/trgovina\\\/kolesarska-svetilka-led-gaciron-v13\\\/\",\"name\":\"Kolesarska svetilka LED Gaciron V13\",\"isPartOf\":{\"@id\":\"https:\\\/\\\/www.sportshine.eu\\\/#website\"},\"primaryImageOfPage\":{\"@id\":\"https:\\\/\\\/www.sportshine.eu\\\/trgovina\\\/kolesarska-svetilka-led-gaciron-v13\\\/#primaryimage\"},\"image\":{\"@id\":\"https:\\\/\\\/www.sportshine.eu\\\/trgovina\\\/kolesarska-svetilka-led-gaciron-v13\\\/#primaryimage\"},\"thumbnailUrl\":\"https:\\\/\\\/www.sportshine.eu\\\/wp-content\\\/uploads\\\/2025\\\/07\\\/Gaciron-V13.jpg\",\"datePublished\":\"2025-07-04T21:22:26+00:00\",\"dateModified\":\"2025-08-02T17:45:25+00:00\",\"description\":\"LED kolesarska svetilka z mo\u010djo 1600 lumnov. V kompletu dobite nosilec H07P, s katerim pritrdite svetilko na krmilo kolesa in mini adapter R01, s katerim varno upravljate svetilko, brez da bi spustili krmilo.\",\"breadcrumb\":{\"@id\":\"https:\\\/\\\/www.sportshine.eu\\\/trgovina\\\/kolesarska-svetilka-led-gaciron-v13\\\/#breadcrumb\"},\"inLanguage\":\"hr\",\"potentialAction\":[{\"@type\":\"ReadAction\",\"target\":[\"https:\\\/\\\/www.sportshine.eu\\\/trgovina\\\/kolesarska-svetilka-led-gaciron-v13\\\/\"]}]},{\"@type\":\"ImageObject\",\"inLanguage\":\"hr\",\"@id\":\"https:\\\/\\\/www.sportshine.eu\\\/trgovina\\\/kolesarska-svetilka-led-gaciron-v13\\\/#primaryimage\",\"url\":\"https:\\\/\\\/www.sportshine.eu\\\/wp-content\\\/uploads\\\/2025\\\/07\\\/Gaciron-V13.jpg\",\"contentUrl\":\"https:\\\/\\\/www.sportshine.eu\\\/wp-content\\\/uploads\\\/2025\\\/07\\\/Gaciron-V13.jpg\",\"width\":1000,\"height\":1000},{\"@type\":\"BreadcrumbList\",\"@id\":\"https:\\\/\\\/www.sportshine.eu\\\/trgovina\\\/kolesarska-svetilka-led-gaciron-v13\\\/#breadcrumb\",\"itemListElement\":[{\"@type\":\"ListItem\",\"position\":1,\"name\":\"Home\",\"item\":\"https:\\\/\\\/www.sportshine.eu\\\/\"},{\"@type\":\"ListItem\",\"position\":2,\"name\":\"Trgovina\",\"item\":\"https:\\\/\\\/www.sportshine.eu\\\/trgovina\\\/\"},{\"@type\":\"ListItem\",\"position\":3,\"name\":\"Kolesarska svetilka LED Gaciron V13\"}]},{\"@type\":\"WebSite\",\"@id\":\"https:\\\/\\\/www.sportshine.eu\\\/#website\",\"url\":\"https:\\\/\\\/www.sportshine.eu\\\/\",\"name\":\"Sportshine\",\"description\":\"Top spletna trgovina kolesarskih in naglavnih svetilk ter opreme\",\"publisher\":{\"@id\":\"https:\\\/\\\/www.sportshine.eu\\\/#organization\"},\"potentialAction\":[{\"@type\":\"SearchAction\",\"target\":{\"@type\":\"EntryPoint\",\"urlTemplate\":\"https:\\\/\\\/www.sportshine.eu\\\/?s={search_term_string}\"},\"query-input\":{\"@type\":\"PropertyValueSpecification\",\"valueRequired\":true,\"valueName\":\"search_term_string\"}}],\"inLanguage\":\"hr\"},{\"@type\":\"Organization\",\"@id\":\"https:\\\/\\\/www.sportshine.eu\\\/#organization\",\"name\":\"Sportshine\",\"url\":\"https:\\\/\\\/www.sportshine.eu\\\/\",\"logo\":{\"@type\":\"ImageObject\",\"inLanguage\":\"hr\",\"@id\":\"https:\\\/\\\/www.sportshine.eu\\\/#\\\/schema\\\/logo\\\/image\\\/\",\"url\":\"https:\\\/\\\/www.sportshine.eu\\\/wp-content\\\/uploads\\\/2026\\\/01\\\/cropped-Sportshine.webp\",\"contentUrl\":\"https:\\\/\\\/www.sportshine.eu\\\/wp-content\\\/uploads\\\/2026\\\/01\\\/cropped-Sportshine.webp\",\"width\":295,\"height\":128,\"caption\":\"Sportshine\"},\"image\":{\"@id\":\"https:\\\/\\\/www.sportshine.eu\\\/#\\\/schema\\\/logo\\\/image\\\/\"},\"sameAs\":[\"https:\\\/\\\/www.facebook.com\\\/sportshine.eu\\\/\"]}]}<\/script>\n<!-- \/ Yoast SEO plugin. -->","yoast_head_json":{"title":"Gaciron V13 LED svjetlo za bicikl","description":"LED svjetlo za bicikl snage 1600 lumena. Set uklju\u010duje nosa\u010d H07P za pri\u010dvr\u0161\u0107ivanje svjetla na upravlja\u010d i mini adapter R01 za sigurno kori\u0161tenje svjetla bez pu\u0161tanja upravlja\u010da.","robots":{"index":"index","follow":"follow","max-snippet":"max-snippet:-1","max-image-preview":"max-image-preview:large","max-video-preview":"max-video-preview:-1"},"canonical":"https:\/\/www.sportshine.eu\/hr\/ducan\/led-svjetlo-za-bicikl-gaciron-v13\/","og_locale":"hr_HR","og_type":"article","og_title":"Kolesarska svetilka LED Gaciron V13","og_description":"LED kolesarska svetilka z mo\u010djo 1600 lumnov. V kompletu dobite nosilec H07P, s katerim pritrdite svetilko na krmilo kolesa in mini adapter R01, s katerim varno upravljate svetilko, brez da bi spustili krmilo.","og_url":"https:\/\/www.sportshine.eu\/hr\/ducan\/led-svjetlo-za-bicikl-gaciron-v13\/","og_site_name":"Sportshine","article_publisher":"https:\/\/www.facebook.com\/sportshine.eu\/","article_modified_time":"2025-08-02T17:45:25+00:00","og_image":[{"width":1000,"height":1000,"url":"https:\/\/www.sportshine.eu\/wp-content\/uploads\/2025\/07\/Gaciron-V13.jpg","type":"image\/jpeg"}],"twitter_card":"summary_large_image","twitter_misc":{"Procijenjeno vrijeme \u010ditanja":"1 minuta"},"schema":{"@context":"https:\/\/schema.org","@graph":[{"@type":"WebPage","@id":"https:\/\/www.sportshine.eu\/trgovina\/kolesarska-svetilka-led-gaciron-v13\/","url":"https:\/\/www.sportshine.eu\/trgovina\/kolesarska-svetilka-led-gaciron-v13\/","name":"Gaciron V13 LED svjetlo za bicikl","isPartOf":{"@id":"https:\/\/www.sportshine.eu\/#website"},"primaryImageOfPage":{"@id":"https:\/\/www.sportshine.eu\/trgovina\/kolesarska-svetilka-led-gaciron-v13\/#primaryimage"},"image":{"@id":"https:\/\/www.sportshine.eu\/trgovina\/kolesarska-svetilka-led-gaciron-v13\/#primaryimage"},"thumbnailUrl":"https:\/\/www.sportshine.eu\/wp-content\/uploads\/2025\/07\/Gaciron-V13.jpg","datePublished":"2025-07-04T21:22:26+00:00","dateModified":"2025-08-02T17:45:25+00:00","description":"LED svjetlo za bicikl snage 1600 lumena. Set uklju\u010duje nosa\u010d H07P za pri\u010dvr\u0161\u0107ivanje svjetla na upravlja\u010d i mini adapter R01 za sigurno kori\u0161tenje svjetla bez pu\u0161tanja upravlja\u010da.","breadcrumb":{"@id":"https:\/\/www.sportshine.eu\/trgovina\/kolesarska-svetilka-led-gaciron-v13\/#breadcrumb"},"inLanguage":"hr","potentialAction":[{"@type":"ReadAction","target":["https:\/\/www.sportshine.eu\/trgovina\/kolesarska-svetilka-led-gaciron-v13\/"]}]},{"@type":"ImageObject","inLanguage":"hr","@id":"https:\/\/www.sportshine.eu\/trgovina\/kolesarska-svetilka-led-gaciron-v13\/#primaryimage","url":"https:\/\/www.sportshine.eu\/wp-content\/uploads\/2025\/07\/Gaciron-V13.jpg","contentUrl":"https:\/\/www.sportshine.eu\/wp-content\/uploads\/2025\/07\/Gaciron-V13.jpg","width":1000,"height":1000},{"@type":"BreadcrumbList","@id":"https:\/\/www.sportshine.eu\/trgovina\/kolesarska-svetilka-led-gaciron-v13\/#breadcrumb","itemListElement":[{"@type":"ListItem","position":1,"name":"Home","item":"https:\/\/www.sportshine.eu\/"},{"@type":"ListItem","position":2,"name":"Trgovina","item":"https:\/\/www.sportshine.eu\/trgovina\/"},{"@type":"ListItem","position":3,"name":"Kolesarska svetilka LED Gaciron V13"}]},{"@type":"WebSite","@id":"https:\/\/www.sportshine.eu\/#website","url":"https:\/\/www.sportshine.eu\/","name":"Sportshine","description":"Vrhunska online trgovina za biciklisti\u010dke i \u010deone svjetiljke i opremu","publisher":{"@id":"https:\/\/www.sportshine.eu\/#organization"},"potentialAction":[{"@type":"SearchAction","target":{"@type":"EntryPoint","urlTemplate":"https:\/\/www.sportshine.eu\/?s={search_term_string}"},"query-input":{"@type":"PropertyValueSpecification","valueRequired":true,"valueName":"search_term_string"}}],"inLanguage":"hr"},{"@type":"Organization","@id":"https:\/\/www.sportshine.eu\/#organization","name":"Sportshine","url":"https:\/\/www.sportshine.eu\/","logo":{"@type":"ImageObject","inLanguage":"hr","@id":"https:\/\/www.sportshine.eu\/#\/schema\/logo\/image\/","url":"https:\/\/www.sportshine.eu\/wp-content\/uploads\/2026\/01\/cropped-Sportshine.webp","contentUrl":"https:\/\/www.sportshine.eu\/wp-content\/uploads\/2026\/01\/cropped-Sportshine.webp","width":295,"height":128,"caption":"Sportshine"},"image":{"@id":"https:\/\/www.sportshine.eu\/#\/schema\/logo\/image\/"},"sameAs":["https:\/\/www.facebook.com\/sportshine.eu\/"]}]}},"_links":{"self":[{"href":"https:\/\/www.sportshine.eu\/hr\/wp-json\/wp\/v2\/product\/6344","targetHints":{"allow":["GET"]}}],"collection":[{"href":"https:\/\/www.sportshine.eu\/hr\/wp-json\/wp\/v2\/product"}],"about":[{"href":"https:\/\/www.sportshine.eu\/hr\/wp-json\/wp\/v2\/types\/product"}],"replies":[{"embeddable":true,"href":"https:\/\/www.sportshine.eu\/hr\/wp-json\/wp\/v2\/comments?post=6344"}],"version-history":[{"count":0,"href":"https:\/\/www.sportshine.eu\/hr\/wp-json\/wp\/v2\/product\/6344\/revisions"}],"wp:featuredmedia":[{"embeddable":true,"href":"https:\/\/www.sportshine.eu\/hr\/wp-json\/wp\/v2\/media\/7339"}],"wp:attachment":[{"href":"https:\/\/www.sportshine.eu\/hr\/wp-json\/wp\/v2\/media?parent=6344"}],"wp:term":[{"taxonomy":"product_brand","embeddable":true,"href":"https:\/\/www.sportshine.eu\/hr\/wp-json\/wp\/v2\/product_brand?post=6344"},{"taxonomy":"product_cat","embeddable":true,"href":"https:\/\/www.sportshine.eu\/hr\/wp-json\/wp\/v2\/product_cat?post=6344"},{"taxonomy":"product_tag","embeddable":true,"href":"https:\/\/www.sportshine.eu\/hr\/wp-json\/wp\/v2\/product_tag?post=6344"}],"curies":[{"name":"radni list","href":"https:\/\/api.w.org\/{rel}","templated":true}]}}