{"id":6332,"date":"2026-04-09T21:09:27","date_gmt":"2026-04-09T21:09:27","guid":{"rendered":"https:\/\/www.sportshine.eu\/?post_type=product&#038;p=6332"},"modified":"2026-04-17T19:32:27","modified_gmt":"2026-04-17T19:32:27","slug":"paket-biciklistickih-svjetala-za-bicikliste","status":"publish","type":"product","link":"https:\/\/www.sportshine.eu\/hr\/ducan\/paket-biciklistickih-svjetala-za-bicikliste\/","title":{"rendered":"Paket svjetala za bicikl \u2013 BICYCLER"},"content":{"rendered":"<h3 style=\"text-align: center;\">MO\u0106NIH 800 LUMENA I UGRA\u0110ENA LITIJEVO-IONSKA BATERIJA OD 2500 mAh<\/h3>\n<p style=\"text-align: center;\">Omogu\u0107uje 5 postavki svjetline i rad do 24 sata.<\/p>\n<p><img decoding=\"async\" class=\"aligncenter wp-image-7599 size-full\" src=\"https:\/\/www.sportshine.eu\/wp-content\/uploads\/2025\/07\/Gaciron-Kiwi-800-1.webp\" alt=\"Gaciron Kiwi 800\" width=\"800\" height=\"800\" srcset=\"https:\/\/www.sportshine.eu\/wp-content\/uploads\/2025\/07\/Gaciron-Kiwi-800-1.webp 800w, https:\/\/www.sportshine.eu\/wp-content\/uploads\/2025\/07\/Gaciron-Kiwi-800-1-768x768.webp 768w, https:\/\/www.sportshine.eu\/wp-content\/uploads\/2025\/07\/Gaciron-Kiwi-800-1-600x600.webp 600w\" sizes=\"(max-width: 800px) 100vw, 800px\" \/><\/p>\n<h3 style=\"text-align: center;\">BICIKLISTI\u010cKO SVJETLO S EFEKTOM PROTIV REFLEKCIJE<\/h3>\n<p style=\"text-align: center;\">Svjetla za bicikle s funkcijom &#039;Cut-off Line&#039; dizajnirana su za projiciranje svjetlosti na specifi\u010dan na\u010din. Umjesto difuznog ili nekontroliranog snopa, svjetlo je oblikovano tako da tvori o\u0161tru horizontalnu traku na cesti. To je posebno va\u017eno za prednja svjetla za bicikle, jer sprje\u010davaju zasljepljivanje vozila koja dolaze u suprotnom smjeru, pje\u0161aka i putnika biciklista.<\/p>\n<p><img decoding=\"async\" class=\"aligncenter wp-image-7600\" src=\"https:\/\/www.sportshine.eu\/wp-content\/uploads\/2025\/07\/Gaciron-KIWI-800-3.webp\" alt=\"\" width=\"800\" height=\"494\" srcset=\"https:\/\/www.sportshine.eu\/wp-content\/uploads\/2025\/07\/Gaciron-KIWI-800-3.webp 693w, https:\/\/www.sportshine.eu\/wp-content\/uploads\/2025\/07\/Gaciron-KIWI-800-3-600x371.webp 600w\" sizes=\"(max-width: 800px) 100vw, 800px\" \/><\/p>\n<h3 style=\"text-align: center;\">OMOGU\u0106AVA MONTA\u017dU SVJETLA NA OBJE STRANE VOLANA (ALAT ZA PODESAVANJE UKLJU\u010cEN)<\/h3>\n<p style=\"text-align: center;\">\u017delite li montirati svjetlo na upravlja\u010d ili ispod? Biciklisti\u010dko svjetlo KIWI 1200 nudi rje\u0161enje za oboje.<\/p>\n<p><img decoding=\"async\" class=\"aligncenter wp-image-7601\" src=\"https:\/\/www.sportshine.eu\/wp-content\/uploads\/2025\/07\/Gaciron-Kiwi-800-2.webp\" alt=\"\" width=\"800\" height=\"581\" srcset=\"https:\/\/www.sportshine.eu\/wp-content\/uploads\/2025\/07\/Gaciron-Kiwi-800-2.webp 705w, https:\/\/www.sportshine.eu\/wp-content\/uploads\/2025\/07\/Gaciron-Kiwi-800-2-600x436.webp 600w\" sizes=\"(max-width: 800px) 100vw, 800px\" \/><\/p>\n<h3 style=\"text-align: center;\">VODOOTPORAN PREMA IPX6 STANDARDU \u2013 ZA SVE VREMENSKE UVJETE<\/h3>\n<p><img decoding=\"async\" class=\"aligncenter wp-image-7602\" src=\"https:\/\/www.sportshine.eu\/wp-content\/uploads\/2025\/07\/Gaciron-Kiwi-800-4.webp\" alt=\"\" width=\"800\" height=\"809\" srcset=\"https:\/\/www.sportshine.eu\/wp-content\/uploads\/2025\/07\/Gaciron-Kiwi-800-4.webp 767w, https:\/\/www.sportshine.eu\/wp-content\/uploads\/2025\/07\/Gaciron-Kiwi-800-4-600x607.webp 600w\" sizes=\"(max-width: 800px) 100vw, 800px\" \/><\/p>\n<h3 style=\"text-align: center;\">VIDEO PREZENTACIJA BICIKLISTI\u010cKOG SVJETLA KIWI-800<\/h3>\n<p><iframe loading=\"lazy\" title=\"Gaciron KIWI 800\" width=\"500\" height=\"281\" src=\"https:\/\/www.youtube.com\/embed\/mCjOVn8peP0?feature=oembed\" frameborder=\"0\" allow=\"accelerometer; autoplay; clipboard-write; encrypted-media; gyroscope; picture-in-picture; web-share\" referrerpolicy=\"strict-origin-when-cross-origin\" allowfullscreen><\/iframe><\/p>\n<h3 style=\"text-align: center;\">KOMPAKTNO KU\u0106I\u0160TE OD POTPUNO ALUMINIJUMA<\/h3>\n<p><img decoding=\"async\" class=\"aligncenter wp-image-7603\" src=\"https:\/\/www.sportshine.eu\/wp-content\/uploads\/2025\/07\/Gaciron-KIWI-800-luc.webp\" alt=\"\" width=\"800\" height=\"586\" srcset=\"https:\/\/www.sportshine.eu\/wp-content\/uploads\/2025\/07\/Gaciron-KIWI-800-luc.webp 713w, https:\/\/www.sportshine.eu\/wp-content\/uploads\/2025\/07\/Gaciron-KIWI-800-luc-600x439.webp 600w\" sizes=\"(max-width: 800px) 100vw, 800px\" \/><\/p>\n<h3 style=\"text-align: center;\">KVALITETNA IZRADA I LAGANO KU\u0106I\u0160TE<\/h3>\n<p style=\"text-align: center;\">Biciklisti\u010dko svjetlo KIWI-800 dizajnirano je da bude malo i lagano, \u0161to ga \u010dini jednostavnim za no\u0161enje i ne dodaje zna\u010dajnu te\u017einu ili veli\u010dinu va\u0161em biciklu.<\/p>\n<p><img decoding=\"async\" class=\"aligncenter wp-image-7604 size-full\" src=\"https:\/\/www.sportshine.eu\/wp-content\/uploads\/2025\/07\/Gaciron-Kiwi-800-kolesarska-luc-2.webp\" alt=\"\" width=\"790\" height=\"893\" srcset=\"https:\/\/www.sportshine.eu\/wp-content\/uploads\/2025\/07\/Gaciron-Kiwi-800-kolesarska-luc-2.webp 790w, https:\/\/www.sportshine.eu\/wp-content\/uploads\/2025\/07\/Gaciron-Kiwi-800-kolesarska-luc-2-768x868.webp 768w, https:\/\/www.sportshine.eu\/wp-content\/uploads\/2025\/07\/Gaciron-Kiwi-800-kolesarska-luc-2-600x678.webp 600w\" sizes=\"(max-width: 790px) 100vw, 790px\" \/><\/p>\n<h3 style=\"text-align: center;\">100 LUMENA SVJETLOSTI S UGRA\u0110ENIM SENZOROM KO\u010cNICE I MAGNETSKIM PRI\u010cVR\u0160\u0106IVA\u010cEM<\/h3>\n<p><img decoding=\"async\" class=\"aligncenter wp-image-7591 size-full\" src=\"https:\/\/www.sportshine.eu\/wp-content\/uploads\/2025\/07\/Gaciron-W15A-100-6.webp\" alt=\"\" width=\"800\" height=\"600\" srcset=\"https:\/\/www.sportshine.eu\/wp-content\/uploads\/2025\/07\/Gaciron-W15A-100-6.webp 800w, https:\/\/www.sportshine.eu\/wp-content\/uploads\/2025\/07\/Gaciron-W15A-100-6-768x576.webp 768w, https:\/\/www.sportshine.eu\/wp-content\/uploads\/2025\/07\/Gaciron-W15A-100-6-600x450.webp 600w\" sizes=\"(max-width: 800px) 100vw, 800px\" \/><\/p>\n<h3 style=\"text-align: center;\">SENZOR KO\u010cENJA RADI S NEVJEROJATNOM PRECIZNO\u0160\u0106U<\/h3>\n<p style=\"text-align: center;\">Kada svjetlo detektira ko\u010denje, upozoravaju\u0107e svjetlo sa svjetlinom od 100 lumena svijetli 3 sekunde. Na samom gumbu za uklju\u010divanje, dugim pritiskom od 3 sekunde uklju\u010duje se ili isklju\u010duje funkcija ko\u010denja.<\/p>\n<p><img decoding=\"async\" class=\"aligncenter wp-image-7585 size-full\" src=\"https:\/\/www.sportshine.eu\/wp-content\/uploads\/2025\/07\/Gaciron-W15A-100-1.webp\" alt=\"\" width=\"800\" height=\"600\" srcset=\"https:\/\/www.sportshine.eu\/wp-content\/uploads\/2025\/07\/Gaciron-W15A-100-1.webp 800w, https:\/\/www.sportshine.eu\/wp-content\/uploads\/2025\/07\/Gaciron-W15A-100-1-768x576.webp 768w, https:\/\/www.sportshine.eu\/wp-content\/uploads\/2025\/07\/Gaciron-W15A-100-1-600x450.webp 600w\" sizes=\"(max-width: 800px) 100vw, 800px\" \/><\/p>\n<h3 style=\"text-align: center;\">VIDEO PREZENTACIJA BICIKLISTI\u010cKOG SVJETLA GACIRON W15A-100<\/h3>\n<p><iframe loading=\"lazy\" title=\"GACIRON W15A-100\" width=\"500\" height=\"281\" src=\"https:\/\/www.youtube.com\/embed\/YEcB6oaU11Y?feature=oembed\" frameborder=\"0\" allow=\"accelerometer; autoplay; clipboard-write; encrypted-media; gyroscope; picture-in-picture; web-share\" referrerpolicy=\"strict-origin-when-cross-origin\" allowfullscreen><\/iframe><\/p>\n<h3 style=\"text-align: center;\">INOVATIVNO MAGNETSKO U\u010cVR\u0160\u0106IVANJE SVJETLA ZA BICIKL<\/h3>\n<p style=\"text-align: center;\">Magnetski nosa\u010d omogu\u0107uje vrlo brzo postavljanje i uklanjanje stra\u017enjeg svjetla. Magnetski nosa\u010d zaklju\u010dava svjetlo na nosa\u010d i osigurava sigurno i \u010dvrsto dr\u017eanje na mjestu.<\/p>\n<p><img decoding=\"async\" class=\"aligncenter wp-image-7588 size-full\" src=\"https:\/\/www.sportshine.eu\/wp-content\/uploads\/2025\/07\/Gaciron-W15A-100-3.webp\" alt=\"\" width=\"800\" height=\"600\" srcset=\"https:\/\/www.sportshine.eu\/wp-content\/uploads\/2025\/07\/Gaciron-W15A-100-3.webp 800w, https:\/\/www.sportshine.eu\/wp-content\/uploads\/2025\/07\/Gaciron-W15A-100-3-768x576.webp 768w, https:\/\/www.sportshine.eu\/wp-content\/uploads\/2025\/07\/Gaciron-W15A-100-3-600x450.webp 600w\" sizes=\"(max-width: 800px) 100vw, 800px\" \/><\/p>","protected":false},"excerpt":{"rendered":"<p>Paket uklju\u010duje dva kvalitetna svjetla, prednje Gaciron KIWI-800 i stra\u017enje Gaciron W15A. Prikladna su za svakodnevnu vo\u017enju biciklom. Oba svjetla izra\u0111ena su od izdr\u017eljivog aluminija i imaju IPX6 standard vodootpornosti. Preporu\u010dujemo ih svim biciklistima kojima je potrebna pouzdana rasvjeta.<\/p>","protected":false},"featured_media":5105,"comment_status":"open","ping_status":"closed","template":"","meta":[],"product_brand":[132],"product_cat":[93],"product_tag":[],"class_list":{"0":"post-6332","1":"product","2":"type-product","3":"status-publish","4":"has-post-thumbnail","6":"product_brand-gaciron","7":"product_cat-kolesarske-svetilke-paketi","9":"first","10":"instock","11":"sale","12":"taxable","13":"shipping-taxable","14":"purchasable","15":"product-type-simple"},"yoast_head":"<!-- This site is optimized with the Yoast SEO plugin v27.3 - https:\/\/yoast.com\/product\/yoast-seo-wordpress\/ -->\n<title>Paket kolesarskih lu\u010di KOLESAR<\/title>\n<meta name=\"description\" content=\"Paket kolesarskih lu\u010di KOLESAR - v paketu prejmete odli\u010dne lu\u010di za bolj\u0161o vidnost na cesti. Priporo\u010damo za kolesarje, ki potrebujete zanesljivo osvetlitev.\" \/>\n<meta name=\"robots\" content=\"index, follow, max-snippet:-1, max-image-preview:large, max-video-preview:-1\" \/>\n<link rel=\"canonical\" href=\"https:\/\/www.sportshine.eu\/hr\/ducan\/paket-biciklistickih-svjetala-za-bicikliste\/\" \/>\n<meta property=\"og:locale\" content=\"hr_HR\" \/>\n<meta property=\"og:type\" content=\"article\" \/>\n<meta property=\"og:title\" content=\"Paket kolesarskih lu\u010di KOLESAR\" \/>\n<meta property=\"og:description\" content=\"Paket kolesarskih lu\u010di KOLESAR - v paketu prejmete odli\u010dne lu\u010di za bolj\u0161o vidnost na cesti. Priporo\u010damo za kolesarje, ki potrebujete zanesljivo osvetlitev.\" \/>\n<meta property=\"og:url\" content=\"https:\/\/www.sportshine.eu\/hr\/ducan\/paket-biciklistickih-svjetala-za-bicikliste\/\" \/>\n<meta property=\"og:site_name\" content=\"Sportshine\" \/>\n<meta property=\"article:publisher\" content=\"https:\/\/www.facebook.com\/sportshine.eu\/\" \/>\n<meta property=\"article:modified_time\" content=\"2026-04-17T19:32:27+00:00\" \/>\n<meta property=\"og:image\" content=\"https:\/\/www.sportshine.eu\/wp-content\/uploads\/2025\/07\/Paket-kolesar.webp\" \/>\n\t<meta property=\"og:image:width\" content=\"800\" \/>\n\t<meta property=\"og:image:height\" content=\"800\" \/>\n\t<meta property=\"og:image:type\" content=\"image\/webp\" \/>\n<meta name=\"twitter:card\" content=\"summary_large_image\" \/>\n<meta name=\"twitter:label1\" content=\"Procijenjeno vrijeme \u010ditanja\" \/>\n\t<meta name=\"twitter:data1\" content=\"4 minute\" \/>\n<script type=\"application\/ld+json\" class=\"yoast-schema-graph\">{\"@context\":\"https:\\\/\\\/schema.org\",\"@graph\":[{\"@type\":\"WebPage\",\"@id\":\"https:\\\/\\\/www.sportshine.eu\\\/trgovina\\\/paket-kolesarskih-luci-kolesar\\\/\",\"url\":\"https:\\\/\\\/www.sportshine.eu\\\/trgovina\\\/paket-kolesarskih-luci-kolesar\\\/\",\"name\":\"Paket kolesarskih lu\u010di KOLESAR\",\"isPartOf\":{\"@id\":\"https:\\\/\\\/www.sportshine.eu\\\/#website\"},\"primaryImageOfPage\":{\"@id\":\"https:\\\/\\\/www.sportshine.eu\\\/trgovina\\\/paket-kolesarskih-luci-kolesar\\\/#primaryimage\"},\"image\":{\"@id\":\"https:\\\/\\\/www.sportshine.eu\\\/trgovina\\\/paket-kolesarskih-luci-kolesar\\\/#primaryimage\"},\"thumbnailUrl\":\"https:\\\/\\\/www.sportshine.eu\\\/wp-content\\\/uploads\\\/2025\\\/07\\\/Paket-kolesar.webp\",\"datePublished\":\"2026-04-09T21:09:27+00:00\",\"dateModified\":\"2026-04-17T19:32:27+00:00\",\"description\":\"Paket kolesarskih lu\u010di KOLESAR - v paketu prejmete odli\u010dne lu\u010di za bolj\u0161o vidnost na cesti. Priporo\u010damo za kolesarje, ki potrebujete zanesljivo osvetlitev.\",\"breadcrumb\":{\"@id\":\"https:\\\/\\\/www.sportshine.eu\\\/trgovina\\\/paket-kolesarskih-luci-kolesar\\\/#breadcrumb\"},\"inLanguage\":\"hr\",\"potentialAction\":[{\"@type\":\"ReadAction\",\"target\":[\"https:\\\/\\\/www.sportshine.eu\\\/trgovina\\\/paket-kolesarskih-luci-kolesar\\\/\"]}]},{\"@type\":\"ImageObject\",\"inLanguage\":\"hr\",\"@id\":\"https:\\\/\\\/www.sportshine.eu\\\/trgovina\\\/paket-kolesarskih-luci-kolesar\\\/#primaryimage\",\"url\":\"https:\\\/\\\/www.sportshine.eu\\\/wp-content\\\/uploads\\\/2025\\\/07\\\/Paket-kolesar.webp\",\"contentUrl\":\"https:\\\/\\\/www.sportshine.eu\\\/wp-content\\\/uploads\\\/2025\\\/07\\\/Paket-kolesar.webp\",\"width\":800,\"height\":800},{\"@type\":\"BreadcrumbList\",\"@id\":\"https:\\\/\\\/www.sportshine.eu\\\/trgovina\\\/paket-kolesarskih-luci-kolesar\\\/#breadcrumb\",\"itemListElement\":[{\"@type\":\"ListItem\",\"position\":1,\"name\":\"Home\",\"item\":\"https:\\\/\\\/www.sportshine.eu\\\/\"},{\"@type\":\"ListItem\",\"position\":2,\"name\":\"Trgovina\",\"item\":\"https:\\\/\\\/www.sportshine.eu\\\/trgovina\\\/\"},{\"@type\":\"ListItem\",\"position\":3,\"name\":\"Paket kolesarskih lu\u010di &#8211; KOLESAR\"}]},{\"@type\":\"WebSite\",\"@id\":\"https:\\\/\\\/www.sportshine.eu\\\/#website\",\"url\":\"https:\\\/\\\/www.sportshine.eu\\\/\",\"name\":\"Sportshine\",\"description\":\"Top spletna trgovina kolesarskih in naglavnih svetilk ter opreme\",\"publisher\":{\"@id\":\"https:\\\/\\\/www.sportshine.eu\\\/#organization\"},\"potentialAction\":[{\"@type\":\"SearchAction\",\"target\":{\"@type\":\"EntryPoint\",\"urlTemplate\":\"https:\\\/\\\/www.sportshine.eu\\\/?s={search_term_string}\"},\"query-input\":{\"@type\":\"PropertyValueSpecification\",\"valueRequired\":true,\"valueName\":\"search_term_string\"}}],\"inLanguage\":\"hr\"},{\"@type\":\"Organization\",\"@id\":\"https:\\\/\\\/www.sportshine.eu\\\/#organization\",\"name\":\"Sportshine\",\"url\":\"https:\\\/\\\/www.sportshine.eu\\\/\",\"logo\":{\"@type\":\"ImageObject\",\"inLanguage\":\"hr\",\"@id\":\"https:\\\/\\\/www.sportshine.eu\\\/#\\\/schema\\\/logo\\\/image\\\/\",\"url\":\"https:\\\/\\\/www.sportshine.eu\\\/wp-content\\\/uploads\\\/2026\\\/01\\\/cropped-Sportshine.webp\",\"contentUrl\":\"https:\\\/\\\/www.sportshine.eu\\\/wp-content\\\/uploads\\\/2026\\\/01\\\/cropped-Sportshine.webp\",\"width\":295,\"height\":128,\"caption\":\"Sportshine\"},\"image\":{\"@id\":\"https:\\\/\\\/www.sportshine.eu\\\/#\\\/schema\\\/logo\\\/image\\\/\"},\"sameAs\":[\"https:\\\/\\\/www.facebook.com\\\/sportshine.eu\\\/\"]}]}<\/script>\n<!-- \/ Yoast SEO plugin. -->","yoast_head_json":{"title":"Paket svjetala za bicikl BICYCLER","description":"KOLESAR paket svjetala za bicikl - paket uklju\u010duje izvrsna svjetla za bolju vidljivost na cesti. Preporu\u010duje se biciklistima kojima je potrebna pouzdana rasvjeta.","robots":{"index":"index","follow":"follow","max-snippet":"max-snippet:-1","max-image-preview":"max-image-preview:large","max-video-preview":"max-video-preview:-1"},"canonical":"https:\/\/www.sportshine.eu\/hr\/ducan\/paket-biciklistickih-svjetala-za-bicikliste\/","og_locale":"hr_HR","og_type":"article","og_title":"Paket kolesarskih lu\u010di KOLESAR","og_description":"Paket kolesarskih lu\u010di KOLESAR - v paketu prejmete odli\u010dne lu\u010di za bolj\u0161o vidnost na cesti. Priporo\u010damo za kolesarje, ki potrebujete zanesljivo osvetlitev.","og_url":"https:\/\/www.sportshine.eu\/hr\/ducan\/paket-biciklistickih-svjetala-za-bicikliste\/","og_site_name":"Sportshine","article_publisher":"https:\/\/www.facebook.com\/sportshine.eu\/","article_modified_time":"2026-04-17T19:32:27+00:00","og_image":[{"width":800,"height":800,"url":"https:\/\/www.sportshine.eu\/wp-content\/uploads\/2025\/07\/Paket-kolesar.webp","type":"image\/webp"}],"twitter_card":"summary_large_image","twitter_misc":{"Procijenjeno vrijeme \u010ditanja":"4 minute"},"schema":{"@context":"https:\/\/schema.org","@graph":[{"@type":"WebPage","@id":"https:\/\/www.sportshine.eu\/trgovina\/paket-kolesarskih-luci-kolesar\/","url":"https:\/\/www.sportshine.eu\/trgovina\/paket-kolesarskih-luci-kolesar\/","name":"Paket svjetala za bicikl BICYCLER","isPartOf":{"@id":"https:\/\/www.sportshine.eu\/#website"},"primaryImageOfPage":{"@id":"https:\/\/www.sportshine.eu\/trgovina\/paket-kolesarskih-luci-kolesar\/#primaryimage"},"image":{"@id":"https:\/\/www.sportshine.eu\/trgovina\/paket-kolesarskih-luci-kolesar\/#primaryimage"},"thumbnailUrl":"https:\/\/www.sportshine.eu\/wp-content\/uploads\/2025\/07\/Paket-kolesar.webp","datePublished":"2026-04-09T21:09:27+00:00","dateModified":"2026-04-17T19:32:27+00:00","description":"KOLESAR paket svjetala za bicikl - paket uklju\u010duje izvrsna svjetla za bolju vidljivost na cesti. Preporu\u010duje se biciklistima kojima je potrebna pouzdana rasvjeta.","breadcrumb":{"@id":"https:\/\/www.sportshine.eu\/trgovina\/paket-kolesarskih-luci-kolesar\/#breadcrumb"},"inLanguage":"hr","potentialAction":[{"@type":"ReadAction","target":["https:\/\/www.sportshine.eu\/trgovina\/paket-kolesarskih-luci-kolesar\/"]}]},{"@type":"ImageObject","inLanguage":"hr","@id":"https:\/\/www.sportshine.eu\/trgovina\/paket-kolesarskih-luci-kolesar\/#primaryimage","url":"https:\/\/www.sportshine.eu\/wp-content\/uploads\/2025\/07\/Paket-kolesar.webp","contentUrl":"https:\/\/www.sportshine.eu\/wp-content\/uploads\/2025\/07\/Paket-kolesar.webp","width":800,"height":800},{"@type":"BreadcrumbList","@id":"https:\/\/www.sportshine.eu\/trgovina\/paket-kolesarskih-luci-kolesar\/#breadcrumb","itemListElement":[{"@type":"ListItem","position":1,"name":"Home","item":"https:\/\/www.sportshine.eu\/"},{"@type":"ListItem","position":2,"name":"Trgovina","item":"https:\/\/www.sportshine.eu\/trgovina\/"},{"@type":"ListItem","position":3,"name":"Paket kolesarskih lu\u010di &#8211; KOLESAR"}]},{"@type":"WebSite","@id":"https:\/\/www.sportshine.eu\/#website","url":"https:\/\/www.sportshine.eu\/","name":"Sportshine","description":"Vrhunska online trgovina za biciklisti\u010dke i \u010deone svjetiljke i opremu","publisher":{"@id":"https:\/\/www.sportshine.eu\/#organization"},"potentialAction":[{"@type":"SearchAction","target":{"@type":"EntryPoint","urlTemplate":"https:\/\/www.sportshine.eu\/?s={search_term_string}"},"query-input":{"@type":"PropertyValueSpecification","valueRequired":true,"valueName":"search_term_string"}}],"inLanguage":"hr"},{"@type":"Organization","@id":"https:\/\/www.sportshine.eu\/#organization","name":"Sportshine","url":"https:\/\/www.sportshine.eu\/","logo":{"@type":"ImageObject","inLanguage":"hr","@id":"https:\/\/www.sportshine.eu\/#\/schema\/logo\/image\/","url":"https:\/\/www.sportshine.eu\/wp-content\/uploads\/2026\/01\/cropped-Sportshine.webp","contentUrl":"https:\/\/www.sportshine.eu\/wp-content\/uploads\/2026\/01\/cropped-Sportshine.webp","width":295,"height":128,"caption":"Sportshine"},"image":{"@id":"https:\/\/www.sportshine.eu\/#\/schema\/logo\/image\/"},"sameAs":["https:\/\/www.facebook.com\/sportshine.eu\/"]}]}},"_links":{"self":[{"href":"https:\/\/www.sportshine.eu\/hr\/wp-json\/wp\/v2\/product\/6332","targetHints":{"allow":["GET"]}}],"collection":[{"href":"https:\/\/www.sportshine.eu\/hr\/wp-json\/wp\/v2\/product"}],"about":[{"href":"https:\/\/www.sportshine.eu\/hr\/wp-json\/wp\/v2\/types\/product"}],"replies":[{"embeddable":true,"href":"https:\/\/www.sportshine.eu\/hr\/wp-json\/wp\/v2\/comments?post=6332"}],"version-history":[{"count":2,"href":"https:\/\/www.sportshine.eu\/hr\/wp-json\/wp\/v2\/product\/6332\/revisions"}],"predecessor-version":[{"id":10382,"href":"https:\/\/www.sportshine.eu\/hr\/wp-json\/wp\/v2\/product\/6332\/revisions\/10382"}],"wp:featuredmedia":[{"embeddable":true,"href":"https:\/\/www.sportshine.eu\/hr\/wp-json\/wp\/v2\/media\/5105"}],"wp:attachment":[{"href":"https:\/\/www.sportshine.eu\/hr\/wp-json\/wp\/v2\/media?parent=6332"}],"wp:term":[{"taxonomy":"product_brand","embeddable":true,"href":"https:\/\/www.sportshine.eu\/hr\/wp-json\/wp\/v2\/product_brand?post=6332"},{"taxonomy":"product_cat","embeddable":true,"href":"https:\/\/www.sportshine.eu\/hr\/wp-json\/wp\/v2\/product_cat?post=6332"},{"taxonomy":"product_tag","embeddable":true,"href":"https:\/\/www.sportshine.eu\/hr\/wp-json\/wp\/v2\/product_tag?post=6332"}],"curies":[{"name":"radni list","href":"https:\/\/api.w.org\/{rel}","templated":true}]}}