{"id":6330,"date":"2026-01-29T21:09:24","date_gmt":"2026-01-29T21:09:24","guid":{"rendered":"https:\/\/www.sportshine.eu\/?post_type=product&#038;p=6330"},"modified":"2026-01-30T19:28:00","modified_gmt":"2026-01-30T19:28:00","slug":"gaciron-kiwi-800-led-svjetlo-za-bicikl","status":"publish","type":"product","link":"https:\/\/www.sportshine.eu\/hr\/ducan\/gaciron-kiwi-800-led-svjetlo-za-bicikl\/","title":{"rendered":"Gaciron KIWI-800 LED svjetlo za bicikl"},"content":{"rendered":"<h3 style=\"text-align: center;\">MO\u0106NIH 800 LUMENA I UGRA\u0110ENA LITIJEVO-IONSKA BATERIJA OD 2500 mAh<\/h3>\n<p style=\"text-align: center;\">Omogu\u0107uje 5 postavki svjetline i rad do 24 sata.<\/p>\n<p><img decoding=\"async\" class=\"aligncenter wp-image-7599 size-full\" src=\"https:\/\/www.sportshine.eu\/wp-content\/uploads\/2025\/07\/Gaciron-Kiwi-800-1.webp\" alt=\"Gaciron Kiwi 800\" width=\"800\" height=\"800\" srcset=\"https:\/\/www.sportshine.eu\/wp-content\/uploads\/2025\/07\/Gaciron-Kiwi-800-1.webp 800w, https:\/\/www.sportshine.eu\/wp-content\/uploads\/2025\/07\/Gaciron-Kiwi-800-1-768x768.webp 768w, https:\/\/www.sportshine.eu\/wp-content\/uploads\/2025\/07\/Gaciron-Kiwi-800-1-600x600.webp 600w\" sizes=\"(max-width: 800px) 100vw, 800px\" \/><\/p>\n<h3 style=\"text-align: center;\">BICIKLISTI\u010cKO SVJETLO S EFEKTOM PROTIV REFLEKCIJE<\/h3>\n<p style=\"text-align: center;\">Svjetla za bicikle s funkcijom &#039;Cut-off Line&#039; dizajnirana su za projiciranje svjetlosti na specifi\u010dan na\u010din. Umjesto difuznog ili nekontroliranog snopa, svjetlo je oblikovano tako da tvori o\u0161tru horizontalnu traku na cesti. To je posebno va\u017eno za prednja svjetla za bicikle, jer sprje\u010davaju zasljepljivanje vozila koja dolaze u suprotnom smjeru, pje\u0161aka i putnika biciklista.<\/p>\n<p><img decoding=\"async\" class=\"aligncenter wp-image-7600\" src=\"https:\/\/www.sportshine.eu\/wp-content\/uploads\/2025\/07\/Gaciron-KIWI-800-3.webp\" alt=\"\" width=\"800\" height=\"494\" srcset=\"https:\/\/www.sportshine.eu\/wp-content\/uploads\/2025\/07\/Gaciron-KIWI-800-3.webp 693w, https:\/\/www.sportshine.eu\/wp-content\/uploads\/2025\/07\/Gaciron-KIWI-800-3-600x371.webp 600w\" sizes=\"(max-width: 800px) 100vw, 800px\" \/><\/p>\n<p>&nbsp;<\/p>\n<h3 style=\"text-align: center;\">OMOGU\u0106AVA MONTA\u017dU SVJETLA NA OBJE STRANE VOLANA (ALAT ZA PODESAVANJE UKLJU\u010cEN)<\/h3>\n<p style=\"text-align: center;\">\u017delite li montirati svjetlo na upravlja\u010d ili ispod? Biciklisti\u010dko svjetlo KIWI 1200 nudi rje\u0161enje za oboje.<\/p>\n<p><img decoding=\"async\" class=\"aligncenter wp-image-7601\" src=\"https:\/\/www.sportshine.eu\/wp-content\/uploads\/2025\/07\/Gaciron-Kiwi-800-2.webp\" alt=\"\" width=\"800\" height=\"581\" srcset=\"https:\/\/www.sportshine.eu\/wp-content\/uploads\/2025\/07\/Gaciron-Kiwi-800-2.webp 705w, https:\/\/www.sportshine.eu\/wp-content\/uploads\/2025\/07\/Gaciron-Kiwi-800-2-600x436.webp 600w\" sizes=\"(max-width: 800px) 100vw, 800px\" \/><\/p>\n<p>&nbsp;<\/p>\n<h3 style=\"text-align: center;\">VODOOTPORAN PREMA IPX6 STANDARDU \u2013 ZA SVE VREMENSKE UVJETE<\/h3>\n<p><img decoding=\"async\" class=\"aligncenter wp-image-7602\" src=\"https:\/\/www.sportshine.eu\/wp-content\/uploads\/2025\/07\/Gaciron-Kiwi-800-4.webp\" alt=\"\" width=\"800\" height=\"809\" srcset=\"https:\/\/www.sportshine.eu\/wp-content\/uploads\/2025\/07\/Gaciron-Kiwi-800-4.webp 767w, https:\/\/www.sportshine.eu\/wp-content\/uploads\/2025\/07\/Gaciron-Kiwi-800-4-600x607.webp 600w\" sizes=\"(max-width: 800px) 100vw, 800px\" \/><\/p>\n<p>&nbsp;<\/p>\n<h3 style=\"text-align: center;\">VIDEO PREZENTACIJA BICIKLISTI\u010cKOG SVJETLA KIWI-800<\/h3>\n<p><iframe loading=\"lazy\" title=\"Gaciron KIWI 800\" width=\"500\" height=\"281\" src=\"https:\/\/www.youtube.com\/embed\/mCjOVn8peP0?feature=oembed\" frameborder=\"0\" allow=\"accelerometer; autoplay; clipboard-write; encrypted-media; gyroscope; picture-in-picture; web-share\" referrerpolicy=\"strict-origin-when-cross-origin\" allowfullscreen><\/iframe><\/p>\n<h3><\/h3>\n<h3 style=\"text-align: center;\">KOMPAKTNO KU\u0106I\u0160TE OD POTPUNO ALUMINIJUMA<\/h3>\n<p><img decoding=\"async\" class=\"aligncenter wp-image-7603\" src=\"https:\/\/www.sportshine.eu\/wp-content\/uploads\/2025\/07\/Gaciron-KIWI-800-luc.webp\" alt=\"\" width=\"800\" height=\"586\" srcset=\"https:\/\/www.sportshine.eu\/wp-content\/uploads\/2025\/07\/Gaciron-KIWI-800-luc.webp 713w, https:\/\/www.sportshine.eu\/wp-content\/uploads\/2025\/07\/Gaciron-KIWI-800-luc-600x439.webp 600w\" sizes=\"(max-width: 800px) 100vw, 800px\" \/><\/p>\n<p>&nbsp;<\/p>\n<h3 style=\"text-align: center;\">KVALITETNA IZRADA I LAGANO KU\u0106I\u0160TE<\/h3>\n<p style=\"text-align: center;\">Biciklisti\u010dko svjetlo KIWI-800 dizajnirano je da bude malo i lagano, \u0161to ga \u010dini jednostavnim za no\u0161enje i ne dodaje zna\u010dajnu te\u017einu ili veli\u010dinu va\u0161em biciklu.<\/p>\n<p><img decoding=\"async\" class=\"aligncenter wp-image-7604\" src=\"https:\/\/www.sportshine.eu\/wp-content\/uploads\/2025\/07\/Gaciron-Kiwi-800-kolesarska-luc-2.webp\" alt=\"\" width=\"800\" height=\"904\" srcset=\"https:\/\/www.sportshine.eu\/wp-content\/uploads\/2025\/07\/Gaciron-Kiwi-800-kolesarska-luc-2.webp 790w, https:\/\/www.sportshine.eu\/wp-content\/uploads\/2025\/07\/Gaciron-Kiwi-800-kolesarska-luc-2-768x868.webp 768w, https:\/\/www.sportshine.eu\/wp-content\/uploads\/2025\/07\/Gaciron-Kiwi-800-kolesarska-luc-2-600x678.webp 600w\" sizes=\"(max-width: 800px) 100vw, 800px\" \/><\/p>\n<p>&nbsp;<\/p>","protected":false},"excerpt":{"rendered":"<p>Gaciron KIWI-800 LED svjetlo za bicikl s &#039;Cut-off Line&#039; tehnologijom donosi napredno rje\u0161enje za osvjetljenje biciklista. Ova tehnologija oblikuje svjetlosni snop u obliku o\u0161tre horizontalne trake, \u0161to omogu\u0107uje jasno osvjetljenje ceste bez zasljepljivanja drugih sudionika u prometu. Klju\u010dan je i na\u010din ugradnje, koji mora omogu\u0107iti ispravan smjer svjetlosnog snopa. Model KIWI-800 kombinira ovu tehnologiju s fleksibilnom ugradnjom iznad ili ispod upravlja\u010da, \u0161to donosi sigurno i u\u010dinkovito rje\u0161enje za no\u0107nu vo\u017enju biciklom.<\/p>","protected":false},"featured_media":5098,"comment_status":"open","ping_status":"closed","template":"","meta":[],"product_brand":[132],"product_cat":[82,150],"product_tag":[],"class_list":{"0":"post-6330","1":"product","2":"type-product","3":"status-publish","4":"has-post-thumbnail","6":"product_brand-gaciron","7":"product_cat-kolesarske-luci","8":"product_cat-sprednje-kolesarske-luci","10":"first","11":"instock","12":"taxable","13":"shipping-taxable","14":"purchasable","15":"product-type-simple"},"yoast_head":"<!-- This site is optimized with the Yoast SEO plugin v27.3 - https:\/\/yoast.com\/product\/yoast-seo-wordpress\/ -->\n<title>Kolesarska lu\u010d LED Gaciron KIWI-800<\/title>\n<meta name=\"description\" content=\"Kolesarska lu\u010d LED Gaciron KIWI-800. Za svojo mo\u010d uporablja 2500 mAh litij-ionsko baterijo - Vodoodporna po standardu IPX6\" \/>\n<meta name=\"robots\" content=\"index, follow, max-snippet:-1, max-image-preview:large, max-video-preview:-1\" \/>\n<link rel=\"canonical\" href=\"https:\/\/www.sportshine.eu\/hr\/originalstran\/ducan\/gaciron-kiwi-1200-kolesarska-luc\/\" \/>\n<meta property=\"og:locale\" content=\"hr_HR\" \/>\n<meta property=\"og:type\" content=\"article\" \/>\n<meta property=\"og:title\" content=\"Kolesarska lu\u010d LED Gaciron KIWI-800\" \/>\n<meta property=\"og:description\" content=\"Kolesarska lu\u010d LED Gaciron KIWI-800. Za svojo mo\u010d uporablja 2500 mAh litij-ionsko baterijo - Vodoodporna po standardu IPX6\" \/>\n<meta property=\"og:url\" content=\"https:\/\/www.sportshine.eu\/hr\/originalstran\/ducan\/gaciron-kiwi-1200-kolesarska-luc\/\" \/>\n<meta property=\"og:site_name\" content=\"Sportshine\" \/>\n<meta property=\"article:publisher\" content=\"https:\/\/www.facebook.com\/sportshine.eu\/\" \/>\n<meta property=\"article:modified_time\" content=\"2026-01-30T19:28:00+00:00\" \/>\n<meta property=\"og:image\" content=\"https:\/\/www.sportshine.eu\/wp-content\/uploads\/2025\/07\/Gaciron-KIWI-800.webp\" \/>\n\t<meta property=\"og:image:width\" content=\"800\" \/>\n\t<meta property=\"og:image:height\" content=\"800\" \/>\n\t<meta property=\"og:image:type\" content=\"image\/webp\" \/>\n<meta name=\"twitter:card\" content=\"summary_large_image\" \/>\n<meta name=\"twitter:label1\" content=\"Procijenjeno vrijeme \u010ditanja\" \/>\n\t<meta name=\"twitter:data1\" content=\"3 minute\" \/>\n<script type=\"application\/ld+json\" class=\"yoast-schema-graph\">{\"@context\":\"https:\\\/\\\/schema.org\",\"@graph\":[{\"@type\":\"WebPage\",\"@id\":\"https:\\\/\\\/www.sportshine.eu\\\/trgovina\\\/kolesarska-luc-led-gaciron-kiwi-800\\\/\",\"url\":\"https:\\\/\\\/www.sportshine.eu\\\/originalstran\\\/trgovina\\\/gaciron-kiwi-1200-kolesarska-luc\\\/\",\"name\":\"Kolesarska lu\u010d LED Gaciron KIWI-800\",\"isPartOf\":{\"@id\":\"https:\\\/\\\/www.sportshine.eu\\\/#website\"},\"primaryImageOfPage\":{\"@id\":\"https:\\\/\\\/www.sportshine.eu\\\/originalstran\\\/trgovina\\\/gaciron-kiwi-1200-kolesarska-luc\\\/#primaryimage\"},\"image\":{\"@id\":\"https:\\\/\\\/www.sportshine.eu\\\/originalstran\\\/trgovina\\\/gaciron-kiwi-1200-kolesarska-luc\\\/#primaryimage\"},\"thumbnailUrl\":\"https:\\\/\\\/www.sportshine.eu\\\/wp-content\\\/uploads\\\/2025\\\/07\\\/Gaciron-KIWI-800.webp\",\"datePublished\":\"2026-01-29T21:09:24+00:00\",\"dateModified\":\"2026-01-30T19:28:00+00:00\",\"description\":\"Kolesarska lu\u010d LED Gaciron KIWI-800. Za svojo mo\u010d uporablja 2500 mAh litij-ionsko baterijo - Vodoodporna po standardu IPX6\",\"breadcrumb\":{\"@id\":\"https:\\\/\\\/www.sportshine.eu\\\/originalstran\\\/trgovina\\\/gaciron-kiwi-1200-kolesarska-luc\\\/#breadcrumb\"},\"inLanguage\":\"hr\",\"potentialAction\":[{\"@type\":\"ReadAction\",\"target\":[\"https:\\\/\\\/www.sportshine.eu\\\/originalstran\\\/trgovina\\\/gaciron-kiwi-1200-kolesarska-luc\\\/\"]}]},{\"@type\":\"ImageObject\",\"inLanguage\":\"hr\",\"@id\":\"https:\\\/\\\/www.sportshine.eu\\\/originalstran\\\/trgovina\\\/gaciron-kiwi-1200-kolesarska-luc\\\/#primaryimage\",\"url\":\"https:\\\/\\\/www.sportshine.eu\\\/wp-content\\\/uploads\\\/2025\\\/07\\\/Gaciron-KIWI-800.webp\",\"contentUrl\":\"https:\\\/\\\/www.sportshine.eu\\\/wp-content\\\/uploads\\\/2025\\\/07\\\/Gaciron-KIWI-800.webp\",\"width\":800,\"height\":800},{\"@type\":\"BreadcrumbList\",\"@id\":\"https:\\\/\\\/www.sportshine.eu\\\/originalstran\\\/trgovina\\\/gaciron-kiwi-1200-kolesarska-luc\\\/#breadcrumb\",\"itemListElement\":[{\"@type\":\"ListItem\",\"position\":1,\"name\":\"Home\",\"item\":\"https:\\\/\\\/www.sportshine.eu\\\/\"},{\"@type\":\"ListItem\",\"position\":2,\"name\":\"Trgovina\",\"item\":\"https:\\\/\\\/www.sportshine.eu\\\/trgovina\\\/\"},{\"@type\":\"ListItem\",\"position\":3,\"name\":\"Kolesarska lu\u010d LED Gaciron KIWI-800\"}]},{\"@type\":\"WebSite\",\"@id\":\"https:\\\/\\\/www.sportshine.eu\\\/#website\",\"url\":\"https:\\\/\\\/www.sportshine.eu\\\/\",\"name\":\"Sportshine\",\"description\":\"Top spletna trgovina kolesarskih in naglavnih svetilk ter opreme\",\"publisher\":{\"@id\":\"https:\\\/\\\/www.sportshine.eu\\\/#organization\"},\"potentialAction\":[{\"@type\":\"SearchAction\",\"target\":{\"@type\":\"EntryPoint\",\"urlTemplate\":\"https:\\\/\\\/www.sportshine.eu\\\/?s={search_term_string}\"},\"query-input\":{\"@type\":\"PropertyValueSpecification\",\"valueRequired\":true,\"valueName\":\"search_term_string\"}}],\"inLanguage\":\"hr\"},{\"@type\":\"Organization\",\"@id\":\"https:\\\/\\\/www.sportshine.eu\\\/#organization\",\"name\":\"Sportshine\",\"url\":\"https:\\\/\\\/www.sportshine.eu\\\/\",\"logo\":{\"@type\":\"ImageObject\",\"inLanguage\":\"hr\",\"@id\":\"https:\\\/\\\/www.sportshine.eu\\\/#\\\/schema\\\/logo\\\/image\\\/\",\"url\":\"https:\\\/\\\/www.sportshine.eu\\\/wp-content\\\/uploads\\\/2026\\\/01\\\/cropped-Sportshine.webp\",\"contentUrl\":\"https:\\\/\\\/www.sportshine.eu\\\/wp-content\\\/uploads\\\/2026\\\/01\\\/cropped-Sportshine.webp\",\"width\":295,\"height\":128,\"caption\":\"Sportshine\"},\"image\":{\"@id\":\"https:\\\/\\\/www.sportshine.eu\\\/#\\\/schema\\\/logo\\\/image\\\/\"},\"sameAs\":[\"https:\\\/\\\/www.facebook.com\\\/sportshine.eu\\\/\"]}]}<\/script>\n<!-- \/ Yoast SEO plugin. -->","yoast_head_json":{"title":"Gaciron KIWI-800 LED svjetlo za bicikl","description":"Gaciron KIWI-800 LED svjetlo za bicikl. Napaja se litij-ionskom baterijom od 2500 mAh - Vodootporno prema standardu IPX6","robots":{"index":"index","follow":"follow","max-snippet":"max-snippet:-1","max-image-preview":"max-image-preview:large","max-video-preview":"max-video-preview:-1"},"canonical":"https:\/\/www.sportshine.eu\/hr\/originalstran\/ducan\/gaciron-kiwi-1200-kolesarska-luc\/","og_locale":"hr_HR","og_type":"article","og_title":"Kolesarska lu\u010d LED Gaciron KIWI-800","og_description":"Kolesarska lu\u010d LED Gaciron KIWI-800. Za svojo mo\u010d uporablja 2500 mAh litij-ionsko baterijo - Vodoodporna po standardu IPX6","og_url":"https:\/\/www.sportshine.eu\/hr\/originalstran\/ducan\/gaciron-kiwi-1200-kolesarska-luc\/","og_site_name":"Sportshine","article_publisher":"https:\/\/www.facebook.com\/sportshine.eu\/","article_modified_time":"2026-01-30T19:28:00+00:00","og_image":[{"width":800,"height":800,"url":"https:\/\/www.sportshine.eu\/wp-content\/uploads\/2025\/07\/Gaciron-KIWI-800.webp","type":"image\/webp"}],"twitter_card":"summary_large_image","twitter_misc":{"Procijenjeno vrijeme \u010ditanja":"3 minute"},"schema":{"@context":"https:\/\/schema.org","@graph":[{"@type":"WebPage","@id":"https:\/\/www.sportshine.eu\/trgovina\/kolesarska-luc-led-gaciron-kiwi-800\/","url":"https:\/\/www.sportshine.eu\/originalstran\/trgovina\/gaciron-kiwi-1200-kolesarska-luc\/","name":"Gaciron KIWI-800 LED svjetlo za bicikl","isPartOf":{"@id":"https:\/\/www.sportshine.eu\/#website"},"primaryImageOfPage":{"@id":"https:\/\/www.sportshine.eu\/originalstran\/trgovina\/gaciron-kiwi-1200-kolesarska-luc\/#primaryimage"},"image":{"@id":"https:\/\/www.sportshine.eu\/originalstran\/trgovina\/gaciron-kiwi-1200-kolesarska-luc\/#primaryimage"},"thumbnailUrl":"https:\/\/www.sportshine.eu\/wp-content\/uploads\/2025\/07\/Gaciron-KIWI-800.webp","datePublished":"2026-01-29T21:09:24+00:00","dateModified":"2026-01-30T19:28:00+00:00","description":"Gaciron KIWI-800 LED svjetlo za bicikl. Napaja se litij-ionskom baterijom od 2500 mAh - Vodootporno prema standardu IPX6","breadcrumb":{"@id":"https:\/\/www.sportshine.eu\/originalstran\/trgovina\/gaciron-kiwi-1200-kolesarska-luc\/#breadcrumb"},"inLanguage":"hr","potentialAction":[{"@type":"ReadAction","target":["https:\/\/www.sportshine.eu\/originalstran\/trgovina\/gaciron-kiwi-1200-kolesarska-luc\/"]}]},{"@type":"ImageObject","inLanguage":"hr","@id":"https:\/\/www.sportshine.eu\/originalstran\/trgovina\/gaciron-kiwi-1200-kolesarska-luc\/#primaryimage","url":"https:\/\/www.sportshine.eu\/wp-content\/uploads\/2025\/07\/Gaciron-KIWI-800.webp","contentUrl":"https:\/\/www.sportshine.eu\/wp-content\/uploads\/2025\/07\/Gaciron-KIWI-800.webp","width":800,"height":800},{"@type":"BreadcrumbList","@id":"https:\/\/www.sportshine.eu\/originalstran\/trgovina\/gaciron-kiwi-1200-kolesarska-luc\/#breadcrumb","itemListElement":[{"@type":"ListItem","position":1,"name":"Home","item":"https:\/\/www.sportshine.eu\/"},{"@type":"ListItem","position":2,"name":"Trgovina","item":"https:\/\/www.sportshine.eu\/trgovina\/"},{"@type":"ListItem","position":3,"name":"Kolesarska lu\u010d LED Gaciron KIWI-800"}]},{"@type":"WebSite","@id":"https:\/\/www.sportshine.eu\/#website","url":"https:\/\/www.sportshine.eu\/","name":"Sportshine","description":"Vrhunska online trgovina za biciklisti\u010dke i \u010deone svjetiljke i opremu","publisher":{"@id":"https:\/\/www.sportshine.eu\/#organization"},"potentialAction":[{"@type":"SearchAction","target":{"@type":"EntryPoint","urlTemplate":"https:\/\/www.sportshine.eu\/?s={search_term_string}"},"query-input":{"@type":"PropertyValueSpecification","valueRequired":true,"valueName":"search_term_string"}}],"inLanguage":"hr"},{"@type":"Organization","@id":"https:\/\/www.sportshine.eu\/#organization","name":"Sportshine","url":"https:\/\/www.sportshine.eu\/","logo":{"@type":"ImageObject","inLanguage":"hr","@id":"https:\/\/www.sportshine.eu\/#\/schema\/logo\/image\/","url":"https:\/\/www.sportshine.eu\/wp-content\/uploads\/2026\/01\/cropped-Sportshine.webp","contentUrl":"https:\/\/www.sportshine.eu\/wp-content\/uploads\/2026\/01\/cropped-Sportshine.webp","width":295,"height":128,"caption":"Sportshine"},"image":{"@id":"https:\/\/www.sportshine.eu\/#\/schema\/logo\/image\/"},"sameAs":["https:\/\/www.facebook.com\/sportshine.eu\/"]}]}},"_links":{"self":[{"href":"https:\/\/www.sportshine.eu\/hr\/wp-json\/wp\/v2\/product\/6330","targetHints":{"allow":["GET"]}}],"collection":[{"href":"https:\/\/www.sportshine.eu\/hr\/wp-json\/wp\/v2\/product"}],"about":[{"href":"https:\/\/www.sportshine.eu\/hr\/wp-json\/wp\/v2\/types\/product"}],"replies":[{"embeddable":true,"href":"https:\/\/www.sportshine.eu\/hr\/wp-json\/wp\/v2\/comments?post=6330"}],"version-history":[{"count":0,"href":"https:\/\/www.sportshine.eu\/hr\/wp-json\/wp\/v2\/product\/6330\/revisions"}],"wp:featuredmedia":[{"embeddable":true,"href":"https:\/\/www.sportshine.eu\/hr\/wp-json\/wp\/v2\/media\/5098"}],"wp:attachment":[{"href":"https:\/\/www.sportshine.eu\/hr\/wp-json\/wp\/v2\/media?parent=6330"}],"wp:term":[{"taxonomy":"product_brand","embeddable":true,"href":"https:\/\/www.sportshine.eu\/hr\/wp-json\/wp\/v2\/product_brand?post=6330"},{"taxonomy":"product_cat","embeddable":true,"href":"https:\/\/www.sportshine.eu\/hr\/wp-json\/wp\/v2\/product_cat?post=6330"},{"taxonomy":"product_tag","embeddable":true,"href":"https:\/\/www.sportshine.eu\/hr\/wp-json\/wp\/v2\/product_tag?post=6330"}],"curies":[{"name":"radni list","href":"https:\/\/api.w.org\/{rel}","templated":true}]}}