{"id":6326,"date":"2026-01-28T21:09:19","date_gmt":"2026-01-28T21:09:19","guid":{"rendered":"https:\/\/www.sportshine.eu\/?post_type=product&#038;p=6326"},"modified":"2026-01-30T19:31:15","modified_gmt":"2026-01-30T19:31:15","slug":"straznje-led-svjetlo-za-bicikl-gaciron-w16c","status":"publish","type":"product","link":"https:\/\/www.sportshine.eu\/hr\/ducan\/straznje-led-svjetlo-za-bicikl-gaciron-w16c\/","title":{"rendered":"Gaciron W16C LED stra\u017enje svjetlo za bicikl"},"content":{"rendered":"<h3 style=\"text-align: center;\">GACIRON W16C STRA\u017dNJE BICIKLISTI\u010cKO SVJETLO S MAGNETSKIM DR\u017dA\u010cEM I SVJETLINOM DO 30 LUMENA.<\/h3>\n<p><img decoding=\"async\" class=\"aligncenter wp-image-7642\" src=\"https:\/\/www.sportshine.eu\/wp-content\/uploads\/2025\/07\/Gaciron-W16C.webp\" alt=\"\" width=\"800\" height=\"996\" srcset=\"https:\/\/www.sportshine.eu\/wp-content\/uploads\/2025\/07\/Gaciron-W16C.webp 750w, https:\/\/www.sportshine.eu\/wp-content\/uploads\/2025\/07\/Gaciron-W16C-600x747.webp 600w\" sizes=\"(max-width: 800px) 100vw, 800px\" \/><\/p>\n<h3 style=\"text-align: center;\">PROZIRNO SVJETLOSNO KU\u0106I\u0160TE OMOGU\u0106AVA VIDLJIVOST NA 1000 METARA<\/h3>\n<p><img decoding=\"async\" class=\"aligncenter wp-image-7643\" src=\"https:\/\/www.sportshine.eu\/wp-content\/uploads\/2025\/07\/Gaciron-W16C-1.webp\" alt=\"\" width=\"800\" height=\"1176\" \/><\/p>\n<h3 style=\"text-align: center;\">5 RAZINA RADA I PUNJENJA PREKO USB-C ULAZ<\/h3>\n<p><img decoding=\"async\" class=\"aligncenter wp-image-7645\" src=\"https:\/\/www.sportshine.eu\/wp-content\/uploads\/2025\/07\/zadnja-luc-za-kolo-Gaciron.webp\" alt=\"\" width=\"800\" height=\"1207\" srcset=\"https:\/\/www.sportshine.eu\/wp-content\/uploads\/2025\/07\/zadnja-luc-za-kolo-Gaciron.webp 750w, https:\/\/www.sportshine.eu\/wp-content\/uploads\/2025\/07\/zadnja-luc-za-kolo-Gaciron-600x906.webp 600w\" sizes=\"(max-width: 800px) 100vw, 800px\" \/><\/p>\n<h3 style=\"text-align: center;\">VIDEO PREZENTACIJA SVJETLA ZA BICIKL<\/h3>\n<p><iframe loading=\"lazy\" title=\"Gaciron W16C\" width=\"500\" height=\"281\" src=\"https:\/\/www.youtube.com\/embed\/cflxZQ1148s?feature=oembed\" frameborder=\"0\" allow=\"accelerometer; autoplay; clipboard-write; encrypted-media; gyroscope; picture-in-picture; web-share\" referrerpolicy=\"strict-origin-when-cross-origin\" allowfullscreen><\/iframe><\/p>\n<h3 style=\"text-align: center;\">VODOOTPORAN PREMA IPX7 STANDARDU<\/h3>\n<p style=\"text-align: center;\">Osigurava pouzdane performanse \u010dak i u najzahtjevnijim vremenskim uvjetima. Vozite bez brige, jer je va\u0161e svjetlo dizajnirano da izdr\u017ei ki\u0161u, snijeg i blato.<\/p>\n<p><img decoding=\"async\" class=\"aligncenter wp-image-7646 size-full\" src=\"https:\/\/www.sportshine.eu\/wp-content\/uploads\/2025\/07\/Gaciron-W16C-2.webp\" alt=\"\" width=\"800\" height=\"800\" srcset=\"https:\/\/www.sportshine.eu\/wp-content\/uploads\/2025\/07\/Gaciron-W16C-2.webp 800w, https:\/\/www.sportshine.eu\/wp-content\/uploads\/2025\/07\/Gaciron-W16C-2-768x768.webp 768w, https:\/\/www.sportshine.eu\/wp-content\/uploads\/2025\/07\/Gaciron-W16C-2-600x600.webp 600w\" sizes=\"(max-width: 800px) 100vw, 800px\" \/><\/p>\n<h3 style=\"text-align: center;\">DOBIT \u0106ETE U PAKETU<\/h3>\n<p><img decoding=\"async\" class=\"aligncenter wp-image-7647 size-full\" src=\"https:\/\/www.sportshine.eu\/wp-content\/uploads\/2025\/07\/Gaciron-W16C-3.webp\" alt=\"\" width=\"800\" height=\"800\" srcset=\"https:\/\/www.sportshine.eu\/wp-content\/uploads\/2025\/07\/Gaciron-W16C-3.webp 800w, https:\/\/www.sportshine.eu\/wp-content\/uploads\/2025\/07\/Gaciron-W16C-3-768x768.webp 768w, https:\/\/www.sportshine.eu\/wp-content\/uploads\/2025\/07\/Gaciron-W16C-3-600x600.webp 600w\" sizes=\"(max-width: 800px) 100vw, 800px\" \/><\/p>\n<p>&nbsp;<\/p>","protected":false},"excerpt":{"rendered":"<p>Stra\u017enje biciklisti\u010dko svjetlo Gaciron W16C pru\u017ea do 30 lumena svjetline i vodootporno je prema IPX7 standardu. Zbog svojih performansi prikladno je i za vo\u017enju po sun\u010danom vremenu. Ima ugra\u0111enu litij-ionsku bateriju od 200 mAh, koja omogu\u0107uje do 35 sati rada na najni\u017eoj razini. Zahvaljuju\u0107i inovativnom magnetskom pri\u010dvr\u0161\u0107ivanju, lako se mo\u017ee \u010dvrsto pri\u010dvrstiti na prilo\u017eeni nosa\u010d. Biciklisti\u010dko svjetlo vidljivo je na udaljenosti od 1000 metara.<\/p>","protected":false},"featured_media":5174,"comment_status":"open","ping_status":"closed","template":"","meta":[],"product_brand":[132],"product_cat":[86],"product_tag":[],"class_list":{"0":"post-6326","1":"product","2":"type-product","3":"status-publish","4":"has-post-thumbnail","6":"product_brand-gaciron","7":"product_cat-zadnje-kolesarske-luci","9":"first","10":"instock","11":"taxable","12":"shipping-taxable","13":"purchasable","14":"product-type-simple"},"yoast_head":"<!-- This site is optimized with the Yoast SEO plugin v27.3 - https:\/\/yoast.com\/product\/yoast-seo-wordpress\/ -->\n<title>Kolesarska lu\u010d Gaciron W16C. - Visoka svetilnost<\/title>\n<meta name=\"description\" content=\"Zadnja kolesarska lu\u010d z mo\u010djo 30 lumnov. Omogo\u010da 5 stopenj delovanja in je vodoodporna po standardu IPX7. Vgrajeno ima 200 mAh litij-ionsko baterijo.\" \/>\n<meta name=\"robots\" content=\"index, follow, max-snippet:-1, max-image-preview:large, max-video-preview:-1\" \/>\n<link rel=\"canonical\" href=\"https:\/\/www.sportshine.eu\/hr\/ducan\/straznje-led-svjetlo-za-bicikl-gaciron-w16c\/\" \/>\n<meta property=\"og:locale\" content=\"hr_HR\" \/>\n<meta property=\"og:type\" content=\"article\" \/>\n<meta property=\"og:title\" content=\"Kolesarska lu\u010d Gaciron W16C. - Visoka svetilnost\" \/>\n<meta property=\"og:description\" content=\"Zadnja kolesarska lu\u010d z mo\u010djo 30 lumnov. Omogo\u010da 5 stopenj delovanja in je vodoodporna po standardu IPX7. Vgrajeno ima 200 mAh litij-ionsko baterijo.\" \/>\n<meta property=\"og:url\" content=\"https:\/\/www.sportshine.eu\/hr\/ducan\/straznje-led-svjetlo-za-bicikl-gaciron-w16c\/\" \/>\n<meta property=\"og:site_name\" content=\"Sportshine\" \/>\n<meta property=\"article:publisher\" content=\"https:\/\/www.facebook.com\/sportshine.eu\/\" \/>\n<meta property=\"article:modified_time\" content=\"2026-01-30T19:31:15+00:00\" \/>\n<meta property=\"og:image\" content=\"https:\/\/www.sportshine.eu\/wp-content\/uploads\/2025\/07\/zadnja-kolesarska-luc.webp\" \/>\n\t<meta property=\"og:image:width\" content=\"800\" \/>\n\t<meta property=\"og:image:height\" content=\"800\" \/>\n\t<meta property=\"og:image:type\" content=\"image\/webp\" \/>\n<meta name=\"twitter:card\" content=\"summary_large_image\" \/>\n<meta name=\"twitter:label1\" content=\"Procijenjeno vrijeme \u010ditanja\" \/>\n\t<meta name=\"twitter:data1\" content=\"2 minute\" \/>\n<script type=\"application\/ld+json\" class=\"yoast-schema-graph\">{\"@context\":\"https:\\\/\\\/schema.org\",\"@graph\":[{\"@type\":\"WebPage\",\"@id\":\"https:\\\/\\\/www.sportshine.eu\\\/trgovina\\\/zadnja-kolesarska-svetilka-led-gaciron-w16c\\\/\",\"url\":\"https:\\\/\\\/www.sportshine.eu\\\/trgovina\\\/zadnja-kolesarska-svetilka-led-gaciron-w16c\\\/\",\"name\":\"Kolesarska lu\u010d Gaciron W16C. - Visoka svetilnost\",\"isPartOf\":{\"@id\":\"https:\\\/\\\/www.sportshine.eu\\\/#website\"},\"primaryImageOfPage\":{\"@id\":\"https:\\\/\\\/www.sportshine.eu\\\/trgovina\\\/zadnja-kolesarska-svetilka-led-gaciron-w16c\\\/#primaryimage\"},\"image\":{\"@id\":\"https:\\\/\\\/www.sportshine.eu\\\/trgovina\\\/zadnja-kolesarska-svetilka-led-gaciron-w16c\\\/#primaryimage\"},\"thumbnailUrl\":\"https:\\\/\\\/www.sportshine.eu\\\/wp-content\\\/uploads\\\/2025\\\/07\\\/zadnja-kolesarska-luc.webp\",\"datePublished\":\"2026-01-28T21:09:19+00:00\",\"dateModified\":\"2026-01-30T19:31:15+00:00\",\"description\":\"Zadnja kolesarska lu\u010d z mo\u010djo 30 lumnov. Omogo\u010da 5 stopenj delovanja in je vodoodporna po standardu IPX7. Vgrajeno ima 200 mAh litij-ionsko baterijo.\",\"breadcrumb\":{\"@id\":\"https:\\\/\\\/www.sportshine.eu\\\/trgovina\\\/zadnja-kolesarska-svetilka-led-gaciron-w16c\\\/#breadcrumb\"},\"inLanguage\":\"hr\",\"potentialAction\":[{\"@type\":\"ReadAction\",\"target\":[\"https:\\\/\\\/www.sportshine.eu\\\/trgovina\\\/zadnja-kolesarska-svetilka-led-gaciron-w16c\\\/\"]}]},{\"@type\":\"ImageObject\",\"inLanguage\":\"hr\",\"@id\":\"https:\\\/\\\/www.sportshine.eu\\\/trgovina\\\/zadnja-kolesarska-svetilka-led-gaciron-w16c\\\/#primaryimage\",\"url\":\"https:\\\/\\\/www.sportshine.eu\\\/wp-content\\\/uploads\\\/2025\\\/07\\\/zadnja-kolesarska-luc.webp\",\"contentUrl\":\"https:\\\/\\\/www.sportshine.eu\\\/wp-content\\\/uploads\\\/2025\\\/07\\\/zadnja-kolesarska-luc.webp\",\"width\":800,\"height\":800},{\"@type\":\"BreadcrumbList\",\"@id\":\"https:\\\/\\\/www.sportshine.eu\\\/trgovina\\\/zadnja-kolesarska-svetilka-led-gaciron-w16c\\\/#breadcrumb\",\"itemListElement\":[{\"@type\":\"ListItem\",\"position\":1,\"name\":\"Home\",\"item\":\"https:\\\/\\\/www.sportshine.eu\\\/\"},{\"@type\":\"ListItem\",\"position\":2,\"name\":\"Trgovina\",\"item\":\"https:\\\/\\\/www.sportshine.eu\\\/trgovina\\\/\"},{\"@type\":\"ListItem\",\"position\":3,\"name\":\"Zadnja kolesarska svetilka LED Gaciron W16C\"}]},{\"@type\":\"WebSite\",\"@id\":\"https:\\\/\\\/www.sportshine.eu\\\/#website\",\"url\":\"https:\\\/\\\/www.sportshine.eu\\\/\",\"name\":\"Sportshine\",\"description\":\"Top spletna trgovina kolesarskih in naglavnih svetilk ter opreme\",\"publisher\":{\"@id\":\"https:\\\/\\\/www.sportshine.eu\\\/#organization\"},\"potentialAction\":[{\"@type\":\"SearchAction\",\"target\":{\"@type\":\"EntryPoint\",\"urlTemplate\":\"https:\\\/\\\/www.sportshine.eu\\\/?s={search_term_string}\"},\"query-input\":{\"@type\":\"PropertyValueSpecification\",\"valueRequired\":true,\"valueName\":\"search_term_string\"}}],\"inLanguage\":\"hr\"},{\"@type\":\"Organization\",\"@id\":\"https:\\\/\\\/www.sportshine.eu\\\/#organization\",\"name\":\"Sportshine\",\"url\":\"https:\\\/\\\/www.sportshine.eu\\\/\",\"logo\":{\"@type\":\"ImageObject\",\"inLanguage\":\"hr\",\"@id\":\"https:\\\/\\\/www.sportshine.eu\\\/#\\\/schema\\\/logo\\\/image\\\/\",\"url\":\"https:\\\/\\\/www.sportshine.eu\\\/wp-content\\\/uploads\\\/2026\\\/01\\\/cropped-Sportshine.webp\",\"contentUrl\":\"https:\\\/\\\/www.sportshine.eu\\\/wp-content\\\/uploads\\\/2026\\\/01\\\/cropped-Sportshine.webp\",\"width\":295,\"height\":128,\"caption\":\"Sportshine\"},\"image\":{\"@id\":\"https:\\\/\\\/www.sportshine.eu\\\/#\\\/schema\\\/logo\\\/image\\\/\"},\"sameAs\":[\"https:\\\/\\\/www.facebook.com\\\/sportshine.eu\\\/\"]}]}<\/script>\n<!-- \/ Yoast SEO plugin. -->","yoast_head_json":{"title":"Gaciron W16C svjetlo za bicikl. - Visoka svjetlina","description":"Stra\u017enje svjetlo za bicikl s 30 lumena. Ima 5 razina rada i vodootporno je prema standardu IPX7. Ima ugra\u0111enu litij-ionsku bateriju od 200 mAh.","robots":{"index":"index","follow":"follow","max-snippet":"max-snippet:-1","max-image-preview":"max-image-preview:large","max-video-preview":"max-video-preview:-1"},"canonical":"https:\/\/www.sportshine.eu\/hr\/ducan\/straznje-led-svjetlo-za-bicikl-gaciron-w16c\/","og_locale":"hr_HR","og_type":"article","og_title":"Kolesarska lu\u010d Gaciron W16C. - Visoka svetilnost","og_description":"Zadnja kolesarska lu\u010d z mo\u010djo 30 lumnov. Omogo\u010da 5 stopenj delovanja in je vodoodporna po standardu IPX7. Vgrajeno ima 200 mAh litij-ionsko baterijo.","og_url":"https:\/\/www.sportshine.eu\/hr\/ducan\/straznje-led-svjetlo-za-bicikl-gaciron-w16c\/","og_site_name":"Sportshine","article_publisher":"https:\/\/www.facebook.com\/sportshine.eu\/","article_modified_time":"2026-01-30T19:31:15+00:00","og_image":[{"width":800,"height":800,"url":"https:\/\/www.sportshine.eu\/wp-content\/uploads\/2025\/07\/zadnja-kolesarska-luc.webp","type":"image\/webp"}],"twitter_card":"summary_large_image","twitter_misc":{"Procijenjeno vrijeme \u010ditanja":"2 minute"},"schema":{"@context":"https:\/\/schema.org","@graph":[{"@type":"WebPage","@id":"https:\/\/www.sportshine.eu\/trgovina\/zadnja-kolesarska-svetilka-led-gaciron-w16c\/","url":"https:\/\/www.sportshine.eu\/trgovina\/zadnja-kolesarska-svetilka-led-gaciron-w16c\/","name":"Gaciron W16C svjetlo za bicikl. - Visoka svjetlina","isPartOf":{"@id":"https:\/\/www.sportshine.eu\/#website"},"primaryImageOfPage":{"@id":"https:\/\/www.sportshine.eu\/trgovina\/zadnja-kolesarska-svetilka-led-gaciron-w16c\/#primaryimage"},"image":{"@id":"https:\/\/www.sportshine.eu\/trgovina\/zadnja-kolesarska-svetilka-led-gaciron-w16c\/#primaryimage"},"thumbnailUrl":"https:\/\/www.sportshine.eu\/wp-content\/uploads\/2025\/07\/zadnja-kolesarska-luc.webp","datePublished":"2026-01-28T21:09:19+00:00","dateModified":"2026-01-30T19:31:15+00:00","description":"Stra\u017enje svjetlo za bicikl s 30 lumena. Ima 5 razina rada i vodootporno je prema standardu IPX7. Ima ugra\u0111enu litij-ionsku bateriju od 200 mAh.","breadcrumb":{"@id":"https:\/\/www.sportshine.eu\/trgovina\/zadnja-kolesarska-svetilka-led-gaciron-w16c\/#breadcrumb"},"inLanguage":"hr","potentialAction":[{"@type":"ReadAction","target":["https:\/\/www.sportshine.eu\/trgovina\/zadnja-kolesarska-svetilka-led-gaciron-w16c\/"]}]},{"@type":"ImageObject","inLanguage":"hr","@id":"https:\/\/www.sportshine.eu\/trgovina\/zadnja-kolesarska-svetilka-led-gaciron-w16c\/#primaryimage","url":"https:\/\/www.sportshine.eu\/wp-content\/uploads\/2025\/07\/zadnja-kolesarska-luc.webp","contentUrl":"https:\/\/www.sportshine.eu\/wp-content\/uploads\/2025\/07\/zadnja-kolesarska-luc.webp","width":800,"height":800},{"@type":"BreadcrumbList","@id":"https:\/\/www.sportshine.eu\/trgovina\/zadnja-kolesarska-svetilka-led-gaciron-w16c\/#breadcrumb","itemListElement":[{"@type":"ListItem","position":1,"name":"Home","item":"https:\/\/www.sportshine.eu\/"},{"@type":"ListItem","position":2,"name":"Trgovina","item":"https:\/\/www.sportshine.eu\/trgovina\/"},{"@type":"ListItem","position":3,"name":"Zadnja kolesarska svetilka LED Gaciron W16C"}]},{"@type":"WebSite","@id":"https:\/\/www.sportshine.eu\/#website","url":"https:\/\/www.sportshine.eu\/","name":"Sportshine","description":"Vrhunska online trgovina za biciklisti\u010dke i \u010deone svjetiljke i opremu","publisher":{"@id":"https:\/\/www.sportshine.eu\/#organization"},"potentialAction":[{"@type":"SearchAction","target":{"@type":"EntryPoint","urlTemplate":"https:\/\/www.sportshine.eu\/?s={search_term_string}"},"query-input":{"@type":"PropertyValueSpecification","valueRequired":true,"valueName":"search_term_string"}}],"inLanguage":"hr"},{"@type":"Organization","@id":"https:\/\/www.sportshine.eu\/#organization","name":"Sportshine","url":"https:\/\/www.sportshine.eu\/","logo":{"@type":"ImageObject","inLanguage":"hr","@id":"https:\/\/www.sportshine.eu\/#\/schema\/logo\/image\/","url":"https:\/\/www.sportshine.eu\/wp-content\/uploads\/2026\/01\/cropped-Sportshine.webp","contentUrl":"https:\/\/www.sportshine.eu\/wp-content\/uploads\/2026\/01\/cropped-Sportshine.webp","width":295,"height":128,"caption":"Sportshine"},"image":{"@id":"https:\/\/www.sportshine.eu\/#\/schema\/logo\/image\/"},"sameAs":["https:\/\/www.facebook.com\/sportshine.eu\/"]}]}},"_links":{"self":[{"href":"https:\/\/www.sportshine.eu\/hr\/wp-json\/wp\/v2\/product\/6326","targetHints":{"allow":["GET"]}}],"collection":[{"href":"https:\/\/www.sportshine.eu\/hr\/wp-json\/wp\/v2\/product"}],"about":[{"href":"https:\/\/www.sportshine.eu\/hr\/wp-json\/wp\/v2\/types\/product"}],"replies":[{"embeddable":true,"href":"https:\/\/www.sportshine.eu\/hr\/wp-json\/wp\/v2\/comments?post=6326"}],"version-history":[{"count":0,"href":"https:\/\/www.sportshine.eu\/hr\/wp-json\/wp\/v2\/product\/6326\/revisions"}],"wp:featuredmedia":[{"embeddable":true,"href":"https:\/\/www.sportshine.eu\/hr\/wp-json\/wp\/v2\/media\/5174"}],"wp:attachment":[{"href":"https:\/\/www.sportshine.eu\/hr\/wp-json\/wp\/v2\/media?parent=6326"}],"wp:term":[{"taxonomy":"product_brand","embeddable":true,"href":"https:\/\/www.sportshine.eu\/hr\/wp-json\/wp\/v2\/product_brand?post=6326"},{"taxonomy":"product_cat","embeddable":true,"href":"https:\/\/www.sportshine.eu\/hr\/wp-json\/wp\/v2\/product_cat?post=6326"},{"taxonomy":"product_tag","embeddable":true,"href":"https:\/\/www.sportshine.eu\/hr\/wp-json\/wp\/v2\/product_tag?post=6326"}],"curies":[{"name":"radni list","href":"https:\/\/api.w.org\/{rel}","templated":true}]}}