{"id":6322,"date":"2026-01-30T09:09:15","date_gmt":"2026-01-30T09:09:15","guid":{"rendered":"https:\/\/www.sportshine.eu\/?post_type=product&#038;p=6322"},"modified":"2026-01-30T19:23:19","modified_gmt":"2026-01-30T19:23:19","slug":"set-biciklistickih-svjetala-gaciron-road-plus","status":"publish","type":"product","link":"https:\/\/www.sportshine.eu\/hr\/ducan\/set-biciklistickih-svjetala-gaciron-road-plus\/","title":{"rendered":"Gaciron set svjetala za bicikl \u2013 ROAD PLUS"},"content":{"rendered":"<h3 style=\"text-align: center;\">BICIKLISTI\u010cKO SVJETLO S EFEKTOM PROTIV REFLEKCIJE<\/h3>\n<p style=\"text-align: center;\">Svjetla za bicikle s funkcijom &#039;Cut-off Line&#039; dizajnirana su za projiciranje svjetlosti na specifi\u010dan na\u010din. Umjesto difuznog ili nekontroliranog snopa, svjetlo je oblikovano tako da tvori o\u0161tru horizontalnu traku na cesti. To je posebno va\u017eno za prednja svjetla za bicikle, jer sprje\u010davaju zasljepljivanje vozila koja dolaze u suprotnom smjeru, pje\u0161aka i putnika biciklista.<\/p>\n<p><img decoding=\"async\" class=\"aligncenter wp-image-5138 size-full\" src=\"https:\/\/www.sportshine.eu\/wp-content\/uploads\/2025\/07\/Gaciron-KIWI-1200-luc.webp\" alt=\"\" width=\"800\" height=\"800\" srcset=\"https:\/\/www.sportshine.eu\/wp-content\/uploads\/2025\/07\/Gaciron-KIWI-1200-luc.webp 800w, https:\/\/www.sportshine.eu\/wp-content\/uploads\/2025\/07\/Gaciron-KIWI-1200-luc-768x768.webp 768w, https:\/\/www.sportshine.eu\/wp-content\/uploads\/2025\/07\/Gaciron-KIWI-1200-luc-600x600.webp 600w\" sizes=\"(max-width: 800px) 100vw, 800px\" \/><\/p>\n<h3 style=\"text-align: center;\">MO\u0106NIH 1200 LUMENA I UGRA\u0110ENA LITIJEVO-IONSKA BATERIJA OD 4400 mAh<\/h3>\n<p style=\"text-align: center;\">Omogu\u0107uje 5 postavki svjetline i rad do 24 sata.<\/p>\n<p><img decoding=\"async\" class=\"aligncenter wp-image-5137 size-full\" src=\"https:\/\/www.sportshine.eu\/wp-content\/uploads\/2025\/07\/Kolesarska-luc-Kiwi-1200-za-kolo.webp\" alt=\"\" width=\"800\" height=\"800\" srcset=\"https:\/\/www.sportshine.eu\/wp-content\/uploads\/2025\/07\/Kolesarska-luc-Kiwi-1200-za-kolo.webp 800w, https:\/\/www.sportshine.eu\/wp-content\/uploads\/2025\/07\/Kolesarska-luc-Kiwi-1200-za-kolo-768x768.webp 768w, https:\/\/www.sportshine.eu\/wp-content\/uploads\/2025\/07\/Kolesarska-luc-Kiwi-1200-za-kolo-600x600.webp 600w\" sizes=\"(max-width: 800px) 100vw, 800px\" \/><\/p>\n<h3 style=\"text-align: center;\">OMOGU\u0106AVA MONTA\u017dU SVJETLA NA OBJE STRANE VOLANA (ALAT ZA PODESAVANJE UKLJU\u010cEN)<\/h3>\n<p style=\"text-align: center;\">\u017delite li montirati svjetlo na upravlja\u010d ili ispod? Biciklisti\u010dko svjetlo KIWI 1200 nudi rje\u0161enje za oboje.<\/p>\n<p><img decoding=\"async\" class=\"aligncenter wp-image-7601\" src=\"https:\/\/www.sportshine.eu\/wp-content\/uploads\/2025\/07\/Gaciron-Kiwi-800-2.webp\" alt=\"\" width=\"800\" height=\"581\" srcset=\"https:\/\/www.sportshine.eu\/wp-content\/uploads\/2025\/07\/Gaciron-Kiwi-800-2.webp 705w, https:\/\/www.sportshine.eu\/wp-content\/uploads\/2025\/07\/Gaciron-Kiwi-800-2-600x436.webp 600w\" sizes=\"(max-width: 800px) 100vw, 800px\" \/><\/p>\n<h3 style=\"text-align: center;\">VODOOTPORAN PREMA IPX6 STANDARDU \u2013 ZA SVE VREMENSKE UVJETE<\/h3>\n<h3 style=\"text-align: center;\"><img decoding=\"async\" class=\"aligncenter wp-image-5139 size-full\" src=\"https:\/\/www.sportshine.eu\/wp-content\/uploads\/2025\/07\/Kiwi-1200-kolesarska-luc.webp\" alt=\"\" width=\"800\" height=\"800\" srcset=\"https:\/\/www.sportshine.eu\/wp-content\/uploads\/2025\/07\/Kiwi-1200-kolesarska-luc.webp 800w, https:\/\/www.sportshine.eu\/wp-content\/uploads\/2025\/07\/Kiwi-1200-kolesarska-luc-768x768.webp 768w, https:\/\/www.sportshine.eu\/wp-content\/uploads\/2025\/07\/Kiwi-1200-kolesarska-luc-600x600.webp 600w\" sizes=\"(max-width: 800px) 100vw, 800px\" \/><\/h3>\n<h3 style=\"text-align: center;\">VIDEO PREZENTACIJA BICIKLISTI\u010cKOG SVJETLA KIWI-1200<\/h3>\n<p><iframe loading=\"lazy\" title=\"Gaciron KIWI-1200 svjetlo za bicikl\" width=\"500\" height=\"281\" src=\"https:\/\/www.youtube.com\/embed\/1pqa67TCT1k?feature=oembed\" frameborder=\"0\" allow=\"accelerometer; autoplay; clipboard-write; encrypted-media; gyroscope; picture-in-picture; web-share\" referrerpolicy=\"strict-origin-when-cross-origin\" allowfullscreen><\/iframe><\/p>\n<h3 style=\"text-align: center;\">FUNKCIJA PUNJA\u010cA BATERIJA ZA VA\u0160E URE\u0110AJE<\/h3>\n<p><img decoding=\"async\" class=\"aligncenter wp-image-7689 size-full\" src=\"https:\/\/www.sportshine.eu\/wp-content\/uploads\/2025\/07\/Gaciron-KIWI-1200-2.webp\" alt=\"\" width=\"800\" height=\"600\" srcset=\"https:\/\/www.sportshine.eu\/wp-content\/uploads\/2025\/07\/Gaciron-KIWI-1200-2.webp 800w, https:\/\/www.sportshine.eu\/wp-content\/uploads\/2025\/07\/Gaciron-KIWI-1200-2-768x576.webp 768w, https:\/\/www.sportshine.eu\/wp-content\/uploads\/2025\/07\/Gaciron-KIWI-1200-2-600x450.webp 600w\" sizes=\"(max-width: 800px) 100vw, 800px\" \/><\/p>\n<h3 style=\"text-align: center;\">KOMPAKTNO KU\u0106I\u0160TE OD POTPUNO ALUMINIJUMA<\/h3>\n<p><img decoding=\"async\" class=\"aligncenter wp-image-7690 size-full\" src=\"https:\/\/www.sportshine.eu\/wp-content\/uploads\/2025\/07\/Gaciron-KIWI-1200-3.webp\" alt=\"\" width=\"800\" height=\"600\" srcset=\"https:\/\/www.sportshine.eu\/wp-content\/uploads\/2025\/07\/Gaciron-KIWI-1200-3.webp 800w, https:\/\/www.sportshine.eu\/wp-content\/uploads\/2025\/07\/Gaciron-KIWI-1200-3-768x576.webp 768w, https:\/\/www.sportshine.eu\/wp-content\/uploads\/2025\/07\/Gaciron-KIWI-1200-3-600x450.webp 600w\" sizes=\"(max-width: 800px) 100vw, 800px\" \/><\/p>\n<h3 style=\"text-align: center;\">DOBIT \u0106ETE U PAKETU<\/h3>\n<p><img decoding=\"async\" class=\"aligncenter wp-image-7691\" src=\"https:\/\/www.sportshine.eu\/wp-content\/uploads\/2025\/07\/Gaciron-KIWI-1200-4.webp\" alt=\"\" width=\"800\" height=\"800\" srcset=\"https:\/\/www.sportshine.eu\/wp-content\/uploads\/2025\/07\/Gaciron-KIWI-1200-4-768x768.webp 768w, https:\/\/www.sportshine.eu\/wp-content\/uploads\/2025\/07\/Gaciron-KIWI-1200-4-600x600.webp 600w\" sizes=\"(max-width: 800px) 100vw, 800px\" \/><\/p>\n<h3 style=\"text-align: center;\">100 LUMENA SVJETLOSTI S UGRA\u0110ENIM SENZOROM KO\u010cNICE I MAGNETSKIM PRI\u010cVR\u0160\u0106IVA\u010cEM<\/h3>\n<p><img decoding=\"async\" class=\"aligncenter wp-image-7702 size-full\" src=\"https:\/\/www.sportshine.eu\/wp-content\/uploads\/2025\/07\/Gaciron-carbon.jpg\" alt=\"\" width=\"800\" height=\"800\" srcset=\"https:\/\/www.sportshine.eu\/wp-content\/uploads\/2025\/07\/Gaciron-carbon.jpg 800w, https:\/\/www.sportshine.eu\/wp-content\/uploads\/2025\/07\/Gaciron-carbon-768x768.jpg 768w, https:\/\/www.sportshine.eu\/wp-content\/uploads\/2025\/07\/Gaciron-carbon-600x600.jpg 600w\" sizes=\"(max-width: 800px) 100vw, 800px\" \/><\/p>\n<h3 style=\"text-align: center;\">SENZOR KO\u010cENJA RADI S NEVJEROJATNOM PRECIZNO\u0160\u0106U<\/h3>\n<p style=\"text-align: center;\">Kada svjetlo detektira ko\u010denje, upozoravaju\u0107e svjetlo sa svjetlinom od 100 lumena svijetli 3 sekunde. Na samom gumbu za uklju\u010divanje, dugim pritiskom od 3 sekunde uklju\u010duje se ili isklju\u010duje funkcija ko\u010denja.<\/p>\n<p><img decoding=\"async\" class=\"aligncenter wp-image-7585 size-full\" src=\"https:\/\/www.sportshine.eu\/wp-content\/uploads\/2025\/07\/Gaciron-W15A-100-1.webp\" alt=\"\" width=\"800\" height=\"600\" srcset=\"https:\/\/www.sportshine.eu\/wp-content\/uploads\/2025\/07\/Gaciron-W15A-100-1.webp 800w, https:\/\/www.sportshine.eu\/wp-content\/uploads\/2025\/07\/Gaciron-W15A-100-1-768x576.webp 768w, https:\/\/www.sportshine.eu\/wp-content\/uploads\/2025\/07\/Gaciron-W15A-100-1-600x450.webp 600w\" sizes=\"(max-width: 800px) 100vw, 800px\" \/><\/p>\n<h3 style=\"text-align: center;\">VIDEO PREZENTACIJA BICIKLISTI\u010cKOG SVJETLA GACIRON W15A-100<\/h3>\n<p><iframe loading=\"lazy\" title=\"GACIRON W15A-100\" width=\"500\" height=\"281\" src=\"https:\/\/www.youtube.com\/embed\/YEcB6oaU11Y?feature=oembed\" frameborder=\"0\" allow=\"accelerometer; autoplay; clipboard-write; encrypted-media; gyroscope; picture-in-picture; web-share\" referrerpolicy=\"strict-origin-when-cross-origin\" allowfullscreen><\/iframe><\/p>\n<h3 style=\"text-align: center;\">IZRA\u0110ENO OD UGLJI\u010cNIH VLAKANA<\/h3>\n<p style=\"text-align: center;\">Magnetski nosa\u010d omogu\u0107uje vrlo brzo postavljanje i uklanjanje stra\u017enjeg svjetla. Magnetski nosa\u010d pri\u010dvr\u0161\u0107uje svjetlo na nosa\u010d i osigurava sigurno i \u010dvrsto dr\u017eanje na mjestu. Svjetlo za bicikl izra\u0111eno je od karbonskih vlakana.<\/p>\n<p><img decoding=\"async\" class=\"aligncenter wp-image-5146 size-full\" src=\"https:\/\/www.sportshine.eu\/wp-content\/uploads\/2025\/07\/zadnja-luc-za-kolo-karbon.webp\" alt=\"\" width=\"800\" height=\"800\" srcset=\"https:\/\/www.sportshine.eu\/wp-content\/uploads\/2025\/07\/zadnja-luc-za-kolo-karbon.webp 800w, https:\/\/www.sportshine.eu\/wp-content\/uploads\/2025\/07\/zadnja-luc-za-kolo-karbon-768x768.webp 768w, https:\/\/www.sportshine.eu\/wp-content\/uploads\/2025\/07\/zadnja-luc-za-kolo-karbon-600x600.webp 600w\" sizes=\"(max-width: 800px) 100vw, 800px\" \/><\/p>\n<h3 style=\"text-align: center;\">PUNJENJE STRA\u017dNJEG BICIKLISTI\u010cKOG SVJETLA<\/h3>\n<p style=\"text-align: center;\">Trep\u0107u\u0107e crveno svjetlo ozna\u010dava da se lampa jo\u0161 uvijek puni, dok stalno plavo svjetlo ozna\u010dava da je svjetlo bicikla puno i spremno za upotrebu.<\/p>\n<p><img decoding=\"async\" class=\"aligncenter wp-image-7592 size-full\" src=\"https:\/\/www.sportshine.eu\/wp-content\/uploads\/2025\/07\/Gaciron-W15A-100-7.webp\" alt=\"Gaciron W15A-100\" width=\"800\" height=\"600\" srcset=\"https:\/\/www.sportshine.eu\/wp-content\/uploads\/2025\/07\/Gaciron-W15A-100-7.webp 800w, https:\/\/www.sportshine.eu\/wp-content\/uploads\/2025\/07\/Gaciron-W15A-100-7-768x576.webp 768w, https:\/\/www.sportshine.eu\/wp-content\/uploads\/2025\/07\/Gaciron-W15A-100-7-600x450.webp 600w\" sizes=\"(max-width: 800px) 100vw, 800px\" \/><\/p>\n<h3 style=\"text-align: center;\">SLIKE U\u017dIVO<\/h3>\n<p><img decoding=\"async\" class=\"aligncenter wp-image-7594\" src=\"https:\/\/www.sportshine.eu\/wp-content\/uploads\/2025\/07\/Gaciron-W15A-100-9.webp\" alt=\"\" width=\"800\" height=\"1418\" srcset=\"https:\/\/www.sportshine.eu\/wp-content\/uploads\/2025\/07\/Gaciron-W15A-100-9.webp 750w, https:\/\/www.sportshine.eu\/wp-content\/uploads\/2025\/07\/Gaciron-W15A-100-9-600x1063.webp 600w\" sizes=\"(max-width: 800px) 100vw, 800px\" \/><\/p>","protected":false},"excerpt":{"rendered":"<p>Vozite se sa stilom s na\u0161im ROAD PLUS paketom. Sastavili smo ga posebno za cestovne bicikliste kojima je potrebna pouzdana rasvjeta. Stra\u017enje svjetlo Gaciron W15A-100 od karbona sastoji se od <strong>karbonska vlakna<\/strong> i pru\u017ea do 100 lumena svjetline.<\/p>\n<p>Gaciron KIWI-1200 je iznimno prednje svjetlo za bicikl, izra\u0111eno u cijelosti od aluminija. Mo\u017eete ga koristiti kao prijenosnu bateriju i puniti njime telefon. Puni se putem USB-C priklju\u010dka. Paket uklju\u010duje adapter za monta\u017eu ispod Garmin brzinomjera i alat za njegovu instalaciju kako biste mogli pratiti indikator baterije.<\/p>\n<p>Tako\u0111er dijelimo svoje odu\u0161evljenje s poznatim biciklisti\u010dkim portalom Road.cc, koji je svjetlu dao izvrsnu ocjenu.<\/p>","protected":false},"featured_media":5105,"comment_status":"open","ping_status":"closed","template":"","meta":[],"product_brand":[132],"product_cat":[93],"product_tag":[],"class_list":{"0":"post-6322","1":"product","2":"type-product","3":"status-publish","4":"has-post-thumbnail","6":"product_brand-gaciron","7":"product_cat-kolesarske-svetilke-paketi","9":"first","10":"instock","11":"sale","12":"taxable","13":"shipping-taxable","14":"purchasable","15":"product-type-simple"},"yoast_head":"<!-- This site is optimized with the Yoast SEO plugin v27.3 - https:\/\/yoast.com\/product\/yoast-seo-wordpress\/ -->\n<title>Set kolesarskih lu\u010di ROAD PLUS<\/title>\n<meta name=\"description\" content=\"Set kolesarskih lu\u010di Gaciron - ROAD PLUS za bolj\u0161o varnost in vidnost na cesti. Izjemna svetlost, pametne funkcije, zadnja lu\u010d iz karbonskih vlaken.\" \/>\n<meta name=\"robots\" content=\"index, follow, max-snippet:-1, max-image-preview:large, max-video-preview:-1\" \/>\n<link rel=\"canonical\" href=\"https:\/\/www.sportshine.eu\/hr\/ducan\/set-biciklistickih-svjetala-gaciron-road-plus\/\" \/>\n<meta property=\"og:locale\" content=\"hr_HR\" \/>\n<meta property=\"og:type\" content=\"article\" \/>\n<meta property=\"og:title\" content=\"Set kolesarskih lu\u010di ROAD PLUS\" \/>\n<meta property=\"og:description\" content=\"Set kolesarskih lu\u010di Gaciron - ROAD PLUS za bolj\u0161o varnost in vidnost na cesti. Izjemna svetlost, pametne funkcije, zadnja lu\u010d iz karbonskih vlaken.\" \/>\n<meta property=\"og:url\" content=\"https:\/\/www.sportshine.eu\/hr\/ducan\/set-biciklistickih-svjetala-gaciron-road-plus\/\" \/>\n<meta property=\"og:site_name\" content=\"Sportshine\" \/>\n<meta property=\"article:publisher\" content=\"https:\/\/www.facebook.com\/sportshine.eu\/\" \/>\n<meta property=\"article:modified_time\" content=\"2026-01-30T19:23:19+00:00\" \/>\n<meta property=\"og:image\" content=\"https:\/\/www.sportshine.eu\/wp-content\/uploads\/2025\/07\/Paket-kolesar.webp\" \/>\n\t<meta property=\"og:image:width\" content=\"800\" \/>\n\t<meta property=\"og:image:height\" content=\"800\" \/>\n\t<meta property=\"og:image:type\" content=\"image\/webp\" \/>\n<meta name=\"twitter:card\" content=\"summary_large_image\" \/>\n<meta name=\"twitter:label1\" content=\"Procijenjeno vrijeme \u010ditanja\" \/>\n\t<meta name=\"twitter:data1\" content=\"5 minuta\" \/>\n<script type=\"application\/ld+json\" class=\"yoast-schema-graph\">{\"@context\":\"https:\\\/\\\/schema.org\",\"@graph\":[{\"@type\":\"WebPage\",\"@id\":\"https:\\\/\\\/www.sportshine.eu\\\/trgovina\\\/set-kolesarskih-luci-gaciron-road-plus\\\/\",\"url\":\"https:\\\/\\\/www.sportshine.eu\\\/trgovina\\\/set-kolesarskih-luci-gaciron-road-plus\\\/\",\"name\":\"Set kolesarskih lu\u010di ROAD PLUS\",\"isPartOf\":{\"@id\":\"https:\\\/\\\/www.sportshine.eu\\\/#website\"},\"primaryImageOfPage\":{\"@id\":\"https:\\\/\\\/www.sportshine.eu\\\/trgovina\\\/set-kolesarskih-luci-gaciron-road-plus\\\/#primaryimage\"},\"image\":{\"@id\":\"https:\\\/\\\/www.sportshine.eu\\\/trgovina\\\/set-kolesarskih-luci-gaciron-road-plus\\\/#primaryimage\"},\"thumbnailUrl\":\"https:\\\/\\\/www.sportshine.eu\\\/wp-content\\\/uploads\\\/2025\\\/07\\\/Paket-kolesar.webp\",\"datePublished\":\"2026-01-30T09:09:15+00:00\",\"dateModified\":\"2026-01-30T19:23:19+00:00\",\"description\":\"Set kolesarskih lu\u010di Gaciron - ROAD PLUS za bolj\u0161o varnost in vidnost na cesti. Izjemna svetlost, pametne funkcije, zadnja lu\u010d iz karbonskih vlaken.\",\"breadcrumb\":{\"@id\":\"https:\\\/\\\/www.sportshine.eu\\\/trgovina\\\/set-kolesarskih-luci-gaciron-road-plus\\\/#breadcrumb\"},\"inLanguage\":\"hr\",\"potentialAction\":[{\"@type\":\"ReadAction\",\"target\":[\"https:\\\/\\\/www.sportshine.eu\\\/trgovina\\\/set-kolesarskih-luci-gaciron-road-plus\\\/\"]}]},{\"@type\":\"ImageObject\",\"inLanguage\":\"hr\",\"@id\":\"https:\\\/\\\/www.sportshine.eu\\\/trgovina\\\/set-kolesarskih-luci-gaciron-road-plus\\\/#primaryimage\",\"url\":\"https:\\\/\\\/www.sportshine.eu\\\/wp-content\\\/uploads\\\/2025\\\/07\\\/Paket-kolesar.webp\",\"contentUrl\":\"https:\\\/\\\/www.sportshine.eu\\\/wp-content\\\/uploads\\\/2025\\\/07\\\/Paket-kolesar.webp\",\"width\":800,\"height\":800},{\"@type\":\"BreadcrumbList\",\"@id\":\"https:\\\/\\\/www.sportshine.eu\\\/trgovina\\\/set-kolesarskih-luci-gaciron-road-plus\\\/#breadcrumb\",\"itemListElement\":[{\"@type\":\"ListItem\",\"position\":1,\"name\":\"Home\",\"item\":\"https:\\\/\\\/www.sportshine.eu\\\/\"},{\"@type\":\"ListItem\",\"position\":2,\"name\":\"Trgovina\",\"item\":\"https:\\\/\\\/www.sportshine.eu\\\/trgovina\\\/\"},{\"@type\":\"ListItem\",\"position\":3,\"name\":\"Set kolesarskih lu\u010di Gaciron &#8211; ROAD PLUS\"}]},{\"@type\":\"WebSite\",\"@id\":\"https:\\\/\\\/www.sportshine.eu\\\/#website\",\"url\":\"https:\\\/\\\/www.sportshine.eu\\\/\",\"name\":\"Sportshine\",\"description\":\"Top spletna trgovina kolesarskih in naglavnih svetilk ter opreme\",\"publisher\":{\"@id\":\"https:\\\/\\\/www.sportshine.eu\\\/#organization\"},\"potentialAction\":[{\"@type\":\"SearchAction\",\"target\":{\"@type\":\"EntryPoint\",\"urlTemplate\":\"https:\\\/\\\/www.sportshine.eu\\\/?s={search_term_string}\"},\"query-input\":{\"@type\":\"PropertyValueSpecification\",\"valueRequired\":true,\"valueName\":\"search_term_string\"}}],\"inLanguage\":\"hr\"},{\"@type\":\"Organization\",\"@id\":\"https:\\\/\\\/www.sportshine.eu\\\/#organization\",\"name\":\"Sportshine\",\"url\":\"https:\\\/\\\/www.sportshine.eu\\\/\",\"logo\":{\"@type\":\"ImageObject\",\"inLanguage\":\"hr\",\"@id\":\"https:\\\/\\\/www.sportshine.eu\\\/#\\\/schema\\\/logo\\\/image\\\/\",\"url\":\"https:\\\/\\\/www.sportshine.eu\\\/wp-content\\\/uploads\\\/2026\\\/01\\\/cropped-Sportshine.webp\",\"contentUrl\":\"https:\\\/\\\/www.sportshine.eu\\\/wp-content\\\/uploads\\\/2026\\\/01\\\/cropped-Sportshine.webp\",\"width\":295,\"height\":128,\"caption\":\"Sportshine\"},\"image\":{\"@id\":\"https:\\\/\\\/www.sportshine.eu\\\/#\\\/schema\\\/logo\\\/image\\\/\"},\"sameAs\":[\"https:\\\/\\\/www.facebook.com\\\/sportshine.eu\\\/\"]}]}<\/script>\n<!-- \/ Yoast SEO plugin. -->","yoast_head_json":{"title":"ROAD PLUS set svjetala za bicikl","description":"Gaciron - ROAD PLUS set svjetala za bicikl za bolju sigurnost i vidljivost na cesti. Iznimna svjetlina, pametne zna\u010dajke, stra\u017enje svjetlo od karbonskih vlakana.","robots":{"index":"index","follow":"follow","max-snippet":"max-snippet:-1","max-image-preview":"max-image-preview:large","max-video-preview":"max-video-preview:-1"},"canonical":"https:\/\/www.sportshine.eu\/hr\/ducan\/set-biciklistickih-svjetala-gaciron-road-plus\/","og_locale":"hr_HR","og_type":"article","og_title":"Set kolesarskih lu\u010di ROAD PLUS","og_description":"Set kolesarskih lu\u010di Gaciron - ROAD PLUS za bolj\u0161o varnost in vidnost na cesti. Izjemna svetlost, pametne funkcije, zadnja lu\u010d iz karbonskih vlaken.","og_url":"https:\/\/www.sportshine.eu\/hr\/ducan\/set-biciklistickih-svjetala-gaciron-road-plus\/","og_site_name":"Sportshine","article_publisher":"https:\/\/www.facebook.com\/sportshine.eu\/","article_modified_time":"2026-01-30T19:23:19+00:00","og_image":[{"width":800,"height":800,"url":"https:\/\/www.sportshine.eu\/wp-content\/uploads\/2025\/07\/Paket-kolesar.webp","type":"image\/webp"}],"twitter_card":"summary_large_image","twitter_misc":{"Procijenjeno vrijeme \u010ditanja":"5 minuta"},"schema":{"@context":"https:\/\/schema.org","@graph":[{"@type":"WebPage","@id":"https:\/\/www.sportshine.eu\/trgovina\/set-kolesarskih-luci-gaciron-road-plus\/","url":"https:\/\/www.sportshine.eu\/trgovina\/set-kolesarskih-luci-gaciron-road-plus\/","name":"ROAD PLUS set svjetala za bicikl","isPartOf":{"@id":"https:\/\/www.sportshine.eu\/#website"},"primaryImageOfPage":{"@id":"https:\/\/www.sportshine.eu\/trgovina\/set-kolesarskih-luci-gaciron-road-plus\/#primaryimage"},"image":{"@id":"https:\/\/www.sportshine.eu\/trgovina\/set-kolesarskih-luci-gaciron-road-plus\/#primaryimage"},"thumbnailUrl":"https:\/\/www.sportshine.eu\/wp-content\/uploads\/2025\/07\/Paket-kolesar.webp","datePublished":"2026-01-30T09:09:15+00:00","dateModified":"2026-01-30T19:23:19+00:00","description":"Gaciron - ROAD PLUS set svjetala za bicikl za bolju sigurnost i vidljivost na cesti. Iznimna svjetlina, pametne zna\u010dajke, stra\u017enje svjetlo od karbonskih vlakana.","breadcrumb":{"@id":"https:\/\/www.sportshine.eu\/trgovina\/set-kolesarskih-luci-gaciron-road-plus\/#breadcrumb"},"inLanguage":"hr","potentialAction":[{"@type":"ReadAction","target":["https:\/\/www.sportshine.eu\/trgovina\/set-kolesarskih-luci-gaciron-road-plus\/"]}]},{"@type":"ImageObject","inLanguage":"hr","@id":"https:\/\/www.sportshine.eu\/trgovina\/set-kolesarskih-luci-gaciron-road-plus\/#primaryimage","url":"https:\/\/www.sportshine.eu\/wp-content\/uploads\/2025\/07\/Paket-kolesar.webp","contentUrl":"https:\/\/www.sportshine.eu\/wp-content\/uploads\/2025\/07\/Paket-kolesar.webp","width":800,"height":800},{"@type":"BreadcrumbList","@id":"https:\/\/www.sportshine.eu\/trgovina\/set-kolesarskih-luci-gaciron-road-plus\/#breadcrumb","itemListElement":[{"@type":"ListItem","position":1,"name":"Home","item":"https:\/\/www.sportshine.eu\/"},{"@type":"ListItem","position":2,"name":"Trgovina","item":"https:\/\/www.sportshine.eu\/trgovina\/"},{"@type":"ListItem","position":3,"name":"Set kolesarskih lu\u010di Gaciron &#8211; ROAD PLUS"}]},{"@type":"WebSite","@id":"https:\/\/www.sportshine.eu\/#website","url":"https:\/\/www.sportshine.eu\/","name":"Sportshine","description":"Vrhunska online trgovina za biciklisti\u010dke i \u010deone svjetiljke i opremu","publisher":{"@id":"https:\/\/www.sportshine.eu\/#organization"},"potentialAction":[{"@type":"SearchAction","target":{"@type":"EntryPoint","urlTemplate":"https:\/\/www.sportshine.eu\/?s={search_term_string}"},"query-input":{"@type":"PropertyValueSpecification","valueRequired":true,"valueName":"search_term_string"}}],"inLanguage":"hr"},{"@type":"Organization","@id":"https:\/\/www.sportshine.eu\/#organization","name":"Sportshine","url":"https:\/\/www.sportshine.eu\/","logo":{"@type":"ImageObject","inLanguage":"hr","@id":"https:\/\/www.sportshine.eu\/#\/schema\/logo\/image\/","url":"https:\/\/www.sportshine.eu\/wp-content\/uploads\/2026\/01\/cropped-Sportshine.webp","contentUrl":"https:\/\/www.sportshine.eu\/wp-content\/uploads\/2026\/01\/cropped-Sportshine.webp","width":295,"height":128,"caption":"Sportshine"},"image":{"@id":"https:\/\/www.sportshine.eu\/#\/schema\/logo\/image\/"},"sameAs":["https:\/\/www.facebook.com\/sportshine.eu\/"]}]}},"_links":{"self":[{"href":"https:\/\/www.sportshine.eu\/hr\/wp-json\/wp\/v2\/product\/6322","targetHints":{"allow":["GET"]}}],"collection":[{"href":"https:\/\/www.sportshine.eu\/hr\/wp-json\/wp\/v2\/product"}],"about":[{"href":"https:\/\/www.sportshine.eu\/hr\/wp-json\/wp\/v2\/types\/product"}],"replies":[{"embeddable":true,"href":"https:\/\/www.sportshine.eu\/hr\/wp-json\/wp\/v2\/comments?post=6322"}],"version-history":[{"count":0,"href":"https:\/\/www.sportshine.eu\/hr\/wp-json\/wp\/v2\/product\/6322\/revisions"}],"wp:featuredmedia":[{"embeddable":true,"href":"https:\/\/www.sportshine.eu\/hr\/wp-json\/wp\/v2\/media\/5105"}],"wp:attachment":[{"href":"https:\/\/www.sportshine.eu\/hr\/wp-json\/wp\/v2\/media?parent=6322"}],"wp:term":[{"taxonomy":"product_brand","embeddable":true,"href":"https:\/\/www.sportshine.eu\/hr\/wp-json\/wp\/v2\/product_brand?post=6322"},{"taxonomy":"product_cat","embeddable":true,"href":"https:\/\/www.sportshine.eu\/hr\/wp-json\/wp\/v2\/product_cat?post=6322"},{"taxonomy":"product_tag","embeddable":true,"href":"https:\/\/www.sportshine.eu\/hr\/wp-json\/wp\/v2\/product_tag?post=6322"}],"curies":[{"name":"radni list","href":"https:\/\/api.w.org\/{rel}","templated":true}]}}