{"id":6319,"date":"2026-01-28T21:09:12","date_gmt":"2026-01-28T21:09:12","guid":{"rendered":"https:\/\/www.sportshine.eu\/?post_type=product&#038;p=6319"},"modified":"2026-01-30T19:30:33","modified_gmt":"2026-01-30T19:30:33","slug":"svjetlo-za-bicikl-s-trubom-gaciron-v18","status":"publish","type":"product","link":"https:\/\/www.sportshine.eu\/hr\/ducan\/svjetlo-za-bicikl-s-trubom-gaciron-v18\/","title":{"rendered":"Svjetlo za bicikl s trubom Gaciron V18"},"content":{"rendered":"<h3 style=\"text-align: center;\">VELIKO GRADSKO BICIKLISTI\u010cKO SVJETLO S TRUBO<\/h3>\n<p style=\"text-align: center;\">Biciklisti\u010dko svjetlo od 200 lumena idealno je za kori\u0161tenje u gradskim sredi\u0161tima. Dovoljno je sna\u017eno da osvijetli stazu bez zasljepljivanja drugih ljudi.<\/p>\n<p>&nbsp;<\/p>\n<p><img decoding=\"async\" class=\"aligncenter wp-image-5144\" src=\"https:\/\/www.sportshine.eu\/wp-content\/uploads\/2025\/07\/218e9b8d60e5af1c06e1ebeb3134e7aa.jpg\" alt=\"\" width=\"800\" height=\"800\" srcset=\"https:\/\/www.sportshine.eu\/wp-content\/uploads\/2025\/07\/218e9b8d60e5af1c06e1ebeb3134e7aa-768x768.jpg 768w, https:\/\/www.sportshine.eu\/wp-content\/uploads\/2025\/07\/218e9b8d60e5af1c06e1ebeb3134e7aa-600x600.jpg 600w\" sizes=\"(max-width: 800px) 100vw, 800px\" \/><\/p>\n<h3 style=\"text-align: center;\">UGRA\u0110ENA SIRUPA ZA BICIKL OD 120 dB<\/h3>\n<p style=\"text-align: center;\">Unato\u010d maloj veli\u010dini, biciklisti\u010dko svjetlo Gaciron V18 dose\u017ee 120 dB. Zvuk se mo\u017ee podesiti s pet razli\u010ditih na\u010dina rada.<\/p>\n<p><img decoding=\"async\" class=\"aligncenter wp-image-5145 size-full\" src=\"https:\/\/www.sportshine.eu\/wp-content\/uploads\/2025\/07\/Gaciron-V18.webp\" alt=\"\" width=\"800\" height=\"800\" srcset=\"https:\/\/www.sportshine.eu\/wp-content\/uploads\/2025\/07\/Gaciron-V18.webp 800w, https:\/\/www.sportshine.eu\/wp-content\/uploads\/2025\/07\/Gaciron-V18-768x768.webp 768w, https:\/\/www.sportshine.eu\/wp-content\/uploads\/2025\/07\/Gaciron-V18-600x600.webp 600w\" sizes=\"(max-width: 800px) 100vw, 800px\" \/><\/p>\n<h3 style=\"text-align: center;\">4 NA\u010cINA RADA<\/h3>\n<p style=\"text-align: center;\">Dugi pritisak na prekida\u010d pali i gasi svjetlo, dok kratki pritisak prebacuje izme\u0111u 4 na\u010dina rada. Na najvi\u0161oj postavci, svjetiljka ostaje neprekidno upaljena 2 sata i 30 minuta.<\/p>\n<p><img decoding=\"async\" class=\"aligncenter wp-image-5142 size-full\" src=\"https:\/\/www.sportshine.eu\/wp-content\/uploads\/2025\/07\/Luc-za-kolo.jpg\" alt=\"\" width=\"800\" height=\"800\" srcset=\"https:\/\/www.sportshine.eu\/wp-content\/uploads\/2025\/07\/Luc-za-kolo.jpg 800w, https:\/\/www.sportshine.eu\/wp-content\/uploads\/2025\/07\/Luc-za-kolo-768x768.jpg 768w, https:\/\/www.sportshine.eu\/wp-content\/uploads\/2025\/07\/Luc-za-kolo-600x600.jpg 600w\" sizes=\"(max-width: 800px) 100vw, 800px\" \/><\/p>\n<h3 style=\"text-align: center;\">ODABERITE NA\u010cIN RADA SIRENE<\/h3>\n<p style=\"text-align: center;\">Gaciron V18 opremljen je s 4 na\u010dina rada trube. Jednostavnim gumbom na svjetiljci mo\u017eete odabrati svoj omiljeni zvuk. Tako\u0111er je mogu\u0107e podesiti glasno\u0107u trube.<\/p>\n<p><img decoding=\"async\" class=\"aligncenter wp-image-7698\" src=\"https:\/\/www.sportshine.eu\/wp-content\/uploads\/2025\/07\/varno-na-cesti.webp\" alt=\"\" width=\"800\" height=\"903\" \/><\/p>\n<h3 style=\"text-align: center;\">UKLJU\u010cENI ADAPTER ZA KONTROLU SVJETLA<\/h3>\n<p style=\"text-align: center;\">Paket uklju\u010duje adapter za upravljanje svjetiljkom, tako da mo\u017eete potpuno sigurno mijenjati razine rada.<\/p>\n<p><img decoding=\"async\" class=\"aligncenter wp-image-7697\" src=\"https:\/\/www.sportshine.eu\/wp-content\/uploads\/2025\/07\/Gaciron-v18-1.webp\" alt=\"\" width=\"800\" height=\"1435\" srcset=\"https:\/\/www.sportshine.eu\/wp-content\/uploads\/2025\/07\/Gaciron-v18-1.webp 790w, https:\/\/www.sportshine.eu\/wp-content\/uploads\/2025\/07\/Gaciron-v18-1-768x1378.webp 768w, https:\/\/www.sportshine.eu\/wp-content\/uploads\/2025\/07\/Gaciron-v18-1-600x1076.webp 600w\" sizes=\"(max-width: 800px) 100vw, 800px\" \/><\/p>\n<h3 style=\"text-align: center;\">DOBIT \u0106ETE U PAKETU<\/h3>\n<p><img decoding=\"async\" class=\"aligncenter wp-image-7696\" src=\"https:\/\/www.sportshine.eu\/wp-content\/uploads\/2025\/07\/Kolesarska-luc-Gaciron-V18.webp\" alt=\"\" width=\"800\" height=\"1161\" \/><\/p>\n<h3 style=\"text-align: center;\">VODOOTPORAN PREMA IPX6 STANDARDU<\/h3>\n<p><img decoding=\"async\" class=\"aligncenter wp-image-5143 size-full\" src=\"https:\/\/www.sportshine.eu\/wp-content\/uploads\/2025\/07\/44170cf5d8713a13f9a444fb87030e18.jpg\" alt=\"\" width=\"800\" height=\"800\" srcset=\"https:\/\/www.sportshine.eu\/wp-content\/uploads\/2025\/07\/44170cf5d8713a13f9a444fb87030e18.jpg 800w, https:\/\/www.sportshine.eu\/wp-content\/uploads\/2025\/07\/44170cf5d8713a13f9a444fb87030e18-768x768.jpg 768w, https:\/\/www.sportshine.eu\/wp-content\/uploads\/2025\/07\/44170cf5d8713a13f9a444fb87030e18-600x600.jpg 600w\" sizes=\"(max-width: 800px) 100vw, 800px\" \/><\/p>","protected":false},"excerpt":{"rendered":"<p>Nudimo vam iznimno biciklisti\u010dko svjetlo koje \u0107e definitivno privu\u0107i va\u0161u pa\u017enju - prednje biciklisti\u010dko svjetlo Gaciron V18 s trubom! Ovo svjetlo je jednostavno idealno za urbane sredine i posebno je popularno me\u0111u najmla\u0111im biciklistima. Jam\u010dimo da \u0107ete s ovim svjetlom lako upozoriti ostale prolaznike prilikom vo\u017enje po gradu, jer samo jedan pritisak gumba aktivira glasnu trubu koja \u0107e ih odmah upozoriti da se pomaknu na sigurno. Time se pove\u0107ava va\u0161a sigurnost i izbjegavaju potencijalne opasnosti na cesti.<\/p>","protected":false},"featured_media":5142,"comment_status":"open","ping_status":"closed","template":"","meta":[],"product_brand":[132],"product_cat":[82,150],"product_tag":[],"class_list":{"0":"post-6319","1":"product","2":"type-product","3":"status-publish","4":"has-post-thumbnail","6":"product_brand-gaciron","7":"product_cat-kolesarske-luci","8":"product_cat-sprednje-kolesarske-luci","10":"first","11":"onbackorder","12":"taxable","13":"shipping-taxable","14":"purchasable","15":"product-type-simple"},"yoast_head":"<!-- This site is optimized with the Yoast SEO plugin v27.3 - https:\/\/yoast.com\/product\/yoast-seo-wordpress\/ -->\n<title>Kolesarska lu\u010d s hupo Gaciron V18 - Hey Monkey<\/title>\n<meta name=\"description\" content=\"Kolesarska lu\u010d s hupo z mo\u010djo 200 lumnov in delovanjem do 15 ur. Vodoodporna po standardu IPX6. Kvalitetno izdelana in z ve\u010d stopnjami delovanja.\" \/>\n<meta name=\"robots\" content=\"index, follow, max-snippet:-1, max-image-preview:large, max-video-preview:-1\" \/>\n<link rel=\"canonical\" href=\"https:\/\/www.sportshine.eu\/hr\/ducan\/svjetlo-za-bicikl-s-trubom-gaciron-v18\/\" \/>\n<meta property=\"og:locale\" content=\"hr_HR\" \/>\n<meta property=\"og:type\" content=\"article\" \/>\n<meta property=\"og:title\" content=\"Kolesarska lu\u010d s hupo Gaciron V18 - Hey Monkey\" \/>\n<meta property=\"og:description\" content=\"Kolesarska lu\u010d s hupo z mo\u010djo 200 lumnov in delovanjem do 15 ur. Vodoodporna po standardu IPX6. Kvalitetno izdelana in z ve\u010d stopnjami delovanja.\" \/>\n<meta property=\"og:url\" content=\"https:\/\/www.sportshine.eu\/hr\/ducan\/svjetlo-za-bicikl-s-trubom-gaciron-v18\/\" \/>\n<meta property=\"og:site_name\" content=\"Sportshine\" \/>\n<meta property=\"article:publisher\" content=\"https:\/\/www.facebook.com\/sportshine.eu\/\" \/>\n<meta property=\"article:modified_time\" content=\"2026-01-30T19:30:33+00:00\" \/>\n<meta property=\"og:image\" content=\"https:\/\/www.sportshine.eu\/wp-content\/uploads\/2025\/07\/Luc-za-kolo.jpg\" \/>\n\t<meta property=\"og:image:width\" content=\"800\" \/>\n\t<meta property=\"og:image:height\" content=\"800\" \/>\n\t<meta property=\"og:image:type\" content=\"image\/jpeg\" \/>\n<meta name=\"twitter:card\" content=\"summary_large_image\" \/>\n<meta name=\"twitter:label1\" content=\"Procijenjeno vrijeme \u010ditanja\" \/>\n\t<meta name=\"twitter:data1\" content=\"3 minute\" \/>\n<script type=\"application\/ld+json\" class=\"yoast-schema-graph\">{\"@context\":\"https:\\\/\\\/schema.org\",\"@graph\":[{\"@type\":\"WebPage\",\"@id\":\"https:\\\/\\\/www.sportshine.eu\\\/trgovina\\\/kolesarska-luc-s-hupo-gaciron-v18\\\/\",\"url\":\"https:\\\/\\\/www.sportshine.eu\\\/trgovina\\\/kolesarska-luc-s-hupo-gaciron-v18\\\/\",\"name\":\"Kolesarska lu\u010d s hupo Gaciron V18 - Hey Monkey\",\"isPartOf\":{\"@id\":\"https:\\\/\\\/www.sportshine.eu\\\/#website\"},\"primaryImageOfPage\":{\"@id\":\"https:\\\/\\\/www.sportshine.eu\\\/trgovina\\\/kolesarska-luc-s-hupo-gaciron-v18\\\/#primaryimage\"},\"image\":{\"@id\":\"https:\\\/\\\/www.sportshine.eu\\\/trgovina\\\/kolesarska-luc-s-hupo-gaciron-v18\\\/#primaryimage\"},\"thumbnailUrl\":\"https:\\\/\\\/www.sportshine.eu\\\/wp-content\\\/uploads\\\/2025\\\/07\\\/Luc-za-kolo.jpg\",\"datePublished\":\"2026-01-28T21:09:12+00:00\",\"dateModified\":\"2026-01-30T19:30:33+00:00\",\"description\":\"Kolesarska lu\u010d s hupo z mo\u010djo 200 lumnov in delovanjem do 15 ur. Vodoodporna po standardu IPX6. Kvalitetno izdelana in z ve\u010d stopnjami delovanja.\",\"breadcrumb\":{\"@id\":\"https:\\\/\\\/www.sportshine.eu\\\/trgovina\\\/kolesarska-luc-s-hupo-gaciron-v18\\\/#breadcrumb\"},\"inLanguage\":\"hr\",\"potentialAction\":[{\"@type\":\"ReadAction\",\"target\":[\"https:\\\/\\\/www.sportshine.eu\\\/trgovina\\\/kolesarska-luc-s-hupo-gaciron-v18\\\/\"]}]},{\"@type\":\"ImageObject\",\"inLanguage\":\"hr\",\"@id\":\"https:\\\/\\\/www.sportshine.eu\\\/trgovina\\\/kolesarska-luc-s-hupo-gaciron-v18\\\/#primaryimage\",\"url\":\"https:\\\/\\\/www.sportshine.eu\\\/wp-content\\\/uploads\\\/2025\\\/07\\\/Luc-za-kolo.jpg\",\"contentUrl\":\"https:\\\/\\\/www.sportshine.eu\\\/wp-content\\\/uploads\\\/2025\\\/07\\\/Luc-za-kolo.jpg\",\"width\":800,\"height\":800},{\"@type\":\"BreadcrumbList\",\"@id\":\"https:\\\/\\\/www.sportshine.eu\\\/trgovina\\\/kolesarska-luc-s-hupo-gaciron-v18\\\/#breadcrumb\",\"itemListElement\":[{\"@type\":\"ListItem\",\"position\":1,\"name\":\"Home\",\"item\":\"https:\\\/\\\/www.sportshine.eu\\\/\"},{\"@type\":\"ListItem\",\"position\":2,\"name\":\"Trgovina\",\"item\":\"https:\\\/\\\/www.sportshine.eu\\\/trgovina\\\/\"},{\"@type\":\"ListItem\",\"position\":3,\"name\":\"Kolesarska lu\u010d s hupo Gaciron V18\"}]},{\"@type\":\"WebSite\",\"@id\":\"https:\\\/\\\/www.sportshine.eu\\\/#website\",\"url\":\"https:\\\/\\\/www.sportshine.eu\\\/\",\"name\":\"Sportshine\",\"description\":\"Top spletna trgovina kolesarskih in naglavnih svetilk ter opreme\",\"publisher\":{\"@id\":\"https:\\\/\\\/www.sportshine.eu\\\/#organization\"},\"potentialAction\":[{\"@type\":\"SearchAction\",\"target\":{\"@type\":\"EntryPoint\",\"urlTemplate\":\"https:\\\/\\\/www.sportshine.eu\\\/?s={search_term_string}\"},\"query-input\":{\"@type\":\"PropertyValueSpecification\",\"valueRequired\":true,\"valueName\":\"search_term_string\"}}],\"inLanguage\":\"hr\"},{\"@type\":\"Organization\",\"@id\":\"https:\\\/\\\/www.sportshine.eu\\\/#organization\",\"name\":\"Sportshine\",\"url\":\"https:\\\/\\\/www.sportshine.eu\\\/\",\"logo\":{\"@type\":\"ImageObject\",\"inLanguage\":\"hr\",\"@id\":\"https:\\\/\\\/www.sportshine.eu\\\/#\\\/schema\\\/logo\\\/image\\\/\",\"url\":\"https:\\\/\\\/www.sportshine.eu\\\/wp-content\\\/uploads\\\/2026\\\/01\\\/cropped-Sportshine.webp\",\"contentUrl\":\"https:\\\/\\\/www.sportshine.eu\\\/wp-content\\\/uploads\\\/2026\\\/01\\\/cropped-Sportshine.webp\",\"width\":295,\"height\":128,\"caption\":\"Sportshine\"},\"image\":{\"@id\":\"https:\\\/\\\/www.sportshine.eu\\\/#\\\/schema\\\/logo\\\/image\\\/\"},\"sameAs\":[\"https:\\\/\\\/www.facebook.com\\\/sportshine.eu\\\/\"]}]}<\/script>\n<!-- \/ Yoast SEO plugin. -->","yoast_head_json":{"title":"Biciklisti\u010dko svjetlo s trubom Gaciron V18 - Hey Monkey","description":"Biciklisti\u010dko svjetlo sa sirenom s 200 lumena i do 15 sati rada. Vodootporno prema IPX6 standardu. Visokokvalitetna konstrukcija i vi\u0161e razina rada.","robots":{"index":"index","follow":"follow","max-snippet":"max-snippet:-1","max-image-preview":"max-image-preview:large","max-video-preview":"max-video-preview:-1"},"canonical":"https:\/\/www.sportshine.eu\/hr\/ducan\/svjetlo-za-bicikl-s-trubom-gaciron-v18\/","og_locale":"hr_HR","og_type":"article","og_title":"Kolesarska lu\u010d s hupo Gaciron V18 - Hey Monkey","og_description":"Kolesarska lu\u010d s hupo z mo\u010djo 200 lumnov in delovanjem do 15 ur. Vodoodporna po standardu IPX6. Kvalitetno izdelana in z ve\u010d stopnjami delovanja.","og_url":"https:\/\/www.sportshine.eu\/hr\/ducan\/svjetlo-za-bicikl-s-trubom-gaciron-v18\/","og_site_name":"Sportshine","article_publisher":"https:\/\/www.facebook.com\/sportshine.eu\/","article_modified_time":"2026-01-30T19:30:33+00:00","og_image":[{"width":800,"height":800,"url":"https:\/\/www.sportshine.eu\/wp-content\/uploads\/2025\/07\/Luc-za-kolo.jpg","type":"image\/jpeg"}],"twitter_card":"summary_large_image","twitter_misc":{"Procijenjeno vrijeme \u010ditanja":"3 minute"},"schema":{"@context":"https:\/\/schema.org","@graph":[{"@type":"WebPage","@id":"https:\/\/www.sportshine.eu\/trgovina\/kolesarska-luc-s-hupo-gaciron-v18\/","url":"https:\/\/www.sportshine.eu\/trgovina\/kolesarska-luc-s-hupo-gaciron-v18\/","name":"Biciklisti\u010dko svjetlo s trubom Gaciron V18 - Hey Monkey","isPartOf":{"@id":"https:\/\/www.sportshine.eu\/#website"},"primaryImageOfPage":{"@id":"https:\/\/www.sportshine.eu\/trgovina\/kolesarska-luc-s-hupo-gaciron-v18\/#primaryimage"},"image":{"@id":"https:\/\/www.sportshine.eu\/trgovina\/kolesarska-luc-s-hupo-gaciron-v18\/#primaryimage"},"thumbnailUrl":"https:\/\/www.sportshine.eu\/wp-content\/uploads\/2025\/07\/Luc-za-kolo.jpg","datePublished":"2026-01-28T21:09:12+00:00","dateModified":"2026-01-30T19:30:33+00:00","description":"Biciklisti\u010dko svjetlo sa sirenom s 200 lumena i do 15 sati rada. Vodootporno prema IPX6 standardu. Visokokvalitetna konstrukcija i vi\u0161e razina rada.","breadcrumb":{"@id":"https:\/\/www.sportshine.eu\/trgovina\/kolesarska-luc-s-hupo-gaciron-v18\/#breadcrumb"},"inLanguage":"hr","potentialAction":[{"@type":"ReadAction","target":["https:\/\/www.sportshine.eu\/trgovina\/kolesarska-luc-s-hupo-gaciron-v18\/"]}]},{"@type":"ImageObject","inLanguage":"hr","@id":"https:\/\/www.sportshine.eu\/trgovina\/kolesarska-luc-s-hupo-gaciron-v18\/#primaryimage","url":"https:\/\/www.sportshine.eu\/wp-content\/uploads\/2025\/07\/Luc-za-kolo.jpg","contentUrl":"https:\/\/www.sportshine.eu\/wp-content\/uploads\/2025\/07\/Luc-za-kolo.jpg","width":800,"height":800},{"@type":"BreadcrumbList","@id":"https:\/\/www.sportshine.eu\/trgovina\/kolesarska-luc-s-hupo-gaciron-v18\/#breadcrumb","itemListElement":[{"@type":"ListItem","position":1,"name":"Home","item":"https:\/\/www.sportshine.eu\/"},{"@type":"ListItem","position":2,"name":"Trgovina","item":"https:\/\/www.sportshine.eu\/trgovina\/"},{"@type":"ListItem","position":3,"name":"Kolesarska lu\u010d s hupo Gaciron V18"}]},{"@type":"WebSite","@id":"https:\/\/www.sportshine.eu\/#website","url":"https:\/\/www.sportshine.eu\/","name":"Sportshine","description":"Vrhunska online trgovina za biciklisti\u010dke i \u010deone svjetiljke i opremu","publisher":{"@id":"https:\/\/www.sportshine.eu\/#organization"},"potentialAction":[{"@type":"SearchAction","target":{"@type":"EntryPoint","urlTemplate":"https:\/\/www.sportshine.eu\/?s={search_term_string}"},"query-input":{"@type":"PropertyValueSpecification","valueRequired":true,"valueName":"search_term_string"}}],"inLanguage":"hr"},{"@type":"Organization","@id":"https:\/\/www.sportshine.eu\/#organization","name":"Sportshine","url":"https:\/\/www.sportshine.eu\/","logo":{"@type":"ImageObject","inLanguage":"hr","@id":"https:\/\/www.sportshine.eu\/#\/schema\/logo\/image\/","url":"https:\/\/www.sportshine.eu\/wp-content\/uploads\/2026\/01\/cropped-Sportshine.webp","contentUrl":"https:\/\/www.sportshine.eu\/wp-content\/uploads\/2026\/01\/cropped-Sportshine.webp","width":295,"height":128,"caption":"Sportshine"},"image":{"@id":"https:\/\/www.sportshine.eu\/#\/schema\/logo\/image\/"},"sameAs":["https:\/\/www.facebook.com\/sportshine.eu\/"]}]}},"_links":{"self":[{"href":"https:\/\/www.sportshine.eu\/hr\/wp-json\/wp\/v2\/product\/6319","targetHints":{"allow":["GET"]}}],"collection":[{"href":"https:\/\/www.sportshine.eu\/hr\/wp-json\/wp\/v2\/product"}],"about":[{"href":"https:\/\/www.sportshine.eu\/hr\/wp-json\/wp\/v2\/types\/product"}],"replies":[{"embeddable":true,"href":"https:\/\/www.sportshine.eu\/hr\/wp-json\/wp\/v2\/comments?post=6319"}],"version-history":[{"count":0,"href":"https:\/\/www.sportshine.eu\/hr\/wp-json\/wp\/v2\/product\/6319\/revisions"}],"wp:featuredmedia":[{"embeddable":true,"href":"https:\/\/www.sportshine.eu\/hr\/wp-json\/wp\/v2\/media\/5142"}],"wp:attachment":[{"href":"https:\/\/www.sportshine.eu\/hr\/wp-json\/wp\/v2\/media?parent=6319"}],"wp:term":[{"taxonomy":"product_brand","embeddable":true,"href":"https:\/\/www.sportshine.eu\/hr\/wp-json\/wp\/v2\/product_brand?post=6319"},{"taxonomy":"product_cat","embeddable":true,"href":"https:\/\/www.sportshine.eu\/hr\/wp-json\/wp\/v2\/product_cat?post=6319"},{"taxonomy":"product_tag","embeddable":true,"href":"https:\/\/www.sportshine.eu\/hr\/wp-json\/wp\/v2\/product_tag?post=6319"}],"curies":[{"name":"radni list","href":"https:\/\/api.w.org\/{rel}","templated":true}]}}