{"id":6316,"date":"2026-01-28T21:09:08","date_gmt":"2026-01-28T21:09:08","guid":{"rendered":"https:\/\/www.sportshine.eu\/?post_type=product&#038;p=6316"},"modified":"2026-01-30T19:30:23","modified_gmt":"2026-01-30T19:30:23","slug":"gaciron-mars-800-led-svjetlo-za-bicikl","status":"publish","type":"product","link":"https:\/\/www.sportshine.eu\/hr\/ducan\/gaciron-mars-800-led-svjetlo-za-bicikl\/","title":{"rendered":"Gaciron MARS-800 LED svjetlo za bicikl"},"content":{"rendered":"<p style=\"text-align: center;\"><span class=\"Y2IQFc\" lang=\"sl\">Biciklisti\u010dko svjetlo Gaciron MARS-800 je iznimno prednje svjetlo kompaktne konstrukcije i kreativnog dizajna. Visokou\u010dinkovita LED \u017earulja pru\u017ea visoku svjetlinu, dose\u017eu\u0107i 800 lumena. Biciklisti\u010dko svjetlo MARS-800 odr\u017eava svjetlosni snop znatno ispod razine o\u010diju sudionika u prometu koji dolaze iz suprotnog smjera. To ceste \u010dini sigurnijima za sve sudionike.<\/span><\/p>\n<p><img decoding=\"async\" class=\"aligncenter wp-image-5133 size-full\" src=\"https:\/\/www.sportshine.eu\/wp-content\/uploads\/2025\/07\/kolesarska-luc-1.jpg\" alt=\"\" width=\"800\" height=\"800\" srcset=\"https:\/\/www.sportshine.eu\/wp-content\/uploads\/2025\/07\/kolesarska-luc-1.jpg 800w, https:\/\/www.sportshine.eu\/wp-content\/uploads\/2025\/07\/kolesarska-luc-1-768x768.jpg 768w, https:\/\/www.sportshine.eu\/wp-content\/uploads\/2025\/07\/kolesarska-luc-1-600x600.jpg 600w\" sizes=\"(max-width: 800px) 100vw, 800px\" \/><\/p>\n<p style=\"text-align: center;\"><span class=\"Y2IQFc\" lang=\"sl\">Biciklisti\u010dko svjetlo MARS-800 ima 5 razina rada. Vodootporno je prema standardu IP67 i odli\u010dno radi \u010dak i po ki\u0161nim danima. Ima ugra\u0111enu sna\u017enu litij-ionsku bateriju od 3000 mAh, koja omogu\u0107uje do 24 sata rada. Puni se putem USB-C priklju\u010dka. Vrijeme punjenja je samo 2 sata. Sam gumb za uklju\u010divanje ima indikator baterije u tri boje. Ako se upali crveno svjetlo, to zna\u010di da ima samo 20% kapaciteta.<\/span><\/p>\n<p style=\"text-align: center;\"><img decoding=\"async\" class=\"aligncenter wp-image-5131 size-full\" src=\"https:\/\/www.sportshine.eu\/wp-content\/uploads\/2025\/07\/My-project4.jpg\" alt=\"\" width=\"800\" height=\"800\" srcset=\"https:\/\/www.sportshine.eu\/wp-content\/uploads\/2025\/07\/My-project4.jpg 800w, https:\/\/www.sportshine.eu\/wp-content\/uploads\/2025\/07\/My-project4-768x768.jpg 768w, https:\/\/www.sportshine.eu\/wp-content\/uploads\/2025\/07\/My-project4-600x600.jpg 600w\" sizes=\"(max-width: 800px) 100vw, 800px\" \/> Uz kabel za punjenje i adapter za upravljanje svjetlom na upravlja\u010du, paket uklju\u010duje i nosa\u010d za bicikl H17. Jednostavno ga montirajte na upravlja\u010d, a na njega mo\u017eete montirati i Garmin ra\u010dunalo.<br \/>\n<img decoding=\"async\" class=\"aligncenter wp-image-5132 size-full\" src=\"https:\/\/www.sportshine.eu\/wp-content\/uploads\/2025\/07\/My-project2.jpg\" alt=\"\" width=\"800\" height=\"800\" srcset=\"https:\/\/www.sportshine.eu\/wp-content\/uploads\/2025\/07\/My-project2.jpg 800w, https:\/\/www.sportshine.eu\/wp-content\/uploads\/2025\/07\/My-project2-768x768.jpg 768w, https:\/\/www.sportshine.eu\/wp-content\/uploads\/2025\/07\/My-project2-600x600.jpg 600w\" sizes=\"(max-width: 800px) 100vw, 800px\" \/><\/p>\n<p>&nbsp;<\/p>\n<p>&nbsp;<\/p>\n<p>&nbsp;<\/p>\n<p><iframe loading=\"lazy\" title=\"Gaciron MARS-800\" width=\"500\" height=\"281\" src=\"https:\/\/www.youtube.com\/embed\/PJT5iZXJSwA?feature=oembed\" frameborder=\"0\" allow=\"accelerometer; autoplay; clipboard-write; encrypted-media; gyroscope; picture-in-picture; web-share\" referrerpolicy=\"strict-origin-when-cross-origin\" allowfullscreen><\/iframe><\/p>\n<p>&nbsp;<\/p>","protected":false},"excerpt":{"rendered":"<p>Kolesarska svetilka Gaciron MARS-800 je izjemna sprednja svetilka s kompaktno izdelavo in kreativnim dizajnom. Visoko zmogljiva LED \u017earnica zagotavlja visoko svetilnost, ki dosega 800 lumnov. Kolesarska svetilka MARS-800 ohranja svetlobni \u017earek precej pod vi\u0161ino o\u010di nasproti voze\u010dih udele\u017eencev v prometu. Zaradi tega so ceste varnej\u0161e za vse udele\u017eence. Kolesarska lu\u010d MARS-800 ima 5 stopenj delovanja. [&hellip;]<\/p>\n","protected":false},"featured_media":5130,"comment_status":"open","ping_status":"closed","template":"","meta":[],"product_brand":[132],"product_cat":[82,150],"product_tag":[],"class_list":{"0":"post-6316","1":"product","2":"type-product","3":"status-publish","4":"has-post-thumbnail","6":"product_brand-gaciron","7":"product_cat-kolesarske-luci","8":"product_cat-sprednje-kolesarske-luci","10":"first","11":"onbackorder","12":"taxable","13":"shipping-taxable","14":"purchasable","15":"product-type-simple"},"yoast_head":"<!-- This site is optimized with the Yoast SEO plugin v27.3 - https:\/\/yoast.com\/product\/yoast-seo-wordpress\/ -->\n<title>Kolesarska LED svetilka Gaciron MARS-800<\/title>\n<meta name=\"robots\" content=\"index, follow, max-snippet:-1, max-image-preview:large, max-video-preview:-1\" \/>\n<link rel=\"canonical\" href=\"https:\/\/www.sportshine.eu\/hr\/ducan\/gaciron-mars-800-led-svjetlo-za-bicikl\/\" \/>\n<meta property=\"og:locale\" content=\"hr_HR\" \/>\n<meta property=\"og:type\" content=\"article\" \/>\n<meta property=\"og:title\" content=\"Kolesarska LED svetilka Gaciron MARS-800\" \/>\n<meta property=\"og:description\" content=\"Kolesarska svetilka Gaciron MARS-800 je izjemna sprednja svetilka s kompaktno izdelavo in kreativnim dizajnom. Visoko zmogljiva LED \u017earnica zagotavlja visoko svetilnost, ki dosega 800 lumnov. Kolesarska svetilka MARS-800 ohranja svetlobni \u017earek precej pod vi\u0161ino o\u010di nasproti voze\u010dih udele\u017eencev v prometu. Zaradi tega so ceste varnej\u0161e za vse udele\u017eence. Kolesarska lu\u010d MARS-800 ima 5 stopenj delovanja. [&hellip;]\" \/>\n<meta property=\"og:url\" content=\"https:\/\/www.sportshine.eu\/hr\/ducan\/gaciron-mars-800-led-svjetlo-za-bicikl\/\" \/>\n<meta property=\"og:site_name\" content=\"Sportshine\" \/>\n<meta property=\"article:publisher\" content=\"https:\/\/www.facebook.com\/sportshine.eu\/\" \/>\n<meta property=\"article:modified_time\" content=\"2026-01-30T19:30:23+00:00\" \/>\n<meta property=\"og:image\" content=\"https:\/\/www.sportshine.eu\/wp-content\/uploads\/2025\/07\/Kolesarska-svetilka.jpg\" \/>\n\t<meta property=\"og:image:width\" content=\"800\" \/>\n\t<meta property=\"og:image:height\" content=\"800\" \/>\n\t<meta property=\"og:image:type\" content=\"image\/jpeg\" \/>\n<meta name=\"twitter:card\" content=\"summary_large_image\" \/>\n<meta name=\"twitter:label1\" content=\"Procijenjeno vrijeme \u010ditanja\" \/>\n\t<meta name=\"twitter:data1\" content=\"2 minute\" \/>\n<script type=\"application\/ld+json\" class=\"yoast-schema-graph\">{\"@context\":\"https:\\\/\\\/schema.org\",\"@graph\":[{\"@type\":\"WebPage\",\"@id\":\"https:\\\/\\\/www.sportshine.eu\\\/trgovina\\\/kolesarska-svetilka-led-gaciron-mars-800\\\/\",\"url\":\"https:\\\/\\\/www.sportshine.eu\\\/trgovina\\\/kolesarska-svetilka-led-gaciron-mars-800\\\/\",\"name\":\"Kolesarska LED svetilka Gaciron MARS-800\",\"isPartOf\":{\"@id\":\"https:\\\/\\\/www.sportshine.eu\\\/#website\"},\"primaryImageOfPage\":{\"@id\":\"https:\\\/\\\/www.sportshine.eu\\\/trgovina\\\/kolesarska-svetilka-led-gaciron-mars-800\\\/#primaryimage\"},\"image\":{\"@id\":\"https:\\\/\\\/www.sportshine.eu\\\/trgovina\\\/kolesarska-svetilka-led-gaciron-mars-800\\\/#primaryimage\"},\"thumbnailUrl\":\"https:\\\/\\\/www.sportshine.eu\\\/wp-content\\\/uploads\\\/2025\\\/07\\\/Kolesarska-svetilka.jpg\",\"datePublished\":\"2026-01-28T21:09:08+00:00\",\"dateModified\":\"2026-01-30T19:30:23+00:00\",\"breadcrumb\":{\"@id\":\"https:\\\/\\\/www.sportshine.eu\\\/trgovina\\\/kolesarska-svetilka-led-gaciron-mars-800\\\/#breadcrumb\"},\"inLanguage\":\"hr\",\"potentialAction\":[{\"@type\":\"ReadAction\",\"target\":[\"https:\\\/\\\/www.sportshine.eu\\\/trgovina\\\/kolesarska-svetilka-led-gaciron-mars-800\\\/\"]}]},{\"@type\":\"ImageObject\",\"inLanguage\":\"hr\",\"@id\":\"https:\\\/\\\/www.sportshine.eu\\\/trgovina\\\/kolesarska-svetilka-led-gaciron-mars-800\\\/#primaryimage\",\"url\":\"https:\\\/\\\/www.sportshine.eu\\\/wp-content\\\/uploads\\\/2025\\\/07\\\/Kolesarska-svetilka.jpg\",\"contentUrl\":\"https:\\\/\\\/www.sportshine.eu\\\/wp-content\\\/uploads\\\/2025\\\/07\\\/Kolesarska-svetilka.jpg\",\"width\":800,\"height\":800},{\"@type\":\"BreadcrumbList\",\"@id\":\"https:\\\/\\\/www.sportshine.eu\\\/trgovina\\\/kolesarska-svetilka-led-gaciron-mars-800\\\/#breadcrumb\",\"itemListElement\":[{\"@type\":\"ListItem\",\"position\":1,\"name\":\"Home\",\"item\":\"https:\\\/\\\/www.sportshine.eu\\\/\"},{\"@type\":\"ListItem\",\"position\":2,\"name\":\"Trgovina\",\"item\":\"https:\\\/\\\/www.sportshine.eu\\\/trgovina\\\/\"},{\"@type\":\"ListItem\",\"position\":3,\"name\":\"Kolesarska svetilka LED Gaciron MARS-800\"}]},{\"@type\":\"WebSite\",\"@id\":\"https:\\\/\\\/www.sportshine.eu\\\/#website\",\"url\":\"https:\\\/\\\/www.sportshine.eu\\\/\",\"name\":\"Sportshine\",\"description\":\"Top spletna trgovina kolesarskih in naglavnih svetilk ter opreme\",\"publisher\":{\"@id\":\"https:\\\/\\\/www.sportshine.eu\\\/#organization\"},\"potentialAction\":[{\"@type\":\"SearchAction\",\"target\":{\"@type\":\"EntryPoint\",\"urlTemplate\":\"https:\\\/\\\/www.sportshine.eu\\\/?s={search_term_string}\"},\"query-input\":{\"@type\":\"PropertyValueSpecification\",\"valueRequired\":true,\"valueName\":\"search_term_string\"}}],\"inLanguage\":\"hr\"},{\"@type\":\"Organization\",\"@id\":\"https:\\\/\\\/www.sportshine.eu\\\/#organization\",\"name\":\"Sportshine\",\"url\":\"https:\\\/\\\/www.sportshine.eu\\\/\",\"logo\":{\"@type\":\"ImageObject\",\"inLanguage\":\"hr\",\"@id\":\"https:\\\/\\\/www.sportshine.eu\\\/#\\\/schema\\\/logo\\\/image\\\/\",\"url\":\"https:\\\/\\\/www.sportshine.eu\\\/wp-content\\\/uploads\\\/2026\\\/01\\\/cropped-Sportshine.webp\",\"contentUrl\":\"https:\\\/\\\/www.sportshine.eu\\\/wp-content\\\/uploads\\\/2026\\\/01\\\/cropped-Sportshine.webp\",\"width\":295,\"height\":128,\"caption\":\"Sportshine\"},\"image\":{\"@id\":\"https:\\\/\\\/www.sportshine.eu\\\/#\\\/schema\\\/logo\\\/image\\\/\"},\"sameAs\":[\"https:\\\/\\\/www.facebook.com\\\/sportshine.eu\\\/\"]}]}<\/script>\n<!-- \/ Yoast SEO plugin. -->","yoast_head_json":{"title":"Gaciron MARS-800 LED svjetlo za bicikl","robots":{"index":"index","follow":"follow","max-snippet":"max-snippet:-1","max-image-preview":"max-image-preview:large","max-video-preview":"max-video-preview:-1"},"canonical":"https:\/\/www.sportshine.eu\/hr\/ducan\/gaciron-mars-800-led-svjetlo-za-bicikl\/","og_locale":"hr_HR","og_type":"article","og_title":"Kolesarska LED svetilka Gaciron MARS-800","og_description":"Kolesarska svetilka Gaciron MARS-800 je izjemna sprednja svetilka s kompaktno izdelavo in kreativnim dizajnom. Visoko zmogljiva LED \u017earnica zagotavlja visoko svetilnost, ki dosega 800 lumnov. Kolesarska svetilka MARS-800 ohranja svetlobni \u017earek precej pod vi\u0161ino o\u010di nasproti voze\u010dih udele\u017eencev v prometu. Zaradi tega so ceste varnej\u0161e za vse udele\u017eence. Kolesarska lu\u010d MARS-800 ima 5 stopenj delovanja. [&hellip;]","og_url":"https:\/\/www.sportshine.eu\/hr\/ducan\/gaciron-mars-800-led-svjetlo-za-bicikl\/","og_site_name":"Sportshine","article_publisher":"https:\/\/www.facebook.com\/sportshine.eu\/","article_modified_time":"2026-01-30T19:30:23+00:00","og_image":[{"width":800,"height":800,"url":"https:\/\/www.sportshine.eu\/wp-content\/uploads\/2025\/07\/Kolesarska-svetilka.jpg","type":"image\/jpeg"}],"twitter_card":"summary_large_image","twitter_misc":{"Procijenjeno vrijeme \u010ditanja":"2 minute"},"schema":{"@context":"https:\/\/schema.org","@graph":[{"@type":"WebPage","@id":"https:\/\/www.sportshine.eu\/trgovina\/kolesarska-svetilka-led-gaciron-mars-800\/","url":"https:\/\/www.sportshine.eu\/trgovina\/kolesarska-svetilka-led-gaciron-mars-800\/","name":"Gaciron MARS-800 LED svjetlo za bicikl","isPartOf":{"@id":"https:\/\/www.sportshine.eu\/#website"},"primaryImageOfPage":{"@id":"https:\/\/www.sportshine.eu\/trgovina\/kolesarska-svetilka-led-gaciron-mars-800\/#primaryimage"},"image":{"@id":"https:\/\/www.sportshine.eu\/trgovina\/kolesarska-svetilka-led-gaciron-mars-800\/#primaryimage"},"thumbnailUrl":"https:\/\/www.sportshine.eu\/wp-content\/uploads\/2025\/07\/Kolesarska-svetilka.jpg","datePublished":"2026-01-28T21:09:08+00:00","dateModified":"2026-01-30T19:30:23+00:00","breadcrumb":{"@id":"https:\/\/www.sportshine.eu\/trgovina\/kolesarska-svetilka-led-gaciron-mars-800\/#breadcrumb"},"inLanguage":"hr","potentialAction":[{"@type":"ReadAction","target":["https:\/\/www.sportshine.eu\/trgovina\/kolesarska-svetilka-led-gaciron-mars-800\/"]}]},{"@type":"ImageObject","inLanguage":"hr","@id":"https:\/\/www.sportshine.eu\/trgovina\/kolesarska-svetilka-led-gaciron-mars-800\/#primaryimage","url":"https:\/\/www.sportshine.eu\/wp-content\/uploads\/2025\/07\/Kolesarska-svetilka.jpg","contentUrl":"https:\/\/www.sportshine.eu\/wp-content\/uploads\/2025\/07\/Kolesarska-svetilka.jpg","width":800,"height":800},{"@type":"BreadcrumbList","@id":"https:\/\/www.sportshine.eu\/trgovina\/kolesarska-svetilka-led-gaciron-mars-800\/#breadcrumb","itemListElement":[{"@type":"ListItem","position":1,"name":"Home","item":"https:\/\/www.sportshine.eu\/"},{"@type":"ListItem","position":2,"name":"Trgovina","item":"https:\/\/www.sportshine.eu\/trgovina\/"},{"@type":"ListItem","position":3,"name":"Kolesarska svetilka LED Gaciron MARS-800"}]},{"@type":"WebSite","@id":"https:\/\/www.sportshine.eu\/#website","url":"https:\/\/www.sportshine.eu\/","name":"Sportshine","description":"Vrhunska online trgovina za biciklisti\u010dke i \u010deone svjetiljke i opremu","publisher":{"@id":"https:\/\/www.sportshine.eu\/#organization"},"potentialAction":[{"@type":"SearchAction","target":{"@type":"EntryPoint","urlTemplate":"https:\/\/www.sportshine.eu\/?s={search_term_string}"},"query-input":{"@type":"PropertyValueSpecification","valueRequired":true,"valueName":"search_term_string"}}],"inLanguage":"hr"},{"@type":"Organization","@id":"https:\/\/www.sportshine.eu\/#organization","name":"Sportshine","url":"https:\/\/www.sportshine.eu\/","logo":{"@type":"ImageObject","inLanguage":"hr","@id":"https:\/\/www.sportshine.eu\/#\/schema\/logo\/image\/","url":"https:\/\/www.sportshine.eu\/wp-content\/uploads\/2026\/01\/cropped-Sportshine.webp","contentUrl":"https:\/\/www.sportshine.eu\/wp-content\/uploads\/2026\/01\/cropped-Sportshine.webp","width":295,"height":128,"caption":"Sportshine"},"image":{"@id":"https:\/\/www.sportshine.eu\/#\/schema\/logo\/image\/"},"sameAs":["https:\/\/www.facebook.com\/sportshine.eu\/"]}]}},"_links":{"self":[{"href":"https:\/\/www.sportshine.eu\/hr\/wp-json\/wp\/v2\/product\/6316","targetHints":{"allow":["GET"]}}],"collection":[{"href":"https:\/\/www.sportshine.eu\/hr\/wp-json\/wp\/v2\/product"}],"about":[{"href":"https:\/\/www.sportshine.eu\/hr\/wp-json\/wp\/v2\/types\/product"}],"replies":[{"embeddable":true,"href":"https:\/\/www.sportshine.eu\/hr\/wp-json\/wp\/v2\/comments?post=6316"}],"version-history":[{"count":0,"href":"https:\/\/www.sportshine.eu\/hr\/wp-json\/wp\/v2\/product\/6316\/revisions"}],"wp:featuredmedia":[{"embeddable":true,"href":"https:\/\/www.sportshine.eu\/hr\/wp-json\/wp\/v2\/media\/5130"}],"wp:attachment":[{"href":"https:\/\/www.sportshine.eu\/hr\/wp-json\/wp\/v2\/media?parent=6316"}],"wp:term":[{"taxonomy":"product_brand","embeddable":true,"href":"https:\/\/www.sportshine.eu\/hr\/wp-json\/wp\/v2\/product_brand?post=6316"},{"taxonomy":"product_cat","embeddable":true,"href":"https:\/\/www.sportshine.eu\/hr\/wp-json\/wp\/v2\/product_cat?post=6316"},{"taxonomy":"product_tag","embeddable":true,"href":"https:\/\/www.sportshine.eu\/hr\/wp-json\/wp\/v2\/product_tag?post=6316"}],"curies":[{"name":"radni list","href":"https:\/\/api.w.org\/{rel}","templated":true}]}}