{"id":7526,"date":"2025-08-02T22:38:03","date_gmt":"2025-08-02T22:38:03","guid":{"rendered":"https:\/\/www.sportshine.eu\/?page_id=7526"},"modified":"2025-08-02T22:41:00","modified_gmt":"2025-08-02T22:41:00","slug":"revo-poklopac","status":"publish","type":"page","link":"https:\/\/www.sportshine.eu\/hr\/revo-poklopac\/","title":{"rendered":"revo-premaz"},"content":{"rendered":"<h4 class=\"wp-block-heading\">\u0160to je Revo premaz na sun\u010danim le\u0107ama?<\/h4>\n\n\n\n<p>Sun\u010dane nao\u010dale nisu samo modni dodatak; one igraju vitalnu ulogu u za\u0161titi na\u0161ih o\u010diju od \u0161tetnih u\u010dinaka sun\u010devih ultraljubi\u010dastih (UV) zraka. Me\u0111utim, nisu sve sun\u010dane nao\u010dale jednake, a va\u017ean \u010dimbenik pri odabiru pravog para nao\u010dala je vrsta premaza na le\u0107ama. Me\u0111u raznim dostupnim premazima, Revo premaz je stekao popularnost zbog svoje vrhunske u\u010dinkovitosti u pobolj\u0161anju vizualne jasno\u0107e i smanjenju odsjaja. U ovom blogu istra\u017eit \u0107emo \u0161to je Revo premaz na le\u0107ama sun\u010danih nao\u010dala, kako funkcionira i koje prednosti nudi onima koji tra\u017ee vrhunsku za\u0161titu o\u010diju i stil.<\/p>\n\n\n\n<h4 class=\"wp-block-heading\">Razumijevanje Revo premaza<\/h4>\n\n\n\n<p>Revo premaz je vrhunska, visokokvalitetna tehnologija premazivanja le\u0107a koja je izvorno razvijena za upotrebu na sun\u010danim nao\u010dalama. Naziv &quot;Revo&quot; je kratica za &quot;revolution&quot; (revolucija), \u0161to ozna\u010dava revolucionarni napredak koji je ovaj premaz donio u svijet nao\u010dala. Ovaj napredni premaz je vlasni\u010dka tehnologija koju je razvio Revo, poznati brend u industriji sun\u010danih nao\u010dala.<\/p>\n\n\n\n<p>Revo premaz karakteriziraju iznimna opti\u010dka svojstva koja zna\u010dajno pobolj\u0161avaju performanse sun\u010danih nao\u010dala. Primarno se koristi na polariziranim le\u0107ama, ali se mo\u017ee primijeniti i na nepolarizirane le\u0107e kako bi se pobolj\u0161ala njihova jasno\u0107a i performanse.<\/p>\n\n\n\n<h4 class=\"wp-block-heading\">Kako Revo premaz djeluje<\/h4>\n\n\n\n<p>Revo premaz je vi\u0161eslojni, visokotehnolo\u0161ki premaz koji se nanosi na le\u0107e sun\u010danih nao\u010dala. Njegov sastav obi\u010dno uklju\u010duje nekoliko slojeva koji zajedno djeluju kako bi pobolj\u0161ali opti\u010dka svojstva le\u0107a. Evo kako funkcionira:<\/p>\n\n\n\n<p><strong>Antirefleksni sloj:<\/strong>&nbsp;Prvi sloj Revo premaza je antirefleksni sloj koji smanjuje koli\u010dinu svjetlosti koja se reflektira od le\u0107e. To poma\u017ee u smanjenju odsjaja i pove\u0107anju vizualne jasno\u0107e, posebno pri jakom sun\u010devom svjetlu.<\/p>\n\n\n\n<p><strong>Zrcalni sloj:<\/strong>&nbsp;Revo premazi \u010desto uklju\u010duju zrcalni sloj koji ne samo da le\u0107ama dodaje elegantan i reflektiraju\u0107i izgled, ve\u0107 i poma\u017ee u blokiranju dodatne sun\u010deve svjetlosti, dodatno smanjuju\u0107i odsjaj.<\/p>\n\n\n\n<p><strong>Hidrofobni sloj (opcionalno):<\/strong>&nbsp;Neke Revo le\u0107e uklju\u010duju hidrofobni sloj koji odbija vodu i sprje\u010dava zamagljivanje, \u0161to ih \u010dini jednostavnim za \u010di\u0161\u0107enje i odr\u017eavanje.<\/p>\n\n\n\n<h4 class=\"wp-block-heading\">Prednosti Revo premaza<\/h4>\n\n\n\n<p>Sada kada razumijemo kako Revo premaz funkcionira, istra\u017eimo koje prednosti nudi:<\/p>\n\n\n\n<p><strong>Smanjeni odsjaj:<\/strong>&nbsp;Antirefleksni i polarizirani slojevi u Revo premazanim le\u0107ama u\u010dinkovito smanjuju odsjaj sunca, vode i drugih reflektiraju\u0107ih povr\u0161ina. To pove\u0107ava va\u0161u vizualnu udobnost i sigurnost, \u0161to ih \u010dini idealnim za aktivnosti na otvorenom poput vo\u017enje, ribolova i sporta.<\/p>\n\n\n\n<p><strong>Pobolj\u0161ana jasno\u0107a:<\/strong>&nbsp;Revo premaz pru\u017ea izvrsnu opti\u010dku jasno\u0107u smanjenjem refleksija i maksimiziranjem kontrasta, omogu\u0107uju\u0107i vam jasniji i \u017eivopisniji prikaz detalja.<\/p>\n\n\n\n<p><strong>Elegantni izgled:<\/strong>&nbsp;Zrcalni sloj u Revo premazanim le\u0107ama dodaje elegantan i moderan izgled va\u0161im sun\u010danim nao\u010dalama. Dolaze u raznim bojama i oblicima, \u0161to olak\u0161ava pronala\u017eenje para koji odgovara va\u0161em osobnom stilu.<\/p>\n\n\n\n<p><strong>Izdr\u017eljivost:<\/strong>&nbsp;Revo premazi poznati su po svojoj izdr\u017eljivosti i mogu izdr\u017eati svakodnevno habanje, \u0161to ih \u010dini dugotrajnom investicijom u za\u0161titu va\u0161ih o\u010diju.<\/p>\n\n\n\n<p><strong>UV za\u0161tita:<\/strong>&nbsp;Osim \u0161to smanjuju odsjaj i pobolj\u0161avaju jasno\u0107u vida, Revo premazane le\u0107e pru\u017eaju 100% za\u0161titu od \u0161tetnih UV zraka, sprje\u010davaju\u0107i dugoro\u010dno o\u0161te\u0107enje va\u0161ih o\u010diju.<\/p>\n\n\n\n<h4 class=\"wp-block-heading\">Zaklju\u010dak<\/h4>\n\n\n\n<p>Revo premaz na sun\u010danim nao\u010dalama predstavlja zna\u010dajan napredak u tehnologiji nao\u010dala. Njegova vi\u0161eslojna konstrukcija, antirefleksna svojstva, polarizacija (gdje je prisutna) i elegantan izgled \u010dine ga popularnim izborom za one koji tra\u017ee visokokvalitetnu za\u0161titu za o\u010di s pobolj\u0161anom vizualnom jasno\u0107om. Bez obzira jeste li ljubitelj prirode ili jednostavno \u017eelite pobolj\u0161ati svoj stil, sun\u010dane nao\u010dale s Revo premazom odli\u010dan su izbor koji kombinira modu i funkcionalnost za dobrobit va\u0161ih o\u010diju.<\/p>","protected":false},"excerpt":{"rendered":"<p>Kaj je Revo prevleka na le\u010dah son\u010dnih o\u010dal? Son\u010dna o\u010dala niso samo modni dodatek; igrajo klju\u010dno vlogo pri za\u0161\u010diti na\u0161ih o\u010di pred \u0161kodljivimi u\u010dinki ultravijoli\u010dnih (UV) \u017earkov sonca. Vendar niso vsa son\u010dna o\u010dala enaka, zato je pomemben dejavnik pri izbiri pravih o\u010dal vrsta prevleke na le\u010dah. Med razli\u010dnimi razpolo\u017eljivimi prevlekami je Revo prevleka pridobila priljubljenost [&hellip;]<\/p>\n","protected":false},"author":1,"featured_media":0,"parent":0,"menu_order":0,"comment_status":"closed","ping_status":"closed","template":"","meta":{"footnotes":""},"class_list":["post-7526","page","type-page","status-publish","hentry"],"yoast_head":"<!-- This site is optimized with the Yoast SEO plugin v27.3 - https:\/\/yoast.com\/product\/yoast-seo-wordpress\/ -->\n<title>revo-prevleka - Sportshine<\/title>\n<meta name=\"robots\" content=\"index, follow, max-snippet:-1, max-image-preview:large, max-video-preview:-1\" \/>\n<link rel=\"canonical\" href=\"https:\/\/www.sportshine.eu\/hr\/revo-poklopac\/\" \/>\n<meta property=\"og:locale\" content=\"hr_HR\" \/>\n<meta property=\"og:type\" content=\"article\" \/>\n<meta property=\"og:title\" content=\"revo-prevleka - Sportshine\" \/>\n<meta property=\"og:description\" content=\"Kaj je Revo prevleka na le\u010dah son\u010dnih o\u010dal? Son\u010dna o\u010dala niso samo modni dodatek; igrajo klju\u010dno vlogo pri za\u0161\u010diti na\u0161ih o\u010di pred \u0161kodljivimi u\u010dinki ultravijoli\u010dnih (UV) \u017earkov sonca. Vendar niso vsa son\u010dna o\u010dala enaka, zato je pomemben dejavnik pri izbiri pravih o\u010dal vrsta prevleke na le\u010dah. Med razli\u010dnimi razpolo\u017eljivimi prevlekami je Revo prevleka pridobila priljubljenost [&hellip;]\" \/>\n<meta property=\"og:url\" content=\"https:\/\/www.sportshine.eu\/hr\/revo-poklopac\/\" \/>\n<meta property=\"og:site_name\" content=\"Sportshine\" \/>\n<meta property=\"article:publisher\" content=\"https:\/\/www.facebook.com\/sportshine.eu\/\" \/>\n<meta property=\"article:modified_time\" content=\"2025-08-02T22:41:00+00:00\" \/>\n<meta name=\"twitter:card\" content=\"summary_large_image\" \/>\n<meta name=\"twitter:label1\" content=\"Procijenjeno vrijeme \u010ditanja\" \/>\n\t<meta name=\"twitter:data1\" content=\"3 minute\" \/>\n<script type=\"application\/ld+json\" class=\"yoast-schema-graph\">{\"@context\":\"https:\\\/\\\/schema.org\",\"@graph\":[{\"@type\":\"WebPage\",\"@id\":\"https:\\\/\\\/www.sportshine.eu\\\/revo-prevleka\\\/\",\"url\":\"https:\\\/\\\/www.sportshine.eu\\\/revo-prevleka\\\/\",\"name\":\"revo-prevleka - Sportshine\",\"isPartOf\":{\"@id\":\"https:\\\/\\\/www.sportshine.eu\\\/#website\"},\"datePublished\":\"2025-08-02T22:38:03+00:00\",\"dateModified\":\"2025-08-02T22:41:00+00:00\",\"breadcrumb\":{\"@id\":\"https:\\\/\\\/www.sportshine.eu\\\/revo-prevleka\\\/#breadcrumb\"},\"inLanguage\":\"hr\",\"potentialAction\":[{\"@type\":\"ReadAction\",\"target\":[\"https:\\\/\\\/www.sportshine.eu\\\/revo-prevleka\\\/\"]}]},{\"@type\":\"BreadcrumbList\",\"@id\":\"https:\\\/\\\/www.sportshine.eu\\\/revo-prevleka\\\/#breadcrumb\",\"itemListElement\":[{\"@type\":\"ListItem\",\"position\":1,\"name\":\"Home\",\"item\":\"https:\\\/\\\/www.sportshine.eu\\\/\"},{\"@type\":\"ListItem\",\"position\":2,\"name\":\"revo-prevleka\"}]},{\"@type\":\"WebSite\",\"@id\":\"https:\\\/\\\/www.sportshine.eu\\\/#website\",\"url\":\"https:\\\/\\\/www.sportshine.eu\\\/\",\"name\":\"Sportshine\",\"description\":\"Top spletna trgovina kolesarskih in naglavnih svetilk ter opreme\",\"publisher\":{\"@id\":\"https:\\\/\\\/www.sportshine.eu\\\/#organization\"},\"potentialAction\":[{\"@type\":\"SearchAction\",\"target\":{\"@type\":\"EntryPoint\",\"urlTemplate\":\"https:\\\/\\\/www.sportshine.eu\\\/?s={search_term_string}\"},\"query-input\":{\"@type\":\"PropertyValueSpecification\",\"valueRequired\":true,\"valueName\":\"search_term_string\"}}],\"inLanguage\":\"hr\"},{\"@type\":\"Organization\",\"@id\":\"https:\\\/\\\/www.sportshine.eu\\\/#organization\",\"name\":\"Sportshine\",\"url\":\"https:\\\/\\\/www.sportshine.eu\\\/\",\"logo\":{\"@type\":\"ImageObject\",\"inLanguage\":\"hr\",\"@id\":\"https:\\\/\\\/www.sportshine.eu\\\/#\\\/schema\\\/logo\\\/image\\\/\",\"url\":\"https:\\\/\\\/www.sportshine.eu\\\/wp-content\\\/uploads\\\/2026\\\/01\\\/cropped-Sportshine.webp\",\"contentUrl\":\"https:\\\/\\\/www.sportshine.eu\\\/wp-content\\\/uploads\\\/2026\\\/01\\\/cropped-Sportshine.webp\",\"width\":295,\"height\":128,\"caption\":\"Sportshine\"},\"image\":{\"@id\":\"https:\\\/\\\/www.sportshine.eu\\\/#\\\/schema\\\/logo\\\/image\\\/\"},\"sameAs\":[\"https:\\\/\\\/www.facebook.com\\\/sportshine.eu\\\/\"]}]}<\/script>\n<!-- \/ Yoast SEO plugin. -->","yoast_head_json":{"title":"revo-cover - Sportshine","robots":{"index":"index","follow":"follow","max-snippet":"max-snippet:-1","max-image-preview":"max-image-preview:large","max-video-preview":"max-video-preview:-1"},"canonical":"https:\/\/www.sportshine.eu\/hr\/revo-poklopac\/","og_locale":"hr_HR","og_type":"article","og_title":"revo-prevleka - Sportshine","og_description":"Kaj je Revo prevleka na le\u010dah son\u010dnih o\u010dal? Son\u010dna o\u010dala niso samo modni dodatek; igrajo klju\u010dno vlogo pri za\u0161\u010diti na\u0161ih o\u010di pred \u0161kodljivimi u\u010dinki ultravijoli\u010dnih (UV) \u017earkov sonca. Vendar niso vsa son\u010dna o\u010dala enaka, zato je pomemben dejavnik pri izbiri pravih o\u010dal vrsta prevleke na le\u010dah. Med razli\u010dnimi razpolo\u017eljivimi prevlekami je Revo prevleka pridobila priljubljenost [&hellip;]","og_url":"https:\/\/www.sportshine.eu\/hr\/revo-poklopac\/","og_site_name":"Sportshine","article_publisher":"https:\/\/www.facebook.com\/sportshine.eu\/","article_modified_time":"2025-08-02T22:41:00+00:00","twitter_card":"summary_large_image","twitter_misc":{"Procijenjeno vrijeme \u010ditanja":"3 minute"},"schema":{"@context":"https:\/\/schema.org","@graph":[{"@type":"WebPage","@id":"https:\/\/www.sportshine.eu\/revo-prevleka\/","url":"https:\/\/www.sportshine.eu\/revo-prevleka\/","name":"revo-cover - Sportshine","isPartOf":{"@id":"https:\/\/www.sportshine.eu\/#website"},"datePublished":"2025-08-02T22:38:03+00:00","dateModified":"2025-08-02T22:41:00+00:00","breadcrumb":{"@id":"https:\/\/www.sportshine.eu\/revo-prevleka\/#breadcrumb"},"inLanguage":"hr","potentialAction":[{"@type":"ReadAction","target":["https:\/\/www.sportshine.eu\/revo-prevleka\/"]}]},{"@type":"BreadcrumbList","@id":"https:\/\/www.sportshine.eu\/revo-prevleka\/#breadcrumb","itemListElement":[{"@type":"ListItem","position":1,"name":"Home","item":"https:\/\/www.sportshine.eu\/"},{"@type":"ListItem","position":2,"name":"revo-prevleka"}]},{"@type":"WebSite","@id":"https:\/\/www.sportshine.eu\/#website","url":"https:\/\/www.sportshine.eu\/","name":"Sportshine","description":"Vrhunska online trgovina za biciklisti\u010dke i \u010deone svjetiljke i opremu","publisher":{"@id":"https:\/\/www.sportshine.eu\/#organization"},"potentialAction":[{"@type":"SearchAction","target":{"@type":"EntryPoint","urlTemplate":"https:\/\/www.sportshine.eu\/?s={search_term_string}"},"query-input":{"@type":"PropertyValueSpecification","valueRequired":true,"valueName":"search_term_string"}}],"inLanguage":"hr"},{"@type":"Organization","@id":"https:\/\/www.sportshine.eu\/#organization","name":"Sportshine","url":"https:\/\/www.sportshine.eu\/","logo":{"@type":"ImageObject","inLanguage":"hr","@id":"https:\/\/www.sportshine.eu\/#\/schema\/logo\/image\/","url":"https:\/\/www.sportshine.eu\/wp-content\/uploads\/2026\/01\/cropped-Sportshine.webp","contentUrl":"https:\/\/www.sportshine.eu\/wp-content\/uploads\/2026\/01\/cropped-Sportshine.webp","width":295,"height":128,"caption":"Sportshine"},"image":{"@id":"https:\/\/www.sportshine.eu\/#\/schema\/logo\/image\/"},"sameAs":["https:\/\/www.facebook.com\/sportshine.eu\/"]}]}},"_links":{"self":[{"href":"https:\/\/www.sportshine.eu\/hr\/wp-json\/wp\/v2\/pages\/7526","targetHints":{"allow":["GET"]}}],"collection":[{"href":"https:\/\/www.sportshine.eu\/hr\/wp-json\/wp\/v2\/pages"}],"about":[{"href":"https:\/\/www.sportshine.eu\/hr\/wp-json\/wp\/v2\/types\/page"}],"author":[{"embeddable":true,"href":"https:\/\/www.sportshine.eu\/hr\/wp-json\/wp\/v2\/users\/1"}],"replies":[{"embeddable":true,"href":"https:\/\/www.sportshine.eu\/hr\/wp-json\/wp\/v2\/comments?post=7526"}],"version-history":[{"count":0,"href":"https:\/\/www.sportshine.eu\/hr\/wp-json\/wp\/v2\/pages\/7526\/revisions"}],"wp:attachment":[{"href":"https:\/\/www.sportshine.eu\/hr\/wp-json\/wp\/v2\/media?parent=7526"}],"curies":[{"name":"radni list","href":"https:\/\/api.w.org\/{rel}","templated":true}]}}