{"id":4936,"date":"2025-06-23T21:09:45","date_gmt":"2025-06-23T21:09:45","guid":{"rendered":"https:\/\/www.sportshine.eu\/?page_id=4936"},"modified":"2025-11-01T23:57:06","modified_gmt":"2025-11-01T23:57:06","slug":"povrat-proizvoda-i-uvjeti-povrata-2","status":"publish","type":"page","link":"https:\/\/www.sportshine.eu\/hr\/povrat-proizvoda-i-uvjeti-povrata-2\/","title":{"rendered":"Uvjeti isporuke i cjenik"},"content":{"rendered":"<p><\/p>\n\n\n\n<p><strong>Vrijeme isporuke:<br><\/strong>Roba \u0107e biti poslana u najkra\u0107em mogu\u0107em roku. Narud\u017ebe na zalihi izvr\u0161ene do 13:00 sati radnim danom bit \u0107e poslane isti dan. Obavijest \u0107ete dobiti u pristiglu po\u0161tu na dan slanja paketa.<\/p>\n\n\n\n<p>Sve narud\u017ebe primljene do 16:00 sati radnim danom bit \u0107e obra\u0111ene isti dan. Slovenska po\u0161ta jam\u010di dostavu diljem Slovenije u roku od 3 radna dana, ovisno o lokaciji va\u0161e po\u0161te. Ako smatrate da je dostava va\u0161e narud\u017ebe odgo\u0111ena, molimo vas da nas odmah obavijestite na info@sportshine.eu ili nas nazovete na 041 798 307. U\u010dinit \u0107emo sve \u0161to je u na\u0161oj mo\u0107i kako biste \u0161to prije primili naru\u010denu robu. Za dostavu u zemlje EU koristimo dostavnu uslugu Packeta.<\/p>\n\n\n\n<p><strong>Tro\u0161kovi dostave<\/strong> <strong>u Sloveniju<\/strong> <strong>\u2013<\/strong>\u00a04,40 eura.<\/p>\n\n\n\n<p><strong>Tro\u0161kovi dostave u Hrvatsku \u2013<\/strong> 4,40 eura.<\/p>\n\n\n\n<p><strong>Tro\u0161kovi dostave u ostale zemlje EU \u2013<\/strong> 5 eura.<\/p>\n\n\n\n<p>Ako je ukupni iznos narud\u017ebe ve\u0107i od 80 EUR,&nbsp;<strong>besplatna dostava<\/strong>. (vrijedi i za druge zemlje)<\/p>\n\n\n\n<p>Ako vam je proizvod hitno potreban do odre\u0111enog datuma (ro\u0111endani, praznici itd.), savjetujemo vam da narud\u017ebu izvr\u0161ite dovoljno rano i u komentaru dodate da se radi o hitnoj dostavi, jer vas na taj na\u010din mo\u017eemo odmah kontaktirati u slu\u010daju bilo kakvih komplikacija.<\/p>","protected":false},"excerpt":{"rendered":"<p>\u010cas\u00a0dostave:Blago bo odposlano v najkraj\u0161em mo\u017enem \u010dasu. Naro\u010dila na zalogi, naro\u010dena do 13.00 ure delovnega dne, bodo odpremljena \u0161e isti dan. Na dan, ko vam bomo paket poslali, boste v svoj e-po\u0161tni nabiralnik prejeli obvestilo o zaklju\u010dku naro\u010dila. Vsa naro\u010dila, ki jih med delovniki prejmemo do 16.00 ure, bodo obdelana \u0161e isti dan. Po\u0161ta Slovenije. [&hellip;]<\/p>\n","protected":false},"author":1,"featured_media":0,"parent":0,"menu_order":0,"comment_status":"closed","ping_status":"closed","template":"","meta":{"footnotes":""},"class_list":["post-4936","page","type-page","status-publish","hentry"],"yoast_head":"<!-- This site is optimized with the Yoast SEO plugin v27.3 - https:\/\/yoast.com\/product\/yoast-seo-wordpress\/ -->\n<title>Pogoji in cenik dostave<\/title>\n<meta name=\"robots\" content=\"noindex, nofollow\" \/>\n<meta property=\"og:locale\" content=\"hr_HR\" \/>\n<meta property=\"og:type\" content=\"article\" \/>\n<meta property=\"og:title\" content=\"Pogoji in cenik dostave\" \/>\n<meta property=\"og:description\" content=\"\u010cas\u00a0dostave:Blago bo odposlano v najkraj\u0161em mo\u017enem \u010dasu. Naro\u010dila na zalogi, naro\u010dena do 13.00 ure delovnega dne, bodo odpremljena \u0161e isti dan. Na dan, ko vam bomo paket poslali, boste v svoj e-po\u0161tni nabiralnik prejeli obvestilo o zaklju\u010dku naro\u010dila. Vsa naro\u010dila, ki jih med delovniki prejmemo do 16.00 ure, bodo obdelana \u0161e isti dan. Po\u0161ta Slovenije. [&hellip;]\" \/>\n<meta property=\"og:url\" content=\"https:\/\/www.sportshine.eu\/hr\/povrat-proizvoda-i-uvjeti-povrata-2\/\" \/>\n<meta property=\"og:site_name\" content=\"Sportshine\" \/>\n<meta property=\"article:publisher\" content=\"https:\/\/www.facebook.com\/sportshine.eu\/\" \/>\n<meta property=\"article:modified_time\" content=\"2025-11-01T23:57:06+00:00\" \/>\n<meta name=\"twitter:card\" content=\"summary_large_image\" \/>\n<meta name=\"twitter:label1\" content=\"Procijenjeno vrijeme \u010ditanja\" \/>\n\t<meta name=\"twitter:data1\" content=\"1 minuta\" \/>\n<script type=\"application\/ld+json\" class=\"yoast-schema-graph\">{\"@context\":\"https:\\\/\\\/schema.org\",\"@graph\":[{\"@type\":\"WebPage\",\"@id\":\"https:\\\/\\\/www.sportshine.eu\\\/vracilo-izdelka-in-pogoji-za-vracilo-2\\\/\",\"url\":\"https:\\\/\\\/www.sportshine.eu\\\/vracilo-izdelka-in-pogoji-za-vracilo-2\\\/\",\"name\":\"Pogoji in cenik dostave\",\"isPartOf\":{\"@id\":\"https:\\\/\\\/www.sportshine.eu\\\/#website\"},\"datePublished\":\"2025-06-23T21:09:45+00:00\",\"dateModified\":\"2025-11-01T23:57:06+00:00\",\"breadcrumb\":{\"@id\":\"https:\\\/\\\/www.sportshine.eu\\\/vracilo-izdelka-in-pogoji-za-vracilo-2\\\/#breadcrumb\"},\"inLanguage\":\"hr\",\"potentialAction\":[{\"@type\":\"ReadAction\",\"target\":[\"https:\\\/\\\/www.sportshine.eu\\\/vracilo-izdelka-in-pogoji-za-vracilo-2\\\/\"]}]},{\"@type\":\"BreadcrumbList\",\"@id\":\"https:\\\/\\\/www.sportshine.eu\\\/vracilo-izdelka-in-pogoji-za-vracilo-2\\\/#breadcrumb\",\"itemListElement\":[{\"@type\":\"ListItem\",\"position\":1,\"name\":\"Home\",\"item\":\"https:\\\/\\\/www.sportshine.eu\\\/\"},{\"@type\":\"ListItem\",\"position\":2,\"name\":\"Pogoji in cenik dostave\"}]},{\"@type\":\"WebSite\",\"@id\":\"https:\\\/\\\/www.sportshine.eu\\\/#website\",\"url\":\"https:\\\/\\\/www.sportshine.eu\\\/\",\"name\":\"Sportshine\",\"description\":\"Top spletna trgovina kolesarskih in naglavnih svetilk ter opreme\",\"publisher\":{\"@id\":\"https:\\\/\\\/www.sportshine.eu\\\/#organization\"},\"potentialAction\":[{\"@type\":\"SearchAction\",\"target\":{\"@type\":\"EntryPoint\",\"urlTemplate\":\"https:\\\/\\\/www.sportshine.eu\\\/?s={search_term_string}\"},\"query-input\":{\"@type\":\"PropertyValueSpecification\",\"valueRequired\":true,\"valueName\":\"search_term_string\"}}],\"inLanguage\":\"hr\"},{\"@type\":\"Organization\",\"@id\":\"https:\\\/\\\/www.sportshine.eu\\\/#organization\",\"name\":\"Sportshine\",\"url\":\"https:\\\/\\\/www.sportshine.eu\\\/\",\"logo\":{\"@type\":\"ImageObject\",\"inLanguage\":\"hr\",\"@id\":\"https:\\\/\\\/www.sportshine.eu\\\/#\\\/schema\\\/logo\\\/image\\\/\",\"url\":\"https:\\\/\\\/www.sportshine.eu\\\/wp-content\\\/uploads\\\/2026\\\/01\\\/cropped-Sportshine.webp\",\"contentUrl\":\"https:\\\/\\\/www.sportshine.eu\\\/wp-content\\\/uploads\\\/2026\\\/01\\\/cropped-Sportshine.webp\",\"width\":295,\"height\":128,\"caption\":\"Sportshine\"},\"image\":{\"@id\":\"https:\\\/\\\/www.sportshine.eu\\\/#\\\/schema\\\/logo\\\/image\\\/\"},\"sameAs\":[\"https:\\\/\\\/www.facebook.com\\\/sportshine.eu\\\/\"]}]}<\/script>\n<!-- \/ Yoast SEO plugin. -->","yoast_head_json":{"title":"Uvjeti isporuke i cjenik","robots":{"index":"noindex","follow":"nofollow"},"og_locale":"hr_HR","og_type":"article","og_title":"Pogoji in cenik dostave","og_description":"\u010cas\u00a0dostave:Blago bo odposlano v najkraj\u0161em mo\u017enem \u010dasu. Naro\u010dila na zalogi, naro\u010dena do 13.00 ure delovnega dne, bodo odpremljena \u0161e isti dan. Na dan, ko vam bomo paket poslali, boste v svoj e-po\u0161tni nabiralnik prejeli obvestilo o zaklju\u010dku naro\u010dila. Vsa naro\u010dila, ki jih med delovniki prejmemo do 16.00 ure, bodo obdelana \u0161e isti dan. Po\u0161ta Slovenije. [&hellip;]","og_url":"https:\/\/www.sportshine.eu\/hr\/povrat-proizvoda-i-uvjeti-povrata-2\/","og_site_name":"Sportshine","article_publisher":"https:\/\/www.facebook.com\/sportshine.eu\/","article_modified_time":"2025-11-01T23:57:06+00:00","twitter_card":"summary_large_image","twitter_misc":{"Procijenjeno vrijeme \u010ditanja":"1 minuta"},"schema":{"@context":"https:\/\/schema.org","@graph":[{"@type":"WebPage","@id":"https:\/\/www.sportshine.eu\/vracilo-izdelka-in-pogoji-za-vracilo-2\/","url":"https:\/\/www.sportshine.eu\/vracilo-izdelka-in-pogoji-za-vracilo-2\/","name":"Uvjeti isporuke i cjenik","isPartOf":{"@id":"https:\/\/www.sportshine.eu\/#website"},"datePublished":"2025-06-23T21:09:45+00:00","dateModified":"2025-11-01T23:57:06+00:00","breadcrumb":{"@id":"https:\/\/www.sportshine.eu\/vracilo-izdelka-in-pogoji-za-vracilo-2\/#breadcrumb"},"inLanguage":"hr","potentialAction":[{"@type":"ReadAction","target":["https:\/\/www.sportshine.eu\/vracilo-izdelka-in-pogoji-za-vracilo-2\/"]}]},{"@type":"BreadcrumbList","@id":"https:\/\/www.sportshine.eu\/vracilo-izdelka-in-pogoji-za-vracilo-2\/#breadcrumb","itemListElement":[{"@type":"ListItem","position":1,"name":"Home","item":"https:\/\/www.sportshine.eu\/"},{"@type":"ListItem","position":2,"name":"Pogoji in cenik dostave"}]},{"@type":"WebSite","@id":"https:\/\/www.sportshine.eu\/#website","url":"https:\/\/www.sportshine.eu\/","name":"Sportshine","description":"Vrhunska online trgovina za biciklisti\u010dke i \u010deone svjetiljke i opremu","publisher":{"@id":"https:\/\/www.sportshine.eu\/#organization"},"potentialAction":[{"@type":"SearchAction","target":{"@type":"EntryPoint","urlTemplate":"https:\/\/www.sportshine.eu\/?s={search_term_string}"},"query-input":{"@type":"PropertyValueSpecification","valueRequired":true,"valueName":"search_term_string"}}],"inLanguage":"hr"},{"@type":"Organization","@id":"https:\/\/www.sportshine.eu\/#organization","name":"Sportshine","url":"https:\/\/www.sportshine.eu\/","logo":{"@type":"ImageObject","inLanguage":"hr","@id":"https:\/\/www.sportshine.eu\/#\/schema\/logo\/image\/","url":"https:\/\/www.sportshine.eu\/wp-content\/uploads\/2026\/01\/cropped-Sportshine.webp","contentUrl":"https:\/\/www.sportshine.eu\/wp-content\/uploads\/2026\/01\/cropped-Sportshine.webp","width":295,"height":128,"caption":"Sportshine"},"image":{"@id":"https:\/\/www.sportshine.eu\/#\/schema\/logo\/image\/"},"sameAs":["https:\/\/www.facebook.com\/sportshine.eu\/"]}]}},"_links":{"self":[{"href":"https:\/\/www.sportshine.eu\/hr\/wp-json\/wp\/v2\/pages\/4936","targetHints":{"allow":["GET"]}}],"collection":[{"href":"https:\/\/www.sportshine.eu\/hr\/wp-json\/wp\/v2\/pages"}],"about":[{"href":"https:\/\/www.sportshine.eu\/hr\/wp-json\/wp\/v2\/types\/page"}],"author":[{"embeddable":true,"href":"https:\/\/www.sportshine.eu\/hr\/wp-json\/wp\/v2\/users\/1"}],"replies":[{"embeddable":true,"href":"https:\/\/www.sportshine.eu\/hr\/wp-json\/wp\/v2\/comments?post=4936"}],"version-history":[{"count":0,"href":"https:\/\/www.sportshine.eu\/hr\/wp-json\/wp\/v2\/pages\/4936\/revisions"}],"wp:attachment":[{"href":"https:\/\/www.sportshine.eu\/hr\/wp-json\/wp\/v2\/media?parent=4936"}],"curies":[{"name":"radni list","href":"https:\/\/api.w.org\/{rel}","templated":true}]}}