{"id":12,"date":"2025-06-23T21:00:52","date_gmt":"2025-06-23T21:00:52","guid":{"rendered":"https:\/\/www.sportshine.eu\/?page_id=12"},"modified":"2025-08-02T15:39:31","modified_gmt":"2025-08-02T15:39:31","slug":"povrat-proizvoda-i-uvjeti-povrata","status":"publish","type":"page","link":"https:\/\/www.sportshine.eu\/hr\/povrat-proizvoda-i-uvjeti-povrata\/","title":{"rendered":"Povrat proizvoda i uvjeti povrata"},"content":{"rendered":"<p>Ako \u017eelite otkazati narud\u017ebu, molimo kontaktirajte nas na info@sportshine.eu. Kupci koji nisu zadovoljni naru\u010denim proizvodima mogu vratiti robu o vlastitom tro\u0161ku u zakonski propisanom roku. Rok za povrat robe je 30 dana od dana kada kupac preuzme robu.<\/p>\n\n\n\n<p>Pru\u017eatelj usluga \u0107e zadr\u017eati povrat primljenih uplata dok ne primi vra\u0107enu robu ili dok Kupac ne dostavi dokaz da je roba poslana natrag. Pru\u017eatelj usluga \u0107e Kupcu vratiti puni iznos kupnje.<\/p>\n\n\n\n<p>U slu\u010daju odustajanja od ugovora, kupac snosi samo tro\u0161kove povrata robe. Na povrat robe primjenjuju se odredbe \u010dlanka 43. Zakona o za\u0161titi potro\u0161a\u010da. Povrat razmatramo samo ako je vra\u0107ena roba u originalnoj, neo\u0161te\u0107enoj ambala\u017ei zajedno s prilo\u017eenom dokumentacijom. Osim ako je roba uni\u0161tena, o\u0161te\u0107ena, izgubljena ili se njezina koli\u010dina smanjila bez krivnje kupca.<\/p>\n\n\n\n<p>Kupac je odgovoran za svako smanjenje vrijednosti robe ako je smanjenje vrijednosti rezultat pona\u0161anja koje nije nu\u017eno potrebno za utvr\u0111ivanje prirode, svojstava i funkcioniranja robe. Povrat novca bit \u0107e izvr\u0161en u najkra\u0107em mogu\u0107em roku, a najkasnije u roku od 30 dana od primitka obavijesti o odustanku od ugovora. Povrat novca vr\u0161i se na bankovni ra\u010dun kupca. Povrat primljene robe tvrtki unutar roka za odustanak smatra se obavijesti o odustanku od ugovora. Va\u0161e osobne podatke koristit \u0107emo isklju\u010divo u svrhu ispunjenja narud\u017ebe i za ostalu potrebnu komunikaciju. Proizvode mo\u017eete vratiti po\u0161tom na sljede\u0107u adresu:<\/p>\n\n\n\n<ul class=\"wp-block-list\">\n<li>SPORTSHINE, Ale\u0161 Vicozi sp<br>Kamnikarska ulica 27<br>1291 Lavrica Slovenija<\/li>\n<\/ul>\n\n\n\n<p>Vratit \u0107emo vam kupovnu cijenu za vra\u0107ene proizvode na va\u0161 transakcijski ra\u010dun najkasnije u roku od 30 dana ili \u0107emo je, po dogovoru, smatrati kreditom za va\u0161u sljede\u0107u kupnju.<\/p>\n\n\n\n<p><\/p>\n\n\n\n<p><\/p>","protected":false},"excerpt":{"rendered":"<p>\u010ce \u017eelite preklicati naro\u010dilo, nam pi\u0161ite na naslovu info@sportshine.eu. Kupci, ki z naro\u010denimi izdelki niso zadovoljni, lahko blago na svoje stro\u0161ke v zakonsko dolo\u010denem roku vrnejo. Rok za vra\u010dilo blaga je 30 dni od dne, ko kupec pridobi posest nad blagom. Ponudnik zadr\u017ei vra\u010dilo prejetih pla\u010dil do prevzema vrnjenega blaga ali dokler kupec ne predlo\u017ei [&hellip;]<\/p>\n","protected":false},"author":1,"featured_media":0,"parent":0,"menu_order":0,"comment_status":"closed","ping_status":"closed","template":"","meta":{"footnotes":""},"class_list":["post-12","page","type-page","status-publish","hentry"],"yoast_head":"<!-- This site is optimized with the Yoast SEO plugin v27.3 - https:\/\/yoast.com\/product\/yoast-seo-wordpress\/ -->\n<title>Vra\u010dilo izdelka in pogoji za vra\u010dilo<\/title>\n<meta name=\"robots\" content=\"noindex, nofollow\" \/>\n<meta property=\"og:locale\" content=\"hr_HR\" \/>\n<meta property=\"og:type\" content=\"article\" \/>\n<meta property=\"og:title\" content=\"Vra\u010dilo izdelka in pogoji za vra\u010dilo\" \/>\n<meta property=\"og:description\" content=\"\u010ce \u017eelite preklicati naro\u010dilo, nam pi\u0161ite na naslovu info@sportshine.eu. Kupci, ki z naro\u010denimi izdelki niso zadovoljni, lahko blago na svoje stro\u0161ke v zakonsko dolo\u010denem roku vrnejo. Rok za vra\u010dilo blaga je 30 dni od dne, ko kupec pridobi posest nad blagom. Ponudnik zadr\u017ei vra\u010dilo prejetih pla\u010dil do prevzema vrnjenega blaga ali dokler kupec ne predlo\u017ei [&hellip;]\" \/>\n<meta property=\"og:url\" content=\"https:\/\/www.sportshine.eu\/hr\/povrat-proizvoda-i-uvjeti-povrata\/\" \/>\n<meta property=\"og:site_name\" content=\"Sportshine\" \/>\n<meta property=\"article:publisher\" content=\"https:\/\/www.facebook.com\/sportshine.eu\/\" \/>\n<meta property=\"article:modified_time\" content=\"2025-08-02T15:39:31+00:00\" \/>\n<meta name=\"twitter:card\" content=\"summary_large_image\" \/>\n<meta name=\"twitter:label1\" content=\"Procijenjeno vrijeme \u010ditanja\" \/>\n\t<meta name=\"twitter:data1\" content=\"2 minute\" \/>\n<script type=\"application\/ld+json\" class=\"yoast-schema-graph\">{\"@context\":\"https:\\\/\\\/schema.org\",\"@graph\":[{\"@type\":\"WebPage\",\"@id\":\"https:\\\/\\\/www.sportshine.eu\\\/vracilo-izdelka-in-pogoji-za-vracilo\\\/\",\"url\":\"https:\\\/\\\/www.sportshine.eu\\\/vracilo-izdelka-in-pogoji-za-vracilo\\\/\",\"name\":\"Vra\u010dilo izdelka in pogoji za vra\u010dilo\",\"isPartOf\":{\"@id\":\"https:\\\/\\\/www.sportshine.eu\\\/#website\"},\"datePublished\":\"2025-06-23T21:00:52+00:00\",\"dateModified\":\"2025-08-02T15:39:31+00:00\",\"breadcrumb\":{\"@id\":\"https:\\\/\\\/www.sportshine.eu\\\/vracilo-izdelka-in-pogoji-za-vracilo\\\/#breadcrumb\"},\"inLanguage\":\"hr\",\"potentialAction\":[{\"@type\":\"ReadAction\",\"target\":[\"https:\\\/\\\/www.sportshine.eu\\\/vracilo-izdelka-in-pogoji-za-vracilo\\\/\"]}]},{\"@type\":\"BreadcrumbList\",\"@id\":\"https:\\\/\\\/www.sportshine.eu\\\/vracilo-izdelka-in-pogoji-za-vracilo\\\/#breadcrumb\",\"itemListElement\":[{\"@type\":\"ListItem\",\"position\":1,\"name\":\"Home\",\"item\":\"https:\\\/\\\/www.sportshine.eu\\\/\"},{\"@type\":\"ListItem\",\"position\":2,\"name\":\"Vra\u010dilo izdelka in pogoji za vra\u010dilo\"}]},{\"@type\":\"WebSite\",\"@id\":\"https:\\\/\\\/www.sportshine.eu\\\/#website\",\"url\":\"https:\\\/\\\/www.sportshine.eu\\\/\",\"name\":\"Sportshine\",\"description\":\"Top spletna trgovina kolesarskih in naglavnih svetilk ter opreme\",\"publisher\":{\"@id\":\"https:\\\/\\\/www.sportshine.eu\\\/#organization\"},\"potentialAction\":[{\"@type\":\"SearchAction\",\"target\":{\"@type\":\"EntryPoint\",\"urlTemplate\":\"https:\\\/\\\/www.sportshine.eu\\\/?s={search_term_string}\"},\"query-input\":{\"@type\":\"PropertyValueSpecification\",\"valueRequired\":true,\"valueName\":\"search_term_string\"}}],\"inLanguage\":\"hr\"},{\"@type\":\"Organization\",\"@id\":\"https:\\\/\\\/www.sportshine.eu\\\/#organization\",\"name\":\"Sportshine\",\"url\":\"https:\\\/\\\/www.sportshine.eu\\\/\",\"logo\":{\"@type\":\"ImageObject\",\"inLanguage\":\"hr\",\"@id\":\"https:\\\/\\\/www.sportshine.eu\\\/#\\\/schema\\\/logo\\\/image\\\/\",\"url\":\"https:\\\/\\\/www.sportshine.eu\\\/wp-content\\\/uploads\\\/2026\\\/01\\\/cropped-Sportshine.webp\",\"contentUrl\":\"https:\\\/\\\/www.sportshine.eu\\\/wp-content\\\/uploads\\\/2026\\\/01\\\/cropped-Sportshine.webp\",\"width\":295,\"height\":128,\"caption\":\"Sportshine\"},\"image\":{\"@id\":\"https:\\\/\\\/www.sportshine.eu\\\/#\\\/schema\\\/logo\\\/image\\\/\"},\"sameAs\":[\"https:\\\/\\\/www.facebook.com\\\/sportshine.eu\\\/\"]}]}<\/script>\n<!-- \/ Yoast SEO plugin. -->","yoast_head_json":{"title":"Povrat proizvoda i uvjeti povrata","robots":{"index":"noindex","follow":"nofollow"},"og_locale":"hr_HR","og_type":"article","og_title":"Vra\u010dilo izdelka in pogoji za vra\u010dilo","og_description":"\u010ce \u017eelite preklicati naro\u010dilo, nam pi\u0161ite na naslovu info@sportshine.eu. Kupci, ki z naro\u010denimi izdelki niso zadovoljni, lahko blago na svoje stro\u0161ke v zakonsko dolo\u010denem roku vrnejo. Rok za vra\u010dilo blaga je 30 dni od dne, ko kupec pridobi posest nad blagom. Ponudnik zadr\u017ei vra\u010dilo prejetih pla\u010dil do prevzema vrnjenega blaga ali dokler kupec ne predlo\u017ei [&hellip;]","og_url":"https:\/\/www.sportshine.eu\/hr\/povrat-proizvoda-i-uvjeti-povrata\/","og_site_name":"Sportshine","article_publisher":"https:\/\/www.facebook.com\/sportshine.eu\/","article_modified_time":"2025-08-02T15:39:31+00:00","twitter_card":"summary_large_image","twitter_misc":{"Procijenjeno vrijeme \u010ditanja":"2 minute"},"schema":{"@context":"https:\/\/schema.org","@graph":[{"@type":"WebPage","@id":"https:\/\/www.sportshine.eu\/vracilo-izdelka-in-pogoji-za-vracilo\/","url":"https:\/\/www.sportshine.eu\/vracilo-izdelka-in-pogoji-za-vracilo\/","name":"Povrat proizvoda i uvjeti povrata","isPartOf":{"@id":"https:\/\/www.sportshine.eu\/#website"},"datePublished":"2025-06-23T21:00:52+00:00","dateModified":"2025-08-02T15:39:31+00:00","breadcrumb":{"@id":"https:\/\/www.sportshine.eu\/vracilo-izdelka-in-pogoji-za-vracilo\/#breadcrumb"},"inLanguage":"hr","potentialAction":[{"@type":"ReadAction","target":["https:\/\/www.sportshine.eu\/vracilo-izdelka-in-pogoji-za-vracilo\/"]}]},{"@type":"BreadcrumbList","@id":"https:\/\/www.sportshine.eu\/vracilo-izdelka-in-pogoji-za-vracilo\/#breadcrumb","itemListElement":[{"@type":"ListItem","position":1,"name":"Home","item":"https:\/\/www.sportshine.eu\/"},{"@type":"ListItem","position":2,"name":"Vra\u010dilo izdelka in pogoji za vra\u010dilo"}]},{"@type":"WebSite","@id":"https:\/\/www.sportshine.eu\/#website","url":"https:\/\/www.sportshine.eu\/","name":"Sportshine","description":"Vrhunska online trgovina za biciklisti\u010dke i \u010deone svjetiljke i opremu","publisher":{"@id":"https:\/\/www.sportshine.eu\/#organization"},"potentialAction":[{"@type":"SearchAction","target":{"@type":"EntryPoint","urlTemplate":"https:\/\/www.sportshine.eu\/?s={search_term_string}"},"query-input":{"@type":"PropertyValueSpecification","valueRequired":true,"valueName":"search_term_string"}}],"inLanguage":"hr"},{"@type":"Organization","@id":"https:\/\/www.sportshine.eu\/#organization","name":"Sportshine","url":"https:\/\/www.sportshine.eu\/","logo":{"@type":"ImageObject","inLanguage":"hr","@id":"https:\/\/www.sportshine.eu\/#\/schema\/logo\/image\/","url":"https:\/\/www.sportshine.eu\/wp-content\/uploads\/2026\/01\/cropped-Sportshine.webp","contentUrl":"https:\/\/www.sportshine.eu\/wp-content\/uploads\/2026\/01\/cropped-Sportshine.webp","width":295,"height":128,"caption":"Sportshine"},"image":{"@id":"https:\/\/www.sportshine.eu\/#\/schema\/logo\/image\/"},"sameAs":["https:\/\/www.facebook.com\/sportshine.eu\/"]}]}},"_links":{"self":[{"href":"https:\/\/www.sportshine.eu\/hr\/wp-json\/wp\/v2\/pages\/12","targetHints":{"allow":["GET"]}}],"collection":[{"href":"https:\/\/www.sportshine.eu\/hr\/wp-json\/wp\/v2\/pages"}],"about":[{"href":"https:\/\/www.sportshine.eu\/hr\/wp-json\/wp\/v2\/types\/page"}],"author":[{"embeddable":true,"href":"https:\/\/www.sportshine.eu\/hr\/wp-json\/wp\/v2\/users\/1"}],"replies":[{"embeddable":true,"href":"https:\/\/www.sportshine.eu\/hr\/wp-json\/wp\/v2\/comments?post=12"}],"version-history":[{"count":0,"href":"https:\/\/www.sportshine.eu\/hr\/wp-json\/wp\/v2\/pages\/12\/revisions"}],"wp:attachment":[{"href":"https:\/\/www.sportshine.eu\/hr\/wp-json\/wp\/v2\/media?parent=12"}],"curies":[{"name":"radni list","href":"https:\/\/api.w.org\/{rel}","templated":true}]}}