{"id":8093,"date":"2026-03-01T08:14:28","date_gmt":"2026-03-01T08:14:28","guid":{"rendered":"https:\/\/www.sportshine.eu\/?post_type=product&#038;p=8093"},"modified":"2026-04-07T19:56:06","modified_gmt":"2026-04-07T19:56:06","slug":"magicshine-hori-900-bike-lights","status":"publish","type":"product","link":"https:\/\/www.sportshine.eu\/en\/shop\/magicshine-hori-900-bike-lights\/","title":{"rendered":"Magicshine HORI 900 bicycle light"},"content":{"rendered":"<h3 style=\"text-align: center;\">VIDEO PRESENTATION OF THE MAGICSHINE HORI 900 CYCLE LIGHT<\/h3>\n<p><iframe loading=\"lazy\" title=\"Magicshine | Hori Series, built for road urban cyclists\" width=\"500\" height=\"281\" src=\"https:\/\/www.youtube.com\/embed\/pR_mXHN7vKI?feature=oembed\" frameborder=\"0\" allow=\"accelerometer; autoplay; clipboard-write; encrypted-media; gyroscope; picture-in-picture; web-share\" referrerpolicy=\"strict-origin-when-cross-origin\" allowfullscreen><\/iframe><\/p>\n<h3 style=\"text-align: center;\">INTEGRATED COUNTER MOUNTING BRACKET<\/h3>\n<p style=\"text-align: center;\">Mount your Garmin or Wahoo computer directly on top of the light \u2013 compact, handlebar-friendly and race-ready.<\/p>\n<p><img decoding=\"async\" class=\"aligncenter wp-image-8098\" src=\"https:\/\/www.sportshine.eu\/wp-content\/uploads\/2025\/10\/HORI_900_10.webp\" alt=\"Magicshine Hori 900\" width=\"800\" height=\"800\" srcset=\"https:\/\/www.sportshine.eu\/wp-content\/uploads\/2025\/10\/HORI_900_10.webp 690w, https:\/\/www.sportshine.eu\/wp-content\/uploads\/2025\/10\/HORI_900_10-600x600.webp 600w\" sizes=\"(max-width: 800px) 100vw, 800px\" \/><\/p>\n<p>&nbsp;<\/p>\n<h3 style=\"text-align: center;\">EXPERIENCE THE POWER OF 900 LUMENS<\/h3>\n<p style=\"text-align: center;\">The high-performance LED provides a maximum brightness of 900 lumens.<\/p>\n<p><img decoding=\"async\" class=\"aligncenter wp-image-8099 size-full\" src=\"https:\/\/www.sportshine.eu\/wp-content\/uploads\/2025\/10\/26.webp\" alt=\"Hori 900\" width=\"800\" height=\"800\" srcset=\"https:\/\/www.sportshine.eu\/wp-content\/uploads\/2025\/10\/26.webp 800w, https:\/\/www.sportshine.eu\/wp-content\/uploads\/2025\/10\/26-768x768.webp 768w, https:\/\/www.sportshine.eu\/wp-content\/uploads\/2025\/10\/26-600x600.webp 600w\" sizes=\"(max-width: 800px) 100vw, 800px\" \/><\/p>\n<h3 style=\"text-align: center;\">WEATHER RESISTANT<\/h3>\n<p style=\"text-align: center;\">Rain, drizzle or storm \u2014 with IPX6 waterproof protection, the HORI 900 always ensures a bright and safe ride.<\/p>\n<p><img decoding=\"async\" class=\"aligncenter wp-image-8102 size-full\" src=\"https:\/\/www.sportshine.eu\/wp-content\/uploads\/2025\/10\/magicshine-HORI-900-bike-light-sell-point-3.webp\" alt=\"Magicshine Hori 900\" width=\"800\" height=\"800\" srcset=\"https:\/\/www.sportshine.eu\/wp-content\/uploads\/2025\/10\/magicshine-HORI-900-bike-light-sell-point-3.webp 800w, https:\/\/www.sportshine.eu\/wp-content\/uploads\/2025\/10\/magicshine-HORI-900-bike-light-sell-point-3-768x768.webp 768w, https:\/\/www.sportshine.eu\/wp-content\/uploads\/2025\/10\/magicshine-HORI-900-bike-light-sell-point-3-600x600.webp 600w\" sizes=\"(max-width: 800px) 100vw, 800px\" \/><\/p>\n<h3 style=\"text-align: center;\">STAND OUT EVEN DURING THE DAY<\/h3>\n<p style=\"text-align: center;\">DRL (Daytime Running Light) technology increases your visibility in bright conditions with a strong flashing and steady mode that attracts everyone&#039;s attention.<\/p>\n<p><img decoding=\"async\" class=\"aligncenter wp-image-8103 size-full\" src=\"https:\/\/www.sportshine.eu\/wp-content\/uploads\/2025\/10\/magicshine-HORI-900-bike-light-sell-point-9.webp\" alt=\"Magicshine HORI 900 light\" width=\"814\" height=\"812\" srcset=\"https:\/\/www.sportshine.eu\/wp-content\/uploads\/2025\/10\/magicshine-HORI-900-bike-light-sell-point-9.webp 814w, https:\/\/www.sportshine.eu\/wp-content\/uploads\/2025\/10\/magicshine-HORI-900-bike-light-sell-point-9-768x766.webp 768w, https:\/\/www.sportshine.eu\/wp-content\/uploads\/2025\/10\/magicshine-HORI-900-bike-light-sell-point-9-600x599.webp 600w\" sizes=\"(max-width: 814px) 100vw, 814px\" \/><\/p>\n<h3 style=\"text-align: center;\">PRECISE BEAM CUT-OFF OPTION<\/h3>\n<p style=\"text-align: center;\">The glare-free optical design directs the light precisely onto the road, protecting both oncoming cyclists and drivers.<\/p>\n<p><img decoding=\"async\" class=\"aligncenter wp-image-8105 size-full\" src=\"https:\/\/www.sportshine.eu\/wp-content\/uploads\/2025\/10\/Magicshine-HORI-900-2.webp\" alt=\"Magicshine HORI 900 \" width=\"814\" height=\"814\" srcset=\"https:\/\/www.sportshine.eu\/wp-content\/uploads\/2025\/10\/Magicshine-HORI-900-2.webp 814w, https:\/\/www.sportshine.eu\/wp-content\/uploads\/2025\/10\/Magicshine-HORI-900-2-768x768.webp 768w, https:\/\/www.sportshine.eu\/wp-content\/uploads\/2025\/10\/Magicshine-HORI-900-2-600x600.webp 600w\" sizes=\"(max-width: 814px) 100vw, 814px\" \/><\/p>\n<h3 style=\"text-align: center;\">CUSTOMIZED MODES VIA THE APP<\/h3>\n<p style=\"text-align: center;\">Using the Magicshine app, you can adjust the brightness and operation of the lights according to each situation on the road.<\/p>\n<p><img decoding=\"async\" class=\"aligncenter wp-image-8106 size-full\" src=\"https:\/\/www.sportshine.eu\/wp-content\/uploads\/2025\/10\/Magicshine-Hori-900-luc-za-kolo.webp\" alt=\"Magicshine Hori 900 bike light\" width=\"814\" height=\"814\" srcset=\"https:\/\/www.sportshine.eu\/wp-content\/uploads\/2025\/10\/Magicshine-Hori-900-luc-za-kolo.webp 814w, https:\/\/www.sportshine.eu\/wp-content\/uploads\/2025\/10\/Magicshine-Hori-900-luc-za-kolo-768x768.webp 768w, https:\/\/www.sportshine.eu\/wp-content\/uploads\/2025\/10\/Magicshine-Hori-900-luc-za-kolo-600x600.webp 600w\" sizes=\"(max-width: 814px) 100vw, 814px\" \/><\/p>\n<h3 style=\"text-align: center;\">FAST CHARGING VIA USB-C<\/h3>\n<p style=\"text-align: center;\">With fast charging via USB-C, the battery is fully charged in about 2.5 hours.<\/p>\n<p><img decoding=\"async\" class=\"aligncenter wp-image-8107 size-full\" src=\"https:\/\/www.sportshine.eu\/wp-content\/uploads\/2025\/10\/Luc-za-kolo-Hori-900.webp\" alt=\"Hori 900 bicycle light\" width=\"814\" height=\"814\" srcset=\"https:\/\/www.sportshine.eu\/wp-content\/uploads\/2025\/10\/Luc-za-kolo-Hori-900.webp 814w, https:\/\/www.sportshine.eu\/wp-content\/uploads\/2025\/10\/Luc-za-kolo-Hori-900-768x768.webp 768w, https:\/\/www.sportshine.eu\/wp-content\/uploads\/2025\/10\/Luc-za-kolo-Hori-900-600x600.webp 600w\" sizes=\"(max-width: 814px) 100vw, 814px\" \/><\/p>\n<h3 style=\"text-align: center;\">RELIABLE UPTIME<\/h3>\n<p style=\"text-align: center;\">The built-in 2000 mAh battery provides reliable runtime for your daily rides.<\/p>\n<p><img decoding=\"async\" class=\"aligncenter wp-image-8108 size-full\" src=\"https:\/\/www.sportshine.eu\/wp-content\/uploads\/2025\/10\/Hori-900-Magicshine.webp\" alt=\"Hori 900 Magicshine\" width=\"800\" height=\"800\" srcset=\"https:\/\/www.sportshine.eu\/wp-content\/uploads\/2025\/10\/Hori-900-Magicshine.webp 800w, https:\/\/www.sportshine.eu\/wp-content\/uploads\/2025\/10\/Hori-900-Magicshine-768x768.webp 768w, https:\/\/www.sportshine.eu\/wp-content\/uploads\/2025\/10\/Hori-900-Magicshine-600x600.webp 600w\" sizes=\"(max-width: 800px) 100vw, 800px\" \/><\/p>\n<h3 style=\"text-align: center;\">WHAT DO YOU GET IN THE PACKAGE?<\/h3>\n<p><img decoding=\"async\" class=\"aligncenter wp-image-8109 size-full\" src=\"https:\/\/www.sportshine.eu\/wp-content\/uploads\/2025\/10\/magicshine-HORI-900-bike-light-in-the-box-pc.webp\" alt=\"Magicshine Hori 900 bike light\" width=\"2000\" height=\"900\" srcset=\"https:\/\/www.sportshine.eu\/wp-content\/uploads\/2025\/10\/magicshine-HORI-900-bike-light-in-the-box-pc.webp 2000w, https:\/\/www.sportshine.eu\/wp-content\/uploads\/2025\/10\/magicshine-HORI-900-bike-light-in-the-box-pc-768x346.webp 768w, https:\/\/www.sportshine.eu\/wp-content\/uploads\/2025\/10\/magicshine-HORI-900-bike-light-in-the-box-pc-1536x691.webp 1536w, https:\/\/www.sportshine.eu\/wp-content\/uploads\/2025\/10\/magicshine-HORI-900-bike-light-in-the-box-pc-600x270.webp 600w\" sizes=\"(max-width: 2000px) 100vw, 2000px\" \/><\/p>","protected":false},"excerpt":{"rendered":"<p>The Magicshine HORI 900 is your perfect solution for safety and visibility on your bike. This powerful light provides powerful illumination (up to <b>900 LM<\/b>) that will illuminate any path. With advanced flash modes, including a dedicated day and night flash, you are extremely visible day and night. The light has a compact housing with the option of top or bottom mounting for perfect integration with your bike computer. Control is easy via a button on the light itself, which allows you to switch between modes and activate the lock mode during transport. In addition, the light can be connected to the Magicshine app and supports the FTR LightSync Control function for synchronization with the rear light.<\/p>\n<hr \/>\n<p><b>Key features:<\/b><\/p>\n<ul>\n<li>900 LM full power to illuminate every path.<\/li>\n<li>Day and night flash for maximum safety.<\/li>\n<li>Supports installation under and above the bike computer mount<\/li>\n<li>Connectivity with Magicshine app and FTR LightSync Control.<\/li>\n<\/ul>","protected":false},"featured_media":8095,"comment_status":"open","ping_status":"closed","template":"","meta":[],"product_brand":[131],"product_cat":[82,150],"product_tag":[],"class_list":{"0":"post-8093","1":"product","2":"type-product","3":"status-publish","4":"has-post-thumbnail","6":"product_brand-magicshine","7":"product_cat-kolesarske-luci","8":"product_cat-sprednje-kolesarske-luci","10":"first","11":"instock","12":"sale","13":"taxable","14":"shipping-taxable","15":"purchasable","16":"product-type-simple"},"yoast_head":"<!-- This site is optimized with the Yoast SEO plugin v27.3 - https:\/\/yoast.com\/product\/yoast-seo-wordpress\/ -->\n<title>Magicshine HORI 900 lu\u010d za kolo<\/title>\n<meta name=\"description\" content=\"Vrhunska kolesarska lu\u010d z mo\u017enostjo namestitve pod kolesarski \u0161tevec. Z mo\u010djo 900 lumnov odli\u010dno razsvetli okolico in poskrbi, da ste na cesti vidni.\" \/>\n<meta name=\"robots\" content=\"index, follow, max-snippet:-1, max-image-preview:large, max-video-preview:-1\" \/>\n<link rel=\"canonical\" href=\"https:\/\/www.sportshine.eu\/en\/shop\/magicshine-hori-900-bike-lights\/\" \/>\n<meta property=\"og:locale\" content=\"en_GB\" \/>\n<meta property=\"og:type\" content=\"article\" \/>\n<meta property=\"og:title\" content=\"Magicshine HORI 900 lu\u010d za kolo\" \/>\n<meta property=\"og:description\" content=\"Vrhunska kolesarska lu\u010d z mo\u017enostjo namestitve pod kolesarski \u0161tevec. Z mo\u010djo 900 lumnov odli\u010dno razsvetli okolico in poskrbi, da ste na cesti vidni.\" \/>\n<meta property=\"og:url\" content=\"https:\/\/www.sportshine.eu\/en\/shop\/magicshine-hori-900-bike-lights\/\" \/>\n<meta property=\"og:site_name\" content=\"Sportshine\" \/>\n<meta property=\"article:publisher\" content=\"https:\/\/www.facebook.com\/sportshine.eu\/\" \/>\n<meta property=\"article:modified_time\" content=\"2026-04-07T19:56:06+00:00\" \/>\n<meta property=\"og:image\" content=\"https:\/\/www.sportshine.eu\/wp-content\/uploads\/2025\/10\/Magicshine-Hori-900.webp\" \/>\n\t<meta property=\"og:image:width\" content=\"800\" \/>\n\t<meta property=\"og:image:height\" content=\"800\" \/>\n\t<meta property=\"og:image:type\" content=\"image\/webp\" \/>\n<meta name=\"twitter:card\" content=\"summary_large_image\" \/>\n<meta name=\"twitter:label1\" content=\"Estimated reading time\" \/>\n\t<meta name=\"twitter:data1\" content=\"3 minutes\" \/>\n<script type=\"application\/ld+json\" class=\"yoast-schema-graph\">{\"@context\":\"https:\\\/\\\/schema.org\",\"@graph\":[{\"@type\":\"WebPage\",\"@id\":\"https:\\\/\\\/www.sportshine.eu\\\/trgovina\\\/magicshine-hori-900-luc-za-kolo\\\/\",\"url\":\"https:\\\/\\\/www.sportshine.eu\\\/trgovina\\\/magicshine-hori-900-luc-za-kolo\\\/\",\"name\":\"Magicshine HORI 900 lu\u010d za kolo\",\"isPartOf\":{\"@id\":\"https:\\\/\\\/www.sportshine.eu\\\/#website\"},\"primaryImageOfPage\":{\"@id\":\"https:\\\/\\\/www.sportshine.eu\\\/trgovina\\\/magicshine-hori-900-luc-za-kolo\\\/#primaryimage\"},\"image\":{\"@id\":\"https:\\\/\\\/www.sportshine.eu\\\/trgovina\\\/magicshine-hori-900-luc-za-kolo\\\/#primaryimage\"},\"thumbnailUrl\":\"https:\\\/\\\/www.sportshine.eu\\\/wp-content\\\/uploads\\\/2025\\\/10\\\/Magicshine-Hori-900.webp\",\"datePublished\":\"2026-03-01T08:14:28+00:00\",\"dateModified\":\"2026-04-07T19:56:06+00:00\",\"description\":\"Vrhunska kolesarska lu\u010d z mo\u017enostjo namestitve pod kolesarski \u0161tevec. Z mo\u010djo 900 lumnov odli\u010dno razsvetli okolico in poskrbi, da ste na cesti vidni.\",\"breadcrumb\":{\"@id\":\"https:\\\/\\\/www.sportshine.eu\\\/trgovina\\\/magicshine-hori-900-luc-za-kolo\\\/#breadcrumb\"},\"inLanguage\":\"en-GB\",\"potentialAction\":[{\"@type\":\"ReadAction\",\"target\":[\"https:\\\/\\\/www.sportshine.eu\\\/trgovina\\\/magicshine-hori-900-luc-za-kolo\\\/\"]}]},{\"@type\":\"ImageObject\",\"inLanguage\":\"en-GB\",\"@id\":\"https:\\\/\\\/www.sportshine.eu\\\/trgovina\\\/magicshine-hori-900-luc-za-kolo\\\/#primaryimage\",\"url\":\"https:\\\/\\\/www.sportshine.eu\\\/wp-content\\\/uploads\\\/2025\\\/10\\\/Magicshine-Hori-900.webp\",\"contentUrl\":\"https:\\\/\\\/www.sportshine.eu\\\/wp-content\\\/uploads\\\/2025\\\/10\\\/Magicshine-Hori-900.webp\",\"width\":800,\"height\":800,\"caption\":\"Magicshine Hori 900\"},{\"@type\":\"BreadcrumbList\",\"@id\":\"https:\\\/\\\/www.sportshine.eu\\\/trgovina\\\/magicshine-hori-900-luc-za-kolo\\\/#breadcrumb\",\"itemListElement\":[{\"@type\":\"ListItem\",\"position\":1,\"name\":\"Home\",\"item\":\"https:\\\/\\\/www.sportshine.eu\\\/\"},{\"@type\":\"ListItem\",\"position\":2,\"name\":\"Trgovina\",\"item\":\"https:\\\/\\\/www.sportshine.eu\\\/trgovina\\\/\"},{\"@type\":\"ListItem\",\"position\":3,\"name\":\"Magicshine HORI 900 lu\u010d za kolo\"}]},{\"@type\":\"WebSite\",\"@id\":\"https:\\\/\\\/www.sportshine.eu\\\/#website\",\"url\":\"https:\\\/\\\/www.sportshine.eu\\\/\",\"name\":\"Sportshine\",\"description\":\"Top spletna trgovina kolesarskih in naglavnih svetilk ter opreme\",\"publisher\":{\"@id\":\"https:\\\/\\\/www.sportshine.eu\\\/#organization\"},\"potentialAction\":[{\"@type\":\"SearchAction\",\"target\":{\"@type\":\"EntryPoint\",\"urlTemplate\":\"https:\\\/\\\/www.sportshine.eu\\\/?s={search_term_string}\"},\"query-input\":{\"@type\":\"PropertyValueSpecification\",\"valueRequired\":true,\"valueName\":\"search_term_string\"}}],\"inLanguage\":\"en-GB\"},{\"@type\":\"Organization\",\"@id\":\"https:\\\/\\\/www.sportshine.eu\\\/#organization\",\"name\":\"Sportshine\",\"url\":\"https:\\\/\\\/www.sportshine.eu\\\/\",\"logo\":{\"@type\":\"ImageObject\",\"inLanguage\":\"en-GB\",\"@id\":\"https:\\\/\\\/www.sportshine.eu\\\/#\\\/schema\\\/logo\\\/image\\\/\",\"url\":\"https:\\\/\\\/www.sportshine.eu\\\/wp-content\\\/uploads\\\/2026\\\/01\\\/cropped-Sportshine.webp\",\"contentUrl\":\"https:\\\/\\\/www.sportshine.eu\\\/wp-content\\\/uploads\\\/2026\\\/01\\\/cropped-Sportshine.webp\",\"width\":295,\"height\":128,\"caption\":\"Sportshine\"},\"image\":{\"@id\":\"https:\\\/\\\/www.sportshine.eu\\\/#\\\/schema\\\/logo\\\/image\\\/\"},\"sameAs\":[\"https:\\\/\\\/www.facebook.com\\\/sportshine.eu\\\/\"]}]}<\/script>\n<!-- \/ Yoast SEO plugin. -->","yoast_head_json":{"title":"Magicshine HORI 900 bicycle light","description":"A premium bike light that can be mounted under the bike computer. With a power of 900 lumens, it perfectly illuminates the surroundings and ensures that you are visible on the road.","robots":{"index":"index","follow":"follow","max-snippet":"max-snippet:-1","max-image-preview":"max-image-preview:large","max-video-preview":"max-video-preview:-1"},"canonical":"https:\/\/www.sportshine.eu\/en\/shop\/magicshine-hori-900-bike-lights\/","og_locale":"en_GB","og_type":"article","og_title":"Magicshine HORI 900 lu\u010d za kolo","og_description":"Vrhunska kolesarska lu\u010d z mo\u017enostjo namestitve pod kolesarski \u0161tevec. Z mo\u010djo 900 lumnov odli\u010dno razsvetli okolico in poskrbi, da ste na cesti vidni.","og_url":"https:\/\/www.sportshine.eu\/en\/shop\/magicshine-hori-900-bike-lights\/","og_site_name":"Sportshine","article_publisher":"https:\/\/www.facebook.com\/sportshine.eu\/","article_modified_time":"2026-04-07T19:56:06+00:00","og_image":[{"width":800,"height":800,"url":"https:\/\/www.sportshine.eu\/wp-content\/uploads\/2025\/10\/Magicshine-Hori-900.webp","type":"image\/webp"}],"twitter_card":"summary_large_image","twitter_misc":{"Estimated reading time":"3 minutes"},"schema":{"@context":"https:\/\/schema.org","@graph":[{"@type":"WebPage","@id":"https:\/\/www.sportshine.eu\/trgovina\/magicshine-hori-900-luc-za-kolo\/","url":"https:\/\/www.sportshine.eu\/trgovina\/magicshine-hori-900-luc-za-kolo\/","name":"Magicshine HORI 900 bicycle light","isPartOf":{"@id":"https:\/\/www.sportshine.eu\/#website"},"primaryImageOfPage":{"@id":"https:\/\/www.sportshine.eu\/trgovina\/magicshine-hori-900-luc-za-kolo\/#primaryimage"},"image":{"@id":"https:\/\/www.sportshine.eu\/trgovina\/magicshine-hori-900-luc-za-kolo\/#primaryimage"},"thumbnailUrl":"https:\/\/www.sportshine.eu\/wp-content\/uploads\/2025\/10\/Magicshine-Hori-900.webp","datePublished":"2026-03-01T08:14:28+00:00","dateModified":"2026-04-07T19:56:06+00:00","description":"A premium bike light that can be mounted under the bike computer. With a power of 900 lumens, it perfectly illuminates the surroundings and ensures that you are visible on the road.","breadcrumb":{"@id":"https:\/\/www.sportshine.eu\/trgovina\/magicshine-hori-900-luc-za-kolo\/#breadcrumb"},"inLanguage":"en-GB","potentialAction":[{"@type":"ReadAction","target":["https:\/\/www.sportshine.eu\/trgovina\/magicshine-hori-900-luc-za-kolo\/"]}]},{"@type":"ImageObject","inLanguage":"en-GB","@id":"https:\/\/www.sportshine.eu\/trgovina\/magicshine-hori-900-luc-za-kolo\/#primaryimage","url":"https:\/\/www.sportshine.eu\/wp-content\/uploads\/2025\/10\/Magicshine-Hori-900.webp","contentUrl":"https:\/\/www.sportshine.eu\/wp-content\/uploads\/2025\/10\/Magicshine-Hori-900.webp","width":800,"height":800,"caption":"Magicshine Hori 900"},{"@type":"BreadcrumbList","@id":"https:\/\/www.sportshine.eu\/trgovina\/magicshine-hori-900-luc-za-kolo\/#breadcrumb","itemListElement":[{"@type":"ListItem","position":1,"name":"Home","item":"https:\/\/www.sportshine.eu\/"},{"@type":"ListItem","position":2,"name":"Trgovina","item":"https:\/\/www.sportshine.eu\/trgovina\/"},{"@type":"ListItem","position":3,"name":"Magicshine HORI 900 lu\u010d za kolo"}]},{"@type":"WebSite","@id":"https:\/\/www.sportshine.eu\/#website","url":"https:\/\/www.sportshine.eu\/","name":"Sportshine","description":"Top online store for cycling and head lamps and equipment","publisher":{"@id":"https:\/\/www.sportshine.eu\/#organization"},"potentialAction":[{"@type":"SearchAction","target":{"@type":"EntryPoint","urlTemplate":"https:\/\/www.sportshine.eu\/?s={search_term_string}"},"query-input":{"@type":"PropertyValueSpecification","valueRequired":true,"valueName":"search_term_string"}}],"inLanguage":"en-GB"},{"@type":"Organization","@id":"https:\/\/www.sportshine.eu\/#organization","name":"Sportshine","url":"https:\/\/www.sportshine.eu\/","logo":{"@type":"ImageObject","inLanguage":"en-GB","@id":"https:\/\/www.sportshine.eu\/#\/schema\/logo\/image\/","url":"https:\/\/www.sportshine.eu\/wp-content\/uploads\/2026\/01\/cropped-Sportshine.webp","contentUrl":"https:\/\/www.sportshine.eu\/wp-content\/uploads\/2026\/01\/cropped-Sportshine.webp","width":295,"height":128,"caption":"Sportshine"},"image":{"@id":"https:\/\/www.sportshine.eu\/#\/schema\/logo\/image\/"},"sameAs":["https:\/\/www.facebook.com\/sportshine.eu\/"]}]}},"_links":{"self":[{"href":"https:\/\/www.sportshine.eu\/en\/wp-json\/wp\/v2\/product\/8093","targetHints":{"allow":["GET"]}}],"collection":[{"href":"https:\/\/www.sportshine.eu\/en\/wp-json\/wp\/v2\/product"}],"about":[{"href":"https:\/\/www.sportshine.eu\/en\/wp-json\/wp\/v2\/types\/product"}],"replies":[{"embeddable":true,"href":"https:\/\/www.sportshine.eu\/en\/wp-json\/wp\/v2\/comments?post=8093"}],"version-history":[{"count":1,"href":"https:\/\/www.sportshine.eu\/en\/wp-json\/wp\/v2\/product\/8093\/revisions"}],"predecessor-version":[{"id":10344,"href":"https:\/\/www.sportshine.eu\/en\/wp-json\/wp\/v2\/product\/8093\/revisions\/10344"}],"wp:featuredmedia":[{"embeddable":true,"href":"https:\/\/www.sportshine.eu\/en\/wp-json\/wp\/v2\/media\/8095"}],"wp:attachment":[{"href":"https:\/\/www.sportshine.eu\/en\/wp-json\/wp\/v2\/media?parent=8093"}],"wp:term":[{"taxonomy":"product_brand","embeddable":true,"href":"https:\/\/www.sportshine.eu\/en\/wp-json\/wp\/v2\/product_brand?post=8093"},{"taxonomy":"product_cat","embeddable":true,"href":"https:\/\/www.sportshine.eu\/en\/wp-json\/wp\/v2\/product_cat?post=8093"},{"taxonomy":"product_tag","embeddable":true,"href":"https:\/\/www.sportshine.eu\/en\/wp-json\/wp\/v2\/product_tag?post=8093"}],"curies":[{"name":"wp","href":"https:\/\/api.w.org\/{rel}","templated":true}]}}