{"id":7731,"date":"2025-08-03T19:31:39","date_gmt":"2025-08-03T19:31:39","guid":{"rendered":"https:\/\/www.sportshine.eu\/?post_type=product&#038;p=7731"},"modified":"2025-08-03T20:05:45","modified_gmt":"2025-08-03T20:05:45","slug":"bryton-rider-650-cycling-computer","status":"publish","type":"product","link":"https:\/\/www.sportshine.eu\/en\/shop\/bryton-rider-650-cycling-computer\/","title":{"rendered":"Bryton Rider 650 cycling computer"},"content":{"rendered":"<h3 style=\"text-align: center;\">FUNCTION KEY<\/h3>\n<p style=\"text-align: center;\">Take control of your ride with the customizable function key. Assign it your favorite function \u2013 whether it\u2019s a quick jump to the map, showing the latest notification, or saving an activity with a long press.<\/p>\n<h3 style=\"text-align: center;\">AMBIENT LIGHT SENSOR<\/h3>\n<p style=\"text-align: center;\">The Rider 650 has a built-in ambient light sensor that automatically adjusts the screen brightness for clear visibility in all lighting conditions. It also provides preset brightness levels for personalized display settings, ensuring easy readability and energy efficiency in all conditions.<\/p>\n<p><iframe loading=\"lazy\" title=\"Bryton Rider 650 \uff5cInnovation Made Accessible\" width=\"500\" height=\"281\" src=\"https:\/\/www.youtube.com\/embed\/SnUl_EJft1k?feature=oembed\" frameborder=\"0\" allow=\"accelerometer; autoplay; clipboard-write; encrypted-media; gyroscope; picture-in-picture; web-share\" referrerpolicy=\"strict-origin-when-cross-origin\" allowfullscreen><\/iframe><\/p>\n<p style=\"text-align: center;\" data-start=\"408\" data-end=\"738\">\n<h3 style=\"text-align: center;\">CLIMB CHALLENGE VIEW<\/h3>\n<p style=\"text-align: center;\">When you import a route into the Bryton Active app, it automatically generates gradient data. The cycling computer displays details about the climb, including a graphical display of gradient, color-coded grades, segment length, elevation, total ascent, and starting points.<\/p>\n<h3 style=\"text-align: center;\">QUICK STATUS<\/h3>\n<p style=\"text-align: center;\">The Rider 650 allows you to customize the dashboard with notifications, lap data, sensor information, light control, and power calibration.<\/p>\n<h3 style=\"text-align: center;\">TURN-BY-TURN NAVIGATION<\/h3>\n<p style=\"text-align: center;\">Whether you&#039;re exploring new areas or following a downloaded route, the Rider 650 is your ideal companion. It offers turn-by-turn navigation, street names, peaks, distance and directions on preloaded OSM maps.<\/p>\n<p><img decoding=\"async\" class=\"aligncenter wp-image-7735 size-full\" src=\"https:\/\/www.sportshine.eu\/wp-content\/uploads\/2025\/08\/Bryton-650-2.webp\" alt=\"\" width=\"800\" height=\"800\" srcset=\"https:\/\/www.sportshine.eu\/wp-content\/uploads\/2025\/08\/Bryton-650-2.webp 800w, https:\/\/www.sportshine.eu\/wp-content\/uploads\/2025\/08\/Bryton-650-2-768x768.webp 768w, https:\/\/www.sportshine.eu\/wp-content\/uploads\/2025\/08\/Bryton-650-2-600x600.webp 600w\" sizes=\"(max-width: 800px) 100vw, 800px\" \/><\/p>\n<h3 style=\"text-align: center;\">ADVANCED WORKOUTS<\/h3>\n<p style=\"text-align: center;\">With the Bryton Active app and Rider 650, you can quickly create or import training plans. During your workout, each step is visually displayed with progress bars, and the device also allows you to zoom in and out.<\/p>\n<h3 style=\"text-align: center;\">INTERNAL TRAININGS<\/h3>\n<p style=\"text-align: center;\">Users can skip parts of the workout and adjust the intensity, target power or resistance according to their preferences. Workouts can be created in the Bryton Active app or synced from TrainingPeaks.<\/p>\n<h3 style=\"text-align: center;\">SUPPORT FOR CYCLING DYNAMICS<\/h3>\n<p style=\"text-align: center;\">Rider 650 provides comprehensive support for strength training and data analysis. When combined with a compatible power meter, it displays dynamic data such as riding positions, power distribution, PCO (center of force position), and left-right leg balance.<\/p>\n<p><img decoding=\"async\" class=\"wp-image-7736 size-full aligncenter\" src=\"https:\/\/www.sportshine.eu\/wp-content\/uploads\/2025\/08\/bryton-650-kolesarski-racunalmik.webp\" alt=\"\" width=\"800\" height=\"800\" srcset=\"https:\/\/www.sportshine.eu\/wp-content\/uploads\/2025\/08\/bryton-650-kolesarski-racunalmik.webp 800w, https:\/\/www.sportshine.eu\/wp-content\/uploads\/2025\/08\/bryton-650-kolesarski-racunalmik-768x768.webp 768w, https:\/\/www.sportshine.eu\/wp-content\/uploads\/2025\/08\/bryton-650-kolesarski-racunalmik-600x600.webp 600w\" sizes=\"(max-width: 800px) 100vw, 800px\" \/><\/p>\n<h3 style=\"text-align: center;\">CYCLE RADAR SUPPORT<\/h3>\n<p style=\"text-align: center;\">With the ANT+ rear radar detection system, cyclists can detect vehicles up to 150 meters behind them. Color signals and audible alerts on the right side of each data page warn of approaching traffic.<br \/>\nE-BIKES<br \/>\nRider 650 connects to Shimano Steps and ANT+ LEV systems. Monitor assist level, battery status and gear position in real time for a confident and transparent ride.<\/p>\n<h3 style=\"text-align: center;\">GROUP RIDING AND CHAT<\/h3>\n<p style=\"text-align: center;\">Through the Bryton Active app, you can choose routes, invite friends for a group ride, and set up messages in the app in advance and send them to your cycling computer.<\/p>\n<h3 style=\"text-align: center;\">LIVE TRACKING<\/h3>\n<p style=\"text-align: center;\">You can share your current location and riding status in real time with friends and family via the Bryton Live Track feature.<\/p>\n<p><img decoding=\"async\" class=\"aligncenter wp-image-7737 size-full\" src=\"https:\/\/www.sportshine.eu\/wp-content\/uploads\/2025\/08\/Bryton.webp\" alt=\"\" width=\"800\" height=\"800\" srcset=\"https:\/\/www.sportshine.eu\/wp-content\/uploads\/2025\/08\/Bryton.webp 800w, https:\/\/www.sportshine.eu\/wp-content\/uploads\/2025\/08\/Bryton-768x768.webp 768w, https:\/\/www.sportshine.eu\/wp-content\/uploads\/2025\/08\/Bryton-600x600.webp 600w\" sizes=\"(max-width: 800px) 100vw, 800px\" \/><\/p>","protected":false},"excerpt":{"rendered":"<p>Bryton 650 cycling computer with a 7.10 cm color LCD touchscreen. It allows connection to radar lights, GPS navigation with preloaded maps, advanced workouts, Climb Challenge, and easy synchronization with the Bryton Active app. The battery provides 33 hours of operation and is charged with a USB-C cable. The set also includes a basic handlebar mount, charging cable, and safety loop.<\/p>","protected":false},"featured_media":7733,"comment_status":"open","ping_status":"closed","template":"","meta":[],"product_brand":[],"product_cat":[95,94],"product_tag":[],"class_list":{"0":"post-7731","1":"product","2":"type-product","3":"status-publish","4":"has-post-thumbnail","6":"product_cat-kolesarska-oprema","7":"product_cat-kolesarski-stevci","9":"first","10":"instock","11":"taxable","12":"shipping-taxable","13":"purchasable","14":"product-type-simple"},"yoast_head":"<!-- This site is optimized with the Yoast SEO plugin v27.3 - https:\/\/yoast.com\/product\/yoast-seo-wordpress\/ -->\n<title>Kolesarski ra\u010dunalnik Bryton Rider 650<\/title>\n<meta name=\"description\" content=\"Kolesarski ra\u010dunalnik Bryton Rider 650 je vrhunska naprava za vse, ki \u017eelijo ve\u010d od svoje vo\u017enje. Zdru\u017eljiv je z e-kolesi, radarji in senzorji.\" \/>\n<meta name=\"robots\" content=\"index, follow, max-snippet:-1, max-image-preview:large, max-video-preview:-1\" \/>\n<link rel=\"canonical\" href=\"https:\/\/www.sportshine.eu\/en\/shop\/bryton-rider-650-cycling-computer\/\" \/>\n<meta property=\"og:locale\" content=\"en_GB\" \/>\n<meta property=\"og:type\" content=\"article\" \/>\n<meta property=\"og:title\" content=\"Kolesarski ra\u010dunalnik Bryton Rider 650\" \/>\n<meta property=\"og:description\" content=\"Kolesarski ra\u010dunalnik Bryton Rider 650 je vrhunska naprava za vse, ki \u017eelijo ve\u010d od svoje vo\u017enje. Zdru\u017eljiv je z e-kolesi, radarji in senzorji.\" \/>\n<meta property=\"og:url\" content=\"https:\/\/www.sportshine.eu\/en\/shop\/bryton-rider-650-cycling-computer\/\" \/>\n<meta property=\"og:site_name\" content=\"Sportshine\" \/>\n<meta property=\"article:publisher\" content=\"https:\/\/www.facebook.com\/sportshine.eu\/\" \/>\n<meta property=\"article:modified_time\" content=\"2025-08-03T20:05:45+00:00\" \/>\n<meta property=\"og:image\" content=\"https:\/\/www.sportshine.eu\/wp-content\/uploads\/2025\/08\/Bryton-650-racunalnik.webp\" \/>\n\t<meta property=\"og:image:width\" content=\"800\" \/>\n\t<meta property=\"og:image:height\" content=\"800\" \/>\n\t<meta property=\"og:image:type\" content=\"image\/webp\" \/>\n<meta name=\"twitter:card\" content=\"summary_large_image\" \/>\n<meta name=\"twitter:label1\" content=\"Estimated reading time\" \/>\n\t<meta name=\"twitter:data1\" content=\"3 minutes\" \/>\n<script type=\"application\/ld+json\" class=\"yoast-schema-graph\">{\"@context\":\"https:\\\/\\\/schema.org\",\"@graph\":[{\"@type\":\"WebPage\",\"@id\":\"https:\\\/\\\/www.sportshine.eu\\\/trgovina\\\/kolesarski-racunalnik-bryton-rider-650\\\/\",\"url\":\"https:\\\/\\\/www.sportshine.eu\\\/trgovina\\\/kolesarski-racunalnik-bryton-rider-650\\\/\",\"name\":\"Kolesarski ra\u010dunalnik Bryton Rider 650\",\"isPartOf\":{\"@id\":\"https:\\\/\\\/www.sportshine.eu\\\/#website\"},\"primaryImageOfPage\":{\"@id\":\"https:\\\/\\\/www.sportshine.eu\\\/trgovina\\\/kolesarski-racunalnik-bryton-rider-650\\\/#primaryimage\"},\"image\":{\"@id\":\"https:\\\/\\\/www.sportshine.eu\\\/trgovina\\\/kolesarski-racunalnik-bryton-rider-650\\\/#primaryimage\"},\"thumbnailUrl\":\"https:\\\/\\\/www.sportshine.eu\\\/wp-content\\\/uploads\\\/2025\\\/08\\\/Bryton-650-racunalnik.webp\",\"datePublished\":\"2025-08-03T19:31:39+00:00\",\"dateModified\":\"2025-08-03T20:05:45+00:00\",\"description\":\"Kolesarski ra\u010dunalnik Bryton Rider 650 je vrhunska naprava za vse, ki \u017eelijo ve\u010d od svoje vo\u017enje. Zdru\u017eljiv je z e-kolesi, radarji in senzorji.\",\"breadcrumb\":{\"@id\":\"https:\\\/\\\/www.sportshine.eu\\\/trgovina\\\/kolesarski-racunalnik-bryton-rider-650\\\/#breadcrumb\"},\"inLanguage\":\"en-GB\",\"potentialAction\":[{\"@type\":\"ReadAction\",\"target\":[\"https:\\\/\\\/www.sportshine.eu\\\/trgovina\\\/kolesarski-racunalnik-bryton-rider-650\\\/\"]}]},{\"@type\":\"ImageObject\",\"inLanguage\":\"en-GB\",\"@id\":\"https:\\\/\\\/www.sportshine.eu\\\/trgovina\\\/kolesarski-racunalnik-bryton-rider-650\\\/#primaryimage\",\"url\":\"https:\\\/\\\/www.sportshine.eu\\\/wp-content\\\/uploads\\\/2025\\\/08\\\/Bryton-650-racunalnik.webp\",\"contentUrl\":\"https:\\\/\\\/www.sportshine.eu\\\/wp-content\\\/uploads\\\/2025\\\/08\\\/Bryton-650-racunalnik.webp\",\"width\":800,\"height\":800,\"caption\":\"Bryton 650 ra\u010dunalnik\"},{\"@type\":\"BreadcrumbList\",\"@id\":\"https:\\\/\\\/www.sportshine.eu\\\/trgovina\\\/kolesarski-racunalnik-bryton-rider-650\\\/#breadcrumb\",\"itemListElement\":[{\"@type\":\"ListItem\",\"position\":1,\"name\":\"Home\",\"item\":\"https:\\\/\\\/www.sportshine.eu\\\/\"},{\"@type\":\"ListItem\",\"position\":2,\"name\":\"Trgovina\",\"item\":\"https:\\\/\\\/www.sportshine.eu\\\/trgovina\\\/\"},{\"@type\":\"ListItem\",\"position\":3,\"name\":\"Kolesarski ra\u010dunalnik Bryton Rider 650\"}]},{\"@type\":\"WebSite\",\"@id\":\"https:\\\/\\\/www.sportshine.eu\\\/#website\",\"url\":\"https:\\\/\\\/www.sportshine.eu\\\/\",\"name\":\"Sportshine\",\"description\":\"Top spletna trgovina kolesarskih in naglavnih svetilk ter opreme\",\"publisher\":{\"@id\":\"https:\\\/\\\/www.sportshine.eu\\\/#organization\"},\"potentialAction\":[{\"@type\":\"SearchAction\",\"target\":{\"@type\":\"EntryPoint\",\"urlTemplate\":\"https:\\\/\\\/www.sportshine.eu\\\/?s={search_term_string}\"},\"query-input\":{\"@type\":\"PropertyValueSpecification\",\"valueRequired\":true,\"valueName\":\"search_term_string\"}}],\"inLanguage\":\"en-GB\"},{\"@type\":\"Organization\",\"@id\":\"https:\\\/\\\/www.sportshine.eu\\\/#organization\",\"name\":\"Sportshine\",\"url\":\"https:\\\/\\\/www.sportshine.eu\\\/\",\"logo\":{\"@type\":\"ImageObject\",\"inLanguage\":\"en-GB\",\"@id\":\"https:\\\/\\\/www.sportshine.eu\\\/#\\\/schema\\\/logo\\\/image\\\/\",\"url\":\"https:\\\/\\\/www.sportshine.eu\\\/wp-content\\\/uploads\\\/2026\\\/01\\\/cropped-Sportshine.webp\",\"contentUrl\":\"https:\\\/\\\/www.sportshine.eu\\\/wp-content\\\/uploads\\\/2026\\\/01\\\/cropped-Sportshine.webp\",\"width\":295,\"height\":128,\"caption\":\"Sportshine\"},\"image\":{\"@id\":\"https:\\\/\\\/www.sportshine.eu\\\/#\\\/schema\\\/logo\\\/image\\\/\"},\"sameAs\":[\"https:\\\/\\\/www.facebook.com\\\/sportshine.eu\\\/\"]}]}<\/script>\n<!-- \/ Yoast SEO plugin. -->","yoast_head_json":{"title":"Bryton Rider 650 cycling computer","description":"The Bryton Rider 650 cycling computer is a premium device for anyone who wants more from their ride. It is compatible with e-bikes, radars and sensors.","robots":{"index":"index","follow":"follow","max-snippet":"max-snippet:-1","max-image-preview":"max-image-preview:large","max-video-preview":"max-video-preview:-1"},"canonical":"https:\/\/www.sportshine.eu\/en\/shop\/bryton-rider-650-cycling-computer\/","og_locale":"en_GB","og_type":"article","og_title":"Kolesarski ra\u010dunalnik Bryton Rider 650","og_description":"Kolesarski ra\u010dunalnik Bryton Rider 650 je vrhunska naprava za vse, ki \u017eelijo ve\u010d od svoje vo\u017enje. Zdru\u017eljiv je z e-kolesi, radarji in senzorji.","og_url":"https:\/\/www.sportshine.eu\/en\/shop\/bryton-rider-650-cycling-computer\/","og_site_name":"Sportshine","article_publisher":"https:\/\/www.facebook.com\/sportshine.eu\/","article_modified_time":"2025-08-03T20:05:45+00:00","og_image":[{"width":800,"height":800,"url":"https:\/\/www.sportshine.eu\/wp-content\/uploads\/2025\/08\/Bryton-650-racunalnik.webp","type":"image\/webp"}],"twitter_card":"summary_large_image","twitter_misc":{"Estimated reading time":"3 minutes"},"schema":{"@context":"https:\/\/schema.org","@graph":[{"@type":"WebPage","@id":"https:\/\/www.sportshine.eu\/trgovina\/kolesarski-racunalnik-bryton-rider-650\/","url":"https:\/\/www.sportshine.eu\/trgovina\/kolesarski-racunalnik-bryton-rider-650\/","name":"Bryton Rider 650 cycling computer","isPartOf":{"@id":"https:\/\/www.sportshine.eu\/#website"},"primaryImageOfPage":{"@id":"https:\/\/www.sportshine.eu\/trgovina\/kolesarski-racunalnik-bryton-rider-650\/#primaryimage"},"image":{"@id":"https:\/\/www.sportshine.eu\/trgovina\/kolesarski-racunalnik-bryton-rider-650\/#primaryimage"},"thumbnailUrl":"https:\/\/www.sportshine.eu\/wp-content\/uploads\/2025\/08\/Bryton-650-racunalnik.webp","datePublished":"2025-08-03T19:31:39+00:00","dateModified":"2025-08-03T20:05:45+00:00","description":"The Bryton Rider 650 cycling computer is a premium device for anyone who wants more from their ride. It is compatible with e-bikes, radars and sensors.","breadcrumb":{"@id":"https:\/\/www.sportshine.eu\/trgovina\/kolesarski-racunalnik-bryton-rider-650\/#breadcrumb"},"inLanguage":"en-GB","potentialAction":[{"@type":"ReadAction","target":["https:\/\/www.sportshine.eu\/trgovina\/kolesarski-racunalnik-bryton-rider-650\/"]}]},{"@type":"ImageObject","inLanguage":"en-GB","@id":"https:\/\/www.sportshine.eu\/trgovina\/kolesarski-racunalnik-bryton-rider-650\/#primaryimage","url":"https:\/\/www.sportshine.eu\/wp-content\/uploads\/2025\/08\/Bryton-650-racunalnik.webp","contentUrl":"https:\/\/www.sportshine.eu\/wp-content\/uploads\/2025\/08\/Bryton-650-racunalnik.webp","width":800,"height":800,"caption":"Bryton 650 ra\u010dunalnik"},{"@type":"BreadcrumbList","@id":"https:\/\/www.sportshine.eu\/trgovina\/kolesarski-racunalnik-bryton-rider-650\/#breadcrumb","itemListElement":[{"@type":"ListItem","position":1,"name":"Home","item":"https:\/\/www.sportshine.eu\/"},{"@type":"ListItem","position":2,"name":"Trgovina","item":"https:\/\/www.sportshine.eu\/trgovina\/"},{"@type":"ListItem","position":3,"name":"Kolesarski ra\u010dunalnik Bryton Rider 650"}]},{"@type":"WebSite","@id":"https:\/\/www.sportshine.eu\/#website","url":"https:\/\/www.sportshine.eu\/","name":"Sportshine","description":"Top online store for cycling and head lamps and equipment","publisher":{"@id":"https:\/\/www.sportshine.eu\/#organization"},"potentialAction":[{"@type":"SearchAction","target":{"@type":"EntryPoint","urlTemplate":"https:\/\/www.sportshine.eu\/?s={search_term_string}"},"query-input":{"@type":"PropertyValueSpecification","valueRequired":true,"valueName":"search_term_string"}}],"inLanguage":"en-GB"},{"@type":"Organization","@id":"https:\/\/www.sportshine.eu\/#organization","name":"Sportshine","url":"https:\/\/www.sportshine.eu\/","logo":{"@type":"ImageObject","inLanguage":"en-GB","@id":"https:\/\/www.sportshine.eu\/#\/schema\/logo\/image\/","url":"https:\/\/www.sportshine.eu\/wp-content\/uploads\/2026\/01\/cropped-Sportshine.webp","contentUrl":"https:\/\/www.sportshine.eu\/wp-content\/uploads\/2026\/01\/cropped-Sportshine.webp","width":295,"height":128,"caption":"Sportshine"},"image":{"@id":"https:\/\/www.sportshine.eu\/#\/schema\/logo\/image\/"},"sameAs":["https:\/\/www.facebook.com\/sportshine.eu\/"]}]}},"_links":{"self":[{"href":"https:\/\/www.sportshine.eu\/en\/wp-json\/wp\/v2\/product\/7731","targetHints":{"allow":["GET"]}}],"collection":[{"href":"https:\/\/www.sportshine.eu\/en\/wp-json\/wp\/v2\/product"}],"about":[{"href":"https:\/\/www.sportshine.eu\/en\/wp-json\/wp\/v2\/types\/product"}],"replies":[{"embeddable":true,"href":"https:\/\/www.sportshine.eu\/en\/wp-json\/wp\/v2\/comments?post=7731"}],"version-history":[{"count":0,"href":"https:\/\/www.sportshine.eu\/en\/wp-json\/wp\/v2\/product\/7731\/revisions"}],"wp:featuredmedia":[{"embeddable":true,"href":"https:\/\/www.sportshine.eu\/en\/wp-json\/wp\/v2\/media\/7733"}],"wp:attachment":[{"href":"https:\/\/www.sportshine.eu\/en\/wp-json\/wp\/v2\/media?parent=7731"}],"wp:term":[{"taxonomy":"product_brand","embeddable":true,"href":"https:\/\/www.sportshine.eu\/en\/wp-json\/wp\/v2\/product_brand?post=7731"},{"taxonomy":"product_cat","embeddable":true,"href":"https:\/\/www.sportshine.eu\/en\/wp-json\/wp\/v2\/product_cat?post=7731"},{"taxonomy":"product_tag","embeddable":true,"href":"https:\/\/www.sportshine.eu\/en\/wp-json\/wp\/v2\/product_tag?post=7731"}],"curies":[{"name":"wp","href":"https:\/\/api.w.org\/{rel}","templated":true}]}}