{"id":7724,"date":"2025-08-03T19:15:04","date_gmt":"2025-08-03T19:15:04","guid":{"rendered":"https:\/\/www.sportshine.eu\/?post_type=product&#038;p=7724"},"modified":"2026-01-20T09:59:13","modified_gmt":"2026-01-20T09:59:13","slug":"bryton-computer-rider-s510-bundle","status":"publish","type":"product","link":"https:\/\/www.sportshine.eu\/en\/shop\/bryton-computer-rider-s510-bundle\/","title":{"rendered":"Bryton Rider S510 computer bundle"},"content":{"rendered":"<h3 style=\"text-align: center;\">BRYTON RIDER S510 VIDEO PRESENTATION<\/h3>\n<p><iframe loading=\"lazy\" title=\"Bryton Rider S510\" width=\"500\" height=\"281\" src=\"https:\/\/www.youtube.com\/embed\/lEKtFCwdEPc?feature=oembed\" frameborder=\"0\" allow=\"accelerometer; autoplay; clipboard-write; encrypted-media; gyroscope; picture-in-picture; web-share\" referrerpolicy=\"strict-origin-when-cross-origin\" allowfullscreen><\/iframe><\/p>\n<h3 style=\"text-align: center;\">VOICE SEARCH<\/h3>\n<p style=\"text-align: center;\">With an internet connection, you can search for locations using your voice. It recognizes over 100 languages for quick Google searches.<\/p>\n<p><img decoding=\"async\" class=\"aligncenter wp-image-5653 size-full\" src=\"https:\/\/www.sportshine.eu\/wp-content\/uploads\/2025\/07\/Bryton-rider-s510-E-4.webp\" alt=\"\" width=\"800\" height=\"800\" srcset=\"https:\/\/www.sportshine.eu\/wp-content\/uploads\/2025\/07\/Bryton-rider-s510-E-4.webp 800w, https:\/\/www.sportshine.eu\/wp-content\/uploads\/2025\/07\/Bryton-rider-s510-E-4-768x768.webp 768w, https:\/\/www.sportshine.eu\/wp-content\/uploads\/2025\/07\/Bryton-rider-s510-E-4-600x600.webp 600w\" sizes=\"(max-width: 800px) 100vw, 800px\" \/><\/p>\n<h3 style=\"text-align: center;\">NAVIGATION<\/h3>\n<p style=\"text-align: center;\">The Rider S510 bike computer provides worry-free turn-by-turn navigation, featuring street names, POIs, peak names, distances and much more on maps that come preloaded on the device. Maps can also be changed or updated.<\/p>\n<p><img decoding=\"async\" class=\"wp-image-7710 size-full aligncenter\" src=\"https:\/\/www.sportshine.eu\/wp-content\/uploads\/2025\/07\/Kolesarski-stevec-Brytom-7.webp\" alt=\"\" width=\"800\" height=\"600\" srcset=\"https:\/\/www.sportshine.eu\/wp-content\/uploads\/2025\/07\/Kolesarski-stevec-Brytom-7.webp 800w, https:\/\/www.sportshine.eu\/wp-content\/uploads\/2025\/07\/Kolesarski-stevec-Brytom-7-768x576.webp 768w, https:\/\/www.sportshine.eu\/wp-content\/uploads\/2025\/07\/Kolesarski-stevec-Brytom-7-600x450.webp 600w\" sizes=\"(max-width: 800px) 100vw, 800px\" \/><\/p>\n<h3 style=\"text-align: center;\">ADVANCED WORKOUTS<\/h3>\n<div>\n<p style=\"text-align: center;\">In conjunction with the Bryton Active app, the cycling computer allows you to create and import planned workouts. During training, the levels are displayed visually for easy orientation. It also allows connection to smart trainers.<\/p>\n<p><img decoding=\"async\" class=\"aligncenter wp-image-7711\" src=\"https:\/\/www.sportshine.eu\/wp-content\/uploads\/2025\/07\/Stevec-za-kolo.webp\" alt=\"\" width=\"800\" height=\"600\" srcset=\"https:\/\/www.sportshine.eu\/wp-content\/uploads\/2025\/07\/Stevec-za-kolo-768x576.webp 768w, https:\/\/www.sportshine.eu\/wp-content\/uploads\/2025\/07\/Stevec-za-kolo-600x450.webp 600w\" sizes=\"(max-width: 800px) 100vw, 800px\" \/><\/p>\n<\/div>\n<h3 style=\"text-align: center;\">CYCLING RADAR<\/h3>\n<div>\n<p style=\"text-align: center;\">The computer supports bicycle radars such as the Gardia R300L, Garmin Varia and Magichsine R300. The radar detects vehicles behind you, warns them with a light, and shows you the distance to the vehicle on the computer screen.<\/p>\n<p><img decoding=\"async\" class=\"aligncenter wp-image-5654 size-full\" src=\"https:\/\/www.sportshine.eu\/wp-content\/uploads\/2025\/07\/Bryton-rider-s510-E-5.webp\" alt=\"\" width=\"800\" height=\"800\" srcset=\"https:\/\/www.sportshine.eu\/wp-content\/uploads\/2025\/07\/Bryton-rider-s510-E-5.webp 800w, https:\/\/www.sportshine.eu\/wp-content\/uploads\/2025\/07\/Bryton-rider-s510-E-5-768x768.webp 768w, https:\/\/www.sportshine.eu\/wp-content\/uploads\/2025\/07\/Bryton-rider-s510-E-5-600x600.webp 600w\" sizes=\"(max-width: 800px) 100vw, 800px\" \/><\/p>\n<h3 style=\"text-align: center;\">LIVE TRACKS<\/h3>\n<p style=\"text-align: center;\">Share your route with friends or family. They can follow you as you go for a ride, adding an extra sense of security for you and your loved ones.<\/p>\n<p><img decoding=\"async\" class=\"aligncenter wp-image-7712\" src=\"https:\/\/www.sportshine.eu\/wp-content\/uploads\/2025\/07\/stevec-za-kolo-Bryton.webp\" alt=\"\" width=\"800\" height=\"600\" srcset=\"https:\/\/www.sportshine.eu\/wp-content\/uploads\/2025\/07\/stevec-za-kolo-Bryton-768x576.webp 768w, https:\/\/www.sportshine.eu\/wp-content\/uploads\/2025\/07\/stevec-za-kolo-Bryton-600x450.webp 600w\" sizes=\"(max-width: 800px) 100vw, 800px\" \/><\/p>\n<\/div>","protected":false},"excerpt":{"rendered":"<p>The Bryton rider S510 cycling computer with a color LCD touchscreen allows connection to radar lights, GPS navigation with preloaded maps, smart workouts, Climb Challenge 2.0, and easy synchronization with the Bryton Active application. The battery provides 30 hours of operation and is charged with a USB-C cable. The set also includes a basic handlebar mount, heart rate, speed and cadence sensor, charging cable and safety loop.<\/p>","protected":false},"featured_media":7728,"comment_status":"open","ping_status":"closed","template":"","meta":[],"product_brand":[],"product_cat":[95,94],"product_tag":[],"class_list":{"0":"post-7724","1":"product","2":"type-product","3":"status-publish","4":"has-post-thumbnail","6":"product_cat-kolesarska-oprema","7":"product_cat-kolesarski-stevci","9":"first","10":"instock","11":"taxable","12":"shipping-taxable","13":"purchasable","14":"product-type-simple"},"yoast_head":"<!-- This site is optimized with the Yoast SEO plugin v27.3 - https:\/\/yoast.com\/product\/yoast-seo-wordpress\/ -->\n<title>Bryton ra\u010dunalnik Rider S510 bundle<\/title>\n<meta name=\"description\" content=\"Bryton ra\u010dunalnik Rider S510 bundle ima ogromno funkcij, je preprost za uporabo in je primeren za vse kolesarje. V paket vklju\u010deni senzorji.\" \/>\n<meta name=\"robots\" content=\"index, follow, max-snippet:-1, max-image-preview:large, max-video-preview:-1\" \/>\n<link rel=\"canonical\" href=\"https:\/\/www.sportshine.eu\/en\/shop\/bryton-computer-rider-s510-bundle\/\" \/>\n<meta property=\"og:locale\" content=\"en_GB\" \/>\n<meta property=\"og:type\" content=\"article\" \/>\n<meta property=\"og:title\" content=\"Bryton ra\u010dunalnik Rider S510 bundle\" \/>\n<meta property=\"og:description\" content=\"Bryton ra\u010dunalnik Rider S510 bundle ima ogromno funkcij, je preprost za uporabo in je primeren za vse kolesarje. V paket vklju\u010deni senzorji.\" \/>\n<meta property=\"og:url\" content=\"https:\/\/www.sportshine.eu\/en\/shop\/bryton-computer-rider-s510-bundle\/\" \/>\n<meta property=\"og:site_name\" content=\"Sportshine\" \/>\n<meta property=\"article:publisher\" content=\"https:\/\/www.facebook.com\/sportshine.eu\/\" \/>\n<meta property=\"article:modified_time\" content=\"2026-01-20T09:59:13+00:00\" \/>\n<meta property=\"og:image\" content=\"https:\/\/www.sportshine.eu\/wp-content\/uploads\/2025\/08\/Bryton-S510-bundle-2.webp\" \/>\n\t<meta property=\"og:image:width\" content=\"800\" \/>\n\t<meta property=\"og:image:height\" content=\"800\" \/>\n\t<meta property=\"og:image:type\" content=\"image\/webp\" \/>\n<meta name=\"twitter:card\" content=\"summary_large_image\" \/>\n<meta name=\"twitter:label1\" content=\"Estimated reading time\" \/>\n\t<meta name=\"twitter:data1\" content=\"2 minutes\" \/>\n<script type=\"application\/ld+json\" class=\"yoast-schema-graph\">{\"@context\":\"https:\\\/\\\/schema.org\",\"@graph\":[{\"@type\":\"WebPage\",\"@id\":\"https:\\\/\\\/www.sportshine.eu\\\/trgovina\\\/bryton-racunalnik-rider-s510-bundle\\\/\",\"url\":\"https:\\\/\\\/www.sportshine.eu\\\/trgovina\\\/bryton-racunalnik-rider-s510-bundle\\\/\",\"name\":\"Bryton ra\u010dunalnik Rider S510 bundle\",\"isPartOf\":{\"@id\":\"https:\\\/\\\/www.sportshine.eu\\\/#website\"},\"primaryImageOfPage\":{\"@id\":\"https:\\\/\\\/www.sportshine.eu\\\/trgovina\\\/bryton-racunalnik-rider-s510-bundle\\\/#primaryimage\"},\"image\":{\"@id\":\"https:\\\/\\\/www.sportshine.eu\\\/trgovina\\\/bryton-racunalnik-rider-s510-bundle\\\/#primaryimage\"},\"thumbnailUrl\":\"https:\\\/\\\/www.sportshine.eu\\\/wp-content\\\/uploads\\\/2025\\\/08\\\/Bryton-S510-bundle-2.webp\",\"datePublished\":\"2025-08-03T19:15:04+00:00\",\"dateModified\":\"2026-01-20T09:59:13+00:00\",\"description\":\"Bryton ra\u010dunalnik Rider S510 bundle ima ogromno funkcij, je preprost za uporabo in je primeren za vse kolesarje. V paket vklju\u010deni senzorji.\",\"breadcrumb\":{\"@id\":\"https:\\\/\\\/www.sportshine.eu\\\/trgovina\\\/bryton-racunalnik-rider-s510-bundle\\\/#breadcrumb\"},\"inLanguage\":\"en-GB\",\"potentialAction\":[{\"@type\":\"ReadAction\",\"target\":[\"https:\\\/\\\/www.sportshine.eu\\\/trgovina\\\/bryton-racunalnik-rider-s510-bundle\\\/\"]}]},{\"@type\":\"ImageObject\",\"inLanguage\":\"en-GB\",\"@id\":\"https:\\\/\\\/www.sportshine.eu\\\/trgovina\\\/bryton-racunalnik-rider-s510-bundle\\\/#primaryimage\",\"url\":\"https:\\\/\\\/www.sportshine.eu\\\/wp-content\\\/uploads\\\/2025\\\/08\\\/Bryton-S510-bundle-2.webp\",\"contentUrl\":\"https:\\\/\\\/www.sportshine.eu\\\/wp-content\\\/uploads\\\/2025\\\/08\\\/Bryton-S510-bundle-2.webp\",\"width\":800,\"height\":800,\"caption\":\"Bryton S510 bundle\"},{\"@type\":\"BreadcrumbList\",\"@id\":\"https:\\\/\\\/www.sportshine.eu\\\/trgovina\\\/bryton-racunalnik-rider-s510-bundle\\\/#breadcrumb\",\"itemListElement\":[{\"@type\":\"ListItem\",\"position\":1,\"name\":\"Home\",\"item\":\"https:\\\/\\\/www.sportshine.eu\\\/\"},{\"@type\":\"ListItem\",\"position\":2,\"name\":\"Trgovina\",\"item\":\"https:\\\/\\\/www.sportshine.eu\\\/trgovina\\\/\"},{\"@type\":\"ListItem\",\"position\":3,\"name\":\"Bryton ra\u010dunalnik Rider S510 bundle\"}]},{\"@type\":\"WebSite\",\"@id\":\"https:\\\/\\\/www.sportshine.eu\\\/#website\",\"url\":\"https:\\\/\\\/www.sportshine.eu\\\/\",\"name\":\"Sportshine\",\"description\":\"Top spletna trgovina kolesarskih in naglavnih svetilk ter opreme\",\"publisher\":{\"@id\":\"https:\\\/\\\/www.sportshine.eu\\\/#organization\"},\"potentialAction\":[{\"@type\":\"SearchAction\",\"target\":{\"@type\":\"EntryPoint\",\"urlTemplate\":\"https:\\\/\\\/www.sportshine.eu\\\/?s={search_term_string}\"},\"query-input\":{\"@type\":\"PropertyValueSpecification\",\"valueRequired\":true,\"valueName\":\"search_term_string\"}}],\"inLanguage\":\"en-GB\"},{\"@type\":\"Organization\",\"@id\":\"https:\\\/\\\/www.sportshine.eu\\\/#organization\",\"name\":\"Sportshine\",\"url\":\"https:\\\/\\\/www.sportshine.eu\\\/\",\"logo\":{\"@type\":\"ImageObject\",\"inLanguage\":\"en-GB\",\"@id\":\"https:\\\/\\\/www.sportshine.eu\\\/#\\\/schema\\\/logo\\\/image\\\/\",\"url\":\"https:\\\/\\\/www.sportshine.eu\\\/wp-content\\\/uploads\\\/2026\\\/01\\\/cropped-Sportshine.webp\",\"contentUrl\":\"https:\\\/\\\/www.sportshine.eu\\\/wp-content\\\/uploads\\\/2026\\\/01\\\/cropped-Sportshine.webp\",\"width\":295,\"height\":128,\"caption\":\"Sportshine\"},\"image\":{\"@id\":\"https:\\\/\\\/www.sportshine.eu\\\/#\\\/schema\\\/logo\\\/image\\\/\"},\"sameAs\":[\"https:\\\/\\\/www.facebook.com\\\/sportshine.eu\\\/\"]}]}<\/script>\n<!-- \/ Yoast SEO plugin. -->","yoast_head_json":{"title":"Bryton Rider S510 computer bundle","description":"The Bryton Rider S510 bundle computer has a lot of features, is easy to use and is suitable for all cyclists. Sensors included in the package.","robots":{"index":"index","follow":"follow","max-snippet":"max-snippet:-1","max-image-preview":"max-image-preview:large","max-video-preview":"max-video-preview:-1"},"canonical":"https:\/\/www.sportshine.eu\/en\/shop\/bryton-computer-rider-s510-bundle\/","og_locale":"en_GB","og_type":"article","og_title":"Bryton ra\u010dunalnik Rider S510 bundle","og_description":"Bryton ra\u010dunalnik Rider S510 bundle ima ogromno funkcij, je preprost za uporabo in je primeren za vse kolesarje. V paket vklju\u010deni senzorji.","og_url":"https:\/\/www.sportshine.eu\/en\/shop\/bryton-computer-rider-s510-bundle\/","og_site_name":"Sportshine","article_publisher":"https:\/\/www.facebook.com\/sportshine.eu\/","article_modified_time":"2026-01-20T09:59:13+00:00","og_image":[{"width":800,"height":800,"url":"https:\/\/www.sportshine.eu\/wp-content\/uploads\/2025\/08\/Bryton-S510-bundle-2.webp","type":"image\/webp"}],"twitter_card":"summary_large_image","twitter_misc":{"Estimated reading time":"2 minutes"},"schema":{"@context":"https:\/\/schema.org","@graph":[{"@type":"WebPage","@id":"https:\/\/www.sportshine.eu\/trgovina\/bryton-racunalnik-rider-s510-bundle\/","url":"https:\/\/www.sportshine.eu\/trgovina\/bryton-racunalnik-rider-s510-bundle\/","name":"Bryton Rider S510 computer bundle","isPartOf":{"@id":"https:\/\/www.sportshine.eu\/#website"},"primaryImageOfPage":{"@id":"https:\/\/www.sportshine.eu\/trgovina\/bryton-racunalnik-rider-s510-bundle\/#primaryimage"},"image":{"@id":"https:\/\/www.sportshine.eu\/trgovina\/bryton-racunalnik-rider-s510-bundle\/#primaryimage"},"thumbnailUrl":"https:\/\/www.sportshine.eu\/wp-content\/uploads\/2025\/08\/Bryton-S510-bundle-2.webp","datePublished":"2025-08-03T19:15:04+00:00","dateModified":"2026-01-20T09:59:13+00:00","description":"The Bryton Rider S510 bundle computer has a lot of features, is easy to use and is suitable for all cyclists. Sensors included in the package.","breadcrumb":{"@id":"https:\/\/www.sportshine.eu\/trgovina\/bryton-racunalnik-rider-s510-bundle\/#breadcrumb"},"inLanguage":"en-GB","potentialAction":[{"@type":"ReadAction","target":["https:\/\/www.sportshine.eu\/trgovina\/bryton-racunalnik-rider-s510-bundle\/"]}]},{"@type":"ImageObject","inLanguage":"en-GB","@id":"https:\/\/www.sportshine.eu\/trgovina\/bryton-racunalnik-rider-s510-bundle\/#primaryimage","url":"https:\/\/www.sportshine.eu\/wp-content\/uploads\/2025\/08\/Bryton-S510-bundle-2.webp","contentUrl":"https:\/\/www.sportshine.eu\/wp-content\/uploads\/2025\/08\/Bryton-S510-bundle-2.webp","width":800,"height":800,"caption":"Bryton S510 bundle"},{"@type":"BreadcrumbList","@id":"https:\/\/www.sportshine.eu\/trgovina\/bryton-racunalnik-rider-s510-bundle\/#breadcrumb","itemListElement":[{"@type":"ListItem","position":1,"name":"Home","item":"https:\/\/www.sportshine.eu\/"},{"@type":"ListItem","position":2,"name":"Trgovina","item":"https:\/\/www.sportshine.eu\/trgovina\/"},{"@type":"ListItem","position":3,"name":"Bryton ra\u010dunalnik Rider S510 bundle"}]},{"@type":"WebSite","@id":"https:\/\/www.sportshine.eu\/#website","url":"https:\/\/www.sportshine.eu\/","name":"Sportshine","description":"Top online store for cycling and head lamps and equipment","publisher":{"@id":"https:\/\/www.sportshine.eu\/#organization"},"potentialAction":[{"@type":"SearchAction","target":{"@type":"EntryPoint","urlTemplate":"https:\/\/www.sportshine.eu\/?s={search_term_string}"},"query-input":{"@type":"PropertyValueSpecification","valueRequired":true,"valueName":"search_term_string"}}],"inLanguage":"en-GB"},{"@type":"Organization","@id":"https:\/\/www.sportshine.eu\/#organization","name":"Sportshine","url":"https:\/\/www.sportshine.eu\/","logo":{"@type":"ImageObject","inLanguage":"en-GB","@id":"https:\/\/www.sportshine.eu\/#\/schema\/logo\/image\/","url":"https:\/\/www.sportshine.eu\/wp-content\/uploads\/2026\/01\/cropped-Sportshine.webp","contentUrl":"https:\/\/www.sportshine.eu\/wp-content\/uploads\/2026\/01\/cropped-Sportshine.webp","width":295,"height":128,"caption":"Sportshine"},"image":{"@id":"https:\/\/www.sportshine.eu\/#\/schema\/logo\/image\/"},"sameAs":["https:\/\/www.facebook.com\/sportshine.eu\/"]}]}},"_links":{"self":[{"href":"https:\/\/www.sportshine.eu\/en\/wp-json\/wp\/v2\/product\/7724","targetHints":{"allow":["GET"]}}],"collection":[{"href":"https:\/\/www.sportshine.eu\/en\/wp-json\/wp\/v2\/product"}],"about":[{"href":"https:\/\/www.sportshine.eu\/en\/wp-json\/wp\/v2\/types\/product"}],"replies":[{"embeddable":true,"href":"https:\/\/www.sportshine.eu\/en\/wp-json\/wp\/v2\/comments?post=7724"}],"version-history":[{"count":0,"href":"https:\/\/www.sportshine.eu\/en\/wp-json\/wp\/v2\/product\/7724\/revisions"}],"wp:featuredmedia":[{"embeddable":true,"href":"https:\/\/www.sportshine.eu\/en\/wp-json\/wp\/v2\/media\/7728"}],"wp:attachment":[{"href":"https:\/\/www.sportshine.eu\/en\/wp-json\/wp\/v2\/media?parent=7724"}],"wp:term":[{"taxonomy":"product_brand","embeddable":true,"href":"https:\/\/www.sportshine.eu\/en\/wp-json\/wp\/v2\/product_brand?post=7724"},{"taxonomy":"product_cat","embeddable":true,"href":"https:\/\/www.sportshine.eu\/en\/wp-json\/wp\/v2\/product_cat?post=7724"},{"taxonomy":"product_tag","embeddable":true,"href":"https:\/\/www.sportshine.eu\/en\/wp-json\/wp\/v2\/product_tag?post=7724"}],"curies":[{"name":"wp","href":"https:\/\/api.w.org\/{rel}","templated":true}]}}