{"id":6688,"date":"2025-07-07T09:28:01","date_gmt":"2025-07-07T09:28:01","guid":{"rendered":"https:\/\/www.sportshine.eu\/?post_type=product&#038;p=6688"},"modified":"2025-08-09T22:07:58","modified_gmt":"2025-08-09T22:07:58","slug":"childrens-celada-brn-vola-50-blue","status":"publish","type":"product","link":"https:\/\/www.sportshine.eu\/en\/shop\/childrens-celada-brn-vola-50-blue\/","title":{"rendered":"Children&#039;s helmet BRN Vola 50 blue"},"content":{"rendered":"<p>The BRN Vola 50 children&#039;s helmet impresses with its elegant design in retro style. The safety aspect of this series is in the foreground, as the ergonomic shape provides maximum protection for the side and back of the head. Adjustment options are available for optimal adjustment. As many as 8 ventilation holes ensure excellent ventilation for your little ones.<\/p>\n<p>The Vola 50 models feature &quot;In-Mold&quot; technology - the shell and interior of the helmet are molded into an inseparable single piece with EPS foam, ensuring the highest level of head safety.<\/p>\n<p><img decoding=\"async\" class=\"aligncenter wp-image-7805 size-full\" src=\"https:\/\/www.sportshine.eu\/wp-content\/uploads\/2025\/07\/Otroske-celade-e1754777227756.webp\" alt=\"\" width=\"800\" height=\"461\" srcset=\"https:\/\/www.sportshine.eu\/wp-content\/uploads\/2025\/07\/Otroske-celade-e1754777227756.webp 800w, https:\/\/www.sportshine.eu\/wp-content\/uploads\/2025\/07\/Otroske-celade-e1754777227756-768x443.webp 768w, https:\/\/www.sportshine.eu\/wp-content\/uploads\/2025\/07\/Otroske-celade-e1754777227756-600x346.webp 600w\" sizes=\"(max-width: 800px) 100vw, 800px\" \/><\/p>\n<p><strong>Features:\u00a0<\/strong><\/p>\n<ul>\n<li><strong>Easily adjustable:<\/strong> The adjustment system allows for an optimal fit that is easy for the child to use.<\/li>\n<li><strong>Lightness:<\/strong> With its weight of only 165g, it allows you to move freely without feeling heavy.<\/li>\n<li><strong>Excellent ventilation:<\/strong> 8 ventilation holes ensure effective ventilation, making it comfortable to wear even on warmer days.<\/li>\n<li><strong>Advanced \u201cIn-Mold\u201d technology:<\/strong> The polycarbonate outer shell is seamlessly bonded to the EPS foam interior, providing exceptional durability and impact protection.<\/li>\n<li><strong>Elegant appearance and bright colors: <\/strong>Available in beautiful vibrant colors and attracts attention with a modern retro look.<\/li>\n<li><strong>Optimal protection:<\/strong> The ergonomic shape provides maximum protection for the sides and back of the head.<\/li>\n<li><strong>Size<\/strong>: Vola models are available in two sizes XXS (44-48 cm) and XS (48-50 cm)<\/li>\n<\/ul>","protected":false},"excerpt":{"rendered":"<p>The Vola 50 children&#039;s helmet from the renowned Italian brand BRN provides excellent protection for your little ones. High-quality manufacturing with &#039;In Mold&#039; technology allows the helmet to be made from one piece. This manufacturing method offers an optimal ratio between protection and light weight.<\/p>","protected":false},"featured_media":5539,"comment_status":"open","ping_status":"closed","template":"","meta":[],"product_brand":[],"product_cat":[110,108,109],"product_tag":[],"class_list":{"0":"post-6688","1":"product","2":"type-product","3":"status-publish","4":"has-post-thumbnail","6":"product_cat-brn-vola-50","7":"product_cat-kolesarske-celade","8":"product_cat-otroske-celade","10":"first","11":"instock","12":"sale","13":"taxable","14":"shipping-taxable","15":"purchasable","16":"product-type-variable"},"yoast_head":"<!-- This site is optimized with the Yoast SEO plugin v27.3 - https:\/\/yoast.com\/product\/yoast-seo-wordpress\/ -->\n<title>Otro\u0161ka \u010delada BRN Vola 50 blue - Sportshine<\/title>\n<meta name=\"robots\" content=\"index, follow, max-snippet:-1, max-image-preview:large, max-video-preview:-1\" \/>\n<link rel=\"canonical\" href=\"https:\/\/www.sportshine.eu\/en\/shop\/childrens-celada-brn-vola-50-blue\/\" \/>\n<meta property=\"og:locale\" content=\"en_GB\" \/>\n<meta property=\"og:type\" content=\"article\" \/>\n<meta property=\"og:title\" content=\"Otro\u0161ka \u010delada BRN Vola 50 blue - Sportshine\" \/>\n<meta property=\"og:description\" content=\"Otro\u0161ka \u010delada Vola 50 priznane italijanske znamke BRN, poskrbi za odli\u010dno za\u0161\u010dito va\u0161ih mal\u010dkov. Kvalitetna izdelava z &#039;In Mold&#039; tehnologijo omogo\u010da, da je \u010delada sestavljena iz enega dela. Ta na\u010din izdelave nudi optimalno razmerje med za\u0161\u010dito in lahko te\u017eo.\" \/>\n<meta property=\"og:url\" content=\"https:\/\/www.sportshine.eu\/en\/shop\/childrens-celada-brn-vola-50-blue\/\" \/>\n<meta property=\"og:site_name\" content=\"Sportshine\" \/>\n<meta property=\"article:publisher\" content=\"https:\/\/www.facebook.com\/sportshine.eu\/\" \/>\n<meta property=\"article:modified_time\" content=\"2025-08-09T22:07:58+00:00\" \/>\n<meta property=\"og:image\" content=\"https:\/\/www.sportshine.eu\/wp-content\/uploads\/2025\/07\/otroske-celade-brn-vola-50.webp\" \/>\n\t<meta property=\"og:image:width\" content=\"800\" \/>\n\t<meta property=\"og:image:height\" content=\"800\" \/>\n\t<meta property=\"og:image:type\" content=\"image\/webp\" \/>\n<meta name=\"twitter:card\" content=\"summary_large_image\" \/>\n<meta name=\"twitter:label1\" content=\"Estimated reading time\" \/>\n\t<meta name=\"twitter:data1\" content=\"2 minutes\" \/>\n<script type=\"application\/ld+json\" class=\"yoast-schema-graph\">{\"@context\":\"https:\\\/\\\/schema.org\",\"@graph\":[{\"@type\":\"WebPage\",\"@id\":\"https:\\\/\\\/www.sportshine.eu\\\/trgovina\\\/otroska-celada-brn-vola-50-blue\\\/\",\"url\":\"https:\\\/\\\/www.sportshine.eu\\\/trgovina\\\/otroska-celada-brn-vola-50-blue\\\/\",\"name\":\"Otro\u0161ka \u010delada BRN Vola 50 blue - Sportshine\",\"isPartOf\":{\"@id\":\"https:\\\/\\\/www.sportshine.eu\\\/#website\"},\"primaryImageOfPage\":{\"@id\":\"https:\\\/\\\/www.sportshine.eu\\\/trgovina\\\/otroska-celada-brn-vola-50-blue\\\/#primaryimage\"},\"image\":{\"@id\":\"https:\\\/\\\/www.sportshine.eu\\\/trgovina\\\/otroska-celada-brn-vola-50-blue\\\/#primaryimage\"},\"thumbnailUrl\":\"https:\\\/\\\/www.sportshine.eu\\\/wp-content\\\/uploads\\\/2025\\\/07\\\/otroske-celade-brn-vola-50.webp\",\"datePublished\":\"2025-07-07T09:28:01+00:00\",\"dateModified\":\"2025-08-09T22:07:58+00:00\",\"breadcrumb\":{\"@id\":\"https:\\\/\\\/www.sportshine.eu\\\/trgovina\\\/otroska-celada-brn-vola-50-blue\\\/#breadcrumb\"},\"inLanguage\":\"en-GB\",\"potentialAction\":[{\"@type\":\"ReadAction\",\"target\":[\"https:\\\/\\\/www.sportshine.eu\\\/trgovina\\\/otroska-celada-brn-vola-50-blue\\\/\"]}]},{\"@type\":\"ImageObject\",\"inLanguage\":\"en-GB\",\"@id\":\"https:\\\/\\\/www.sportshine.eu\\\/trgovina\\\/otroska-celada-brn-vola-50-blue\\\/#primaryimage\",\"url\":\"https:\\\/\\\/www.sportshine.eu\\\/wp-content\\\/uploads\\\/2025\\\/07\\\/otroske-celade-brn-vola-50.webp\",\"contentUrl\":\"https:\\\/\\\/www.sportshine.eu\\\/wp-content\\\/uploads\\\/2025\\\/07\\\/otroske-celade-brn-vola-50.webp\",\"width\":800,\"height\":800},{\"@type\":\"BreadcrumbList\",\"@id\":\"https:\\\/\\\/www.sportshine.eu\\\/trgovina\\\/otroska-celada-brn-vola-50-blue\\\/#breadcrumb\",\"itemListElement\":[{\"@type\":\"ListItem\",\"position\":1,\"name\":\"Home\",\"item\":\"https:\\\/\\\/www.sportshine.eu\\\/\"},{\"@type\":\"ListItem\",\"position\":2,\"name\":\"Trgovina\",\"item\":\"https:\\\/\\\/www.sportshine.eu\\\/trgovina\\\/\"},{\"@type\":\"ListItem\",\"position\":3,\"name\":\"Otro\u0161ka \u010delada BRN Vola 50 blue\"}]},{\"@type\":\"WebSite\",\"@id\":\"https:\\\/\\\/www.sportshine.eu\\\/#website\",\"url\":\"https:\\\/\\\/www.sportshine.eu\\\/\",\"name\":\"Sportshine\",\"description\":\"Top spletna trgovina kolesarskih in naglavnih svetilk ter opreme\",\"publisher\":{\"@id\":\"https:\\\/\\\/www.sportshine.eu\\\/#organization\"},\"potentialAction\":[{\"@type\":\"SearchAction\",\"target\":{\"@type\":\"EntryPoint\",\"urlTemplate\":\"https:\\\/\\\/www.sportshine.eu\\\/?s={search_term_string}\"},\"query-input\":{\"@type\":\"PropertyValueSpecification\",\"valueRequired\":true,\"valueName\":\"search_term_string\"}}],\"inLanguage\":\"en-GB\"},{\"@type\":\"Organization\",\"@id\":\"https:\\\/\\\/www.sportshine.eu\\\/#organization\",\"name\":\"Sportshine\",\"url\":\"https:\\\/\\\/www.sportshine.eu\\\/\",\"logo\":{\"@type\":\"ImageObject\",\"inLanguage\":\"en-GB\",\"@id\":\"https:\\\/\\\/www.sportshine.eu\\\/#\\\/schema\\\/logo\\\/image\\\/\",\"url\":\"https:\\\/\\\/www.sportshine.eu\\\/wp-content\\\/uploads\\\/2026\\\/01\\\/cropped-Sportshine.webp\",\"contentUrl\":\"https:\\\/\\\/www.sportshine.eu\\\/wp-content\\\/uploads\\\/2026\\\/01\\\/cropped-Sportshine.webp\",\"width\":295,\"height\":128,\"caption\":\"Sportshine\"},\"image\":{\"@id\":\"https:\\\/\\\/www.sportshine.eu\\\/#\\\/schema\\\/logo\\\/image\\\/\"},\"sameAs\":[\"https:\\\/\\\/www.facebook.com\\\/sportshine.eu\\\/\"]}]}<\/script>\n<!-- \/ Yoast SEO plugin. -->","yoast_head_json":{"title":"Children&#039;s helmet BRN Vola 50 blue - Sportshine","robots":{"index":"index","follow":"follow","max-snippet":"max-snippet:-1","max-image-preview":"max-image-preview:large","max-video-preview":"max-video-preview:-1"},"canonical":"https:\/\/www.sportshine.eu\/en\/shop\/childrens-celada-brn-vola-50-blue\/","og_locale":"en_GB","og_type":"article","og_title":"Otro\u0161ka \u010delada BRN Vola 50 blue - Sportshine","og_description":"Otro\u0161ka \u010delada Vola 50 priznane italijanske znamke BRN, poskrbi za odli\u010dno za\u0161\u010dito va\u0161ih mal\u010dkov. Kvalitetna izdelava z 'In Mold' tehnologijo omogo\u010da, da je \u010delada sestavljena iz enega dela. Ta na\u010din izdelave nudi optimalno razmerje med za\u0161\u010dito in lahko te\u017eo.","og_url":"https:\/\/www.sportshine.eu\/en\/shop\/childrens-celada-brn-vola-50-blue\/","og_site_name":"Sportshine","article_publisher":"https:\/\/www.facebook.com\/sportshine.eu\/","article_modified_time":"2025-08-09T22:07:58+00:00","og_image":[{"width":800,"height":800,"url":"https:\/\/www.sportshine.eu\/wp-content\/uploads\/2025\/07\/otroske-celade-brn-vola-50.webp","type":"image\/webp"}],"twitter_card":"summary_large_image","twitter_misc":{"Estimated reading time":"2 minutes"},"schema":{"@context":"https:\/\/schema.org","@graph":[{"@type":"WebPage","@id":"https:\/\/www.sportshine.eu\/trgovina\/otroska-celada-brn-vola-50-blue\/","url":"https:\/\/www.sportshine.eu\/trgovina\/otroska-celada-brn-vola-50-blue\/","name":"Children&#039;s helmet BRN Vola 50 blue - Sportshine","isPartOf":{"@id":"https:\/\/www.sportshine.eu\/#website"},"primaryImageOfPage":{"@id":"https:\/\/www.sportshine.eu\/trgovina\/otroska-celada-brn-vola-50-blue\/#primaryimage"},"image":{"@id":"https:\/\/www.sportshine.eu\/trgovina\/otroska-celada-brn-vola-50-blue\/#primaryimage"},"thumbnailUrl":"https:\/\/www.sportshine.eu\/wp-content\/uploads\/2025\/07\/otroske-celade-brn-vola-50.webp","datePublished":"2025-07-07T09:28:01+00:00","dateModified":"2025-08-09T22:07:58+00:00","breadcrumb":{"@id":"https:\/\/www.sportshine.eu\/trgovina\/otroska-celada-brn-vola-50-blue\/#breadcrumb"},"inLanguage":"en-GB","potentialAction":[{"@type":"ReadAction","target":["https:\/\/www.sportshine.eu\/trgovina\/otroska-celada-brn-vola-50-blue\/"]}]},{"@type":"ImageObject","inLanguage":"en-GB","@id":"https:\/\/www.sportshine.eu\/trgovina\/otroska-celada-brn-vola-50-blue\/#primaryimage","url":"https:\/\/www.sportshine.eu\/wp-content\/uploads\/2025\/07\/otroske-celade-brn-vola-50.webp","contentUrl":"https:\/\/www.sportshine.eu\/wp-content\/uploads\/2025\/07\/otroske-celade-brn-vola-50.webp","width":800,"height":800},{"@type":"BreadcrumbList","@id":"https:\/\/www.sportshine.eu\/trgovina\/otroska-celada-brn-vola-50-blue\/#breadcrumb","itemListElement":[{"@type":"ListItem","position":1,"name":"Home","item":"https:\/\/www.sportshine.eu\/"},{"@type":"ListItem","position":2,"name":"Trgovina","item":"https:\/\/www.sportshine.eu\/trgovina\/"},{"@type":"ListItem","position":3,"name":"Otro\u0161ka \u010delada BRN Vola 50 blue"}]},{"@type":"WebSite","@id":"https:\/\/www.sportshine.eu\/#website","url":"https:\/\/www.sportshine.eu\/","name":"Sportshine","description":"Top online store for cycling and head lamps and equipment","publisher":{"@id":"https:\/\/www.sportshine.eu\/#organization"},"potentialAction":[{"@type":"SearchAction","target":{"@type":"EntryPoint","urlTemplate":"https:\/\/www.sportshine.eu\/?s={search_term_string}"},"query-input":{"@type":"PropertyValueSpecification","valueRequired":true,"valueName":"search_term_string"}}],"inLanguage":"en-GB"},{"@type":"Organization","@id":"https:\/\/www.sportshine.eu\/#organization","name":"Sportshine","url":"https:\/\/www.sportshine.eu\/","logo":{"@type":"ImageObject","inLanguage":"en-GB","@id":"https:\/\/www.sportshine.eu\/#\/schema\/logo\/image\/","url":"https:\/\/www.sportshine.eu\/wp-content\/uploads\/2026\/01\/cropped-Sportshine.webp","contentUrl":"https:\/\/www.sportshine.eu\/wp-content\/uploads\/2026\/01\/cropped-Sportshine.webp","width":295,"height":128,"caption":"Sportshine"},"image":{"@id":"https:\/\/www.sportshine.eu\/#\/schema\/logo\/image\/"},"sameAs":["https:\/\/www.facebook.com\/sportshine.eu\/"]}]}},"_links":{"self":[{"href":"https:\/\/www.sportshine.eu\/en\/wp-json\/wp\/v2\/product\/6688","targetHints":{"allow":["GET"]}}],"collection":[{"href":"https:\/\/www.sportshine.eu\/en\/wp-json\/wp\/v2\/product"}],"about":[{"href":"https:\/\/www.sportshine.eu\/en\/wp-json\/wp\/v2\/types\/product"}],"replies":[{"embeddable":true,"href":"https:\/\/www.sportshine.eu\/en\/wp-json\/wp\/v2\/comments?post=6688"}],"version-history":[{"count":0,"href":"https:\/\/www.sportshine.eu\/en\/wp-json\/wp\/v2\/product\/6688\/revisions"}],"wp:featuredmedia":[{"embeddable":true,"href":"https:\/\/www.sportshine.eu\/en\/wp-json\/wp\/v2\/media\/5539"}],"wp:attachment":[{"href":"https:\/\/www.sportshine.eu\/en\/wp-json\/wp\/v2\/media?parent=6688"}],"wp:term":[{"taxonomy":"product_brand","embeddable":true,"href":"https:\/\/www.sportshine.eu\/en\/wp-json\/wp\/v2\/product_brand?post=6688"},{"taxonomy":"product_cat","embeddable":true,"href":"https:\/\/www.sportshine.eu\/en\/wp-json\/wp\/v2\/product_cat?post=6688"},{"taxonomy":"product_tag","embeddable":true,"href":"https:\/\/www.sportshine.eu\/en\/wp-json\/wp\/v2\/product_tag?post=6688"}],"curies":[{"name":"wp","href":"https:\/\/api.w.org\/{rel}","templated":true}]}}