{"id":6617,"date":"2025-07-07T08:55:45","date_gmt":"2025-07-07T08:55:45","guid":{"rendered":"https:\/\/www.sportshine.eu\/?post_type=product&#038;p=6617"},"modified":"2025-08-02T17:05:31","modified_gmt":"2025-08-02T17:05:31","slug":"childrens-pushchair-brn-vola-50-red","status":"publish","type":"product","link":"https:\/\/www.sportshine.eu\/en\/shop\/childrens-pushchair-brn-vola-50-red\/","title":{"rendered":"Children&#039;s scooter BRN VOLA 50 red"},"content":{"rendered":"<h3 style=\"text-align: left;\" data-start=\"0\" data-end=\"55\">BRN VOLA 50 \u2013 THE PERFECT FIRST BIKE FOR LITTLE CYCLISTS<\/h3>\n<p class=\"\" style=\"text-align: left;\" data-start=\"57\" data-end=\"438\">Children&#039;s booster\u00a0 <strong data-start=\"73\" data-end=\"88\">BRN Ox 50<\/strong> combines natural materials, comfort and safety to give your child the best first cycling experience. It is made of <strong data-start=\"212\" data-end=\"238\">natural red wood<\/strong>, which is not only durable, but also aesthetically appealing. It is designed so that children develop a sense of balance and confidence on two wheels through play, which allows them to transition more easily to a real bike.<\/p>\n<h3 class=\"\" style=\"text-align: left;\" data-start=\"440\" data-end=\"472\">GROW WITH YOUR CHILD<\/h3>\n<p class=\"\" style=\"text-align: left;\" data-start=\"473\" data-end=\"628\">ADJUSTABLE SEAT \u2013 The adjustable seat height allows for comfortable use through different growth stages, meaning the bike will accompany your child for many years. The seat is adjustable from 29-36 cm.<\/p>\n<h3 class=\"\" style=\"text-align: left;\" data-start=\"630\" data-end=\"665\">STABLE AND COMFORTABLE RIDE<\/h3>\n<p class=\"\" style=\"text-align: left;\" data-start=\"666\" data-end=\"802\">8\u201d PVC WHEELS \u2013 Provide smooth and stable riding on a variety of surfaces, from your backyard to parks and walking paths.<\/p>\n<h3 class=\"\" style=\"text-align: left;\" data-start=\"804\" data-end=\"845\">LIGHTWEIGHT AND EASY TO USE<\/h3>\n<p class=\"\" style=\"text-align: left;\" data-start=\"846\" data-end=\"997\">EXTREMELY LIGHTWEIGHT - Weighing only 2.8 kg, the bike is easy to carry and handle, meaning that a child can lift or move it without any problems.<\/p>\n<h3 class=\"\" style=\"text-align: left;\" data-start=\"999\" data-end=\"1041\">SAFE AND RELIABLE COMPANION<\/h3>\n<p class=\"\" style=\"text-align: left;\" data-start=\"1042\" data-end=\"1198\">MAXIMUM LOAD CAPACITY 30 KG \u2013 The bike is designed for a safe and stable ride, suitable for little cycling adventurers who are just starting their journey.<\/p>","protected":false},"excerpt":{"rendered":"<p class=\"\" data-start=\"50\" data-end=\"222\">Children&#039;s booster <strong data-start=\"66\" data-end=\"81\">BRN Ox 50<\/strong> is made of natural wood, combining elegance, durability and lightness for the perfect first cycling experience for your child. <strong data-start=\"1204\" data-end=\"1219\">BRN Ox 50<\/strong> Give your child the joy of movement and freedom on two wheels! \ud83d\udeb4\u200d\u2642\ufe0f\u2728<\/p>","protected":false},"featured_media":5369,"comment_status":"open","ping_status":"closed","template":"","meta":[],"product_brand":[],"product_cat":[124],"product_tag":[],"class_list":{"0":"post-6617","1":"product","2":"type-product","3":"status-publish","4":"has-post-thumbnail","6":"product_cat-otroski-poganjalci","8":"first","9":"instock","10":"taxable","11":"shipping-taxable","12":"purchasable","13":"product-type-simple"},"yoast_head":"<!-- This site is optimized with the Yoast SEO plugin v27.3 - https:\/\/yoast.com\/product\/yoast-seo-wordpress\/ -->\n<title>Otro\u0161ki poganjalec BRN FLY50 red<\/title>\n<meta name=\"robots\" content=\"index, follow, max-snippet:-1, max-image-preview:large, max-video-preview:-1\" \/>\n<link rel=\"canonical\" href=\"https:\/\/www.sportshine.eu\/en\/shop\/childrens-pushchair-brn-vola-50-red\/\" \/>\n<meta property=\"og:locale\" content=\"en_GB\" \/>\n<meta property=\"og:type\" content=\"article\" \/>\n<meta property=\"og:title\" content=\"Otro\u0161ki poganjalec BRN FLY50 red\" \/>\n<meta property=\"og:description\" content=\"Otro\u0161ki poganjalec BRN Vola 50 je izdelan iz naravnega lesa, ki zdru\u017euje eleganco, vzdr\u017eljivost in lahkotnost za popolno prvo kolesarsko izku\u0161njo va\u0161ega otroka. Naj BRN Vola 50 va\u0161emu otroku podari veselje do gibanja in svobode na dveh kolesih! \ud83d\udeb4\u200d\u2642\ufe0f\u2728\" \/>\n<meta property=\"og:url\" content=\"https:\/\/www.sportshine.eu\/en\/shop\/childrens-pushchair-brn-vola-50-red\/\" \/>\n<meta property=\"og:site_name\" content=\"Sportshine\" \/>\n<meta property=\"article:publisher\" content=\"https:\/\/www.facebook.com\/sportshine.eu\/\" \/>\n<meta property=\"article:modified_time\" content=\"2025-08-02T17:05:31+00:00\" \/>\n<meta property=\"og:image\" content=\"https:\/\/www.sportshine.eu\/wp-content\/uploads\/2025\/07\/brn-poganjalec.webp\" \/>\n\t<meta property=\"og:image:width\" content=\"800\" \/>\n\t<meta property=\"og:image:height\" content=\"800\" \/>\n\t<meta property=\"og:image:type\" content=\"image\/webp\" \/>\n<meta name=\"twitter:card\" content=\"summary_large_image\" \/>\n<meta name=\"twitter:label1\" content=\"Estimated reading time\" \/>\n\t<meta name=\"twitter:data1\" content=\"1 minute\" \/>\n<script type=\"application\/ld+json\" class=\"yoast-schema-graph\">{\"@context\":\"https:\\\/\\\/schema.org\",\"@graph\":[{\"@type\":\"WebPage\",\"@id\":\"https:\\\/\\\/www.sportshine.eu\\\/trgovina\\\/otroski-poganjalec-brn-vola-50-red\\\/\",\"url\":\"https:\\\/\\\/www.sportshine.eu\\\/trgovina\\\/otroski-poganjalec-brn-vola-50-red\\\/\",\"name\":\"Otro\u0161ki poganjalec BRN FLY50 red\",\"isPartOf\":{\"@id\":\"https:\\\/\\\/www.sportshine.eu\\\/#website\"},\"primaryImageOfPage\":{\"@id\":\"https:\\\/\\\/www.sportshine.eu\\\/trgovina\\\/otroski-poganjalec-brn-vola-50-red\\\/#primaryimage\"},\"image\":{\"@id\":\"https:\\\/\\\/www.sportshine.eu\\\/trgovina\\\/otroski-poganjalec-brn-vola-50-red\\\/#primaryimage\"},\"thumbnailUrl\":\"https:\\\/\\\/www.sportshine.eu\\\/wp-content\\\/uploads\\\/2025\\\/07\\\/brn-poganjalec.webp\",\"datePublished\":\"2025-07-07T08:55:45+00:00\",\"dateModified\":\"2025-08-02T17:05:31+00:00\",\"breadcrumb\":{\"@id\":\"https:\\\/\\\/www.sportshine.eu\\\/trgovina\\\/otroski-poganjalec-brn-vola-50-red\\\/#breadcrumb\"},\"inLanguage\":\"en-GB\",\"potentialAction\":[{\"@type\":\"ReadAction\",\"target\":[\"https:\\\/\\\/www.sportshine.eu\\\/trgovina\\\/otroski-poganjalec-brn-vola-50-red\\\/\"]}]},{\"@type\":\"ImageObject\",\"inLanguage\":\"en-GB\",\"@id\":\"https:\\\/\\\/www.sportshine.eu\\\/trgovina\\\/otroski-poganjalec-brn-vola-50-red\\\/#primaryimage\",\"url\":\"https:\\\/\\\/www.sportshine.eu\\\/wp-content\\\/uploads\\\/2025\\\/07\\\/brn-poganjalec.webp\",\"contentUrl\":\"https:\\\/\\\/www.sportshine.eu\\\/wp-content\\\/uploads\\\/2025\\\/07\\\/brn-poganjalec.webp\",\"width\":800,\"height\":800},{\"@type\":\"BreadcrumbList\",\"@id\":\"https:\\\/\\\/www.sportshine.eu\\\/trgovina\\\/otroski-poganjalec-brn-vola-50-red\\\/#breadcrumb\",\"itemListElement\":[{\"@type\":\"ListItem\",\"position\":1,\"name\":\"Home\",\"item\":\"https:\\\/\\\/www.sportshine.eu\\\/\"},{\"@type\":\"ListItem\",\"position\":2,\"name\":\"Trgovina\",\"item\":\"https:\\\/\\\/www.sportshine.eu\\\/trgovina\\\/\"},{\"@type\":\"ListItem\",\"position\":3,\"name\":\"Otro\u0161ki poganjalec BRN VOLA 50 red\"}]},{\"@type\":\"WebSite\",\"@id\":\"https:\\\/\\\/www.sportshine.eu\\\/#website\",\"url\":\"https:\\\/\\\/www.sportshine.eu\\\/\",\"name\":\"Sportshine\",\"description\":\"Top spletna trgovina kolesarskih in naglavnih svetilk ter opreme\",\"publisher\":{\"@id\":\"https:\\\/\\\/www.sportshine.eu\\\/#organization\"},\"potentialAction\":[{\"@type\":\"SearchAction\",\"target\":{\"@type\":\"EntryPoint\",\"urlTemplate\":\"https:\\\/\\\/www.sportshine.eu\\\/?s={search_term_string}\"},\"query-input\":{\"@type\":\"PropertyValueSpecification\",\"valueRequired\":true,\"valueName\":\"search_term_string\"}}],\"inLanguage\":\"en-GB\"},{\"@type\":\"Organization\",\"@id\":\"https:\\\/\\\/www.sportshine.eu\\\/#organization\",\"name\":\"Sportshine\",\"url\":\"https:\\\/\\\/www.sportshine.eu\\\/\",\"logo\":{\"@type\":\"ImageObject\",\"inLanguage\":\"en-GB\",\"@id\":\"https:\\\/\\\/www.sportshine.eu\\\/#\\\/schema\\\/logo\\\/image\\\/\",\"url\":\"https:\\\/\\\/www.sportshine.eu\\\/wp-content\\\/uploads\\\/2026\\\/01\\\/cropped-Sportshine.webp\",\"contentUrl\":\"https:\\\/\\\/www.sportshine.eu\\\/wp-content\\\/uploads\\\/2026\\\/01\\\/cropped-Sportshine.webp\",\"width\":295,\"height\":128,\"caption\":\"Sportshine\"},\"image\":{\"@id\":\"https:\\\/\\\/www.sportshine.eu\\\/#\\\/schema\\\/logo\\\/image\\\/\"},\"sameAs\":[\"https:\\\/\\\/www.facebook.com\\\/sportshine.eu\\\/\"]}]}<\/script>\n<!-- \/ Yoast SEO plugin. -->","yoast_head_json":{"title":"Children&#039;s scooter BRN FLY50 red","robots":{"index":"index","follow":"follow","max-snippet":"max-snippet:-1","max-image-preview":"max-image-preview:large","max-video-preview":"max-video-preview:-1"},"canonical":"https:\/\/www.sportshine.eu\/en\/shop\/childrens-pushchair-brn-vola-50-red\/","og_locale":"en_GB","og_type":"article","og_title":"Otro\u0161ki poganjalec BRN FLY50 red","og_description":"Otro\u0161ki poganjalec BRN Vola 50 je izdelan iz naravnega lesa, ki zdru\u017euje eleganco, vzdr\u017eljivost in lahkotnost za popolno prvo kolesarsko izku\u0161njo va\u0161ega otroka. Naj BRN Vola 50 va\u0161emu otroku podari veselje do gibanja in svobode na dveh kolesih! \ud83d\udeb4\u200d\u2642\ufe0f\u2728","og_url":"https:\/\/www.sportshine.eu\/en\/shop\/childrens-pushchair-brn-vola-50-red\/","og_site_name":"Sportshine","article_publisher":"https:\/\/www.facebook.com\/sportshine.eu\/","article_modified_time":"2025-08-02T17:05:31+00:00","og_image":[{"width":800,"height":800,"url":"https:\/\/www.sportshine.eu\/wp-content\/uploads\/2025\/07\/brn-poganjalec.webp","type":"image\/webp"}],"twitter_card":"summary_large_image","twitter_misc":{"Estimated reading time":"1 minute"},"schema":{"@context":"https:\/\/schema.org","@graph":[{"@type":"WebPage","@id":"https:\/\/www.sportshine.eu\/trgovina\/otroski-poganjalec-brn-vola-50-red\/","url":"https:\/\/www.sportshine.eu\/trgovina\/otroski-poganjalec-brn-vola-50-red\/","name":"Children&#039;s scooter BRN FLY50 red","isPartOf":{"@id":"https:\/\/www.sportshine.eu\/#website"},"primaryImageOfPage":{"@id":"https:\/\/www.sportshine.eu\/trgovina\/otroski-poganjalec-brn-vola-50-red\/#primaryimage"},"image":{"@id":"https:\/\/www.sportshine.eu\/trgovina\/otroski-poganjalec-brn-vola-50-red\/#primaryimage"},"thumbnailUrl":"https:\/\/www.sportshine.eu\/wp-content\/uploads\/2025\/07\/brn-poganjalec.webp","datePublished":"2025-07-07T08:55:45+00:00","dateModified":"2025-08-02T17:05:31+00:00","breadcrumb":{"@id":"https:\/\/www.sportshine.eu\/trgovina\/otroski-poganjalec-brn-vola-50-red\/#breadcrumb"},"inLanguage":"en-GB","potentialAction":[{"@type":"ReadAction","target":["https:\/\/www.sportshine.eu\/trgovina\/otroski-poganjalec-brn-vola-50-red\/"]}]},{"@type":"ImageObject","inLanguage":"en-GB","@id":"https:\/\/www.sportshine.eu\/trgovina\/otroski-poganjalec-brn-vola-50-red\/#primaryimage","url":"https:\/\/www.sportshine.eu\/wp-content\/uploads\/2025\/07\/brn-poganjalec.webp","contentUrl":"https:\/\/www.sportshine.eu\/wp-content\/uploads\/2025\/07\/brn-poganjalec.webp","width":800,"height":800},{"@type":"BreadcrumbList","@id":"https:\/\/www.sportshine.eu\/trgovina\/otroski-poganjalec-brn-vola-50-red\/#breadcrumb","itemListElement":[{"@type":"ListItem","position":1,"name":"Home","item":"https:\/\/www.sportshine.eu\/"},{"@type":"ListItem","position":2,"name":"Trgovina","item":"https:\/\/www.sportshine.eu\/trgovina\/"},{"@type":"ListItem","position":3,"name":"Otro\u0161ki poganjalec BRN VOLA 50 red"}]},{"@type":"WebSite","@id":"https:\/\/www.sportshine.eu\/#website","url":"https:\/\/www.sportshine.eu\/","name":"Sportshine","description":"Top online store for cycling and head lamps and equipment","publisher":{"@id":"https:\/\/www.sportshine.eu\/#organization"},"potentialAction":[{"@type":"SearchAction","target":{"@type":"EntryPoint","urlTemplate":"https:\/\/www.sportshine.eu\/?s={search_term_string}"},"query-input":{"@type":"PropertyValueSpecification","valueRequired":true,"valueName":"search_term_string"}}],"inLanguage":"en-GB"},{"@type":"Organization","@id":"https:\/\/www.sportshine.eu\/#organization","name":"Sportshine","url":"https:\/\/www.sportshine.eu\/","logo":{"@type":"ImageObject","inLanguage":"en-GB","@id":"https:\/\/www.sportshine.eu\/#\/schema\/logo\/image\/","url":"https:\/\/www.sportshine.eu\/wp-content\/uploads\/2026\/01\/cropped-Sportshine.webp","contentUrl":"https:\/\/www.sportshine.eu\/wp-content\/uploads\/2026\/01\/cropped-Sportshine.webp","width":295,"height":128,"caption":"Sportshine"},"image":{"@id":"https:\/\/www.sportshine.eu\/#\/schema\/logo\/image\/"},"sameAs":["https:\/\/www.facebook.com\/sportshine.eu\/"]}]}},"_links":{"self":[{"href":"https:\/\/www.sportshine.eu\/en\/wp-json\/wp\/v2\/product\/6617","targetHints":{"allow":["GET"]}}],"collection":[{"href":"https:\/\/www.sportshine.eu\/en\/wp-json\/wp\/v2\/product"}],"about":[{"href":"https:\/\/www.sportshine.eu\/en\/wp-json\/wp\/v2\/types\/product"}],"replies":[{"embeddable":true,"href":"https:\/\/www.sportshine.eu\/en\/wp-json\/wp\/v2\/comments?post=6617"}],"version-history":[{"count":0,"href":"https:\/\/www.sportshine.eu\/en\/wp-json\/wp\/v2\/product\/6617\/revisions"}],"wp:featuredmedia":[{"embeddable":true,"href":"https:\/\/www.sportshine.eu\/en\/wp-json\/wp\/v2\/media\/5369"}],"wp:attachment":[{"href":"https:\/\/www.sportshine.eu\/en\/wp-json\/wp\/v2\/media?parent=6617"}],"wp:term":[{"taxonomy":"product_brand","embeddable":true,"href":"https:\/\/www.sportshine.eu\/en\/wp-json\/wp\/v2\/product_brand?post=6617"},{"taxonomy":"product_cat","embeddable":true,"href":"https:\/\/www.sportshine.eu\/en\/wp-json\/wp\/v2\/product_cat?post=6617"},{"taxonomy":"product_tag","embeddable":true,"href":"https:\/\/www.sportshine.eu\/en\/wp-json\/wp\/v2\/product_tag?post=6617"}],"curies":[{"name":"wp","href":"https:\/\/api.w.org\/{rel}","templated":true}]}}