{"id":6604,"date":"2025-07-07T08:55:31","date_gmt":"2025-07-07T08:55:31","guid":{"rendered":"https:\/\/www.sportshine.eu\/?post_type=product&#038;p=6604"},"modified":"2026-01-22T13:18:47","modified_gmt":"2026-01-22T13:18:47","slug":"cycling-glasses-brn-rx","status":"publish","type":"product","link":"https:\/\/www.sportshine.eu\/en\/shop\/cycling-glasses-brn-rx\/","title":{"rendered":"BRN RX cycling glasses"},"content":{"rendered":"<p class=\"\" data-start=\"54\" data-end=\"537\"><strong data-start=\"54\" data-end=\"75\">BRN RX Wide glasses<\/strong> represent the highest technology in their class. They are made of three<strong data-start=\"144\" data-end=\"176\">\u00a0polycarbonate lenses<\/strong>, which are impact resistant and provide comprehensive <strong data-start=\"227\" data-end=\"241\" data-is-only-node=\"\">UV protection<\/strong>, in accordance with certificates <strong data-start=\"265\" data-end=\"321\">ANSI Z80.3 \/ EN 1836 \/ EN ISO 12312-1 \/ AS\/NZS1067.1<\/strong>The glasses are suitable for both outdoor and indoor use, as they have a frame made of <strong data-start=\"398\" data-end=\"416\">TR90 Grilamid<\/strong>, non-slip hypoallergenic rubberized handles and an adjustable hypoallergenic nose bridge, ensuring comfort throughout the day.<\/p>\n<p class=\"\" data-start=\"539\" data-end=\"825\">Despite their superior features, the glasses only weigh <strong data-start=\"583\" data-end=\"591\">34 grams<\/strong>, which allows for extreme lightness. They are stored in a spacious <strong data-start=\"650\" data-end=\"666\">hard case<\/strong>, and is also attached <strong data-start=\"689\" data-end=\"720\">soft microfiber bag<\/strong> for lens protection. An ideal choice for those who want to combine functionality, protection and elegant design.<\/p>","protected":false},"excerpt":{"rendered":"<p>BRN RX Wide o\u010dala predstavljajo vrhunsko tehnologijo v svojem razredu. Izdelana so iz treh\u00a0polikarbonatnih le\u010d, ki so odporne na udarce in zagotavljajo celovito UV za\u0161\u010dito, skladno s certifikati ANSI Z80.3 \/ EN 1836 \/ EN ISO 12312-1 \/ AS\/NZS1067.1. O\u010dala so primerna tako za zunanjo kot notranjo uporabo, saj imajo okvir iz TR90 Grilamida, nedrse\u010de [&hellip;]<\/p>\n","protected":false},"featured_media":5343,"comment_status":"open","ping_status":"closed","template":"","meta":[],"product_brand":[133],"product_cat":[104,103],"product_tag":[],"class_list":{"0":"post-6604","1":"product","2":"type-product","3":"status-publish","4":"has-post-thumbnail","6":"product_brand-brn","7":"product_cat-klasicna-kolesarska-ocala","8":"product_cat-kolesarska-ocala","10":"first","11":"instock","12":"taxable","13":"shipping-taxable","14":"purchasable","15":"product-type-simple"},"yoast_head":"<!-- This site is optimized with the Yoast SEO plugin v27.3 - https:\/\/yoast.com\/product\/yoast-seo-wordpress\/ -->\n<title>Kolesarska o\u010dala BRN RX<\/title>\n<meta name=\"description\" content=\"Kolesarska o\u010dala BRN RX BRN RX Wide o\u010dala predstavljajo vrhunsko tehnologijo v svojem razredu. Izdelana so iz 3\u00a0polikarbonatnih le\u010d, ki so odporne na udarce\" \/>\n<meta name=\"robots\" content=\"index, follow, max-snippet:-1, max-image-preview:large, max-video-preview:-1\" \/>\n<link rel=\"canonical\" href=\"https:\/\/www.sportshine.eu\/en\/shop\/cycling-glasses-brn-rx\/\" \/>\n<meta property=\"og:locale\" content=\"en_GB\" \/>\n<meta property=\"og:type\" content=\"article\" \/>\n<meta property=\"og:title\" content=\"Kolesarska o\u010dala BRN RX\" \/>\n<meta property=\"og:description\" content=\"Kolesarska o\u010dala BRN RX BRN RX Wide o\u010dala predstavljajo vrhunsko tehnologijo v svojem razredu. Izdelana so iz 3\u00a0polikarbonatnih le\u010d, ki so odporne na udarce\" \/>\n<meta property=\"og:url\" content=\"https:\/\/www.sportshine.eu\/en\/shop\/cycling-glasses-brn-rx\/\" \/>\n<meta property=\"og:site_name\" content=\"Sportshine\" \/>\n<meta property=\"article:publisher\" content=\"https:\/\/www.facebook.com\/sportshine.eu\/\" \/>\n<meta property=\"article:modified_time\" content=\"2026-01-22T13:18:47+00:00\" \/>\n<meta property=\"og:image\" content=\"https:\/\/www.sportshine.eu\/wp-content\/uploads\/2025\/07\/BRN-RX-ocala.webp\" \/>\n\t<meta property=\"og:image:width\" content=\"800\" \/>\n\t<meta property=\"og:image:height\" content=\"800\" \/>\n\t<meta property=\"og:image:type\" content=\"image\/webp\" \/>\n<meta name=\"twitter:card\" content=\"summary_large_image\" \/>\n<meta name=\"twitter:label1\" content=\"Estimated reading time\" \/>\n\t<meta name=\"twitter:data1\" content=\"1 minute\" \/>\n<script type=\"application\/ld+json\" class=\"yoast-schema-graph\">{\"@context\":\"https:\\\/\\\/schema.org\",\"@graph\":[{\"@type\":\"WebPage\",\"@id\":\"https:\\\/\\\/www.sportshine.eu\\\/trgovina\\\/kolesarska-ocala-brn-rx\\\/\",\"url\":\"https:\\\/\\\/www.sportshine.eu\\\/trgovina\\\/kolesarska-ocala-brn-rx\\\/\",\"name\":\"Kolesarska o\u010dala BRN RX\",\"isPartOf\":{\"@id\":\"https:\\\/\\\/www.sportshine.eu\\\/#website\"},\"primaryImageOfPage\":{\"@id\":\"https:\\\/\\\/www.sportshine.eu\\\/trgovina\\\/kolesarska-ocala-brn-rx\\\/#primaryimage\"},\"image\":{\"@id\":\"https:\\\/\\\/www.sportshine.eu\\\/trgovina\\\/kolesarska-ocala-brn-rx\\\/#primaryimage\"},\"thumbnailUrl\":\"https:\\\/\\\/www.sportshine.eu\\\/wp-content\\\/uploads\\\/2025\\\/07\\\/BRN-RX-ocala.webp\",\"datePublished\":\"2025-07-07T08:55:31+00:00\",\"dateModified\":\"2026-01-22T13:18:47+00:00\",\"description\":\"Kolesarska o\u010dala BRN RX BRN RX Wide o\u010dala predstavljajo vrhunsko tehnologijo v svojem razredu. Izdelana so iz 3\u00a0polikarbonatnih le\u010d, ki so odporne na udarce\",\"breadcrumb\":{\"@id\":\"https:\\\/\\\/www.sportshine.eu\\\/trgovina\\\/kolesarska-ocala-brn-rx\\\/#breadcrumb\"},\"inLanguage\":\"en-GB\",\"potentialAction\":[{\"@type\":\"ReadAction\",\"target\":[\"https:\\\/\\\/www.sportshine.eu\\\/trgovina\\\/kolesarska-ocala-brn-rx\\\/\"]}]},{\"@type\":\"ImageObject\",\"inLanguage\":\"en-GB\",\"@id\":\"https:\\\/\\\/www.sportshine.eu\\\/trgovina\\\/kolesarska-ocala-brn-rx\\\/#primaryimage\",\"url\":\"https:\\\/\\\/www.sportshine.eu\\\/wp-content\\\/uploads\\\/2025\\\/07\\\/BRN-RX-ocala.webp\",\"contentUrl\":\"https:\\\/\\\/www.sportshine.eu\\\/wp-content\\\/uploads\\\/2025\\\/07\\\/BRN-RX-ocala.webp\",\"width\":800,\"height\":800},{\"@type\":\"BreadcrumbList\",\"@id\":\"https:\\\/\\\/www.sportshine.eu\\\/trgovina\\\/kolesarska-ocala-brn-rx\\\/#breadcrumb\",\"itemListElement\":[{\"@type\":\"ListItem\",\"position\":1,\"name\":\"Home\",\"item\":\"https:\\\/\\\/www.sportshine.eu\\\/\"},{\"@type\":\"ListItem\",\"position\":2,\"name\":\"Trgovina\",\"item\":\"https:\\\/\\\/www.sportshine.eu\\\/trgovina\\\/\"},{\"@type\":\"ListItem\",\"position\":3,\"name\":\"Kolesarska o\u010dala BRN RX\"}]},{\"@type\":\"WebSite\",\"@id\":\"https:\\\/\\\/www.sportshine.eu\\\/#website\",\"url\":\"https:\\\/\\\/www.sportshine.eu\\\/\",\"name\":\"Sportshine\",\"description\":\"Top spletna trgovina kolesarskih in naglavnih svetilk ter opreme\",\"publisher\":{\"@id\":\"https:\\\/\\\/www.sportshine.eu\\\/#organization\"},\"potentialAction\":[{\"@type\":\"SearchAction\",\"target\":{\"@type\":\"EntryPoint\",\"urlTemplate\":\"https:\\\/\\\/www.sportshine.eu\\\/?s={search_term_string}\"},\"query-input\":{\"@type\":\"PropertyValueSpecification\",\"valueRequired\":true,\"valueName\":\"search_term_string\"}}],\"inLanguage\":\"en-GB\"},{\"@type\":\"Organization\",\"@id\":\"https:\\\/\\\/www.sportshine.eu\\\/#organization\",\"name\":\"Sportshine\",\"url\":\"https:\\\/\\\/www.sportshine.eu\\\/\",\"logo\":{\"@type\":\"ImageObject\",\"inLanguage\":\"en-GB\",\"@id\":\"https:\\\/\\\/www.sportshine.eu\\\/#\\\/schema\\\/logo\\\/image\\\/\",\"url\":\"https:\\\/\\\/www.sportshine.eu\\\/wp-content\\\/uploads\\\/2026\\\/01\\\/cropped-Sportshine.webp\",\"contentUrl\":\"https:\\\/\\\/www.sportshine.eu\\\/wp-content\\\/uploads\\\/2026\\\/01\\\/cropped-Sportshine.webp\",\"width\":295,\"height\":128,\"caption\":\"Sportshine\"},\"image\":{\"@id\":\"https:\\\/\\\/www.sportshine.eu\\\/#\\\/schema\\\/logo\\\/image\\\/\"},\"sameAs\":[\"https:\\\/\\\/www.facebook.com\\\/sportshine.eu\\\/\"]}]}<\/script>\n<!-- \/ Yoast SEO plugin. -->","yoast_head_json":{"title":"BRN RX cycling glasses","description":"BRN RX Wide cycling glasses represent the best technology in their class. They are made of 3 impact-resistant polycarbonate lenses.","robots":{"index":"index","follow":"follow","max-snippet":"max-snippet:-1","max-image-preview":"max-image-preview:large","max-video-preview":"max-video-preview:-1"},"canonical":"https:\/\/www.sportshine.eu\/en\/shop\/cycling-glasses-brn-rx\/","og_locale":"en_GB","og_type":"article","og_title":"Kolesarska o\u010dala BRN RX","og_description":"Kolesarska o\u010dala BRN RX BRN RX Wide o\u010dala predstavljajo vrhunsko tehnologijo v svojem razredu. Izdelana so iz 3\u00a0polikarbonatnih le\u010d, ki so odporne na udarce","og_url":"https:\/\/www.sportshine.eu\/en\/shop\/cycling-glasses-brn-rx\/","og_site_name":"Sportshine","article_publisher":"https:\/\/www.facebook.com\/sportshine.eu\/","article_modified_time":"2026-01-22T13:18:47+00:00","og_image":[{"width":800,"height":800,"url":"https:\/\/www.sportshine.eu\/wp-content\/uploads\/2025\/07\/BRN-RX-ocala.webp","type":"image\/webp"}],"twitter_card":"summary_large_image","twitter_misc":{"Estimated reading time":"1 minute"},"schema":{"@context":"https:\/\/schema.org","@graph":[{"@type":"WebPage","@id":"https:\/\/www.sportshine.eu\/trgovina\/kolesarska-ocala-brn-rx\/","url":"https:\/\/www.sportshine.eu\/trgovina\/kolesarska-ocala-brn-rx\/","name":"BRN RX cycling glasses","isPartOf":{"@id":"https:\/\/www.sportshine.eu\/#website"},"primaryImageOfPage":{"@id":"https:\/\/www.sportshine.eu\/trgovina\/kolesarska-ocala-brn-rx\/#primaryimage"},"image":{"@id":"https:\/\/www.sportshine.eu\/trgovina\/kolesarska-ocala-brn-rx\/#primaryimage"},"thumbnailUrl":"https:\/\/www.sportshine.eu\/wp-content\/uploads\/2025\/07\/BRN-RX-ocala.webp","datePublished":"2025-07-07T08:55:31+00:00","dateModified":"2026-01-22T13:18:47+00:00","description":"BRN RX Wide cycling glasses represent the best technology in their class. They are made of 3 impact-resistant polycarbonate lenses.","breadcrumb":{"@id":"https:\/\/www.sportshine.eu\/trgovina\/kolesarska-ocala-brn-rx\/#breadcrumb"},"inLanguage":"en-GB","potentialAction":[{"@type":"ReadAction","target":["https:\/\/www.sportshine.eu\/trgovina\/kolesarska-ocala-brn-rx\/"]}]},{"@type":"ImageObject","inLanguage":"en-GB","@id":"https:\/\/www.sportshine.eu\/trgovina\/kolesarska-ocala-brn-rx\/#primaryimage","url":"https:\/\/www.sportshine.eu\/wp-content\/uploads\/2025\/07\/BRN-RX-ocala.webp","contentUrl":"https:\/\/www.sportshine.eu\/wp-content\/uploads\/2025\/07\/BRN-RX-ocala.webp","width":800,"height":800},{"@type":"BreadcrumbList","@id":"https:\/\/www.sportshine.eu\/trgovina\/kolesarska-ocala-brn-rx\/#breadcrumb","itemListElement":[{"@type":"ListItem","position":1,"name":"Home","item":"https:\/\/www.sportshine.eu\/"},{"@type":"ListItem","position":2,"name":"Trgovina","item":"https:\/\/www.sportshine.eu\/trgovina\/"},{"@type":"ListItem","position":3,"name":"Kolesarska o\u010dala BRN RX"}]},{"@type":"WebSite","@id":"https:\/\/www.sportshine.eu\/#website","url":"https:\/\/www.sportshine.eu\/","name":"Sportshine","description":"Top online store for cycling and head lamps and equipment","publisher":{"@id":"https:\/\/www.sportshine.eu\/#organization"},"potentialAction":[{"@type":"SearchAction","target":{"@type":"EntryPoint","urlTemplate":"https:\/\/www.sportshine.eu\/?s={search_term_string}"},"query-input":{"@type":"PropertyValueSpecification","valueRequired":true,"valueName":"search_term_string"}}],"inLanguage":"en-GB"},{"@type":"Organization","@id":"https:\/\/www.sportshine.eu\/#organization","name":"Sportshine","url":"https:\/\/www.sportshine.eu\/","logo":{"@type":"ImageObject","inLanguage":"en-GB","@id":"https:\/\/www.sportshine.eu\/#\/schema\/logo\/image\/","url":"https:\/\/www.sportshine.eu\/wp-content\/uploads\/2026\/01\/cropped-Sportshine.webp","contentUrl":"https:\/\/www.sportshine.eu\/wp-content\/uploads\/2026\/01\/cropped-Sportshine.webp","width":295,"height":128,"caption":"Sportshine"},"image":{"@id":"https:\/\/www.sportshine.eu\/#\/schema\/logo\/image\/"},"sameAs":["https:\/\/www.facebook.com\/sportshine.eu\/"]}]}},"_links":{"self":[{"href":"https:\/\/www.sportshine.eu\/en\/wp-json\/wp\/v2\/product\/6604","targetHints":{"allow":["GET"]}}],"collection":[{"href":"https:\/\/www.sportshine.eu\/en\/wp-json\/wp\/v2\/product"}],"about":[{"href":"https:\/\/www.sportshine.eu\/en\/wp-json\/wp\/v2\/types\/product"}],"replies":[{"embeddable":true,"href":"https:\/\/www.sportshine.eu\/en\/wp-json\/wp\/v2\/comments?post=6604"}],"version-history":[{"count":0,"href":"https:\/\/www.sportshine.eu\/en\/wp-json\/wp\/v2\/product\/6604\/revisions"}],"wp:featuredmedia":[{"embeddable":true,"href":"https:\/\/www.sportshine.eu\/en\/wp-json\/wp\/v2\/media\/5343"}],"wp:attachment":[{"href":"https:\/\/www.sportshine.eu\/en\/wp-json\/wp\/v2\/media?parent=6604"}],"wp:term":[{"taxonomy":"product_brand","embeddable":true,"href":"https:\/\/www.sportshine.eu\/en\/wp-json\/wp\/v2\/product_brand?post=6604"},{"taxonomy":"product_cat","embeddable":true,"href":"https:\/\/www.sportshine.eu\/en\/wp-json\/wp\/v2\/product_cat?post=6604"},{"taxonomy":"product_tag","embeddable":true,"href":"https:\/\/www.sportshine.eu\/en\/wp-json\/wp\/v2\/product_tag?post=6604"}],"curies":[{"name":"wp","href":"https:\/\/api.w.org\/{rel}","templated":true}]}}